{"id":11629,"date":"2024-06-26T02:18:16","date_gmt":"2024-06-26T00:18:16","guid":{"rendered":"https:\/\/aquaforest.eu\/products\/bez-kategorii\/af-vege-clip\/"},"modified":"2025-02-12T15:39:39","modified_gmt":"2025-02-12T14:39:39","slug":"af-vege-clip","status":"publish","type":"product","link":"https:\/\/aquaforest.eu\/pl\/produkty\/seawater\/pokarmy-i-suplementacja\/af-vege-clip\/","title":{"rendered":"AF Vege Clip"},"content":{"rendered":"<p>Pokarm dostarcza niezb\u0119dnych witamin i minera\u0142\u00f3w. <b>Algi b\u0119d\u0105ce cz\u0119\u015bci\u0105 sk\u0142adu, zosta\u0142y dodatkowo wzbogacone fitoplanktonem<\/b>, dzi\u0119ki czemu pokarm ten mo\u017ce stanowi\u0107 kompletn\u0105, bogat\u0105 w nienasycone kwasy t\u0142uszczowe, <b>zbilansowan\u0105 diet\u0119\u0328 dla wszystkich rodzaj\u00f3w ryb<\/b>. Zapewni ona szybszy i wi\u0119kszy wzrost.<br \/>\nAF Vege Clip to pokarm, kt\u00f3ry sk\u0142ada si\u0119 a\u017c w 80% z produkt\u00f3w pochodzenia ro\u015blinnego!<br \/>\nFormu\u0142a pokarmu zosta\u0142a <b>wzbogacona o zestaw witamin i minera\u0142\u00f3w<\/b>, kt\u00f3rych zadaniem jest <b>wspieranie uk\u0142adu odporno\u015bciowego<\/b> oraz <b>zmniejszenie ryzyka wyst\u0105pienia wad rozwojowych<\/b> u dorastaj\u0105cych osobnik\u00f3w.<br \/>\nProdukt ten ma <b>wysoki wp\u0142yw na kondycj\u0119, odporno\u015b\u0107 i wybarwienie ryb.<\/b><br \/>\nPokarm <b>wyposa\u017cony jest w specjalny klips, kt\u00f3ry zapewnia \u0142atwe i trwa\u0142e mocowanie kr\u0105\u017cka na szybie akwarium<\/b>. Stopniowe uwalnianie po\u017cywienia u\u0142atwia \u017cerowanie wszelkim gatunkom zwierz\u0105t akwariowych, w\u0142\u0105cznie z tymi najmniejszymi.<br \/>\n<b>Symulacja naturalnego \u017ar\u00f3d\u0142a po\u017cywienia<\/b> pozwala obserwowa\u0107 obsad\u0119 Twojego akwarium w pe\u0142nej okaza\u0142o\u015bci!<\/p>\n<p>&nbsp;<\/p>\n<p><strong>\u015arednica:\u00a0<\/strong>3 cm<\/p>\n<p>&nbsp;<\/p>\n<hr \/>\n<p>&nbsp;<\/p>\n<p><strong>Co sprawia, \u017ce ten produkt jest wyj\u0105tkowy:<\/strong><\/p>\n<ul>\n<li>Pokarm dla ryb ro\u015blino\u017cernych i wszystko\u017cernych<\/li>\n<li>Produkt w formie kr\u0105\u017cka mocowanego na klipsie<\/li>\n<li>Stworzony z naturalnych sk\u0142adnik\u00f3w najwy\u017cszej jako\u015bci<\/li>\n<li>Zbilansowany i pe\u0142nowarto\u015bciowy sk\u0142ad<\/li>\n<li>Nie rozpada si\u0119 pod wp\u0142ywem wody<\/li>\n<li>Wzbogacony o witaminy i minera\u0142y<\/li>\n<li>Zmniejsza ryzyko wyst\u0105pienia wad rozwojowych u dorastaj\u0105cych osobnik\u00f3w<\/li>\n<li>Zawiera specjalny, \u0142atwy w monta\u017cu klips do mocowania na szybie<\/li>\n<\/ul>\n<p>Produkt ten jest do zastosowania wy\u0142\u0105cznie w akwarystyce. Przechowywa\u0107 w suchym i ch\u0142odnym miejscu. Chroni\u0107 przed dzie\u0107mi.<\/p>\n<p>&nbsp;<\/p>\n<hr \/>\n<h4 data-fontsize=\"16\" data-lineheight=\"24px\"><\/h4>\n<h4 class=\"fusion-tab-heading fusion-responsive-typography-calculated\" data-fontsize=\"16\" data-lineheight=\"24px\">Sk\u0142adniki i zastosowanie<\/h4>\n<p><strong>Przechowywanie: <\/strong>Przechowywa\u0107 szczelnie zamkni\u0119te w suchym miejscu niedost\u0119pnym dla dzieci.<br \/>\n<strong>Sk\u0142ad:<\/strong> algi, pochodne ryb, minera\u0142y, oleje i t\u0142uszcze.<br \/>\n<strong>Dodatki:<\/strong> Witamina A 15000 I.U.\/kg, witamina D3 3000 I.U.\/kg, witamina E 1000 I.U.\/kg, witamina C 1000 mg\/kg.<br \/>\n<strong>Spos\u00f3b u\u017cycia: <\/strong>Umie\u015b\u0107 pokarm w do\u0142\u0105czonym klipsie, a nast\u0119pnie przymocuj w wybranym miejscu w akwarium.<\/p>\n","protected":false},"excerpt":{"rendered":"<p>Pokarm dla ryb z klipsem do mocowania na szybie.<br \/>\nDedykowany pokarm dla ryb ro\u015blino\u017cernych i wszystko\u017cernych, dostarczaj\u0105cy niezb\u0119dnych witamin i minera\u0142\u00f3w.<\/p>\n","protected":false},"featured_media":11633,"template":"","meta":{"_acf_changed":false,"content-type":""},"product_brand":[],"product_cat":[1151],"product_tag":[967,1569,1568,1421],"class_list":{"0":"post-11629","1":"product","2":"type-product","3":"status-publish","4":"has-post-thumbnail","6":"product_cat-pokarmy-i-suplementacja","7":"product_tag-aquaforest-pl","8":"product_tag-foods-and-supplementation-pl","9":"product_tag-seawater-aquatic-pl","10":"product_tag-simple-pl","12":"first","13":"instock","14":"taxable","15":"shipping-taxable","16":"purchasable","17":"product-type-simple"},"acf":[],"yoast_head":"<!-- This site is optimized with the Yoast SEO plugin v27.1.1 - https:\/\/yoast.com\/product\/yoast-seo-wordpress\/ -->\n<title>AF Vege Clip - Aquaforest<\/title>\n<meta name=\"description\" content=\"AF Vege Clip firmy Aquaforest: innowacyjny klips do mocowania pokarm\u00f3w ro\u015blinnych w akwarium. Niezawodna formu\u0142a dla \u0142atwego karmienia i zdrowego wzrostu ryb.\" \/>\n<meta name=\"robots\" content=\"index, follow, max-snippet:-1, max-image-preview:large, max-video-preview:-1\" \/>\n<link rel=\"canonical\" href=\"https:\/\/aquaforest.eu\/pl\/produkty\/seawater\/pokarmy-i-suplementacja\/af-vege-clip\/\" \/>\n<meta property=\"og:locale\" content=\"pl_PL\" \/>\n<meta property=\"og:type\" content=\"article\" \/>\n<meta property=\"og:title\" content=\"AF Vege Clip - Aquaforest\" \/>\n<meta property=\"og:description\" content=\"AF Vege Clip firmy Aquaforest: innowacyjny klips do mocowania pokarm\u00f3w ro\u015blinnych w akwarium. Niezawodna formu\u0142a dla \u0142atwego karmienia i zdrowego wzrostu ryb.\" \/>\n<meta property=\"og:url\" content=\"https:\/\/aquaforest.eu\/pl\/produkty\/seawater\/pokarmy-i-suplementacja\/af-vege-clip\/\" \/>\n<meta property=\"og:site_name\" content=\"Aquaforest\" \/>\n<meta property=\"article:publisher\" content=\"https:\/\/www.facebook.com\/Aquaforest\/\" \/>\n<meta property=\"article:modified_time\" content=\"2025-02-12T14:39:39+00:00\" \/>\n<meta property=\"og:image\" content=\"https:\/\/aquaforest.eu\/wp-content\/uploads\/2024\/06\/AF-Vege-Clip.png\" \/>\n\t<meta property=\"og:image:width\" content=\"462\" \/>\n\t<meta property=\"og:image:height\" content=\"600\" \/>\n\t<meta property=\"og:image:type\" content=\"image\/png\" \/>\n<meta name=\"twitter:card\" content=\"summary_large_image\" \/>\n<meta name=\"twitter:label1\" content=\"Szacowany czas czytania\" \/>\n\t<meta name=\"twitter:data1\" content=\"2 minuty\" \/>\n<script type=\"application\/ld+json\" class=\"yoast-schema-graph\">{\"@context\":\"https:\/\/schema.org\",\"@graph\":[{\"@type\":\"WebPage\",\"@id\":\"https:\/\/aquaforest.eu\/pl\/produkty\/seawater\/pokarmy-i-suplementacja\/af-vege-clip\/\",\"url\":\"https:\/\/aquaforest.eu\/pl\/produkty\/seawater\/pokarmy-i-suplementacja\/af-vege-clip\/\",\"name\":\"AF Vege Clip - Aquaforest\",\"isPartOf\":{\"@id\":\"https:\/\/aquaforest.eu\/pl\/#website\"},\"primaryImageOfPage\":{\"@id\":\"https:\/\/aquaforest.eu\/pl\/produkty\/seawater\/pokarmy-i-suplementacja\/af-vege-clip\/#primaryimage\"},\"image\":{\"@id\":\"https:\/\/aquaforest.eu\/pl\/produkty\/seawater\/pokarmy-i-suplementacja\/af-vege-clip\/#primaryimage\"},\"thumbnailUrl\":\"https:\/\/aquaforest.eu\/wp-content\/uploads\/2024\/06\/AF-Vege-Clip.png\",\"datePublished\":\"2024-06-26T00:18:16+00:00\",\"dateModified\":\"2025-02-12T14:39:39+00:00\",\"description\":\"AF Vege Clip firmy Aquaforest: innowacyjny klips do mocowania pokarm\u00f3w ro\u015blinnych w akwarium. Niezawodna formu\u0142a dla \u0142atwego karmienia i zdrowego wzrostu ryb.\",\"breadcrumb\":{\"@id\":\"https:\/\/aquaforest.eu\/pl\/produkty\/seawater\/pokarmy-i-suplementacja\/af-vege-clip\/#breadcrumb\"},\"inLanguage\":\"pl-PL\",\"potentialAction\":[{\"@type\":\"ReadAction\",\"target\":[\"https:\/\/aquaforest.eu\/pl\/produkty\/seawater\/pokarmy-i-suplementacja\/af-vege-clip\/\"]}]},{\"@type\":\"ImageObject\",\"inLanguage\":\"pl-PL\",\"@id\":\"https:\/\/aquaforest.eu\/pl\/produkty\/seawater\/pokarmy-i-suplementacja\/af-vege-clip\/#primaryimage\",\"url\":\"https:\/\/aquaforest.eu\/wp-content\/uploads\/2024\/06\/AF-Vege-Clip.png\",\"contentUrl\":\"https:\/\/aquaforest.eu\/wp-content\/uploads\/2024\/06\/AF-Vege-Clip.png\",\"width\":462,\"height\":600},{\"@type\":\"BreadcrumbList\",\"@id\":\"https:\/\/aquaforest.eu\/pl\/produkty\/seawater\/pokarmy-i-suplementacja\/af-vege-clip\/#breadcrumb\",\"itemListElement\":[{\"@type\":\"ListItem\",\"position\":1,\"name\":\"Home\",\"item\":\"https:\/\/aquaforest.eu\/pl\/\"},{\"@type\":\"ListItem\",\"position\":2,\"name\":\"Produkty\",\"item\":\"https:\/\/aquaforest.eu\/pl\/produkty\/\"},{\"@type\":\"ListItem\",\"position\":3,\"name\":\"AF Vege Clip\"}]},{\"@type\":\"WebSite\",\"@id\":\"https:\/\/aquaforest.eu\/pl\/#website\",\"url\":\"https:\/\/aquaforest.eu\/pl\/\",\"name\":\"Aquaforest\",\"description\":\"\",\"publisher\":{\"@id\":\"https:\/\/aquaforest.eu\/pl\/#organization\"},\"potentialAction\":[{\"@type\":\"SearchAction\",\"target\":{\"@type\":\"EntryPoint\",\"urlTemplate\":\"https:\/\/aquaforest.eu\/pl\/?s={search_term_string}\"},\"query-input\":{\"@type\":\"PropertyValueSpecification\",\"valueRequired\":true,\"valueName\":\"search_term_string\"}}],\"inLanguage\":\"pl-PL\"},{\"@type\":\"Organization\",\"@id\":\"https:\/\/aquaforest.eu\/pl\/#organization\",\"name\":\"Aquaforest\",\"url\":\"https:\/\/aquaforest.eu\/pl\/\",\"logo\":{\"@type\":\"ImageObject\",\"inLanguage\":\"pl-PL\",\"@id\":\"https:\/\/aquaforest.eu\/pl\/#\/schema\/logo\/image\/\",\"url\":\"https:\/\/aquaforest.eu\/wp-content\/uploads\/2024\/05\/logotyp-aquaforest.svg\",\"contentUrl\":\"https:\/\/aquaforest.eu\/wp-content\/uploads\/2024\/05\/logotyp-aquaforest.svg\",\"width\":170,\"height\":22,\"caption\":\"Aquaforest\"},\"image\":{\"@id\":\"https:\/\/aquaforest.eu\/pl\/#\/schema\/logo\/image\/\"},\"sameAs\":[\"https:\/\/www.facebook.com\/Aquaforest\/\",\"https:\/\/www.instagram.com\/aquaforest.eu\/\"]}]}<\/script>\n<!-- \/ Yoast SEO plugin. -->","yoast_head_json":{"title":"AF Vege Clip - Aquaforest","description":"AF Vege Clip firmy Aquaforest: innowacyjny klips do mocowania pokarm\u00f3w ro\u015blinnych w akwarium. Niezawodna formu\u0142a dla \u0142atwego karmienia i zdrowego wzrostu ryb.","robots":{"index":"index","follow":"follow","max-snippet":"max-snippet:-1","max-image-preview":"max-image-preview:large","max-video-preview":"max-video-preview:-1"},"canonical":"https:\/\/aquaforest.eu\/pl\/produkty\/seawater\/pokarmy-i-suplementacja\/af-vege-clip\/","og_locale":"pl_PL","og_type":"article","og_title":"AF Vege Clip - Aquaforest","og_description":"AF Vege Clip firmy Aquaforest: innowacyjny klips do mocowania pokarm\u00f3w ro\u015blinnych w akwarium. Niezawodna formu\u0142a dla \u0142atwego karmienia i zdrowego wzrostu ryb.","og_url":"https:\/\/aquaforest.eu\/pl\/produkty\/seawater\/pokarmy-i-suplementacja\/af-vege-clip\/","og_site_name":"Aquaforest","article_publisher":"https:\/\/www.facebook.com\/Aquaforest\/","article_modified_time":"2025-02-12T14:39:39+00:00","og_image":[{"width":462,"height":600,"url":"https:\/\/aquaforest.eu\/wp-content\/uploads\/2024\/06\/AF-Vege-Clip.png","type":"image\/png"}],"twitter_card":"summary_large_image","twitter_misc":{"Szacowany czas czytania":"2 minuty"},"schema":{"@context":"https:\/\/schema.org","@graph":[{"@type":"WebPage","@id":"https:\/\/aquaforest.eu\/pl\/produkty\/seawater\/pokarmy-i-suplementacja\/af-vege-clip\/","url":"https:\/\/aquaforest.eu\/pl\/produkty\/seawater\/pokarmy-i-suplementacja\/af-vege-clip\/","name":"AF Vege Clip - Aquaforest","isPartOf":{"@id":"https:\/\/aquaforest.eu\/pl\/#website"},"primaryImageOfPage":{"@id":"https:\/\/aquaforest.eu\/pl\/produkty\/seawater\/pokarmy-i-suplementacja\/af-vege-clip\/#primaryimage"},"image":{"@id":"https:\/\/aquaforest.eu\/pl\/produkty\/seawater\/pokarmy-i-suplementacja\/af-vege-clip\/#primaryimage"},"thumbnailUrl":"https:\/\/aquaforest.eu\/wp-content\/uploads\/2024\/06\/AF-Vege-Clip.png","datePublished":"2024-06-26T00:18:16+00:00","dateModified":"2025-02-12T14:39:39+00:00","description":"AF Vege Clip firmy Aquaforest: innowacyjny klips do mocowania pokarm\u00f3w ro\u015blinnych w akwarium. Niezawodna formu\u0142a dla \u0142atwego karmienia i zdrowego wzrostu ryb.","breadcrumb":{"@id":"https:\/\/aquaforest.eu\/pl\/produkty\/seawater\/pokarmy-i-suplementacja\/af-vege-clip\/#breadcrumb"},"inLanguage":"pl-PL","potentialAction":[{"@type":"ReadAction","target":["https:\/\/aquaforest.eu\/pl\/produkty\/seawater\/pokarmy-i-suplementacja\/af-vege-clip\/"]}]},{"@type":"ImageObject","inLanguage":"pl-PL","@id":"https:\/\/aquaforest.eu\/pl\/produkty\/seawater\/pokarmy-i-suplementacja\/af-vege-clip\/#primaryimage","url":"https:\/\/aquaforest.eu\/wp-content\/uploads\/2024\/06\/AF-Vege-Clip.png","contentUrl":"https:\/\/aquaforest.eu\/wp-content\/uploads\/2024\/06\/AF-Vege-Clip.png","width":462,"height":600},{"@type":"BreadcrumbList","@id":"https:\/\/aquaforest.eu\/pl\/produkty\/seawater\/pokarmy-i-suplementacja\/af-vege-clip\/#breadcrumb","itemListElement":[{"@type":"ListItem","position":1,"name":"Home","item":"https:\/\/aquaforest.eu\/pl\/"},{"@type":"ListItem","position":2,"name":"Produkty","item":"https:\/\/aquaforest.eu\/pl\/produkty\/"},{"@type":"ListItem","position":3,"name":"AF Vege Clip"}]},{"@type":"WebSite","@id":"https:\/\/aquaforest.eu\/pl\/#website","url":"https:\/\/aquaforest.eu\/pl\/","name":"Aquaforest","description":"","publisher":{"@id":"https:\/\/aquaforest.eu\/pl\/#organization"},"potentialAction":[{"@type":"SearchAction","target":{"@type":"EntryPoint","urlTemplate":"https:\/\/aquaforest.eu\/pl\/?s={search_term_string}"},"query-input":{"@type":"PropertyValueSpecification","valueRequired":true,"valueName":"search_term_string"}}],"inLanguage":"pl-PL"},{"@type":"Organization","@id":"https:\/\/aquaforest.eu\/pl\/#organization","name":"Aquaforest","url":"https:\/\/aquaforest.eu\/pl\/","logo":{"@type":"ImageObject","inLanguage":"pl-PL","@id":"https:\/\/aquaforest.eu\/pl\/#\/schema\/logo\/image\/","url":"https:\/\/aquaforest.eu\/wp-content\/uploads\/2024\/05\/logotyp-aquaforest.svg","contentUrl":"https:\/\/aquaforest.eu\/wp-content\/uploads\/2024\/05\/logotyp-aquaforest.svg","width":170,"height":22,"caption":"Aquaforest"},"image":{"@id":"https:\/\/aquaforest.eu\/pl\/#\/schema\/logo\/image\/"},"sameAs":["https:\/\/www.facebook.com\/Aquaforest\/","https:\/\/www.instagram.com\/aquaforest.eu\/"]}]}},"_links":{"self":[{"href":"https:\/\/aquaforest.eu\/pl\/wp-json\/wp\/v2\/product\/11629","targetHints":{"allow":["GET"]}}],"collection":[{"href":"https:\/\/aquaforest.eu\/pl\/wp-json\/wp\/v2\/product"}],"about":[{"href":"https:\/\/aquaforest.eu\/pl\/wp-json\/wp\/v2\/types\/product"}],"version-history":[{"count":1,"href":"https:\/\/aquaforest.eu\/pl\/wp-json\/wp\/v2\/product\/11629\/revisions"}],"predecessor-version":[{"id":21365,"href":"https:\/\/aquaforest.eu\/pl\/wp-json\/wp\/v2\/product\/11629\/revisions\/21365"}],"wp:featuredmedia":[{"embeddable":true,"href":"https:\/\/aquaforest.eu\/pl\/wp-json\/wp\/v2\/media\/11633"}],"wp:attachment":[{"href":"https:\/\/aquaforest.eu\/pl\/wp-json\/wp\/v2\/media?parent=11629"}],"wp:term":[{"taxonomy":"product_brand","embeddable":true,"href":"https:\/\/aquaforest.eu\/pl\/wp-json\/wp\/v2\/product_brand?post=11629"},{"taxonomy":"product_cat","embeddable":true,"href":"https:\/\/aquaforest.eu\/pl\/wp-json\/wp\/v2\/product_cat?post=11629"},{"taxonomy":"product_tag","embeddable":true,"href":"https:\/\/aquaforest.eu\/pl\/wp-json\/wp\/v2\/product_tag?post=11629"}],"curies":[{"name":"wp","href":"https:\/\/api.w.org\/{rel}","templated":true}]}}