{"id":11634,"date":"2024-06-26T02:18:16","date_gmt":"2024-06-26T00:18:16","guid":{"rendered":"https:\/\/aquaforest.eu\/products\/bez-kategorii\/af-tiny-fish-feed\/"},"modified":"2025-02-12T15:51:17","modified_gmt":"2025-02-12T14:51:17","slug":"af-tiny-fish-feed","status":"publish","type":"product","link":"https:\/\/aquaforest.eu\/pl\/produkty\/seawater\/pokarmy-i-suplementacja\/af-tiny-fish-feed\/","title":{"rendered":"AF Tiny Fish Feed"},"content":{"rendered":"<p><span style=\"color: #000000;\">Podstawowy, zbilansowany <b>pokarm dla niedu\u017cych ryb morskich<\/b>, w postaci drobnych granulek, wielko\u015bci 1 mm. <\/span><span style=\"color: #000000;\"><b>Wysokobia\u0142kowy pokarm, stymuluje prawid\u0142owy wzrost<\/b> oraz <b>buduj\u0105 odporno\u015b\u0107, zmniejszaj\u0105 ryzyko pojawienia si\u0119 wad rozwojowych. <\/b><\/span><span style=\"color: #000000;\">Zawarto\u015b\u0107 <b>tapioki wspomaga prawid\u0142owe funkcjonowanie uk\u0142adu sercowo-naczyniowego, mi\u0119\u015bniowego i nerwowego<\/b>. <\/span><span style=\"color: #000000;\">Pokarm zawiera <b>wysokiej jako\u015bci t\u0142uszcze i oleje zwierz\u0119ce<\/b>, odpowiadaj\u0105ce za <b>wzmocnienie uk\u0142adu odporno\u015bciowego, wspiera wszystkie procesy fizjologiczne<\/b> oraz inne wa\u017cne funkcje organizmu.<\/span><\/p>\n<p>&nbsp;<\/p>\n<p><strong>Wielko\u015b\u0107 granulatu:<\/strong> 1 mm<\/p>\n<p>&nbsp;<\/p>\n<hr \/>\n<p>&nbsp;<\/p>\n<p><span style=\"color: #000000;\"><strong>Co sprawia, \u017ce produkt ten jest wyj\u0105tkowy:<\/strong><\/span><\/p>\n<ul>\n<li><span style=\"color: #000000;\">Pokarm w mi\u0119kkich granulkach dla drobnych ryb ozdobnych<\/span><\/li>\n<li><span style=\"color: #000000;\">Pe\u0142nowarto\u015bciowy i \u0142atwo przyswajalny sk\u0142ad<\/span><\/li>\n<li><span style=\"color: #000000;\">Bogaty we wspieraj\u0105ce zdrowie i odporno\u015b\u0107 witaminy i minera\u0142y<\/span><\/li>\n<li><span style=\"color: #000000;\">Mo\u017ce stanowi\u0107 podstaw\u0119 diety<\/span><\/li>\n<li><span style=\"color: #000000;\">Stworzony z naturalnych sk\u0142adnik\u00f3w<\/span><\/li>\n<li><span style=\"color: #000000;\">Wspiera wszystkie procesy fizjologiczne w organizmie<\/span><\/li>\n<li><span style=\"color: #000000;\">Wzmacnia uk\u0142ad odporno\u015bciowy<\/span><\/li>\n<li><span style=\"color: #000000;\">Wspomaga prawid\u0142owe funkcjonowanie uk\u0142adu sercowo-naczyniowego, mi\u0119\u015bniowego i nerwowego<\/span><\/li>\n<li><span style=\"color: #000000;\">Zmniejsza ryzyko pojawienia si\u0119 wad rozwojowych<\/span><\/li>\n<li><span style=\"color: #000000;\">Dopasowany do karmide\u0142 automatycznych<\/span><\/li>\n<\/ul>\n<p><span style=\"color: #000000;\">Produkt do u\u017cytku w akwariach. <\/span><span style=\"color: #000000;\">Nie nadaje si\u0119 do spo\u017cycia przez ludzi. <\/span><span style=\"color: #000000;\">Przechowywa\u0107 w suchym i ch\u0142odnym miejscu, z dala od dzieci.<\/span><\/p>\n<p>&nbsp;<\/p>\n<hr \/>\n<h4 data-fontsize=\"16\" data-lineheight=\"24px\"><\/h4>\n<h4 class=\"fusion-tab-heading fusion-responsive-typography-calculated\" data-fontsize=\"16\" data-lineheight=\"24px\"><span style=\"color: #000000;\">Sk\u0142adniki i dawkowanie<\/span><\/h4>\n<p><span style=\"color: #000000;\"><strong>Sk\u0142adniki:<\/strong> ryby i pochodne ryb, bia\u0142ko ro\u015blinne, tapioka, olej rybny, przeciwutleniacze.<\/span><br \/>\n<span style=\"color: #000000;\"><strong>Dodatki:<\/strong> wit. <\/span><span style=\"color: #000000;\">A 20,000 IU\/kg, wit. <\/span><span style=\"color: #000000;\">C 800 mg\/kg, wit. <\/span><span style=\"color: #000000;\">E 320 mg\/kg, wit. <\/span><span style=\"color: #000000;\">D3 1800 IU\/kg, \u017celazo 46 mg\/kg, jod 2 mg\/kg, mied\u017a 4 mg\/kg, mangan 29 mg\/kg, cynk 96 mg\/kg. <\/span><\/p>\n<p><span style=\"color: #000000;\"><strong>Sk\u0142adniki analityczne:<\/strong> bia\u0142ko surowe 44%, t\u0142uszcz surowy 12,8%, w\u0142\u00f3kno surowe 1,2%, popi\u00f3\u0142 surowy 6%, wilgotno\u015b\u0107 29,2%. <\/span><\/p>\n<p><span style=\"color: #000000;\"><strong>Dawkowanie: <\/strong>Podawa\u0107 kilka razy dziennie w ma\u0142ych porcjach. <\/span><span style=\"color: #000000;\">Aby zapewni\u0107 najlepsze od\u017cywianie ryb, zaleca si\u0119 podawanie AF Tiny Fish Feed na przemian z innymi pokarmami marki Aquaforest.<\/span><\/p>\n","protected":false},"excerpt":{"rendered":"<p>Pokarm dla ma\u0142ych ryb i narybku. Ten wysokobia\u0142kowy pokarm stymuluje prawid\u0142owy wzrost i buduje odporno\u015b\u0107.<\/p>\n","protected":false},"featured_media":11774,"template":"","meta":{"_acf_changed":false,"content-type":""},"product_brand":[],"product_cat":[1151],"product_tag":[967,1569,1568,1421],"class_list":{"0":"post-11634","1":"product","2":"type-product","3":"status-publish","4":"has-post-thumbnail","6":"product_cat-pokarmy-i-suplementacja","7":"product_tag-aquaforest-pl","8":"product_tag-foods-and-supplementation-pl","9":"product_tag-seawater-aquatic-pl","10":"product_tag-simple-pl","12":"first","13":"instock","14":"taxable","15":"shipping-taxable","16":"purchasable","17":"product-type-simple"},"acf":[],"yoast_head":"<!-- This site is optimized with the Yoast SEO plugin v27.1.1 - https:\/\/yoast.com\/product\/yoast-seo-wordpress\/ -->\n<title>AF Tiny Fish Feed - Aquaforest<\/title>\n<meta name=\"description\" content=\"AF Tiny Fish Feed: drobny pokarm dla ma\u0142ych ryb i narybku, wzbogacony bia\u0142kiem i witaminami. Unikalna formu\u0142a zapewniaj\u0105ca zdrowy rozw\u00f3j i intensywne kolory.\" \/>\n<meta name=\"robots\" content=\"index, follow, max-snippet:-1, max-image-preview:large, max-video-preview:-1\" \/>\n<link rel=\"canonical\" href=\"https:\/\/aquaforest.eu\/pl\/produkty\/seawater\/pokarmy-i-suplementacja\/af-tiny-fish-feed\/\" \/>\n<meta property=\"og:locale\" content=\"pl_PL\" \/>\n<meta property=\"og:type\" content=\"article\" \/>\n<meta property=\"og:title\" content=\"AF Tiny Fish Feed - Aquaforest\" \/>\n<meta property=\"og:description\" content=\"AF Tiny Fish Feed: drobny pokarm dla ma\u0142ych ryb i narybku, wzbogacony bia\u0142kiem i witaminami. Unikalna formu\u0142a zapewniaj\u0105ca zdrowy rozw\u00f3j i intensywne kolory.\" \/>\n<meta property=\"og:url\" content=\"https:\/\/aquaforest.eu\/pl\/produkty\/seawater\/pokarmy-i-suplementacja\/af-tiny-fish-feed\/\" \/>\n<meta property=\"og:site_name\" content=\"Aquaforest\" \/>\n<meta property=\"article:publisher\" content=\"https:\/\/www.facebook.com\/Aquaforest\/\" \/>\n<meta property=\"article:modified_time\" content=\"2025-02-12T14:51:17+00:00\" \/>\n<meta property=\"og:image\" content=\"https:\/\/aquaforest.eu\/wp-content\/uploads\/2024\/06\/AF-Tiny-Fish-Feed.png\" \/>\n\t<meta property=\"og:image:width\" content=\"462\" \/>\n\t<meta property=\"og:image:height\" content=\"600\" \/>\n\t<meta property=\"og:image:type\" content=\"image\/png\" \/>\n<meta name=\"twitter:card\" content=\"summary_large_image\" \/>\n<meta name=\"twitter:label1\" content=\"Szacowany czas czytania\" \/>\n\t<meta name=\"twitter:data1\" content=\"2 minuty\" \/>\n<script type=\"application\/ld+json\" class=\"yoast-schema-graph\">{\"@context\":\"https:\/\/schema.org\",\"@graph\":[{\"@type\":\"WebPage\",\"@id\":\"https:\/\/aquaforest.eu\/pl\/produkty\/seawater\/pokarmy-i-suplementacja\/af-tiny-fish-feed\/\",\"url\":\"https:\/\/aquaforest.eu\/pl\/produkty\/seawater\/pokarmy-i-suplementacja\/af-tiny-fish-feed\/\",\"name\":\"AF Tiny Fish Feed - Aquaforest\",\"isPartOf\":{\"@id\":\"https:\/\/aquaforest.eu\/pl\/#website\"},\"primaryImageOfPage\":{\"@id\":\"https:\/\/aquaforest.eu\/pl\/produkty\/seawater\/pokarmy-i-suplementacja\/af-tiny-fish-feed\/#primaryimage\"},\"image\":{\"@id\":\"https:\/\/aquaforest.eu\/pl\/produkty\/seawater\/pokarmy-i-suplementacja\/af-tiny-fish-feed\/#primaryimage\"},\"thumbnailUrl\":\"https:\/\/aquaforest.eu\/wp-content\/uploads\/2024\/06\/AF-Tiny-Fish-Feed.png\",\"datePublished\":\"2024-06-26T00:18:16+00:00\",\"dateModified\":\"2025-02-12T14:51:17+00:00\",\"description\":\"AF Tiny Fish Feed: drobny pokarm dla ma\u0142ych ryb i narybku, wzbogacony bia\u0142kiem i witaminami. Unikalna formu\u0142a zapewniaj\u0105ca zdrowy rozw\u00f3j i intensywne kolory.\",\"breadcrumb\":{\"@id\":\"https:\/\/aquaforest.eu\/pl\/produkty\/seawater\/pokarmy-i-suplementacja\/af-tiny-fish-feed\/#breadcrumb\"},\"inLanguage\":\"pl-PL\",\"potentialAction\":[{\"@type\":\"ReadAction\",\"target\":[\"https:\/\/aquaforest.eu\/pl\/produkty\/seawater\/pokarmy-i-suplementacja\/af-tiny-fish-feed\/\"]}]},{\"@type\":\"ImageObject\",\"inLanguage\":\"pl-PL\",\"@id\":\"https:\/\/aquaforest.eu\/pl\/produkty\/seawater\/pokarmy-i-suplementacja\/af-tiny-fish-feed\/#primaryimage\",\"url\":\"https:\/\/aquaforest.eu\/wp-content\/uploads\/2024\/06\/AF-Tiny-Fish-Feed.png\",\"contentUrl\":\"https:\/\/aquaforest.eu\/wp-content\/uploads\/2024\/06\/AF-Tiny-Fish-Feed.png\",\"width\":462,\"height\":600},{\"@type\":\"BreadcrumbList\",\"@id\":\"https:\/\/aquaforest.eu\/pl\/produkty\/seawater\/pokarmy-i-suplementacja\/af-tiny-fish-feed\/#breadcrumb\",\"itemListElement\":[{\"@type\":\"ListItem\",\"position\":1,\"name\":\"Home\",\"item\":\"https:\/\/aquaforest.eu\/pl\/\"},{\"@type\":\"ListItem\",\"position\":2,\"name\":\"Produkty\",\"item\":\"https:\/\/aquaforest.eu\/pl\/produkty\/\"},{\"@type\":\"ListItem\",\"position\":3,\"name\":\"AF Tiny Fish Feed\"}]},{\"@type\":\"WebSite\",\"@id\":\"https:\/\/aquaforest.eu\/pl\/#website\",\"url\":\"https:\/\/aquaforest.eu\/pl\/\",\"name\":\"Aquaforest\",\"description\":\"\",\"publisher\":{\"@id\":\"https:\/\/aquaforest.eu\/pl\/#organization\"},\"potentialAction\":[{\"@type\":\"SearchAction\",\"target\":{\"@type\":\"EntryPoint\",\"urlTemplate\":\"https:\/\/aquaforest.eu\/pl\/?s={search_term_string}\"},\"query-input\":{\"@type\":\"PropertyValueSpecification\",\"valueRequired\":true,\"valueName\":\"search_term_string\"}}],\"inLanguage\":\"pl-PL\"},{\"@type\":\"Organization\",\"@id\":\"https:\/\/aquaforest.eu\/pl\/#organization\",\"name\":\"Aquaforest\",\"url\":\"https:\/\/aquaforest.eu\/pl\/\",\"logo\":{\"@type\":\"ImageObject\",\"inLanguage\":\"pl-PL\",\"@id\":\"https:\/\/aquaforest.eu\/pl\/#\/schema\/logo\/image\/\",\"url\":\"https:\/\/aquaforest.eu\/wp-content\/uploads\/2024\/05\/logotyp-aquaforest.svg\",\"contentUrl\":\"https:\/\/aquaforest.eu\/wp-content\/uploads\/2024\/05\/logotyp-aquaforest.svg\",\"width\":170,\"height\":22,\"caption\":\"Aquaforest\"},\"image\":{\"@id\":\"https:\/\/aquaforest.eu\/pl\/#\/schema\/logo\/image\/\"},\"sameAs\":[\"https:\/\/www.facebook.com\/Aquaforest\/\",\"https:\/\/www.instagram.com\/aquaforest.eu\/\"]}]}<\/script>\n<!-- \/ Yoast SEO plugin. -->","yoast_head_json":{"title":"AF Tiny Fish Feed - Aquaforest","description":"AF Tiny Fish Feed: drobny pokarm dla ma\u0142ych ryb i narybku, wzbogacony bia\u0142kiem i witaminami. Unikalna formu\u0142a zapewniaj\u0105ca zdrowy rozw\u00f3j i intensywne kolory.","robots":{"index":"index","follow":"follow","max-snippet":"max-snippet:-1","max-image-preview":"max-image-preview:large","max-video-preview":"max-video-preview:-1"},"canonical":"https:\/\/aquaforest.eu\/pl\/produkty\/seawater\/pokarmy-i-suplementacja\/af-tiny-fish-feed\/","og_locale":"pl_PL","og_type":"article","og_title":"AF Tiny Fish Feed - Aquaforest","og_description":"AF Tiny Fish Feed: drobny pokarm dla ma\u0142ych ryb i narybku, wzbogacony bia\u0142kiem i witaminami. Unikalna formu\u0142a zapewniaj\u0105ca zdrowy rozw\u00f3j i intensywne kolory.","og_url":"https:\/\/aquaforest.eu\/pl\/produkty\/seawater\/pokarmy-i-suplementacja\/af-tiny-fish-feed\/","og_site_name":"Aquaforest","article_publisher":"https:\/\/www.facebook.com\/Aquaforest\/","article_modified_time":"2025-02-12T14:51:17+00:00","og_image":[{"width":462,"height":600,"url":"https:\/\/aquaforest.eu\/wp-content\/uploads\/2024\/06\/AF-Tiny-Fish-Feed.png","type":"image\/png"}],"twitter_card":"summary_large_image","twitter_misc":{"Szacowany czas czytania":"2 minuty"},"schema":{"@context":"https:\/\/schema.org","@graph":[{"@type":"WebPage","@id":"https:\/\/aquaforest.eu\/pl\/produkty\/seawater\/pokarmy-i-suplementacja\/af-tiny-fish-feed\/","url":"https:\/\/aquaforest.eu\/pl\/produkty\/seawater\/pokarmy-i-suplementacja\/af-tiny-fish-feed\/","name":"AF Tiny Fish Feed - Aquaforest","isPartOf":{"@id":"https:\/\/aquaforest.eu\/pl\/#website"},"primaryImageOfPage":{"@id":"https:\/\/aquaforest.eu\/pl\/produkty\/seawater\/pokarmy-i-suplementacja\/af-tiny-fish-feed\/#primaryimage"},"image":{"@id":"https:\/\/aquaforest.eu\/pl\/produkty\/seawater\/pokarmy-i-suplementacja\/af-tiny-fish-feed\/#primaryimage"},"thumbnailUrl":"https:\/\/aquaforest.eu\/wp-content\/uploads\/2024\/06\/AF-Tiny-Fish-Feed.png","datePublished":"2024-06-26T00:18:16+00:00","dateModified":"2025-02-12T14:51:17+00:00","description":"AF Tiny Fish Feed: drobny pokarm dla ma\u0142ych ryb i narybku, wzbogacony bia\u0142kiem i witaminami. Unikalna formu\u0142a zapewniaj\u0105ca zdrowy rozw\u00f3j i intensywne kolory.","breadcrumb":{"@id":"https:\/\/aquaforest.eu\/pl\/produkty\/seawater\/pokarmy-i-suplementacja\/af-tiny-fish-feed\/#breadcrumb"},"inLanguage":"pl-PL","potentialAction":[{"@type":"ReadAction","target":["https:\/\/aquaforest.eu\/pl\/produkty\/seawater\/pokarmy-i-suplementacja\/af-tiny-fish-feed\/"]}]},{"@type":"ImageObject","inLanguage":"pl-PL","@id":"https:\/\/aquaforest.eu\/pl\/produkty\/seawater\/pokarmy-i-suplementacja\/af-tiny-fish-feed\/#primaryimage","url":"https:\/\/aquaforest.eu\/wp-content\/uploads\/2024\/06\/AF-Tiny-Fish-Feed.png","contentUrl":"https:\/\/aquaforest.eu\/wp-content\/uploads\/2024\/06\/AF-Tiny-Fish-Feed.png","width":462,"height":600},{"@type":"BreadcrumbList","@id":"https:\/\/aquaforest.eu\/pl\/produkty\/seawater\/pokarmy-i-suplementacja\/af-tiny-fish-feed\/#breadcrumb","itemListElement":[{"@type":"ListItem","position":1,"name":"Home","item":"https:\/\/aquaforest.eu\/pl\/"},{"@type":"ListItem","position":2,"name":"Produkty","item":"https:\/\/aquaforest.eu\/pl\/produkty\/"},{"@type":"ListItem","position":3,"name":"AF Tiny Fish Feed"}]},{"@type":"WebSite","@id":"https:\/\/aquaforest.eu\/pl\/#website","url":"https:\/\/aquaforest.eu\/pl\/","name":"Aquaforest","description":"","publisher":{"@id":"https:\/\/aquaforest.eu\/pl\/#organization"},"potentialAction":[{"@type":"SearchAction","target":{"@type":"EntryPoint","urlTemplate":"https:\/\/aquaforest.eu\/pl\/?s={search_term_string}"},"query-input":{"@type":"PropertyValueSpecification","valueRequired":true,"valueName":"search_term_string"}}],"inLanguage":"pl-PL"},{"@type":"Organization","@id":"https:\/\/aquaforest.eu\/pl\/#organization","name":"Aquaforest","url":"https:\/\/aquaforest.eu\/pl\/","logo":{"@type":"ImageObject","inLanguage":"pl-PL","@id":"https:\/\/aquaforest.eu\/pl\/#\/schema\/logo\/image\/","url":"https:\/\/aquaforest.eu\/wp-content\/uploads\/2024\/05\/logotyp-aquaforest.svg","contentUrl":"https:\/\/aquaforest.eu\/wp-content\/uploads\/2024\/05\/logotyp-aquaforest.svg","width":170,"height":22,"caption":"Aquaforest"},"image":{"@id":"https:\/\/aquaforest.eu\/pl\/#\/schema\/logo\/image\/"},"sameAs":["https:\/\/www.facebook.com\/Aquaforest\/","https:\/\/www.instagram.com\/aquaforest.eu\/"]}]}},"_links":{"self":[{"href":"https:\/\/aquaforest.eu\/pl\/wp-json\/wp\/v2\/product\/11634","targetHints":{"allow":["GET"]}}],"collection":[{"href":"https:\/\/aquaforest.eu\/pl\/wp-json\/wp\/v2\/product"}],"about":[{"href":"https:\/\/aquaforest.eu\/pl\/wp-json\/wp\/v2\/types\/product"}],"version-history":[{"count":1,"href":"https:\/\/aquaforest.eu\/pl\/wp-json\/wp\/v2\/product\/11634\/revisions"}],"predecessor-version":[{"id":21374,"href":"https:\/\/aquaforest.eu\/pl\/wp-json\/wp\/v2\/product\/11634\/revisions\/21374"}],"wp:featuredmedia":[{"embeddable":true,"href":"https:\/\/aquaforest.eu\/pl\/wp-json\/wp\/v2\/media\/11774"}],"wp:attachment":[{"href":"https:\/\/aquaforest.eu\/pl\/wp-json\/wp\/v2\/media?parent=11634"}],"wp:term":[{"taxonomy":"product_brand","embeddable":true,"href":"https:\/\/aquaforest.eu\/pl\/wp-json\/wp\/v2\/product_brand?post=11634"},{"taxonomy":"product_cat","embeddable":true,"href":"https:\/\/aquaforest.eu\/pl\/wp-json\/wp\/v2\/product_cat?post=11634"},{"taxonomy":"product_tag","embeddable":true,"href":"https:\/\/aquaforest.eu\/pl\/wp-json\/wp\/v2\/product_tag?post=11634"}],"curies":[{"name":"wp","href":"https:\/\/api.w.org\/{rel}","templated":true}]}}