{"id":11659,"date":"2024-06-26T02:18:09","date_gmt":"2024-06-26T00:18:09","guid":{"rendered":"https:\/\/aquaforest.eu\/products\/bez-kategorii\/af435-sump\/"},"modified":"2024-11-15T15:35:09","modified_gmt":"2024-11-15T14:35:09","slug":"af435-sump","status":"publish","type":"product","link":"https:\/\/aquaforest.eu\/pl\/produkty\/seawater\/wyposazenie-akwarium\/af435-sump\/","title":{"rendered":"AF435 Sump"},"content":{"rendered":"<p>Wysoko wytrzyma\u0142e sumpy z PVC zosta\u0142y stworzone z my\u015bl\u0105 o wszystkich, nawet najbardziej wymagaj\u0105cych akwariach morskich. Ten zaprojektowany przez do\u015bwiadczonych akwaryst\u00f3w sprz\u0119t zapewnia najwydajniejsz\u0105 filtracj\u0119 dla zdrowego rozwoju i wzrostu koralowc\u00f3w. Komory kaskadowe i wysokiej jako\u015bci grzebienie t\u0142umi\u0105ce ha\u0142as zapewniaj\u0105 idealne warunki do dynamicznego, ultra cichego przep\u0142ywu wody. Komora skarpet filtracyjnych pozwala na umieszczenie dw\u00f3ch skarpet (w zestawie) z nasadkami t\u0142umi\u0105cymi ha\u0142as wody lub zast\u0105pienie ich reaktorami medi\u00f3w filtracyjnych. Sumpy Aquaforest s\u0105 wypadkow\u0105 do\u015bwiadczenia i wsp\u00f3\u0142pracy wykwalifikowanych projektant\u00f3w i in\u017cynier\u00f3w z najlepszymi akwarystami. Ten inteligentnie zaprojektowany system kom\u00f3r i grzebieni zosta\u0142 dok\u0142adnie przetestowany, tak, aby zagwarantowa\u0107 maksymalny potencja\u0142 filtracyjny. Wiemy, \u017ce wydajny system filtracji jest kluczem do sukcesu akwarium morskiego, dlatego ka\u017cdy szczeg\u00f3\u0142 zosta\u0142 przez nas starannie zaprojektowany. Najwy\u017csza jako\u015b\u0107 towarzyszy nam na ka\u017cdym etapie, dlatego zadbali\u015bmy o to, \u017ceby kompozycja grzebieni i kom\u00f3r zapewnia\u0142a optymalny poziom ha\u0142asu poprzez wyciszenie niepo\u017c\u0105danych d\u017awi\u0119k\u00f3w. Precyzyjne spawanie element\u00f3w to gwarancja najwy\u017cszej szczelno\u015bci. To najbardziej niezawodne rozwi\u0105zanie dla ka\u017cdego akwarium i wynik po\u0142\u0105czenia do\u015bwiadczenia akwarystycznego, zaawansowanej technologii i wykonania z dba\u0142o\u015bci\u0105 o ka\u017cdy szczeg\u00f3\u0142.<\/p>\n<p>&nbsp;<\/p>\n<hr \/>\n<p>&nbsp;<\/p>\n<p><strong>Co sprawia, \u017ce Sump ten jest wyj\u0105tkowy?<\/strong><\/p>\n<ul>\n<li>komora na skarpety filtracyjne \u2013 wymienne na reaktory medi\u00f3w!<\/li>\n<li>komora na wod\u0119 RO \u2013 \u0142atwa instalacja automatycznej dolewki<\/li>\n<li>oznaczenie poziom\u00f3w wody dla \u0142atwego ustawienia odpieniacza<\/li>\n<li>lokalizacja grzebieni gwarantuj\u0105ca cichy przep\u0142yw wody<\/li>\n<li>odporne na zarysowania, trwa\u0142e materia\u0142y<\/li>\n<\/ul>\n<p><strong>Wymiary: <\/strong><\/p>\n<p><strong>Szeroko\u015b\u0107:<\/strong> 60 cm<\/p>\n<p><strong>G\u0142\u0119boko\u015b\u0107:<\/strong> 46,5 cm<\/p>\n<p><strong>Wysoko\u015b\u0107:<\/strong> 45,5 cm.<\/p>\n<p style=\"text-align: right;\">Poni\u017csze wymiary podane w mm: <img fetchpriority=\"high\" decoding=\"async\" class=\" wp-image-2768 alignright\" src=\"https:\/\/newaquaforest.stronazen.pl\/wp-content\/uploads\/2024\/06\/AF435_SUMP-DIM_S_2021-800x1039-1-231x300.png\" alt=\"\" width=\"400\" height=\"519\" srcset=\"https:\/\/aquaforest.eu\/wp-content\/uploads\/2024\/06\/AF435_SUMP-DIM_S_2021-800x1039-1-231x300.png 231w, https:\/\/aquaforest.eu\/wp-content\/uploads\/2024\/06\/AF435_SUMP-DIM_S_2021-800x1039-1-788x1024.png 788w, https:\/\/aquaforest.eu\/wp-content\/uploads\/2024\/06\/AF435_SUMP-DIM_S_2021-800x1039-1-768x997.png 768w, https:\/\/aquaforest.eu\/wp-content\/uploads\/2024\/06\/AF435_SUMP-DIM_S_2021-800x1039-1-600x779.png 600w, https:\/\/aquaforest.eu\/wp-content\/uploads\/2024\/06\/AF435_SUMP-DIM_S_2021-800x1039-1.png 800w\" sizes=\"(max-width: 400px) 100vw, 400px\" \/><\/p>\n","protected":false},"excerpt":{"rendered":"<p>Najwy\u017cszej jako\u015bci zbiornik PVC z wieloma komorami. Najwydajniejsza filtracja zapewniaj\u0105ca koralowcom zdrowy rozw\u00f3j i wzrost.<\/p>\n","protected":false},"featured_media":11647,"template":"","meta":{"_acf_changed":false,"content-type":""},"product_brand":[],"product_cat":[1147],"product_tag":[967,1568,1421,1101],"class_list":{"0":"post-11659","1":"product","2":"type-product","3":"status-publish","4":"has-post-thumbnail","6":"product_cat-wyposazenie-akwarium","7":"product_tag-aquaforest-pl","8":"product_tag-seawater-aquatic-pl","9":"product_tag-simple-pl","10":"product_tag-wyposazenie-akwarium","12":"first","13":"instock","14":"taxable","15":"shipping-taxable","16":"purchasable","17":"product-type-simple"},"acf":[],"yoast_head":"<!-- This site is optimized with the Yoast SEO plugin v27.1.1 - https:\/\/yoast.com\/product\/yoast-seo-wordpress\/ -->\n<title>AF435 Sump - Aquaforest<\/title>\n<meta name=\"description\" content=\"Ten inteligentnie zaprojektowany system kom\u00f3r i grzebieni zosta\u0142 dok\u0142adnie przetestowany, aby zagwarantowa\u0107 maksymalny potencja\u0142 filtracyjny dla Twojego akwarium.\" \/>\n<meta name=\"robots\" content=\"index, follow, max-snippet:-1, max-image-preview:large, max-video-preview:-1\" \/>\n<link rel=\"canonical\" href=\"https:\/\/aquaforest.eu\/pl\/produkty\/seawater\/wyposazenie-akwarium\/af435-sump\/\" \/>\n<meta property=\"og:locale\" content=\"pl_PL\" \/>\n<meta property=\"og:type\" content=\"article\" \/>\n<meta property=\"og:title\" content=\"AF435 Sump - Aquaforest\" \/>\n<meta property=\"og:description\" content=\"Ten inteligentnie zaprojektowany system kom\u00f3r i grzebieni zosta\u0142 dok\u0142adnie przetestowany, aby zagwarantowa\u0107 maksymalny potencja\u0142 filtracyjny dla Twojego akwarium.\" \/>\n<meta property=\"og:url\" content=\"https:\/\/aquaforest.eu\/pl\/produkty\/seawater\/wyposazenie-akwarium\/af435-sump\/\" \/>\n<meta property=\"og:site_name\" content=\"Aquaforest\" \/>\n<meta property=\"article:publisher\" content=\"https:\/\/www.facebook.com\/Aquaforest\/\" \/>\n<meta property=\"article:modified_time\" content=\"2024-11-15T14:35:09+00:00\" \/>\n<meta property=\"og:image\" content=\"https:\/\/aquaforest.eu\/wp-content\/uploads\/2024\/06\/SUMP_AF435.png\" \/>\n\t<meta property=\"og:image:width\" content=\"600\" \/>\n\t<meta property=\"og:image:height\" content=\"600\" \/>\n\t<meta property=\"og:image:type\" content=\"image\/png\" \/>\n<meta name=\"twitter:card\" content=\"summary_large_image\" \/>\n<meta name=\"twitter:label1\" content=\"Szacowany czas czytania\" \/>\n\t<meta name=\"twitter:data1\" content=\"2 minuty\" \/>\n<script type=\"application\/ld+json\" class=\"yoast-schema-graph\">{\"@context\":\"https:\/\/schema.org\",\"@graph\":[{\"@type\":\"WebPage\",\"@id\":\"https:\/\/aquaforest.eu\/pl\/produkty\/seawater\/wyposazenie-akwarium\/af435-sump\/\",\"url\":\"https:\/\/aquaforest.eu\/pl\/produkty\/seawater\/wyposazenie-akwarium\/af435-sump\/\",\"name\":\"AF435 Sump - Aquaforest\",\"isPartOf\":{\"@id\":\"https:\/\/aquaforest.eu\/pl\/#website\"},\"primaryImageOfPage\":{\"@id\":\"https:\/\/aquaforest.eu\/pl\/produkty\/seawater\/wyposazenie-akwarium\/af435-sump\/#primaryimage\"},\"image\":{\"@id\":\"https:\/\/aquaforest.eu\/pl\/produkty\/seawater\/wyposazenie-akwarium\/af435-sump\/#primaryimage\"},\"thumbnailUrl\":\"https:\/\/aquaforest.eu\/wp-content\/uploads\/2024\/06\/SUMP_AF435.png\",\"datePublished\":\"2024-06-26T00:18:09+00:00\",\"dateModified\":\"2024-11-15T14:35:09+00:00\",\"description\":\"Ten inteligentnie zaprojektowany system kom\u00f3r i grzebieni zosta\u0142 dok\u0142adnie przetestowany, aby zagwarantowa\u0107 maksymalny potencja\u0142 filtracyjny dla Twojego akwarium.\",\"breadcrumb\":{\"@id\":\"https:\/\/aquaforest.eu\/pl\/produkty\/seawater\/wyposazenie-akwarium\/af435-sump\/#breadcrumb\"},\"inLanguage\":\"pl-PL\",\"potentialAction\":[{\"@type\":\"ReadAction\",\"target\":[\"https:\/\/aquaforest.eu\/pl\/produkty\/seawater\/wyposazenie-akwarium\/af435-sump\/\"]}]},{\"@type\":\"ImageObject\",\"inLanguage\":\"pl-PL\",\"@id\":\"https:\/\/aquaforest.eu\/pl\/produkty\/seawater\/wyposazenie-akwarium\/af435-sump\/#primaryimage\",\"url\":\"https:\/\/aquaforest.eu\/wp-content\/uploads\/2024\/06\/SUMP_AF435.png\",\"contentUrl\":\"https:\/\/aquaforest.eu\/wp-content\/uploads\/2024\/06\/SUMP_AF435.png\",\"width\":600,\"height\":600},{\"@type\":\"BreadcrumbList\",\"@id\":\"https:\/\/aquaforest.eu\/pl\/produkty\/seawater\/wyposazenie-akwarium\/af435-sump\/#breadcrumb\",\"itemListElement\":[{\"@type\":\"ListItem\",\"position\":1,\"name\":\"Home\",\"item\":\"https:\/\/aquaforest.eu\/pl\/\"},{\"@type\":\"ListItem\",\"position\":2,\"name\":\"Produkty\",\"item\":\"https:\/\/aquaforest.eu\/pl\/produkty\/\"},{\"@type\":\"ListItem\",\"position\":3,\"name\":\"AF435 Sump\"}]},{\"@type\":\"WebSite\",\"@id\":\"https:\/\/aquaforest.eu\/pl\/#website\",\"url\":\"https:\/\/aquaforest.eu\/pl\/\",\"name\":\"Aquaforest\",\"description\":\"\",\"publisher\":{\"@id\":\"https:\/\/aquaforest.eu\/pl\/#organization\"},\"potentialAction\":[{\"@type\":\"SearchAction\",\"target\":{\"@type\":\"EntryPoint\",\"urlTemplate\":\"https:\/\/aquaforest.eu\/pl\/?s={search_term_string}\"},\"query-input\":{\"@type\":\"PropertyValueSpecification\",\"valueRequired\":true,\"valueName\":\"search_term_string\"}}],\"inLanguage\":\"pl-PL\"},{\"@type\":\"Organization\",\"@id\":\"https:\/\/aquaforest.eu\/pl\/#organization\",\"name\":\"Aquaforest\",\"url\":\"https:\/\/aquaforest.eu\/pl\/\",\"logo\":{\"@type\":\"ImageObject\",\"inLanguage\":\"pl-PL\",\"@id\":\"https:\/\/aquaforest.eu\/pl\/#\/schema\/logo\/image\/\",\"url\":\"https:\/\/aquaforest.eu\/wp-content\/uploads\/2024\/05\/logotyp-aquaforest.svg\",\"contentUrl\":\"https:\/\/aquaforest.eu\/wp-content\/uploads\/2024\/05\/logotyp-aquaforest.svg\",\"width\":170,\"height\":22,\"caption\":\"Aquaforest\"},\"image\":{\"@id\":\"https:\/\/aquaforest.eu\/pl\/#\/schema\/logo\/image\/\"},\"sameAs\":[\"https:\/\/www.facebook.com\/Aquaforest\/\",\"https:\/\/www.instagram.com\/aquaforest.eu\/\"]}]}<\/script>\n<!-- \/ Yoast SEO plugin. -->","yoast_head_json":{"title":"AF435 Sump - Aquaforest","description":"Ten inteligentnie zaprojektowany system kom\u00f3r i grzebieni zosta\u0142 dok\u0142adnie przetestowany, aby zagwarantowa\u0107 maksymalny potencja\u0142 filtracyjny dla Twojego akwarium.","robots":{"index":"index","follow":"follow","max-snippet":"max-snippet:-1","max-image-preview":"max-image-preview:large","max-video-preview":"max-video-preview:-1"},"canonical":"https:\/\/aquaforest.eu\/pl\/produkty\/seawater\/wyposazenie-akwarium\/af435-sump\/","og_locale":"pl_PL","og_type":"article","og_title":"AF435 Sump - Aquaforest","og_description":"Ten inteligentnie zaprojektowany system kom\u00f3r i grzebieni zosta\u0142 dok\u0142adnie przetestowany, aby zagwarantowa\u0107 maksymalny potencja\u0142 filtracyjny dla Twojego akwarium.","og_url":"https:\/\/aquaforest.eu\/pl\/produkty\/seawater\/wyposazenie-akwarium\/af435-sump\/","og_site_name":"Aquaforest","article_publisher":"https:\/\/www.facebook.com\/Aquaforest\/","article_modified_time":"2024-11-15T14:35:09+00:00","og_image":[{"width":600,"height":600,"url":"https:\/\/aquaforest.eu\/wp-content\/uploads\/2024\/06\/SUMP_AF435.png","type":"image\/png"}],"twitter_card":"summary_large_image","twitter_misc":{"Szacowany czas czytania":"2 minuty"},"schema":{"@context":"https:\/\/schema.org","@graph":[{"@type":"WebPage","@id":"https:\/\/aquaforest.eu\/pl\/produkty\/seawater\/wyposazenie-akwarium\/af435-sump\/","url":"https:\/\/aquaforest.eu\/pl\/produkty\/seawater\/wyposazenie-akwarium\/af435-sump\/","name":"AF435 Sump - Aquaforest","isPartOf":{"@id":"https:\/\/aquaforest.eu\/pl\/#website"},"primaryImageOfPage":{"@id":"https:\/\/aquaforest.eu\/pl\/produkty\/seawater\/wyposazenie-akwarium\/af435-sump\/#primaryimage"},"image":{"@id":"https:\/\/aquaforest.eu\/pl\/produkty\/seawater\/wyposazenie-akwarium\/af435-sump\/#primaryimage"},"thumbnailUrl":"https:\/\/aquaforest.eu\/wp-content\/uploads\/2024\/06\/SUMP_AF435.png","datePublished":"2024-06-26T00:18:09+00:00","dateModified":"2024-11-15T14:35:09+00:00","description":"Ten inteligentnie zaprojektowany system kom\u00f3r i grzebieni zosta\u0142 dok\u0142adnie przetestowany, aby zagwarantowa\u0107 maksymalny potencja\u0142 filtracyjny dla Twojego akwarium.","breadcrumb":{"@id":"https:\/\/aquaforest.eu\/pl\/produkty\/seawater\/wyposazenie-akwarium\/af435-sump\/#breadcrumb"},"inLanguage":"pl-PL","potentialAction":[{"@type":"ReadAction","target":["https:\/\/aquaforest.eu\/pl\/produkty\/seawater\/wyposazenie-akwarium\/af435-sump\/"]}]},{"@type":"ImageObject","inLanguage":"pl-PL","@id":"https:\/\/aquaforest.eu\/pl\/produkty\/seawater\/wyposazenie-akwarium\/af435-sump\/#primaryimage","url":"https:\/\/aquaforest.eu\/wp-content\/uploads\/2024\/06\/SUMP_AF435.png","contentUrl":"https:\/\/aquaforest.eu\/wp-content\/uploads\/2024\/06\/SUMP_AF435.png","width":600,"height":600},{"@type":"BreadcrumbList","@id":"https:\/\/aquaforest.eu\/pl\/produkty\/seawater\/wyposazenie-akwarium\/af435-sump\/#breadcrumb","itemListElement":[{"@type":"ListItem","position":1,"name":"Home","item":"https:\/\/aquaforest.eu\/pl\/"},{"@type":"ListItem","position":2,"name":"Produkty","item":"https:\/\/aquaforest.eu\/pl\/produkty\/"},{"@type":"ListItem","position":3,"name":"AF435 Sump"}]},{"@type":"WebSite","@id":"https:\/\/aquaforest.eu\/pl\/#website","url":"https:\/\/aquaforest.eu\/pl\/","name":"Aquaforest","description":"","publisher":{"@id":"https:\/\/aquaforest.eu\/pl\/#organization"},"potentialAction":[{"@type":"SearchAction","target":{"@type":"EntryPoint","urlTemplate":"https:\/\/aquaforest.eu\/pl\/?s={search_term_string}"},"query-input":{"@type":"PropertyValueSpecification","valueRequired":true,"valueName":"search_term_string"}}],"inLanguage":"pl-PL"},{"@type":"Organization","@id":"https:\/\/aquaforest.eu\/pl\/#organization","name":"Aquaforest","url":"https:\/\/aquaforest.eu\/pl\/","logo":{"@type":"ImageObject","inLanguage":"pl-PL","@id":"https:\/\/aquaforest.eu\/pl\/#\/schema\/logo\/image\/","url":"https:\/\/aquaforest.eu\/wp-content\/uploads\/2024\/05\/logotyp-aquaforest.svg","contentUrl":"https:\/\/aquaforest.eu\/wp-content\/uploads\/2024\/05\/logotyp-aquaforest.svg","width":170,"height":22,"caption":"Aquaforest"},"image":{"@id":"https:\/\/aquaforest.eu\/pl\/#\/schema\/logo\/image\/"},"sameAs":["https:\/\/www.facebook.com\/Aquaforest\/","https:\/\/www.instagram.com\/aquaforest.eu\/"]}]}},"_links":{"self":[{"href":"https:\/\/aquaforest.eu\/pl\/wp-json\/wp\/v2\/product\/11659","targetHints":{"allow":["GET"]}}],"collection":[{"href":"https:\/\/aquaforest.eu\/pl\/wp-json\/wp\/v2\/product"}],"about":[{"href":"https:\/\/aquaforest.eu\/pl\/wp-json\/wp\/v2\/types\/product"}],"version-history":[{"count":0,"href":"https:\/\/aquaforest.eu\/pl\/wp-json\/wp\/v2\/product\/11659\/revisions"}],"wp:featuredmedia":[{"embeddable":true,"href":"https:\/\/aquaforest.eu\/pl\/wp-json\/wp\/v2\/media\/11647"}],"wp:attachment":[{"href":"https:\/\/aquaforest.eu\/pl\/wp-json\/wp\/v2\/media?parent=11659"}],"wp:term":[{"taxonomy":"product_brand","embeddable":true,"href":"https:\/\/aquaforest.eu\/pl\/wp-json\/wp\/v2\/product_brand?post=11659"},{"taxonomy":"product_cat","embeddable":true,"href":"https:\/\/aquaforest.eu\/pl\/wp-json\/wp\/v2\/product_cat?post=11659"},{"taxonomy":"product_tag","embeddable":true,"href":"https:\/\/aquaforest.eu\/pl\/wp-json\/wp\/v2\/product_tag?post=11659"}],"curies":[{"name":"wp","href":"https:\/\/api.w.org\/{rel}","templated":true}]}}