{"id":11660,"date":"2024-06-26T02:18:10","date_gmt":"2024-06-26T00:18:10","guid":{"rendered":"https:\/\/aquaforest.eu\/products\/bez-kategorii\/af-poly-glue\/"},"modified":"2024-10-24T12:37:46","modified_gmt":"2024-10-24T10:37:46","slug":"af-poly-glue","status":"publish","type":"product","link":"https:\/\/aquaforest.eu\/pl\/produkty\/seawater\/aquascaping\/af-poly-glue\/","title":{"rendered":"AF Poly Glue"},"content":{"rendered":"<p>AF Poly Glue to klej polimerowy w formie granulatu dedykowany do akwari\u00f3w morskich. Sprawdzi si\u0119 r\u00f3wnie\u017c w akwariach s\u0142odkowodnych jako klej do mocowania drobnych element\u00f3w.<br \/>\nW akwarium morskim AF Poly Glue jest niezb\u0119dny do przymocowania koralowc\u00f3w do ska\u0142y lub podstawek. Z jego pomoc\u0105 szybko i trwale przymocujesz koralowce w dogodnym miejscu. Klej nie powoduje zanieczyszcze\u0144 wody oraz nie jest toksyczny dla zwierz\u0105t rafowych. Z powodzeniem mo\u017cna go zastosowa\u0107 przy mocowaniu wszystkich rodzaj\u00f3w kolarowc\u00f3w.<br \/>\nW akwariach s\u0142odkowodnych AF Poly Glue jest szczeg\u00f3lnie przydatny podczas tworzenia skomplikowanych aran\u017cacji. Z jego pomoc\u0105 z \u0142atwo\u015bci\u0105 po\u0142\u0105czysz korzenie oraz niewielkie ska\u0142ki. Mo\u017ce okaza\u0107 si\u0119 niezb\u0119dny r\u00f3wnie\u017c przy mocowaniu ro\u015blin epifitycznych tj. anubias\u00f3w, bucpehalandry, czy microzorium.<br \/>\nKlej jest niezwykle wydajny i \u0142atwy w u\u017cyciu. Niewykorzystany materia\u0142, po podgrzaniu, nadaje si\u0119 do ponownego u\u017cytku. Dzi\u0119ki temu AF Poly Glue mo\u017ce zosta\u0107 wykorzystany zawsze w 100%.<\/p>\n<p>&nbsp;<\/p>\n<hr \/>\n<p>&nbsp;<\/p>\n<p><strong>Kluczowe cechy:<\/strong><\/p>\n<ul>\n<li aria-level=\"1\">Klej polimerowy w granulacie do klejenia koralowc\u00f3w oraz aran\u017cacji<\/li>\n<li aria-level=\"1\">W pe\u0142ni bezpieczny dla organizm\u00f3w wodnych<\/li>\n<li aria-level=\"1\">Nie powoduje zabrudze\u0144 wody i nie jest toksyczny<\/li>\n<li aria-level=\"1\">Zaschni\u0119ty klej, po podgrzaniu ponownie nadaje si\u0119 do u\u017cycia<\/li>\n<li aria-level=\"1\">Zapewnia trwa\u0142e mocowanie koralowc\u00f3w, a tak\u017ce korzeni oraz ro\u015blin s\u0142odkowodnych<\/li>\n<\/ul>\n<p>&nbsp;<\/p>\n<hr \/>\n<p>&nbsp;<\/p>\n<p><strong>Spos\u00f3b u\u017cycia:<\/strong> Granulat kleju nale\u017cy umie\u015bci\u0107 w gor\u0105cej wodzie (ok. 90\u00b0C\/194\u00b0F) po kilku minutach powstanie \u0142atwo formuj\u0105ca si\u0119 masa, wtedy produkt ma najlepsze w\u0142a\u015bciwo\u015bci klej\u0105ce. Klej ca\u0142kowicie zastyga po umieszczeniu w akwarium. Zalecamy dokonywa\u0107 klejenia poza wod\u0105. Po 30 sekundach od sklejenia koralowca mo\u017cna umie\u015bci\u0107 go w wodzie. Niewykorzystan\u0105 mas\u0119 mo\u017cna ponownie rozpu\u015bci\u0107 w gor\u0105cej wodzie i u\u017cy\u0107. Produkt biodegradowalny. Chroni\u0107 przed dzie\u0107mi. Produkt do u\u017cycia tylko w akwarium. Nie nadaje si\u0119 do spo\u017cycia.<\/p>\n","protected":false},"excerpt":{"rendered":"<p>Klej polimerowy do koralowc\u00f3w i ska\u0142. Nadaje si\u0119 r\u00f3wnie\u017c do akwari\u00f3w s\u0142odkowodnych.<\/p>\n","protected":false},"featured_media":11780,"template":"","meta":{"_acf_changed":false,"content-type":""},"product_brand":[],"product_cat":[1150],"product_tag":[967,1098,1568,1421],"class_list":{"0":"post-11660","1":"product","2":"type-product","3":"status-publish","4":"has-post-thumbnail","6":"product_cat-aquascaping","7":"product_tag-aquaforest-pl","8":"product_tag-aquascaping-pl","9":"product_tag-seawater-aquatic-pl","10":"product_tag-simple-pl","12":"first","13":"instock","14":"taxable","15":"shipping-taxable","16":"purchasable","17":"product-type-simple"},"acf":[],"yoast_head":"<!-- This site is optimized with the Yoast SEO plugin v27.1.1 - https:\/\/yoast.com\/product\/yoast-seo-wordpress\/ -->\n<title>AF Poly Glue - Aquaforest<\/title>\n<meta name=\"description\" content=\"AF Poly Glue firmy Aquaforest: unikalny klej polimerowy do trwa\u0142ego \u0142\u0105czenia element\u00f3w w akwarium. Niezawodna formu\u0142a zapewniaj\u0105ca mocne po\u0142\u0105czenia i estetyczne aran\u017cacje.\" \/>\n<meta name=\"robots\" content=\"index, follow, max-snippet:-1, max-image-preview:large, max-video-preview:-1\" \/>\n<link rel=\"canonical\" href=\"https:\/\/aquaforest.eu\/pl\/produkty\/seawater\/aquascaping\/af-poly-glue\/\" \/>\n<meta property=\"og:locale\" content=\"pl_PL\" \/>\n<meta property=\"og:type\" content=\"article\" \/>\n<meta property=\"og:title\" content=\"AF Poly Glue - Aquaforest\" \/>\n<meta property=\"og:description\" content=\"AF Poly Glue firmy Aquaforest: unikalny klej polimerowy do trwa\u0142ego \u0142\u0105czenia element\u00f3w w akwarium. Niezawodna formu\u0142a zapewniaj\u0105ca mocne po\u0142\u0105czenia i estetyczne aran\u017cacje.\" \/>\n<meta property=\"og:url\" content=\"https:\/\/aquaforest.eu\/pl\/produkty\/seawater\/aquascaping\/af-poly-glue\/\" \/>\n<meta property=\"og:site_name\" content=\"Aquaforest\" \/>\n<meta property=\"article:publisher\" content=\"https:\/\/www.facebook.com\/Aquaforest\/\" \/>\n<meta property=\"article:modified_time\" content=\"2024-10-24T10:37:46+00:00\" \/>\n<meta property=\"og:image\" content=\"https:\/\/aquaforest.eu\/wp-content\/uploads\/2024\/06\/AF-Poly-Glue.png\" \/>\n\t<meta property=\"og:image:width\" content=\"462\" \/>\n\t<meta property=\"og:image:height\" content=\"600\" \/>\n\t<meta property=\"og:image:type\" content=\"image\/png\" \/>\n<meta name=\"twitter:card\" content=\"summary_large_image\" \/>\n<meta name=\"twitter:label1\" content=\"Szacowany czas czytania\" \/>\n\t<meta name=\"twitter:data1\" content=\"2 minuty\" \/>\n<script type=\"application\/ld+json\" class=\"yoast-schema-graph\">{\"@context\":\"https:\/\/schema.org\",\"@graph\":[{\"@type\":\"WebPage\",\"@id\":\"https:\/\/aquaforest.eu\/pl\/produkty\/seawater\/aquascaping\/af-poly-glue\/\",\"url\":\"https:\/\/aquaforest.eu\/pl\/produkty\/seawater\/aquascaping\/af-poly-glue\/\",\"name\":\"AF Poly Glue - Aquaforest\",\"isPartOf\":{\"@id\":\"https:\/\/aquaforest.eu\/pl\/#website\"},\"primaryImageOfPage\":{\"@id\":\"https:\/\/aquaforest.eu\/pl\/produkty\/seawater\/aquascaping\/af-poly-glue\/#primaryimage\"},\"image\":{\"@id\":\"https:\/\/aquaforest.eu\/pl\/produkty\/seawater\/aquascaping\/af-poly-glue\/#primaryimage\"},\"thumbnailUrl\":\"https:\/\/aquaforest.eu\/wp-content\/uploads\/2024\/06\/AF-Poly-Glue.png\",\"datePublished\":\"2024-06-26T00:18:10+00:00\",\"dateModified\":\"2024-10-24T10:37:46+00:00\",\"description\":\"AF Poly Glue firmy Aquaforest: unikalny klej polimerowy do trwa\u0142ego \u0142\u0105czenia element\u00f3w w akwarium. Niezawodna formu\u0142a zapewniaj\u0105ca mocne po\u0142\u0105czenia i estetyczne aran\u017cacje.\",\"breadcrumb\":{\"@id\":\"https:\/\/aquaforest.eu\/pl\/produkty\/seawater\/aquascaping\/af-poly-glue\/#breadcrumb\"},\"inLanguage\":\"pl-PL\",\"potentialAction\":[{\"@type\":\"ReadAction\",\"target\":[\"https:\/\/aquaforest.eu\/pl\/produkty\/seawater\/aquascaping\/af-poly-glue\/\"]}]},{\"@type\":\"ImageObject\",\"inLanguage\":\"pl-PL\",\"@id\":\"https:\/\/aquaforest.eu\/pl\/produkty\/seawater\/aquascaping\/af-poly-glue\/#primaryimage\",\"url\":\"https:\/\/aquaforest.eu\/wp-content\/uploads\/2024\/06\/AF-Poly-Glue.png\",\"contentUrl\":\"https:\/\/aquaforest.eu\/wp-content\/uploads\/2024\/06\/AF-Poly-Glue.png\",\"width\":462,\"height\":600},{\"@type\":\"BreadcrumbList\",\"@id\":\"https:\/\/aquaforest.eu\/pl\/produkty\/seawater\/aquascaping\/af-poly-glue\/#breadcrumb\",\"itemListElement\":[{\"@type\":\"ListItem\",\"position\":1,\"name\":\"Home\",\"item\":\"https:\/\/aquaforest.eu\/pl\/\"},{\"@type\":\"ListItem\",\"position\":2,\"name\":\"Produkty\",\"item\":\"https:\/\/aquaforest.eu\/pl\/produkty\/\"},{\"@type\":\"ListItem\",\"position\":3,\"name\":\"AF Poly Glue\"}]},{\"@type\":\"WebSite\",\"@id\":\"https:\/\/aquaforest.eu\/pl\/#website\",\"url\":\"https:\/\/aquaforest.eu\/pl\/\",\"name\":\"Aquaforest\",\"description\":\"\",\"publisher\":{\"@id\":\"https:\/\/aquaforest.eu\/pl\/#organization\"},\"potentialAction\":[{\"@type\":\"SearchAction\",\"target\":{\"@type\":\"EntryPoint\",\"urlTemplate\":\"https:\/\/aquaforest.eu\/pl\/?s={search_term_string}\"},\"query-input\":{\"@type\":\"PropertyValueSpecification\",\"valueRequired\":true,\"valueName\":\"search_term_string\"}}],\"inLanguage\":\"pl-PL\"},{\"@type\":\"Organization\",\"@id\":\"https:\/\/aquaforest.eu\/pl\/#organization\",\"name\":\"Aquaforest\",\"url\":\"https:\/\/aquaforest.eu\/pl\/\",\"logo\":{\"@type\":\"ImageObject\",\"inLanguage\":\"pl-PL\",\"@id\":\"https:\/\/aquaforest.eu\/pl\/#\/schema\/logo\/image\/\",\"url\":\"https:\/\/aquaforest.eu\/wp-content\/uploads\/2024\/05\/logotyp-aquaforest.svg\",\"contentUrl\":\"https:\/\/aquaforest.eu\/wp-content\/uploads\/2024\/05\/logotyp-aquaforest.svg\",\"width\":170,\"height\":22,\"caption\":\"Aquaforest\"},\"image\":{\"@id\":\"https:\/\/aquaforest.eu\/pl\/#\/schema\/logo\/image\/\"},\"sameAs\":[\"https:\/\/www.facebook.com\/Aquaforest\/\",\"https:\/\/www.instagram.com\/aquaforest.eu\/\"]}]}<\/script>\n<!-- \/ Yoast SEO plugin. -->","yoast_head_json":{"title":"AF Poly Glue - Aquaforest","description":"AF Poly Glue firmy Aquaforest: unikalny klej polimerowy do trwa\u0142ego \u0142\u0105czenia element\u00f3w w akwarium. Niezawodna formu\u0142a zapewniaj\u0105ca mocne po\u0142\u0105czenia i estetyczne aran\u017cacje.","robots":{"index":"index","follow":"follow","max-snippet":"max-snippet:-1","max-image-preview":"max-image-preview:large","max-video-preview":"max-video-preview:-1"},"canonical":"https:\/\/aquaforest.eu\/pl\/produkty\/seawater\/aquascaping\/af-poly-glue\/","og_locale":"pl_PL","og_type":"article","og_title":"AF Poly Glue - Aquaforest","og_description":"AF Poly Glue firmy Aquaforest: unikalny klej polimerowy do trwa\u0142ego \u0142\u0105czenia element\u00f3w w akwarium. Niezawodna formu\u0142a zapewniaj\u0105ca mocne po\u0142\u0105czenia i estetyczne aran\u017cacje.","og_url":"https:\/\/aquaforest.eu\/pl\/produkty\/seawater\/aquascaping\/af-poly-glue\/","og_site_name":"Aquaforest","article_publisher":"https:\/\/www.facebook.com\/Aquaforest\/","article_modified_time":"2024-10-24T10:37:46+00:00","og_image":[{"width":462,"height":600,"url":"https:\/\/aquaforest.eu\/wp-content\/uploads\/2024\/06\/AF-Poly-Glue.png","type":"image\/png"}],"twitter_card":"summary_large_image","twitter_misc":{"Szacowany czas czytania":"2 minuty"},"schema":{"@context":"https:\/\/schema.org","@graph":[{"@type":"WebPage","@id":"https:\/\/aquaforest.eu\/pl\/produkty\/seawater\/aquascaping\/af-poly-glue\/","url":"https:\/\/aquaforest.eu\/pl\/produkty\/seawater\/aquascaping\/af-poly-glue\/","name":"AF Poly Glue - Aquaforest","isPartOf":{"@id":"https:\/\/aquaforest.eu\/pl\/#website"},"primaryImageOfPage":{"@id":"https:\/\/aquaforest.eu\/pl\/produkty\/seawater\/aquascaping\/af-poly-glue\/#primaryimage"},"image":{"@id":"https:\/\/aquaforest.eu\/pl\/produkty\/seawater\/aquascaping\/af-poly-glue\/#primaryimage"},"thumbnailUrl":"https:\/\/aquaforest.eu\/wp-content\/uploads\/2024\/06\/AF-Poly-Glue.png","datePublished":"2024-06-26T00:18:10+00:00","dateModified":"2024-10-24T10:37:46+00:00","description":"AF Poly Glue firmy Aquaforest: unikalny klej polimerowy do trwa\u0142ego \u0142\u0105czenia element\u00f3w w akwarium. Niezawodna formu\u0142a zapewniaj\u0105ca mocne po\u0142\u0105czenia i estetyczne aran\u017cacje.","breadcrumb":{"@id":"https:\/\/aquaforest.eu\/pl\/produkty\/seawater\/aquascaping\/af-poly-glue\/#breadcrumb"},"inLanguage":"pl-PL","potentialAction":[{"@type":"ReadAction","target":["https:\/\/aquaforest.eu\/pl\/produkty\/seawater\/aquascaping\/af-poly-glue\/"]}]},{"@type":"ImageObject","inLanguage":"pl-PL","@id":"https:\/\/aquaforest.eu\/pl\/produkty\/seawater\/aquascaping\/af-poly-glue\/#primaryimage","url":"https:\/\/aquaforest.eu\/wp-content\/uploads\/2024\/06\/AF-Poly-Glue.png","contentUrl":"https:\/\/aquaforest.eu\/wp-content\/uploads\/2024\/06\/AF-Poly-Glue.png","width":462,"height":600},{"@type":"BreadcrumbList","@id":"https:\/\/aquaforest.eu\/pl\/produkty\/seawater\/aquascaping\/af-poly-glue\/#breadcrumb","itemListElement":[{"@type":"ListItem","position":1,"name":"Home","item":"https:\/\/aquaforest.eu\/pl\/"},{"@type":"ListItem","position":2,"name":"Produkty","item":"https:\/\/aquaforest.eu\/pl\/produkty\/"},{"@type":"ListItem","position":3,"name":"AF Poly Glue"}]},{"@type":"WebSite","@id":"https:\/\/aquaforest.eu\/pl\/#website","url":"https:\/\/aquaforest.eu\/pl\/","name":"Aquaforest","description":"","publisher":{"@id":"https:\/\/aquaforest.eu\/pl\/#organization"},"potentialAction":[{"@type":"SearchAction","target":{"@type":"EntryPoint","urlTemplate":"https:\/\/aquaforest.eu\/pl\/?s={search_term_string}"},"query-input":{"@type":"PropertyValueSpecification","valueRequired":true,"valueName":"search_term_string"}}],"inLanguage":"pl-PL"},{"@type":"Organization","@id":"https:\/\/aquaforest.eu\/pl\/#organization","name":"Aquaforest","url":"https:\/\/aquaforest.eu\/pl\/","logo":{"@type":"ImageObject","inLanguage":"pl-PL","@id":"https:\/\/aquaforest.eu\/pl\/#\/schema\/logo\/image\/","url":"https:\/\/aquaforest.eu\/wp-content\/uploads\/2024\/05\/logotyp-aquaforest.svg","contentUrl":"https:\/\/aquaforest.eu\/wp-content\/uploads\/2024\/05\/logotyp-aquaforest.svg","width":170,"height":22,"caption":"Aquaforest"},"image":{"@id":"https:\/\/aquaforest.eu\/pl\/#\/schema\/logo\/image\/"},"sameAs":["https:\/\/www.facebook.com\/Aquaforest\/","https:\/\/www.instagram.com\/aquaforest.eu\/"]}]}},"_links":{"self":[{"href":"https:\/\/aquaforest.eu\/pl\/wp-json\/wp\/v2\/product\/11660","targetHints":{"allow":["GET"]}}],"collection":[{"href":"https:\/\/aquaforest.eu\/pl\/wp-json\/wp\/v2\/product"}],"about":[{"href":"https:\/\/aquaforest.eu\/pl\/wp-json\/wp\/v2\/types\/product"}],"version-history":[{"count":0,"href":"https:\/\/aquaforest.eu\/pl\/wp-json\/wp\/v2\/product\/11660\/revisions"}],"wp:featuredmedia":[{"embeddable":true,"href":"https:\/\/aquaforest.eu\/pl\/wp-json\/wp\/v2\/media\/11780"}],"wp:attachment":[{"href":"https:\/\/aquaforest.eu\/pl\/wp-json\/wp\/v2\/media?parent=11660"}],"wp:term":[{"taxonomy":"product_brand","embeddable":true,"href":"https:\/\/aquaforest.eu\/pl\/wp-json\/wp\/v2\/product_brand?post=11660"},{"taxonomy":"product_cat","embeddable":true,"href":"https:\/\/aquaforest.eu\/pl\/wp-json\/wp\/v2\/product_cat?post=11660"},{"taxonomy":"product_tag","embeddable":true,"href":"https:\/\/aquaforest.eu\/pl\/wp-json\/wp\/v2\/product_tag?post=11660"}],"curies":[{"name":"wp","href":"https:\/\/api.w.org\/{rel}","templated":true}]}}