{"id":11666,"date":"2024-06-26T02:18:14","date_gmt":"2024-06-26T00:18:14","guid":{"rendered":"https:\/\/aquaforest.eu\/products\/bez-kategorii\/af-bio-sand\/"},"modified":"2024-10-24T12:17:04","modified_gmt":"2024-10-24T10:17:04","slug":"af-bio-sand","status":"publish","type":"product","link":"https:\/\/aquaforest.eu\/pl\/produkty\/seawater\/aquascaping\/af-bio-sand\/","title":{"rendered":"AF Bio Sand"},"content":{"rendered":"<h3 class=\"fusion-responsive-typography-calculated\" data-fontsize=\"22\" data-lineheight=\"27.5px\">Przyspiesza proces dojrzewania akwarium<\/h3>\n<p>Naturalny bia\u0142y piasek pozyskany z najwy\u017cszej jako\u015bci z\u0142\u00f3\u017c. Jest pozbawiony wszelkich zanieczyszcze\u0144, a ze wzgl\u0119du na zawarto\u015b\u0107 w\u0119glanu wapnia stabilizuje odczyn wody. Dzi\u0119ki najnowszej technologii zastosowanie AF Bio Sand znacznie przyspiesza proces dojrzewania akwarium i pozwala na szybsze zasiedlenie go. Do\u0142\u0105czone do zestawu butelki zawieraj\u0105 wyizolowane laboratoryjnie szczepy bakterii nitryfikacyjnych oraz po\u017cywk\u0119 u\u0142atwiaj\u0105ca ich rozw\u00f3j i namna\u017canie.<\/p>\n<p>&nbsp;<\/p>\n<hr \/>\n<h3 data-fontsize=\"22\" data-lineheight=\"27.5px\"><\/h3>\n<h3 class=\"fusion-responsive-typography-calculated\" data-fontsize=\"22\" data-lineheight=\"27.5px\">Szybsze zamkni\u0119cie cyklu azotowego i eliminacja szkodliwych zwi\u0105zk\u00f3w<\/h3>\n<p>Specjalistyczna formu\u0142a zestawu gwarantuje zamkni\u0119cie cyklu azotowego i eliminacj\u0119 szkodliwych zwi\u0105zk\u00f3w chemicznych z wody znacznie szybciej ni\u017c w przypadku tradycyjnych pod\u0142o\u017cy. Niezwykle \u0142atwy spos\u00f3b u\u017cycia AF Bio Sand pozwala na b\u0142yskawiczne przygotowanie piasku do u\u017cycia w akwarium. Ze wzgl\u0119du na niezwykle szerokie zastosowanie AF Bio Sand doskonale sprawdzi si\u0119 r\u00f3wnie\u017c w funkcjonuj\u0105cych zbiornikach jako uzupe\u0142nienie pod\u0142o\u017ca. Granulacja piasku to 0,5-1,5 mm.<\/p>\n<p>&nbsp;<\/p>\n<hr \/>\n<h3 data-fontsize=\"22\" data-lineheight=\"27.5px\"><\/h3>\n<h3 class=\"fusion-responsive-typography-calculated\" data-fontsize=\"22\" data-lineheight=\"27.5px\">B\u0142yskawiczne przygotowanie piasku do u\u017cycia w akwarium<\/h3>\n<p><strong>Instrukcja u\u017cycia:<\/strong> Podczas transportu mo\u017ce wytr\u0105ca\u0107 si\u0119 py\u0142, kt\u00f3ry jest bezpieczny dla akwarium, jednak w celu unikni\u0119cia zm\u0119tnienia wody zalecamy wyp\u0142ukanie piasku w wodzie RODI przed zastosowaniem w akwarium. Do 3 litr\u00f3w zasolonej wody wla\u0107 zawarto\u015b\u0107 obu buteleczek, dok\u0142adnie wymiesza\u0107, doda\u0107 do worka z piaskiem i odstawi\u0107 na 24 godziny. W celu umo\u017cliwienia namna\u017cania bakterii nie nale\u017cy zamyka\u0107 worka. Nie zalecamy przechowywania w ch\u0142odnych miejscach, gdy\u017c mo\u017ce to znacz\u0105co wyd\u0142u\u017cy\u0107 czas namna\u017cania bakterii. Optymalna temperatura dojrzewania piasku to oko\u0142o 25-28\u00b0C. Po up\u0142ywie 24 godzin tak przygotowany piasek jest gotowy do u\u017cycia w akwarium. Piasek nale\u017cy stopniowo dodawa\u0107 do zbiornika (niewielkie ilo\u015bci dzie\u0144 po dniu), monitorowa\u0107 zmiany parametr\u00f3w.<\/p>\n<p><img decoding=\"async\" class=\"alignnone size-medium wp-image-2703\" src=\"https:\/\/newaquaforest.stronazen.pl\/wp-content\/uploads\/2024\/06\/AF_Bio-Sand_tabelka-600x286-1-300x143.png\" alt=\"\" width=\"300\" height=\"143\" srcset=\"https:\/\/aquaforest.eu\/wp-content\/uploads\/2024\/06\/AF_Bio-Sand_tabelka-600x286-1-300x143.png 300w, https:\/\/aquaforest.eu\/wp-content\/uploads\/2024\/06\/AF_Bio-Sand_tabelka-600x286-1.png 600w\" sizes=\"(max-width: 300px) 100vw, 300px\" \/><\/p>\n","protected":false},"excerpt":{"rendered":"<p>Naturalny bia\u0142y piasek pochodz\u0105cy z najwy\u017cszej jako\u015bci z\u0142\u00f3\u017c. Wolny od zanieczyszcze\u0144.<\/p>\n","protected":false},"featured_media":11740,"template":"","meta":{"_acf_changed":false,"content-type":""},"product_brand":[],"product_cat":[1150],"product_tag":[967,1098,1568,1422],"class_list":{"0":"post-11666","1":"product","2":"type-product","3":"status-publish","4":"has-post-thumbnail","6":"product_cat-aquascaping","7":"product_tag-aquaforest-pl","8":"product_tag-aquascaping-pl","9":"product_tag-seawater-aquatic-pl","10":"product_tag-variable-pl","12":"first","13":"instock","14":"taxable","15":"shipping-taxable","16":"purchasable","17":"product-type-variable","18":"has-default-attributes"},"acf":[],"yoast_head":"<!-- This site is optimized with the Yoast SEO plugin v27.1.1 - https:\/\/yoast.com\/product\/yoast-seo-wordpress\/ -->\n<title>AF Bio Sand - Aquaforest<\/title>\n<meta name=\"description\" content=\"AF Bio Sand firmy Aquaforest: naturalny piasek do akwari\u00f3w, wspomagaj\u0105cy filtracj\u0119 i zdrowie ekosystemu. Suplement bakteryjny przyspieszaj\u0105cy dojrzewanie akwarium.\" \/>\n<meta name=\"robots\" content=\"index, follow, max-snippet:-1, max-image-preview:large, max-video-preview:-1\" \/>\n<link rel=\"canonical\" href=\"https:\/\/aquaforest.eu\/pl\/produkty\/seawater\/aquascaping\/af-bio-sand\/\" \/>\n<meta property=\"og:locale\" content=\"pl_PL\" \/>\n<meta property=\"og:type\" content=\"article\" \/>\n<meta property=\"og:title\" content=\"AF Bio Sand - Aquaforest\" \/>\n<meta property=\"og:description\" content=\"AF Bio Sand firmy Aquaforest: naturalny piasek do akwari\u00f3w, wspomagaj\u0105cy filtracj\u0119 i zdrowie ekosystemu. Suplement bakteryjny przyspieszaj\u0105cy dojrzewanie akwarium.\" \/>\n<meta property=\"og:url\" content=\"https:\/\/aquaforest.eu\/pl\/produkty\/seawater\/aquascaping\/af-bio-sand\/\" \/>\n<meta property=\"og:site_name\" content=\"Aquaforest\" \/>\n<meta property=\"article:publisher\" content=\"https:\/\/www.facebook.com\/Aquaforest\/\" \/>\n<meta property=\"article:modified_time\" content=\"2024-10-24T10:17:04+00:00\" \/>\n<meta property=\"og:image\" content=\"https:\/\/aquaforest.eu\/wp-content\/uploads\/2024\/06\/AF-Bio-Sand.png\" \/>\n\t<meta property=\"og:image:width\" content=\"395\" \/>\n\t<meta property=\"og:image:height\" content=\"600\" \/>\n\t<meta property=\"og:image:type\" content=\"image\/png\" \/>\n<meta name=\"twitter:card\" content=\"summary_large_image\" \/>\n<meta name=\"twitter:label1\" content=\"Szacowany czas czytania\" \/>\n\t<meta name=\"twitter:data1\" content=\"2 minuty\" \/>\n<script type=\"application\/ld+json\" class=\"yoast-schema-graph\">{\"@context\":\"https:\/\/schema.org\",\"@graph\":[{\"@type\":\"WebPage\",\"@id\":\"https:\/\/aquaforest.eu\/pl\/produkty\/seawater\/aquascaping\/af-bio-sand\/\",\"url\":\"https:\/\/aquaforest.eu\/pl\/produkty\/seawater\/aquascaping\/af-bio-sand\/\",\"name\":\"AF Bio Sand - Aquaforest\",\"isPartOf\":{\"@id\":\"https:\/\/aquaforest.eu\/pl\/#website\"},\"primaryImageOfPage\":{\"@id\":\"https:\/\/aquaforest.eu\/pl\/produkty\/seawater\/aquascaping\/af-bio-sand\/#primaryimage\"},\"image\":{\"@id\":\"https:\/\/aquaforest.eu\/pl\/produkty\/seawater\/aquascaping\/af-bio-sand\/#primaryimage\"},\"thumbnailUrl\":\"https:\/\/aquaforest.eu\/wp-content\/uploads\/2024\/06\/AF-Bio-Sand.png\",\"datePublished\":\"2024-06-26T00:18:14+00:00\",\"dateModified\":\"2024-10-24T10:17:04+00:00\",\"description\":\"AF Bio Sand firmy Aquaforest: naturalny piasek do akwari\u00f3w, wspomagaj\u0105cy filtracj\u0119 i zdrowie ekosystemu. Suplement bakteryjny przyspieszaj\u0105cy dojrzewanie akwarium.\",\"breadcrumb\":{\"@id\":\"https:\/\/aquaforest.eu\/pl\/produkty\/seawater\/aquascaping\/af-bio-sand\/#breadcrumb\"},\"inLanguage\":\"pl-PL\",\"potentialAction\":[{\"@type\":\"ReadAction\",\"target\":[\"https:\/\/aquaforest.eu\/pl\/produkty\/seawater\/aquascaping\/af-bio-sand\/\"]}]},{\"@type\":\"ImageObject\",\"inLanguage\":\"pl-PL\",\"@id\":\"https:\/\/aquaforest.eu\/pl\/produkty\/seawater\/aquascaping\/af-bio-sand\/#primaryimage\",\"url\":\"https:\/\/aquaforest.eu\/wp-content\/uploads\/2024\/06\/AF-Bio-Sand.png\",\"contentUrl\":\"https:\/\/aquaforest.eu\/wp-content\/uploads\/2024\/06\/AF-Bio-Sand.png\",\"width\":395,\"height\":600},{\"@type\":\"BreadcrumbList\",\"@id\":\"https:\/\/aquaforest.eu\/pl\/produkty\/seawater\/aquascaping\/af-bio-sand\/#breadcrumb\",\"itemListElement\":[{\"@type\":\"ListItem\",\"position\":1,\"name\":\"Home\",\"item\":\"https:\/\/aquaforest.eu\/pl\/\"},{\"@type\":\"ListItem\",\"position\":2,\"name\":\"Produkty\",\"item\":\"https:\/\/aquaforest.eu\/pl\/produkty\/\"},{\"@type\":\"ListItem\",\"position\":3,\"name\":\"AF Bio Sand\"}]},{\"@type\":\"WebSite\",\"@id\":\"https:\/\/aquaforest.eu\/pl\/#website\",\"url\":\"https:\/\/aquaforest.eu\/pl\/\",\"name\":\"Aquaforest\",\"description\":\"\",\"publisher\":{\"@id\":\"https:\/\/aquaforest.eu\/pl\/#organization\"},\"potentialAction\":[{\"@type\":\"SearchAction\",\"target\":{\"@type\":\"EntryPoint\",\"urlTemplate\":\"https:\/\/aquaforest.eu\/pl\/?s={search_term_string}\"},\"query-input\":{\"@type\":\"PropertyValueSpecification\",\"valueRequired\":true,\"valueName\":\"search_term_string\"}}],\"inLanguage\":\"pl-PL\"},{\"@type\":\"Organization\",\"@id\":\"https:\/\/aquaforest.eu\/pl\/#organization\",\"name\":\"Aquaforest\",\"url\":\"https:\/\/aquaforest.eu\/pl\/\",\"logo\":{\"@type\":\"ImageObject\",\"inLanguage\":\"pl-PL\",\"@id\":\"https:\/\/aquaforest.eu\/pl\/#\/schema\/logo\/image\/\",\"url\":\"https:\/\/aquaforest.eu\/wp-content\/uploads\/2024\/05\/logotyp-aquaforest.svg\",\"contentUrl\":\"https:\/\/aquaforest.eu\/wp-content\/uploads\/2024\/05\/logotyp-aquaforest.svg\",\"width\":170,\"height\":22,\"caption\":\"Aquaforest\"},\"image\":{\"@id\":\"https:\/\/aquaforest.eu\/pl\/#\/schema\/logo\/image\/\"},\"sameAs\":[\"https:\/\/www.facebook.com\/Aquaforest\/\",\"https:\/\/www.instagram.com\/aquaforest.eu\/\"]}]}<\/script>\n<!-- \/ Yoast SEO plugin. -->","yoast_head_json":{"title":"AF Bio Sand - Aquaforest","description":"AF Bio Sand firmy Aquaforest: naturalny piasek do akwari\u00f3w, wspomagaj\u0105cy filtracj\u0119 i zdrowie ekosystemu. Suplement bakteryjny przyspieszaj\u0105cy dojrzewanie akwarium.","robots":{"index":"index","follow":"follow","max-snippet":"max-snippet:-1","max-image-preview":"max-image-preview:large","max-video-preview":"max-video-preview:-1"},"canonical":"https:\/\/aquaforest.eu\/pl\/produkty\/seawater\/aquascaping\/af-bio-sand\/","og_locale":"pl_PL","og_type":"article","og_title":"AF Bio Sand - Aquaforest","og_description":"AF Bio Sand firmy Aquaforest: naturalny piasek do akwari\u00f3w, wspomagaj\u0105cy filtracj\u0119 i zdrowie ekosystemu. Suplement bakteryjny przyspieszaj\u0105cy dojrzewanie akwarium.","og_url":"https:\/\/aquaforest.eu\/pl\/produkty\/seawater\/aquascaping\/af-bio-sand\/","og_site_name":"Aquaforest","article_publisher":"https:\/\/www.facebook.com\/Aquaforest\/","article_modified_time":"2024-10-24T10:17:04+00:00","og_image":[{"width":395,"height":600,"url":"https:\/\/aquaforest.eu\/wp-content\/uploads\/2024\/06\/AF-Bio-Sand.png","type":"image\/png"}],"twitter_card":"summary_large_image","twitter_misc":{"Szacowany czas czytania":"2 minuty"},"schema":{"@context":"https:\/\/schema.org","@graph":[{"@type":"WebPage","@id":"https:\/\/aquaforest.eu\/pl\/produkty\/seawater\/aquascaping\/af-bio-sand\/","url":"https:\/\/aquaforest.eu\/pl\/produkty\/seawater\/aquascaping\/af-bio-sand\/","name":"AF Bio Sand - Aquaforest","isPartOf":{"@id":"https:\/\/aquaforest.eu\/pl\/#website"},"primaryImageOfPage":{"@id":"https:\/\/aquaforest.eu\/pl\/produkty\/seawater\/aquascaping\/af-bio-sand\/#primaryimage"},"image":{"@id":"https:\/\/aquaforest.eu\/pl\/produkty\/seawater\/aquascaping\/af-bio-sand\/#primaryimage"},"thumbnailUrl":"https:\/\/aquaforest.eu\/wp-content\/uploads\/2024\/06\/AF-Bio-Sand.png","datePublished":"2024-06-26T00:18:14+00:00","dateModified":"2024-10-24T10:17:04+00:00","description":"AF Bio Sand firmy Aquaforest: naturalny piasek do akwari\u00f3w, wspomagaj\u0105cy filtracj\u0119 i zdrowie ekosystemu. Suplement bakteryjny przyspieszaj\u0105cy dojrzewanie akwarium.","breadcrumb":{"@id":"https:\/\/aquaforest.eu\/pl\/produkty\/seawater\/aquascaping\/af-bio-sand\/#breadcrumb"},"inLanguage":"pl-PL","potentialAction":[{"@type":"ReadAction","target":["https:\/\/aquaforest.eu\/pl\/produkty\/seawater\/aquascaping\/af-bio-sand\/"]}]},{"@type":"ImageObject","inLanguage":"pl-PL","@id":"https:\/\/aquaforest.eu\/pl\/produkty\/seawater\/aquascaping\/af-bio-sand\/#primaryimage","url":"https:\/\/aquaforest.eu\/wp-content\/uploads\/2024\/06\/AF-Bio-Sand.png","contentUrl":"https:\/\/aquaforest.eu\/wp-content\/uploads\/2024\/06\/AF-Bio-Sand.png","width":395,"height":600},{"@type":"BreadcrumbList","@id":"https:\/\/aquaforest.eu\/pl\/produkty\/seawater\/aquascaping\/af-bio-sand\/#breadcrumb","itemListElement":[{"@type":"ListItem","position":1,"name":"Home","item":"https:\/\/aquaforest.eu\/pl\/"},{"@type":"ListItem","position":2,"name":"Produkty","item":"https:\/\/aquaforest.eu\/pl\/produkty\/"},{"@type":"ListItem","position":3,"name":"AF Bio Sand"}]},{"@type":"WebSite","@id":"https:\/\/aquaforest.eu\/pl\/#website","url":"https:\/\/aquaforest.eu\/pl\/","name":"Aquaforest","description":"","publisher":{"@id":"https:\/\/aquaforest.eu\/pl\/#organization"},"potentialAction":[{"@type":"SearchAction","target":{"@type":"EntryPoint","urlTemplate":"https:\/\/aquaforest.eu\/pl\/?s={search_term_string}"},"query-input":{"@type":"PropertyValueSpecification","valueRequired":true,"valueName":"search_term_string"}}],"inLanguage":"pl-PL"},{"@type":"Organization","@id":"https:\/\/aquaforest.eu\/pl\/#organization","name":"Aquaforest","url":"https:\/\/aquaforest.eu\/pl\/","logo":{"@type":"ImageObject","inLanguage":"pl-PL","@id":"https:\/\/aquaforest.eu\/pl\/#\/schema\/logo\/image\/","url":"https:\/\/aquaforest.eu\/wp-content\/uploads\/2024\/05\/logotyp-aquaforest.svg","contentUrl":"https:\/\/aquaforest.eu\/wp-content\/uploads\/2024\/05\/logotyp-aquaforest.svg","width":170,"height":22,"caption":"Aquaforest"},"image":{"@id":"https:\/\/aquaforest.eu\/pl\/#\/schema\/logo\/image\/"},"sameAs":["https:\/\/www.facebook.com\/Aquaforest\/","https:\/\/www.instagram.com\/aquaforest.eu\/"]}]}},"_links":{"self":[{"href":"https:\/\/aquaforest.eu\/pl\/wp-json\/wp\/v2\/product\/11666","targetHints":{"allow":["GET"]}}],"collection":[{"href":"https:\/\/aquaforest.eu\/pl\/wp-json\/wp\/v2\/product"}],"about":[{"href":"https:\/\/aquaforest.eu\/pl\/wp-json\/wp\/v2\/types\/product"}],"version-history":[{"count":0,"href":"https:\/\/aquaforest.eu\/pl\/wp-json\/wp\/v2\/product\/11666\/revisions"}],"wp:featuredmedia":[{"embeddable":true,"href":"https:\/\/aquaforest.eu\/pl\/wp-json\/wp\/v2\/media\/11740"}],"wp:attachment":[{"href":"https:\/\/aquaforest.eu\/pl\/wp-json\/wp\/v2\/media?parent=11666"}],"wp:term":[{"taxonomy":"product_brand","embeddable":true,"href":"https:\/\/aquaforest.eu\/pl\/wp-json\/wp\/v2\/product_brand?post=11666"},{"taxonomy":"product_cat","embeddable":true,"href":"https:\/\/aquaforest.eu\/pl\/wp-json\/wp\/v2\/product_cat?post=11666"},{"taxonomy":"product_tag","embeddable":true,"href":"https:\/\/aquaforest.eu\/pl\/wp-json\/wp\/v2\/product_tag?post=11666"}],"curies":[{"name":"wp","href":"https:\/\/api.w.org\/{rel}","templated":true}]}}