{"id":11734,"date":"2024-06-26T02:18:08","date_gmt":"2024-06-26T00:18:08","guid":{"rendered":"https:\/\/aquaforest.eu\/products\/bez-kategorii\/af-easy-gloss\/"},"modified":"2025-02-05T12:11:13","modified_gmt":"2025-02-05T11:11:13","slug":"af-easy-gloss","status":"publish","type":"product","link":"https:\/\/aquaforest.eu\/pl\/produkty\/seawater\/wyposazenie-akwarium\/af-easy-gloss\/","title":{"rendered":"AF Easy Gloss"},"content":{"rendered":"<h1>AF Easy Gloss &#8211; skuteczny \u015brodek pozwalaj\u0105cy na \u0142atwe i bezpieczne czyszczenie akwari\u00f3w morskich.<\/h1>\n<p>AF Easy Gloss to p\u0142yn rewelacyjnie, kt\u00f3ry radzi sobie nawet z najbardziej uporczywymi zabrudzeniami pojawiaj\u0105cymi si\u0119 na szybach zbiornika. W akwarium morskim z \u0142atwo\u015bci\u0105 usunie t\u0142uste zacieki powstaj\u0105ce od solanki. W akwarium s\u0142odkowodnym usunie uporczywy, kamienny osad. Pozwoli na perfekcyjne oczyszczenie szyb bez pozostawiania smug. Produkt, poza wysok\u0105 skuteczno\u015bci\u0105, przede wszystkim cechuje bezpiecze\u0144stwo, tak wa\u017cne w przypadku pracy przy akwariach. Zosta\u0142 stworzony ze sprawdzonych sk\u0142adnik\u00f3w, kt\u00f3re nie wp\u0142ywaj\u0105 negatywnie na kondycj\u0119 i zdrowie koralowc\u00f3w oraz ryb. Unikalna formu\u0142a zosta\u0142a przetestowana laboratoryjnie tak, aby uzyska\u0107 najwy\u017cszej klasy skuteczno\u015b\u0107 przy jednoczesnym zachowaniu odpowiedniego bezpiecze\u0144stwa \u015brodka czyszcz\u0105cego. Dzi\u0119ki temu produktu mo\u017cemy u\u017cywa\u0107 bez obaw o to, \u017ce jakiekolwiek, szkodliwe substancje dostan\u0105 si\u0119 do komory odpieniacza.<br \/>\nProdukt o przyjemnym lawendowym zapachu w wygodnej butelce ze spryskiwaczem.<\/p>\n<p>&nbsp;<\/p>\n<hr \/>\n<p>&nbsp;<\/p>\n<p><strong>Kluczowe cechy:<\/strong><\/p>\n<ul>\n<li>Sk\u0142ad w 100% bezpieczny dla ryb i koralowc\u00f3w<\/li>\n<li>Mo\u017ce zosta\u0107 bezpiecznie u\u017cyty w ka\u017cdym typie akwari\u00f3w<\/li>\n<li>Wydajny i efektywny<\/li>\n<li>Skutecznie usuwa t\u0142uste zacieki z powierzchni szk\u0142a<\/li>\n<li>Usuwa kamie\u0144<\/li>\n<li>Nie pozostawia smug<\/li>\n<li>Przyjemny lawendowy zapach<\/li>\n<\/ul>\n<p>&nbsp;<\/p>\n<hr \/>\n<p>&nbsp;<\/p>\n<p><strong>Spos\u00f3b u\u017cycia:<\/strong><br \/>\nZ pomoc\u0105 AF Easy Gloss spryskaj r\u0119cznik papierowy, po czym przyst\u0105p do czyszczenia akwarium. Po sko\u0144czonej pracy wypoleruj akwarium jeszcze raz, tym razem suchym r\u0119cznikiem.<\/p>\n<p>&nbsp;<\/p>\n<p>Przechowywa\u0107 w ch\u0142odnym miejscu z daleka od dzieci.<\/p>\n","protected":false},"excerpt":{"rendered":"<p>Nietoksyczny i skuteczny \u015brodek do czyszczenia szk\u0142a. Usuwa plamy pozostawione po\u00a0 s\u0142onej wodzie. Produkt o przyjemnym zapachu lawendy w wygodnej butelce z rozpylaczem.<\/p>\n","protected":false},"featured_media":11744,"template":"","meta":{"_acf_changed":false,"content-type":""},"product_brand":[],"product_cat":[1147],"product_tag":[967,1568,1421,1101],"class_list":{"0":"post-11734","1":"product","2":"type-product","3":"status-publish","4":"has-post-thumbnail","6":"product_cat-wyposazenie-akwarium","7":"product_tag-aquaforest-pl","8":"product_tag-seawater-aquatic-pl","9":"product_tag-simple-pl","10":"product_tag-wyposazenie-akwarium","12":"first","13":"instock","14":"taxable","15":"shipping-taxable","16":"purchasable","17":"product-type-simple"},"acf":[],"yoast_head":"<!-- This site is optimized with the Yoast SEO plugin v27.1.1 - https:\/\/yoast.com\/product\/yoast-seo-wordpress\/ -->\n<title>AF Easy Gloss - efektywny \u015brodek do czyszczenia akwarium<\/title>\n<meta name=\"description\" content=\"AF Easy Gloss to innowacyjny preparat do akwari\u00f3w morskich, kt\u00f3ry zapewnia doskona\u0142y po\u0142ysk, czysto\u015b\u0107 szyb oraz pi\u0119kny lawendowy zapach.\" \/>\n<meta name=\"robots\" content=\"index, follow, max-snippet:-1, max-image-preview:large, max-video-preview:-1\" \/>\n<link rel=\"canonical\" href=\"https:\/\/aquaforest.eu\/pl\/produkty\/seawater\/wyposazenie-akwarium\/af-easy-gloss\/\" \/>\n<meta property=\"og:locale\" content=\"pl_PL\" \/>\n<meta property=\"og:type\" content=\"article\" \/>\n<meta property=\"og:title\" content=\"AF Easy Gloss - efektywny \u015brodek do czyszczenia akwarium\" \/>\n<meta property=\"og:description\" content=\"AF Easy Gloss to innowacyjny preparat do akwari\u00f3w morskich, kt\u00f3ry zapewnia doskona\u0142y po\u0142ysk, czysto\u015b\u0107 szyb oraz pi\u0119kny lawendowy zapach.\" \/>\n<meta property=\"og:url\" content=\"https:\/\/aquaforest.eu\/pl\/produkty\/seawater\/wyposazenie-akwarium\/af-easy-gloss\/\" \/>\n<meta property=\"og:site_name\" content=\"Aquaforest\" \/>\n<meta property=\"article:publisher\" content=\"https:\/\/www.facebook.com\/Aquaforest\/\" \/>\n<meta property=\"article:modified_time\" content=\"2025-02-05T11:11:13+00:00\" \/>\n<meta property=\"og:image\" content=\"https:\/\/aquaforest.eu\/wp-content\/uploads\/2024\/06\/AF-Easy-Gloss.png\" \/>\n\t<meta property=\"og:image:width\" content=\"253\" \/>\n\t<meta property=\"og:image:height\" content=\"600\" \/>\n\t<meta property=\"og:image:type\" content=\"image\/png\" \/>\n<meta name=\"twitter:card\" content=\"summary_large_image\" \/>\n<meta name=\"twitter:label1\" content=\"Szacowany czas czytania\" \/>\n\t<meta name=\"twitter:data1\" content=\"2 minuty\" \/>\n<script type=\"application\/ld+json\" class=\"yoast-schema-graph\">{\"@context\":\"https:\/\/schema.org\",\"@graph\":[{\"@type\":\"WebPage\",\"@id\":\"https:\/\/aquaforest.eu\/pl\/produkty\/seawater\/wyposazenie-akwarium\/af-easy-gloss\/\",\"url\":\"https:\/\/aquaforest.eu\/pl\/produkty\/seawater\/wyposazenie-akwarium\/af-easy-gloss\/\",\"name\":\"AF Easy Gloss - efektywny \u015brodek do czyszczenia akwarium\",\"isPartOf\":{\"@id\":\"https:\/\/aquaforest.eu\/pl\/#website\"},\"primaryImageOfPage\":{\"@id\":\"https:\/\/aquaforest.eu\/pl\/produkty\/seawater\/wyposazenie-akwarium\/af-easy-gloss\/#primaryimage\"},\"image\":{\"@id\":\"https:\/\/aquaforest.eu\/pl\/produkty\/seawater\/wyposazenie-akwarium\/af-easy-gloss\/#primaryimage\"},\"thumbnailUrl\":\"https:\/\/aquaforest.eu\/wp-content\/uploads\/2024\/06\/AF-Easy-Gloss.png\",\"datePublished\":\"2024-06-26T00:18:08+00:00\",\"dateModified\":\"2025-02-05T11:11:13+00:00\",\"description\":\"AF Easy Gloss to innowacyjny preparat do akwari\u00f3w morskich, kt\u00f3ry zapewnia doskona\u0142y po\u0142ysk, czysto\u015b\u0107 szyb oraz pi\u0119kny lawendowy zapach.\",\"breadcrumb\":{\"@id\":\"https:\/\/aquaforest.eu\/pl\/produkty\/seawater\/wyposazenie-akwarium\/af-easy-gloss\/#breadcrumb\"},\"inLanguage\":\"pl-PL\",\"potentialAction\":[{\"@type\":\"ReadAction\",\"target\":[\"https:\/\/aquaforest.eu\/pl\/produkty\/seawater\/wyposazenie-akwarium\/af-easy-gloss\/\"]}]},{\"@type\":\"ImageObject\",\"inLanguage\":\"pl-PL\",\"@id\":\"https:\/\/aquaforest.eu\/pl\/produkty\/seawater\/wyposazenie-akwarium\/af-easy-gloss\/#primaryimage\",\"url\":\"https:\/\/aquaforest.eu\/wp-content\/uploads\/2024\/06\/AF-Easy-Gloss.png\",\"contentUrl\":\"https:\/\/aquaforest.eu\/wp-content\/uploads\/2024\/06\/AF-Easy-Gloss.png\",\"width\":253,\"height\":600,\"caption\":\"AF Easy Gloss - \u015brodek do mycia akwarium morskiego pozwalaj\u0105cy utrzyma\u0107 \u015bwie\u017co\u015b\u0107 i czysto\u015b\u0107 akwarium.\"},{\"@type\":\"BreadcrumbList\",\"@id\":\"https:\/\/aquaforest.eu\/pl\/produkty\/seawater\/wyposazenie-akwarium\/af-easy-gloss\/#breadcrumb\",\"itemListElement\":[{\"@type\":\"ListItem\",\"position\":1,\"name\":\"Home\",\"item\":\"https:\/\/aquaforest.eu\/pl\/\"},{\"@type\":\"ListItem\",\"position\":2,\"name\":\"Produkty\",\"item\":\"https:\/\/aquaforest.eu\/pl\/produkty\/\"},{\"@type\":\"ListItem\",\"position\":3,\"name\":\"AF Easy Gloss\"}]},{\"@type\":\"WebSite\",\"@id\":\"https:\/\/aquaforest.eu\/pl\/#website\",\"url\":\"https:\/\/aquaforest.eu\/pl\/\",\"name\":\"Aquaforest\",\"description\":\"\",\"publisher\":{\"@id\":\"https:\/\/aquaforest.eu\/pl\/#organization\"},\"potentialAction\":[{\"@type\":\"SearchAction\",\"target\":{\"@type\":\"EntryPoint\",\"urlTemplate\":\"https:\/\/aquaforest.eu\/pl\/?s={search_term_string}\"},\"query-input\":{\"@type\":\"PropertyValueSpecification\",\"valueRequired\":true,\"valueName\":\"search_term_string\"}}],\"inLanguage\":\"pl-PL\"},{\"@type\":\"Organization\",\"@id\":\"https:\/\/aquaforest.eu\/pl\/#organization\",\"name\":\"Aquaforest\",\"url\":\"https:\/\/aquaforest.eu\/pl\/\",\"logo\":{\"@type\":\"ImageObject\",\"inLanguage\":\"pl-PL\",\"@id\":\"https:\/\/aquaforest.eu\/pl\/#\/schema\/logo\/image\/\",\"url\":\"https:\/\/aquaforest.eu\/wp-content\/uploads\/2024\/05\/logotyp-aquaforest.svg\",\"contentUrl\":\"https:\/\/aquaforest.eu\/wp-content\/uploads\/2024\/05\/logotyp-aquaforest.svg\",\"width\":170,\"height\":22,\"caption\":\"Aquaforest\"},\"image\":{\"@id\":\"https:\/\/aquaforest.eu\/pl\/#\/schema\/logo\/image\/\"},\"sameAs\":[\"https:\/\/www.facebook.com\/Aquaforest\/\",\"https:\/\/www.instagram.com\/aquaforest.eu\/\"]}]}<\/script>\n<!-- \/ Yoast SEO plugin. -->","yoast_head_json":{"title":"AF Easy Gloss - efektywny \u015brodek do czyszczenia akwarium","description":"AF Easy Gloss to innowacyjny preparat do akwari\u00f3w morskich, kt\u00f3ry zapewnia doskona\u0142y po\u0142ysk, czysto\u015b\u0107 szyb oraz pi\u0119kny lawendowy zapach.","robots":{"index":"index","follow":"follow","max-snippet":"max-snippet:-1","max-image-preview":"max-image-preview:large","max-video-preview":"max-video-preview:-1"},"canonical":"https:\/\/aquaforest.eu\/pl\/produkty\/seawater\/wyposazenie-akwarium\/af-easy-gloss\/","og_locale":"pl_PL","og_type":"article","og_title":"AF Easy Gloss - efektywny \u015brodek do czyszczenia akwarium","og_description":"AF Easy Gloss to innowacyjny preparat do akwari\u00f3w morskich, kt\u00f3ry zapewnia doskona\u0142y po\u0142ysk, czysto\u015b\u0107 szyb oraz pi\u0119kny lawendowy zapach.","og_url":"https:\/\/aquaforest.eu\/pl\/produkty\/seawater\/wyposazenie-akwarium\/af-easy-gloss\/","og_site_name":"Aquaforest","article_publisher":"https:\/\/www.facebook.com\/Aquaforest\/","article_modified_time":"2025-02-05T11:11:13+00:00","og_image":[{"width":253,"height":600,"url":"https:\/\/aquaforest.eu\/wp-content\/uploads\/2024\/06\/AF-Easy-Gloss.png","type":"image\/png"}],"twitter_card":"summary_large_image","twitter_misc":{"Szacowany czas czytania":"2 minuty"},"schema":{"@context":"https:\/\/schema.org","@graph":[{"@type":"WebPage","@id":"https:\/\/aquaforest.eu\/pl\/produkty\/seawater\/wyposazenie-akwarium\/af-easy-gloss\/","url":"https:\/\/aquaforest.eu\/pl\/produkty\/seawater\/wyposazenie-akwarium\/af-easy-gloss\/","name":"AF Easy Gloss - efektywny \u015brodek do czyszczenia akwarium","isPartOf":{"@id":"https:\/\/aquaforest.eu\/pl\/#website"},"primaryImageOfPage":{"@id":"https:\/\/aquaforest.eu\/pl\/produkty\/seawater\/wyposazenie-akwarium\/af-easy-gloss\/#primaryimage"},"image":{"@id":"https:\/\/aquaforest.eu\/pl\/produkty\/seawater\/wyposazenie-akwarium\/af-easy-gloss\/#primaryimage"},"thumbnailUrl":"https:\/\/aquaforest.eu\/wp-content\/uploads\/2024\/06\/AF-Easy-Gloss.png","datePublished":"2024-06-26T00:18:08+00:00","dateModified":"2025-02-05T11:11:13+00:00","description":"AF Easy Gloss to innowacyjny preparat do akwari\u00f3w morskich, kt\u00f3ry zapewnia doskona\u0142y po\u0142ysk, czysto\u015b\u0107 szyb oraz pi\u0119kny lawendowy zapach.","breadcrumb":{"@id":"https:\/\/aquaforest.eu\/pl\/produkty\/seawater\/wyposazenie-akwarium\/af-easy-gloss\/#breadcrumb"},"inLanguage":"pl-PL","potentialAction":[{"@type":"ReadAction","target":["https:\/\/aquaforest.eu\/pl\/produkty\/seawater\/wyposazenie-akwarium\/af-easy-gloss\/"]}]},{"@type":"ImageObject","inLanguage":"pl-PL","@id":"https:\/\/aquaforest.eu\/pl\/produkty\/seawater\/wyposazenie-akwarium\/af-easy-gloss\/#primaryimage","url":"https:\/\/aquaforest.eu\/wp-content\/uploads\/2024\/06\/AF-Easy-Gloss.png","contentUrl":"https:\/\/aquaforest.eu\/wp-content\/uploads\/2024\/06\/AF-Easy-Gloss.png","width":253,"height":600,"caption":"AF Easy Gloss - \u015brodek do mycia akwarium morskiego pozwalaj\u0105cy utrzyma\u0107 \u015bwie\u017co\u015b\u0107 i czysto\u015b\u0107 akwarium."},{"@type":"BreadcrumbList","@id":"https:\/\/aquaforest.eu\/pl\/produkty\/seawater\/wyposazenie-akwarium\/af-easy-gloss\/#breadcrumb","itemListElement":[{"@type":"ListItem","position":1,"name":"Home","item":"https:\/\/aquaforest.eu\/pl\/"},{"@type":"ListItem","position":2,"name":"Produkty","item":"https:\/\/aquaforest.eu\/pl\/produkty\/"},{"@type":"ListItem","position":3,"name":"AF Easy Gloss"}]},{"@type":"WebSite","@id":"https:\/\/aquaforest.eu\/pl\/#website","url":"https:\/\/aquaforest.eu\/pl\/","name":"Aquaforest","description":"","publisher":{"@id":"https:\/\/aquaforest.eu\/pl\/#organization"},"potentialAction":[{"@type":"SearchAction","target":{"@type":"EntryPoint","urlTemplate":"https:\/\/aquaforest.eu\/pl\/?s={search_term_string}"},"query-input":{"@type":"PropertyValueSpecification","valueRequired":true,"valueName":"search_term_string"}}],"inLanguage":"pl-PL"},{"@type":"Organization","@id":"https:\/\/aquaforest.eu\/pl\/#organization","name":"Aquaforest","url":"https:\/\/aquaforest.eu\/pl\/","logo":{"@type":"ImageObject","inLanguage":"pl-PL","@id":"https:\/\/aquaforest.eu\/pl\/#\/schema\/logo\/image\/","url":"https:\/\/aquaforest.eu\/wp-content\/uploads\/2024\/05\/logotyp-aquaforest.svg","contentUrl":"https:\/\/aquaforest.eu\/wp-content\/uploads\/2024\/05\/logotyp-aquaforest.svg","width":170,"height":22,"caption":"Aquaforest"},"image":{"@id":"https:\/\/aquaforest.eu\/pl\/#\/schema\/logo\/image\/"},"sameAs":["https:\/\/www.facebook.com\/Aquaforest\/","https:\/\/www.instagram.com\/aquaforest.eu\/"]}]}},"_links":{"self":[{"href":"https:\/\/aquaforest.eu\/pl\/wp-json\/wp\/v2\/product\/11734","targetHints":{"allow":["GET"]}}],"collection":[{"href":"https:\/\/aquaforest.eu\/pl\/wp-json\/wp\/v2\/product"}],"about":[{"href":"https:\/\/aquaforest.eu\/pl\/wp-json\/wp\/v2\/types\/product"}],"version-history":[{"count":3,"href":"https:\/\/aquaforest.eu\/pl\/wp-json\/wp\/v2\/product\/11734\/revisions"}],"predecessor-version":[{"id":21842,"href":"https:\/\/aquaforest.eu\/pl\/wp-json\/wp\/v2\/product\/11734\/revisions\/21842"}],"wp:featuredmedia":[{"embeddable":true,"href":"https:\/\/aquaforest.eu\/pl\/wp-json\/wp\/v2\/media\/11744"}],"wp:attachment":[{"href":"https:\/\/aquaforest.eu\/pl\/wp-json\/wp\/v2\/media?parent=11734"}],"wp:term":[{"taxonomy":"product_brand","embeddable":true,"href":"https:\/\/aquaforest.eu\/pl\/wp-json\/wp\/v2\/product_brand?post=11734"},{"taxonomy":"product_cat","embeddable":true,"href":"https:\/\/aquaforest.eu\/pl\/wp-json\/wp\/v2\/product_cat?post=11734"},{"taxonomy":"product_tag","embeddable":true,"href":"https:\/\/aquaforest.eu\/pl\/wp-json\/wp\/v2\/product_tag?post=11734"}],"curies":[{"name":"wp","href":"https:\/\/api.w.org\/{rel}","templated":true}]}}