{"id":11735,"date":"2024-06-26T02:18:08","date_gmt":"2024-06-26T00:18:08","guid":{"rendered":"https:\/\/aquaforest.eu\/products\/bez-kategorii\/af-air-scrubber\/"},"modified":"2024-11-13T12:28:46","modified_gmt":"2024-11-13T11:28:46","slug":"af-air-scrubber","status":"publish","type":"product","link":"https:\/\/aquaforest.eu\/pl\/produkty\/seawater\/wyposazenie-akwarium\/af-air-scrubber\/","title":{"rendered":"AF Air Scrubber"},"content":{"rendered":"<h3 class=\"fusion-responsive-typography-calculated\" data-fontsize=\"22\" data-lineheight=\"27.5px\">Utrzymanie stabilnego pH w akwarium<\/h3>\n<p>Dzienne wahania poziomu dwutlenku w\u0119gla s\u0105 spowodowane codziennymi czynno\u015bciami domowymi i wp\u0142ywaj\u0105 negatywnie na pH wody w akwarium. Im wy\u017csze st\u0119\u017cenie dwutlenku w\u0119gla w powietrzu pobieranym przez odpieniacz, tym wy\u017csze jest zakwaszenie wody skutkuj\u0105ce spadkiem pH, destabilizacj\u0105 KH a co za tym idzie znacznie spowolnion\u0105 kalcyfikacj\u0105 koralowc\u00f3w. D\u0142ugotrwa\u0142e wahania skutkuj\u0105 znacznym pogorszeniem kondycji koralowc\u00f3w a czasem nawet ich \u015bmierci\u0105. Kiedy \u015bwiat\u0142a w akwarium s\u0105 w\u0142\u0105czone, proces fotosyntezy pozwala na stabilizacj\u0119 pH akwarium. Jednak\u017ce noc\u0105, kiedy zwi\u0119ksza si\u0119 zapotrzebowanie na tlen, spada r\u00f3wnie\u017c pH. Dotyczy to przede wszystkim jesieni i zimy, kiedy rzadziej wietrzymy pomieszczenia. To czas na zastosowanie AF Air Scrubber, kt\u00f3ry umo\u017cliwi stabilizacj\u0119 kluczowych parametr\u00f3w akwarium. AF Air Scrubber i medium absorbuj\u0105ce pomagaj\u0105 zapobiec szkodliwym wahaniom parametr\u00f3w spowodowanym niskim pH wody. AF Air Scrubber wykonano w ca\u0142o\u015bci z najwy\u017cszej jako\u015bci bia\u0142ego i transparentnego akrylu. Nowoczesny design gwarantuje nie tylko \u015bwietny wygl\u0105d, ale r\u00f3wnie\u017c \u0142atwo\u015b\u0107 u\u017cytkowania na zewn\u0105trz lub w \u015brodku szafki. Funkcjonalno\u015b\u0107 i ergonomia by\u0142y kluczowe dla tego projektu. Dlatego, AF Air Scrubber jest \u0142atwy w monta\u017cu i serwisowaniu, jednocze\u015bnie zapewniaj\u0105c odpowiedni przep\u0142yw powietrza przez medium.<br \/>\nTym, co odr\u00f3\u017cnia AF Air Scrubber od innych tego typu produkt\u00f3w jest jego podstawa. W \u015brodku znajduj\u0105 si\u0119 trzy doci\u0119te na wymiar g\u0105bki, zaprojektowane tak, by namoczone wcze\u015bniej w wodzie RO nawil\u017ca\u0142y powietrze i poprawia\u0142y wydajno\u015b\u0107 produktu. Dla zapewnienia ci\u0105g\u0142o\u015bci optymalnej pracy g\u0105bki zawsze powinny by\u0107 mokre. Je\u017celi wyschn\u0105, zanim wymiana medi\u00f3w b\u0119dzie konieczna, wystarczy wyj\u0105\u0107 g\u0105bki, zamoczy\u0107 je w wodzie RO i ponownie z\u0142o\u017cy\u0107 reaktor. Testy laboratoryjne wskazuj\u0105, \u017ce technologia ta znacz\u0105co poprawia czas dzia\u0142ania wk\u0142adu czyni\u0105c AF Air Scrubber wydajnym i op\u0142acalnym rozwi\u0105zaniem.<\/p>\n<p>&nbsp;<\/p>\n<hr \/>\n<h3 data-fontsize=\"22\" data-lineheight=\"27.5px\"><\/h3>\n<h3 class=\"fusion-responsive-typography-calculated\" data-fontsize=\"22\" data-lineheight=\"27.5px\">Obni\u017cenie poziomiu CO2 w akwarium<\/h3>\n<p>Korpus reaktora jest zaprojektowany tak, by powietrze dostawa\u0142o si\u0119 do \u015brodka przez warstw\u0119 nawil\u017conych g\u0105bek na dole, nast\u0119pnie powietrze kieruje si\u0119 w g\u00f3r\u0119 przez siatk\u0119, gwarantuj\u0105c usuni\u0119cie najwi\u0119kszej mo\u017cliwej ilo\u015bci CO2 przed wej\u015bciem do odpieniacza lub akwarium. Wk\u0142ad filtruj\u0105cy powietrze jest z obu stron zabezpieczony g\u0105bkami poch\u0142aniaj\u0105cymi py\u0142. Wieczko reaktora oparte o system zamkni\u0119cia smart-twist gwarantuje szybki i \u0142atwy dost\u0119p do wn\u0119trza reaktora. W celu zapewnienia w\u0142a\u015bciwego poboru powietrza zastosowano uszczelki gwarantuj\u0105ce przep\u0142yw z g\u00f3ry na d\u00f3\u0142. W efekcie, medium zmieniaj\u0105ce kolor zu\u017cywa si\u0119 stopniowo, \u0142atwo sygnalizuj\u0105c czas wymiany wk\u0142adu. Zalecamy wymian\u0119 medium, zanim kolor zmieni si\u0119 ca\u0142kowicie. Na zewn\u0119trznej cz\u0119\u015bci pokrywy znajduje si\u0119 10 mm (\u215c\u201d) z\u0142\u0105cze na w\u0105\u017c. Efekt dzia\u0142ania urz\u0105dzenia jest widoczny ju\u017c po kilku dniach, kiedy pojawia si\u0119 znaczny wzrost pH.<br \/>\nZgodnie z naszymi testami AF Air Scrubber podnosi pH o oko\u0142o 0.2-0.4 i pozwala na jego stabilizacj\u0119 w zakresie 8.0-8.4. Rekomendujemy stosowanie AF Air Scrubber w zestawie z wk\u0142adem AF -CO2 Media. Takie po\u0142\u0105czenie gwarantuje najbardziej efektywne usuwanie CO2 z powietrza zasysanego przez odpieniacz.<\/p>\n<p>&nbsp;<\/p>\n<hr \/>\n<h3 data-fontsize=\"22\" data-lineheight=\"27.5px\"><\/h3>\n<h3 class=\"fusion-responsive-typography-calculated\" data-fontsize=\"22\" data-lineheight=\"27.5px\"><strong>Aquaforest AF Air Scrubber \u2013 kluczowe cechy<\/strong><\/h3>\n<ul>\n<li>Obni\u017ca poziom CO2, dzi\u0119ki czemu podnosi pH<\/li>\n<li>Stabilizuje poziomy pH w dzie\u0144 i w nocy<\/li>\n<li>Zapobiega nag\u0142ym skokom dKH<\/li>\n<li>Du\u017ca pojemno\u015b\u0107 \u2013 2.3 litra<\/li>\n<li>Innowacyjna technologia poprawiaj\u0105ca \u017cywotno\u015b\u0107 i wydajno\u015b\u0107 medium<\/li>\n<li>Kompatybilne z odpieniaczami z rurk\u0105 10 mm \u215c\u201d<\/li>\n<li>\u0141atwy w u\u017cyciu<\/li>\n<li>Najwy\u017cszej jako\u015bci materia\u0142y<\/li>\n<\/ul>\n<p>&nbsp;<\/p>\n<hr \/>\n<p>&nbsp;<\/p>\n<p><strong>Wymiary:<\/strong><\/p>\n<p>Wysoko\u015b\u0107: 35,5 cm + 3,5 cm (przy\u0142\u0105cza)<br \/>\nSzeroko\u015b\u0107: 15,5 cm<\/p>\n<p><strong>Wa\u017cne<\/strong> Wk\u0142ad poch\u0142aniaj\u0105cy CO2 nie wchodzi w sk\u0142ad zestawu. pH wody zmienia si\u0119 w rytmie dobowym, dlatego pomiary nale\u017cy prowadzi\u0107 zawsze o tej samej porze. Zu\u017cyte medium filtracyjne pozostawione zbyt d\u0142ugo w reaktorze mo\u017ce powr\u00f3ci\u0107 do swojej pierwotnej barwy, nie b\u0119dzie jednak efektywnie poch\u0142ania\u0107 CO2. W trakcie wymiany medium nale\u017cy za\u0142o\u017cy\u0107 r\u0119kawiczki i dobrze wentylowa\u0107 pomieszczenie. W filtrze mo\u017cna umie\u015bci\u0107 AF Air Scrubber Media w po\u0142\u0105czeniu z Carbon.<\/p>\n","protected":false},"excerpt":{"rendered":"<p>Idealne rozwi\u0105zanie do podnoszenia pH w akwarium. Stabilizuje poziom pH w dzie\u0144 i w nocy.<\/p>\n","protected":false},"featured_media":11739,"template":"","meta":{"_acf_changed":false,"content-type":""},"product_brand":[],"product_cat":[1147],"product_tag":[967,1568,1421,1101],"class_list":{"0":"post-11735","1":"product","2":"type-product","3":"status-publish","4":"has-post-thumbnail","6":"product_cat-wyposazenie-akwarium","7":"product_tag-aquaforest-pl","8":"product_tag-seawater-aquatic-pl","9":"product_tag-simple-pl","10":"product_tag-wyposazenie-akwarium","12":"first","13":"instock","14":"taxable","15":"shipping-taxable","16":"purchasable","17":"product-type-simple"},"acf":[],"yoast_head":"<!-- This site is optimized with the Yoast SEO plugin v27.1.1 - https:\/\/yoast.com\/product\/yoast-seo-wordpress\/ -->\n<title>AF Air Scrubber - Aquaforest<\/title>\n<meta name=\"description\" content=\"AF Air Scrubber od Aquaforest - idealne rozwi\u0105zanie do podniesienia pH w akwarium. Zapewnij koralowcom zdrowe \u015brodowisko!\" \/>\n<meta name=\"robots\" content=\"index, follow, max-snippet:-1, max-image-preview:large, max-video-preview:-1\" \/>\n<link rel=\"canonical\" href=\"https:\/\/aquaforest.eu\/pl\/produkty\/seawater\/wyposazenie-akwarium\/af-air-scrubber\/\" \/>\n<meta property=\"og:locale\" content=\"pl_PL\" \/>\n<meta property=\"og:type\" content=\"article\" \/>\n<meta property=\"og:title\" content=\"AF Air Scrubber - Aquaforest\" \/>\n<meta property=\"og:description\" content=\"AF Air Scrubber od Aquaforest - idealne rozwi\u0105zanie do podniesienia pH w akwarium. Zapewnij koralowcom zdrowe \u015brodowisko!\" \/>\n<meta property=\"og:url\" content=\"https:\/\/aquaforest.eu\/pl\/produkty\/seawater\/wyposazenie-akwarium\/af-air-scrubber\/\" \/>\n<meta property=\"og:site_name\" content=\"Aquaforest\" \/>\n<meta property=\"article:publisher\" content=\"https:\/\/www.facebook.com\/Aquaforest\/\" \/>\n<meta property=\"article:modified_time\" content=\"2024-11-13T11:28:46+00:00\" \/>\n<meta property=\"og:image\" content=\"https:\/\/aquaforest.eu\/wp-content\/uploads\/2024\/06\/AF-Air-Scrubber.png\" \/>\n\t<meta property=\"og:image:width\" content=\"377\" \/>\n\t<meta property=\"og:image:height\" content=\"600\" \/>\n\t<meta property=\"og:image:type\" content=\"image\/png\" \/>\n<meta name=\"twitter:card\" content=\"summary_large_image\" \/>\n<meta name=\"twitter:label1\" content=\"Szacowany czas czytania\" \/>\n\t<meta name=\"twitter:data1\" content=\"3 minuty\" \/>\n<script type=\"application\/ld+json\" class=\"yoast-schema-graph\">{\"@context\":\"https:\/\/schema.org\",\"@graph\":[{\"@type\":\"WebPage\",\"@id\":\"https:\/\/aquaforest.eu\/pl\/produkty\/seawater\/wyposazenie-akwarium\/af-air-scrubber\/\",\"url\":\"https:\/\/aquaforest.eu\/pl\/produkty\/seawater\/wyposazenie-akwarium\/af-air-scrubber\/\",\"name\":\"AF Air Scrubber - Aquaforest\",\"isPartOf\":{\"@id\":\"https:\/\/aquaforest.eu\/pl\/#website\"},\"primaryImageOfPage\":{\"@id\":\"https:\/\/aquaforest.eu\/pl\/produkty\/seawater\/wyposazenie-akwarium\/af-air-scrubber\/#primaryimage\"},\"image\":{\"@id\":\"https:\/\/aquaforest.eu\/pl\/produkty\/seawater\/wyposazenie-akwarium\/af-air-scrubber\/#primaryimage\"},\"thumbnailUrl\":\"https:\/\/aquaforest.eu\/wp-content\/uploads\/2024\/06\/AF-Air-Scrubber.png\",\"datePublished\":\"2024-06-26T00:18:08+00:00\",\"dateModified\":\"2024-11-13T11:28:46+00:00\",\"description\":\"AF Air Scrubber od Aquaforest - idealne rozwi\u0105zanie do podniesienia pH w akwarium. Zapewnij koralowcom zdrowe \u015brodowisko!\",\"breadcrumb\":{\"@id\":\"https:\/\/aquaforest.eu\/pl\/produkty\/seawater\/wyposazenie-akwarium\/af-air-scrubber\/#breadcrumb\"},\"inLanguage\":\"pl-PL\",\"potentialAction\":[{\"@type\":\"ReadAction\",\"target\":[\"https:\/\/aquaforest.eu\/pl\/produkty\/seawater\/wyposazenie-akwarium\/af-air-scrubber\/\"]}]},{\"@type\":\"ImageObject\",\"inLanguage\":\"pl-PL\",\"@id\":\"https:\/\/aquaforest.eu\/pl\/produkty\/seawater\/wyposazenie-akwarium\/af-air-scrubber\/#primaryimage\",\"url\":\"https:\/\/aquaforest.eu\/wp-content\/uploads\/2024\/06\/AF-Air-Scrubber.png\",\"contentUrl\":\"https:\/\/aquaforest.eu\/wp-content\/uploads\/2024\/06\/AF-Air-Scrubber.png\",\"width\":377,\"height\":600},{\"@type\":\"BreadcrumbList\",\"@id\":\"https:\/\/aquaforest.eu\/pl\/produkty\/seawater\/wyposazenie-akwarium\/af-air-scrubber\/#breadcrumb\",\"itemListElement\":[{\"@type\":\"ListItem\",\"position\":1,\"name\":\"Home\",\"item\":\"https:\/\/aquaforest.eu\/pl\/\"},{\"@type\":\"ListItem\",\"position\":2,\"name\":\"Produkty\",\"item\":\"https:\/\/aquaforest.eu\/pl\/produkty\/\"},{\"@type\":\"ListItem\",\"position\":3,\"name\":\"AF Air Scrubber\"}]},{\"@type\":\"WebSite\",\"@id\":\"https:\/\/aquaforest.eu\/pl\/#website\",\"url\":\"https:\/\/aquaforest.eu\/pl\/\",\"name\":\"Aquaforest\",\"description\":\"\",\"publisher\":{\"@id\":\"https:\/\/aquaforest.eu\/pl\/#organization\"},\"potentialAction\":[{\"@type\":\"SearchAction\",\"target\":{\"@type\":\"EntryPoint\",\"urlTemplate\":\"https:\/\/aquaforest.eu\/pl\/?s={search_term_string}\"},\"query-input\":{\"@type\":\"PropertyValueSpecification\",\"valueRequired\":true,\"valueName\":\"search_term_string\"}}],\"inLanguage\":\"pl-PL\"},{\"@type\":\"Organization\",\"@id\":\"https:\/\/aquaforest.eu\/pl\/#organization\",\"name\":\"Aquaforest\",\"url\":\"https:\/\/aquaforest.eu\/pl\/\",\"logo\":{\"@type\":\"ImageObject\",\"inLanguage\":\"pl-PL\",\"@id\":\"https:\/\/aquaforest.eu\/pl\/#\/schema\/logo\/image\/\",\"url\":\"https:\/\/aquaforest.eu\/wp-content\/uploads\/2024\/05\/logotyp-aquaforest.svg\",\"contentUrl\":\"https:\/\/aquaforest.eu\/wp-content\/uploads\/2024\/05\/logotyp-aquaforest.svg\",\"width\":170,\"height\":22,\"caption\":\"Aquaforest\"},\"image\":{\"@id\":\"https:\/\/aquaforest.eu\/pl\/#\/schema\/logo\/image\/\"},\"sameAs\":[\"https:\/\/www.facebook.com\/Aquaforest\/\",\"https:\/\/www.instagram.com\/aquaforest.eu\/\"]}]}<\/script>\n<!-- \/ Yoast SEO plugin. -->","yoast_head_json":{"title":"AF Air Scrubber - Aquaforest","description":"AF Air Scrubber od Aquaforest - idealne rozwi\u0105zanie do podniesienia pH w akwarium. Zapewnij koralowcom zdrowe \u015brodowisko!","robots":{"index":"index","follow":"follow","max-snippet":"max-snippet:-1","max-image-preview":"max-image-preview:large","max-video-preview":"max-video-preview:-1"},"canonical":"https:\/\/aquaforest.eu\/pl\/produkty\/seawater\/wyposazenie-akwarium\/af-air-scrubber\/","og_locale":"pl_PL","og_type":"article","og_title":"AF Air Scrubber - Aquaforest","og_description":"AF Air Scrubber od Aquaforest - idealne rozwi\u0105zanie do podniesienia pH w akwarium. Zapewnij koralowcom zdrowe \u015brodowisko!","og_url":"https:\/\/aquaforest.eu\/pl\/produkty\/seawater\/wyposazenie-akwarium\/af-air-scrubber\/","og_site_name":"Aquaforest","article_publisher":"https:\/\/www.facebook.com\/Aquaforest\/","article_modified_time":"2024-11-13T11:28:46+00:00","og_image":[{"width":377,"height":600,"url":"https:\/\/aquaforest.eu\/wp-content\/uploads\/2024\/06\/AF-Air-Scrubber.png","type":"image\/png"}],"twitter_card":"summary_large_image","twitter_misc":{"Szacowany czas czytania":"3 minuty"},"schema":{"@context":"https:\/\/schema.org","@graph":[{"@type":"WebPage","@id":"https:\/\/aquaforest.eu\/pl\/produkty\/seawater\/wyposazenie-akwarium\/af-air-scrubber\/","url":"https:\/\/aquaforest.eu\/pl\/produkty\/seawater\/wyposazenie-akwarium\/af-air-scrubber\/","name":"AF Air Scrubber - Aquaforest","isPartOf":{"@id":"https:\/\/aquaforest.eu\/pl\/#website"},"primaryImageOfPage":{"@id":"https:\/\/aquaforest.eu\/pl\/produkty\/seawater\/wyposazenie-akwarium\/af-air-scrubber\/#primaryimage"},"image":{"@id":"https:\/\/aquaforest.eu\/pl\/produkty\/seawater\/wyposazenie-akwarium\/af-air-scrubber\/#primaryimage"},"thumbnailUrl":"https:\/\/aquaforest.eu\/wp-content\/uploads\/2024\/06\/AF-Air-Scrubber.png","datePublished":"2024-06-26T00:18:08+00:00","dateModified":"2024-11-13T11:28:46+00:00","description":"AF Air Scrubber od Aquaforest - idealne rozwi\u0105zanie do podniesienia pH w akwarium. Zapewnij koralowcom zdrowe \u015brodowisko!","breadcrumb":{"@id":"https:\/\/aquaforest.eu\/pl\/produkty\/seawater\/wyposazenie-akwarium\/af-air-scrubber\/#breadcrumb"},"inLanguage":"pl-PL","potentialAction":[{"@type":"ReadAction","target":["https:\/\/aquaforest.eu\/pl\/produkty\/seawater\/wyposazenie-akwarium\/af-air-scrubber\/"]}]},{"@type":"ImageObject","inLanguage":"pl-PL","@id":"https:\/\/aquaforest.eu\/pl\/produkty\/seawater\/wyposazenie-akwarium\/af-air-scrubber\/#primaryimage","url":"https:\/\/aquaforest.eu\/wp-content\/uploads\/2024\/06\/AF-Air-Scrubber.png","contentUrl":"https:\/\/aquaforest.eu\/wp-content\/uploads\/2024\/06\/AF-Air-Scrubber.png","width":377,"height":600},{"@type":"BreadcrumbList","@id":"https:\/\/aquaforest.eu\/pl\/produkty\/seawater\/wyposazenie-akwarium\/af-air-scrubber\/#breadcrumb","itemListElement":[{"@type":"ListItem","position":1,"name":"Home","item":"https:\/\/aquaforest.eu\/pl\/"},{"@type":"ListItem","position":2,"name":"Produkty","item":"https:\/\/aquaforest.eu\/pl\/produkty\/"},{"@type":"ListItem","position":3,"name":"AF Air Scrubber"}]},{"@type":"WebSite","@id":"https:\/\/aquaforest.eu\/pl\/#website","url":"https:\/\/aquaforest.eu\/pl\/","name":"Aquaforest","description":"","publisher":{"@id":"https:\/\/aquaforest.eu\/pl\/#organization"},"potentialAction":[{"@type":"SearchAction","target":{"@type":"EntryPoint","urlTemplate":"https:\/\/aquaforest.eu\/pl\/?s={search_term_string}"},"query-input":{"@type":"PropertyValueSpecification","valueRequired":true,"valueName":"search_term_string"}}],"inLanguage":"pl-PL"},{"@type":"Organization","@id":"https:\/\/aquaforest.eu\/pl\/#organization","name":"Aquaforest","url":"https:\/\/aquaforest.eu\/pl\/","logo":{"@type":"ImageObject","inLanguage":"pl-PL","@id":"https:\/\/aquaforest.eu\/pl\/#\/schema\/logo\/image\/","url":"https:\/\/aquaforest.eu\/wp-content\/uploads\/2024\/05\/logotyp-aquaforest.svg","contentUrl":"https:\/\/aquaforest.eu\/wp-content\/uploads\/2024\/05\/logotyp-aquaforest.svg","width":170,"height":22,"caption":"Aquaforest"},"image":{"@id":"https:\/\/aquaforest.eu\/pl\/#\/schema\/logo\/image\/"},"sameAs":["https:\/\/www.facebook.com\/Aquaforest\/","https:\/\/www.instagram.com\/aquaforest.eu\/"]}]}},"_links":{"self":[{"href":"https:\/\/aquaforest.eu\/pl\/wp-json\/wp\/v2\/product\/11735","targetHints":{"allow":["GET"]}}],"collection":[{"href":"https:\/\/aquaforest.eu\/pl\/wp-json\/wp\/v2\/product"}],"about":[{"href":"https:\/\/aquaforest.eu\/pl\/wp-json\/wp\/v2\/types\/product"}],"version-history":[{"count":0,"href":"https:\/\/aquaforest.eu\/pl\/wp-json\/wp\/v2\/product\/11735\/revisions"}],"wp:featuredmedia":[{"embeddable":true,"href":"https:\/\/aquaforest.eu\/pl\/wp-json\/wp\/v2\/media\/11739"}],"wp:attachment":[{"href":"https:\/\/aquaforest.eu\/pl\/wp-json\/wp\/v2\/media?parent=11735"}],"wp:term":[{"taxonomy":"product_brand","embeddable":true,"href":"https:\/\/aquaforest.eu\/pl\/wp-json\/wp\/v2\/product_brand?post=11735"},{"taxonomy":"product_cat","embeddable":true,"href":"https:\/\/aquaforest.eu\/pl\/wp-json\/wp\/v2\/product_cat?post=11735"},{"taxonomy":"product_tag","embeddable":true,"href":"https:\/\/aquaforest.eu\/pl\/wp-json\/wp\/v2\/product_tag?post=11735"}],"curies":[{"name":"wp","href":"https:\/\/api.w.org\/{rel}","templated":true}]}}