{"id":11745,"date":"2024-06-26T02:18:08","date_gmt":"2024-06-26T00:18:08","guid":{"rendered":"https:\/\/aquaforest.eu\/products\/bez-kategorii\/af980-sump\/"},"modified":"2024-09-15T22:18:30","modified_gmt":"2024-09-15T20:18:30","slug":"af980-sump","status":"publish","type":"product","link":"https:\/\/aquaforest.eu\/pl\/produkty\/seawater\/wyposazenie-akwarium\/af980-sump\/","title":{"rendered":"AF980 Sump"},"content":{"rendered":"<p>Wysoko wytrzyma\u0142e sumpy z PVC zosta\u0142y stworzone z my\u015bl\u0105 o wszystkich, nawet najbardziej wymagaj\u0105cych akwariach morskich. Ten zaprojektowany przez do\u015bwiadczonych akwaryst\u00f3w sprz\u0119t zapewnia najwydajniejsz\u0105 filtracj\u0119 dla zdrowego rozwoju i wzrostu koralowc\u00f3w. Komory kaskadowe i wysokiej jako\u015bci grzebienie t\u0142umi\u0105ce ha\u0142as zapewniaj\u0105 idealne warunki do dynamicznego, ultra cichego przep\u0142ywu wody. Komora skarpet filtracyjnych pozwala na umieszczenie dw\u00f3ch skarpet (w zestawie) z nasadkami t\u0142umi\u0105cymi ha\u0142as wody lub zast\u0105pienie ich reaktorami medi\u00f3w filtracyjnych.    <\/p>\n<ul>\n<li>komora na skarpety filtracyjne \u2013 wymienne na reaktory medi\u00f3w!<\/li>\n<li>komora na wod\u0119 RO \u2013 \u0142atwa instalacja automatycznej dolewki<\/li>\n<li>oznaczenie poziom\u00f3w wody dla \u0142atwego ustawienia odpieniacza<\/li>\n<li>lokalizacja grzebieni gwarantuj\u0105ca cichy przep\u0142yw wody<\/li>\n<li>odporne na zarysowania, trwa\u0142e materia\u0142y<\/li>\n<\/ul>\n<p><strong>Wymiary: <\/strong><strong>Szeroko\u015b\u0107:<\/strong> 110 cm <strong>G\u0142\u0119boko\u015b\u0107:<\/strong> 51,5 cm <strong>Wysoko\u015b\u0107:<\/strong> 45,5 cm. Poni\u017csze wymiary podane w mm: <img fetchpriority=\"high\" decoding=\"async\" class=\"alignnone size-medium wp-image-2760\" src=\"https:\/\/newaquaforest.stronazen.pl\/wp-content\/uploads\/2024\/06\/AF980_SUMP-DIM_S-1-800x908-1-264x300.png\" alt=\"\" width=\"264\" height=\"300\" srcset=\"https:\/\/aquaforest.eu\/wp-content\/uploads\/2024\/06\/AF980_SUMP-DIM_S-1-800x908-1-264x300.png 264w, https:\/\/aquaforest.eu\/wp-content\/uploads\/2024\/06\/AF980_SUMP-DIM_S-1-800x908-1-768x872.png 768w, https:\/\/aquaforest.eu\/wp-content\/uploads\/2024\/06\/AF980_SUMP-DIM_S-1-800x908-1-600x681.png 600w, https:\/\/aquaforest.eu\/wp-content\/uploads\/2024\/06\/AF980_SUMP-DIM_S-1-800x908-1.png 800w\" sizes=\"(max-width: 264px) 100vw, 264px\" \/><\/p>\n","protected":false},"excerpt":{"rendered":"<p>Najwy\u017cszej jako\u015bci zbiornik PVC z wieloma komorami.<br \/>\nNajwydajniejsza filtracja zapewniaj\u0105ca koralowcom zdrowy rozw\u00f3j i wzrost. <\/p>\n","protected":false},"featured_media":11655,"template":"","meta":{"_acf_changed":false,"content-type":""},"product_brand":[],"product_cat":[1147],"product_tag":[967,1568,1421,1101],"class_list":{"0":"post-11745","1":"product","2":"type-product","3":"status-publish","4":"has-post-thumbnail","6":"product_cat-wyposazenie-akwarium","7":"product_tag-aquaforest-pl","8":"product_tag-seawater-aquatic-pl","9":"product_tag-simple-pl","10":"product_tag-wyposazenie-akwarium","12":"first","13":"instock","14":"taxable","15":"shipping-taxable","16":"purchasable","17":"product-type-simple"},"acf":[],"yoast_head":"<!-- This site is optimized with the Yoast SEO plugin v27.1.1 - https:\/\/yoast.com\/product\/yoast-seo-wordpress\/ -->\n<title>AF980 Sump - Aquaforest<\/title>\n<meta name=\"description\" content=\"AF980 Sump od Aquaforest - idealne rozwi\u0105zanie do filtracji akwarium.\" \/>\n<meta name=\"robots\" content=\"index, follow, max-snippet:-1, max-image-preview:large, max-video-preview:-1\" \/>\n<link rel=\"canonical\" href=\"https:\/\/aquaforest.eu\/pl\/produkty\/seawater\/wyposazenie-akwarium\/af980-sump\/\" \/>\n<meta property=\"og:locale\" content=\"pl_PL\" \/>\n<meta property=\"og:type\" content=\"article\" \/>\n<meta property=\"og:title\" content=\"AF980 Sump - Aquaforest\" \/>\n<meta property=\"og:description\" content=\"AF980 Sump od Aquaforest - idealne rozwi\u0105zanie do filtracji akwarium.\" \/>\n<meta property=\"og:url\" content=\"https:\/\/aquaforest.eu\/pl\/produkty\/seawater\/wyposazenie-akwarium\/af980-sump\/\" \/>\n<meta property=\"og:site_name\" content=\"Aquaforest\" \/>\n<meta property=\"article:publisher\" content=\"https:\/\/www.facebook.com\/Aquaforest\/\" \/>\n<meta property=\"article:modified_time\" content=\"2024-09-15T20:18:30+00:00\" \/>\n<meta property=\"og:image\" content=\"https:\/\/aquaforest.eu\/wp-content\/uploads\/2024\/06\/SUMP_AF980.png\" \/>\n\t<meta property=\"og:image:width\" content=\"600\" \/>\n\t<meta property=\"og:image:height\" content=\"600\" \/>\n\t<meta property=\"og:image:type\" content=\"image\/png\" \/>\n<meta name=\"twitter:card\" content=\"summary_large_image\" \/>\n<meta name=\"twitter:label1\" content=\"Szacowany czas czytania\" \/>\n\t<meta name=\"twitter:data1\" content=\"1 minuta\" \/>\n<script type=\"application\/ld+json\" class=\"yoast-schema-graph\">{\"@context\":\"https:\/\/schema.org\",\"@graph\":[{\"@type\":\"WebPage\",\"@id\":\"https:\/\/aquaforest.eu\/pl\/produkty\/seawater\/wyposazenie-akwarium\/af980-sump\/\",\"url\":\"https:\/\/aquaforest.eu\/pl\/produkty\/seawater\/wyposazenie-akwarium\/af980-sump\/\",\"name\":\"AF980 Sump - Aquaforest\",\"isPartOf\":{\"@id\":\"https:\/\/aquaforest.eu\/pl\/#website\"},\"primaryImageOfPage\":{\"@id\":\"https:\/\/aquaforest.eu\/pl\/produkty\/seawater\/wyposazenie-akwarium\/af980-sump\/#primaryimage\"},\"image\":{\"@id\":\"https:\/\/aquaforest.eu\/pl\/produkty\/seawater\/wyposazenie-akwarium\/af980-sump\/#primaryimage\"},\"thumbnailUrl\":\"https:\/\/aquaforest.eu\/wp-content\/uploads\/2024\/06\/SUMP_AF980.png\",\"datePublished\":\"2024-06-26T00:18:08+00:00\",\"dateModified\":\"2024-09-15T20:18:30+00:00\",\"description\":\"AF980 Sump od Aquaforest - idealne rozwi\u0105zanie do filtracji akwarium.\",\"breadcrumb\":{\"@id\":\"https:\/\/aquaforest.eu\/pl\/produkty\/seawater\/wyposazenie-akwarium\/af980-sump\/#breadcrumb\"},\"inLanguage\":\"pl-PL\",\"potentialAction\":[{\"@type\":\"ReadAction\",\"target\":[\"https:\/\/aquaforest.eu\/pl\/produkty\/seawater\/wyposazenie-akwarium\/af980-sump\/\"]}]},{\"@type\":\"ImageObject\",\"inLanguage\":\"pl-PL\",\"@id\":\"https:\/\/aquaforest.eu\/pl\/produkty\/seawater\/wyposazenie-akwarium\/af980-sump\/#primaryimage\",\"url\":\"https:\/\/aquaforest.eu\/wp-content\/uploads\/2024\/06\/SUMP_AF980.png\",\"contentUrl\":\"https:\/\/aquaforest.eu\/wp-content\/uploads\/2024\/06\/SUMP_AF980.png\",\"width\":600,\"height\":600},{\"@type\":\"BreadcrumbList\",\"@id\":\"https:\/\/aquaforest.eu\/pl\/produkty\/seawater\/wyposazenie-akwarium\/af980-sump\/#breadcrumb\",\"itemListElement\":[{\"@type\":\"ListItem\",\"position\":1,\"name\":\"Home\",\"item\":\"https:\/\/aquaforest.eu\/pl\/\"},{\"@type\":\"ListItem\",\"position\":2,\"name\":\"Produkty\",\"item\":\"https:\/\/aquaforest.eu\/pl\/produkty\/\"},{\"@type\":\"ListItem\",\"position\":3,\"name\":\"AF980 Sump\"}]},{\"@type\":\"WebSite\",\"@id\":\"https:\/\/aquaforest.eu\/pl\/#website\",\"url\":\"https:\/\/aquaforest.eu\/pl\/\",\"name\":\"Aquaforest\",\"description\":\"\",\"publisher\":{\"@id\":\"https:\/\/aquaforest.eu\/pl\/#organization\"},\"potentialAction\":[{\"@type\":\"SearchAction\",\"target\":{\"@type\":\"EntryPoint\",\"urlTemplate\":\"https:\/\/aquaforest.eu\/pl\/?s={search_term_string}\"},\"query-input\":{\"@type\":\"PropertyValueSpecification\",\"valueRequired\":true,\"valueName\":\"search_term_string\"}}],\"inLanguage\":\"pl-PL\"},{\"@type\":\"Organization\",\"@id\":\"https:\/\/aquaforest.eu\/pl\/#organization\",\"name\":\"Aquaforest\",\"url\":\"https:\/\/aquaforest.eu\/pl\/\",\"logo\":{\"@type\":\"ImageObject\",\"inLanguage\":\"pl-PL\",\"@id\":\"https:\/\/aquaforest.eu\/pl\/#\/schema\/logo\/image\/\",\"url\":\"https:\/\/aquaforest.eu\/wp-content\/uploads\/2024\/05\/logotyp-aquaforest.svg\",\"contentUrl\":\"https:\/\/aquaforest.eu\/wp-content\/uploads\/2024\/05\/logotyp-aquaforest.svg\",\"width\":170,\"height\":22,\"caption\":\"Aquaforest\"},\"image\":{\"@id\":\"https:\/\/aquaforest.eu\/pl\/#\/schema\/logo\/image\/\"},\"sameAs\":[\"https:\/\/www.facebook.com\/Aquaforest\/\",\"https:\/\/www.instagram.com\/aquaforest.eu\/\"]}]}<\/script>\n<!-- \/ Yoast SEO plugin. -->","yoast_head_json":{"title":"AF980 Sump - Aquaforest","description":"AF980 Sump od Aquaforest - idealne rozwi\u0105zanie do filtracji akwarium.","robots":{"index":"index","follow":"follow","max-snippet":"max-snippet:-1","max-image-preview":"max-image-preview:large","max-video-preview":"max-video-preview:-1"},"canonical":"https:\/\/aquaforest.eu\/pl\/produkty\/seawater\/wyposazenie-akwarium\/af980-sump\/","og_locale":"pl_PL","og_type":"article","og_title":"AF980 Sump - Aquaforest","og_description":"AF980 Sump od Aquaforest - idealne rozwi\u0105zanie do filtracji akwarium.","og_url":"https:\/\/aquaforest.eu\/pl\/produkty\/seawater\/wyposazenie-akwarium\/af980-sump\/","og_site_name":"Aquaforest","article_publisher":"https:\/\/www.facebook.com\/Aquaforest\/","article_modified_time":"2024-09-15T20:18:30+00:00","og_image":[{"width":600,"height":600,"url":"https:\/\/aquaforest.eu\/wp-content\/uploads\/2024\/06\/SUMP_AF980.png","type":"image\/png"}],"twitter_card":"summary_large_image","twitter_misc":{"Szacowany czas czytania":"1 minuta"},"schema":{"@context":"https:\/\/schema.org","@graph":[{"@type":"WebPage","@id":"https:\/\/aquaforest.eu\/pl\/produkty\/seawater\/wyposazenie-akwarium\/af980-sump\/","url":"https:\/\/aquaforest.eu\/pl\/produkty\/seawater\/wyposazenie-akwarium\/af980-sump\/","name":"AF980 Sump - Aquaforest","isPartOf":{"@id":"https:\/\/aquaforest.eu\/pl\/#website"},"primaryImageOfPage":{"@id":"https:\/\/aquaforest.eu\/pl\/produkty\/seawater\/wyposazenie-akwarium\/af980-sump\/#primaryimage"},"image":{"@id":"https:\/\/aquaforest.eu\/pl\/produkty\/seawater\/wyposazenie-akwarium\/af980-sump\/#primaryimage"},"thumbnailUrl":"https:\/\/aquaforest.eu\/wp-content\/uploads\/2024\/06\/SUMP_AF980.png","datePublished":"2024-06-26T00:18:08+00:00","dateModified":"2024-09-15T20:18:30+00:00","description":"AF980 Sump od Aquaforest - idealne rozwi\u0105zanie do filtracji akwarium.","breadcrumb":{"@id":"https:\/\/aquaforest.eu\/pl\/produkty\/seawater\/wyposazenie-akwarium\/af980-sump\/#breadcrumb"},"inLanguage":"pl-PL","potentialAction":[{"@type":"ReadAction","target":["https:\/\/aquaforest.eu\/pl\/produkty\/seawater\/wyposazenie-akwarium\/af980-sump\/"]}]},{"@type":"ImageObject","inLanguage":"pl-PL","@id":"https:\/\/aquaforest.eu\/pl\/produkty\/seawater\/wyposazenie-akwarium\/af980-sump\/#primaryimage","url":"https:\/\/aquaforest.eu\/wp-content\/uploads\/2024\/06\/SUMP_AF980.png","contentUrl":"https:\/\/aquaforest.eu\/wp-content\/uploads\/2024\/06\/SUMP_AF980.png","width":600,"height":600},{"@type":"BreadcrumbList","@id":"https:\/\/aquaforest.eu\/pl\/produkty\/seawater\/wyposazenie-akwarium\/af980-sump\/#breadcrumb","itemListElement":[{"@type":"ListItem","position":1,"name":"Home","item":"https:\/\/aquaforest.eu\/pl\/"},{"@type":"ListItem","position":2,"name":"Produkty","item":"https:\/\/aquaforest.eu\/pl\/produkty\/"},{"@type":"ListItem","position":3,"name":"AF980 Sump"}]},{"@type":"WebSite","@id":"https:\/\/aquaforest.eu\/pl\/#website","url":"https:\/\/aquaforest.eu\/pl\/","name":"Aquaforest","description":"","publisher":{"@id":"https:\/\/aquaforest.eu\/pl\/#organization"},"potentialAction":[{"@type":"SearchAction","target":{"@type":"EntryPoint","urlTemplate":"https:\/\/aquaforest.eu\/pl\/?s={search_term_string}"},"query-input":{"@type":"PropertyValueSpecification","valueRequired":true,"valueName":"search_term_string"}}],"inLanguage":"pl-PL"},{"@type":"Organization","@id":"https:\/\/aquaforest.eu\/pl\/#organization","name":"Aquaforest","url":"https:\/\/aquaforest.eu\/pl\/","logo":{"@type":"ImageObject","inLanguage":"pl-PL","@id":"https:\/\/aquaforest.eu\/pl\/#\/schema\/logo\/image\/","url":"https:\/\/aquaforest.eu\/wp-content\/uploads\/2024\/05\/logotyp-aquaforest.svg","contentUrl":"https:\/\/aquaforest.eu\/wp-content\/uploads\/2024\/05\/logotyp-aquaforest.svg","width":170,"height":22,"caption":"Aquaforest"},"image":{"@id":"https:\/\/aquaforest.eu\/pl\/#\/schema\/logo\/image\/"},"sameAs":["https:\/\/www.facebook.com\/Aquaforest\/","https:\/\/www.instagram.com\/aquaforest.eu\/"]}]}},"_links":{"self":[{"href":"https:\/\/aquaforest.eu\/pl\/wp-json\/wp\/v2\/product\/11745","targetHints":{"allow":["GET"]}}],"collection":[{"href":"https:\/\/aquaforest.eu\/pl\/wp-json\/wp\/v2\/product"}],"about":[{"href":"https:\/\/aquaforest.eu\/pl\/wp-json\/wp\/v2\/types\/product"}],"version-history":[{"count":0,"href":"https:\/\/aquaforest.eu\/pl\/wp-json\/wp\/v2\/product\/11745\/revisions"}],"wp:featuredmedia":[{"embeddable":true,"href":"https:\/\/aquaforest.eu\/pl\/wp-json\/wp\/v2\/media\/11655"}],"wp:attachment":[{"href":"https:\/\/aquaforest.eu\/pl\/wp-json\/wp\/v2\/media?parent=11745"}],"wp:term":[{"taxonomy":"product_brand","embeddable":true,"href":"https:\/\/aquaforest.eu\/pl\/wp-json\/wp\/v2\/product_brand?post=11745"},{"taxonomy":"product_cat","embeddable":true,"href":"https:\/\/aquaforest.eu\/pl\/wp-json\/wp\/v2\/product_cat?post=11745"},{"taxonomy":"product_tag","embeddable":true,"href":"https:\/\/aquaforest.eu\/pl\/wp-json\/wp\/v2\/product_tag?post=11745"}],"curies":[{"name":"wp","href":"https:\/\/api.w.org\/{rel}","templated":true}]}}