{"id":11748,"date":"2024-06-26T02:18:08","date_gmt":"2024-06-26T00:18:08","guid":{"rendered":"https:\/\/aquaforest.eu\/products\/bez-kategorii\/reaktor-mediow-af90\/"},"modified":"2024-11-21T12:43:24","modified_gmt":"2024-11-21T11:43:24","slug":"af90-media-reactor","status":"publish","type":"product","link":"https:\/\/aquaforest.eu\/pl\/produkty\/seawater\/wyposazenie-akwarium\/af90-media-reactor\/","title":{"rendered":"AF90 Media Reactor"},"content":{"rendered":"<p>Najwy\u017cszej jako\u015bci uniwersalny filtr przep\u0142ywowy\/fluidyzacyjny do zastosowania z r\u00f3\u017cnymi mediami filtracyjnymi. Znakomicie sprawdza si\u0119 jako filtr na w\u0119giel aktywowany, adsorbent fosforan\u00f3w i zeolity. Zaprojektowany przez in\u017cynier\u00f3w i akwaryst\u00f3w zapewnia najwydajniejsz\u0105 filtracj\u0119 w wymagaj\u0105cych zbiornikach morskich. Unikalna konstrukcja o najwy\u017cszej szczelno\u015bci umo\u017cliwia umiejscowienie reaktora zar\u00f3wno w komorze sumpa, jak i poza zbiornikiem. Dzi\u0119ki temu sprawdza si\u0119 doskonale r\u00f3wnie\u017c, kiedy w sumpie brakuje miejsca na ustawienie filtra. Dzi\u0119ki zastosowaniu najlepszych materia\u0142\u00f3w jest odporny na zarysowania i przebarwienia. Ergonomiczny design oraz system smart-twist zapewniaj\u0105 komfort u\u017cytkowania oraz gwarantuj\u0105 \u0142atw\u0105 i sprawn\u0105 wymian\u0119 medi\u00f3w. Wewn\u0105trz zastosowano specjalne g\u0105bki zapobiegaj\u0105ce przedostawaniu si\u0119 medium filtracyjnego do wody.<br \/>\nZalecamy stosowanie z optymalnie dobran\u0105 mieszank\u0105 medi\u00f3w filtracyjnych Aquaforest (Carbon, Phosphate Minus, Zeo Mix).<\/p>\n<p>&nbsp;<\/p>\n<hr \/>\n<p>&nbsp;<\/p>\n<p><strong>Cechy produktu:<\/strong><\/p>\n<ul>\n<li>Wygodne otwieranie smart-twist<\/li>\n<li>System easy-change \u2013 \u0142atwa wymiana medi\u00f3w filtracyjnych<\/li>\n<li>Regulacja wysoko\u015bci sit<\/li>\n<li>Najwy\u017csza szczelno\u015b\u0107 \u2013 mo\u017cliwo\u015b\u0107 pracy poza sumpem<\/li>\n<li>W zestawie ko\u0144c\u00f3wki w\u0119\u017ca<\/li>\n<li>Odporny na zarysowania i przebarwienia<\/li>\n<\/ul>\n<p>&nbsp;<\/p>\n<hr \/>\n<p>&nbsp;<\/p>\n<p><strong>Wymiary:<\/strong><\/p>\n<p>Pojemno\u015b\u0107: 1300 ml (44 fl. oz.) <strong><br \/>\n<\/strong>Wysoko\u015b\u0107: 31 cm (12,2\u2033)<\/p>\n<p>\u015arednica podstawy: 13 cm (5,1\u2033)<\/p>\n<p>\u015arednica tuby akrylowej: 90 mm (3,5\u2033)<\/p>\n<p>\u015arednica z\u0142\u0105czy: 16 mm (5\/8\u2033)<\/p>\n","protected":false},"excerpt":{"rendered":"<p>Najwy\u017cszej jako\u015bci uniwersalny filtr przep\u0142ywowy do u\u017cytku z r\u00f3\u017cnymi mediami filtracyjnymi.<\/p>\n","protected":false},"featured_media":11650,"template":"","meta":{"_acf_changed":false,"content-type":""},"product_brand":[],"product_cat":[1147],"product_tag":[967,1568,1421,1101],"class_list":{"0":"post-11748","1":"product","2":"type-product","3":"status-publish","4":"has-post-thumbnail","6":"product_cat-wyposazenie-akwarium","7":"product_tag-aquaforest-pl","8":"product_tag-seawater-aquatic-pl","9":"product_tag-simple-pl","10":"product_tag-wyposazenie-akwarium","12":"first","13":"instock","14":"taxable","15":"shipping-taxable","16":"purchasable","17":"product-type-simple"},"acf":[],"yoast_head":"<!-- This site is optimized with the Yoast SEO plugin v27.1.1 - https:\/\/yoast.com\/product\/yoast-seo-wordpress\/ -->\n<title>AF90 Media Reactor - Aquaforest<\/title>\n<meta name=\"description\" content=\"AF90 Media Reactor - najwy\u017cszej jako\u015bci uniwersalny filtr przep\u0142ywowy do u\u017cytku z r\u00f3\u017cnymi mediami filtracyjnymi.\" \/>\n<meta name=\"robots\" content=\"index, follow, max-snippet:-1, max-image-preview:large, max-video-preview:-1\" \/>\n<link rel=\"canonical\" href=\"https:\/\/aquaforest.eu\/pl\/produkty\/seawater\/wyposazenie-akwarium\/af90-media-reactor\/\" \/>\n<meta property=\"og:locale\" content=\"pl_PL\" \/>\n<meta property=\"og:type\" content=\"article\" \/>\n<meta property=\"og:title\" content=\"AF90 Media Reactor - Aquaforest\" \/>\n<meta property=\"og:description\" content=\"AF90 Media Reactor - najwy\u017cszej jako\u015bci uniwersalny filtr przep\u0142ywowy do u\u017cytku z r\u00f3\u017cnymi mediami filtracyjnymi.\" \/>\n<meta property=\"og:url\" content=\"https:\/\/aquaforest.eu\/pl\/produkty\/seawater\/wyposazenie-akwarium\/af90-media-reactor\/\" \/>\n<meta property=\"og:site_name\" content=\"Aquaforest\" \/>\n<meta property=\"article:publisher\" content=\"https:\/\/www.facebook.com\/Aquaforest\/\" \/>\n<meta property=\"article:modified_time\" content=\"2024-11-21T11:43:24+00:00\" \/>\n<meta property=\"og:image\" content=\"https:\/\/aquaforest.eu\/wp-content\/uploads\/2024\/06\/AF90_MEDIA.png\" \/>\n\t<meta property=\"og:image:width\" content=\"368\" \/>\n\t<meta property=\"og:image:height\" content=\"600\" \/>\n\t<meta property=\"og:image:type\" content=\"image\/png\" \/>\n<meta name=\"twitter:card\" content=\"summary_large_image\" \/>\n<meta name=\"twitter:label1\" content=\"Szacowany czas czytania\" \/>\n\t<meta name=\"twitter:data1\" content=\"1 minuta\" \/>\n<script type=\"application\/ld+json\" class=\"yoast-schema-graph\">{\"@context\":\"https:\/\/schema.org\",\"@graph\":[{\"@type\":\"WebPage\",\"@id\":\"https:\/\/aquaforest.eu\/pl\/produkty\/seawater\/wyposazenie-akwarium\/af90-media-reactor\/\",\"url\":\"https:\/\/aquaforest.eu\/pl\/produkty\/seawater\/wyposazenie-akwarium\/af90-media-reactor\/\",\"name\":\"AF90 Media Reactor - Aquaforest\",\"isPartOf\":{\"@id\":\"https:\/\/aquaforest.eu\/pl\/#website\"},\"primaryImageOfPage\":{\"@id\":\"https:\/\/aquaforest.eu\/pl\/produkty\/seawater\/wyposazenie-akwarium\/af90-media-reactor\/#primaryimage\"},\"image\":{\"@id\":\"https:\/\/aquaforest.eu\/pl\/produkty\/seawater\/wyposazenie-akwarium\/af90-media-reactor\/#primaryimage\"},\"thumbnailUrl\":\"https:\/\/aquaforest.eu\/wp-content\/uploads\/2024\/06\/AF90_MEDIA.png\",\"datePublished\":\"2024-06-26T00:18:08+00:00\",\"dateModified\":\"2024-11-21T11:43:24+00:00\",\"description\":\"AF90 Media Reactor - najwy\u017cszej jako\u015bci uniwersalny filtr przep\u0142ywowy do u\u017cytku z r\u00f3\u017cnymi mediami filtracyjnymi.\",\"breadcrumb\":{\"@id\":\"https:\/\/aquaforest.eu\/pl\/produkty\/seawater\/wyposazenie-akwarium\/af90-media-reactor\/#breadcrumb\"},\"inLanguage\":\"pl-PL\",\"potentialAction\":[{\"@type\":\"ReadAction\",\"target\":[\"https:\/\/aquaforest.eu\/pl\/produkty\/seawater\/wyposazenie-akwarium\/af90-media-reactor\/\"]}]},{\"@type\":\"ImageObject\",\"inLanguage\":\"pl-PL\",\"@id\":\"https:\/\/aquaforest.eu\/pl\/produkty\/seawater\/wyposazenie-akwarium\/af90-media-reactor\/#primaryimage\",\"url\":\"https:\/\/aquaforest.eu\/wp-content\/uploads\/2024\/06\/AF90_MEDIA.png\",\"contentUrl\":\"https:\/\/aquaforest.eu\/wp-content\/uploads\/2024\/06\/AF90_MEDIA.png\",\"width\":368,\"height\":600},{\"@type\":\"BreadcrumbList\",\"@id\":\"https:\/\/aquaforest.eu\/pl\/produkty\/seawater\/wyposazenie-akwarium\/af90-media-reactor\/#breadcrumb\",\"itemListElement\":[{\"@type\":\"ListItem\",\"position\":1,\"name\":\"Home\",\"item\":\"https:\/\/aquaforest.eu\/pl\/\"},{\"@type\":\"ListItem\",\"position\":2,\"name\":\"Produkty\",\"item\":\"https:\/\/aquaforest.eu\/pl\/produkty\/\"},{\"@type\":\"ListItem\",\"position\":3,\"name\":\"AF90 Media Reactor\"}]},{\"@type\":\"WebSite\",\"@id\":\"https:\/\/aquaforest.eu\/pl\/#website\",\"url\":\"https:\/\/aquaforest.eu\/pl\/\",\"name\":\"Aquaforest\",\"description\":\"\",\"publisher\":{\"@id\":\"https:\/\/aquaforest.eu\/pl\/#organization\"},\"potentialAction\":[{\"@type\":\"SearchAction\",\"target\":{\"@type\":\"EntryPoint\",\"urlTemplate\":\"https:\/\/aquaforest.eu\/pl\/?s={search_term_string}\"},\"query-input\":{\"@type\":\"PropertyValueSpecification\",\"valueRequired\":true,\"valueName\":\"search_term_string\"}}],\"inLanguage\":\"pl-PL\"},{\"@type\":\"Organization\",\"@id\":\"https:\/\/aquaforest.eu\/pl\/#organization\",\"name\":\"Aquaforest\",\"url\":\"https:\/\/aquaforest.eu\/pl\/\",\"logo\":{\"@type\":\"ImageObject\",\"inLanguage\":\"pl-PL\",\"@id\":\"https:\/\/aquaforest.eu\/pl\/#\/schema\/logo\/image\/\",\"url\":\"https:\/\/aquaforest.eu\/wp-content\/uploads\/2024\/05\/logotyp-aquaforest.svg\",\"contentUrl\":\"https:\/\/aquaforest.eu\/wp-content\/uploads\/2024\/05\/logotyp-aquaforest.svg\",\"width\":170,\"height\":22,\"caption\":\"Aquaforest\"},\"image\":{\"@id\":\"https:\/\/aquaforest.eu\/pl\/#\/schema\/logo\/image\/\"},\"sameAs\":[\"https:\/\/www.facebook.com\/Aquaforest\/\",\"https:\/\/www.instagram.com\/aquaforest.eu\/\"]}]}<\/script>\n<!-- \/ Yoast SEO plugin. -->","yoast_head_json":{"title":"AF90 Media Reactor - Aquaforest","description":"AF90 Media Reactor - najwy\u017cszej jako\u015bci uniwersalny filtr przep\u0142ywowy do u\u017cytku z r\u00f3\u017cnymi mediami filtracyjnymi.","robots":{"index":"index","follow":"follow","max-snippet":"max-snippet:-1","max-image-preview":"max-image-preview:large","max-video-preview":"max-video-preview:-1"},"canonical":"https:\/\/aquaforest.eu\/pl\/produkty\/seawater\/wyposazenie-akwarium\/af90-media-reactor\/","og_locale":"pl_PL","og_type":"article","og_title":"AF90 Media Reactor - Aquaforest","og_description":"AF90 Media Reactor - najwy\u017cszej jako\u015bci uniwersalny filtr przep\u0142ywowy do u\u017cytku z r\u00f3\u017cnymi mediami filtracyjnymi.","og_url":"https:\/\/aquaforest.eu\/pl\/produkty\/seawater\/wyposazenie-akwarium\/af90-media-reactor\/","og_site_name":"Aquaforest","article_publisher":"https:\/\/www.facebook.com\/Aquaforest\/","article_modified_time":"2024-11-21T11:43:24+00:00","og_image":[{"width":368,"height":600,"url":"https:\/\/aquaforest.eu\/wp-content\/uploads\/2024\/06\/AF90_MEDIA.png","type":"image\/png"}],"twitter_card":"summary_large_image","twitter_misc":{"Szacowany czas czytania":"1 minuta"},"schema":{"@context":"https:\/\/schema.org","@graph":[{"@type":"WebPage","@id":"https:\/\/aquaforest.eu\/pl\/produkty\/seawater\/wyposazenie-akwarium\/af90-media-reactor\/","url":"https:\/\/aquaforest.eu\/pl\/produkty\/seawater\/wyposazenie-akwarium\/af90-media-reactor\/","name":"AF90 Media Reactor - Aquaforest","isPartOf":{"@id":"https:\/\/aquaforest.eu\/pl\/#website"},"primaryImageOfPage":{"@id":"https:\/\/aquaforest.eu\/pl\/produkty\/seawater\/wyposazenie-akwarium\/af90-media-reactor\/#primaryimage"},"image":{"@id":"https:\/\/aquaforest.eu\/pl\/produkty\/seawater\/wyposazenie-akwarium\/af90-media-reactor\/#primaryimage"},"thumbnailUrl":"https:\/\/aquaforest.eu\/wp-content\/uploads\/2024\/06\/AF90_MEDIA.png","datePublished":"2024-06-26T00:18:08+00:00","dateModified":"2024-11-21T11:43:24+00:00","description":"AF90 Media Reactor - najwy\u017cszej jako\u015bci uniwersalny filtr przep\u0142ywowy do u\u017cytku z r\u00f3\u017cnymi mediami filtracyjnymi.","breadcrumb":{"@id":"https:\/\/aquaforest.eu\/pl\/produkty\/seawater\/wyposazenie-akwarium\/af90-media-reactor\/#breadcrumb"},"inLanguage":"pl-PL","potentialAction":[{"@type":"ReadAction","target":["https:\/\/aquaforest.eu\/pl\/produkty\/seawater\/wyposazenie-akwarium\/af90-media-reactor\/"]}]},{"@type":"ImageObject","inLanguage":"pl-PL","@id":"https:\/\/aquaforest.eu\/pl\/produkty\/seawater\/wyposazenie-akwarium\/af90-media-reactor\/#primaryimage","url":"https:\/\/aquaforest.eu\/wp-content\/uploads\/2024\/06\/AF90_MEDIA.png","contentUrl":"https:\/\/aquaforest.eu\/wp-content\/uploads\/2024\/06\/AF90_MEDIA.png","width":368,"height":600},{"@type":"BreadcrumbList","@id":"https:\/\/aquaforest.eu\/pl\/produkty\/seawater\/wyposazenie-akwarium\/af90-media-reactor\/#breadcrumb","itemListElement":[{"@type":"ListItem","position":1,"name":"Home","item":"https:\/\/aquaforest.eu\/pl\/"},{"@type":"ListItem","position":2,"name":"Produkty","item":"https:\/\/aquaforest.eu\/pl\/produkty\/"},{"@type":"ListItem","position":3,"name":"AF90 Media Reactor"}]},{"@type":"WebSite","@id":"https:\/\/aquaforest.eu\/pl\/#website","url":"https:\/\/aquaforest.eu\/pl\/","name":"Aquaforest","description":"","publisher":{"@id":"https:\/\/aquaforest.eu\/pl\/#organization"},"potentialAction":[{"@type":"SearchAction","target":{"@type":"EntryPoint","urlTemplate":"https:\/\/aquaforest.eu\/pl\/?s={search_term_string}"},"query-input":{"@type":"PropertyValueSpecification","valueRequired":true,"valueName":"search_term_string"}}],"inLanguage":"pl-PL"},{"@type":"Organization","@id":"https:\/\/aquaforest.eu\/pl\/#organization","name":"Aquaforest","url":"https:\/\/aquaforest.eu\/pl\/","logo":{"@type":"ImageObject","inLanguage":"pl-PL","@id":"https:\/\/aquaforest.eu\/pl\/#\/schema\/logo\/image\/","url":"https:\/\/aquaforest.eu\/wp-content\/uploads\/2024\/05\/logotyp-aquaforest.svg","contentUrl":"https:\/\/aquaforest.eu\/wp-content\/uploads\/2024\/05\/logotyp-aquaforest.svg","width":170,"height":22,"caption":"Aquaforest"},"image":{"@id":"https:\/\/aquaforest.eu\/pl\/#\/schema\/logo\/image\/"},"sameAs":["https:\/\/www.facebook.com\/Aquaforest\/","https:\/\/www.instagram.com\/aquaforest.eu\/"]}]}},"_links":{"self":[{"href":"https:\/\/aquaforest.eu\/pl\/wp-json\/wp\/v2\/product\/11748","targetHints":{"allow":["GET"]}}],"collection":[{"href":"https:\/\/aquaforest.eu\/pl\/wp-json\/wp\/v2\/product"}],"about":[{"href":"https:\/\/aquaforest.eu\/pl\/wp-json\/wp\/v2\/types\/product"}],"version-history":[{"count":0,"href":"https:\/\/aquaforest.eu\/pl\/wp-json\/wp\/v2\/product\/11748\/revisions"}],"wp:featuredmedia":[{"embeddable":true,"href":"https:\/\/aquaforest.eu\/pl\/wp-json\/wp\/v2\/media\/11650"}],"wp:attachment":[{"href":"https:\/\/aquaforest.eu\/pl\/wp-json\/wp\/v2\/media?parent=11748"}],"wp:term":[{"taxonomy":"product_brand","embeddable":true,"href":"https:\/\/aquaforest.eu\/pl\/wp-json\/wp\/v2\/product_brand?post=11748"},{"taxonomy":"product_cat","embeddable":true,"href":"https:\/\/aquaforest.eu\/pl\/wp-json\/wp\/v2\/product_cat?post=11748"},{"taxonomy":"product_tag","embeddable":true,"href":"https:\/\/aquaforest.eu\/pl\/wp-json\/wp\/v2\/product_tag?post=11748"}],"curies":[{"name":"wp","href":"https:\/\/api.w.org\/{rel}","templated":true}]}}