{"id":11753,"date":"2024-06-26T02:18:05","date_gmt":"2024-06-26T00:18:05","guid":{"rendered":"https:\/\/aquaforest.eu\/products\/bez-kategorii\/af-ultrablades\/"},"modified":"2024-11-13T12:53:11","modified_gmt":"2024-11-13T11:53:11","slug":"af-ultrablades","status":"publish","type":"product","link":"https:\/\/aquaforest.eu\/pl\/produkty\/seawater\/wyposazenie-akwarium\/af-ultrablades\/","title":{"rendered":"AF Ultrablades"},"content":{"rendered":"<p>Ostrze wymienne do AF Ultrascrape L\/AF Ultrascrape XL to doskona\u0142y wyb\u00f3r dla os\u00f3b chc\u0105cych przywr\u00f3ci\u0107 swojemu czy\u015bcikowi pierwotn\u0105 skuteczno\u015b\u0107.<br \/>\nCho\u0107 ostrza stosowane w czy\u015bcikach Aquaforest cechuje du\u017ca wytrzyma\u0142o\u015b\u0107 i d\u0142ugowieczno\u015b\u0107, tak i one, po d\u0142u\u017cszym czasie u\u017cytkowania, mog\u0105 straci\u0107 swoj\u0105 efektywno\u015b\u0107. Warto zatem si\u0119gn\u0105\u0107 w takiej sytuacji po cz\u0119\u015bci zamienne, kt\u00f3re pozwalaj\u0105 na nowo cieszy\u0107 si\u0119 bezproblemow\u0105 prac\u0105 czy\u015bcika.<br \/>\nOstrza zosta\u0142y wykonane ze stali nierdzewnej, kt\u00f3ra wp\u0142ywa na ich d\u0142ugotrwa\u0142\u0105 i bezpieczn\u0105 dla podwodnego \u017cycia, prac\u0119. Materia\u0142y u\u017cyte do produkcji ostrzy zamiennych zosta\u0142y dobrane tak, by zapewni\u0107 im maksymaln\u0105 odporno\u015b\u0107 na dzia\u0142anie zar\u00f3wno wody s\u0142odkiej jak i s\u0142onej. Pozostawione w wodzie, nie rdzewiej\u0105 oraz nie t\u0119pi\u0105 si\u0119, dzi\u0119ki czemu utrzymuj\u0105 swoj\u0105 efektywno\u015b\u0107 przez bardzo d\u0142ugi czas.<br \/>\nWymiana ostrzy jest bardzo prosta i nie wymaga wi\u0119kszej ingerencji w budow\u0119 czy\u015bcika AF Ultrascrape L\/AF Ultrascrape XL. Ostrza mocowane s\u0105 w specjalnie przygotowanej szynie, z kt\u00f3rej w prosty spos\u00f3b wysuniemy stare ostrze i zast\u0105pimy go nowym. Zaleca si\u0119 regularn\u0105 wymian\u0119 ostrzy je\u015bli tylko zauwa\u017cymy zmniejszon\u0105 skuteczno\u015b\u0107 czy\u015bcika.<\/p>\n<p>&nbsp;<\/p>\n<hr \/>\n<p>&nbsp;<\/p>\n<p><strong>Kluczowe cechy:<\/strong><\/p>\n<ul>\n<li>Ostrza zamienne do AF Ultrascrape L\/AF Ultrascrape XL<\/li>\n<li>Wykonane ze stali nierdzewnej<\/li>\n<li>Odporne na dzia\u0142anie wody s\u0142odkiej i s\u0142onej<\/li>\n<li>Najwy\u017csza jako\u015b\u0107 wykonania<\/li>\n<li>Du\u017ca powierzchnia czynna<\/li>\n<li>Wysoka skuteczno\u015b\u0107<\/li>\n<li>Bezpieczne dla ryb i koralowc\u00f3w<\/li>\n<li>Bezpieczne dla szk\u0142a \u2013 nie powoduj\u0105 jego zarysowa\u0144<\/li>\n<li>Prosta wymiana<\/li>\n<\/ul>\n","protected":false},"excerpt":{"rendered":"<p>Wymienne ostrza do magnetycznych urz\u0105dze\u0144 czyszcz\u0105cych. Ostre, \u0142atwe do wymiany i nierdzewne.<\/p>\n","protected":false},"featured_media":11788,"template":"","meta":{"_acf_changed":false,"content-type":""},"product_brand":[],"product_cat":[1147],"product_tag":[967,1568,1421,1101],"class_list":{"0":"post-11753","1":"product","2":"type-product","3":"status-publish","4":"has-post-thumbnail","6":"product_cat-wyposazenie-akwarium","7":"product_tag-aquaforest-pl","8":"product_tag-seawater-aquatic-pl","9":"product_tag-simple-pl","10":"product_tag-wyposazenie-akwarium","12":"first","13":"instock","14":"taxable","15":"shipping-taxable","16":"purchasable","17":"product-type-simple"},"acf":[],"yoast_head":"<!-- This site is optimized with the Yoast SEO plugin v27.1.1 - https:\/\/yoast.com\/product\/yoast-seo-wordpress\/ -->\n<title>AF Ultrablades - Aquaforest<\/title>\n<meta name=\"description\" content=\"AF Ultrablades - innowacyjne narz\u0119dzie do precyzyjnego ci\u0119cia w akwarium. Idealne do piel\u0119gnacji s\u0142odkowodnych i koralowc\u00f3w.\" \/>\n<meta name=\"robots\" content=\"index, follow, max-snippet:-1, max-image-preview:large, max-video-preview:-1\" \/>\n<link rel=\"canonical\" href=\"https:\/\/aquaforest.eu\/pl\/produkty\/seawater\/wyposazenie-akwarium\/af-ultrablades\/\" \/>\n<meta property=\"og:locale\" content=\"pl_PL\" \/>\n<meta property=\"og:type\" content=\"article\" \/>\n<meta property=\"og:title\" content=\"AF Ultrablades - Aquaforest\" \/>\n<meta property=\"og:description\" content=\"AF Ultrablades - innowacyjne narz\u0119dzie do precyzyjnego ci\u0119cia w akwarium. Idealne do piel\u0119gnacji s\u0142odkowodnych i koralowc\u00f3w.\" \/>\n<meta property=\"og:url\" content=\"https:\/\/aquaforest.eu\/pl\/produkty\/seawater\/wyposazenie-akwarium\/af-ultrablades\/\" \/>\n<meta property=\"og:site_name\" content=\"Aquaforest\" \/>\n<meta property=\"article:publisher\" content=\"https:\/\/www.facebook.com\/Aquaforest\/\" \/>\n<meta property=\"article:modified_time\" content=\"2024-11-13T11:53:11+00:00\" \/>\n<meta property=\"og:image\" content=\"https:\/\/aquaforest.eu\/wp-content\/uploads\/2024\/06\/AF_UltraBlades.png\" \/>\n\t<meta property=\"og:image:width\" content=\"449\" \/>\n\t<meta property=\"og:image:height\" content=\"600\" \/>\n\t<meta property=\"og:image:type\" content=\"image\/png\" \/>\n<meta name=\"twitter:card\" content=\"summary_large_image\" \/>\n<meta name=\"twitter:label1\" content=\"Szacowany czas czytania\" \/>\n\t<meta name=\"twitter:data1\" content=\"2 minuty\" \/>\n<script type=\"application\/ld+json\" class=\"yoast-schema-graph\">{\"@context\":\"https:\/\/schema.org\",\"@graph\":[{\"@type\":\"WebPage\",\"@id\":\"https:\/\/aquaforest.eu\/pl\/produkty\/seawater\/wyposazenie-akwarium\/af-ultrablades\/\",\"url\":\"https:\/\/aquaforest.eu\/pl\/produkty\/seawater\/wyposazenie-akwarium\/af-ultrablades\/\",\"name\":\"AF Ultrablades - Aquaforest\",\"isPartOf\":{\"@id\":\"https:\/\/aquaforest.eu\/pl\/#website\"},\"primaryImageOfPage\":{\"@id\":\"https:\/\/aquaforest.eu\/pl\/produkty\/seawater\/wyposazenie-akwarium\/af-ultrablades\/#primaryimage\"},\"image\":{\"@id\":\"https:\/\/aquaforest.eu\/pl\/produkty\/seawater\/wyposazenie-akwarium\/af-ultrablades\/#primaryimage\"},\"thumbnailUrl\":\"https:\/\/aquaforest.eu\/wp-content\/uploads\/2024\/06\/AF_UltraBlades.png\",\"datePublished\":\"2024-06-26T00:18:05+00:00\",\"dateModified\":\"2024-11-13T11:53:11+00:00\",\"description\":\"AF Ultrablades - innowacyjne narz\u0119dzie do precyzyjnego ci\u0119cia w akwarium. Idealne do piel\u0119gnacji s\u0142odkowodnych i koralowc\u00f3w.\",\"breadcrumb\":{\"@id\":\"https:\/\/aquaforest.eu\/pl\/produkty\/seawater\/wyposazenie-akwarium\/af-ultrablades\/#breadcrumb\"},\"inLanguage\":\"pl-PL\",\"potentialAction\":[{\"@type\":\"ReadAction\",\"target\":[\"https:\/\/aquaforest.eu\/pl\/produkty\/seawater\/wyposazenie-akwarium\/af-ultrablades\/\"]}]},{\"@type\":\"ImageObject\",\"inLanguage\":\"pl-PL\",\"@id\":\"https:\/\/aquaforest.eu\/pl\/produkty\/seawater\/wyposazenie-akwarium\/af-ultrablades\/#primaryimage\",\"url\":\"https:\/\/aquaforest.eu\/wp-content\/uploads\/2024\/06\/AF_UltraBlades.png\",\"contentUrl\":\"https:\/\/aquaforest.eu\/wp-content\/uploads\/2024\/06\/AF_UltraBlades.png\",\"width\":449,\"height\":600},{\"@type\":\"BreadcrumbList\",\"@id\":\"https:\/\/aquaforest.eu\/pl\/produkty\/seawater\/wyposazenie-akwarium\/af-ultrablades\/#breadcrumb\",\"itemListElement\":[{\"@type\":\"ListItem\",\"position\":1,\"name\":\"Home\",\"item\":\"https:\/\/aquaforest.eu\/pl\/\"},{\"@type\":\"ListItem\",\"position\":2,\"name\":\"Produkty\",\"item\":\"https:\/\/aquaforest.eu\/pl\/produkty\/\"},{\"@type\":\"ListItem\",\"position\":3,\"name\":\"AF Ultrablades\"}]},{\"@type\":\"WebSite\",\"@id\":\"https:\/\/aquaforest.eu\/pl\/#website\",\"url\":\"https:\/\/aquaforest.eu\/pl\/\",\"name\":\"Aquaforest\",\"description\":\"\",\"publisher\":{\"@id\":\"https:\/\/aquaforest.eu\/pl\/#organization\"},\"potentialAction\":[{\"@type\":\"SearchAction\",\"target\":{\"@type\":\"EntryPoint\",\"urlTemplate\":\"https:\/\/aquaforest.eu\/pl\/?s={search_term_string}\"},\"query-input\":{\"@type\":\"PropertyValueSpecification\",\"valueRequired\":true,\"valueName\":\"search_term_string\"}}],\"inLanguage\":\"pl-PL\"},{\"@type\":\"Organization\",\"@id\":\"https:\/\/aquaforest.eu\/pl\/#organization\",\"name\":\"Aquaforest\",\"url\":\"https:\/\/aquaforest.eu\/pl\/\",\"logo\":{\"@type\":\"ImageObject\",\"inLanguage\":\"pl-PL\",\"@id\":\"https:\/\/aquaforest.eu\/pl\/#\/schema\/logo\/image\/\",\"url\":\"https:\/\/aquaforest.eu\/wp-content\/uploads\/2024\/05\/logotyp-aquaforest.svg\",\"contentUrl\":\"https:\/\/aquaforest.eu\/wp-content\/uploads\/2024\/05\/logotyp-aquaforest.svg\",\"width\":170,\"height\":22,\"caption\":\"Aquaforest\"},\"image\":{\"@id\":\"https:\/\/aquaforest.eu\/pl\/#\/schema\/logo\/image\/\"},\"sameAs\":[\"https:\/\/www.facebook.com\/Aquaforest\/\",\"https:\/\/www.instagram.com\/aquaforest.eu\/\"]}]}<\/script>\n<!-- \/ Yoast SEO plugin. -->","yoast_head_json":{"title":"AF Ultrablades - Aquaforest","description":"AF Ultrablades - innowacyjne narz\u0119dzie do precyzyjnego ci\u0119cia w akwarium. Idealne do piel\u0119gnacji s\u0142odkowodnych i koralowc\u00f3w.","robots":{"index":"index","follow":"follow","max-snippet":"max-snippet:-1","max-image-preview":"max-image-preview:large","max-video-preview":"max-video-preview:-1"},"canonical":"https:\/\/aquaforest.eu\/pl\/produkty\/seawater\/wyposazenie-akwarium\/af-ultrablades\/","og_locale":"pl_PL","og_type":"article","og_title":"AF Ultrablades - Aquaforest","og_description":"AF Ultrablades - innowacyjne narz\u0119dzie do precyzyjnego ci\u0119cia w akwarium. Idealne do piel\u0119gnacji s\u0142odkowodnych i koralowc\u00f3w.","og_url":"https:\/\/aquaforest.eu\/pl\/produkty\/seawater\/wyposazenie-akwarium\/af-ultrablades\/","og_site_name":"Aquaforest","article_publisher":"https:\/\/www.facebook.com\/Aquaforest\/","article_modified_time":"2024-11-13T11:53:11+00:00","og_image":[{"width":449,"height":600,"url":"https:\/\/aquaforest.eu\/wp-content\/uploads\/2024\/06\/AF_UltraBlades.png","type":"image\/png"}],"twitter_card":"summary_large_image","twitter_misc":{"Szacowany czas czytania":"2 minuty"},"schema":{"@context":"https:\/\/schema.org","@graph":[{"@type":"WebPage","@id":"https:\/\/aquaforest.eu\/pl\/produkty\/seawater\/wyposazenie-akwarium\/af-ultrablades\/","url":"https:\/\/aquaforest.eu\/pl\/produkty\/seawater\/wyposazenie-akwarium\/af-ultrablades\/","name":"AF Ultrablades - Aquaforest","isPartOf":{"@id":"https:\/\/aquaforest.eu\/pl\/#website"},"primaryImageOfPage":{"@id":"https:\/\/aquaforest.eu\/pl\/produkty\/seawater\/wyposazenie-akwarium\/af-ultrablades\/#primaryimage"},"image":{"@id":"https:\/\/aquaforest.eu\/pl\/produkty\/seawater\/wyposazenie-akwarium\/af-ultrablades\/#primaryimage"},"thumbnailUrl":"https:\/\/aquaforest.eu\/wp-content\/uploads\/2024\/06\/AF_UltraBlades.png","datePublished":"2024-06-26T00:18:05+00:00","dateModified":"2024-11-13T11:53:11+00:00","description":"AF Ultrablades - innowacyjne narz\u0119dzie do precyzyjnego ci\u0119cia w akwarium. Idealne do piel\u0119gnacji s\u0142odkowodnych i koralowc\u00f3w.","breadcrumb":{"@id":"https:\/\/aquaforest.eu\/pl\/produkty\/seawater\/wyposazenie-akwarium\/af-ultrablades\/#breadcrumb"},"inLanguage":"pl-PL","potentialAction":[{"@type":"ReadAction","target":["https:\/\/aquaforest.eu\/pl\/produkty\/seawater\/wyposazenie-akwarium\/af-ultrablades\/"]}]},{"@type":"ImageObject","inLanguage":"pl-PL","@id":"https:\/\/aquaforest.eu\/pl\/produkty\/seawater\/wyposazenie-akwarium\/af-ultrablades\/#primaryimage","url":"https:\/\/aquaforest.eu\/wp-content\/uploads\/2024\/06\/AF_UltraBlades.png","contentUrl":"https:\/\/aquaforest.eu\/wp-content\/uploads\/2024\/06\/AF_UltraBlades.png","width":449,"height":600},{"@type":"BreadcrumbList","@id":"https:\/\/aquaforest.eu\/pl\/produkty\/seawater\/wyposazenie-akwarium\/af-ultrablades\/#breadcrumb","itemListElement":[{"@type":"ListItem","position":1,"name":"Home","item":"https:\/\/aquaforest.eu\/pl\/"},{"@type":"ListItem","position":2,"name":"Produkty","item":"https:\/\/aquaforest.eu\/pl\/produkty\/"},{"@type":"ListItem","position":3,"name":"AF Ultrablades"}]},{"@type":"WebSite","@id":"https:\/\/aquaforest.eu\/pl\/#website","url":"https:\/\/aquaforest.eu\/pl\/","name":"Aquaforest","description":"","publisher":{"@id":"https:\/\/aquaforest.eu\/pl\/#organization"},"potentialAction":[{"@type":"SearchAction","target":{"@type":"EntryPoint","urlTemplate":"https:\/\/aquaforest.eu\/pl\/?s={search_term_string}"},"query-input":{"@type":"PropertyValueSpecification","valueRequired":true,"valueName":"search_term_string"}}],"inLanguage":"pl-PL"},{"@type":"Organization","@id":"https:\/\/aquaforest.eu\/pl\/#organization","name":"Aquaforest","url":"https:\/\/aquaforest.eu\/pl\/","logo":{"@type":"ImageObject","inLanguage":"pl-PL","@id":"https:\/\/aquaforest.eu\/pl\/#\/schema\/logo\/image\/","url":"https:\/\/aquaforest.eu\/wp-content\/uploads\/2024\/05\/logotyp-aquaforest.svg","contentUrl":"https:\/\/aquaforest.eu\/wp-content\/uploads\/2024\/05\/logotyp-aquaforest.svg","width":170,"height":22,"caption":"Aquaforest"},"image":{"@id":"https:\/\/aquaforest.eu\/pl\/#\/schema\/logo\/image\/"},"sameAs":["https:\/\/www.facebook.com\/Aquaforest\/","https:\/\/www.instagram.com\/aquaforest.eu\/"]}]}},"_links":{"self":[{"href":"https:\/\/aquaforest.eu\/pl\/wp-json\/wp\/v2\/product\/11753","targetHints":{"allow":["GET"]}}],"collection":[{"href":"https:\/\/aquaforest.eu\/pl\/wp-json\/wp\/v2\/product"}],"about":[{"href":"https:\/\/aquaforest.eu\/pl\/wp-json\/wp\/v2\/types\/product"}],"version-history":[{"count":0,"href":"https:\/\/aquaforest.eu\/pl\/wp-json\/wp\/v2\/product\/11753\/revisions"}],"wp:featuredmedia":[{"embeddable":true,"href":"https:\/\/aquaforest.eu\/pl\/wp-json\/wp\/v2\/media\/11788"}],"wp:attachment":[{"href":"https:\/\/aquaforest.eu\/pl\/wp-json\/wp\/v2\/media?parent=11753"}],"wp:term":[{"taxonomy":"product_brand","embeddable":true,"href":"https:\/\/aquaforest.eu\/pl\/wp-json\/wp\/v2\/product_brand?post=11753"},{"taxonomy":"product_cat","embeddable":true,"href":"https:\/\/aquaforest.eu\/pl\/wp-json\/wp\/v2\/product_cat?post=11753"},{"taxonomy":"product_tag","embeddable":true,"href":"https:\/\/aquaforest.eu\/pl\/wp-json\/wp\/v2\/product_tag?post=11753"}],"curies":[{"name":"wp","href":"https:\/\/api.w.org\/{rel}","templated":true}]}}