{"id":11756,"date":"2024-06-26T02:18:04","date_gmt":"2024-06-26T00:18:04","guid":{"rendered":"https:\/\/aquaforest.eu\/products\/bez-kategorii\/af-ultrascrape-xl\/"},"modified":"2024-11-15T10:29:23","modified_gmt":"2024-11-15T09:29:23","slug":"af-ultrascrape-xl","status":"publish","type":"product","link":"https:\/\/aquaforest.eu\/pl\/produkty\/seawater\/wyposazenie-akwarium\/af-ultrascrape-xl\/","title":{"rendered":"AF Ultrascrape XL"},"content":{"rendered":"<p>Czyste szyby w akwarium to podstawa estetycznego wygl\u0105du zbiornika. Nawet najpi\u0119kniejsza aran\u017cacja mo\u017ce zosta\u0107 przy\u0107miona przez brud na \u015bcianach zbiornika. Z pomoc\u0105 przychodzi czy\u015bcik AF Ultrascrape XL.<br \/>\nWykonany zosta\u0142 z wytrzyma\u0142ego tworzywa sztucznego odpornego na dzia\u0142anie zar\u00f3wno wody s\u0142odkiej jak i s\u0142onej. Fioletowa, minimalistyczna bry\u0142a czy\u015bcika nadaje mu estetyczny wygl\u0105d. Cz\u0119\u015b\u0107 zewn\u0119trzna zosta\u0142a zabezpieczona mi\u0119kkim materia\u0142em, kt\u00f3ry pozwala na g\u0142adkie przesuwanie czy\u015bcika po szybie akwarium, bez obawy o zarysowania. Wewn\u0119trzna cz\u0119\u015b\u0107, natomiast zosta\u0142a wyposa\u017cona w szorstki materia\u0142, kt\u00f3ry z \u0142atwo\u015bci\u0105 usunie wszelkie zabrudzenia ze \u015bcianek akwarium. Z przodu akcesorium znajdziemy wytrzyma\u0142e ostrze ze stali nierdzewnej. Pos\u0142u\u017cy ono do usuni\u0119cia nawet najbardziej uci\u0105\u017cliwych zabrudze\u0144 takich jak glony wapienne. Zastosowanie tego materia\u0142u wp\u0142ywa na d\u0142ugowieczno\u015b\u0107 akcesorium. Ostrze jest odporne na dzia\u0142anie zar\u00f3wno wody s\u0142odkiej jak i s\u0142onej. Nie rdzewieje i nie t\u0119pi si\u0119 pozostawione nawet na d\u0142ugi czas w wodzie.<br \/>\nDu\u017ca powierzchnia czynna czy\u015bcika sprawia, \u017ce u\u017cywanie go jest niezwykle proste i efektywne. Mocne magnesy zabezpieczaj\u0105 stron\u0119 wewn\u0119trzn\u0105 przed oderwaniem si\u0119 od szk\u0142a. Ta zosta\u0142a zaprojektowana tak, by nawet po przypadkowym oderwaniu od \u015bcianki akwarium, nie opada\u0142a na dno, lecz unosi\u0142a si\u0119 na powierzchni wody. Umo\u017cliwia to ponowny, bezproblemowy monta\u017c czy\u015bcika w akwarium.<br \/>\nCzy\u015bcik magnetyczny AF Ultrascrape XL oferuje bezpieczn\u0105 prac\u0119 w zbiornikach s\u0142odkowodnych i morskich. Stworzony zosta\u0142 do pracy w akwariach, w kt\u00f3rych grubo\u015b\u0107 szk\u0142a nie przekracza 25 mm.<\/p>\n<p>&nbsp;<\/p>\n<hr \/>\n<p>&nbsp;<\/p>\n<p>Kluczowe cechy:<\/p>\n<ul>\n<li>Czy\u015bcik magnetyczny do akwari\u00f3w s\u0142odkowodnych i morskich<\/li>\n<li>Wyposa\u017cony w ostrze ze stali nierdzewnej<\/li>\n<li>Du\u017ca powierzchnia czynna<\/li>\n<li>Skutecznie usuwa nawet najbardziej uporczywe zabrudzenia<\/li>\n<li>Do akwari\u00f3w wykonanych ze szk\u0142a o grubo\u015bci do 25 mm<\/li>\n<li>Zabezpieczony przed toni\u0119ciem<\/li>\n<li>P\u0142ynna i bezpieczna praca<\/li>\n<li>Estetyczny wygl\u0105d<\/li>\n<li>Najwy\u017csza jako\u015b\u0107 wykonania<\/li>\n<li>Nie wydziela szkodliwych substancji<\/li>\n<li>W 100% bezpieczny dla ryb i koralowc\u00f3w<\/li>\n<\/ul>\n","protected":false},"excerpt":{"rendered":"<p>Magnetyczny skrobak do skutecznego czyszczenia szk\u0142a wykonany z trwa\u0142ych materia\u0142\u00f3w, odpornych zar\u00f3wno na s\u0142odk\u0105, jak i s\u0142on\u0105 wod\u0119.<\/p>\n","protected":false},"featured_media":11790,"template":"","meta":{"_acf_changed":false,"content-type":""},"product_brand":[],"product_cat":[1147],"product_tag":[967,1568,1421,1101],"class_list":{"0":"post-11756","1":"product","2":"type-product","3":"status-publish","4":"has-post-thumbnail","6":"product_cat-wyposazenie-akwarium","7":"product_tag-aquaforest-pl","8":"product_tag-seawater-aquatic-pl","9":"product_tag-simple-pl","10":"product_tag-wyposazenie-akwarium","12":"first","13":"instock","14":"taxable","15":"shipping-taxable","16":"purchasable","17":"product-type-simple"},"acf":[],"yoast_head":"<!-- This site is optimized with the Yoast SEO plugin v27.1.1 - https:\/\/yoast.com\/product\/yoast-seo-wordpress\/ -->\n<title>AF Ultrascrape XL - Aquaforest<\/title>\n<meta name=\"description\" content=\"AF Ultrascrape XL to innowacyjne narz\u0119dzie do skutecznego usuwania glon\u00f3w i zanieczyszcze\u0144 z akwarium. U\u0142atwia piel\u0119gnacj\u0119 i zapewnia zdrowe \u015brodowisko dla akwarium.\" \/>\n<meta name=\"robots\" content=\"index, follow, max-snippet:-1, max-image-preview:large, max-video-preview:-1\" \/>\n<link rel=\"canonical\" href=\"https:\/\/aquaforest.eu\/pl\/produkty\/seawater\/wyposazenie-akwarium\/af-ultrascrape-xl\/\" \/>\n<meta property=\"og:locale\" content=\"pl_PL\" \/>\n<meta property=\"og:type\" content=\"article\" \/>\n<meta property=\"og:title\" content=\"AF Ultrascrape XL - Aquaforest\" \/>\n<meta property=\"og:description\" content=\"AF Ultrascrape XL to innowacyjne narz\u0119dzie do skutecznego usuwania glon\u00f3w i zanieczyszcze\u0144 z akwarium. U\u0142atwia piel\u0119gnacj\u0119 i zapewnia zdrowe \u015brodowisko dla akwarium.\" \/>\n<meta property=\"og:url\" content=\"https:\/\/aquaforest.eu\/pl\/produkty\/seawater\/wyposazenie-akwarium\/af-ultrascrape-xl\/\" \/>\n<meta property=\"og:site_name\" content=\"Aquaforest\" \/>\n<meta property=\"article:publisher\" content=\"https:\/\/www.facebook.com\/Aquaforest\/\" \/>\n<meta property=\"article:modified_time\" content=\"2024-11-15T09:29:23+00:00\" \/>\n<meta property=\"og:image\" content=\"https:\/\/aquaforest.eu\/wp-content\/uploads\/2024\/06\/AF_UltraScrape_XL.png\" \/>\n\t<meta property=\"og:image:width\" content=\"361\" \/>\n\t<meta property=\"og:image:height\" content=\"600\" \/>\n\t<meta property=\"og:image:type\" content=\"image\/png\" \/>\n<meta name=\"twitter:card\" content=\"summary_large_image\" \/>\n<meta name=\"twitter:label1\" content=\"Szacowany czas czytania\" \/>\n\t<meta name=\"twitter:data1\" content=\"2 minuty\" \/>\n<script type=\"application\/ld+json\" class=\"yoast-schema-graph\">{\"@context\":\"https:\/\/schema.org\",\"@graph\":[{\"@type\":\"WebPage\",\"@id\":\"https:\/\/aquaforest.eu\/pl\/produkty\/seawater\/wyposazenie-akwarium\/af-ultrascrape-xl\/\",\"url\":\"https:\/\/aquaforest.eu\/pl\/produkty\/seawater\/wyposazenie-akwarium\/af-ultrascrape-xl\/\",\"name\":\"AF Ultrascrape XL - Aquaforest\",\"isPartOf\":{\"@id\":\"https:\/\/aquaforest.eu\/pl\/#website\"},\"primaryImageOfPage\":{\"@id\":\"https:\/\/aquaforest.eu\/pl\/produkty\/seawater\/wyposazenie-akwarium\/af-ultrascrape-xl\/#primaryimage\"},\"image\":{\"@id\":\"https:\/\/aquaforest.eu\/pl\/produkty\/seawater\/wyposazenie-akwarium\/af-ultrascrape-xl\/#primaryimage\"},\"thumbnailUrl\":\"https:\/\/aquaforest.eu\/wp-content\/uploads\/2024\/06\/AF_UltraScrape_XL.png\",\"datePublished\":\"2024-06-26T00:18:04+00:00\",\"dateModified\":\"2024-11-15T09:29:23+00:00\",\"description\":\"AF Ultrascrape XL to innowacyjne narz\u0119dzie do skutecznego usuwania glon\u00f3w i zanieczyszcze\u0144 z akwarium. U\u0142atwia piel\u0119gnacj\u0119 i zapewnia zdrowe \u015brodowisko dla akwarium.\",\"breadcrumb\":{\"@id\":\"https:\/\/aquaforest.eu\/pl\/produkty\/seawater\/wyposazenie-akwarium\/af-ultrascrape-xl\/#breadcrumb\"},\"inLanguage\":\"pl-PL\",\"potentialAction\":[{\"@type\":\"ReadAction\",\"target\":[\"https:\/\/aquaforest.eu\/pl\/produkty\/seawater\/wyposazenie-akwarium\/af-ultrascrape-xl\/\"]}]},{\"@type\":\"ImageObject\",\"inLanguage\":\"pl-PL\",\"@id\":\"https:\/\/aquaforest.eu\/pl\/produkty\/seawater\/wyposazenie-akwarium\/af-ultrascrape-xl\/#primaryimage\",\"url\":\"https:\/\/aquaforest.eu\/wp-content\/uploads\/2024\/06\/AF_UltraScrape_XL.png\",\"contentUrl\":\"https:\/\/aquaforest.eu\/wp-content\/uploads\/2024\/06\/AF_UltraScrape_XL.png\",\"width\":361,\"height\":600},{\"@type\":\"BreadcrumbList\",\"@id\":\"https:\/\/aquaforest.eu\/pl\/produkty\/seawater\/wyposazenie-akwarium\/af-ultrascrape-xl\/#breadcrumb\",\"itemListElement\":[{\"@type\":\"ListItem\",\"position\":1,\"name\":\"Home\",\"item\":\"https:\/\/aquaforest.eu\/pl\/\"},{\"@type\":\"ListItem\",\"position\":2,\"name\":\"Produkty\",\"item\":\"https:\/\/aquaforest.eu\/pl\/produkty\/\"},{\"@type\":\"ListItem\",\"position\":3,\"name\":\"AF Ultrascrape XL\"}]},{\"@type\":\"WebSite\",\"@id\":\"https:\/\/aquaforest.eu\/pl\/#website\",\"url\":\"https:\/\/aquaforest.eu\/pl\/\",\"name\":\"Aquaforest\",\"description\":\"\",\"publisher\":{\"@id\":\"https:\/\/aquaforest.eu\/pl\/#organization\"},\"potentialAction\":[{\"@type\":\"SearchAction\",\"target\":{\"@type\":\"EntryPoint\",\"urlTemplate\":\"https:\/\/aquaforest.eu\/pl\/?s={search_term_string}\"},\"query-input\":{\"@type\":\"PropertyValueSpecification\",\"valueRequired\":true,\"valueName\":\"search_term_string\"}}],\"inLanguage\":\"pl-PL\"},{\"@type\":\"Organization\",\"@id\":\"https:\/\/aquaforest.eu\/pl\/#organization\",\"name\":\"Aquaforest\",\"url\":\"https:\/\/aquaforest.eu\/pl\/\",\"logo\":{\"@type\":\"ImageObject\",\"inLanguage\":\"pl-PL\",\"@id\":\"https:\/\/aquaforest.eu\/pl\/#\/schema\/logo\/image\/\",\"url\":\"https:\/\/aquaforest.eu\/wp-content\/uploads\/2024\/05\/logotyp-aquaforest.svg\",\"contentUrl\":\"https:\/\/aquaforest.eu\/wp-content\/uploads\/2024\/05\/logotyp-aquaforest.svg\",\"width\":170,\"height\":22,\"caption\":\"Aquaforest\"},\"image\":{\"@id\":\"https:\/\/aquaforest.eu\/pl\/#\/schema\/logo\/image\/\"},\"sameAs\":[\"https:\/\/www.facebook.com\/Aquaforest\/\",\"https:\/\/www.instagram.com\/aquaforest.eu\/\"]}]}<\/script>\n<!-- \/ Yoast SEO plugin. -->","yoast_head_json":{"title":"AF Ultrascrape XL - Aquaforest","description":"AF Ultrascrape XL to innowacyjne narz\u0119dzie do skutecznego usuwania glon\u00f3w i zanieczyszcze\u0144 z akwarium. U\u0142atwia piel\u0119gnacj\u0119 i zapewnia zdrowe \u015brodowisko dla akwarium.","robots":{"index":"index","follow":"follow","max-snippet":"max-snippet:-1","max-image-preview":"max-image-preview:large","max-video-preview":"max-video-preview:-1"},"canonical":"https:\/\/aquaforest.eu\/pl\/produkty\/seawater\/wyposazenie-akwarium\/af-ultrascrape-xl\/","og_locale":"pl_PL","og_type":"article","og_title":"AF Ultrascrape XL - Aquaforest","og_description":"AF Ultrascrape XL to innowacyjne narz\u0119dzie do skutecznego usuwania glon\u00f3w i zanieczyszcze\u0144 z akwarium. U\u0142atwia piel\u0119gnacj\u0119 i zapewnia zdrowe \u015brodowisko dla akwarium.","og_url":"https:\/\/aquaforest.eu\/pl\/produkty\/seawater\/wyposazenie-akwarium\/af-ultrascrape-xl\/","og_site_name":"Aquaforest","article_publisher":"https:\/\/www.facebook.com\/Aquaforest\/","article_modified_time":"2024-11-15T09:29:23+00:00","og_image":[{"width":361,"height":600,"url":"https:\/\/aquaforest.eu\/wp-content\/uploads\/2024\/06\/AF_UltraScrape_XL.png","type":"image\/png"}],"twitter_card":"summary_large_image","twitter_misc":{"Szacowany czas czytania":"2 minuty"},"schema":{"@context":"https:\/\/schema.org","@graph":[{"@type":"WebPage","@id":"https:\/\/aquaforest.eu\/pl\/produkty\/seawater\/wyposazenie-akwarium\/af-ultrascrape-xl\/","url":"https:\/\/aquaforest.eu\/pl\/produkty\/seawater\/wyposazenie-akwarium\/af-ultrascrape-xl\/","name":"AF Ultrascrape XL - Aquaforest","isPartOf":{"@id":"https:\/\/aquaforest.eu\/pl\/#website"},"primaryImageOfPage":{"@id":"https:\/\/aquaforest.eu\/pl\/produkty\/seawater\/wyposazenie-akwarium\/af-ultrascrape-xl\/#primaryimage"},"image":{"@id":"https:\/\/aquaforest.eu\/pl\/produkty\/seawater\/wyposazenie-akwarium\/af-ultrascrape-xl\/#primaryimage"},"thumbnailUrl":"https:\/\/aquaforest.eu\/wp-content\/uploads\/2024\/06\/AF_UltraScrape_XL.png","datePublished":"2024-06-26T00:18:04+00:00","dateModified":"2024-11-15T09:29:23+00:00","description":"AF Ultrascrape XL to innowacyjne narz\u0119dzie do skutecznego usuwania glon\u00f3w i zanieczyszcze\u0144 z akwarium. U\u0142atwia piel\u0119gnacj\u0119 i zapewnia zdrowe \u015brodowisko dla akwarium.","breadcrumb":{"@id":"https:\/\/aquaforest.eu\/pl\/produkty\/seawater\/wyposazenie-akwarium\/af-ultrascrape-xl\/#breadcrumb"},"inLanguage":"pl-PL","potentialAction":[{"@type":"ReadAction","target":["https:\/\/aquaforest.eu\/pl\/produkty\/seawater\/wyposazenie-akwarium\/af-ultrascrape-xl\/"]}]},{"@type":"ImageObject","inLanguage":"pl-PL","@id":"https:\/\/aquaforest.eu\/pl\/produkty\/seawater\/wyposazenie-akwarium\/af-ultrascrape-xl\/#primaryimage","url":"https:\/\/aquaforest.eu\/wp-content\/uploads\/2024\/06\/AF_UltraScrape_XL.png","contentUrl":"https:\/\/aquaforest.eu\/wp-content\/uploads\/2024\/06\/AF_UltraScrape_XL.png","width":361,"height":600},{"@type":"BreadcrumbList","@id":"https:\/\/aquaforest.eu\/pl\/produkty\/seawater\/wyposazenie-akwarium\/af-ultrascrape-xl\/#breadcrumb","itemListElement":[{"@type":"ListItem","position":1,"name":"Home","item":"https:\/\/aquaforest.eu\/pl\/"},{"@type":"ListItem","position":2,"name":"Produkty","item":"https:\/\/aquaforest.eu\/pl\/produkty\/"},{"@type":"ListItem","position":3,"name":"AF Ultrascrape XL"}]},{"@type":"WebSite","@id":"https:\/\/aquaforest.eu\/pl\/#website","url":"https:\/\/aquaforest.eu\/pl\/","name":"Aquaforest","description":"","publisher":{"@id":"https:\/\/aquaforest.eu\/pl\/#organization"},"potentialAction":[{"@type":"SearchAction","target":{"@type":"EntryPoint","urlTemplate":"https:\/\/aquaforest.eu\/pl\/?s={search_term_string}"},"query-input":{"@type":"PropertyValueSpecification","valueRequired":true,"valueName":"search_term_string"}}],"inLanguage":"pl-PL"},{"@type":"Organization","@id":"https:\/\/aquaforest.eu\/pl\/#organization","name":"Aquaforest","url":"https:\/\/aquaforest.eu\/pl\/","logo":{"@type":"ImageObject","inLanguage":"pl-PL","@id":"https:\/\/aquaforest.eu\/pl\/#\/schema\/logo\/image\/","url":"https:\/\/aquaforest.eu\/wp-content\/uploads\/2024\/05\/logotyp-aquaforest.svg","contentUrl":"https:\/\/aquaforest.eu\/wp-content\/uploads\/2024\/05\/logotyp-aquaforest.svg","width":170,"height":22,"caption":"Aquaforest"},"image":{"@id":"https:\/\/aquaforest.eu\/pl\/#\/schema\/logo\/image\/"},"sameAs":["https:\/\/www.facebook.com\/Aquaforest\/","https:\/\/www.instagram.com\/aquaforest.eu\/"]}]}},"_links":{"self":[{"href":"https:\/\/aquaforest.eu\/pl\/wp-json\/wp\/v2\/product\/11756","targetHints":{"allow":["GET"]}}],"collection":[{"href":"https:\/\/aquaforest.eu\/pl\/wp-json\/wp\/v2\/product"}],"about":[{"href":"https:\/\/aquaforest.eu\/pl\/wp-json\/wp\/v2\/types\/product"}],"version-history":[{"count":0,"href":"https:\/\/aquaforest.eu\/pl\/wp-json\/wp\/v2\/product\/11756\/revisions"}],"wp:featuredmedia":[{"embeddable":true,"href":"https:\/\/aquaforest.eu\/pl\/wp-json\/wp\/v2\/media\/11790"}],"wp:attachment":[{"href":"https:\/\/aquaforest.eu\/pl\/wp-json\/wp\/v2\/media?parent=11756"}],"wp:term":[{"taxonomy":"product_brand","embeddable":true,"href":"https:\/\/aquaforest.eu\/pl\/wp-json\/wp\/v2\/product_brand?post=11756"},{"taxonomy":"product_cat","embeddable":true,"href":"https:\/\/aquaforest.eu\/pl\/wp-json\/wp\/v2\/product_cat?post=11756"},{"taxonomy":"product_tag","embeddable":true,"href":"https:\/\/aquaforest.eu\/pl\/wp-json\/wp\/v2\/product_tag?post=11756"}],"curies":[{"name":"wp","href":"https:\/\/api.w.org\/{rel}","templated":true}]}}