{"id":11758,"date":"2024-06-26T02:18:05","date_gmt":"2024-06-26T00:18:05","guid":{"rendered":"https:\/\/aquaforest.eu\/products\/bez-kategorii\/af-ultrascrape-slim\/"},"modified":"2024-11-15T10:27:29","modified_gmt":"2024-11-15T09:27:29","slug":"af-ultrascrape-slim","status":"publish","type":"product","link":"https:\/\/aquaforest.eu\/pl\/produkty\/seawater\/wyposazenie-akwarium\/af-ultrascrape-slim\/","title":{"rendered":"AF Ultrascrape Slim"},"content":{"rendered":"<p>Dbanie o czyste szyby w zbiorniku to podstawa obs\u0142ugi akwarium. Wolne od glon\u00f3w i py\u0142u, u\u0142atwiaj\u0105 nam obserwacje podwodnego \u017cycia i wp\u0142ywaj\u0105 pozytywnie na estetyk\u0119 akwarium. Warto zatem u\u0142atwi\u0107 sobie proces ich oczyszczania.<br \/>\nAF Ultrascrape Slim to czy\u015bcik akwariowy przeznaczony do zbiornik\u00f3w s\u0142odkowodnych i morskich. Wykonany zosta\u0142 z wysokiej jako\u015bci tworzywa sztucznego. Fioletowa, obudowa akcesorium jest wykonana z materia\u0142\u00f3w bezpiecznych dla ryb i koralowc\u00f3w. Nie wydziela szkodliwych substancji do wody i nie wp\u0142ywa na jej parametry. AF Ultrascrape Slim jest odporny na dzia\u0142anie wody s\u0142odkiej i s\u0142onej. Pod\u0142u\u017cny kszta\u0142t pozwala na zachowanie du\u017cej efektywno\u015bci czy\u015bcika, jak i \u0142atwo\u015b\u0107 manewrowania i dotarcia nim, nawet do trudno dost\u0119pnych stref zbiornika.<br \/>\nAF Ultrascrape Slim sk\u0142ada si\u0119 z dw\u00f3ch cz\u0119\u015bci. Zewn\u0119trznej \u2014 s\u0142u\u017c\u0105cej do obs\u0142ugi czy\u015bcika i wewn\u0119trznej, czynnej cz\u0119\u015bci, kt\u00f3ra skutecznie czy\u015bci \u015bcianki akwarium od \u015brodka. Obs\u0142uga akcesorium jest mo\u017cliwa, dzi\u0119ki zastosowaniu mocnych magnes\u00f3w, pozwalaj\u0105cych na bezproblemow\u0105 prac\u0119 w zbiornikach, wyposa\u017conych w szyby o grubo\u015bci do 10 mm. Zewn\u0119trzna strona zosta\u0142a zabezpieczona mi\u0119kkim materia\u0142em umo\u017cliwiaj\u0105cym p\u0142ynne i bezpieczne przesuwanie jej po szybie akwarium. Powierzchnia czynna jest pokryta specjalnym materia\u0142em, kt\u00f3ry z \u0142atwo\u015bci\u0105 usuwa nawet bardzo mocne zabrudzenia wewn\u0105trz akwarium.<br \/>\nCzy\u015bcik jest w 100% bezpieczny dla powierzchni szk\u0142a i nie powoduje jego zarysowa\u0144. Dodatkowo przypadkowo oderwany od \u015bcianki, nie opada na dno, lecz unosi si\u0119 na powierzchni wody, co u\u0142atwia jego ponowny, poprawny monta\u017c.<\/p>\n<p>&nbsp;<\/p>\n<hr \/>\n<p>&nbsp;<\/p>\n<p>Kluczowe cechy:<\/p>\n<ul>\n<li>Czy\u015bcik magnetyczny do akwari\u00f3w s\u0142odkowodnych i morskich<\/li>\n<li>Du\u017ca powierzchnia czynna<\/li>\n<li>Skutecznie usuwa nawet najbardziej uporczywe zabrudzenia<\/li>\n<li>Do akwari\u00f3w wykonanych ze szk\u0142a o grubo\u015bci do 10 mm<\/li>\n<li>Nie tonie<\/li>\n<li>P\u0142ynna i bezpieczna praca<\/li>\n<li>Estetyczny wygl\u0105d<\/li>\n<li>Najwy\u017csza jako\u015b\u0107 wykonania<\/li>\n<li>Nie wydziela szkodliwych substancji<\/li>\n<li>W 100% bezpieczny dla ryb i koralowc\u00f3w<\/li>\n<\/ul>\n","protected":false},"excerpt":{"rendered":"<p>Magnetyczny czy\u015bcik do szklanych powierzchni. Smuk\u0142y kszta\u0142t umo\u017cliwia precyzyjne czyszczenie.<\/p>\n","protected":false},"featured_media":11789,"template":"","meta":{"_acf_changed":false,"content-type":""},"product_brand":[],"product_cat":[1147],"product_tag":[967,1568,1421,1101],"class_list":{"0":"post-11758","1":"product","2":"type-product","3":"status-publish","4":"has-post-thumbnail","6":"product_cat-wyposazenie-akwarium","7":"product_tag-aquaforest-pl","8":"product_tag-seawater-aquatic-pl","9":"product_tag-simple-pl","10":"product_tag-wyposazenie-akwarium","12":"first","13":"instock","14":"taxable","15":"shipping-taxable","16":"purchasable","17":"product-type-simple"},"acf":[],"yoast_head":"<!-- This site is optimized with the Yoast SEO plugin v27.1.1 - https:\/\/yoast.com\/product\/yoast-seo-wordpress\/ -->\n<title>AF Ultrascrape Slim - Aquaforest<\/title>\n<meta name=\"description\" content=\"AF Ultrascrape Slim to innowacyjne narz\u0119dzie do skutecznego czyszczenia akwari\u00f3w. Odkryj, jak \u0142atwo jest utrzyma\u0107 akwarium w czysto\u015bci!\" \/>\n<meta name=\"robots\" content=\"index, follow, max-snippet:-1, max-image-preview:large, max-video-preview:-1\" \/>\n<link rel=\"canonical\" href=\"https:\/\/aquaforest.eu\/pl\/produkty\/seawater\/wyposazenie-akwarium\/af-ultrascrape-slim\/\" \/>\n<meta property=\"og:locale\" content=\"pl_PL\" \/>\n<meta property=\"og:type\" content=\"article\" \/>\n<meta property=\"og:title\" content=\"AF Ultrascrape Slim - Aquaforest\" \/>\n<meta property=\"og:description\" content=\"AF Ultrascrape Slim to innowacyjne narz\u0119dzie do skutecznego czyszczenia akwari\u00f3w. Odkryj, jak \u0142atwo jest utrzyma\u0107 akwarium w czysto\u015bci!\" \/>\n<meta property=\"og:url\" content=\"https:\/\/aquaforest.eu\/pl\/produkty\/seawater\/wyposazenie-akwarium\/af-ultrascrape-slim\/\" \/>\n<meta property=\"og:site_name\" content=\"Aquaforest\" \/>\n<meta property=\"article:publisher\" content=\"https:\/\/www.facebook.com\/Aquaforest\/\" \/>\n<meta property=\"article:modified_time\" content=\"2024-11-15T09:27:29+00:00\" \/>\n<meta property=\"og:image\" content=\"https:\/\/aquaforest.eu\/wp-content\/uploads\/2024\/06\/AF_UltraScrape_Slim.png\" \/>\n\t<meta property=\"og:image:width\" content=\"459\" \/>\n\t<meta property=\"og:image:height\" content=\"600\" \/>\n\t<meta property=\"og:image:type\" content=\"image\/png\" \/>\n<meta name=\"twitter:card\" content=\"summary_large_image\" \/>\n<meta name=\"twitter:label1\" content=\"Szacowany czas czytania\" \/>\n\t<meta name=\"twitter:data1\" content=\"2 minuty\" \/>\n<script type=\"application\/ld+json\" class=\"yoast-schema-graph\">{\"@context\":\"https:\/\/schema.org\",\"@graph\":[{\"@type\":\"WebPage\",\"@id\":\"https:\/\/aquaforest.eu\/pl\/produkty\/seawater\/wyposazenie-akwarium\/af-ultrascrape-slim\/\",\"url\":\"https:\/\/aquaforest.eu\/pl\/produkty\/seawater\/wyposazenie-akwarium\/af-ultrascrape-slim\/\",\"name\":\"AF Ultrascrape Slim - Aquaforest\",\"isPartOf\":{\"@id\":\"https:\/\/aquaforest.eu\/pl\/#website\"},\"primaryImageOfPage\":{\"@id\":\"https:\/\/aquaforest.eu\/pl\/produkty\/seawater\/wyposazenie-akwarium\/af-ultrascrape-slim\/#primaryimage\"},\"image\":{\"@id\":\"https:\/\/aquaforest.eu\/pl\/produkty\/seawater\/wyposazenie-akwarium\/af-ultrascrape-slim\/#primaryimage\"},\"thumbnailUrl\":\"https:\/\/aquaforest.eu\/wp-content\/uploads\/2024\/06\/AF_UltraScrape_Slim.png\",\"datePublished\":\"2024-06-26T00:18:05+00:00\",\"dateModified\":\"2024-11-15T09:27:29+00:00\",\"description\":\"AF Ultrascrape Slim to innowacyjne narz\u0119dzie do skutecznego czyszczenia akwari\u00f3w. Odkryj, jak \u0142atwo jest utrzyma\u0107 akwarium w czysto\u015bci!\",\"breadcrumb\":{\"@id\":\"https:\/\/aquaforest.eu\/pl\/produkty\/seawater\/wyposazenie-akwarium\/af-ultrascrape-slim\/#breadcrumb\"},\"inLanguage\":\"pl-PL\",\"potentialAction\":[{\"@type\":\"ReadAction\",\"target\":[\"https:\/\/aquaforest.eu\/pl\/produkty\/seawater\/wyposazenie-akwarium\/af-ultrascrape-slim\/\"]}]},{\"@type\":\"ImageObject\",\"inLanguage\":\"pl-PL\",\"@id\":\"https:\/\/aquaforest.eu\/pl\/produkty\/seawater\/wyposazenie-akwarium\/af-ultrascrape-slim\/#primaryimage\",\"url\":\"https:\/\/aquaforest.eu\/wp-content\/uploads\/2024\/06\/AF_UltraScrape_Slim.png\",\"contentUrl\":\"https:\/\/aquaforest.eu\/wp-content\/uploads\/2024\/06\/AF_UltraScrape_Slim.png\",\"width\":459,\"height\":600},{\"@type\":\"BreadcrumbList\",\"@id\":\"https:\/\/aquaforest.eu\/pl\/produkty\/seawater\/wyposazenie-akwarium\/af-ultrascrape-slim\/#breadcrumb\",\"itemListElement\":[{\"@type\":\"ListItem\",\"position\":1,\"name\":\"Home\",\"item\":\"https:\/\/aquaforest.eu\/pl\/\"},{\"@type\":\"ListItem\",\"position\":2,\"name\":\"Produkty\",\"item\":\"https:\/\/aquaforest.eu\/pl\/produkty\/\"},{\"@type\":\"ListItem\",\"position\":3,\"name\":\"AF Ultrascrape Slim\"}]},{\"@type\":\"WebSite\",\"@id\":\"https:\/\/aquaforest.eu\/pl\/#website\",\"url\":\"https:\/\/aquaforest.eu\/pl\/\",\"name\":\"Aquaforest\",\"description\":\"\",\"publisher\":{\"@id\":\"https:\/\/aquaforest.eu\/pl\/#organization\"},\"potentialAction\":[{\"@type\":\"SearchAction\",\"target\":{\"@type\":\"EntryPoint\",\"urlTemplate\":\"https:\/\/aquaforest.eu\/pl\/?s={search_term_string}\"},\"query-input\":{\"@type\":\"PropertyValueSpecification\",\"valueRequired\":true,\"valueName\":\"search_term_string\"}}],\"inLanguage\":\"pl-PL\"},{\"@type\":\"Organization\",\"@id\":\"https:\/\/aquaforest.eu\/pl\/#organization\",\"name\":\"Aquaforest\",\"url\":\"https:\/\/aquaforest.eu\/pl\/\",\"logo\":{\"@type\":\"ImageObject\",\"inLanguage\":\"pl-PL\",\"@id\":\"https:\/\/aquaforest.eu\/pl\/#\/schema\/logo\/image\/\",\"url\":\"https:\/\/aquaforest.eu\/wp-content\/uploads\/2024\/05\/logotyp-aquaforest.svg\",\"contentUrl\":\"https:\/\/aquaforest.eu\/wp-content\/uploads\/2024\/05\/logotyp-aquaforest.svg\",\"width\":170,\"height\":22,\"caption\":\"Aquaforest\"},\"image\":{\"@id\":\"https:\/\/aquaforest.eu\/pl\/#\/schema\/logo\/image\/\"},\"sameAs\":[\"https:\/\/www.facebook.com\/Aquaforest\/\",\"https:\/\/www.instagram.com\/aquaforest.eu\/\"]}]}<\/script>\n<!-- \/ Yoast SEO plugin. -->","yoast_head_json":{"title":"AF Ultrascrape Slim - Aquaforest","description":"AF Ultrascrape Slim to innowacyjne narz\u0119dzie do skutecznego czyszczenia akwari\u00f3w. Odkryj, jak \u0142atwo jest utrzyma\u0107 akwarium w czysto\u015bci!","robots":{"index":"index","follow":"follow","max-snippet":"max-snippet:-1","max-image-preview":"max-image-preview:large","max-video-preview":"max-video-preview:-1"},"canonical":"https:\/\/aquaforest.eu\/pl\/produkty\/seawater\/wyposazenie-akwarium\/af-ultrascrape-slim\/","og_locale":"pl_PL","og_type":"article","og_title":"AF Ultrascrape Slim - Aquaforest","og_description":"AF Ultrascrape Slim to innowacyjne narz\u0119dzie do skutecznego czyszczenia akwari\u00f3w. Odkryj, jak \u0142atwo jest utrzyma\u0107 akwarium w czysto\u015bci!","og_url":"https:\/\/aquaforest.eu\/pl\/produkty\/seawater\/wyposazenie-akwarium\/af-ultrascrape-slim\/","og_site_name":"Aquaforest","article_publisher":"https:\/\/www.facebook.com\/Aquaforest\/","article_modified_time":"2024-11-15T09:27:29+00:00","og_image":[{"width":459,"height":600,"url":"https:\/\/aquaforest.eu\/wp-content\/uploads\/2024\/06\/AF_UltraScrape_Slim.png","type":"image\/png"}],"twitter_card":"summary_large_image","twitter_misc":{"Szacowany czas czytania":"2 minuty"},"schema":{"@context":"https:\/\/schema.org","@graph":[{"@type":"WebPage","@id":"https:\/\/aquaforest.eu\/pl\/produkty\/seawater\/wyposazenie-akwarium\/af-ultrascrape-slim\/","url":"https:\/\/aquaforest.eu\/pl\/produkty\/seawater\/wyposazenie-akwarium\/af-ultrascrape-slim\/","name":"AF Ultrascrape Slim - Aquaforest","isPartOf":{"@id":"https:\/\/aquaforest.eu\/pl\/#website"},"primaryImageOfPage":{"@id":"https:\/\/aquaforest.eu\/pl\/produkty\/seawater\/wyposazenie-akwarium\/af-ultrascrape-slim\/#primaryimage"},"image":{"@id":"https:\/\/aquaforest.eu\/pl\/produkty\/seawater\/wyposazenie-akwarium\/af-ultrascrape-slim\/#primaryimage"},"thumbnailUrl":"https:\/\/aquaforest.eu\/wp-content\/uploads\/2024\/06\/AF_UltraScrape_Slim.png","datePublished":"2024-06-26T00:18:05+00:00","dateModified":"2024-11-15T09:27:29+00:00","description":"AF Ultrascrape Slim to innowacyjne narz\u0119dzie do skutecznego czyszczenia akwari\u00f3w. Odkryj, jak \u0142atwo jest utrzyma\u0107 akwarium w czysto\u015bci!","breadcrumb":{"@id":"https:\/\/aquaforest.eu\/pl\/produkty\/seawater\/wyposazenie-akwarium\/af-ultrascrape-slim\/#breadcrumb"},"inLanguage":"pl-PL","potentialAction":[{"@type":"ReadAction","target":["https:\/\/aquaforest.eu\/pl\/produkty\/seawater\/wyposazenie-akwarium\/af-ultrascrape-slim\/"]}]},{"@type":"ImageObject","inLanguage":"pl-PL","@id":"https:\/\/aquaforest.eu\/pl\/produkty\/seawater\/wyposazenie-akwarium\/af-ultrascrape-slim\/#primaryimage","url":"https:\/\/aquaforest.eu\/wp-content\/uploads\/2024\/06\/AF_UltraScrape_Slim.png","contentUrl":"https:\/\/aquaforest.eu\/wp-content\/uploads\/2024\/06\/AF_UltraScrape_Slim.png","width":459,"height":600},{"@type":"BreadcrumbList","@id":"https:\/\/aquaforest.eu\/pl\/produkty\/seawater\/wyposazenie-akwarium\/af-ultrascrape-slim\/#breadcrumb","itemListElement":[{"@type":"ListItem","position":1,"name":"Home","item":"https:\/\/aquaforest.eu\/pl\/"},{"@type":"ListItem","position":2,"name":"Produkty","item":"https:\/\/aquaforest.eu\/pl\/produkty\/"},{"@type":"ListItem","position":3,"name":"AF Ultrascrape Slim"}]},{"@type":"WebSite","@id":"https:\/\/aquaforest.eu\/pl\/#website","url":"https:\/\/aquaforest.eu\/pl\/","name":"Aquaforest","description":"","publisher":{"@id":"https:\/\/aquaforest.eu\/pl\/#organization"},"potentialAction":[{"@type":"SearchAction","target":{"@type":"EntryPoint","urlTemplate":"https:\/\/aquaforest.eu\/pl\/?s={search_term_string}"},"query-input":{"@type":"PropertyValueSpecification","valueRequired":true,"valueName":"search_term_string"}}],"inLanguage":"pl-PL"},{"@type":"Organization","@id":"https:\/\/aquaforest.eu\/pl\/#organization","name":"Aquaforest","url":"https:\/\/aquaforest.eu\/pl\/","logo":{"@type":"ImageObject","inLanguage":"pl-PL","@id":"https:\/\/aquaforest.eu\/pl\/#\/schema\/logo\/image\/","url":"https:\/\/aquaforest.eu\/wp-content\/uploads\/2024\/05\/logotyp-aquaforest.svg","contentUrl":"https:\/\/aquaforest.eu\/wp-content\/uploads\/2024\/05\/logotyp-aquaforest.svg","width":170,"height":22,"caption":"Aquaforest"},"image":{"@id":"https:\/\/aquaforest.eu\/pl\/#\/schema\/logo\/image\/"},"sameAs":["https:\/\/www.facebook.com\/Aquaforest\/","https:\/\/www.instagram.com\/aquaforest.eu\/"]}]}},"_links":{"self":[{"href":"https:\/\/aquaforest.eu\/pl\/wp-json\/wp\/v2\/product\/11758","targetHints":{"allow":["GET"]}}],"collection":[{"href":"https:\/\/aquaforest.eu\/pl\/wp-json\/wp\/v2\/product"}],"about":[{"href":"https:\/\/aquaforest.eu\/pl\/wp-json\/wp\/v2\/types\/product"}],"version-history":[{"count":0,"href":"https:\/\/aquaforest.eu\/pl\/wp-json\/wp\/v2\/product\/11758\/revisions"}],"wp:featuredmedia":[{"embeddable":true,"href":"https:\/\/aquaforest.eu\/pl\/wp-json\/wp\/v2\/media\/11789"}],"wp:attachment":[{"href":"https:\/\/aquaforest.eu\/pl\/wp-json\/wp\/v2\/media?parent=11758"}],"wp:term":[{"taxonomy":"product_brand","embeddable":true,"href":"https:\/\/aquaforest.eu\/pl\/wp-json\/wp\/v2\/product_brand?post=11758"},{"taxonomy":"product_cat","embeddable":true,"href":"https:\/\/aquaforest.eu\/pl\/wp-json\/wp\/v2\/product_cat?post=11758"},{"taxonomy":"product_tag","embeddable":true,"href":"https:\/\/aquaforest.eu\/pl\/wp-json\/wp\/v2\/product_tag?post=11758"}],"curies":[{"name":"wp","href":"https:\/\/api.w.org\/{rel}","templated":true}]}}