{"id":11863,"date":"2024-06-25T01:43:29","date_gmt":"2024-06-24T23:43:29","guid":{"rendered":"https:\/\/aquaforest.eu\/products\/bez-kategorii\/af-life-essence\/"},"modified":"2024-11-25T11:47:10","modified_gmt":"2024-11-25T10:47:10","slug":"af-life-essence","status":"publish","type":"product","link":"https:\/\/aquaforest.eu\/pl\/produkty\/freshwater\/utrzymanie-parametrow-wody\/af-life-essence\/","title":{"rendered":"AF Life Essence"},"content":{"rendered":"<h4><span style=\"color: #000000;\">INFORMACJE O PRODUKCIE:<\/span><\/h4>\n<p><span style=\"color: #000000;\">Wysokiej jako\u015bci \u015brodek zawieraj\u0105cy bakterie nitryfikacyjne z rodziny Nitrospirae oraz Nitrobacter. Specjalnie wyselekcjonowane szczepy bakterii przyspieszaj\u0105 usuwanie amoniaku i innych toksycznych zwi\u0105zk\u00f3w organicznych. Zalecany do nowo za\u0142o\u017conych akwari\u00f3w w celu rozpocz\u0119cia cyklu azotowego i stworzenia biologicznie przyjaznego \u015brodowiska dla mieszka\u0144c\u00f3w akwarium. \u015awietnie sprawdzi si\u0119 r\u00f3wnie\u017c podczas regularnych podmian wody w celu zachowania r\u00f3wnowagi biologicznej. Zastosowanie AF Life Essence przy starcie akwarium znacznie przyspiesza proces jego dojrzewania. AF Life Essence doskonale sprawdzi si\u0119 jako uzupe\u0142nienie flory bakteryjnej po czyszczeniu filtra oraz leczeniu ryb silnymi preparatami bakteriob\u00f3jczymi.<\/span><\/p>\n<p>&nbsp;<\/p>\n<hr \/>\n<h4><\/h4>\n<h4><span style=\"color: #000000;\">SPOS\u00d3B U\u017bYCIA:<\/span><\/h4>\n<p><span style=\"color: #000000;\">10 ml na 100 l (27 US gal) wody dziennie przez pierwsze 2 tygodnie. Wstrz\u0105\u015bnij przed u\u017cyciem. Dodatkowa dawka jest zalecana po utracie ryb, przy wzro\u015bcie populacji oraz podczas cotygodniowej podmiany wody. Przechowywa\u0107 w ch\u0142odnym miejscu z dala od \u015bwiat\u0142a.<\/span><\/p>\n","protected":false},"excerpt":{"rendered":"<p>Wysokiej jako\u015bci \u015brodek zawieraj\u0105cy bakterie nitryfikacyjne z rodzin Nitrospirae i Nitrobacter. Szczepy bakterii usuwaj\u0105 amoniak i inne toksyczne zwi\u0105zki.<\/p>\n","protected":false},"featured_media":11967,"template":"","meta":{"_acf_changed":false,"content-type":""},"product_brand":[],"product_cat":[1139],"product_tag":[1121,967,1422],"class_list":{"0":"post-11863","1":"product","2":"type-product","3":"status-publish","4":"has-post-thumbnail","6":"product_cat-utrzymanie-parametrow-wody","7":"product_tag-akwarystyka-slodkowodna","8":"product_tag-aquaforest-pl","9":"product_tag-variable-pl","11":"first","12":"instock","13":"taxable","14":"shipping-taxable","15":"product-type-variable","16":"has-default-attributes"},"acf":[],"yoast_head":"<!-- This site is optimized with the Yoast SEO plugin v27.1.1 - https:\/\/yoast.com\/product\/yoast-seo-wordpress\/ -->\n<title>AF Life Essence - Aquaforest<\/title>\n<meta name=\"description\" content=\"AF Life Essence: Zaawansowany suplement wspieraj\u0105cy zdrowie i witalno\u015b\u0107 mieszka\u0144c\u00f3w akwarium. Unikalna formu\u0142a zapewniaj\u0105ca lepszy wzrost i kondycj\u0119.\" \/>\n<meta name=\"robots\" content=\"index, follow, max-snippet:-1, max-image-preview:large, max-video-preview:-1\" \/>\n<link rel=\"canonical\" href=\"https:\/\/aquaforest.eu\/pl\/produkty\/freshwater\/utrzymanie-parametrow-wody\/af-life-essence\/\" \/>\n<meta property=\"og:locale\" content=\"pl_PL\" \/>\n<meta property=\"og:type\" content=\"article\" \/>\n<meta property=\"og:title\" content=\"AF Life Essence - Aquaforest\" \/>\n<meta property=\"og:description\" content=\"AF Life Essence: Zaawansowany suplement wspieraj\u0105cy zdrowie i witalno\u015b\u0107 mieszka\u0144c\u00f3w akwarium. Unikalna formu\u0142a zapewniaj\u0105ca lepszy wzrost i kondycj\u0119.\" \/>\n<meta property=\"og:url\" content=\"https:\/\/aquaforest.eu\/pl\/produkty\/freshwater\/utrzymanie-parametrow-wody\/af-life-essence\/\" \/>\n<meta property=\"og:site_name\" content=\"Aquaforest\" \/>\n<meta property=\"article:publisher\" content=\"https:\/\/www.facebook.com\/Aquaforest\/\" \/>\n<meta property=\"article:modified_time\" content=\"2024-11-25T10:47:10+00:00\" \/>\n<meta property=\"og:image\" content=\"https:\/\/aquaforest.eu\/wp-content\/uploads\/2024\/06\/AF-Life-Essence.png\" \/>\n\t<meta property=\"og:image:width\" content=\"259\" \/>\n\t<meta property=\"og:image:height\" content=\"600\" \/>\n\t<meta property=\"og:image:type\" content=\"image\/png\" \/>\n<meta name=\"twitter:card\" content=\"summary_large_image\" \/>\n<meta name=\"twitter:label1\" content=\"Szacowany czas czytania\" \/>\n\t<meta name=\"twitter:data1\" content=\"1 minuta\" \/>\n<script type=\"application\/ld+json\" class=\"yoast-schema-graph\">{\"@context\":\"https:\/\/schema.org\",\"@graph\":[{\"@type\":\"WebPage\",\"@id\":\"https:\/\/aquaforest.eu\/pl\/produkty\/freshwater\/utrzymanie-parametrow-wody\/af-life-essence\/\",\"url\":\"https:\/\/aquaforest.eu\/pl\/produkty\/freshwater\/utrzymanie-parametrow-wody\/af-life-essence\/\",\"name\":\"AF Life Essence - Aquaforest\",\"isPartOf\":{\"@id\":\"https:\/\/aquaforest.eu\/pl\/#website\"},\"primaryImageOfPage\":{\"@id\":\"https:\/\/aquaforest.eu\/pl\/produkty\/freshwater\/utrzymanie-parametrow-wody\/af-life-essence\/#primaryimage\"},\"image\":{\"@id\":\"https:\/\/aquaforest.eu\/pl\/produkty\/freshwater\/utrzymanie-parametrow-wody\/af-life-essence\/#primaryimage\"},\"thumbnailUrl\":\"https:\/\/aquaforest.eu\/wp-content\/uploads\/2024\/06\/AF-Life-Essence.png\",\"datePublished\":\"2024-06-24T23:43:29+00:00\",\"dateModified\":\"2024-11-25T10:47:10+00:00\",\"description\":\"AF Life Essence: Zaawansowany suplement wspieraj\u0105cy zdrowie i witalno\u015b\u0107 mieszka\u0144c\u00f3w akwarium. Unikalna formu\u0142a zapewniaj\u0105ca lepszy wzrost i kondycj\u0119.\",\"breadcrumb\":{\"@id\":\"https:\/\/aquaforest.eu\/pl\/produkty\/freshwater\/utrzymanie-parametrow-wody\/af-life-essence\/#breadcrumb\"},\"inLanguage\":\"pl-PL\",\"potentialAction\":[{\"@type\":\"ReadAction\",\"target\":[\"https:\/\/aquaforest.eu\/pl\/produkty\/freshwater\/utrzymanie-parametrow-wody\/af-life-essence\/\"]}]},{\"@type\":\"ImageObject\",\"inLanguage\":\"pl-PL\",\"@id\":\"https:\/\/aquaforest.eu\/pl\/produkty\/freshwater\/utrzymanie-parametrow-wody\/af-life-essence\/#primaryimage\",\"url\":\"https:\/\/aquaforest.eu\/wp-content\/uploads\/2024\/06\/AF-Life-Essence.png\",\"contentUrl\":\"https:\/\/aquaforest.eu\/wp-content\/uploads\/2024\/06\/AF-Life-Essence.png\",\"width\":259,\"height\":600},{\"@type\":\"BreadcrumbList\",\"@id\":\"https:\/\/aquaforest.eu\/pl\/produkty\/freshwater\/utrzymanie-parametrow-wody\/af-life-essence\/#breadcrumb\",\"itemListElement\":[{\"@type\":\"ListItem\",\"position\":1,\"name\":\"Home\",\"item\":\"https:\/\/aquaforest.eu\/pl\/\"},{\"@type\":\"ListItem\",\"position\":2,\"name\":\"Produkty\",\"item\":\"https:\/\/aquaforest.eu\/pl\/produkty\/\"},{\"@type\":\"ListItem\",\"position\":3,\"name\":\"AF Life Essence\"}]},{\"@type\":\"WebSite\",\"@id\":\"https:\/\/aquaforest.eu\/pl\/#website\",\"url\":\"https:\/\/aquaforest.eu\/pl\/\",\"name\":\"Aquaforest\",\"description\":\"\",\"publisher\":{\"@id\":\"https:\/\/aquaforest.eu\/pl\/#organization\"},\"potentialAction\":[{\"@type\":\"SearchAction\",\"target\":{\"@type\":\"EntryPoint\",\"urlTemplate\":\"https:\/\/aquaforest.eu\/pl\/?s={search_term_string}\"},\"query-input\":{\"@type\":\"PropertyValueSpecification\",\"valueRequired\":true,\"valueName\":\"search_term_string\"}}],\"inLanguage\":\"pl-PL\"},{\"@type\":\"Organization\",\"@id\":\"https:\/\/aquaforest.eu\/pl\/#organization\",\"name\":\"Aquaforest\",\"url\":\"https:\/\/aquaforest.eu\/pl\/\",\"logo\":{\"@type\":\"ImageObject\",\"inLanguage\":\"pl-PL\",\"@id\":\"https:\/\/aquaforest.eu\/pl\/#\/schema\/logo\/image\/\",\"url\":\"https:\/\/aquaforest.eu\/wp-content\/uploads\/2024\/05\/logotyp-aquaforest.svg\",\"contentUrl\":\"https:\/\/aquaforest.eu\/wp-content\/uploads\/2024\/05\/logotyp-aquaforest.svg\",\"width\":170,\"height\":22,\"caption\":\"Aquaforest\"},\"image\":{\"@id\":\"https:\/\/aquaforest.eu\/pl\/#\/schema\/logo\/image\/\"},\"sameAs\":[\"https:\/\/www.facebook.com\/Aquaforest\/\",\"https:\/\/www.instagram.com\/aquaforest.eu\/\"]}]}<\/script>\n<!-- \/ Yoast SEO plugin. -->","yoast_head_json":{"title":"AF Life Essence - Aquaforest","description":"AF Life Essence: Zaawansowany suplement wspieraj\u0105cy zdrowie i witalno\u015b\u0107 mieszka\u0144c\u00f3w akwarium. Unikalna formu\u0142a zapewniaj\u0105ca lepszy wzrost i kondycj\u0119.","robots":{"index":"index","follow":"follow","max-snippet":"max-snippet:-1","max-image-preview":"max-image-preview:large","max-video-preview":"max-video-preview:-1"},"canonical":"https:\/\/aquaforest.eu\/pl\/produkty\/freshwater\/utrzymanie-parametrow-wody\/af-life-essence\/","og_locale":"pl_PL","og_type":"article","og_title":"AF Life Essence - Aquaforest","og_description":"AF Life Essence: Zaawansowany suplement wspieraj\u0105cy zdrowie i witalno\u015b\u0107 mieszka\u0144c\u00f3w akwarium. Unikalna formu\u0142a zapewniaj\u0105ca lepszy wzrost i kondycj\u0119.","og_url":"https:\/\/aquaforest.eu\/pl\/produkty\/freshwater\/utrzymanie-parametrow-wody\/af-life-essence\/","og_site_name":"Aquaforest","article_publisher":"https:\/\/www.facebook.com\/Aquaforest\/","article_modified_time":"2024-11-25T10:47:10+00:00","og_image":[{"width":259,"height":600,"url":"https:\/\/aquaforest.eu\/wp-content\/uploads\/2024\/06\/AF-Life-Essence.png","type":"image\/png"}],"twitter_card":"summary_large_image","twitter_misc":{"Szacowany czas czytania":"1 minuta"},"schema":{"@context":"https:\/\/schema.org","@graph":[{"@type":"WebPage","@id":"https:\/\/aquaforest.eu\/pl\/produkty\/freshwater\/utrzymanie-parametrow-wody\/af-life-essence\/","url":"https:\/\/aquaforest.eu\/pl\/produkty\/freshwater\/utrzymanie-parametrow-wody\/af-life-essence\/","name":"AF Life Essence - Aquaforest","isPartOf":{"@id":"https:\/\/aquaforest.eu\/pl\/#website"},"primaryImageOfPage":{"@id":"https:\/\/aquaforest.eu\/pl\/produkty\/freshwater\/utrzymanie-parametrow-wody\/af-life-essence\/#primaryimage"},"image":{"@id":"https:\/\/aquaforest.eu\/pl\/produkty\/freshwater\/utrzymanie-parametrow-wody\/af-life-essence\/#primaryimage"},"thumbnailUrl":"https:\/\/aquaforest.eu\/wp-content\/uploads\/2024\/06\/AF-Life-Essence.png","datePublished":"2024-06-24T23:43:29+00:00","dateModified":"2024-11-25T10:47:10+00:00","description":"AF Life Essence: Zaawansowany suplement wspieraj\u0105cy zdrowie i witalno\u015b\u0107 mieszka\u0144c\u00f3w akwarium. Unikalna formu\u0142a zapewniaj\u0105ca lepszy wzrost i kondycj\u0119.","breadcrumb":{"@id":"https:\/\/aquaforest.eu\/pl\/produkty\/freshwater\/utrzymanie-parametrow-wody\/af-life-essence\/#breadcrumb"},"inLanguage":"pl-PL","potentialAction":[{"@type":"ReadAction","target":["https:\/\/aquaforest.eu\/pl\/produkty\/freshwater\/utrzymanie-parametrow-wody\/af-life-essence\/"]}]},{"@type":"ImageObject","inLanguage":"pl-PL","@id":"https:\/\/aquaforest.eu\/pl\/produkty\/freshwater\/utrzymanie-parametrow-wody\/af-life-essence\/#primaryimage","url":"https:\/\/aquaforest.eu\/wp-content\/uploads\/2024\/06\/AF-Life-Essence.png","contentUrl":"https:\/\/aquaforest.eu\/wp-content\/uploads\/2024\/06\/AF-Life-Essence.png","width":259,"height":600},{"@type":"BreadcrumbList","@id":"https:\/\/aquaforest.eu\/pl\/produkty\/freshwater\/utrzymanie-parametrow-wody\/af-life-essence\/#breadcrumb","itemListElement":[{"@type":"ListItem","position":1,"name":"Home","item":"https:\/\/aquaforest.eu\/pl\/"},{"@type":"ListItem","position":2,"name":"Produkty","item":"https:\/\/aquaforest.eu\/pl\/produkty\/"},{"@type":"ListItem","position":3,"name":"AF Life Essence"}]},{"@type":"WebSite","@id":"https:\/\/aquaforest.eu\/pl\/#website","url":"https:\/\/aquaforest.eu\/pl\/","name":"Aquaforest","description":"","publisher":{"@id":"https:\/\/aquaforest.eu\/pl\/#organization"},"potentialAction":[{"@type":"SearchAction","target":{"@type":"EntryPoint","urlTemplate":"https:\/\/aquaforest.eu\/pl\/?s={search_term_string}"},"query-input":{"@type":"PropertyValueSpecification","valueRequired":true,"valueName":"search_term_string"}}],"inLanguage":"pl-PL"},{"@type":"Organization","@id":"https:\/\/aquaforest.eu\/pl\/#organization","name":"Aquaforest","url":"https:\/\/aquaforest.eu\/pl\/","logo":{"@type":"ImageObject","inLanguage":"pl-PL","@id":"https:\/\/aquaforest.eu\/pl\/#\/schema\/logo\/image\/","url":"https:\/\/aquaforest.eu\/wp-content\/uploads\/2024\/05\/logotyp-aquaforest.svg","contentUrl":"https:\/\/aquaforest.eu\/wp-content\/uploads\/2024\/05\/logotyp-aquaforest.svg","width":170,"height":22,"caption":"Aquaforest"},"image":{"@id":"https:\/\/aquaforest.eu\/pl\/#\/schema\/logo\/image\/"},"sameAs":["https:\/\/www.facebook.com\/Aquaforest\/","https:\/\/www.instagram.com\/aquaforest.eu\/"]}]}},"_links":{"self":[{"href":"https:\/\/aquaforest.eu\/pl\/wp-json\/wp\/v2\/product\/11863","targetHints":{"allow":["GET"]}}],"collection":[{"href":"https:\/\/aquaforest.eu\/pl\/wp-json\/wp\/v2\/product"}],"about":[{"href":"https:\/\/aquaforest.eu\/pl\/wp-json\/wp\/v2\/types\/product"}],"version-history":[{"count":0,"href":"https:\/\/aquaforest.eu\/pl\/wp-json\/wp\/v2\/product\/11863\/revisions"}],"wp:featuredmedia":[{"embeddable":true,"href":"https:\/\/aquaforest.eu\/pl\/wp-json\/wp\/v2\/media\/11967"}],"wp:attachment":[{"href":"https:\/\/aquaforest.eu\/pl\/wp-json\/wp\/v2\/media?parent=11863"}],"wp:term":[{"taxonomy":"product_brand","embeddable":true,"href":"https:\/\/aquaforest.eu\/pl\/wp-json\/wp\/v2\/product_brand?post=11863"},{"taxonomy":"product_cat","embeddable":true,"href":"https:\/\/aquaforest.eu\/pl\/wp-json\/wp\/v2\/product_cat?post=11863"},{"taxonomy":"product_tag","embeddable":true,"href":"https:\/\/aquaforest.eu\/pl\/wp-json\/wp\/v2\/product_tag?post=11863"}],"curies":[{"name":"wp","href":"https:\/\/api.w.org\/{rel}","templated":true}]}}