{"id":11881,"date":"2024-06-25T01:47:30","date_gmt":"2024-06-24T23:47:30","guid":{"rendered":"https:\/\/aquaforest.eu\/products\/bez-kategorii\/af-minus-ph\/"},"modified":"2024-11-25T11:53:39","modified_gmt":"2024-11-25T10:53:39","slug":"af-minus-ph","status":"publish","type":"product","link":"https:\/\/aquaforest.eu\/pl\/produkty\/freshwater\/utrzymanie-parametrow-wody\/af-minus-ph\/","title":{"rendered":"AF Minus Ph"},"content":{"rendered":"<h4><span style=\"color: #000000;\">INFORMACJE O PRODUKCIE:<\/span><\/h4>\n<p><span style=\"color: #000000;\">Profesjonalny preparat s\u0142u\u017c\u0105cy do obni\u017cania odczynu pH w wodzie akwariowej. Odczyn pH wody ma wp\u0142yw na utrzymanie r\u00f3wnowagi ekologicznej w zbiorniku i powinien by\u0107 mo\u017cliwie jak najbardziej zbli\u017cony do naturalnego. Gatunki ryb pochodz\u0105ce z Amazonki preferuj\u0105 odczyn lekko kwasowy, gdzie pH wody wynosi 5,5-6,5. Dla niekt\u00f3rych gatunk\u00f3w ryb woda wodoci\u0105gowa wymaga wi\u0119c obni\u017cenia pH. AF Minus pH pozwala zrobi\u0107 to w szybki i prosty spos\u00f3b. Optymalne pH zapewnia dogodne warunki do rozrodu oraz wp\u0142ywa korzystnie na kondycj\u0119 ryb. Stworzone dzi\u0119ki AF pH Minus odpowiednie warunki pozwalaj\u0105 na unikni\u0119cie niebezpiecznej choroby zasadowej. Preparat nie zawiera fosforan\u00f3w.<\/span><\/p>\n<p>&nbsp;<\/p>\n<hr \/>\n<h4><\/h4>\n<h4><span style=\"color: #000000;\">SPOS\u00d3B U\u017bYCIA:<\/span><\/h4>\n<p><span style=\"color: #000000;\">Ze wzgl\u0119du na mo\u017cliwo\u015b\u0107 przedawkowania nie zaleca si\u0119 stosowania bezpo\u015brednio w akwarium. Roztw\u00f3r AF Minus pH sporz\u0105dzamy poza akwarium, w wodzie przygotowanej do podmiany. Przed rozpocz\u0119ciem stosowania nale\u017cy sprawdzi\u0107 odczyn pH wody i dozowa\u0107 preparat do uzyskania po\u017c\u0105danej warto\u015bci. 1 ml AF Minus pH na 1 litr wody obni\u017ca warto\u015b\u0107 pH o 0,2. Z uwagi na wysok\u0105 szkodliwo\u015b\u0107 nag\u0142ych zmian pH, nie nale\u017cy obni\u017ca\u0107 pH wody w akwarium o wi\u0119cej ni\u017c 0,5 na dob\u0119.<\/span><\/p>\n","protected":false},"excerpt":{"rendered":"<p>Profesjonalny uzdatniacz do obni\u017cania poziomu pH wody w akwarium. Szczeg\u00f3lnie polecany do hodowli ryb z rzeki Amazonki.<\/p>\n","protected":false},"featured_media":11970,"template":"","meta":{"_acf_changed":false,"content-type":""},"product_brand":[],"product_cat":[1139],"product_tag":[1121,967,1422],"class_list":{"0":"post-11881","1":"product","2":"type-product","3":"status-publish","4":"has-post-thumbnail","6":"product_cat-utrzymanie-parametrow-wody","7":"product_tag-akwarystyka-slodkowodna","8":"product_tag-aquaforest-pl","9":"product_tag-variable-pl","11":"first","12":"instock","13":"taxable","14":"shipping-taxable","15":"product-type-variable","16":"has-default-attributes"},"acf":[],"yoast_head":"<!-- This site is optimized with the Yoast SEO plugin v27.1.1 - https:\/\/yoast.com\/product\/yoast-seo-wordpress\/ -->\n<title>AF Minus Ph - Aquaforest<\/title>\n<meta name=\"description\" content=\"AF Minus pH: Skuteczny preparat do obni\u017cania pH w akwariach s\u0142odkowodnych. Niezawodna formu\u0142a zapewniaj\u0105ca precyzyjn\u0105 regulacj\u0119 i stabilno\u015b\u0107 parametr\u00f3w wody.\" \/>\n<meta name=\"robots\" content=\"index, follow, max-snippet:-1, max-image-preview:large, max-video-preview:-1\" \/>\n<link rel=\"canonical\" href=\"https:\/\/aquaforest.eu\/pl\/produkty\/freshwater\/utrzymanie-parametrow-wody\/af-minus-ph\/\" \/>\n<meta property=\"og:locale\" content=\"pl_PL\" \/>\n<meta property=\"og:type\" content=\"article\" \/>\n<meta property=\"og:title\" content=\"AF Minus Ph - Aquaforest\" \/>\n<meta property=\"og:description\" content=\"AF Minus pH: Skuteczny preparat do obni\u017cania pH w akwariach s\u0142odkowodnych. Niezawodna formu\u0142a zapewniaj\u0105ca precyzyjn\u0105 regulacj\u0119 i stabilno\u015b\u0107 parametr\u00f3w wody.\" \/>\n<meta property=\"og:url\" content=\"https:\/\/aquaforest.eu\/pl\/produkty\/freshwater\/utrzymanie-parametrow-wody\/af-minus-ph\/\" \/>\n<meta property=\"og:site_name\" content=\"Aquaforest\" \/>\n<meta property=\"article:publisher\" content=\"https:\/\/www.facebook.com\/Aquaforest\/\" \/>\n<meta property=\"article:modified_time\" content=\"2024-11-25T10:53:39+00:00\" \/>\n<meta property=\"og:image\" content=\"https:\/\/aquaforest.eu\/wp-content\/uploads\/2024\/06\/AF-Minus-pH.png\" \/>\n\t<meta property=\"og:image:width\" content=\"251\" \/>\n\t<meta property=\"og:image:height\" content=\"600\" \/>\n\t<meta property=\"og:image:type\" content=\"image\/png\" \/>\n<meta name=\"twitter:card\" content=\"summary_large_image\" \/>\n<meta name=\"twitter:label1\" content=\"Szacowany czas czytania\" \/>\n\t<meta name=\"twitter:data1\" content=\"1 minuta\" \/>\n<script type=\"application\/ld+json\" class=\"yoast-schema-graph\">{\"@context\":\"https:\/\/schema.org\",\"@graph\":[{\"@type\":\"WebPage\",\"@id\":\"https:\/\/aquaforest.eu\/pl\/produkty\/freshwater\/utrzymanie-parametrow-wody\/af-minus-ph\/\",\"url\":\"https:\/\/aquaforest.eu\/pl\/produkty\/freshwater\/utrzymanie-parametrow-wody\/af-minus-ph\/\",\"name\":\"AF Minus Ph - Aquaforest\",\"isPartOf\":{\"@id\":\"https:\/\/aquaforest.eu\/pl\/#website\"},\"primaryImageOfPage\":{\"@id\":\"https:\/\/aquaforest.eu\/pl\/produkty\/freshwater\/utrzymanie-parametrow-wody\/af-minus-ph\/#primaryimage\"},\"image\":{\"@id\":\"https:\/\/aquaforest.eu\/pl\/produkty\/freshwater\/utrzymanie-parametrow-wody\/af-minus-ph\/#primaryimage\"},\"thumbnailUrl\":\"https:\/\/aquaforest.eu\/wp-content\/uploads\/2024\/06\/AF-Minus-pH.png\",\"datePublished\":\"2024-06-24T23:47:30+00:00\",\"dateModified\":\"2024-11-25T10:53:39+00:00\",\"description\":\"AF Minus pH: Skuteczny preparat do obni\u017cania pH w akwariach s\u0142odkowodnych. Niezawodna formu\u0142a zapewniaj\u0105ca precyzyjn\u0105 regulacj\u0119 i stabilno\u015b\u0107 parametr\u00f3w wody.\",\"breadcrumb\":{\"@id\":\"https:\/\/aquaforest.eu\/pl\/produkty\/freshwater\/utrzymanie-parametrow-wody\/af-minus-ph\/#breadcrumb\"},\"inLanguage\":\"pl-PL\",\"potentialAction\":[{\"@type\":\"ReadAction\",\"target\":[\"https:\/\/aquaforest.eu\/pl\/produkty\/freshwater\/utrzymanie-parametrow-wody\/af-minus-ph\/\"]}]},{\"@type\":\"ImageObject\",\"inLanguage\":\"pl-PL\",\"@id\":\"https:\/\/aquaforest.eu\/pl\/produkty\/freshwater\/utrzymanie-parametrow-wody\/af-minus-ph\/#primaryimage\",\"url\":\"https:\/\/aquaforest.eu\/wp-content\/uploads\/2024\/06\/AF-Minus-pH.png\",\"contentUrl\":\"https:\/\/aquaforest.eu\/wp-content\/uploads\/2024\/06\/AF-Minus-pH.png\",\"width\":251,\"height\":600},{\"@type\":\"BreadcrumbList\",\"@id\":\"https:\/\/aquaforest.eu\/pl\/produkty\/freshwater\/utrzymanie-parametrow-wody\/af-minus-ph\/#breadcrumb\",\"itemListElement\":[{\"@type\":\"ListItem\",\"position\":1,\"name\":\"Home\",\"item\":\"https:\/\/aquaforest.eu\/pl\/\"},{\"@type\":\"ListItem\",\"position\":2,\"name\":\"Produkty\",\"item\":\"https:\/\/aquaforest.eu\/pl\/produkty\/\"},{\"@type\":\"ListItem\",\"position\":3,\"name\":\"AF Minus Ph\"}]},{\"@type\":\"WebSite\",\"@id\":\"https:\/\/aquaforest.eu\/pl\/#website\",\"url\":\"https:\/\/aquaforest.eu\/pl\/\",\"name\":\"Aquaforest\",\"description\":\"\",\"publisher\":{\"@id\":\"https:\/\/aquaforest.eu\/pl\/#organization\"},\"potentialAction\":[{\"@type\":\"SearchAction\",\"target\":{\"@type\":\"EntryPoint\",\"urlTemplate\":\"https:\/\/aquaforest.eu\/pl\/?s={search_term_string}\"},\"query-input\":{\"@type\":\"PropertyValueSpecification\",\"valueRequired\":true,\"valueName\":\"search_term_string\"}}],\"inLanguage\":\"pl-PL\"},{\"@type\":\"Organization\",\"@id\":\"https:\/\/aquaforest.eu\/pl\/#organization\",\"name\":\"Aquaforest\",\"url\":\"https:\/\/aquaforest.eu\/pl\/\",\"logo\":{\"@type\":\"ImageObject\",\"inLanguage\":\"pl-PL\",\"@id\":\"https:\/\/aquaforest.eu\/pl\/#\/schema\/logo\/image\/\",\"url\":\"https:\/\/aquaforest.eu\/wp-content\/uploads\/2024\/05\/logotyp-aquaforest.svg\",\"contentUrl\":\"https:\/\/aquaforest.eu\/wp-content\/uploads\/2024\/05\/logotyp-aquaforest.svg\",\"width\":170,\"height\":22,\"caption\":\"Aquaforest\"},\"image\":{\"@id\":\"https:\/\/aquaforest.eu\/pl\/#\/schema\/logo\/image\/\"},\"sameAs\":[\"https:\/\/www.facebook.com\/Aquaforest\/\",\"https:\/\/www.instagram.com\/aquaforest.eu\/\"]}]}<\/script>\n<!-- \/ Yoast SEO plugin. -->","yoast_head_json":{"title":"AF Minus Ph - Aquaforest","description":"AF Minus pH: Skuteczny preparat do obni\u017cania pH w akwariach s\u0142odkowodnych. Niezawodna formu\u0142a zapewniaj\u0105ca precyzyjn\u0105 regulacj\u0119 i stabilno\u015b\u0107 parametr\u00f3w wody.","robots":{"index":"index","follow":"follow","max-snippet":"max-snippet:-1","max-image-preview":"max-image-preview:large","max-video-preview":"max-video-preview:-1"},"canonical":"https:\/\/aquaforest.eu\/pl\/produkty\/freshwater\/utrzymanie-parametrow-wody\/af-minus-ph\/","og_locale":"pl_PL","og_type":"article","og_title":"AF Minus Ph - Aquaforest","og_description":"AF Minus pH: Skuteczny preparat do obni\u017cania pH w akwariach s\u0142odkowodnych. Niezawodna formu\u0142a zapewniaj\u0105ca precyzyjn\u0105 regulacj\u0119 i stabilno\u015b\u0107 parametr\u00f3w wody.","og_url":"https:\/\/aquaforest.eu\/pl\/produkty\/freshwater\/utrzymanie-parametrow-wody\/af-minus-ph\/","og_site_name":"Aquaforest","article_publisher":"https:\/\/www.facebook.com\/Aquaforest\/","article_modified_time":"2024-11-25T10:53:39+00:00","og_image":[{"width":251,"height":600,"url":"https:\/\/aquaforest.eu\/wp-content\/uploads\/2024\/06\/AF-Minus-pH.png","type":"image\/png"}],"twitter_card":"summary_large_image","twitter_misc":{"Szacowany czas czytania":"1 minuta"},"schema":{"@context":"https:\/\/schema.org","@graph":[{"@type":"WebPage","@id":"https:\/\/aquaforest.eu\/pl\/produkty\/freshwater\/utrzymanie-parametrow-wody\/af-minus-ph\/","url":"https:\/\/aquaforest.eu\/pl\/produkty\/freshwater\/utrzymanie-parametrow-wody\/af-minus-ph\/","name":"AF Minus Ph - Aquaforest","isPartOf":{"@id":"https:\/\/aquaforest.eu\/pl\/#website"},"primaryImageOfPage":{"@id":"https:\/\/aquaforest.eu\/pl\/produkty\/freshwater\/utrzymanie-parametrow-wody\/af-minus-ph\/#primaryimage"},"image":{"@id":"https:\/\/aquaforest.eu\/pl\/produkty\/freshwater\/utrzymanie-parametrow-wody\/af-minus-ph\/#primaryimage"},"thumbnailUrl":"https:\/\/aquaforest.eu\/wp-content\/uploads\/2024\/06\/AF-Minus-pH.png","datePublished":"2024-06-24T23:47:30+00:00","dateModified":"2024-11-25T10:53:39+00:00","description":"AF Minus pH: Skuteczny preparat do obni\u017cania pH w akwariach s\u0142odkowodnych. Niezawodna formu\u0142a zapewniaj\u0105ca precyzyjn\u0105 regulacj\u0119 i stabilno\u015b\u0107 parametr\u00f3w wody.","breadcrumb":{"@id":"https:\/\/aquaforest.eu\/pl\/produkty\/freshwater\/utrzymanie-parametrow-wody\/af-minus-ph\/#breadcrumb"},"inLanguage":"pl-PL","potentialAction":[{"@type":"ReadAction","target":["https:\/\/aquaforest.eu\/pl\/produkty\/freshwater\/utrzymanie-parametrow-wody\/af-minus-ph\/"]}]},{"@type":"ImageObject","inLanguage":"pl-PL","@id":"https:\/\/aquaforest.eu\/pl\/produkty\/freshwater\/utrzymanie-parametrow-wody\/af-minus-ph\/#primaryimage","url":"https:\/\/aquaforest.eu\/wp-content\/uploads\/2024\/06\/AF-Minus-pH.png","contentUrl":"https:\/\/aquaforest.eu\/wp-content\/uploads\/2024\/06\/AF-Minus-pH.png","width":251,"height":600},{"@type":"BreadcrumbList","@id":"https:\/\/aquaforest.eu\/pl\/produkty\/freshwater\/utrzymanie-parametrow-wody\/af-minus-ph\/#breadcrumb","itemListElement":[{"@type":"ListItem","position":1,"name":"Home","item":"https:\/\/aquaforest.eu\/pl\/"},{"@type":"ListItem","position":2,"name":"Produkty","item":"https:\/\/aquaforest.eu\/pl\/produkty\/"},{"@type":"ListItem","position":3,"name":"AF Minus Ph"}]},{"@type":"WebSite","@id":"https:\/\/aquaforest.eu\/pl\/#website","url":"https:\/\/aquaforest.eu\/pl\/","name":"Aquaforest","description":"","publisher":{"@id":"https:\/\/aquaforest.eu\/pl\/#organization"},"potentialAction":[{"@type":"SearchAction","target":{"@type":"EntryPoint","urlTemplate":"https:\/\/aquaforest.eu\/pl\/?s={search_term_string}"},"query-input":{"@type":"PropertyValueSpecification","valueRequired":true,"valueName":"search_term_string"}}],"inLanguage":"pl-PL"},{"@type":"Organization","@id":"https:\/\/aquaforest.eu\/pl\/#organization","name":"Aquaforest","url":"https:\/\/aquaforest.eu\/pl\/","logo":{"@type":"ImageObject","inLanguage":"pl-PL","@id":"https:\/\/aquaforest.eu\/pl\/#\/schema\/logo\/image\/","url":"https:\/\/aquaforest.eu\/wp-content\/uploads\/2024\/05\/logotyp-aquaforest.svg","contentUrl":"https:\/\/aquaforest.eu\/wp-content\/uploads\/2024\/05\/logotyp-aquaforest.svg","width":170,"height":22,"caption":"Aquaforest"},"image":{"@id":"https:\/\/aquaforest.eu\/pl\/#\/schema\/logo\/image\/"},"sameAs":["https:\/\/www.facebook.com\/Aquaforest\/","https:\/\/www.instagram.com\/aquaforest.eu\/"]}]}},"_links":{"self":[{"href":"https:\/\/aquaforest.eu\/pl\/wp-json\/wp\/v2\/product\/11881","targetHints":{"allow":["GET"]}}],"collection":[{"href":"https:\/\/aquaforest.eu\/pl\/wp-json\/wp\/v2\/product"}],"about":[{"href":"https:\/\/aquaforest.eu\/pl\/wp-json\/wp\/v2\/types\/product"}],"version-history":[{"count":0,"href":"https:\/\/aquaforest.eu\/pl\/wp-json\/wp\/v2\/product\/11881\/revisions"}],"wp:featuredmedia":[{"embeddable":true,"href":"https:\/\/aquaforest.eu\/pl\/wp-json\/wp\/v2\/media\/11970"}],"wp:attachment":[{"href":"https:\/\/aquaforest.eu\/pl\/wp-json\/wp\/v2\/media?parent=11881"}],"wp:term":[{"taxonomy":"product_brand","embeddable":true,"href":"https:\/\/aquaforest.eu\/pl\/wp-json\/wp\/v2\/product_brand?post=11881"},{"taxonomy":"product_cat","embeddable":true,"href":"https:\/\/aquaforest.eu\/pl\/wp-json\/wp\/v2\/product_cat?post=11881"},{"taxonomy":"product_tag","embeddable":true,"href":"https:\/\/aquaforest.eu\/pl\/wp-json\/wp\/v2\/product_tag?post=11881"}],"curies":[{"name":"wp","href":"https:\/\/api.w.org\/{rel}","templated":true}]}}