{"id":11887,"date":"2024-06-25T01:01:34","date_gmt":"2024-06-24T23:01:34","guid":{"rendered":"https:\/\/aquaforest.eu\/products\/bez-kategorii\/af-k-boost\/"},"modified":"2024-11-25T11:30:08","modified_gmt":"2024-11-25T10:30:08","slug":"af-k-boost","status":"publish","type":"product","link":"https:\/\/aquaforest.eu\/pl\/produkty\/freshwater\/suplementy-i-nawozy\/af-k-boost\/","title":{"rendered":"AF K Boost"},"content":{"rendered":"<h4><span style=\"color: #000000;\">INFORMACJE O PRODUKCIE:<\/span><\/h4>\n<p><span style=\"color: #000000;\">Profesjonalny suplement \u0142atwo przyswajalnego potasu dla ro\u015blin akwariowych. Potas jest wa\u017cnym sk\u0142adnikiem budulcowym, uczestniczy w wielu reakcjach biochemicznych, gdzie pe\u0142ni rol\u0119 aktywatora enzym\u00f3w. Odpowiada r\u00f3wnie\u017c za regulacj\u0119 osmotyczn\u0105 oraz transport zwi\u0105zk\u00f3w w ro\u015blinie. Niedob\u00f3r potasu objawia si\u0119 \u017c\u00f3\u0142kni\u0119ciem brzeg\u00f3w i wierzcho\u0142k\u00f3w li\u015bci, w p\u00f3\u017aniejszej fazie prowadzi do nekrozy. St\u0119\u017cenie potasu w akwarium powinno wynosi\u0107 10-20 mg\/l. AF K Boost w pe\u0142ni uzupe\u0142nia niedobory potasu potrzebne ro\u015blinom akwariowym. Preparat bardzo szybko jest asymilowany przez ro\u015bliny, dzi\u0119ki czemu efekty widoczne s\u0105 po kr\u00f3tkim czasie stosowania.<\/span><\/p>\n<p>&nbsp;<\/p>\n<hr \/>\n<h4><\/h4>\n<h4><span style=\"color: #000000;\">SPOS\u00d3B U\u017bYCIA:<\/span><\/h4>\n<p><span style=\"color: #000000;\">Suplementacj\u0119 nale\u017cy utrzymywa\u0107, a\u017c do uzyskania zadowalaj\u0105cych efekt\u00f3w. Zaleca si\u0119 r\u00f3wnoleg\u0142e stosowanie z produktami AF Micro, AF PO4 Boost i AF N Boost. Adsorbenty takie jak zeolit i\/lub w\u0119giel mog\u0105 zmniejsza\u0107 skuteczno\u015b\u0107 preparatu.<\/span><br \/>\n<span style=\"color: #000000;\"><strong>1 ml w 10 l wody podniesie poziom:<\/strong><\/span><br \/>\n<span style=\"color: #000000;\">K Potasu 5 mg\/l<\/span><\/p>\n","protected":false},"excerpt":{"rendered":"<p>Profesjonalny, \u0142atwo przyswajalny naw\u00f3z potasowy dla ro\u015blin wodnych. Potas uczestniczy w wielu reakcjach biochemicznych jako aktywator enzym\u00f3w.<\/p>\n","protected":false},"featured_media":11966,"template":"","meta":{"_acf_changed":false,"content-type":""},"product_brand":[],"product_cat":[1137],"product_tag":[1121,967,1422],"class_list":{"0":"post-11887","1":"product","2":"type-product","3":"status-publish","4":"has-post-thumbnail","6":"product_cat-suplementy-i-nawozy","7":"product_tag-akwarystyka-slodkowodna","8":"product_tag-aquaforest-pl","9":"product_tag-variable-pl","11":"first","12":"instock","13":"taxable","14":"shipping-taxable","15":"product-type-variable","16":"has-default-attributes"},"acf":[],"yoast_head":"<!-- This site is optimized with the Yoast SEO plugin v27.1.1 - https:\/\/yoast.com\/product\/yoast-seo-wordpress\/ -->\n<title>AF K Boost - Aquaforest<\/title>\n<meta name=\"description\" content=\"AF K Boost: Skuteczny suplement potasu wspomagaj\u0105cy zdrowy wzrost ro\u015blin w akwarium. Niezawodna formu\u0142a zapewniaj\u0105ca optymalne parametry wody.\" \/>\n<meta name=\"robots\" content=\"index, follow, max-snippet:-1, max-image-preview:large, max-video-preview:-1\" \/>\n<link rel=\"canonical\" href=\"https:\/\/aquaforest.eu\/pl\/produkty\/freshwater\/suplementy-i-nawozy\/af-k-boost\/\" \/>\n<meta property=\"og:locale\" content=\"pl_PL\" \/>\n<meta property=\"og:type\" content=\"article\" \/>\n<meta property=\"og:title\" content=\"AF K Boost - Aquaforest\" \/>\n<meta property=\"og:description\" content=\"AF K Boost: Skuteczny suplement potasu wspomagaj\u0105cy zdrowy wzrost ro\u015blin w akwarium. Niezawodna formu\u0142a zapewniaj\u0105ca optymalne parametry wody.\" \/>\n<meta property=\"og:url\" content=\"https:\/\/aquaforest.eu\/pl\/produkty\/freshwater\/suplementy-i-nawozy\/af-k-boost\/\" \/>\n<meta property=\"og:site_name\" content=\"Aquaforest\" \/>\n<meta property=\"article:publisher\" content=\"https:\/\/www.facebook.com\/Aquaforest\/\" \/>\n<meta property=\"article:modified_time\" content=\"2024-11-25T10:30:08+00:00\" \/>\n<meta property=\"og:image\" content=\"https:\/\/aquaforest.eu\/wp-content\/uploads\/2024\/06\/AF-K-Boost.png\" \/>\n\t<meta property=\"og:image:width\" content=\"259\" \/>\n\t<meta property=\"og:image:height\" content=\"600\" \/>\n\t<meta property=\"og:image:type\" content=\"image\/png\" \/>\n<meta name=\"twitter:card\" content=\"summary_large_image\" \/>\n<meta name=\"twitter:label1\" content=\"Szacowany czas czytania\" \/>\n\t<meta name=\"twitter:data1\" content=\"1 minuta\" \/>\n<script type=\"application\/ld+json\" class=\"yoast-schema-graph\">{\"@context\":\"https:\/\/schema.org\",\"@graph\":[{\"@type\":\"WebPage\",\"@id\":\"https:\/\/aquaforest.eu\/pl\/produkty\/freshwater\/suplementy-i-nawozy\/af-k-boost\/\",\"url\":\"https:\/\/aquaforest.eu\/pl\/produkty\/freshwater\/suplementy-i-nawozy\/af-k-boost\/\",\"name\":\"AF K Boost - Aquaforest\",\"isPartOf\":{\"@id\":\"https:\/\/aquaforest.eu\/pl\/#website\"},\"primaryImageOfPage\":{\"@id\":\"https:\/\/aquaforest.eu\/pl\/produkty\/freshwater\/suplementy-i-nawozy\/af-k-boost\/#primaryimage\"},\"image\":{\"@id\":\"https:\/\/aquaforest.eu\/pl\/produkty\/freshwater\/suplementy-i-nawozy\/af-k-boost\/#primaryimage\"},\"thumbnailUrl\":\"https:\/\/aquaforest.eu\/wp-content\/uploads\/2024\/06\/AF-K-Boost.png\",\"datePublished\":\"2024-06-24T23:01:34+00:00\",\"dateModified\":\"2024-11-25T10:30:08+00:00\",\"description\":\"AF K Boost: Skuteczny suplement potasu wspomagaj\u0105cy zdrowy wzrost ro\u015blin w akwarium. Niezawodna formu\u0142a zapewniaj\u0105ca optymalne parametry wody.\",\"breadcrumb\":{\"@id\":\"https:\/\/aquaforest.eu\/pl\/produkty\/freshwater\/suplementy-i-nawozy\/af-k-boost\/#breadcrumb\"},\"inLanguage\":\"pl-PL\",\"potentialAction\":[{\"@type\":\"ReadAction\",\"target\":[\"https:\/\/aquaforest.eu\/pl\/produkty\/freshwater\/suplementy-i-nawozy\/af-k-boost\/\"]}]},{\"@type\":\"ImageObject\",\"inLanguage\":\"pl-PL\",\"@id\":\"https:\/\/aquaforest.eu\/pl\/produkty\/freshwater\/suplementy-i-nawozy\/af-k-boost\/#primaryimage\",\"url\":\"https:\/\/aquaforest.eu\/wp-content\/uploads\/2024\/06\/AF-K-Boost.png\",\"contentUrl\":\"https:\/\/aquaforest.eu\/wp-content\/uploads\/2024\/06\/AF-K-Boost.png\",\"width\":259,\"height\":600},{\"@type\":\"BreadcrumbList\",\"@id\":\"https:\/\/aquaforest.eu\/pl\/produkty\/freshwater\/suplementy-i-nawozy\/af-k-boost\/#breadcrumb\",\"itemListElement\":[{\"@type\":\"ListItem\",\"position\":1,\"name\":\"Home\",\"item\":\"https:\/\/aquaforest.eu\/pl\/\"},{\"@type\":\"ListItem\",\"position\":2,\"name\":\"Produkty\",\"item\":\"https:\/\/aquaforest.eu\/pl\/produkty\/\"},{\"@type\":\"ListItem\",\"position\":3,\"name\":\"AF K Boost\"}]},{\"@type\":\"WebSite\",\"@id\":\"https:\/\/aquaforest.eu\/pl\/#website\",\"url\":\"https:\/\/aquaforest.eu\/pl\/\",\"name\":\"Aquaforest\",\"description\":\"\",\"publisher\":{\"@id\":\"https:\/\/aquaforest.eu\/pl\/#organization\"},\"potentialAction\":[{\"@type\":\"SearchAction\",\"target\":{\"@type\":\"EntryPoint\",\"urlTemplate\":\"https:\/\/aquaforest.eu\/pl\/?s={search_term_string}\"},\"query-input\":{\"@type\":\"PropertyValueSpecification\",\"valueRequired\":true,\"valueName\":\"search_term_string\"}}],\"inLanguage\":\"pl-PL\"},{\"@type\":\"Organization\",\"@id\":\"https:\/\/aquaforest.eu\/pl\/#organization\",\"name\":\"Aquaforest\",\"url\":\"https:\/\/aquaforest.eu\/pl\/\",\"logo\":{\"@type\":\"ImageObject\",\"inLanguage\":\"pl-PL\",\"@id\":\"https:\/\/aquaforest.eu\/pl\/#\/schema\/logo\/image\/\",\"url\":\"https:\/\/aquaforest.eu\/wp-content\/uploads\/2024\/05\/logotyp-aquaforest.svg\",\"contentUrl\":\"https:\/\/aquaforest.eu\/wp-content\/uploads\/2024\/05\/logotyp-aquaforest.svg\",\"width\":170,\"height\":22,\"caption\":\"Aquaforest\"},\"image\":{\"@id\":\"https:\/\/aquaforest.eu\/pl\/#\/schema\/logo\/image\/\"},\"sameAs\":[\"https:\/\/www.facebook.com\/Aquaforest\/\",\"https:\/\/www.instagram.com\/aquaforest.eu\/\"]}]}<\/script>\n<!-- \/ Yoast SEO plugin. -->","yoast_head_json":{"title":"AF K Boost - Aquaforest","description":"AF K Boost: Skuteczny suplement potasu wspomagaj\u0105cy zdrowy wzrost ro\u015blin w akwarium. Niezawodna formu\u0142a zapewniaj\u0105ca optymalne parametry wody.","robots":{"index":"index","follow":"follow","max-snippet":"max-snippet:-1","max-image-preview":"max-image-preview:large","max-video-preview":"max-video-preview:-1"},"canonical":"https:\/\/aquaforest.eu\/pl\/produkty\/freshwater\/suplementy-i-nawozy\/af-k-boost\/","og_locale":"pl_PL","og_type":"article","og_title":"AF K Boost - Aquaforest","og_description":"AF K Boost: Skuteczny suplement potasu wspomagaj\u0105cy zdrowy wzrost ro\u015blin w akwarium. Niezawodna formu\u0142a zapewniaj\u0105ca optymalne parametry wody.","og_url":"https:\/\/aquaforest.eu\/pl\/produkty\/freshwater\/suplementy-i-nawozy\/af-k-boost\/","og_site_name":"Aquaforest","article_publisher":"https:\/\/www.facebook.com\/Aquaforest\/","article_modified_time":"2024-11-25T10:30:08+00:00","og_image":[{"width":259,"height":600,"url":"https:\/\/aquaforest.eu\/wp-content\/uploads\/2024\/06\/AF-K-Boost.png","type":"image\/png"}],"twitter_card":"summary_large_image","twitter_misc":{"Szacowany czas czytania":"1 minuta"},"schema":{"@context":"https:\/\/schema.org","@graph":[{"@type":"WebPage","@id":"https:\/\/aquaforest.eu\/pl\/produkty\/freshwater\/suplementy-i-nawozy\/af-k-boost\/","url":"https:\/\/aquaforest.eu\/pl\/produkty\/freshwater\/suplementy-i-nawozy\/af-k-boost\/","name":"AF K Boost - Aquaforest","isPartOf":{"@id":"https:\/\/aquaforest.eu\/pl\/#website"},"primaryImageOfPage":{"@id":"https:\/\/aquaforest.eu\/pl\/produkty\/freshwater\/suplementy-i-nawozy\/af-k-boost\/#primaryimage"},"image":{"@id":"https:\/\/aquaforest.eu\/pl\/produkty\/freshwater\/suplementy-i-nawozy\/af-k-boost\/#primaryimage"},"thumbnailUrl":"https:\/\/aquaforest.eu\/wp-content\/uploads\/2024\/06\/AF-K-Boost.png","datePublished":"2024-06-24T23:01:34+00:00","dateModified":"2024-11-25T10:30:08+00:00","description":"AF K Boost: Skuteczny suplement potasu wspomagaj\u0105cy zdrowy wzrost ro\u015blin w akwarium. Niezawodna formu\u0142a zapewniaj\u0105ca optymalne parametry wody.","breadcrumb":{"@id":"https:\/\/aquaforest.eu\/pl\/produkty\/freshwater\/suplementy-i-nawozy\/af-k-boost\/#breadcrumb"},"inLanguage":"pl-PL","potentialAction":[{"@type":"ReadAction","target":["https:\/\/aquaforest.eu\/pl\/produkty\/freshwater\/suplementy-i-nawozy\/af-k-boost\/"]}]},{"@type":"ImageObject","inLanguage":"pl-PL","@id":"https:\/\/aquaforest.eu\/pl\/produkty\/freshwater\/suplementy-i-nawozy\/af-k-boost\/#primaryimage","url":"https:\/\/aquaforest.eu\/wp-content\/uploads\/2024\/06\/AF-K-Boost.png","contentUrl":"https:\/\/aquaforest.eu\/wp-content\/uploads\/2024\/06\/AF-K-Boost.png","width":259,"height":600},{"@type":"BreadcrumbList","@id":"https:\/\/aquaforest.eu\/pl\/produkty\/freshwater\/suplementy-i-nawozy\/af-k-boost\/#breadcrumb","itemListElement":[{"@type":"ListItem","position":1,"name":"Home","item":"https:\/\/aquaforest.eu\/pl\/"},{"@type":"ListItem","position":2,"name":"Produkty","item":"https:\/\/aquaforest.eu\/pl\/produkty\/"},{"@type":"ListItem","position":3,"name":"AF K Boost"}]},{"@type":"WebSite","@id":"https:\/\/aquaforest.eu\/pl\/#website","url":"https:\/\/aquaforest.eu\/pl\/","name":"Aquaforest","description":"","publisher":{"@id":"https:\/\/aquaforest.eu\/pl\/#organization"},"potentialAction":[{"@type":"SearchAction","target":{"@type":"EntryPoint","urlTemplate":"https:\/\/aquaforest.eu\/pl\/?s={search_term_string}"},"query-input":{"@type":"PropertyValueSpecification","valueRequired":true,"valueName":"search_term_string"}}],"inLanguage":"pl-PL"},{"@type":"Organization","@id":"https:\/\/aquaforest.eu\/pl\/#organization","name":"Aquaforest","url":"https:\/\/aquaforest.eu\/pl\/","logo":{"@type":"ImageObject","inLanguage":"pl-PL","@id":"https:\/\/aquaforest.eu\/pl\/#\/schema\/logo\/image\/","url":"https:\/\/aquaforest.eu\/wp-content\/uploads\/2024\/05\/logotyp-aquaforest.svg","contentUrl":"https:\/\/aquaforest.eu\/wp-content\/uploads\/2024\/05\/logotyp-aquaforest.svg","width":170,"height":22,"caption":"Aquaforest"},"image":{"@id":"https:\/\/aquaforest.eu\/pl\/#\/schema\/logo\/image\/"},"sameAs":["https:\/\/www.facebook.com\/Aquaforest\/","https:\/\/www.instagram.com\/aquaforest.eu\/"]}]}},"_links":{"self":[{"href":"https:\/\/aquaforest.eu\/pl\/wp-json\/wp\/v2\/product\/11887","targetHints":{"allow":["GET"]}}],"collection":[{"href":"https:\/\/aquaforest.eu\/pl\/wp-json\/wp\/v2\/product"}],"about":[{"href":"https:\/\/aquaforest.eu\/pl\/wp-json\/wp\/v2\/types\/product"}],"version-history":[{"count":0,"href":"https:\/\/aquaforest.eu\/pl\/wp-json\/wp\/v2\/product\/11887\/revisions"}],"wp:featuredmedia":[{"embeddable":true,"href":"https:\/\/aquaforest.eu\/pl\/wp-json\/wp\/v2\/media\/11966"}],"wp:attachment":[{"href":"https:\/\/aquaforest.eu\/pl\/wp-json\/wp\/v2\/media?parent=11887"}],"wp:term":[{"taxonomy":"product_brand","embeddable":true,"href":"https:\/\/aquaforest.eu\/pl\/wp-json\/wp\/v2\/product_brand?post=11887"},{"taxonomy":"product_cat","embeddable":true,"href":"https:\/\/aquaforest.eu\/pl\/wp-json\/wp\/v2\/product_cat?post=11887"},{"taxonomy":"product_tag","embeddable":true,"href":"https:\/\/aquaforest.eu\/pl\/wp-json\/wp\/v2\/product_tag?post=11887"}],"curies":[{"name":"wp","href":"https:\/\/api.w.org\/{rel}","templated":true}]}}