{"id":11898,"date":"2024-06-25T00:31:44","date_gmt":"2024-06-24T22:31:44","guid":{"rendered":"https:\/\/aquaforest.eu\/products\/bez-kategorii\/af-n-boost\/"},"modified":"2024-11-25T12:02:07","modified_gmt":"2024-11-25T11:02:07","slug":"af-n-boost","status":"publish","type":"product","link":"https:\/\/aquaforest.eu\/pl\/produkty\/freshwater\/suplementy-i-nawozy\/af-n-boost\/","title":{"rendered":"AF N Boost"},"content":{"rendered":"<h4><span style=\"color: #000000;\">INFORMACJE O PRODUKCIE:<\/span><\/h4>\n<p><span style=\"color: #000000;\">Profesjonalny suplement \u0142atwo przyswajalnego azotu dla ro\u015blin akwariowych. Azot to jeden z najwa\u017cniejszych makroelement\u00f3w potrzebny ro\u015blinom. Obecno\u015b\u0107 azotu decyduje o wzro\u015bcie ro\u015bliny, jej krzewieniu i zielonym wybarwieniu li\u015bci. Bardzo wa\u017cna jest prawid\u0142owa suplementacja azotu, gdy\u017c zar\u00f3wno niedob\u00f3r, jak i nadmiar mo\u017ce by\u0107 szkodliwy dla ro\u015blin. Niedob\u00f3r azotu powoduje zahamowanie wzrostu, chloroz\u0119 i \u017c\u00f3\u0142kni\u0119cie li\u015bci, a w dalszym stadium ich brunatnienie. Nadmiar za\u015b objawia si\u0119 wybuja\u0142ym wzrostem, zmian\u0105 koloru li\u015bci na ciemnozielony, a przy tym ro\u015blina jest bardzo delikatna i staje si\u0119 mniej odporna na urazy mechaniczne. Odpowiedni poziom azotan\u00f3w w akwarium ro\u015blinnym powinien wynosi\u0107 10-20 mg\/l. Azot pobierany jest przez ro\u015bliny g\u0142\u00f3wnie w formie azotanowej i amonowej. AF N Boost zawiera mineralne formy azotu, kt\u00f3re doskonale przyswajane s\u0105 przez ro\u015bliny akwariowe.<\/span><\/p>\n<p>&nbsp;<\/p>\n<hr \/>\n<h4><\/h4>\n<h4><span style=\"color: #000000;\">SPOS\u00d3B U\u017bYCIA:<\/span><\/h4>\n<p><span style=\"color: #000000;\">10 ml AF N Boost rozpuszczony w 100 l wody podnosi poziom azotan\u00f3w o 10 mg\/l. Zaleca si\u0119 r\u00f3wnoleg\u0142e stosowanie z produktami AF Micro, AF PO4 Boost i AF K Boost. Pomimo suplementowania AF Macro mo\u017ce doj\u015b\u0107 do zwi\u0119kszonego zapotrzebowania na azot, w tej sytuacji r\u00f3wnie\u017c zalecamy stosowanie AF N Boost, a\u017c do osi\u0105gni\u0119cia po\u017c\u0105danych parametr\u00f3w. W przypadku intensywnej suplementacji azotu zaleca si\u0119 przeprowadzanie regularnych test\u00f3w wody. Nie nale\u017cy stosowa\u0107 z innymi preparatami zawieraj\u0105cymi azot ze wzgl\u0119du na ryzyko przenawo\u017cenia ro\u015blin oraz zakwitu glon\u00f3w.<\/span><br \/>\n<span style=\"color: #000000;\"><strong>1 ml w 10 l wody podniesie poziom:<\/strong><\/span><br \/>\n<span style=\"color: #000000;\">NO3 Azotan\u00f3w 10 mg\/l (ppm)<\/span><\/p>\n","protected":false},"excerpt":{"rendered":"<p>\u0141atwo przyswajalny naw\u00f3z azotowy przyspieszaj\u0105cy wzrost ro\u015blin, rozw\u00f3j systemu korzeniowego \u00a0i zielone wybarwienie li\u015bci.<\/p>\n","protected":false},"featured_media":11980,"template":"","meta":{"_acf_changed":false,"content-type":""},"product_brand":[],"product_cat":[1137],"product_tag":[1121,967,1422],"class_list":{"0":"post-11898","1":"product","2":"type-product","3":"status-publish","4":"has-post-thumbnail","6":"product_cat-suplementy-i-nawozy","7":"product_tag-akwarystyka-slodkowodna","8":"product_tag-aquaforest-pl","9":"product_tag-variable-pl","11":"first","12":"instock","13":"taxable","14":"shipping-taxable","15":"product-type-variable","16":"has-default-attributes"},"acf":[],"yoast_head":"<!-- This site is optimized with the Yoast SEO plugin v27.1.1 - https:\/\/yoast.com\/product\/yoast-seo-wordpress\/ -->\n<title>AF N Boost - Aquaforest<\/title>\n<meta name=\"description\" content=\"AF N Boost: Skuteczny suplement zwi\u0119kszaj\u0105cy poziom azotu w akwarium. Niezawodna formu\u0142a wspieraj\u0105ca zdrowy wzrost ro\u015blin i koralowc\u00f3w.\" \/>\n<meta name=\"robots\" content=\"index, follow, max-snippet:-1, max-image-preview:large, max-video-preview:-1\" \/>\n<link rel=\"canonical\" href=\"https:\/\/aquaforest.eu\/pl\/produkty\/freshwater\/suplementy-i-nawozy\/af-n-boost\/\" \/>\n<meta property=\"og:locale\" content=\"pl_PL\" \/>\n<meta property=\"og:type\" content=\"article\" \/>\n<meta property=\"og:title\" content=\"AF N Boost - Aquaforest\" \/>\n<meta property=\"og:description\" content=\"AF N Boost: Skuteczny suplement zwi\u0119kszaj\u0105cy poziom azotu w akwarium. Niezawodna formu\u0142a wspieraj\u0105ca zdrowy wzrost ro\u015blin i koralowc\u00f3w.\" \/>\n<meta property=\"og:url\" content=\"https:\/\/aquaforest.eu\/pl\/produkty\/freshwater\/suplementy-i-nawozy\/af-n-boost\/\" \/>\n<meta property=\"og:site_name\" content=\"Aquaforest\" \/>\n<meta property=\"article:publisher\" content=\"https:\/\/www.facebook.com\/Aquaforest\/\" \/>\n<meta property=\"article:modified_time\" content=\"2024-11-25T11:02:07+00:00\" \/>\n<meta property=\"og:image\" content=\"https:\/\/aquaforest.eu\/wp-content\/uploads\/2024\/06\/AF-N-Boost.png\" \/>\n\t<meta property=\"og:image:width\" content=\"266\" \/>\n\t<meta property=\"og:image:height\" content=\"600\" \/>\n\t<meta property=\"og:image:type\" content=\"image\/png\" \/>\n<meta name=\"twitter:card\" content=\"summary_large_image\" \/>\n<meta name=\"twitter:label1\" content=\"Szacowany czas czytania\" \/>\n\t<meta name=\"twitter:data1\" content=\"2 minuty\" \/>\n<script type=\"application\/ld+json\" class=\"yoast-schema-graph\">{\"@context\":\"https:\/\/schema.org\",\"@graph\":[{\"@type\":\"WebPage\",\"@id\":\"https:\/\/aquaforest.eu\/pl\/produkty\/freshwater\/suplementy-i-nawozy\/af-n-boost\/\",\"url\":\"https:\/\/aquaforest.eu\/pl\/produkty\/freshwater\/suplementy-i-nawozy\/af-n-boost\/\",\"name\":\"AF N Boost - Aquaforest\",\"isPartOf\":{\"@id\":\"https:\/\/aquaforest.eu\/pl\/#website\"},\"primaryImageOfPage\":{\"@id\":\"https:\/\/aquaforest.eu\/pl\/produkty\/freshwater\/suplementy-i-nawozy\/af-n-boost\/#primaryimage\"},\"image\":{\"@id\":\"https:\/\/aquaforest.eu\/pl\/produkty\/freshwater\/suplementy-i-nawozy\/af-n-boost\/#primaryimage\"},\"thumbnailUrl\":\"https:\/\/aquaforest.eu\/wp-content\/uploads\/2024\/06\/AF-N-Boost.png\",\"datePublished\":\"2024-06-24T22:31:44+00:00\",\"dateModified\":\"2024-11-25T11:02:07+00:00\",\"description\":\"AF N Boost: Skuteczny suplement zwi\u0119kszaj\u0105cy poziom azotu w akwarium. Niezawodna formu\u0142a wspieraj\u0105ca zdrowy wzrost ro\u015blin i koralowc\u00f3w.\",\"breadcrumb\":{\"@id\":\"https:\/\/aquaforest.eu\/pl\/produkty\/freshwater\/suplementy-i-nawozy\/af-n-boost\/#breadcrumb\"},\"inLanguage\":\"pl-PL\",\"potentialAction\":[{\"@type\":\"ReadAction\",\"target\":[\"https:\/\/aquaforest.eu\/pl\/produkty\/freshwater\/suplementy-i-nawozy\/af-n-boost\/\"]}]},{\"@type\":\"ImageObject\",\"inLanguage\":\"pl-PL\",\"@id\":\"https:\/\/aquaforest.eu\/pl\/produkty\/freshwater\/suplementy-i-nawozy\/af-n-boost\/#primaryimage\",\"url\":\"https:\/\/aquaforest.eu\/wp-content\/uploads\/2024\/06\/AF-N-Boost.png\",\"contentUrl\":\"https:\/\/aquaforest.eu\/wp-content\/uploads\/2024\/06\/AF-N-Boost.png\",\"width\":266,\"height\":600},{\"@type\":\"BreadcrumbList\",\"@id\":\"https:\/\/aquaforest.eu\/pl\/produkty\/freshwater\/suplementy-i-nawozy\/af-n-boost\/#breadcrumb\",\"itemListElement\":[{\"@type\":\"ListItem\",\"position\":1,\"name\":\"Home\",\"item\":\"https:\/\/aquaforest.eu\/pl\/\"},{\"@type\":\"ListItem\",\"position\":2,\"name\":\"Produkty\",\"item\":\"https:\/\/aquaforest.eu\/pl\/produkty\/\"},{\"@type\":\"ListItem\",\"position\":3,\"name\":\"AF N Boost\"}]},{\"@type\":\"WebSite\",\"@id\":\"https:\/\/aquaforest.eu\/pl\/#website\",\"url\":\"https:\/\/aquaforest.eu\/pl\/\",\"name\":\"Aquaforest\",\"description\":\"\",\"publisher\":{\"@id\":\"https:\/\/aquaforest.eu\/pl\/#organization\"},\"potentialAction\":[{\"@type\":\"SearchAction\",\"target\":{\"@type\":\"EntryPoint\",\"urlTemplate\":\"https:\/\/aquaforest.eu\/pl\/?s={search_term_string}\"},\"query-input\":{\"@type\":\"PropertyValueSpecification\",\"valueRequired\":true,\"valueName\":\"search_term_string\"}}],\"inLanguage\":\"pl-PL\"},{\"@type\":\"Organization\",\"@id\":\"https:\/\/aquaforest.eu\/pl\/#organization\",\"name\":\"Aquaforest\",\"url\":\"https:\/\/aquaforest.eu\/pl\/\",\"logo\":{\"@type\":\"ImageObject\",\"inLanguage\":\"pl-PL\",\"@id\":\"https:\/\/aquaforest.eu\/pl\/#\/schema\/logo\/image\/\",\"url\":\"https:\/\/aquaforest.eu\/wp-content\/uploads\/2024\/05\/logotyp-aquaforest.svg\",\"contentUrl\":\"https:\/\/aquaforest.eu\/wp-content\/uploads\/2024\/05\/logotyp-aquaforest.svg\",\"width\":170,\"height\":22,\"caption\":\"Aquaforest\"},\"image\":{\"@id\":\"https:\/\/aquaforest.eu\/pl\/#\/schema\/logo\/image\/\"},\"sameAs\":[\"https:\/\/www.facebook.com\/Aquaforest\/\",\"https:\/\/www.instagram.com\/aquaforest.eu\/\"]}]}<\/script>\n<!-- \/ Yoast SEO plugin. -->","yoast_head_json":{"title":"AF N Boost - Aquaforest","description":"AF N Boost: Skuteczny suplement zwi\u0119kszaj\u0105cy poziom azotu w akwarium. Niezawodna formu\u0142a wspieraj\u0105ca zdrowy wzrost ro\u015blin i koralowc\u00f3w.","robots":{"index":"index","follow":"follow","max-snippet":"max-snippet:-1","max-image-preview":"max-image-preview:large","max-video-preview":"max-video-preview:-1"},"canonical":"https:\/\/aquaforest.eu\/pl\/produkty\/freshwater\/suplementy-i-nawozy\/af-n-boost\/","og_locale":"pl_PL","og_type":"article","og_title":"AF N Boost - Aquaforest","og_description":"AF N Boost: Skuteczny suplement zwi\u0119kszaj\u0105cy poziom azotu w akwarium. Niezawodna formu\u0142a wspieraj\u0105ca zdrowy wzrost ro\u015blin i koralowc\u00f3w.","og_url":"https:\/\/aquaforest.eu\/pl\/produkty\/freshwater\/suplementy-i-nawozy\/af-n-boost\/","og_site_name":"Aquaforest","article_publisher":"https:\/\/www.facebook.com\/Aquaforest\/","article_modified_time":"2024-11-25T11:02:07+00:00","og_image":[{"width":266,"height":600,"url":"https:\/\/aquaforest.eu\/wp-content\/uploads\/2024\/06\/AF-N-Boost.png","type":"image\/png"}],"twitter_card":"summary_large_image","twitter_misc":{"Szacowany czas czytania":"2 minuty"},"schema":{"@context":"https:\/\/schema.org","@graph":[{"@type":"WebPage","@id":"https:\/\/aquaforest.eu\/pl\/produkty\/freshwater\/suplementy-i-nawozy\/af-n-boost\/","url":"https:\/\/aquaforest.eu\/pl\/produkty\/freshwater\/suplementy-i-nawozy\/af-n-boost\/","name":"AF N Boost - Aquaforest","isPartOf":{"@id":"https:\/\/aquaforest.eu\/pl\/#website"},"primaryImageOfPage":{"@id":"https:\/\/aquaforest.eu\/pl\/produkty\/freshwater\/suplementy-i-nawozy\/af-n-boost\/#primaryimage"},"image":{"@id":"https:\/\/aquaforest.eu\/pl\/produkty\/freshwater\/suplementy-i-nawozy\/af-n-boost\/#primaryimage"},"thumbnailUrl":"https:\/\/aquaforest.eu\/wp-content\/uploads\/2024\/06\/AF-N-Boost.png","datePublished":"2024-06-24T22:31:44+00:00","dateModified":"2024-11-25T11:02:07+00:00","description":"AF N Boost: Skuteczny suplement zwi\u0119kszaj\u0105cy poziom azotu w akwarium. Niezawodna formu\u0142a wspieraj\u0105ca zdrowy wzrost ro\u015blin i koralowc\u00f3w.","breadcrumb":{"@id":"https:\/\/aquaforest.eu\/pl\/produkty\/freshwater\/suplementy-i-nawozy\/af-n-boost\/#breadcrumb"},"inLanguage":"pl-PL","potentialAction":[{"@type":"ReadAction","target":["https:\/\/aquaforest.eu\/pl\/produkty\/freshwater\/suplementy-i-nawozy\/af-n-boost\/"]}]},{"@type":"ImageObject","inLanguage":"pl-PL","@id":"https:\/\/aquaforest.eu\/pl\/produkty\/freshwater\/suplementy-i-nawozy\/af-n-boost\/#primaryimage","url":"https:\/\/aquaforest.eu\/wp-content\/uploads\/2024\/06\/AF-N-Boost.png","contentUrl":"https:\/\/aquaforest.eu\/wp-content\/uploads\/2024\/06\/AF-N-Boost.png","width":266,"height":600},{"@type":"BreadcrumbList","@id":"https:\/\/aquaforest.eu\/pl\/produkty\/freshwater\/suplementy-i-nawozy\/af-n-boost\/#breadcrumb","itemListElement":[{"@type":"ListItem","position":1,"name":"Home","item":"https:\/\/aquaforest.eu\/pl\/"},{"@type":"ListItem","position":2,"name":"Produkty","item":"https:\/\/aquaforest.eu\/pl\/produkty\/"},{"@type":"ListItem","position":3,"name":"AF N Boost"}]},{"@type":"WebSite","@id":"https:\/\/aquaforest.eu\/pl\/#website","url":"https:\/\/aquaforest.eu\/pl\/","name":"Aquaforest","description":"","publisher":{"@id":"https:\/\/aquaforest.eu\/pl\/#organization"},"potentialAction":[{"@type":"SearchAction","target":{"@type":"EntryPoint","urlTemplate":"https:\/\/aquaforest.eu\/pl\/?s={search_term_string}"},"query-input":{"@type":"PropertyValueSpecification","valueRequired":true,"valueName":"search_term_string"}}],"inLanguage":"pl-PL"},{"@type":"Organization","@id":"https:\/\/aquaforest.eu\/pl\/#organization","name":"Aquaforest","url":"https:\/\/aquaforest.eu\/pl\/","logo":{"@type":"ImageObject","inLanguage":"pl-PL","@id":"https:\/\/aquaforest.eu\/pl\/#\/schema\/logo\/image\/","url":"https:\/\/aquaforest.eu\/wp-content\/uploads\/2024\/05\/logotyp-aquaforest.svg","contentUrl":"https:\/\/aquaforest.eu\/wp-content\/uploads\/2024\/05\/logotyp-aquaforest.svg","width":170,"height":22,"caption":"Aquaforest"},"image":{"@id":"https:\/\/aquaforest.eu\/pl\/#\/schema\/logo\/image\/"},"sameAs":["https:\/\/www.facebook.com\/Aquaforest\/","https:\/\/www.instagram.com\/aquaforest.eu\/"]}]}},"_links":{"self":[{"href":"https:\/\/aquaforest.eu\/pl\/wp-json\/wp\/v2\/product\/11898","targetHints":{"allow":["GET"]}}],"collection":[{"href":"https:\/\/aquaforest.eu\/pl\/wp-json\/wp\/v2\/product"}],"about":[{"href":"https:\/\/aquaforest.eu\/pl\/wp-json\/wp\/v2\/types\/product"}],"version-history":[{"count":0,"href":"https:\/\/aquaforest.eu\/pl\/wp-json\/wp\/v2\/product\/11898\/revisions"}],"wp:featuredmedia":[{"embeddable":true,"href":"https:\/\/aquaforest.eu\/pl\/wp-json\/wp\/v2\/media\/11980"}],"wp:attachment":[{"href":"https:\/\/aquaforest.eu\/pl\/wp-json\/wp\/v2\/media?parent=11898"}],"wp:term":[{"taxonomy":"product_brand","embeddable":true,"href":"https:\/\/aquaforest.eu\/pl\/wp-json\/wp\/v2\/product_brand?post=11898"},{"taxonomy":"product_cat","embeddable":true,"href":"https:\/\/aquaforest.eu\/pl\/wp-json\/wp\/v2\/product_cat?post=11898"},{"taxonomy":"product_tag","embeddable":true,"href":"https:\/\/aquaforest.eu\/pl\/wp-json\/wp\/v2\/product_tag?post=11898"}],"curies":[{"name":"wp","href":"https:\/\/api.w.org\/{rel}","templated":true}]}}