{"id":11902,"date":"2024-06-25T00:08:22","date_gmt":"2024-06-24T22:08:22","guid":{"rendered":"https:\/\/aquaforest.eu\/products\/bez-kategorii\/life-bio-media\/"},"modified":"2024-11-25T12:31:40","modified_gmt":"2024-11-25T11:31:40","slug":"life-bio-media","status":"publish","type":"product","link":"https:\/\/aquaforest.eu\/pl\/produkty\/freshwater\/utrzymanie-parametrow-wody\/life-bio-media\/","title":{"rendered":"Life Bio Media"},"content":{"rendered":"<p><span style=\"color: #000000;\">Life Bio Media to naturalne, przeznaczone do akwari\u00f3w s\u0142odkowodnych biologiczne medium filtracyjne zasiedlone bakteriami. Ze wzgl\u0119du na zawarto\u015b\u0107 specjalnie wyselekcjonowanych szczep\u00f3w bakterii inicjuje i wspomaga proces nitryfikacji, przez co przyspiesza dojrzewanie zbiornika. Doskonale sprawdzi si\u0119 jako biologiczne medium filtracyjne w nowo za\u0142o\u017conych akwariach, zwi\u0119kszy r\u00f3wnie\u017c efektywno\u015b\u0107 filtracji w funkcjonuj\u0105cych zbiornikach. Dzi\u0119ki zastosowaniu Life Bio Media proces nitryfikacji rozpoczyna si\u0119 niemal natychmiast. \u00a0<\/span><\/p>\n<p><span style=\"color: #000000;\"><b>SPOS\u00d3B U\u017bYCIA:<\/b> Zawarto\u015b\u0107 opakowania umie\u015bci\u0107 w koszu filtra. 250 ml produktu wystarcza na 100 l wody. Co p\u00f3\u0142 roku wymienia\u0107 1\/2 wk\u0142adu. Podczas czyszczenia i konserwacji filtra nie doprowadza\u0107 do przesuszenia, nie p\u0142uka\u0107 pod bie\u017c\u0105c\u0105 wod\u0105, nie p\u0142uka\u0107 w ciep\u0142ej wodzie. Wk\u0142ad p\u0142uka\u0107 w wodzie akwariowej poza zbiornikiem g\u0142\u00f3wnym.<\/span><\/p>\n","protected":false},"excerpt":{"rendered":"<p>Naturalne biologiczne medium filtracyjne przeznaczone do akwari\u00f3w s\u0142odkowodnych, ju\u017c zasiedlone bakteriami.<\/p>\n","protected":false},"featured_media":11977,"template":"","meta":{"_acf_changed":false,"content-type":""},"product_brand":[],"product_cat":[1139],"product_tag":[1121,967,1421],"class_list":{"0":"post-11902","1":"product","2":"type-product","3":"status-publish","4":"has-post-thumbnail","6":"product_cat-utrzymanie-parametrow-wody","7":"product_tag-akwarystyka-slodkowodna","8":"product_tag-aquaforest-pl","9":"product_tag-simple-pl","11":"first","12":"instock","13":"taxable","14":"shipping-taxable","15":"purchasable","16":"product-type-simple"},"acf":[],"yoast_head":"<!-- This site is optimized with the Yoast SEO plugin v27.1.1 - https:\/\/yoast.com\/product\/yoast-seo-wordpress\/ -->\n<title>Life Bio Media - Aquaforest<\/title>\n<meta name=\"description\" content=\"Medium filtracyjne wype\u0142nione bakteriami. Idealny na pocz\u0105tek zbiornika, aby wspiera\u0107 dojrzewanie.\" \/>\n<meta name=\"robots\" content=\"index, follow, max-snippet:-1, max-image-preview:large, max-video-preview:-1\" \/>\n<link rel=\"canonical\" href=\"https:\/\/aquaforest.eu\/pl\/produkty\/freshwater\/utrzymanie-parametrow-wody\/life-bio-media\/\" \/>\n<meta property=\"og:locale\" content=\"pl_PL\" \/>\n<meta property=\"og:type\" content=\"article\" \/>\n<meta property=\"og:title\" content=\"Life Bio Media - Aquaforest\" \/>\n<meta property=\"og:description\" content=\"Medium filtracyjne wype\u0142nione bakteriami. Idealny na pocz\u0105tek zbiornika, aby wspiera\u0107 dojrzewanie.\" \/>\n<meta property=\"og:url\" content=\"https:\/\/aquaforest.eu\/pl\/produkty\/freshwater\/utrzymanie-parametrow-wody\/life-bio-media\/\" \/>\n<meta property=\"og:site_name\" content=\"Aquaforest\" \/>\n<meta property=\"article:publisher\" content=\"https:\/\/www.facebook.com\/Aquaforest\/\" \/>\n<meta property=\"article:modified_time\" content=\"2024-11-25T11:31:40+00:00\" \/>\n<meta property=\"og:image\" content=\"https:\/\/aquaforest.eu\/wp-content\/uploads\/2024\/06\/AF_Life-Bio-Media.png\" \/>\n\t<meta property=\"og:image:width\" content=\"401\" \/>\n\t<meta property=\"og:image:height\" content=\"600\" \/>\n\t<meta property=\"og:image:type\" content=\"image\/png\" \/>\n<meta name=\"twitter:card\" content=\"summary_large_image\" \/>\n<meta name=\"twitter:label1\" content=\"Szacowany czas czytania\" \/>\n\t<meta name=\"twitter:data1\" content=\"1 minuta\" \/>\n<script type=\"application\/ld+json\" class=\"yoast-schema-graph\">{\"@context\":\"https:\/\/schema.org\",\"@graph\":[{\"@type\":\"WebPage\",\"@id\":\"https:\/\/aquaforest.eu\/pl\/produkty\/freshwater\/utrzymanie-parametrow-wody\/life-bio-media\/\",\"url\":\"https:\/\/aquaforest.eu\/pl\/produkty\/freshwater\/utrzymanie-parametrow-wody\/life-bio-media\/\",\"name\":\"Life Bio Media - Aquaforest\",\"isPartOf\":{\"@id\":\"https:\/\/aquaforest.eu\/pl\/#website\"},\"primaryImageOfPage\":{\"@id\":\"https:\/\/aquaforest.eu\/pl\/produkty\/freshwater\/utrzymanie-parametrow-wody\/life-bio-media\/#primaryimage\"},\"image\":{\"@id\":\"https:\/\/aquaforest.eu\/pl\/produkty\/freshwater\/utrzymanie-parametrow-wody\/life-bio-media\/#primaryimage\"},\"thumbnailUrl\":\"https:\/\/aquaforest.eu\/wp-content\/uploads\/2024\/06\/AF_Life-Bio-Media.png\",\"datePublished\":\"2024-06-24T22:08:22+00:00\",\"dateModified\":\"2024-11-25T11:31:40+00:00\",\"description\":\"Medium filtracyjne wype\u0142nione bakteriami. Idealny na pocz\u0105tek zbiornika, aby wspiera\u0107 dojrzewanie.\",\"breadcrumb\":{\"@id\":\"https:\/\/aquaforest.eu\/pl\/produkty\/freshwater\/utrzymanie-parametrow-wody\/life-bio-media\/#breadcrumb\"},\"inLanguage\":\"pl-PL\",\"potentialAction\":[{\"@type\":\"ReadAction\",\"target\":[\"https:\/\/aquaforest.eu\/pl\/produkty\/freshwater\/utrzymanie-parametrow-wody\/life-bio-media\/\"]}]},{\"@type\":\"ImageObject\",\"inLanguage\":\"pl-PL\",\"@id\":\"https:\/\/aquaforest.eu\/pl\/produkty\/freshwater\/utrzymanie-parametrow-wody\/life-bio-media\/#primaryimage\",\"url\":\"https:\/\/aquaforest.eu\/wp-content\/uploads\/2024\/06\/AF_Life-Bio-Media.png\",\"contentUrl\":\"https:\/\/aquaforest.eu\/wp-content\/uploads\/2024\/06\/AF_Life-Bio-Media.png\",\"width\":401,\"height\":600},{\"@type\":\"BreadcrumbList\",\"@id\":\"https:\/\/aquaforest.eu\/pl\/produkty\/freshwater\/utrzymanie-parametrow-wody\/life-bio-media\/#breadcrumb\",\"itemListElement\":[{\"@type\":\"ListItem\",\"position\":1,\"name\":\"Home\",\"item\":\"https:\/\/aquaforest.eu\/pl\/\"},{\"@type\":\"ListItem\",\"position\":2,\"name\":\"Produkty\",\"item\":\"https:\/\/aquaforest.eu\/pl\/produkty\/\"},{\"@type\":\"ListItem\",\"position\":3,\"name\":\"Life Bio Media\"}]},{\"@type\":\"WebSite\",\"@id\":\"https:\/\/aquaforest.eu\/pl\/#website\",\"url\":\"https:\/\/aquaforest.eu\/pl\/\",\"name\":\"Aquaforest\",\"description\":\"\",\"publisher\":{\"@id\":\"https:\/\/aquaforest.eu\/pl\/#organization\"},\"potentialAction\":[{\"@type\":\"SearchAction\",\"target\":{\"@type\":\"EntryPoint\",\"urlTemplate\":\"https:\/\/aquaforest.eu\/pl\/?s={search_term_string}\"},\"query-input\":{\"@type\":\"PropertyValueSpecification\",\"valueRequired\":true,\"valueName\":\"search_term_string\"}}],\"inLanguage\":\"pl-PL\"},{\"@type\":\"Organization\",\"@id\":\"https:\/\/aquaforest.eu\/pl\/#organization\",\"name\":\"Aquaforest\",\"url\":\"https:\/\/aquaforest.eu\/pl\/\",\"logo\":{\"@type\":\"ImageObject\",\"inLanguage\":\"pl-PL\",\"@id\":\"https:\/\/aquaforest.eu\/pl\/#\/schema\/logo\/image\/\",\"url\":\"https:\/\/aquaforest.eu\/wp-content\/uploads\/2024\/05\/logotyp-aquaforest.svg\",\"contentUrl\":\"https:\/\/aquaforest.eu\/wp-content\/uploads\/2024\/05\/logotyp-aquaforest.svg\",\"width\":170,\"height\":22,\"caption\":\"Aquaforest\"},\"image\":{\"@id\":\"https:\/\/aquaforest.eu\/pl\/#\/schema\/logo\/image\/\"},\"sameAs\":[\"https:\/\/www.facebook.com\/Aquaforest\/\",\"https:\/\/www.instagram.com\/aquaforest.eu\/\"]}]}<\/script>\n<!-- \/ Yoast SEO plugin. -->","yoast_head_json":{"title":"Life Bio Media - Aquaforest","description":"Medium filtracyjne wype\u0142nione bakteriami. Idealny na pocz\u0105tek zbiornika, aby wspiera\u0107 dojrzewanie.","robots":{"index":"index","follow":"follow","max-snippet":"max-snippet:-1","max-image-preview":"max-image-preview:large","max-video-preview":"max-video-preview:-1"},"canonical":"https:\/\/aquaforest.eu\/pl\/produkty\/freshwater\/utrzymanie-parametrow-wody\/life-bio-media\/","og_locale":"pl_PL","og_type":"article","og_title":"Life Bio Media - Aquaforest","og_description":"Medium filtracyjne wype\u0142nione bakteriami. Idealny na pocz\u0105tek zbiornika, aby wspiera\u0107 dojrzewanie.","og_url":"https:\/\/aquaforest.eu\/pl\/produkty\/freshwater\/utrzymanie-parametrow-wody\/life-bio-media\/","og_site_name":"Aquaforest","article_publisher":"https:\/\/www.facebook.com\/Aquaforest\/","article_modified_time":"2024-11-25T11:31:40+00:00","og_image":[{"width":401,"height":600,"url":"https:\/\/aquaforest.eu\/wp-content\/uploads\/2024\/06\/AF_Life-Bio-Media.png","type":"image\/png"}],"twitter_card":"summary_large_image","twitter_misc":{"Szacowany czas czytania":"1 minuta"},"schema":{"@context":"https:\/\/schema.org","@graph":[{"@type":"WebPage","@id":"https:\/\/aquaforest.eu\/pl\/produkty\/freshwater\/utrzymanie-parametrow-wody\/life-bio-media\/","url":"https:\/\/aquaforest.eu\/pl\/produkty\/freshwater\/utrzymanie-parametrow-wody\/life-bio-media\/","name":"Life Bio Media - Aquaforest","isPartOf":{"@id":"https:\/\/aquaforest.eu\/pl\/#website"},"primaryImageOfPage":{"@id":"https:\/\/aquaforest.eu\/pl\/produkty\/freshwater\/utrzymanie-parametrow-wody\/life-bio-media\/#primaryimage"},"image":{"@id":"https:\/\/aquaforest.eu\/pl\/produkty\/freshwater\/utrzymanie-parametrow-wody\/life-bio-media\/#primaryimage"},"thumbnailUrl":"https:\/\/aquaforest.eu\/wp-content\/uploads\/2024\/06\/AF_Life-Bio-Media.png","datePublished":"2024-06-24T22:08:22+00:00","dateModified":"2024-11-25T11:31:40+00:00","description":"Medium filtracyjne wype\u0142nione bakteriami. Idealny na pocz\u0105tek zbiornika, aby wspiera\u0107 dojrzewanie.","breadcrumb":{"@id":"https:\/\/aquaforest.eu\/pl\/produkty\/freshwater\/utrzymanie-parametrow-wody\/life-bio-media\/#breadcrumb"},"inLanguage":"pl-PL","potentialAction":[{"@type":"ReadAction","target":["https:\/\/aquaforest.eu\/pl\/produkty\/freshwater\/utrzymanie-parametrow-wody\/life-bio-media\/"]}]},{"@type":"ImageObject","inLanguage":"pl-PL","@id":"https:\/\/aquaforest.eu\/pl\/produkty\/freshwater\/utrzymanie-parametrow-wody\/life-bio-media\/#primaryimage","url":"https:\/\/aquaforest.eu\/wp-content\/uploads\/2024\/06\/AF_Life-Bio-Media.png","contentUrl":"https:\/\/aquaforest.eu\/wp-content\/uploads\/2024\/06\/AF_Life-Bio-Media.png","width":401,"height":600},{"@type":"BreadcrumbList","@id":"https:\/\/aquaforest.eu\/pl\/produkty\/freshwater\/utrzymanie-parametrow-wody\/life-bio-media\/#breadcrumb","itemListElement":[{"@type":"ListItem","position":1,"name":"Home","item":"https:\/\/aquaforest.eu\/pl\/"},{"@type":"ListItem","position":2,"name":"Produkty","item":"https:\/\/aquaforest.eu\/pl\/produkty\/"},{"@type":"ListItem","position":3,"name":"Life Bio Media"}]},{"@type":"WebSite","@id":"https:\/\/aquaforest.eu\/pl\/#website","url":"https:\/\/aquaforest.eu\/pl\/","name":"Aquaforest","description":"","publisher":{"@id":"https:\/\/aquaforest.eu\/pl\/#organization"},"potentialAction":[{"@type":"SearchAction","target":{"@type":"EntryPoint","urlTemplate":"https:\/\/aquaforest.eu\/pl\/?s={search_term_string}"},"query-input":{"@type":"PropertyValueSpecification","valueRequired":true,"valueName":"search_term_string"}}],"inLanguage":"pl-PL"},{"@type":"Organization","@id":"https:\/\/aquaforest.eu\/pl\/#organization","name":"Aquaforest","url":"https:\/\/aquaforest.eu\/pl\/","logo":{"@type":"ImageObject","inLanguage":"pl-PL","@id":"https:\/\/aquaforest.eu\/pl\/#\/schema\/logo\/image\/","url":"https:\/\/aquaforest.eu\/wp-content\/uploads\/2024\/05\/logotyp-aquaforest.svg","contentUrl":"https:\/\/aquaforest.eu\/wp-content\/uploads\/2024\/05\/logotyp-aquaforest.svg","width":170,"height":22,"caption":"Aquaforest"},"image":{"@id":"https:\/\/aquaforest.eu\/pl\/#\/schema\/logo\/image\/"},"sameAs":["https:\/\/www.facebook.com\/Aquaforest\/","https:\/\/www.instagram.com\/aquaforest.eu\/"]}]}},"_links":{"self":[{"href":"https:\/\/aquaforest.eu\/pl\/wp-json\/wp\/v2\/product\/11902","targetHints":{"allow":["GET"]}}],"collection":[{"href":"https:\/\/aquaforest.eu\/pl\/wp-json\/wp\/v2\/product"}],"about":[{"href":"https:\/\/aquaforest.eu\/pl\/wp-json\/wp\/v2\/types\/product"}],"version-history":[{"count":0,"href":"https:\/\/aquaforest.eu\/pl\/wp-json\/wp\/v2\/product\/11902\/revisions"}],"wp:featuredmedia":[{"embeddable":true,"href":"https:\/\/aquaforest.eu\/pl\/wp-json\/wp\/v2\/media\/11977"}],"wp:attachment":[{"href":"https:\/\/aquaforest.eu\/pl\/wp-json\/wp\/v2\/media?parent=11902"}],"wp:term":[{"taxonomy":"product_brand","embeddable":true,"href":"https:\/\/aquaforest.eu\/pl\/wp-json\/wp\/v2\/product_brand?post=11902"},{"taxonomy":"product_cat","embeddable":true,"href":"https:\/\/aquaforest.eu\/pl\/wp-json\/wp\/v2\/product_cat?post=11902"},{"taxonomy":"product_tag","embeddable":true,"href":"https:\/\/aquaforest.eu\/pl\/wp-json\/wp\/v2\/product_tag?post=11902"}],"curies":[{"name":"wp","href":"https:\/\/api.w.org\/{rel}","templated":true}]}}