{"id":11914,"date":"2024-06-25T00:18:05","date_gmt":"2024-06-24T22:18:05","guid":{"rendered":"https:\/\/aquaforest.eu\/products\/bez-kategorii\/af-red-boost\/"},"modified":"2024-09-15T19:50:39","modified_gmt":"2024-09-15T17:50:39","slug":"af-red-boost","status":"publish","type":"product","link":"https:\/\/aquaforest.eu\/pl\/produkty\/freshwater\/suplementy-i-nawozy\/af-red-boost\/","title":{"rendered":"AF Red Boost"},"content":{"rendered":"<h4>INFORMACJE O PRODUKCIE:<\/h4>\n<p>  Profesjonalna formu\u0142a wyselekcjonowanych mikrosk\u0142adnik\u00f3w od\u017cywczych i fitohormon\u00f3w pog\u0142\u0119biaj\u0105cych czerwone wybarwienie ro\u015blin.<br \/>\nAF Red Boost wzmacnia unikalne kolory czerwonych ro\u015blin, intensyfikuj\u0105c odcienie pomara\u0144czy, purpury i karmazynu.<br \/>\nCzerwone ro\u015bliny, opr\u00f3cz chlorofilu, zawieraj\u0105 inne pigmenty, takie jak: ksantofile, karoteny, antocyjany i flawonoidy.<br \/>\nPigmenty te decyduj\u0105 o niezwyk\u0142ym czerwonym, purpurowym i pomara\u0144czowym zabarwieniu.<br \/>\nAF Red Boost zwi\u0119ksza liczb\u0119 naturalnie wyst\u0119puj\u0105cych pigment\u00f3w.<br \/>\nZawarto\u015b\u0107 fitohormon\u00f3w dodatkowo wspiera procesy wzrostu i rozwoju ro\u015blin, a tak\u017ce wspomaga rozbudow\u0119 systemu korzeniowego.<br \/>\nStarannie przygotowana formu\u0142a AF Red Boost dostarcza ro\u015blinom wszystkich niezb\u0119dnych sk\u0142adnik\u00f3w, kt\u00f3re gwarantuj\u0105 zdrowy wygl\u0105d i \u017cywy, intensywny kolor ro\u015blin.        <\/p>\n<h4>SPOS\u00d3B U\u017bYCIA:<\/h4>\n<p>  W akwarium: dla \u015bredniej ilo\u015bci ro\u015blin: 4 krople AF Red Boost na 100 l wody dziennie; dla du\u017cej ilo\u015bci ro\u015blin: 8 kropli AF Red Boost na 100 l wody dziennie.<br \/>\nZalecane r\u00f3wnoleg\u0142e stosowanie z AF Macro.<br \/>\nAbsorbenty takie jak zeolit i\/lub w\u0119giel mog\u0105 zmniejszy\u0107 skuteczno\u015b\u0107 formu\u0142y.<br \/>\nTylko do cel\u00f3w wodnych.<br \/>\nChroni\u0107 przed \u015bwiat\u0142em s\u0142onecznym.<br \/>\nPrzechowywa\u0107 w temperaturze pokojowej w szczelnie zamkni\u0119tym opakowaniu, w miejscu niedost\u0119pnym dla dzieci. <strong>1 ml na 10 l wody akwariowej podniesie poziom:<\/strong> Mg Magnez 0,28 mg\/l (ppm) Mn Mangan 0,24 mg\/l (ppm) Fe \u017belazo 0,38 mg\/l (ppm) Mo Molibden 0,6 \u00b5g\/l     <\/p>\n","protected":false},"excerpt":{"rendered":"<p>Formu\u0142a wyselekcjonowanych mikrosk\u0142adnik\u00f3w od\u017cywczych i fitohormon\u00f3w dla pog\u0142\u0119bienia czerwonego wybarwienia ro\u015blin.<\/p>\n","protected":false},"featured_media":11983,"template":"","meta":{"_acf_changed":false,"content-type":""},"product_brand":[],"product_cat":[1137],"product_tag":[1121,967,1422],"class_list":{"0":"post-11914","1":"product","2":"type-product","3":"status-publish","4":"has-post-thumbnail","6":"product_cat-suplementy-i-nawozy","7":"product_tag-akwarystyka-slodkowodna","8":"product_tag-aquaforest-pl","9":"product_tag-variable-pl","11":"first","12":"instock","13":"taxable","14":"shipping-taxable","15":"product-type-variable","16":"has-default-attributes"},"acf":[],"yoast_head":"<!-- This site is optimized with the Yoast SEO plugin v27.1.1 - https:\/\/yoast.com\/product\/yoast-seo-wordpress\/ -->\n<title>AF Red Boost - Aquaforest<\/title>\n<meta name=\"description\" content=\"AF Red Boost: Specjalistyczny suplement intensyfikuj\u0105cy czerwone i pomara\u0144czowe zabarwienie ro\u015blin.\" \/>\n<meta name=\"robots\" content=\"index, follow, max-snippet:-1, max-image-preview:large, max-video-preview:-1\" \/>\n<link rel=\"canonical\" href=\"https:\/\/aquaforest.eu\/pl\/produkty\/freshwater\/suplementy-i-nawozy\/af-red-boost\/\" \/>\n<meta property=\"og:locale\" content=\"pl_PL\" \/>\n<meta property=\"og:type\" content=\"article\" \/>\n<meta property=\"og:title\" content=\"AF Red Boost - Aquaforest\" \/>\n<meta property=\"og:description\" content=\"AF Red Boost: Specjalistyczny suplement intensyfikuj\u0105cy czerwone i pomara\u0144czowe zabarwienie ro\u015blin.\" \/>\n<meta property=\"og:url\" content=\"https:\/\/aquaforest.eu\/pl\/produkty\/freshwater\/suplementy-i-nawozy\/af-red-boost\/\" \/>\n<meta property=\"og:site_name\" content=\"Aquaforest\" \/>\n<meta property=\"article:publisher\" content=\"https:\/\/www.facebook.com\/Aquaforest\/\" \/>\n<meta property=\"article:modified_time\" content=\"2024-09-15T17:50:39+00:00\" \/>\n<meta property=\"og:image\" content=\"https:\/\/aquaforest.eu\/wp-content\/uploads\/2024\/06\/AF-Red-Boost.png\" \/>\n\t<meta property=\"og:image:width\" content=\"262\" \/>\n\t<meta property=\"og:image:height\" content=\"600\" \/>\n\t<meta property=\"og:image:type\" content=\"image\/png\" \/>\n<meta name=\"twitter:card\" content=\"summary_large_image\" \/>\n<meta name=\"twitter:label1\" content=\"Szacowany czas czytania\" \/>\n\t<meta name=\"twitter:data1\" content=\"1 minuta\" \/>\n<script type=\"application\/ld+json\" class=\"yoast-schema-graph\">{\"@context\":\"https:\/\/schema.org\",\"@graph\":[{\"@type\":\"WebPage\",\"@id\":\"https:\/\/aquaforest.eu\/pl\/produkty\/freshwater\/suplementy-i-nawozy\/af-red-boost\/\",\"url\":\"https:\/\/aquaforest.eu\/pl\/produkty\/freshwater\/suplementy-i-nawozy\/af-red-boost\/\",\"name\":\"AF Red Boost - Aquaforest\",\"isPartOf\":{\"@id\":\"https:\/\/aquaforest.eu\/pl\/#website\"},\"primaryImageOfPage\":{\"@id\":\"https:\/\/aquaforest.eu\/pl\/produkty\/freshwater\/suplementy-i-nawozy\/af-red-boost\/#primaryimage\"},\"image\":{\"@id\":\"https:\/\/aquaforest.eu\/pl\/produkty\/freshwater\/suplementy-i-nawozy\/af-red-boost\/#primaryimage\"},\"thumbnailUrl\":\"https:\/\/aquaforest.eu\/wp-content\/uploads\/2024\/06\/AF-Red-Boost.png\",\"datePublished\":\"2024-06-24T22:18:05+00:00\",\"dateModified\":\"2024-09-15T17:50:39+00:00\",\"description\":\"AF Red Boost: Specjalistyczny suplement intensyfikuj\u0105cy czerwone i pomara\u0144czowe zabarwienie ro\u015blin.\",\"breadcrumb\":{\"@id\":\"https:\/\/aquaforest.eu\/pl\/produkty\/freshwater\/suplementy-i-nawozy\/af-red-boost\/#breadcrumb\"},\"inLanguage\":\"pl-PL\",\"potentialAction\":[{\"@type\":\"ReadAction\",\"target\":[\"https:\/\/aquaforest.eu\/pl\/produkty\/freshwater\/suplementy-i-nawozy\/af-red-boost\/\"]}]},{\"@type\":\"ImageObject\",\"inLanguage\":\"pl-PL\",\"@id\":\"https:\/\/aquaforest.eu\/pl\/produkty\/freshwater\/suplementy-i-nawozy\/af-red-boost\/#primaryimage\",\"url\":\"https:\/\/aquaforest.eu\/wp-content\/uploads\/2024\/06\/AF-Red-Boost.png\",\"contentUrl\":\"https:\/\/aquaforest.eu\/wp-content\/uploads\/2024\/06\/AF-Red-Boost.png\",\"width\":262,\"height\":600},{\"@type\":\"BreadcrumbList\",\"@id\":\"https:\/\/aquaforest.eu\/pl\/produkty\/freshwater\/suplementy-i-nawozy\/af-red-boost\/#breadcrumb\",\"itemListElement\":[{\"@type\":\"ListItem\",\"position\":1,\"name\":\"Home\",\"item\":\"https:\/\/aquaforest.eu\/pl\/\"},{\"@type\":\"ListItem\",\"position\":2,\"name\":\"Produkty\",\"item\":\"https:\/\/aquaforest.eu\/pl\/produkty\/\"},{\"@type\":\"ListItem\",\"position\":3,\"name\":\"AF Red Boost\"}]},{\"@type\":\"WebSite\",\"@id\":\"https:\/\/aquaforest.eu\/pl\/#website\",\"url\":\"https:\/\/aquaforest.eu\/pl\/\",\"name\":\"Aquaforest\",\"description\":\"\",\"publisher\":{\"@id\":\"https:\/\/aquaforest.eu\/pl\/#organization\"},\"potentialAction\":[{\"@type\":\"SearchAction\",\"target\":{\"@type\":\"EntryPoint\",\"urlTemplate\":\"https:\/\/aquaforest.eu\/pl\/?s={search_term_string}\"},\"query-input\":{\"@type\":\"PropertyValueSpecification\",\"valueRequired\":true,\"valueName\":\"search_term_string\"}}],\"inLanguage\":\"pl-PL\"},{\"@type\":\"Organization\",\"@id\":\"https:\/\/aquaforest.eu\/pl\/#organization\",\"name\":\"Aquaforest\",\"url\":\"https:\/\/aquaforest.eu\/pl\/\",\"logo\":{\"@type\":\"ImageObject\",\"inLanguage\":\"pl-PL\",\"@id\":\"https:\/\/aquaforest.eu\/pl\/#\/schema\/logo\/image\/\",\"url\":\"https:\/\/aquaforest.eu\/wp-content\/uploads\/2024\/05\/logotyp-aquaforest.svg\",\"contentUrl\":\"https:\/\/aquaforest.eu\/wp-content\/uploads\/2024\/05\/logotyp-aquaforest.svg\",\"width\":170,\"height\":22,\"caption\":\"Aquaforest\"},\"image\":{\"@id\":\"https:\/\/aquaforest.eu\/pl\/#\/schema\/logo\/image\/\"},\"sameAs\":[\"https:\/\/www.facebook.com\/Aquaforest\/\",\"https:\/\/www.instagram.com\/aquaforest.eu\/\"]}]}<\/script>\n<!-- \/ Yoast SEO plugin. -->","yoast_head_json":{"title":"AF Red Boost - Aquaforest","description":"AF Red Boost: Specjalistyczny suplement intensyfikuj\u0105cy czerwone i pomara\u0144czowe zabarwienie ro\u015blin.","robots":{"index":"index","follow":"follow","max-snippet":"max-snippet:-1","max-image-preview":"max-image-preview:large","max-video-preview":"max-video-preview:-1"},"canonical":"https:\/\/aquaforest.eu\/pl\/produkty\/freshwater\/suplementy-i-nawozy\/af-red-boost\/","og_locale":"pl_PL","og_type":"article","og_title":"AF Red Boost - Aquaforest","og_description":"AF Red Boost: Specjalistyczny suplement intensyfikuj\u0105cy czerwone i pomara\u0144czowe zabarwienie ro\u015blin.","og_url":"https:\/\/aquaforest.eu\/pl\/produkty\/freshwater\/suplementy-i-nawozy\/af-red-boost\/","og_site_name":"Aquaforest","article_publisher":"https:\/\/www.facebook.com\/Aquaforest\/","article_modified_time":"2024-09-15T17:50:39+00:00","og_image":[{"width":262,"height":600,"url":"https:\/\/aquaforest.eu\/wp-content\/uploads\/2024\/06\/AF-Red-Boost.png","type":"image\/png"}],"twitter_card":"summary_large_image","twitter_misc":{"Szacowany czas czytania":"1 minuta"},"schema":{"@context":"https:\/\/schema.org","@graph":[{"@type":"WebPage","@id":"https:\/\/aquaforest.eu\/pl\/produkty\/freshwater\/suplementy-i-nawozy\/af-red-boost\/","url":"https:\/\/aquaforest.eu\/pl\/produkty\/freshwater\/suplementy-i-nawozy\/af-red-boost\/","name":"AF Red Boost - Aquaforest","isPartOf":{"@id":"https:\/\/aquaforest.eu\/pl\/#website"},"primaryImageOfPage":{"@id":"https:\/\/aquaforest.eu\/pl\/produkty\/freshwater\/suplementy-i-nawozy\/af-red-boost\/#primaryimage"},"image":{"@id":"https:\/\/aquaforest.eu\/pl\/produkty\/freshwater\/suplementy-i-nawozy\/af-red-boost\/#primaryimage"},"thumbnailUrl":"https:\/\/aquaforest.eu\/wp-content\/uploads\/2024\/06\/AF-Red-Boost.png","datePublished":"2024-06-24T22:18:05+00:00","dateModified":"2024-09-15T17:50:39+00:00","description":"AF Red Boost: Specjalistyczny suplement intensyfikuj\u0105cy czerwone i pomara\u0144czowe zabarwienie ro\u015blin.","breadcrumb":{"@id":"https:\/\/aquaforest.eu\/pl\/produkty\/freshwater\/suplementy-i-nawozy\/af-red-boost\/#breadcrumb"},"inLanguage":"pl-PL","potentialAction":[{"@type":"ReadAction","target":["https:\/\/aquaforest.eu\/pl\/produkty\/freshwater\/suplementy-i-nawozy\/af-red-boost\/"]}]},{"@type":"ImageObject","inLanguage":"pl-PL","@id":"https:\/\/aquaforest.eu\/pl\/produkty\/freshwater\/suplementy-i-nawozy\/af-red-boost\/#primaryimage","url":"https:\/\/aquaforest.eu\/wp-content\/uploads\/2024\/06\/AF-Red-Boost.png","contentUrl":"https:\/\/aquaforest.eu\/wp-content\/uploads\/2024\/06\/AF-Red-Boost.png","width":262,"height":600},{"@type":"BreadcrumbList","@id":"https:\/\/aquaforest.eu\/pl\/produkty\/freshwater\/suplementy-i-nawozy\/af-red-boost\/#breadcrumb","itemListElement":[{"@type":"ListItem","position":1,"name":"Home","item":"https:\/\/aquaforest.eu\/pl\/"},{"@type":"ListItem","position":2,"name":"Produkty","item":"https:\/\/aquaforest.eu\/pl\/produkty\/"},{"@type":"ListItem","position":3,"name":"AF Red Boost"}]},{"@type":"WebSite","@id":"https:\/\/aquaforest.eu\/pl\/#website","url":"https:\/\/aquaforest.eu\/pl\/","name":"Aquaforest","description":"","publisher":{"@id":"https:\/\/aquaforest.eu\/pl\/#organization"},"potentialAction":[{"@type":"SearchAction","target":{"@type":"EntryPoint","urlTemplate":"https:\/\/aquaforest.eu\/pl\/?s={search_term_string}"},"query-input":{"@type":"PropertyValueSpecification","valueRequired":true,"valueName":"search_term_string"}}],"inLanguage":"pl-PL"},{"@type":"Organization","@id":"https:\/\/aquaforest.eu\/pl\/#organization","name":"Aquaforest","url":"https:\/\/aquaforest.eu\/pl\/","logo":{"@type":"ImageObject","inLanguage":"pl-PL","@id":"https:\/\/aquaforest.eu\/pl\/#\/schema\/logo\/image\/","url":"https:\/\/aquaforest.eu\/wp-content\/uploads\/2024\/05\/logotyp-aquaforest.svg","contentUrl":"https:\/\/aquaforest.eu\/wp-content\/uploads\/2024\/05\/logotyp-aquaforest.svg","width":170,"height":22,"caption":"Aquaforest"},"image":{"@id":"https:\/\/aquaforest.eu\/pl\/#\/schema\/logo\/image\/"},"sameAs":["https:\/\/www.facebook.com\/Aquaforest\/","https:\/\/www.instagram.com\/aquaforest.eu\/"]}]}},"_links":{"self":[{"href":"https:\/\/aquaforest.eu\/pl\/wp-json\/wp\/v2\/product\/11914","targetHints":{"allow":["GET"]}}],"collection":[{"href":"https:\/\/aquaforest.eu\/pl\/wp-json\/wp\/v2\/product"}],"about":[{"href":"https:\/\/aquaforest.eu\/pl\/wp-json\/wp\/v2\/types\/product"}],"version-history":[{"count":0,"href":"https:\/\/aquaforest.eu\/pl\/wp-json\/wp\/v2\/product\/11914\/revisions"}],"wp:featuredmedia":[{"embeddable":true,"href":"https:\/\/aquaforest.eu\/pl\/wp-json\/wp\/v2\/media\/11983"}],"wp:attachment":[{"href":"https:\/\/aquaforest.eu\/pl\/wp-json\/wp\/v2\/media?parent=11914"}],"wp:term":[{"taxonomy":"product_brand","embeddable":true,"href":"https:\/\/aquaforest.eu\/pl\/wp-json\/wp\/v2\/product_brand?post=11914"},{"taxonomy":"product_cat","embeddable":true,"href":"https:\/\/aquaforest.eu\/pl\/wp-json\/wp\/v2\/product_cat?post=11914"},{"taxonomy":"product_tag","embeddable":true,"href":"https:\/\/aquaforest.eu\/pl\/wp-json\/wp\/v2\/product_tag?post=11914"}],"curies":[{"name":"wp","href":"https:\/\/api.w.org\/{rel}","templated":true}]}}