{"id":11921,"date":"2024-06-25T00:59:33","date_gmt":"2024-06-24T22:59:33","guid":{"rendered":"https:\/\/aquaforest.eu\/products\/bez-kategorii\/af-makro\/"},"modified":"2025-08-19T11:27:56","modified_gmt":"2025-08-19T09:27:56","slug":"af-makro","status":"publish","type":"product","link":"https:\/\/aquaforest.eu\/pl\/produkty\/freshwater\/suplementy-i-nawozy\/af-makro\/","title":{"rendered":"AF Macro"},"content":{"rendered":"<h4>INFORMACJE O PRODUKCIE:<\/h4>\n<p>Wysoko skoncentrowany naw\u00f3z bazowy zawieraj\u0105cy makroelementy niezb\u0119dne dla intensywnego wzrostu ro\u015blin. AF Macro to precyzyjnie dobrana kompozycja zawieraj\u0105ca azot, fosfor i potas (NPK) z dodatkiem magnezu. Regularne stosowanie AF Macro zapewnia szybki i zdrowy wzrost ro\u015blin, a tak\u017ce gwarantuje ich intensywne i naturalne barwy. Doskona\u0142e proporcje makroelement\u00f3w zawartych w AF Macro dostarczaj\u0105 ro\u015blinom wszystkich niezb\u0119dnych substancji od\u017cywczych wyst\u0119puj\u0105cych w naturze. Makroelementy to podstawowe pierwiastki budulcowe, bior\u0105 udzia\u0142 w tworzeniu wielu struktur kom\u00f3rkowych, bia\u0142ek i enzym\u00f3w, a ponadto pe\u0142ni\u0105 rol\u0119 przeno\u015bnik\u00f3w i akumulator\u00f3w energii oraz wchodz\u0105 w sk\u0142ad kwas\u00f3w nukleinowych. Niedob\u00f3r makroelement\u00f3w powoduje zahamowanie wzrostu, os\u0142abienie p\u0119d\u00f3w oraz odbarwienie li\u015bci. AF Macro sprawdzi si\u0119 szczeg\u00f3lnie w zbiornikach ro\u015blinnych i obsadzonych ma\u0142\u0105 ilo\u015bci\u0105 ryb.<\/p>\n<h4>SPOS\u00d3B U\u017bYCIA:<\/h4>\n<p>5 ml AF Macro na 100 l wody dwa razy w tygodniu. Zaleca si\u0119 r\u00f3wnoleg\u0142e stosowanie z AF Micro oraz AF Carbon Boost. Nie nale\u017cy prowadzi\u0107 r\u00f3wnoleg\u0142ej suplementacji innymi preparatami zawieraj\u0105cymi makroelementy ze wzgl\u0119du na ryzyko przenawo\u017cenia ro\u015blin oraz zakwitu glon\u00f3w. Adsorbenty takie jak zeolit i\/lub w\u0119giel mog\u0105 zmniejsza\u0107 skuteczno\u015b\u0107 preparatu. W przypadku wi\u0119kszego zapotrzebowania na kt\u00f3rykolwiek z makroelement\u00f3w mo\u017cna dodatkowo suplementowa\u0107 akwarium preparatami AF N Boost, AF PO4 i AF K Boost. <strong>1 ml w 10 l wody podniesie:<\/strong><\/p>\n<ul>\n<li data-start=\"30\" data-end=\"61\">\n<p data-start=\"32\" data-end=\"61\"><strong data-start=\"32\" data-end=\"44\">NO3 Azot<\/strong> \u2013 5 mg\/l (ppm)<\/p>\n<\/li>\n<li data-start=\"62\" data-end=\"96\">\n<p data-start=\"64\" data-end=\"96\"><strong data-start=\"64\" data-end=\"76\">P Fosfor<\/strong> \u2013 0,35 mg\/l (ppm)<\/p>\n<\/li>\n<li data-start=\"97\" data-end=\"129\">\n<p data-start=\"99\" data-end=\"129\"><strong data-start=\"99\" data-end=\"110\">K Potas<\/strong> \u2013 2,5 mg\/l (ppm)<\/p>\n<\/li>\n<li data-start=\"130\" data-end=\"164\">\n<p data-start=\"132\" data-end=\"164\"><strong data-start=\"132\" data-end=\"145\">Mg Magnez<\/strong> \u2013 1,2 mg\/l (ppm)<\/p>\n<\/li>\n<\/ul>\n","protected":false},"excerpt":{"rendered":"<p>Wysoko skoncentrowany naw\u00f3z podstawowy z kompletnym zestawem makroelement\u00f3w niezb\u0119dnych do intensywnego wzrostu ro\u015blin.<\/p>\n","protected":false},"featured_media":11968,"template":"","meta":{"_acf_changed":false,"content-type":""},"product_brand":[],"product_cat":[1137],"product_tag":[1121,967,1422],"class_list":{"0":"post-11921","1":"product","2":"type-product","3":"status-publish","4":"has-post-thumbnail","6":"product_cat-suplementy-i-nawozy","7":"product_tag-akwarystyka-slodkowodna","8":"product_tag-aquaforest-pl","9":"product_tag-variable-pl","11":"first","12":"instock","13":"taxable","14":"shipping-taxable","15":"product-type-variable","16":"has-default-attributes"},"acf":[],"yoast_head":"<!-- This site is optimized with the Yoast SEO plugin v27.1.1 - https:\/\/yoast.com\/product\/yoast-seo-wordpress\/ -->\n<title>AF Macro - Aquaforest<\/title>\n<meta name=\"description\" content=\"Skuteczny suplement makrosk\u0142adnik\u00f3w od\u017cywczych dla zdrowia ro\u015blin w akwarium. Niezawodna formu\u0142a wspomagaj\u0105ca wzrost i intensywne kolory.\" \/>\n<meta name=\"robots\" content=\"index, follow, max-snippet:-1, max-image-preview:large, max-video-preview:-1\" \/>\n<link rel=\"canonical\" href=\"https:\/\/aquaforest.eu\/pl\/produkty\/freshwater\/suplementy-i-nawozy\/af-makro\/\" \/>\n<meta property=\"og:locale\" content=\"pl_PL\" \/>\n<meta property=\"og:type\" content=\"article\" \/>\n<meta property=\"og:title\" content=\"AF Macro - Aquaforest\" \/>\n<meta property=\"og:description\" content=\"Skuteczny suplement makrosk\u0142adnik\u00f3w od\u017cywczych dla zdrowia ro\u015blin w akwarium. Niezawodna formu\u0142a wspomagaj\u0105ca wzrost i intensywne kolory.\" \/>\n<meta property=\"og:url\" content=\"https:\/\/aquaforest.eu\/pl\/produkty\/freshwater\/suplementy-i-nawozy\/af-makro\/\" \/>\n<meta property=\"og:site_name\" content=\"Aquaforest\" \/>\n<meta property=\"article:publisher\" content=\"https:\/\/www.facebook.com\/Aquaforest\/\" \/>\n<meta property=\"article:modified_time\" content=\"2025-08-19T09:27:56+00:00\" \/>\n<meta property=\"og:image\" content=\"https:\/\/aquaforest.eu\/wp-content\/uploads\/2024\/06\/AF-Macro.png\" \/>\n\t<meta property=\"og:image:width\" content=\"265\" \/>\n\t<meta property=\"og:image:height\" content=\"600\" \/>\n\t<meta property=\"og:image:type\" content=\"image\/png\" \/>\n<meta name=\"twitter:card\" content=\"summary_large_image\" \/>\n<meta name=\"twitter:label1\" content=\"Szacowany czas czytania\" \/>\n\t<meta name=\"twitter:data1\" content=\"2 minuty\" \/>\n<script type=\"application\/ld+json\" class=\"yoast-schema-graph\">{\"@context\":\"https:\/\/schema.org\",\"@graph\":[{\"@type\":\"WebPage\",\"@id\":\"https:\/\/aquaforest.eu\/pl\/produkty\/freshwater\/suplementy-i-nawozy\/af-makro\/\",\"url\":\"https:\/\/aquaforest.eu\/pl\/produkty\/freshwater\/suplementy-i-nawozy\/af-makro\/\",\"name\":\"AF Macro - Aquaforest\",\"isPartOf\":{\"@id\":\"https:\/\/aquaforest.eu\/pl\/#website\"},\"primaryImageOfPage\":{\"@id\":\"https:\/\/aquaforest.eu\/pl\/produkty\/freshwater\/suplementy-i-nawozy\/af-makro\/#primaryimage\"},\"image\":{\"@id\":\"https:\/\/aquaforest.eu\/pl\/produkty\/freshwater\/suplementy-i-nawozy\/af-makro\/#primaryimage\"},\"thumbnailUrl\":\"https:\/\/aquaforest.eu\/wp-content\/uploads\/2024\/06\/AF-Macro.png\",\"datePublished\":\"2024-06-24T22:59:33+00:00\",\"dateModified\":\"2025-08-19T09:27:56+00:00\",\"description\":\"Skuteczny suplement makrosk\u0142adnik\u00f3w od\u017cywczych dla zdrowia ro\u015blin w akwarium. Niezawodna formu\u0142a wspomagaj\u0105ca wzrost i intensywne kolory.\",\"breadcrumb\":{\"@id\":\"https:\/\/aquaforest.eu\/pl\/produkty\/freshwater\/suplementy-i-nawozy\/af-makro\/#breadcrumb\"},\"inLanguage\":\"pl-PL\",\"potentialAction\":[{\"@type\":\"ReadAction\",\"target\":[\"https:\/\/aquaforest.eu\/pl\/produkty\/freshwater\/suplementy-i-nawozy\/af-makro\/\"]}]},{\"@type\":\"ImageObject\",\"inLanguage\":\"pl-PL\",\"@id\":\"https:\/\/aquaforest.eu\/pl\/produkty\/freshwater\/suplementy-i-nawozy\/af-makro\/#primaryimage\",\"url\":\"https:\/\/aquaforest.eu\/wp-content\/uploads\/2024\/06\/AF-Macro.png\",\"contentUrl\":\"https:\/\/aquaforest.eu\/wp-content\/uploads\/2024\/06\/AF-Macro.png\",\"width\":265,\"height\":600},{\"@type\":\"BreadcrumbList\",\"@id\":\"https:\/\/aquaforest.eu\/pl\/produkty\/freshwater\/suplementy-i-nawozy\/af-makro\/#breadcrumb\",\"itemListElement\":[{\"@type\":\"ListItem\",\"position\":1,\"name\":\"Home\",\"item\":\"https:\/\/aquaforest.eu\/pl\/\"},{\"@type\":\"ListItem\",\"position\":2,\"name\":\"Produkty\",\"item\":\"https:\/\/aquaforest.eu\/pl\/produkty\/\"},{\"@type\":\"ListItem\",\"position\":3,\"name\":\"AF Macro\"}]},{\"@type\":\"WebSite\",\"@id\":\"https:\/\/aquaforest.eu\/pl\/#website\",\"url\":\"https:\/\/aquaforest.eu\/pl\/\",\"name\":\"Aquaforest\",\"description\":\"\",\"publisher\":{\"@id\":\"https:\/\/aquaforest.eu\/pl\/#organization\"},\"potentialAction\":[{\"@type\":\"SearchAction\",\"target\":{\"@type\":\"EntryPoint\",\"urlTemplate\":\"https:\/\/aquaforest.eu\/pl\/?s={search_term_string}\"},\"query-input\":{\"@type\":\"PropertyValueSpecification\",\"valueRequired\":true,\"valueName\":\"search_term_string\"}}],\"inLanguage\":\"pl-PL\"},{\"@type\":\"Organization\",\"@id\":\"https:\/\/aquaforest.eu\/pl\/#organization\",\"name\":\"Aquaforest\",\"url\":\"https:\/\/aquaforest.eu\/pl\/\",\"logo\":{\"@type\":\"ImageObject\",\"inLanguage\":\"pl-PL\",\"@id\":\"https:\/\/aquaforest.eu\/pl\/#\/schema\/logo\/image\/\",\"url\":\"https:\/\/aquaforest.eu\/wp-content\/uploads\/2024\/05\/logotyp-aquaforest.svg\",\"contentUrl\":\"https:\/\/aquaforest.eu\/wp-content\/uploads\/2024\/05\/logotyp-aquaforest.svg\",\"width\":170,\"height\":22,\"caption\":\"Aquaforest\"},\"image\":{\"@id\":\"https:\/\/aquaforest.eu\/pl\/#\/schema\/logo\/image\/\"},\"sameAs\":[\"https:\/\/www.facebook.com\/Aquaforest\/\",\"https:\/\/www.instagram.com\/aquaforest.eu\/\"]}]}<\/script>\n<!-- \/ Yoast SEO plugin. -->","yoast_head_json":{"title":"AF Macro - Aquaforest","description":"Skuteczny suplement makrosk\u0142adnik\u00f3w od\u017cywczych dla zdrowia ro\u015blin w akwarium. Niezawodna formu\u0142a wspomagaj\u0105ca wzrost i intensywne kolory.","robots":{"index":"index","follow":"follow","max-snippet":"max-snippet:-1","max-image-preview":"max-image-preview:large","max-video-preview":"max-video-preview:-1"},"canonical":"https:\/\/aquaforest.eu\/pl\/produkty\/freshwater\/suplementy-i-nawozy\/af-makro\/","og_locale":"pl_PL","og_type":"article","og_title":"AF Macro - Aquaforest","og_description":"Skuteczny suplement makrosk\u0142adnik\u00f3w od\u017cywczych dla zdrowia ro\u015blin w akwarium. Niezawodna formu\u0142a wspomagaj\u0105ca wzrost i intensywne kolory.","og_url":"https:\/\/aquaforest.eu\/pl\/produkty\/freshwater\/suplementy-i-nawozy\/af-makro\/","og_site_name":"Aquaforest","article_publisher":"https:\/\/www.facebook.com\/Aquaforest\/","article_modified_time":"2025-08-19T09:27:56+00:00","og_image":[{"width":265,"height":600,"url":"https:\/\/aquaforest.eu\/wp-content\/uploads\/2024\/06\/AF-Macro.png","type":"image\/png"}],"twitter_card":"summary_large_image","twitter_misc":{"Szacowany czas czytania":"2 minuty"},"schema":{"@context":"https:\/\/schema.org","@graph":[{"@type":"WebPage","@id":"https:\/\/aquaforest.eu\/pl\/produkty\/freshwater\/suplementy-i-nawozy\/af-makro\/","url":"https:\/\/aquaforest.eu\/pl\/produkty\/freshwater\/suplementy-i-nawozy\/af-makro\/","name":"AF Macro - Aquaforest","isPartOf":{"@id":"https:\/\/aquaforest.eu\/pl\/#website"},"primaryImageOfPage":{"@id":"https:\/\/aquaforest.eu\/pl\/produkty\/freshwater\/suplementy-i-nawozy\/af-makro\/#primaryimage"},"image":{"@id":"https:\/\/aquaforest.eu\/pl\/produkty\/freshwater\/suplementy-i-nawozy\/af-makro\/#primaryimage"},"thumbnailUrl":"https:\/\/aquaforest.eu\/wp-content\/uploads\/2024\/06\/AF-Macro.png","datePublished":"2024-06-24T22:59:33+00:00","dateModified":"2025-08-19T09:27:56+00:00","description":"Skuteczny suplement makrosk\u0142adnik\u00f3w od\u017cywczych dla zdrowia ro\u015blin w akwarium. Niezawodna formu\u0142a wspomagaj\u0105ca wzrost i intensywne kolory.","breadcrumb":{"@id":"https:\/\/aquaforest.eu\/pl\/produkty\/freshwater\/suplementy-i-nawozy\/af-makro\/#breadcrumb"},"inLanguage":"pl-PL","potentialAction":[{"@type":"ReadAction","target":["https:\/\/aquaforest.eu\/pl\/produkty\/freshwater\/suplementy-i-nawozy\/af-makro\/"]}]},{"@type":"ImageObject","inLanguage":"pl-PL","@id":"https:\/\/aquaforest.eu\/pl\/produkty\/freshwater\/suplementy-i-nawozy\/af-makro\/#primaryimage","url":"https:\/\/aquaforest.eu\/wp-content\/uploads\/2024\/06\/AF-Macro.png","contentUrl":"https:\/\/aquaforest.eu\/wp-content\/uploads\/2024\/06\/AF-Macro.png","width":265,"height":600},{"@type":"BreadcrumbList","@id":"https:\/\/aquaforest.eu\/pl\/produkty\/freshwater\/suplementy-i-nawozy\/af-makro\/#breadcrumb","itemListElement":[{"@type":"ListItem","position":1,"name":"Home","item":"https:\/\/aquaforest.eu\/pl\/"},{"@type":"ListItem","position":2,"name":"Produkty","item":"https:\/\/aquaforest.eu\/pl\/produkty\/"},{"@type":"ListItem","position":3,"name":"AF Macro"}]},{"@type":"WebSite","@id":"https:\/\/aquaforest.eu\/pl\/#website","url":"https:\/\/aquaforest.eu\/pl\/","name":"Aquaforest","description":"","publisher":{"@id":"https:\/\/aquaforest.eu\/pl\/#organization"},"potentialAction":[{"@type":"SearchAction","target":{"@type":"EntryPoint","urlTemplate":"https:\/\/aquaforest.eu\/pl\/?s={search_term_string}"},"query-input":{"@type":"PropertyValueSpecification","valueRequired":true,"valueName":"search_term_string"}}],"inLanguage":"pl-PL"},{"@type":"Organization","@id":"https:\/\/aquaforest.eu\/pl\/#organization","name":"Aquaforest","url":"https:\/\/aquaforest.eu\/pl\/","logo":{"@type":"ImageObject","inLanguage":"pl-PL","@id":"https:\/\/aquaforest.eu\/pl\/#\/schema\/logo\/image\/","url":"https:\/\/aquaforest.eu\/wp-content\/uploads\/2024\/05\/logotyp-aquaforest.svg","contentUrl":"https:\/\/aquaforest.eu\/wp-content\/uploads\/2024\/05\/logotyp-aquaforest.svg","width":170,"height":22,"caption":"Aquaforest"},"image":{"@id":"https:\/\/aquaforest.eu\/pl\/#\/schema\/logo\/image\/"},"sameAs":["https:\/\/www.facebook.com\/Aquaforest\/","https:\/\/www.instagram.com\/aquaforest.eu\/"]}]}},"_links":{"self":[{"href":"https:\/\/aquaforest.eu\/pl\/wp-json\/wp\/v2\/product\/11921","targetHints":{"allow":["GET"]}}],"collection":[{"href":"https:\/\/aquaforest.eu\/pl\/wp-json\/wp\/v2\/product"}],"about":[{"href":"https:\/\/aquaforest.eu\/pl\/wp-json\/wp\/v2\/types\/product"}],"version-history":[{"count":1,"href":"https:\/\/aquaforest.eu\/pl\/wp-json\/wp\/v2\/product\/11921\/revisions"}],"predecessor-version":[{"id":24719,"href":"https:\/\/aquaforest.eu\/pl\/wp-json\/wp\/v2\/product\/11921\/revisions\/24719"}],"wp:featuredmedia":[{"embeddable":true,"href":"https:\/\/aquaforest.eu\/pl\/wp-json\/wp\/v2\/media\/11968"}],"wp:attachment":[{"href":"https:\/\/aquaforest.eu\/pl\/wp-json\/wp\/v2\/media?parent=11921"}],"wp:term":[{"taxonomy":"product_brand","embeddable":true,"href":"https:\/\/aquaforest.eu\/pl\/wp-json\/wp\/v2\/product_brand?post=11921"},{"taxonomy":"product_cat","embeddable":true,"href":"https:\/\/aquaforest.eu\/pl\/wp-json\/wp\/v2\/product_cat?post=11921"},{"taxonomy":"product_tag","embeddable":true,"href":"https:\/\/aquaforest.eu\/pl\/wp-json\/wp\/v2\/product_tag?post=11921"}],"curies":[{"name":"wp","href":"https:\/\/api.w.org\/{rel}","templated":true}]}}