{"id":11958,"date":"2024-06-24T16:43:14","date_gmt":"2024-06-24T14:43:14","guid":{"rendered":"https:\/\/aquaforest.eu\/products\/bez-kategorii\/brom\/"},"modified":"2024-11-21T13:08:16","modified_gmt":"2024-11-21T12:08:16","slug":"bromium","status":"publish","type":"product","link":"https:\/\/aquaforest.eu\/pl\/produkty\/lab\/mikroelementy\/bromium\/","title":{"rendered":"Bromium"},"content":{"rendered":"<p>Naturalna woda morska sk\u0142ada si\u0119 z tysi\u0119cy zwi\u0105zk\u00f3w chemicznych i niemal wszystkich pierwiastk\u00f3w obecnych na kuli ziemskiej. Ten unikalny sk\u0142ad gwarantuje mieszka\u0144com raf koralowych idealne warunki do rozwoju. W\u015br\u00f3d wielu mikroelement\u00f3w obecnych w wodzie znajduje si\u0119 m.in. brom. Brom pobudza organizmy morskie do produkcji substancji, kt\u00f3re chroni\u0105 je przed drapie\u017cnikami. W zamkni\u0119tych systemach akwari\u00f3w morskich brom jest regularnie konsumowany przez ich mieszka\u0144c\u00f3w. Jak w przypadku wi\u0119kszo\u015bci mikroelement\u00f3w, jego niedobory prowadz\u0105 do pogorszenia si\u0119 stanu zdrowia mieszka\u0144c\u00f3w akwarium, dlatego zaleca si\u0119 regularne badanie wody oraz suplementacj\u0119, je\u017celi zbiornik jej wymaga.<\/p>\n<p>&nbsp;<\/p>\n<hr \/>\n<p>&nbsp;<\/p>\n<ul>\n<li>Pomaga w utrzymaniu w\u0142a\u015bciwego st\u0119\u017cenia bromu<\/li>\n<li>Stworzony w wysoko zaawansowanym laboratorium<\/li>\n<li>Pozytywnie wp\u0142ywa na rozw\u00f3j koralowc\u00f3w<\/li>\n<li>\u0141atwy w u\u017cyciu i bardzo wydajny<\/li>\n<li>Pobudza do produkcji wa\u017cnych enzym\u00f3w<\/li>\n<\/ul>\n<p>&nbsp;<\/p>\n<hr \/>\n<p>&nbsp;<\/p>\n<p><strong>Dozowanie<\/strong> 10 ml produktu zwi\u0119ksza poziom bromu o 10 mg\/l (ppm) w 100 litrach wody. Zalecany poziom boru w wodzie akwariowej to 55.00 \u2013 74.00 mg\/l (ppm). Pami\u0119taj, \u017ce maksymalna bezpieczna dawka dzienna wynosi 10 ml na 100 litr\u00f3w wody. Je\u017celi wymagana jest wi\u0119ksza dawka, rozbij j\u0105 na kilka dni. Dawkowanie powinno by\u0107 ustalone w oparciu o konsumpcj\u0119 bromu w akwarium. Nale\u017cy pami\u0119ta\u0107, \u017ce ka\u017cde akwarium jest inne, a dawkowanie jest zale\u017cne od obsady koralowc\u00f3w i indywidualnego zapotrzebowania. Zar\u00f3wno niedob\u00f3r, jak i nadmiar mikroelement\u00f3w wp\u0142ywa niekorzystnie na kondycj\u0119 mieszka\u0144c\u00f3w akwarium, dlatego dozowanie preparatu nale\u017cy dobra\u0107 i modyfikowa\u0107 na podstawie regularnych test\u00f3w wody Aquaforest Lab.<\/p>\n","protected":false},"excerpt":{"rendered":"<p>Skoncentrowany suplement bromu. Stymuluje organizmy morskie do produkcji substancji chroni\u0105cych je przed drapie\u017cnikami.<\/p>\n","protected":false},"featured_media":29722,"template":"","meta":{"_acf_changed":false,"content-type":""},"product_brand":[],"product_cat":[1143],"product_tag":[969,1125,1421],"class_list":{"0":"post-11958","1":"product","2":"type-product","3":"status-publish","4":"has-post-thumbnail","6":"product_cat-mikroelementy","7":"product_tag-aquaforest-lab-pl","8":"product_tag-pierwiastki-sladowe","9":"product_tag-simple-pl","11":"first","12":"instock","13":"taxable","14":"shipping-taxable","15":"purchasable","16":"product-type-simple"},"acf":[],"yoast_head":"<!-- This site is optimized with the Yoast SEO plugin v27.1.1 - https:\/\/yoast.com\/product\/yoast-seo-wordpress\/ -->\n<title>Bromium - Aquaforest<\/title>\n<meta name=\"description\" content=\"Brom: Skoncentrowany suplement bromu podnosz\u0105cy poziom \u017celaza w wodzie morskiej.\" \/>\n<meta name=\"robots\" content=\"index, follow, max-snippet:-1, max-image-preview:large, max-video-preview:-1\" \/>\n<link rel=\"canonical\" href=\"https:\/\/aquaforest.eu\/pl\/produkty\/lab\/mikroelementy\/bromium\/\" \/>\n<meta property=\"og:locale\" content=\"pl_PL\" \/>\n<meta property=\"og:type\" content=\"article\" \/>\n<meta property=\"og:title\" content=\"Bromium - Aquaforest\" \/>\n<meta property=\"og:description\" content=\"Brom: Skoncentrowany suplement bromu podnosz\u0105cy poziom \u017celaza w wodzie morskiej.\" \/>\n<meta property=\"og:url\" content=\"https:\/\/aquaforest.eu\/pl\/produkty\/lab\/mikroelementy\/bromium\/\" \/>\n<meta property=\"og:site_name\" content=\"Aquaforest\" \/>\n<meta property=\"article:publisher\" content=\"https:\/\/www.facebook.com\/Aquaforest\/\" \/>\n<meta property=\"article:modified_time\" content=\"2024-11-21T12:08:16+00:00\" \/>\n<meta property=\"og:image\" content=\"https:\/\/aquaforest.eu\/wp-content\/uploads\/2024\/06\/bromium-1000.png\" \/>\n\t<meta property=\"og:image:width\" content=\"236\" \/>\n\t<meta property=\"og:image:height\" content=\"600\" \/>\n\t<meta property=\"og:image:type\" content=\"image\/png\" \/>\n<meta name=\"twitter:card\" content=\"summary_large_image\" \/>\n<meta name=\"twitter:label1\" content=\"Szacowany czas czytania\" \/>\n\t<meta name=\"twitter:data1\" content=\"2 minuty\" \/>\n<script type=\"application\/ld+json\" class=\"yoast-schema-graph\">{\"@context\":\"https:\/\/schema.org\",\"@graph\":[{\"@type\":\"WebPage\",\"@id\":\"https:\/\/aquaforest.eu\/pl\/produkty\/lab\/mikroelementy\/bromium\/\",\"url\":\"https:\/\/aquaforest.eu\/pl\/produkty\/lab\/mikroelementy\/bromium\/\",\"name\":\"Bromium - Aquaforest\",\"isPartOf\":{\"@id\":\"https:\/\/aquaforest.eu\/pl\/#website\"},\"primaryImageOfPage\":{\"@id\":\"https:\/\/aquaforest.eu\/pl\/produkty\/lab\/mikroelementy\/bromium\/#primaryimage\"},\"image\":{\"@id\":\"https:\/\/aquaforest.eu\/pl\/produkty\/lab\/mikroelementy\/bromium\/#primaryimage\"},\"thumbnailUrl\":\"https:\/\/aquaforest.eu\/wp-content\/uploads\/2024\/06\/bromium-1000.png\",\"datePublished\":\"2024-06-24T14:43:14+00:00\",\"dateModified\":\"2024-11-21T12:08:16+00:00\",\"description\":\"Brom: Skoncentrowany suplement bromu podnosz\u0105cy poziom \u017celaza w wodzie morskiej.\",\"breadcrumb\":{\"@id\":\"https:\/\/aquaforest.eu\/pl\/produkty\/lab\/mikroelementy\/bromium\/#breadcrumb\"},\"inLanguage\":\"pl-PL\",\"potentialAction\":[{\"@type\":\"ReadAction\",\"target\":[\"https:\/\/aquaforest.eu\/pl\/produkty\/lab\/mikroelementy\/bromium\/\"]}]},{\"@type\":\"ImageObject\",\"inLanguage\":\"pl-PL\",\"@id\":\"https:\/\/aquaforest.eu\/pl\/produkty\/lab\/mikroelementy\/bromium\/#primaryimage\",\"url\":\"https:\/\/aquaforest.eu\/wp-content\/uploads\/2024\/06\/bromium-1000.png\",\"contentUrl\":\"https:\/\/aquaforest.eu\/wp-content\/uploads\/2024\/06\/bromium-1000.png\",\"width\":236,\"height\":600},{\"@type\":\"BreadcrumbList\",\"@id\":\"https:\/\/aquaforest.eu\/pl\/produkty\/lab\/mikroelementy\/bromium\/#breadcrumb\",\"itemListElement\":[{\"@type\":\"ListItem\",\"position\":1,\"name\":\"Home\",\"item\":\"https:\/\/aquaforest.eu\/pl\/\"},{\"@type\":\"ListItem\",\"position\":2,\"name\":\"Produkty\",\"item\":\"https:\/\/aquaforest.eu\/pl\/produkty\/\"},{\"@type\":\"ListItem\",\"position\":3,\"name\":\"Bromium\"}]},{\"@type\":\"WebSite\",\"@id\":\"https:\/\/aquaforest.eu\/pl\/#website\",\"url\":\"https:\/\/aquaforest.eu\/pl\/\",\"name\":\"Aquaforest\",\"description\":\"\",\"publisher\":{\"@id\":\"https:\/\/aquaforest.eu\/pl\/#organization\"},\"potentialAction\":[{\"@type\":\"SearchAction\",\"target\":{\"@type\":\"EntryPoint\",\"urlTemplate\":\"https:\/\/aquaforest.eu\/pl\/?s={search_term_string}\"},\"query-input\":{\"@type\":\"PropertyValueSpecification\",\"valueRequired\":true,\"valueName\":\"search_term_string\"}}],\"inLanguage\":\"pl-PL\"},{\"@type\":\"Organization\",\"@id\":\"https:\/\/aquaforest.eu\/pl\/#organization\",\"name\":\"Aquaforest\",\"url\":\"https:\/\/aquaforest.eu\/pl\/\",\"logo\":{\"@type\":\"ImageObject\",\"inLanguage\":\"pl-PL\",\"@id\":\"https:\/\/aquaforest.eu\/pl\/#\/schema\/logo\/image\/\",\"url\":\"https:\/\/aquaforest.eu\/wp-content\/uploads\/2024\/05\/logotyp-aquaforest.svg\",\"contentUrl\":\"https:\/\/aquaforest.eu\/wp-content\/uploads\/2024\/05\/logotyp-aquaforest.svg\",\"width\":170,\"height\":22,\"caption\":\"Aquaforest\"},\"image\":{\"@id\":\"https:\/\/aquaforest.eu\/pl\/#\/schema\/logo\/image\/\"},\"sameAs\":[\"https:\/\/www.facebook.com\/Aquaforest\/\",\"https:\/\/www.instagram.com\/aquaforest.eu\/\"]}]}<\/script>\n<!-- \/ Yoast SEO plugin. -->","yoast_head_json":{"title":"Bromium - Aquaforest","description":"Brom: Skoncentrowany suplement bromu podnosz\u0105cy poziom \u017celaza w wodzie morskiej.","robots":{"index":"index","follow":"follow","max-snippet":"max-snippet:-1","max-image-preview":"max-image-preview:large","max-video-preview":"max-video-preview:-1"},"canonical":"https:\/\/aquaforest.eu\/pl\/produkty\/lab\/mikroelementy\/bromium\/","og_locale":"pl_PL","og_type":"article","og_title":"Bromium - Aquaforest","og_description":"Brom: Skoncentrowany suplement bromu podnosz\u0105cy poziom \u017celaza w wodzie morskiej.","og_url":"https:\/\/aquaforest.eu\/pl\/produkty\/lab\/mikroelementy\/bromium\/","og_site_name":"Aquaforest","article_publisher":"https:\/\/www.facebook.com\/Aquaforest\/","article_modified_time":"2024-11-21T12:08:16+00:00","og_image":[{"width":236,"height":600,"url":"https:\/\/aquaforest.eu\/wp-content\/uploads\/2024\/06\/bromium-1000.png","type":"image\/png"}],"twitter_card":"summary_large_image","twitter_misc":{"Szacowany czas czytania":"2 minuty"},"schema":{"@context":"https:\/\/schema.org","@graph":[{"@type":"WebPage","@id":"https:\/\/aquaforest.eu\/pl\/produkty\/lab\/mikroelementy\/bromium\/","url":"https:\/\/aquaforest.eu\/pl\/produkty\/lab\/mikroelementy\/bromium\/","name":"Bromium - Aquaforest","isPartOf":{"@id":"https:\/\/aquaforest.eu\/pl\/#website"},"primaryImageOfPage":{"@id":"https:\/\/aquaforest.eu\/pl\/produkty\/lab\/mikroelementy\/bromium\/#primaryimage"},"image":{"@id":"https:\/\/aquaforest.eu\/pl\/produkty\/lab\/mikroelementy\/bromium\/#primaryimage"},"thumbnailUrl":"https:\/\/aquaforest.eu\/wp-content\/uploads\/2024\/06\/bromium-1000.png","datePublished":"2024-06-24T14:43:14+00:00","dateModified":"2024-11-21T12:08:16+00:00","description":"Brom: Skoncentrowany suplement bromu podnosz\u0105cy poziom \u017celaza w wodzie morskiej.","breadcrumb":{"@id":"https:\/\/aquaforest.eu\/pl\/produkty\/lab\/mikroelementy\/bromium\/#breadcrumb"},"inLanguage":"pl-PL","potentialAction":[{"@type":"ReadAction","target":["https:\/\/aquaforest.eu\/pl\/produkty\/lab\/mikroelementy\/bromium\/"]}]},{"@type":"ImageObject","inLanguage":"pl-PL","@id":"https:\/\/aquaforest.eu\/pl\/produkty\/lab\/mikroelementy\/bromium\/#primaryimage","url":"https:\/\/aquaforest.eu\/wp-content\/uploads\/2024\/06\/bromium-1000.png","contentUrl":"https:\/\/aquaforest.eu\/wp-content\/uploads\/2024\/06\/bromium-1000.png","width":236,"height":600},{"@type":"BreadcrumbList","@id":"https:\/\/aquaforest.eu\/pl\/produkty\/lab\/mikroelementy\/bromium\/#breadcrumb","itemListElement":[{"@type":"ListItem","position":1,"name":"Home","item":"https:\/\/aquaforest.eu\/pl\/"},{"@type":"ListItem","position":2,"name":"Produkty","item":"https:\/\/aquaforest.eu\/pl\/produkty\/"},{"@type":"ListItem","position":3,"name":"Bromium"}]},{"@type":"WebSite","@id":"https:\/\/aquaforest.eu\/pl\/#website","url":"https:\/\/aquaforest.eu\/pl\/","name":"Aquaforest","description":"","publisher":{"@id":"https:\/\/aquaforest.eu\/pl\/#organization"},"potentialAction":[{"@type":"SearchAction","target":{"@type":"EntryPoint","urlTemplate":"https:\/\/aquaforest.eu\/pl\/?s={search_term_string}"},"query-input":{"@type":"PropertyValueSpecification","valueRequired":true,"valueName":"search_term_string"}}],"inLanguage":"pl-PL"},{"@type":"Organization","@id":"https:\/\/aquaforest.eu\/pl\/#organization","name":"Aquaforest","url":"https:\/\/aquaforest.eu\/pl\/","logo":{"@type":"ImageObject","inLanguage":"pl-PL","@id":"https:\/\/aquaforest.eu\/pl\/#\/schema\/logo\/image\/","url":"https:\/\/aquaforest.eu\/wp-content\/uploads\/2024\/05\/logotyp-aquaforest.svg","contentUrl":"https:\/\/aquaforest.eu\/wp-content\/uploads\/2024\/05\/logotyp-aquaforest.svg","width":170,"height":22,"caption":"Aquaforest"},"image":{"@id":"https:\/\/aquaforest.eu\/pl\/#\/schema\/logo\/image\/"},"sameAs":["https:\/\/www.facebook.com\/Aquaforest\/","https:\/\/www.instagram.com\/aquaforest.eu\/"]}]}},"_links":{"self":[{"href":"https:\/\/aquaforest.eu\/pl\/wp-json\/wp\/v2\/product\/11958","targetHints":{"allow":["GET"]}}],"collection":[{"href":"https:\/\/aquaforest.eu\/pl\/wp-json\/wp\/v2\/product"}],"about":[{"href":"https:\/\/aquaforest.eu\/pl\/wp-json\/wp\/v2\/types\/product"}],"version-history":[{"count":0,"href":"https:\/\/aquaforest.eu\/pl\/wp-json\/wp\/v2\/product\/11958\/revisions"}],"wp:featuredmedia":[{"embeddable":true,"href":"https:\/\/aquaforest.eu\/pl\/wp-json\/wp\/v2\/media\/29722"}],"wp:attachment":[{"href":"https:\/\/aquaforest.eu\/pl\/wp-json\/wp\/v2\/media?parent=11958"}],"wp:term":[{"taxonomy":"product_brand","embeddable":true,"href":"https:\/\/aquaforest.eu\/pl\/wp-json\/wp\/v2\/product_brand?post=11958"},{"taxonomy":"product_cat","embeddable":true,"href":"https:\/\/aquaforest.eu\/pl\/wp-json\/wp\/v2\/product_cat?post=11958"},{"taxonomy":"product_tag","embeddable":true,"href":"https:\/\/aquaforest.eu\/pl\/wp-json\/wp\/v2\/product_tag?post=11958"}],"curies":[{"name":"wp","href":"https:\/\/api.w.org\/{rel}","templated":true}]}}