{"id":11960,"date":"2024-06-24T16:43:14","date_gmt":"2024-06-24T14:43:14","guid":{"rendered":"https:\/\/aquaforest.eu\/products\/bez-kategorii\/bar\/"},"modified":"2026-03-27T10:23:48","modified_gmt":"2026-03-27T09:23:48","slug":"barium","status":"publish","type":"product","link":"https:\/\/aquaforest.eu\/pl\/produkty\/lab\/mikroelementy\/barium\/","title":{"rendered":"Barium"},"content":{"rendered":"<p>Mikroelementy wyst\u0119puj\u0105ce naturalnie w wodzie morskiej, to pierwiastki, kt\u00f3re pomimo wyst\u0119powania w \u015bladowych ilo\u015bciach, maj\u0105 ogromny wp\u0142yw na \u017cycie mieszka\u0144c\u00f3w raf koralowych. Niedobory mikroelement\u00f3w szybko prowadz\u0105 do widocznych negatywnych zmian w kondycji koralowc\u00f3w, dlatego opr\u00f3cz regularnych podmian wody warto zadba\u0107 o dodatkow\u0105 suplementacj\u0119.<br \/>\nPomimo, \u017ce nie zbadano dok\u0142adnego wp\u0142ywu baru na kondycj\u0119 koralowc\u00f3w SPS, to badania pokazuj\u0105, \u017ce jest on szybko i regularnie konsumowany przez mieszka\u0144c\u00f3w akwarium. W mocno obsadzonych akwariach, szczeg\u00f3lnie akwariach zdominowanych przez koralowce SPS zaleca si\u0119 suplementacj\u0119 baru w oparciu o wyniki test\u00f3w wody.<\/p>\n<p>&nbsp;<\/p>\n<hr \/>\n<ul>\n<li>Pomaga w utrzymaniu w\u0142a\u015bciwego st\u0119\u017cenia baru<\/li>\n<li>Opracowany w celu stworzenia koralowcom warunk\u00f3w niemal identycznych z naturalnymi<\/li>\n<li>Szczeg\u00f3lnie polecany w zbiornikach o du\u017cej konsumpcji mikroelement\u00f3w<\/li>\n<li>Produkt testowany laboratoryjnie<\/li>\n<li>Stworzony na podstawie wieloletnich do\u015bwiadcze\u0144 akwarystycznych<\/li>\n<\/ul>\n<p>&nbsp;<\/p>\n<hr \/>\n<p>&nbsp;<\/p>\n<p><strong>Dozowanie<\/strong> 1 ml zwi\u0119ksza poziom baru o 0,005 mg\/l (ppm) w 100 litrach wody. Zalecany poziom baru w wodzie akwariowej wynosi 0,001 &#8211; 0,04 mg\/l (ppm). Nale\u017cy pami\u0119ta\u0107, \u017ce maksymalna bezpieczna dawka dzienna wynosi 2 ml na 100 litr\u00f3w wody. Je\u015bli potrzebujesz wi\u0119kszej dawki, podziel j\u0105 na kilka dni. Zalecamy dawkowanie w oparciu o wyniki test\u00f3w ICP-OES. Dawkowanie powinno opiera\u0107 si\u0119 na zu\u017cyciu mikroelement\u00f3w. Nale\u017cy pami\u0119ta\u0107, \u017ce ka\u017cde akwarium jest inne, a ostateczna dawka zale\u017cy od obsady koralowc\u00f3w i indywidualnych potrzeb akwarium. Zar\u00f3wno niedob\u00f3r, jak i nadmiar mikroelement\u00f3w b\u0119dzie mia\u0142 wp\u0142yw na mieszka\u0144c\u00f3w akwarium, dlatego dawkowanie powinno by\u0107 dobierane i modyfikowane na podstawie regularnych test\u00f3w wody Aquaforest Lab.<\/p>\n","protected":false},"excerpt":{"rendered":"<p>Skuteczny suplement baru. Opracowany w celu stworzenia koralowcom warunk\u00f3w niemal identycznych z naturaln\u0105 wod\u0105 morsk\u0105.<\/p>\n","protected":false},"featured_media":29705,"template":"","meta":{"_acf_changed":false,"content-type":""},"product_brand":[],"product_cat":[1143],"product_tag":[969,1125,1421],"class_list":{"0":"post-11960","1":"product","2":"type-product","3":"status-publish","4":"has-post-thumbnail","6":"product_cat-mikroelementy","7":"product_tag-aquaforest-lab-pl","8":"product_tag-pierwiastki-sladowe","9":"product_tag-simple-pl","11":"first","12":"instock","13":"taxable","14":"shipping-taxable","15":"purchasable","16":"product-type-simple"},"acf":[],"yoast_head":"<!-- This site is optimized with the Yoast SEO plugin v27.1.1 - https:\/\/yoast.com\/product\/yoast-seo-wordpress\/ -->\n<title>Barium - Aquaforest<\/title>\n<meta name=\"description\" content=\"Bar: Skuteczny suplement baru podnosz\u0105cy poziom baru w wodzie morskiej.\" \/>\n<meta name=\"robots\" content=\"index, follow, max-snippet:-1, max-image-preview:large, max-video-preview:-1\" \/>\n<link rel=\"canonical\" href=\"https:\/\/aquaforest.eu\/pl\/produkty\/lab\/mikroelementy\/barium\/\" \/>\n<meta property=\"og:locale\" content=\"pl_PL\" \/>\n<meta property=\"og:type\" content=\"article\" \/>\n<meta property=\"og:title\" content=\"Barium - Aquaforest\" \/>\n<meta property=\"og:description\" content=\"Bar: Skuteczny suplement baru podnosz\u0105cy poziom baru w wodzie morskiej.\" \/>\n<meta property=\"og:url\" content=\"https:\/\/aquaforest.eu\/pl\/produkty\/lab\/mikroelementy\/barium\/\" \/>\n<meta property=\"og:site_name\" content=\"Aquaforest\" \/>\n<meta property=\"article:publisher\" content=\"https:\/\/www.facebook.com\/Aquaforest\/\" \/>\n<meta property=\"article:modified_time\" content=\"2026-03-27T09:23:48+00:00\" \/>\n<meta property=\"og:image\" content=\"https:\/\/aquaforest.eu\/wp-content\/uploads\/2024\/06\/barium-200.png\" \/>\n\t<meta property=\"og:image:width\" content=\"269\" \/>\n\t<meta property=\"og:image:height\" content=\"600\" \/>\n\t<meta property=\"og:image:type\" content=\"image\/png\" \/>\n<meta name=\"twitter:card\" content=\"summary_large_image\" \/>\n<meta name=\"twitter:label1\" content=\"Szacowany czas czytania\" \/>\n\t<meta name=\"twitter:data1\" content=\"2 minuty\" \/>\n<script type=\"application\/ld+json\" class=\"yoast-schema-graph\">{\"@context\":\"https:\/\/schema.org\",\"@graph\":[{\"@type\":\"WebPage\",\"@id\":\"https:\/\/aquaforest.eu\/pl\/produkty\/lab\/mikroelementy\/barium\/\",\"url\":\"https:\/\/aquaforest.eu\/pl\/produkty\/lab\/mikroelementy\/barium\/\",\"name\":\"Barium - Aquaforest\",\"isPartOf\":{\"@id\":\"https:\/\/aquaforest.eu\/pl\/#website\"},\"primaryImageOfPage\":{\"@id\":\"https:\/\/aquaforest.eu\/pl\/produkty\/lab\/mikroelementy\/barium\/#primaryimage\"},\"image\":{\"@id\":\"https:\/\/aquaforest.eu\/pl\/produkty\/lab\/mikroelementy\/barium\/#primaryimage\"},\"thumbnailUrl\":\"https:\/\/aquaforest.eu\/wp-content\/uploads\/2024\/06\/barium-200.png\",\"datePublished\":\"2024-06-24T14:43:14+00:00\",\"dateModified\":\"2026-03-27T09:23:48+00:00\",\"description\":\"Bar: Skuteczny suplement baru podnosz\u0105cy poziom baru w wodzie morskiej.\",\"breadcrumb\":{\"@id\":\"https:\/\/aquaforest.eu\/pl\/produkty\/lab\/mikroelementy\/barium\/#breadcrumb\"},\"inLanguage\":\"pl-PL\",\"potentialAction\":[{\"@type\":\"ReadAction\",\"target\":[\"https:\/\/aquaforest.eu\/pl\/produkty\/lab\/mikroelementy\/barium\/\"]}]},{\"@type\":\"ImageObject\",\"inLanguage\":\"pl-PL\",\"@id\":\"https:\/\/aquaforest.eu\/pl\/produkty\/lab\/mikroelementy\/barium\/#primaryimage\",\"url\":\"https:\/\/aquaforest.eu\/wp-content\/uploads\/2024\/06\/barium-200.png\",\"contentUrl\":\"https:\/\/aquaforest.eu\/wp-content\/uploads\/2024\/06\/barium-200.png\",\"width\":269,\"height\":600},{\"@type\":\"BreadcrumbList\",\"@id\":\"https:\/\/aquaforest.eu\/pl\/produkty\/lab\/mikroelementy\/barium\/#breadcrumb\",\"itemListElement\":[{\"@type\":\"ListItem\",\"position\":1,\"name\":\"Home\",\"item\":\"https:\/\/aquaforest.eu\/pl\/\"},{\"@type\":\"ListItem\",\"position\":2,\"name\":\"Produkty\",\"item\":\"https:\/\/aquaforest.eu\/pl\/produkty\/\"},{\"@type\":\"ListItem\",\"position\":3,\"name\":\"Barium\"}]},{\"@type\":\"WebSite\",\"@id\":\"https:\/\/aquaforest.eu\/pl\/#website\",\"url\":\"https:\/\/aquaforest.eu\/pl\/\",\"name\":\"Aquaforest\",\"description\":\"\",\"publisher\":{\"@id\":\"https:\/\/aquaforest.eu\/pl\/#organization\"},\"potentialAction\":[{\"@type\":\"SearchAction\",\"target\":{\"@type\":\"EntryPoint\",\"urlTemplate\":\"https:\/\/aquaforest.eu\/pl\/?s={search_term_string}\"},\"query-input\":{\"@type\":\"PropertyValueSpecification\",\"valueRequired\":true,\"valueName\":\"search_term_string\"}}],\"inLanguage\":\"pl-PL\"},{\"@type\":\"Organization\",\"@id\":\"https:\/\/aquaforest.eu\/pl\/#organization\",\"name\":\"Aquaforest\",\"url\":\"https:\/\/aquaforest.eu\/pl\/\",\"logo\":{\"@type\":\"ImageObject\",\"inLanguage\":\"pl-PL\",\"@id\":\"https:\/\/aquaforest.eu\/pl\/#\/schema\/logo\/image\/\",\"url\":\"https:\/\/aquaforest.eu\/wp-content\/uploads\/2024\/05\/logotyp-aquaforest.svg\",\"contentUrl\":\"https:\/\/aquaforest.eu\/wp-content\/uploads\/2024\/05\/logotyp-aquaforest.svg\",\"width\":170,\"height\":22,\"caption\":\"Aquaforest\"},\"image\":{\"@id\":\"https:\/\/aquaforest.eu\/pl\/#\/schema\/logo\/image\/\"},\"sameAs\":[\"https:\/\/www.facebook.com\/Aquaforest\/\",\"https:\/\/www.instagram.com\/aquaforest.eu\/\"]}]}<\/script>\n<!-- \/ Yoast SEO plugin. -->","yoast_head_json":{"title":"Barium - Aquaforest","description":"Bar: Skuteczny suplement baru podnosz\u0105cy poziom baru w wodzie morskiej.","robots":{"index":"index","follow":"follow","max-snippet":"max-snippet:-1","max-image-preview":"max-image-preview:large","max-video-preview":"max-video-preview:-1"},"canonical":"https:\/\/aquaforest.eu\/pl\/produkty\/lab\/mikroelementy\/barium\/","og_locale":"pl_PL","og_type":"article","og_title":"Barium - Aquaforest","og_description":"Bar: Skuteczny suplement baru podnosz\u0105cy poziom baru w wodzie morskiej.","og_url":"https:\/\/aquaforest.eu\/pl\/produkty\/lab\/mikroelementy\/barium\/","og_site_name":"Aquaforest","article_publisher":"https:\/\/www.facebook.com\/Aquaforest\/","article_modified_time":"2026-03-27T09:23:48+00:00","og_image":[{"width":269,"height":600,"url":"https:\/\/aquaforest.eu\/wp-content\/uploads\/2024\/06\/barium-200.png","type":"image\/png"}],"twitter_card":"summary_large_image","twitter_misc":{"Szacowany czas czytania":"2 minuty"},"schema":{"@context":"https:\/\/schema.org","@graph":[{"@type":"WebPage","@id":"https:\/\/aquaforest.eu\/pl\/produkty\/lab\/mikroelementy\/barium\/","url":"https:\/\/aquaforest.eu\/pl\/produkty\/lab\/mikroelementy\/barium\/","name":"Barium - Aquaforest","isPartOf":{"@id":"https:\/\/aquaforest.eu\/pl\/#website"},"primaryImageOfPage":{"@id":"https:\/\/aquaforest.eu\/pl\/produkty\/lab\/mikroelementy\/barium\/#primaryimage"},"image":{"@id":"https:\/\/aquaforest.eu\/pl\/produkty\/lab\/mikroelementy\/barium\/#primaryimage"},"thumbnailUrl":"https:\/\/aquaforest.eu\/wp-content\/uploads\/2024\/06\/barium-200.png","datePublished":"2024-06-24T14:43:14+00:00","dateModified":"2026-03-27T09:23:48+00:00","description":"Bar: Skuteczny suplement baru podnosz\u0105cy poziom baru w wodzie morskiej.","breadcrumb":{"@id":"https:\/\/aquaforest.eu\/pl\/produkty\/lab\/mikroelementy\/barium\/#breadcrumb"},"inLanguage":"pl-PL","potentialAction":[{"@type":"ReadAction","target":["https:\/\/aquaforest.eu\/pl\/produkty\/lab\/mikroelementy\/barium\/"]}]},{"@type":"ImageObject","inLanguage":"pl-PL","@id":"https:\/\/aquaforest.eu\/pl\/produkty\/lab\/mikroelementy\/barium\/#primaryimage","url":"https:\/\/aquaforest.eu\/wp-content\/uploads\/2024\/06\/barium-200.png","contentUrl":"https:\/\/aquaforest.eu\/wp-content\/uploads\/2024\/06\/barium-200.png","width":269,"height":600},{"@type":"BreadcrumbList","@id":"https:\/\/aquaforest.eu\/pl\/produkty\/lab\/mikroelementy\/barium\/#breadcrumb","itemListElement":[{"@type":"ListItem","position":1,"name":"Home","item":"https:\/\/aquaforest.eu\/pl\/"},{"@type":"ListItem","position":2,"name":"Produkty","item":"https:\/\/aquaforest.eu\/pl\/produkty\/"},{"@type":"ListItem","position":3,"name":"Barium"}]},{"@type":"WebSite","@id":"https:\/\/aquaforest.eu\/pl\/#website","url":"https:\/\/aquaforest.eu\/pl\/","name":"Aquaforest","description":"","publisher":{"@id":"https:\/\/aquaforest.eu\/pl\/#organization"},"potentialAction":[{"@type":"SearchAction","target":{"@type":"EntryPoint","urlTemplate":"https:\/\/aquaforest.eu\/pl\/?s={search_term_string}"},"query-input":{"@type":"PropertyValueSpecification","valueRequired":true,"valueName":"search_term_string"}}],"inLanguage":"pl-PL"},{"@type":"Organization","@id":"https:\/\/aquaforest.eu\/pl\/#organization","name":"Aquaforest","url":"https:\/\/aquaforest.eu\/pl\/","logo":{"@type":"ImageObject","inLanguage":"pl-PL","@id":"https:\/\/aquaforest.eu\/pl\/#\/schema\/logo\/image\/","url":"https:\/\/aquaforest.eu\/wp-content\/uploads\/2024\/05\/logotyp-aquaforest.svg","contentUrl":"https:\/\/aquaforest.eu\/wp-content\/uploads\/2024\/05\/logotyp-aquaforest.svg","width":170,"height":22,"caption":"Aquaforest"},"image":{"@id":"https:\/\/aquaforest.eu\/pl\/#\/schema\/logo\/image\/"},"sameAs":["https:\/\/www.facebook.com\/Aquaforest\/","https:\/\/www.instagram.com\/aquaforest.eu\/"]}]}},"_links":{"self":[{"href":"https:\/\/aquaforest.eu\/pl\/wp-json\/wp\/v2\/product\/11960","targetHints":{"allow":["GET"]}}],"collection":[{"href":"https:\/\/aquaforest.eu\/pl\/wp-json\/wp\/v2\/product"}],"about":[{"href":"https:\/\/aquaforest.eu\/pl\/wp-json\/wp\/v2\/types\/product"}],"version-history":[{"count":2,"href":"https:\/\/aquaforest.eu\/pl\/wp-json\/wp\/v2\/product\/11960\/revisions"}],"predecessor-version":[{"id":29711,"href":"https:\/\/aquaforest.eu\/pl\/wp-json\/wp\/v2\/product\/11960\/revisions\/29711"}],"wp:featuredmedia":[{"embeddable":true,"href":"https:\/\/aquaforest.eu\/pl\/wp-json\/wp\/v2\/media\/29705"}],"wp:attachment":[{"href":"https:\/\/aquaforest.eu\/pl\/wp-json\/wp\/v2\/media?parent=11960"}],"wp:term":[{"taxonomy":"product_brand","embeddable":true,"href":"https:\/\/aquaforest.eu\/pl\/wp-json\/wp\/v2\/product_brand?post=11960"},{"taxonomy":"product_cat","embeddable":true,"href":"https:\/\/aquaforest.eu\/pl\/wp-json\/wp\/v2\/product_cat?post=11960"},{"taxonomy":"product_tag","embeddable":true,"href":"https:\/\/aquaforest.eu\/pl\/wp-json\/wp\/v2\/product_tag?post=11960"}],"curies":[{"name":"wp","href":"https:\/\/api.w.org\/{rel}","templated":true}]}}