{"id":11962,"date":"2024-06-24T17:43:20","date_gmt":"2024-06-24T15:43:20","guid":{"rendered":"https:\/\/aquaforest.eu\/products\/bez-kategorii\/test-icp-1\/"},"modified":"2025-01-17T09:58:55","modified_gmt":"2025-01-17T08:58:55","slug":"icp-test-1","status":"publish","type":"product","link":"https:\/\/aquaforest.eu\/pl\/produkty\/lab\/testy-icp\/icp-test-1\/","title":{"rendered":"ICP Test 1"},"content":{"rendered":"<div class=\"custom-product-tabs\">\n<h2><span style=\"color: #000000;\">Opis:<\/span><\/h2>\n<p><span style=\"color: #000000;\">Testy ICP-OES zosta\u0142y stworzone w celu dok\u0142adnej analizy parametr\u00f3w wody morskiej i wody RO. Zestaw zawiera 1 fiolk\u0119 testow\u0105, indywidualny kod oraz kopert\u0119 przeznaczon\u0105 do wysy\u0142ki testu do naszego laboratorium. Test ICP-OES dostarcza dok\u0142adnych wynik\u00f3w analizy 39 parametr\u00f3w. W naszym laboratorium badamy: Li, Si, I, Ba, Mo, Ni, Mn, Be, Cr, Co, Fe, V, Zn, Hg, Se, Cd, Sn, Sb, As, Al, Pb, Ti, Cu, La, Sc, W, Na, Ca, Mg, K, Br, B, Sr, S, P, PO4 + zasolenie, KH i NO3!<\/span><\/p>\n<p><span style=\"color: #000000;\"><strong>Czym jest ICP-OES?\u00a0<\/strong>ICP-OES (ang. Inductively Coupled Plasma Optical Emission Spectrometry) to technika wykorzystywana do analizy sk\u0142adu wielu r\u00f3\u017cnego typu pr\u00f3bek ciek\u0142ych, np: wody pitnej, \u015bciek\u00f3w, solanek czy wody morskiej. Posiadany przez nas spektrometr ICP-OES to najwy\u017cszej rozdzielczo\u015bci spektometr na rynku o wzbudzeniu plazmowym z unikalnym, opatentowanym systemem optycznym w wykonaniu z plazm\u0105 poziom\u0105 i pionow\u0105.Zakres d\u0142ugo\u015bci fal 130-770 nm. Analiza i przetworzenie ca\u0142ego widma spektralnego w 2 sekundy. Dzi\u0119ki szybkiemu uk\u0142adowi odczytu mo\u017cliwa analiza pierwiastk\u00f3w z cz\u0119stotliwo\u015bci\u0105 pr\u00f3bkowania do 10Hz.<\/span><\/p>\n<p><span style=\"color: #000000;\"><strong>Dlaczego Aquaforest Lab?\u00a0<\/strong>Posiadamy nie jeden, ale dwa wysoko zaawansowane spektrometry, co oznacza, \u017ce \u200b\u200bmo\u017cemy wykonywa\u0107 testy wody jeszcze szybciej i dostarcza\u0107 wyniki niemal natychmiast po otrzymaniu pr\u00f3bki.<\/span><\/p>\n<h2><span style=\"color: #000000;\">Spos\u00f3b u\u017cycia:<\/span><\/h2>\n<\/div>\n<div class=\"tab-content\">\n<div id=\"fusion-tab-1\" class=\"tab-pane fade fusion-clearfix active in\">\n<ol>\n<li><span style=\"color: #000000;\">Przed pobraniem pr\u00f3bki nale\u017cy dwukrotnie przep\u0142uka\u0107 fiolk\u0119 testow\u0105 wod\u0105 przeznaczon\u0105 do analizy. Nape\u0142nij fiolk\u0119 wod\u0105 i upewnij si\u0119, \u017ce jest szczelnie zamkni\u0119ta.<\/span><\/li>\n<li><span style=\"color: #000000;\">Zarejestruj si\u0119 i zaloguj na stronie www.aquaforestlab.com. U\u017cyj kodu fiolki, aby zarejestrowa\u0107 pr\u00f3bk\u0119.<\/span><\/li>\n<li><span style=\"color: #000000;\">Wype\u0142nij dane nadawcy na za\u0142\u0105czonej kopercie i wy\u015blij pr\u00f3bk\u0119 do naszego laboratorium w celu analizy.<\/span><\/li>\n<li><span style=\"color: #000000;\">Powiadomimy Ci\u0119 e-mailem, gdy tylko wyniki b\u0119d\u0105 dost\u0119pne. Zaloguj si\u0119 na stronie www.aquaforestlab.com, aby otrzymywa\u0107 raporty.<\/span><\/li>\n<\/ol>\n<\/div>\n<\/div>\n","protected":false},"excerpt":{"rendered":"<p>Precyzyjny test wody morskiej do dok\u0142adnej analizy parametr\u00f3w.<br \/>\nZawiera 1 fiolk\u0119 testow\u0105 i kod testowy.<\/p>\n","protected":false},"featured_media":20126,"template":"","meta":{"_acf_changed":false,"content-type":""},"product_brand":[],"product_cat":[1141],"product_tag":[969,1015,1421],"class_list":{"0":"post-11962","1":"product","2":"type-product","3":"status-publish","4":"has-post-thumbnail","6":"product_cat-testy-icp","7":"product_tag-aquaforest-lab-pl","8":"product_tag-icp-tests-pl","9":"product_tag-simple-pl","11":"first","12":"instock","13":"taxable","14":"shipping-taxable","15":"purchasable","16":"product-type-simple"},"acf":[],"yoast_head":"<!-- This site is optimized with the Yoast SEO plugin v27.1.1 - https:\/\/yoast.com\/product\/yoast-seo-wordpress\/ -->\n<title>ICP Test 1 - Aquaforest<\/title>\n<meta name=\"description\" content=\"ICP Test 1: Testy ICP-OES zosta\u0142y stworzone do precyzyjnej analizy parametr\u00f3w wody morskiej i wody RO. Zestaw zawiera 1 fiolk\u0119 testow\u0105, unikalny kod i kopert\u0119 do wys\u0142ania testu do naszego laboratorium.\" \/>\n<meta name=\"robots\" content=\"index, follow, max-snippet:-1, max-image-preview:large, max-video-preview:-1\" \/>\n<link rel=\"canonical\" href=\"https:\/\/aquaforest.eu\/pl\/produkty\/lab\/testy-icp\/icp-test-1\/\" \/>\n<meta property=\"og:locale\" content=\"pl_PL\" \/>\n<meta property=\"og:type\" content=\"article\" \/>\n<meta property=\"og:title\" content=\"ICP Test 1 - Aquaforest\" \/>\n<meta property=\"og:description\" content=\"ICP Test 1: Testy ICP-OES zosta\u0142y stworzone do precyzyjnej analizy parametr\u00f3w wody morskiej i wody RO. Zestaw zawiera 1 fiolk\u0119 testow\u0105, unikalny kod i kopert\u0119 do wys\u0142ania testu do naszego laboratorium.\" \/>\n<meta property=\"og:url\" content=\"https:\/\/aquaforest.eu\/pl\/produkty\/lab\/testy-icp\/icp-test-1\/\" \/>\n<meta property=\"og:site_name\" content=\"Aquaforest\" \/>\n<meta property=\"article:publisher\" content=\"https:\/\/www.facebook.com\/Aquaforest\/\" \/>\n<meta property=\"article:modified_time\" content=\"2025-01-17T08:58:55+00:00\" \/>\n<meta property=\"og:image\" content=\"https:\/\/aquaforest.eu\/wp-content\/uploads\/2024\/06\/ICP-test1-no3-e1737376147233.png\" \/>\n\t<meta property=\"og:image:width\" content=\"1800\" \/>\n\t<meta property=\"og:image:height\" content=\"1800\" \/>\n\t<meta property=\"og:image:type\" content=\"image\/png\" \/>\n<meta name=\"twitter:card\" content=\"summary_large_image\" \/>\n<meta name=\"twitter:label1\" content=\"Szacowany czas czytania\" \/>\n\t<meta name=\"twitter:data1\" content=\"2 minuty\" \/>\n<script type=\"application\/ld+json\" class=\"yoast-schema-graph\">{\"@context\":\"https:\/\/schema.org\",\"@graph\":[{\"@type\":\"WebPage\",\"@id\":\"https:\/\/aquaforest.eu\/pl\/produkty\/lab\/testy-icp\/icp-test-1\/\",\"url\":\"https:\/\/aquaforest.eu\/pl\/produkty\/lab\/testy-icp\/icp-test-1\/\",\"name\":\"ICP Test 1 - Aquaforest\",\"isPartOf\":{\"@id\":\"https:\/\/aquaforest.eu\/pl\/#website\"},\"primaryImageOfPage\":{\"@id\":\"https:\/\/aquaforest.eu\/pl\/produkty\/lab\/testy-icp\/icp-test-1\/#primaryimage\"},\"image\":{\"@id\":\"https:\/\/aquaforest.eu\/pl\/produkty\/lab\/testy-icp\/icp-test-1\/#primaryimage\"},\"thumbnailUrl\":\"https:\/\/aquaforest.eu\/wp-content\/uploads\/2024\/06\/ICP-test1-no3-e1737376147233.png\",\"datePublished\":\"2024-06-24T15:43:20+00:00\",\"dateModified\":\"2025-01-17T08:58:55+00:00\",\"description\":\"ICP Test 1: Testy ICP-OES zosta\u0142y stworzone do precyzyjnej analizy parametr\u00f3w wody morskiej i wody RO. Zestaw zawiera 1 fiolk\u0119 testow\u0105, unikalny kod i kopert\u0119 do wys\u0142ania testu do naszego laboratorium.\",\"breadcrumb\":{\"@id\":\"https:\/\/aquaforest.eu\/pl\/produkty\/lab\/testy-icp\/icp-test-1\/#breadcrumb\"},\"inLanguage\":\"pl-PL\",\"potentialAction\":[{\"@type\":\"ReadAction\",\"target\":[\"https:\/\/aquaforest.eu\/pl\/produkty\/lab\/testy-icp\/icp-test-1\/\"]}]},{\"@type\":\"ImageObject\",\"inLanguage\":\"pl-PL\",\"@id\":\"https:\/\/aquaforest.eu\/pl\/produkty\/lab\/testy-icp\/icp-test-1\/#primaryimage\",\"url\":\"https:\/\/aquaforest.eu\/wp-content\/uploads\/2024\/06\/ICP-test1-no3-e1737376147233.png\",\"contentUrl\":\"https:\/\/aquaforest.eu\/wp-content\/uploads\/2024\/06\/ICP-test1-no3-e1737376147233.png\",\"width\":1800,\"height\":1800},{\"@type\":\"BreadcrumbList\",\"@id\":\"https:\/\/aquaforest.eu\/pl\/produkty\/lab\/testy-icp\/icp-test-1\/#breadcrumb\",\"itemListElement\":[{\"@type\":\"ListItem\",\"position\":1,\"name\":\"Home\",\"item\":\"https:\/\/aquaforest.eu\/pl\/\"},{\"@type\":\"ListItem\",\"position\":2,\"name\":\"Produkty\",\"item\":\"https:\/\/aquaforest.eu\/pl\/produkty\/\"},{\"@type\":\"ListItem\",\"position\":3,\"name\":\"ICP Test 1\"}]},{\"@type\":\"WebSite\",\"@id\":\"https:\/\/aquaforest.eu\/pl\/#website\",\"url\":\"https:\/\/aquaforest.eu\/pl\/\",\"name\":\"Aquaforest\",\"description\":\"\",\"publisher\":{\"@id\":\"https:\/\/aquaforest.eu\/pl\/#organization\"},\"potentialAction\":[{\"@type\":\"SearchAction\",\"target\":{\"@type\":\"EntryPoint\",\"urlTemplate\":\"https:\/\/aquaforest.eu\/pl\/?s={search_term_string}\"},\"query-input\":{\"@type\":\"PropertyValueSpecification\",\"valueRequired\":true,\"valueName\":\"search_term_string\"}}],\"inLanguage\":\"pl-PL\"},{\"@type\":\"Organization\",\"@id\":\"https:\/\/aquaforest.eu\/pl\/#organization\",\"name\":\"Aquaforest\",\"url\":\"https:\/\/aquaforest.eu\/pl\/\",\"logo\":{\"@type\":\"ImageObject\",\"inLanguage\":\"pl-PL\",\"@id\":\"https:\/\/aquaforest.eu\/pl\/#\/schema\/logo\/image\/\",\"url\":\"https:\/\/aquaforest.eu\/wp-content\/uploads\/2024\/05\/logotyp-aquaforest.svg\",\"contentUrl\":\"https:\/\/aquaforest.eu\/wp-content\/uploads\/2024\/05\/logotyp-aquaforest.svg\",\"width\":170,\"height\":22,\"caption\":\"Aquaforest\"},\"image\":{\"@id\":\"https:\/\/aquaforest.eu\/pl\/#\/schema\/logo\/image\/\"},\"sameAs\":[\"https:\/\/www.facebook.com\/Aquaforest\/\",\"https:\/\/www.instagram.com\/aquaforest.eu\/\"]}]}<\/script>\n<!-- \/ Yoast SEO plugin. -->","yoast_head_json":{"title":"ICP Test 1 - Aquaforest","description":"ICP Test 1: Testy ICP-OES zosta\u0142y stworzone do precyzyjnej analizy parametr\u00f3w wody morskiej i wody RO. Zestaw zawiera 1 fiolk\u0119 testow\u0105, unikalny kod i kopert\u0119 do wys\u0142ania testu do naszego laboratorium.","robots":{"index":"index","follow":"follow","max-snippet":"max-snippet:-1","max-image-preview":"max-image-preview:large","max-video-preview":"max-video-preview:-1"},"canonical":"https:\/\/aquaforest.eu\/pl\/produkty\/lab\/testy-icp\/icp-test-1\/","og_locale":"pl_PL","og_type":"article","og_title":"ICP Test 1 - Aquaforest","og_description":"ICP Test 1: Testy ICP-OES zosta\u0142y stworzone do precyzyjnej analizy parametr\u00f3w wody morskiej i wody RO. Zestaw zawiera 1 fiolk\u0119 testow\u0105, unikalny kod i kopert\u0119 do wys\u0142ania testu do naszego laboratorium.","og_url":"https:\/\/aquaforest.eu\/pl\/produkty\/lab\/testy-icp\/icp-test-1\/","og_site_name":"Aquaforest","article_publisher":"https:\/\/www.facebook.com\/Aquaforest\/","article_modified_time":"2025-01-17T08:58:55+00:00","og_image":[{"width":1800,"height":1800,"url":"https:\/\/aquaforest.eu\/wp-content\/uploads\/2024\/06\/ICP-test1-no3-e1737376147233.png","type":"image\/png"}],"twitter_card":"summary_large_image","twitter_misc":{"Szacowany czas czytania":"2 minuty"},"schema":{"@context":"https:\/\/schema.org","@graph":[{"@type":"WebPage","@id":"https:\/\/aquaforest.eu\/pl\/produkty\/lab\/testy-icp\/icp-test-1\/","url":"https:\/\/aquaforest.eu\/pl\/produkty\/lab\/testy-icp\/icp-test-1\/","name":"ICP Test 1 - Aquaforest","isPartOf":{"@id":"https:\/\/aquaforest.eu\/pl\/#website"},"primaryImageOfPage":{"@id":"https:\/\/aquaforest.eu\/pl\/produkty\/lab\/testy-icp\/icp-test-1\/#primaryimage"},"image":{"@id":"https:\/\/aquaforest.eu\/pl\/produkty\/lab\/testy-icp\/icp-test-1\/#primaryimage"},"thumbnailUrl":"https:\/\/aquaforest.eu\/wp-content\/uploads\/2024\/06\/ICP-test1-no3-e1737376147233.png","datePublished":"2024-06-24T15:43:20+00:00","dateModified":"2025-01-17T08:58:55+00:00","description":"ICP Test 1: Testy ICP-OES zosta\u0142y stworzone do precyzyjnej analizy parametr\u00f3w wody morskiej i wody RO. Zestaw zawiera 1 fiolk\u0119 testow\u0105, unikalny kod i kopert\u0119 do wys\u0142ania testu do naszego laboratorium.","breadcrumb":{"@id":"https:\/\/aquaforest.eu\/pl\/produkty\/lab\/testy-icp\/icp-test-1\/#breadcrumb"},"inLanguage":"pl-PL","potentialAction":[{"@type":"ReadAction","target":["https:\/\/aquaforest.eu\/pl\/produkty\/lab\/testy-icp\/icp-test-1\/"]}]},{"@type":"ImageObject","inLanguage":"pl-PL","@id":"https:\/\/aquaforest.eu\/pl\/produkty\/lab\/testy-icp\/icp-test-1\/#primaryimage","url":"https:\/\/aquaforest.eu\/wp-content\/uploads\/2024\/06\/ICP-test1-no3-e1737376147233.png","contentUrl":"https:\/\/aquaforest.eu\/wp-content\/uploads\/2024\/06\/ICP-test1-no3-e1737376147233.png","width":1800,"height":1800},{"@type":"BreadcrumbList","@id":"https:\/\/aquaforest.eu\/pl\/produkty\/lab\/testy-icp\/icp-test-1\/#breadcrumb","itemListElement":[{"@type":"ListItem","position":1,"name":"Home","item":"https:\/\/aquaforest.eu\/pl\/"},{"@type":"ListItem","position":2,"name":"Produkty","item":"https:\/\/aquaforest.eu\/pl\/produkty\/"},{"@type":"ListItem","position":3,"name":"ICP Test 1"}]},{"@type":"WebSite","@id":"https:\/\/aquaforest.eu\/pl\/#website","url":"https:\/\/aquaforest.eu\/pl\/","name":"Aquaforest","description":"","publisher":{"@id":"https:\/\/aquaforest.eu\/pl\/#organization"},"potentialAction":[{"@type":"SearchAction","target":{"@type":"EntryPoint","urlTemplate":"https:\/\/aquaforest.eu\/pl\/?s={search_term_string}"},"query-input":{"@type":"PropertyValueSpecification","valueRequired":true,"valueName":"search_term_string"}}],"inLanguage":"pl-PL"},{"@type":"Organization","@id":"https:\/\/aquaforest.eu\/pl\/#organization","name":"Aquaforest","url":"https:\/\/aquaforest.eu\/pl\/","logo":{"@type":"ImageObject","inLanguage":"pl-PL","@id":"https:\/\/aquaforest.eu\/pl\/#\/schema\/logo\/image\/","url":"https:\/\/aquaforest.eu\/wp-content\/uploads\/2024\/05\/logotyp-aquaforest.svg","contentUrl":"https:\/\/aquaforest.eu\/wp-content\/uploads\/2024\/05\/logotyp-aquaforest.svg","width":170,"height":22,"caption":"Aquaforest"},"image":{"@id":"https:\/\/aquaforest.eu\/pl\/#\/schema\/logo\/image\/"},"sameAs":["https:\/\/www.facebook.com\/Aquaforest\/","https:\/\/www.instagram.com\/aquaforest.eu\/"]}]}},"_links":{"self":[{"href":"https:\/\/aquaforest.eu\/pl\/wp-json\/wp\/v2\/product\/11962","targetHints":{"allow":["GET"]}}],"collection":[{"href":"https:\/\/aquaforest.eu\/pl\/wp-json\/wp\/v2\/product"}],"about":[{"href":"https:\/\/aquaforest.eu\/pl\/wp-json\/wp\/v2\/types\/product"}],"version-history":[{"count":3,"href":"https:\/\/aquaforest.eu\/pl\/wp-json\/wp\/v2\/product\/11962\/revisions"}],"predecessor-version":[{"id":20130,"href":"https:\/\/aquaforest.eu\/pl\/wp-json\/wp\/v2\/product\/11962\/revisions\/20130"}],"wp:featuredmedia":[{"embeddable":true,"href":"https:\/\/aquaforest.eu\/pl\/wp-json\/wp\/v2\/media\/20126"}],"wp:attachment":[{"href":"https:\/\/aquaforest.eu\/pl\/wp-json\/wp\/v2\/media?parent=11962"}],"wp:term":[{"taxonomy":"product_brand","embeddable":true,"href":"https:\/\/aquaforest.eu\/pl\/wp-json\/wp\/v2\/product_brand?post=11962"},{"taxonomy":"product_cat","embeddable":true,"href":"https:\/\/aquaforest.eu\/pl\/wp-json\/wp\/v2\/product_cat?post=11962"},{"taxonomy":"product_tag","embeddable":true,"href":"https:\/\/aquaforest.eu\/pl\/wp-json\/wp\/v2\/product_tag?post=11962"}],"curies":[{"name":"wp","href":"https:\/\/api.w.org\/{rel}","templated":true}]}}