{"id":11987,"date":"2024-06-24T16:43:12","date_gmt":"2024-06-24T14:43:12","guid":{"rendered":"https:\/\/aquaforest.eu\/products\/bez-kategorii\/po4\/"},"modified":"2024-11-25T08:33:27","modified_gmt":"2024-11-25T07:33:27","slug":"po4","status":"publish","type":"product","link":"https:\/\/aquaforest.eu\/pl\/produkty\/lab\/mikroelementy\/po4\/","title":{"rendered":"Po4"},"content":{"rendered":"<p>Zastosowanie silnych medi\u00f3w filtracyjnych, \u015brodk\u00f3w obni\u017caj\u0105cych nutrienty i odpieniaczy mo\u017ce powodowa\u0107 nag\u0142e obni\u017cenie poziomu fosforan\u00f3w w akwarium. Zerowy poziom PO4 w akwarium morskim znacznie utrudnia obni\u017cenie NO3, dlatego konieczne jest precyzyjna korekta poziomu warto\u015bci fosforan\u00f3w. AF PO4+ to produkt przeznaczony przede wszystkim dla w\u0142a\u015bcicieli akwari\u00f3w z niewielk\u0105 liczb\u0105 ryb lub bardzo intensywn\u0105 filtracj\u0105. Mocno wyja\u0142owiona, pozbawiona nutrient\u00f3w woda powoduje problemy z wybarwieniem koralowc\u00f3w, ich bielenie oraz znacznie zahamowany wzrost. Szczeg\u00f3lnie wra\u017cliwe na niskie poziomy nutrient\u00f3w s\u0105 koralowce LPS. AF PO4+ umo\u017cliwia dok\u0142adne korygowanie poziomu fosforan\u00f3w i szybkie przywr\u00f3cenie po\u017c\u0105danych warto\u015bci. W akwarium morskim stosunek azotu do fosforu powinien wynosi\u0107 16:1.<br \/>\nAF PO4+ to produkt linii Aquaforest Lab stworzonej dla akwaryst\u00f3w, kt\u00f3rzy chc\u0105 mie\u0107 pe\u0142n\u0105 kontrol\u0119 nad parametrami panuj\u0105cymi w ich zbiorniku. Przed zastosowaniem zalecamy zbadanie zar\u00f3wno poziomu NO3, jak i PO4 oraz stopniowe dozowanie a\u017c do uzyskania po\u017c\u0105danego poziomu fosforan\u00f3w.<br \/>\nProdukt w wygodnym i bezpiecznym opakowaniu, do zastosowania w akwarium morskim.<\/p>\n<p>&nbsp;<\/p>\n<hr \/>\n<p>&nbsp;<\/p>\n<p><strong>Dozowanie<\/strong><\/p>\n<ul>\n<li>1 ml AF PO4+ dodany do 100 l wody w akwarium podnosi poziom fosforan\u00f3w o 0,01 mg\/l (ppm)<\/li>\n<li>Maksymalna zalecana dawka dzienna wynosi: 1 ml\/100 l wody<\/li>\n<li>Optymalna warto\u015b\u0107 PO4 w akwarium morskim wynosi 0.03-0.05 mg\/l (ppm)<\/li>\n<li>U\u017cywaj tylko, gdy poziom PO4 jest zbyt niski<\/li>\n<\/ul>\n<p>Trzyma\u0107 z dala od dzieci. Produkt wy\u0142\u0105cznie do u\u017cytku w akwariach. Nie nadaje si\u0119 do spo\u017cycia przez ludzi. Przechowywa\u0107 w ch\u0142odnym, suchym miejscu z dala od bezpo\u015bredniego \u015bwiat\u0142a.<\/p>\n","protected":false},"excerpt":{"rendered":"<p>\u015arodek podnosz\u0105cy poziom fosforan\u00f3w. Produkt przeznaczony przede wszystkim dla w\u0142a\u015bcicieli akwari\u00f3w z niewielk\u0105 liczb\u0105 ryb lub bardzo intensywn\u0105 filtracj\u0105.<\/p>\n","protected":false},"featured_media":29788,"template":"","meta":{"_acf_changed":false,"content-type":""},"product_brand":[],"product_cat":[1143],"product_tag":[969,1125,1421],"class_list":{"0":"post-11987","1":"product","2":"type-product","3":"status-publish","4":"has-post-thumbnail","6":"product_cat-mikroelementy","7":"product_tag-aquaforest-lab-pl","8":"product_tag-pierwiastki-sladowe","9":"product_tag-simple-pl","11":"first","12":"instock","13":"taxable","14":"shipping-taxable","15":"purchasable","16":"product-type-simple"},"acf":[],"yoast_head":"<!-- This site is optimized with the Yoast SEO plugin v27.1.1 - https:\/\/yoast.com\/product\/yoast-seo-wordpress\/ -->\n<title>Po4 - Aquaforest<\/title>\n<meta name=\"description\" content=\"PO4: Skuteczny preparat podnosz\u0105cy poziom fosforan\u00f3w w wodzie morskiej.\" \/>\n<meta name=\"robots\" content=\"index, follow, max-snippet:-1, max-image-preview:large, max-video-preview:-1\" \/>\n<link rel=\"canonical\" href=\"https:\/\/aquaforest.eu\/pl\/produkty\/lab\/mikroelementy\/po4\/\" \/>\n<meta property=\"og:locale\" content=\"pl_PL\" \/>\n<meta property=\"og:type\" content=\"article\" \/>\n<meta property=\"og:title\" content=\"Po4 - Aquaforest\" \/>\n<meta property=\"og:description\" content=\"PO4: Skuteczny preparat podnosz\u0105cy poziom fosforan\u00f3w w wodzie morskiej.\" \/>\n<meta property=\"og:url\" content=\"https:\/\/aquaforest.eu\/pl\/produkty\/lab\/mikroelementy\/po4\/\" \/>\n<meta property=\"og:site_name\" content=\"Aquaforest\" \/>\n<meta property=\"article:publisher\" content=\"https:\/\/www.facebook.com\/Aquaforest\/\" \/>\n<meta property=\"article:modified_time\" content=\"2024-11-25T07:33:27+00:00\" \/>\n<meta property=\"og:image\" content=\"https:\/\/aquaforest.eu\/wp-content\/uploads\/2024\/06\/AF_Lab_Phosphate-200-ml.png\" \/>\n\t<meta property=\"og:image:width\" content=\"269\" \/>\n\t<meta property=\"og:image:height\" content=\"600\" \/>\n\t<meta property=\"og:image:type\" content=\"image\/png\" \/>\n<meta name=\"twitter:card\" content=\"summary_large_image\" \/>\n<meta name=\"twitter:label1\" content=\"Szacowany czas czytania\" \/>\n\t<meta name=\"twitter:data1\" content=\"2 minuty\" \/>\n<script type=\"application\/ld+json\" class=\"yoast-schema-graph\">{\"@context\":\"https:\/\/schema.org\",\"@graph\":[{\"@type\":\"WebPage\",\"@id\":\"https:\/\/aquaforest.eu\/pl\/produkty\/lab\/mikroelementy\/po4\/\",\"url\":\"https:\/\/aquaforest.eu\/pl\/produkty\/lab\/mikroelementy\/po4\/\",\"name\":\"Po4 - Aquaforest\",\"isPartOf\":{\"@id\":\"https:\/\/aquaforest.eu\/pl\/#website\"},\"primaryImageOfPage\":{\"@id\":\"https:\/\/aquaforest.eu\/pl\/produkty\/lab\/mikroelementy\/po4\/#primaryimage\"},\"image\":{\"@id\":\"https:\/\/aquaforest.eu\/pl\/produkty\/lab\/mikroelementy\/po4\/#primaryimage\"},\"thumbnailUrl\":\"https:\/\/aquaforest.eu\/wp-content\/uploads\/2024\/06\/phosphate-200.png\",\"datePublished\":\"2024-06-24T14:43:12+00:00\",\"dateModified\":\"2024-11-25T07:33:27+00:00\",\"description\":\"PO4: Skuteczny preparat podnosz\u0105cy poziom fosforan\u00f3w w wodzie morskiej.\",\"breadcrumb\":{\"@id\":\"https:\/\/aquaforest.eu\/pl\/produkty\/lab\/mikroelementy\/po4\/#breadcrumb\"},\"inLanguage\":\"pl-PL\",\"potentialAction\":[{\"@type\":\"ReadAction\",\"target\":[\"https:\/\/aquaforest.eu\/pl\/produkty\/lab\/mikroelementy\/po4\/\"]}]},{\"@type\":\"ImageObject\",\"inLanguage\":\"pl-PL\",\"@id\":\"https:\/\/aquaforest.eu\/pl\/produkty\/lab\/mikroelementy\/po4\/#primaryimage\",\"url\":\"https:\/\/aquaforest.eu\/wp-content\/uploads\/2024\/06\/phosphate-200.png\",\"contentUrl\":\"https:\/\/aquaforest.eu\/wp-content\/uploads\/2024\/06\/phosphate-200.png\",\"width\":269,\"height\":600},{\"@type\":\"BreadcrumbList\",\"@id\":\"https:\/\/aquaforest.eu\/pl\/produkty\/lab\/mikroelementy\/po4\/#breadcrumb\",\"itemListElement\":[{\"@type\":\"ListItem\",\"position\":1,\"name\":\"Home\",\"item\":\"https:\/\/aquaforest.eu\/pl\/\"},{\"@type\":\"ListItem\",\"position\":2,\"name\":\"Produkty\",\"item\":\"https:\/\/aquaforest.eu\/pl\/produkty\/\"},{\"@type\":\"ListItem\",\"position\":3,\"name\":\"Po4\"}]},{\"@type\":\"WebSite\",\"@id\":\"https:\/\/aquaforest.eu\/pl\/#website\",\"url\":\"https:\/\/aquaforest.eu\/pl\/\",\"name\":\"Aquaforest\",\"description\":\"\",\"publisher\":{\"@id\":\"https:\/\/aquaforest.eu\/pl\/#organization\"},\"potentialAction\":[{\"@type\":\"SearchAction\",\"target\":{\"@type\":\"EntryPoint\",\"urlTemplate\":\"https:\/\/aquaforest.eu\/pl\/?s={search_term_string}\"},\"query-input\":{\"@type\":\"PropertyValueSpecification\",\"valueRequired\":true,\"valueName\":\"search_term_string\"}}],\"inLanguage\":\"pl-PL\"},{\"@type\":\"Organization\",\"@id\":\"https:\/\/aquaforest.eu\/pl\/#organization\",\"name\":\"Aquaforest\",\"url\":\"https:\/\/aquaforest.eu\/pl\/\",\"logo\":{\"@type\":\"ImageObject\",\"inLanguage\":\"pl-PL\",\"@id\":\"https:\/\/aquaforest.eu\/pl\/#\/schema\/logo\/image\/\",\"url\":\"https:\/\/aquaforest.eu\/wp-content\/uploads\/2024\/05\/logotyp-aquaforest.svg\",\"contentUrl\":\"https:\/\/aquaforest.eu\/wp-content\/uploads\/2024\/05\/logotyp-aquaforest.svg\",\"width\":170,\"height\":22,\"caption\":\"Aquaforest\"},\"image\":{\"@id\":\"https:\/\/aquaforest.eu\/pl\/#\/schema\/logo\/image\/\"},\"sameAs\":[\"https:\/\/www.facebook.com\/Aquaforest\/\",\"https:\/\/www.instagram.com\/aquaforest.eu\/\"]}]}<\/script>\n<!-- \/ Yoast SEO plugin. -->","yoast_head_json":{"title":"Po4 - Aquaforest","description":"PO4: Skuteczny preparat podnosz\u0105cy poziom fosforan\u00f3w w wodzie morskiej.","robots":{"index":"index","follow":"follow","max-snippet":"max-snippet:-1","max-image-preview":"max-image-preview:large","max-video-preview":"max-video-preview:-1"},"canonical":"https:\/\/aquaforest.eu\/pl\/produkty\/lab\/mikroelementy\/po4\/","og_locale":"pl_PL","og_type":"article","og_title":"Po4 - Aquaforest","og_description":"PO4: Skuteczny preparat podnosz\u0105cy poziom fosforan\u00f3w w wodzie morskiej.","og_url":"https:\/\/aquaforest.eu\/pl\/produkty\/lab\/mikroelementy\/po4\/","og_site_name":"Aquaforest","article_publisher":"https:\/\/www.facebook.com\/Aquaforest\/","article_modified_time":"2024-11-25T07:33:27+00:00","og_image":[{"width":269,"height":600,"url":"https:\/\/aquaforest.eu\/wp-content\/uploads\/2024\/06\/AF_Lab_Phosphate-200-ml.png","type":"image\/png"}],"twitter_card":"summary_large_image","twitter_misc":{"Szacowany czas czytania":"2 minuty"},"schema":{"@context":"https:\/\/schema.org","@graph":[{"@type":"WebPage","@id":"https:\/\/aquaforest.eu\/pl\/produkty\/lab\/mikroelementy\/po4\/","url":"https:\/\/aquaforest.eu\/pl\/produkty\/lab\/mikroelementy\/po4\/","name":"Po4 - Aquaforest","isPartOf":{"@id":"https:\/\/aquaforest.eu\/pl\/#website"},"primaryImageOfPage":{"@id":"https:\/\/aquaforest.eu\/pl\/produkty\/lab\/mikroelementy\/po4\/#primaryimage"},"image":{"@id":"https:\/\/aquaforest.eu\/pl\/produkty\/lab\/mikroelementy\/po4\/#primaryimage"},"thumbnailUrl":"https:\/\/aquaforest.eu\/wp-content\/uploads\/2024\/06\/phosphate-200.png","datePublished":"2024-06-24T14:43:12+00:00","dateModified":"2024-11-25T07:33:27+00:00","description":"PO4: Skuteczny preparat podnosz\u0105cy poziom fosforan\u00f3w w wodzie morskiej.","breadcrumb":{"@id":"https:\/\/aquaforest.eu\/pl\/produkty\/lab\/mikroelementy\/po4\/#breadcrumb"},"inLanguage":"pl-PL","potentialAction":[{"@type":"ReadAction","target":["https:\/\/aquaforest.eu\/pl\/produkty\/lab\/mikroelementy\/po4\/"]}]},{"@type":"ImageObject","inLanguage":"pl-PL","@id":"https:\/\/aquaforest.eu\/pl\/produkty\/lab\/mikroelementy\/po4\/#primaryimage","url":"https:\/\/aquaforest.eu\/wp-content\/uploads\/2024\/06\/phosphate-200.png","contentUrl":"https:\/\/aquaforest.eu\/wp-content\/uploads\/2024\/06\/phosphate-200.png","width":269,"height":600},{"@type":"BreadcrumbList","@id":"https:\/\/aquaforest.eu\/pl\/produkty\/lab\/mikroelementy\/po4\/#breadcrumb","itemListElement":[{"@type":"ListItem","position":1,"name":"Home","item":"https:\/\/aquaforest.eu\/pl\/"},{"@type":"ListItem","position":2,"name":"Produkty","item":"https:\/\/aquaforest.eu\/pl\/produkty\/"},{"@type":"ListItem","position":3,"name":"Po4"}]},{"@type":"WebSite","@id":"https:\/\/aquaforest.eu\/pl\/#website","url":"https:\/\/aquaforest.eu\/pl\/","name":"Aquaforest","description":"","publisher":{"@id":"https:\/\/aquaforest.eu\/pl\/#organization"},"potentialAction":[{"@type":"SearchAction","target":{"@type":"EntryPoint","urlTemplate":"https:\/\/aquaforest.eu\/pl\/?s={search_term_string}"},"query-input":{"@type":"PropertyValueSpecification","valueRequired":true,"valueName":"search_term_string"}}],"inLanguage":"pl-PL"},{"@type":"Organization","@id":"https:\/\/aquaforest.eu\/pl\/#organization","name":"Aquaforest","url":"https:\/\/aquaforest.eu\/pl\/","logo":{"@type":"ImageObject","inLanguage":"pl-PL","@id":"https:\/\/aquaforest.eu\/pl\/#\/schema\/logo\/image\/","url":"https:\/\/aquaforest.eu\/wp-content\/uploads\/2024\/05\/logotyp-aquaforest.svg","contentUrl":"https:\/\/aquaforest.eu\/wp-content\/uploads\/2024\/05\/logotyp-aquaforest.svg","width":170,"height":22,"caption":"Aquaforest"},"image":{"@id":"https:\/\/aquaforest.eu\/pl\/#\/schema\/logo\/image\/"},"sameAs":["https:\/\/www.facebook.com\/Aquaforest\/","https:\/\/www.instagram.com\/aquaforest.eu\/"]}]}},"_links":{"self":[{"href":"https:\/\/aquaforest.eu\/pl\/wp-json\/wp\/v2\/product\/11987","targetHints":{"allow":["GET"]}}],"collection":[{"href":"https:\/\/aquaforest.eu\/pl\/wp-json\/wp\/v2\/product"}],"about":[{"href":"https:\/\/aquaforest.eu\/pl\/wp-json\/wp\/v2\/types\/product"}],"version-history":[{"count":0,"href":"https:\/\/aquaforest.eu\/pl\/wp-json\/wp\/v2\/product\/11987\/revisions"}],"wp:featuredmedia":[{"embeddable":true,"href":"https:\/\/aquaforest.eu\/pl\/wp-json\/wp\/v2\/media\/29788"}],"wp:attachment":[{"href":"https:\/\/aquaforest.eu\/pl\/wp-json\/wp\/v2\/media?parent=11987"}],"wp:term":[{"taxonomy":"product_brand","embeddable":true,"href":"https:\/\/aquaforest.eu\/pl\/wp-json\/wp\/v2\/product_brand?post=11987"},{"taxonomy":"product_cat","embeddable":true,"href":"https:\/\/aquaforest.eu\/pl\/wp-json\/wp\/v2\/product_cat?post=11987"},{"taxonomy":"product_tag","embeddable":true,"href":"https:\/\/aquaforest.eu\/pl\/wp-json\/wp\/v2\/product_tag?post=11987"}],"curies":[{"name":"wp","href":"https:\/\/api.w.org\/{rel}","templated":true}]}}