{"id":11990,"date":"2024-06-24T16:43:12","date_gmt":"2024-06-24T14:43:12","guid":{"rendered":"https:\/\/aquaforest.eu\/products\/bez-kategorii\/niccolum\/"},"modified":"2024-11-21T15:21:22","modified_gmt":"2024-11-21T14:21:22","slug":"niccolum","status":"publish","type":"product","link":"https:\/\/aquaforest.eu\/pl\/produkty\/lab\/mikroelementy\/niccolum\/","title":{"rendered":"Niccolum"},"content":{"rendered":"<p>Suplement zawiera skoncentrowany nikiel. Nikiel jest potrzebny do \u017cycia wi\u0119kszo\u015bci mikroorganizm\u00f3w, a jego niedob\u00f3r skutkuje os\u0142abionym metabolizmem azotu i \u017celaza.<\/p>\n<p>&nbsp;<\/p>\n<hr \/>\n<p>&nbsp;<\/p>\n<p><strong>Dozowanie:<\/strong><\/p>\n<p>1 ml produktu podnosi poziom niklu o 0.001 mg\/l (ppm) w 100 litrach wody. Zalecany poziom niklu w wodzie akwariowej to 0.001 \u2013 0.01 mg\/l (ppm). Pami\u0119taj, \u017ce maksymalna bezpieczna dawka dzienna wynosi 2 ml na 100 litr\u00f3w wody. Je\u017celi wymagana jest wi\u0119ksza dawka, rozbij j\u0105 na kilka dni. Dawkowanie powinno by\u0107 ustalone na podstawie konsumpcji mikroelement\u00f3w w akwarium. Nale\u017cy pami\u0119ta\u0107, \u017ce ka\u017cde akwarium jest inne, a dawkowanie jest zale\u017cne od obsady koralowc\u00f3w i indywidualnego zapotrzebowania. Zar\u00f3wno niedob\u00f3r, jak i nadmiar mikroelement\u00f3w wp\u0142ywa niekorzystnie na kondycj\u0119 mieszka\u0144c\u00f3w akwarium, dlatego dozowanie preparatu nale\u017cy dobra\u0107 i modyfikowa\u0107 na podstawie regularnych test\u00f3w wody Aquaforest Lab.<\/p>\n","protected":false},"excerpt":{"rendered":"<p>Suplement podnosz\u0105cy poziom niklu &#8211; pierwiastka niezb\u0119dnego dla wszystkich mikroorganizm\u00f3w. Wspomaga metabolizm azotu i \u017celaza.<\/p>\n","protected":false},"featured_media":13866,"template":"","meta":{"_acf_changed":false,"content-type":""},"product_brand":[],"product_cat":[1143],"product_tag":[969,1125,1421],"class_list":{"0":"post-11990","1":"product","2":"type-product","3":"status-publish","4":"has-post-thumbnail","6":"product_cat-mikroelementy","7":"product_tag-aquaforest-lab-pl","8":"product_tag-pierwiastki-sladowe","9":"product_tag-simple-pl","11":"first","12":"instock","13":"taxable","14":"shipping-taxable","15":"purchasable","16":"product-type-simple"},"acf":[],"yoast_head":"<!-- This site is optimized with the Yoast SEO plugin v27.1.1 - https:\/\/yoast.com\/product\/yoast-seo-wordpress\/ -->\n<title>Niccolum - Aquaforest<\/title>\n<meta name=\"description\" content=\"Niccolum: Suplement podnosz\u0105cy poziom niklu w wodzie morskiej.\" \/>\n<meta name=\"robots\" content=\"index, follow, max-snippet:-1, max-image-preview:large, max-video-preview:-1\" \/>\n<link rel=\"canonical\" href=\"https:\/\/aquaforest.eu\/pl\/produkty\/lab\/mikroelementy\/niccolum\/\" \/>\n<meta property=\"og:locale\" content=\"pl_PL\" \/>\n<meta property=\"og:type\" content=\"article\" \/>\n<meta property=\"og:title\" content=\"Niccolum - Aquaforest\" \/>\n<meta property=\"og:description\" content=\"Niccolum: Suplement podnosz\u0105cy poziom niklu w wodzie morskiej.\" \/>\n<meta property=\"og:url\" content=\"https:\/\/aquaforest.eu\/pl\/produkty\/lab\/mikroelementy\/niccolum\/\" \/>\n<meta property=\"og:site_name\" content=\"Aquaforest\" \/>\n<meta property=\"article:publisher\" content=\"https:\/\/www.facebook.com\/Aquaforest\/\" \/>\n<meta property=\"article:modified_time\" content=\"2024-11-21T14:21:22+00:00\" \/>\n<meta property=\"og:image\" content=\"https:\/\/aquaforest.eu\/wp-content\/uploads\/2024\/06\/AF_Lab-Niccolum-200-ml.png\" \/>\n\t<meta property=\"og:image:width\" content=\"269\" \/>\n\t<meta property=\"og:image:height\" content=\"600\" \/>\n\t<meta property=\"og:image:type\" content=\"image\/png\" \/>\n<meta name=\"twitter:card\" content=\"summary_large_image\" \/>\n<meta name=\"twitter:label1\" content=\"Szacowany czas czytania\" \/>\n\t<meta name=\"twitter:data1\" content=\"1 minuta\" \/>\n<script type=\"application\/ld+json\" class=\"yoast-schema-graph\">{\"@context\":\"https:\/\/schema.org\",\"@graph\":[{\"@type\":\"WebPage\",\"@id\":\"https:\/\/aquaforest.eu\/pl\/produkty\/lab\/mikroelementy\/niccolum\/\",\"url\":\"https:\/\/aquaforest.eu\/pl\/produkty\/lab\/mikroelementy\/niccolum\/\",\"name\":\"Niccolum - Aquaforest\",\"isPartOf\":{\"@id\":\"https:\/\/aquaforest.eu\/pl\/#website\"},\"primaryImageOfPage\":{\"@id\":\"https:\/\/aquaforest.eu\/pl\/produkty\/lab\/mikroelementy\/niccolum\/#primaryimage\"},\"image\":{\"@id\":\"https:\/\/aquaforest.eu\/pl\/produkty\/lab\/mikroelementy\/niccolum\/#primaryimage\"},\"thumbnailUrl\":\"https:\/\/aquaforest.eu\/wp-content\/uploads\/2024\/06\/AF_Lab-Niccolum-200-ml.png\",\"datePublished\":\"2024-06-24T14:43:12+00:00\",\"dateModified\":\"2024-11-21T14:21:22+00:00\",\"description\":\"Niccolum: Suplement podnosz\u0105cy poziom niklu w wodzie morskiej.\",\"breadcrumb\":{\"@id\":\"https:\/\/aquaforest.eu\/pl\/produkty\/lab\/mikroelementy\/niccolum\/#breadcrumb\"},\"inLanguage\":\"pl-PL\",\"potentialAction\":[{\"@type\":\"ReadAction\",\"target\":[\"https:\/\/aquaforest.eu\/pl\/produkty\/lab\/mikroelementy\/niccolum\/\"]}]},{\"@type\":\"ImageObject\",\"inLanguage\":\"pl-PL\",\"@id\":\"https:\/\/aquaforest.eu\/pl\/produkty\/lab\/mikroelementy\/niccolum\/#primaryimage\",\"url\":\"https:\/\/aquaforest.eu\/wp-content\/uploads\/2024\/06\/AF_Lab-Niccolum-200-ml.png\",\"contentUrl\":\"https:\/\/aquaforest.eu\/wp-content\/uploads\/2024\/06\/AF_Lab-Niccolum-200-ml.png\",\"width\":269,\"height\":600},{\"@type\":\"BreadcrumbList\",\"@id\":\"https:\/\/aquaforest.eu\/pl\/produkty\/lab\/mikroelementy\/niccolum\/#breadcrumb\",\"itemListElement\":[{\"@type\":\"ListItem\",\"position\":1,\"name\":\"Home\",\"item\":\"https:\/\/aquaforest.eu\/pl\/\"},{\"@type\":\"ListItem\",\"position\":2,\"name\":\"Produkty\",\"item\":\"https:\/\/aquaforest.eu\/pl\/produkty\/\"},{\"@type\":\"ListItem\",\"position\":3,\"name\":\"Niccolum\"}]},{\"@type\":\"WebSite\",\"@id\":\"https:\/\/aquaforest.eu\/pl\/#website\",\"url\":\"https:\/\/aquaforest.eu\/pl\/\",\"name\":\"Aquaforest\",\"description\":\"\",\"publisher\":{\"@id\":\"https:\/\/aquaforest.eu\/pl\/#organization\"},\"potentialAction\":[{\"@type\":\"SearchAction\",\"target\":{\"@type\":\"EntryPoint\",\"urlTemplate\":\"https:\/\/aquaforest.eu\/pl\/?s={search_term_string}\"},\"query-input\":{\"@type\":\"PropertyValueSpecification\",\"valueRequired\":true,\"valueName\":\"search_term_string\"}}],\"inLanguage\":\"pl-PL\"},{\"@type\":\"Organization\",\"@id\":\"https:\/\/aquaforest.eu\/pl\/#organization\",\"name\":\"Aquaforest\",\"url\":\"https:\/\/aquaforest.eu\/pl\/\",\"logo\":{\"@type\":\"ImageObject\",\"inLanguage\":\"pl-PL\",\"@id\":\"https:\/\/aquaforest.eu\/pl\/#\/schema\/logo\/image\/\",\"url\":\"https:\/\/aquaforest.eu\/wp-content\/uploads\/2024\/05\/logotyp-aquaforest.svg\",\"contentUrl\":\"https:\/\/aquaforest.eu\/wp-content\/uploads\/2024\/05\/logotyp-aquaforest.svg\",\"width\":170,\"height\":22,\"caption\":\"Aquaforest\"},\"image\":{\"@id\":\"https:\/\/aquaforest.eu\/pl\/#\/schema\/logo\/image\/\"},\"sameAs\":[\"https:\/\/www.facebook.com\/Aquaforest\/\",\"https:\/\/www.instagram.com\/aquaforest.eu\/\"]}]}<\/script>\n<!-- \/ Yoast SEO plugin. -->","yoast_head_json":{"title":"Niccolum - Aquaforest","description":"Niccolum: Suplement podnosz\u0105cy poziom niklu w wodzie morskiej.","robots":{"index":"index","follow":"follow","max-snippet":"max-snippet:-1","max-image-preview":"max-image-preview:large","max-video-preview":"max-video-preview:-1"},"canonical":"https:\/\/aquaforest.eu\/pl\/produkty\/lab\/mikroelementy\/niccolum\/","og_locale":"pl_PL","og_type":"article","og_title":"Niccolum - Aquaforest","og_description":"Niccolum: Suplement podnosz\u0105cy poziom niklu w wodzie morskiej.","og_url":"https:\/\/aquaforest.eu\/pl\/produkty\/lab\/mikroelementy\/niccolum\/","og_site_name":"Aquaforest","article_publisher":"https:\/\/www.facebook.com\/Aquaforest\/","article_modified_time":"2024-11-21T14:21:22+00:00","og_image":[{"width":269,"height":600,"url":"https:\/\/aquaforest.eu\/wp-content\/uploads\/2024\/06\/AF_Lab-Niccolum-200-ml.png","type":"image\/png"}],"twitter_card":"summary_large_image","twitter_misc":{"Szacowany czas czytania":"1 minuta"},"schema":{"@context":"https:\/\/schema.org","@graph":[{"@type":"WebPage","@id":"https:\/\/aquaforest.eu\/pl\/produkty\/lab\/mikroelementy\/niccolum\/","url":"https:\/\/aquaforest.eu\/pl\/produkty\/lab\/mikroelementy\/niccolum\/","name":"Niccolum - Aquaforest","isPartOf":{"@id":"https:\/\/aquaforest.eu\/pl\/#website"},"primaryImageOfPage":{"@id":"https:\/\/aquaforest.eu\/pl\/produkty\/lab\/mikroelementy\/niccolum\/#primaryimage"},"image":{"@id":"https:\/\/aquaforest.eu\/pl\/produkty\/lab\/mikroelementy\/niccolum\/#primaryimage"},"thumbnailUrl":"https:\/\/aquaforest.eu\/wp-content\/uploads\/2024\/06\/AF_Lab-Niccolum-200-ml.png","datePublished":"2024-06-24T14:43:12+00:00","dateModified":"2024-11-21T14:21:22+00:00","description":"Niccolum: Suplement podnosz\u0105cy poziom niklu w wodzie morskiej.","breadcrumb":{"@id":"https:\/\/aquaforest.eu\/pl\/produkty\/lab\/mikroelementy\/niccolum\/#breadcrumb"},"inLanguage":"pl-PL","potentialAction":[{"@type":"ReadAction","target":["https:\/\/aquaforest.eu\/pl\/produkty\/lab\/mikroelementy\/niccolum\/"]}]},{"@type":"ImageObject","inLanguage":"pl-PL","@id":"https:\/\/aquaforest.eu\/pl\/produkty\/lab\/mikroelementy\/niccolum\/#primaryimage","url":"https:\/\/aquaforest.eu\/wp-content\/uploads\/2024\/06\/AF_Lab-Niccolum-200-ml.png","contentUrl":"https:\/\/aquaforest.eu\/wp-content\/uploads\/2024\/06\/AF_Lab-Niccolum-200-ml.png","width":269,"height":600},{"@type":"BreadcrumbList","@id":"https:\/\/aquaforest.eu\/pl\/produkty\/lab\/mikroelementy\/niccolum\/#breadcrumb","itemListElement":[{"@type":"ListItem","position":1,"name":"Home","item":"https:\/\/aquaforest.eu\/pl\/"},{"@type":"ListItem","position":2,"name":"Produkty","item":"https:\/\/aquaforest.eu\/pl\/produkty\/"},{"@type":"ListItem","position":3,"name":"Niccolum"}]},{"@type":"WebSite","@id":"https:\/\/aquaforest.eu\/pl\/#website","url":"https:\/\/aquaforest.eu\/pl\/","name":"Aquaforest","description":"","publisher":{"@id":"https:\/\/aquaforest.eu\/pl\/#organization"},"potentialAction":[{"@type":"SearchAction","target":{"@type":"EntryPoint","urlTemplate":"https:\/\/aquaforest.eu\/pl\/?s={search_term_string}"},"query-input":{"@type":"PropertyValueSpecification","valueRequired":true,"valueName":"search_term_string"}}],"inLanguage":"pl-PL"},{"@type":"Organization","@id":"https:\/\/aquaforest.eu\/pl\/#organization","name":"Aquaforest","url":"https:\/\/aquaforest.eu\/pl\/","logo":{"@type":"ImageObject","inLanguage":"pl-PL","@id":"https:\/\/aquaforest.eu\/pl\/#\/schema\/logo\/image\/","url":"https:\/\/aquaforest.eu\/wp-content\/uploads\/2024\/05\/logotyp-aquaforest.svg","contentUrl":"https:\/\/aquaforest.eu\/wp-content\/uploads\/2024\/05\/logotyp-aquaforest.svg","width":170,"height":22,"caption":"Aquaforest"},"image":{"@id":"https:\/\/aquaforest.eu\/pl\/#\/schema\/logo\/image\/"},"sameAs":["https:\/\/www.facebook.com\/Aquaforest\/","https:\/\/www.instagram.com\/aquaforest.eu\/"]}]}},"_links":{"self":[{"href":"https:\/\/aquaforest.eu\/pl\/wp-json\/wp\/v2\/product\/11990","targetHints":{"allow":["GET"]}}],"collection":[{"href":"https:\/\/aquaforest.eu\/pl\/wp-json\/wp\/v2\/product"}],"about":[{"href":"https:\/\/aquaforest.eu\/pl\/wp-json\/wp\/v2\/types\/product"}],"version-history":[{"count":0,"href":"https:\/\/aquaforest.eu\/pl\/wp-json\/wp\/v2\/product\/11990\/revisions"}],"wp:featuredmedia":[{"embeddable":true,"href":"https:\/\/aquaforest.eu\/pl\/wp-json\/wp\/v2\/media\/13866"}],"wp:attachment":[{"href":"https:\/\/aquaforest.eu\/pl\/wp-json\/wp\/v2\/media?parent=11990"}],"wp:term":[{"taxonomy":"product_brand","embeddable":true,"href":"https:\/\/aquaforest.eu\/pl\/wp-json\/wp\/v2\/product_brand?post=11990"},{"taxonomy":"product_cat","embeddable":true,"href":"https:\/\/aquaforest.eu\/pl\/wp-json\/wp\/v2\/product_cat?post=11990"},{"taxonomy":"product_tag","embeddable":true,"href":"https:\/\/aquaforest.eu\/pl\/wp-json\/wp\/v2\/product_tag?post=11990"}],"curies":[{"name":"wp","href":"https:\/\/api.w.org\/{rel}","templated":true}]}}