{"id":11996,"date":"2024-06-24T16:43:11","date_gmt":"2024-06-24T14:43:11","guid":{"rendered":"https:\/\/aquaforest.eu\/products\/bez-kategorii\/komponenty-pro\/"},"modified":"2024-11-21T13:52:17","modified_gmt":"2024-11-21T12:52:17","slug":"components-pro","status":"publish","type":"product","link":"https:\/\/aquaforest.eu\/pl\/produkty\/lab\/makroelementy\/components-pro\/","title":{"rendered":"Components Pro"},"content":{"rendered":"<h3 class=\"fusion-responsive-typography-calculated\" data-fontsize=\"22\" data-lineheight=\"27.5px\">Wysoko wydajna suplementacja mikroelement\u00f3w dla zdrowego akwarium rafowego<\/h3>\n<p>Formu\u0142a Components Pro zosta\u0142a stworzona przez zesp\u00f3\u0142 wykwalifikowanych specjalist\u00f3w na bazie wieloletnich do\u015bwiadcze\u0144. Regularnie dozowane w r\u00f3wnych ilo\u015bciach p\u0142yny zapewniaj\u0105 utrzymanie odpowiedniego poziomu twardo\u015bci w\u0119glanowej oraz zaspokaja zapotrzebowanie koralowc\u00f3w na magnez i wap\u0144 (KH 6.5-8.5, Ca 380-460 ppm, Mg 1180-1460 ppm).<\/p>\n<p><strong>Dozowanie:<\/strong> Wszystkie p\u0142yny powinny by\u0107 dozowane w jednakowej dawce okre\u015blonej na podstawie dobowej konsumpcji Ca, KH i Mg. Nale\u017cy regularnie bada\u0107 wod\u0119 i na podstawie wynik\u00f3w ustali\u0107 optymaln\u0105 dawk\u0119. W akwarium \u015brednio obsadzonym koralowcami SPS zalecana dawka Components Pro wynosi 12 ml dziennie na 100 litr\u00f3w wody. Gdy parametry wody nie odpowiadaj\u0105 zalecanym zakresom, nale\u017cy zastosowa\u0107 pozosta\u0142e produkty z linii Aquaforest Lab (Ca Plus, Mg Plus, KH Plus) a\u017c do osi\u0105gni\u0119cia po\u017c\u0105danych poziom\u00f3w. Component 1 Pro zawiera: Ca, Sr, Fe, Mn, Cu, Zn, Ni, Cr, Co, Mo (25 ml\/100 l podnosi Ca o 9 ppm). Component 2 Pro zawiera: HCO3, F, I (25 ml\/100 l podnosi KH o 1,3 dKH -Alk 0,46 meq\/l). Component 3 Pro zawiera: Sole mineralne, Mg, S, K, B, Sr, Li (25 ml\/100 l podnosi Mg o 0,76 ppm). Ze wzgl\u0119du na wysok\u0105 koncentracj\u0119 produktu zalecamy regularn\u0105 konserwacj\u0119 przewod\u00f3w dozuj\u0105cych. Chroni\u0107 przed dzie\u0107mi. Produkt do u\u017cycia tylko w akwarium. Nie nadaje si\u0119 do spo\u017cycia. Karta charakterystyki dost\u0119pna na \u017c\u0105danie.<\/p>\n<p>&nbsp;<\/p>\n<hr \/>\n<h3 data-fontsize=\"22\" data-lineheight=\"27.5px\"><\/h3>\n<h3 class=\"fusion-responsive-typography-calculated\" data-fontsize=\"22\" data-lineheight=\"27.5px\">Stabilizacja pH i r\u00f3wnowaga jonowa<\/h3>\n<p><strong>Cechy produktu:<\/strong><\/p>\n<ul>\n<li>Zestaw najwa\u017cniejszych element\u00f3w o najwy\u017cszej wydajno\u015bci<\/li>\n<li>Formu\u0142a opracowana przez do\u015bwiadczonych akwaryst\u00f3w<\/li>\n<li>Podnosi i stabilizuje pH<\/li>\n<li>Najwy\u017csza koncentracja stworzona do wydajnej suplementacji<\/li>\n<li>Zapewnia r\u00f3wnowag\u0119 jonow\u0105<\/li>\n<\/ul>\n<p>&nbsp;<\/p>\n<hr \/>\n<p>&nbsp;<\/p>\n<p><strong>Warto wiedzie\u0107:<\/strong> Ze wzgl\u0119du na wysokie st\u0119\u017cenie produktu, po kontakcie Component 2 Pro z wod\u0105 mo\u017ce pojawi\u0107 si\u0119 bia\u0142y, galaretowaty osad. Jest to ca\u0142kowicie naturalne i bezpieczne dla organizm\u00f3w wodnych. Aby u\u0142atwi\u0107 jego rozpuszczanie, wylot pompy dozuj\u0105cej Component 2 Pro powinien by\u0107 umieszczony w miejscu o du\u017cym przep\u0142ywie wody. Dla koralowc\u00f3w najlepiej podzieli\u0107 dawk\u0119 na wiele ma\u0142ych porcji w ci\u0105gu dnia<\/p>\n","protected":false},"excerpt":{"rendered":"<p>Najskuteczniejszy zestaw kluczowych mikro- i makroelement\u00f3w. Zapewnia r\u00f3wnowag\u0119 jonow\u0105 i stabilizuje poziom pH.<\/p>\n","protected":false},"featured_media":13801,"template":"","meta":{"_acf_changed":false,"content-type":""},"product_brand":[],"product_cat":[1145],"product_tag":[969,1123,1421],"class_list":{"0":"post-11996","1":"product","2":"type-product","3":"status-publish","4":"has-post-thumbnail","6":"product_cat-makroelementy","7":"product_tag-aquaforest-lab-pl","8":"product_tag-makroelementy","9":"product_tag-simple-pl","11":"first","12":"instock","13":"taxable","14":"shipping-taxable","15":"purchasable","16":"product-type-simple"},"acf":[],"yoast_head":"<!-- This site is optimized with the Yoast SEO plugin v27.1.1 - https:\/\/yoast.com\/product\/yoast-seo-wordpress\/ -->\n<title>Components Pro - Aquaforest<\/title>\n<meta name=\"description\" content=\"Components Pro: Kompleksowy zestaw sk\u0142adnik\u00f3w do precyzyjnego zarz\u0105dzania parametrami wody. Niezawodna formu\u0142a dla zdrowia i stabilno\u015bci akwarium.\" \/>\n<meta name=\"robots\" content=\"index, follow, max-snippet:-1, max-image-preview:large, max-video-preview:-1\" \/>\n<link rel=\"canonical\" href=\"https:\/\/aquaforest.eu\/pl\/produkty\/lab\/makroelementy\/components-pro\/\" \/>\n<meta property=\"og:locale\" content=\"pl_PL\" \/>\n<meta property=\"og:type\" content=\"article\" \/>\n<meta property=\"og:title\" content=\"Components Pro - Aquaforest\" \/>\n<meta property=\"og:description\" content=\"Components Pro: Kompleksowy zestaw sk\u0142adnik\u00f3w do precyzyjnego zarz\u0105dzania parametrami wody. Niezawodna formu\u0142a dla zdrowia i stabilno\u015bci akwarium.\" \/>\n<meta property=\"og:url\" content=\"https:\/\/aquaforest.eu\/pl\/produkty\/lab\/makroelementy\/components-pro\/\" \/>\n<meta property=\"og:site_name\" content=\"Aquaforest\" \/>\n<meta property=\"article:publisher\" content=\"https:\/\/www.facebook.com\/Aquaforest\/\" \/>\n<meta property=\"article:modified_time\" content=\"2024-11-21T12:52:17+00:00\" \/>\n<meta property=\"og:image\" content=\"https:\/\/aquaforest.eu\/wp-content\/uploads\/2024\/06\/AF-Lab_Components-Pro.png\" \/>\n\t<meta property=\"og:image:width\" content=\"551\" \/>\n\t<meta property=\"og:image:height\" content=\"600\" \/>\n\t<meta property=\"og:image:type\" content=\"image\/png\" \/>\n<meta name=\"twitter:card\" content=\"summary_large_image\" \/>\n<meta name=\"twitter:label1\" content=\"Szacowany czas czytania\" \/>\n\t<meta name=\"twitter:data1\" content=\"2 minuty\" \/>\n<script type=\"application\/ld+json\" class=\"yoast-schema-graph\">{\"@context\":\"https:\/\/schema.org\",\"@graph\":[{\"@type\":\"WebPage\",\"@id\":\"https:\/\/aquaforest.eu\/pl\/produkty\/lab\/makroelementy\/components-pro\/\",\"url\":\"https:\/\/aquaforest.eu\/pl\/produkty\/lab\/makroelementy\/components-pro\/\",\"name\":\"Components Pro - Aquaforest\",\"isPartOf\":{\"@id\":\"https:\/\/aquaforest.eu\/pl\/#website\"},\"primaryImageOfPage\":{\"@id\":\"https:\/\/aquaforest.eu\/pl\/produkty\/lab\/makroelementy\/components-pro\/#primaryimage\"},\"image\":{\"@id\":\"https:\/\/aquaforest.eu\/pl\/produkty\/lab\/makroelementy\/components-pro\/#primaryimage\"},\"thumbnailUrl\":\"https:\/\/aquaforest.eu\/wp-content\/uploads\/2024\/06\/AF-Lab_Components-Pro.png\",\"datePublished\":\"2024-06-24T14:43:11+00:00\",\"dateModified\":\"2024-11-21T12:52:17+00:00\",\"description\":\"Components Pro: Kompleksowy zestaw sk\u0142adnik\u00f3w do precyzyjnego zarz\u0105dzania parametrami wody. Niezawodna formu\u0142a dla zdrowia i stabilno\u015bci akwarium.\",\"breadcrumb\":{\"@id\":\"https:\/\/aquaforest.eu\/pl\/produkty\/lab\/makroelementy\/components-pro\/#breadcrumb\"},\"inLanguage\":\"pl-PL\",\"potentialAction\":[{\"@type\":\"ReadAction\",\"target\":[\"https:\/\/aquaforest.eu\/pl\/produkty\/lab\/makroelementy\/components-pro\/\"]}]},{\"@type\":\"ImageObject\",\"inLanguage\":\"pl-PL\",\"@id\":\"https:\/\/aquaforest.eu\/pl\/produkty\/lab\/makroelementy\/components-pro\/#primaryimage\",\"url\":\"https:\/\/aquaforest.eu\/wp-content\/uploads\/2024\/06\/AF-Lab_Components-Pro.png\",\"contentUrl\":\"https:\/\/aquaforest.eu\/wp-content\/uploads\/2024\/06\/AF-Lab_Components-Pro.png\",\"width\":551,\"height\":600},{\"@type\":\"BreadcrumbList\",\"@id\":\"https:\/\/aquaforest.eu\/pl\/produkty\/lab\/makroelementy\/components-pro\/#breadcrumb\",\"itemListElement\":[{\"@type\":\"ListItem\",\"position\":1,\"name\":\"Home\",\"item\":\"https:\/\/aquaforest.eu\/pl\/\"},{\"@type\":\"ListItem\",\"position\":2,\"name\":\"Produkty\",\"item\":\"https:\/\/aquaforest.eu\/pl\/produkty\/\"},{\"@type\":\"ListItem\",\"position\":3,\"name\":\"Components Pro\"}]},{\"@type\":\"WebSite\",\"@id\":\"https:\/\/aquaforest.eu\/pl\/#website\",\"url\":\"https:\/\/aquaforest.eu\/pl\/\",\"name\":\"Aquaforest\",\"description\":\"\",\"publisher\":{\"@id\":\"https:\/\/aquaforest.eu\/pl\/#organization\"},\"potentialAction\":[{\"@type\":\"SearchAction\",\"target\":{\"@type\":\"EntryPoint\",\"urlTemplate\":\"https:\/\/aquaforest.eu\/pl\/?s={search_term_string}\"},\"query-input\":{\"@type\":\"PropertyValueSpecification\",\"valueRequired\":true,\"valueName\":\"search_term_string\"}}],\"inLanguage\":\"pl-PL\"},{\"@type\":\"Organization\",\"@id\":\"https:\/\/aquaforest.eu\/pl\/#organization\",\"name\":\"Aquaforest\",\"url\":\"https:\/\/aquaforest.eu\/pl\/\",\"logo\":{\"@type\":\"ImageObject\",\"inLanguage\":\"pl-PL\",\"@id\":\"https:\/\/aquaforest.eu\/pl\/#\/schema\/logo\/image\/\",\"url\":\"https:\/\/aquaforest.eu\/wp-content\/uploads\/2024\/05\/logotyp-aquaforest.svg\",\"contentUrl\":\"https:\/\/aquaforest.eu\/wp-content\/uploads\/2024\/05\/logotyp-aquaforest.svg\",\"width\":170,\"height\":22,\"caption\":\"Aquaforest\"},\"image\":{\"@id\":\"https:\/\/aquaforest.eu\/pl\/#\/schema\/logo\/image\/\"},\"sameAs\":[\"https:\/\/www.facebook.com\/Aquaforest\/\",\"https:\/\/www.instagram.com\/aquaforest.eu\/\"]}]}<\/script>\n<!-- \/ Yoast SEO plugin. -->","yoast_head_json":{"title":"Components Pro - Aquaforest","description":"Components Pro: Kompleksowy zestaw sk\u0142adnik\u00f3w do precyzyjnego zarz\u0105dzania parametrami wody. Niezawodna formu\u0142a dla zdrowia i stabilno\u015bci akwarium.","robots":{"index":"index","follow":"follow","max-snippet":"max-snippet:-1","max-image-preview":"max-image-preview:large","max-video-preview":"max-video-preview:-1"},"canonical":"https:\/\/aquaforest.eu\/pl\/produkty\/lab\/makroelementy\/components-pro\/","og_locale":"pl_PL","og_type":"article","og_title":"Components Pro - Aquaforest","og_description":"Components Pro: Kompleksowy zestaw sk\u0142adnik\u00f3w do precyzyjnego zarz\u0105dzania parametrami wody. Niezawodna formu\u0142a dla zdrowia i stabilno\u015bci akwarium.","og_url":"https:\/\/aquaforest.eu\/pl\/produkty\/lab\/makroelementy\/components-pro\/","og_site_name":"Aquaforest","article_publisher":"https:\/\/www.facebook.com\/Aquaforest\/","article_modified_time":"2024-11-21T12:52:17+00:00","og_image":[{"width":551,"height":600,"url":"https:\/\/aquaforest.eu\/wp-content\/uploads\/2024\/06\/AF-Lab_Components-Pro.png","type":"image\/png"}],"twitter_card":"summary_large_image","twitter_misc":{"Szacowany czas czytania":"2 minuty"},"schema":{"@context":"https:\/\/schema.org","@graph":[{"@type":"WebPage","@id":"https:\/\/aquaforest.eu\/pl\/produkty\/lab\/makroelementy\/components-pro\/","url":"https:\/\/aquaforest.eu\/pl\/produkty\/lab\/makroelementy\/components-pro\/","name":"Components Pro - Aquaforest","isPartOf":{"@id":"https:\/\/aquaforest.eu\/pl\/#website"},"primaryImageOfPage":{"@id":"https:\/\/aquaforest.eu\/pl\/produkty\/lab\/makroelementy\/components-pro\/#primaryimage"},"image":{"@id":"https:\/\/aquaforest.eu\/pl\/produkty\/lab\/makroelementy\/components-pro\/#primaryimage"},"thumbnailUrl":"https:\/\/aquaforest.eu\/wp-content\/uploads\/2024\/06\/AF-Lab_Components-Pro.png","datePublished":"2024-06-24T14:43:11+00:00","dateModified":"2024-11-21T12:52:17+00:00","description":"Components Pro: Kompleksowy zestaw sk\u0142adnik\u00f3w do precyzyjnego zarz\u0105dzania parametrami wody. Niezawodna formu\u0142a dla zdrowia i stabilno\u015bci akwarium.","breadcrumb":{"@id":"https:\/\/aquaforest.eu\/pl\/produkty\/lab\/makroelementy\/components-pro\/#breadcrumb"},"inLanguage":"pl-PL","potentialAction":[{"@type":"ReadAction","target":["https:\/\/aquaforest.eu\/pl\/produkty\/lab\/makroelementy\/components-pro\/"]}]},{"@type":"ImageObject","inLanguage":"pl-PL","@id":"https:\/\/aquaforest.eu\/pl\/produkty\/lab\/makroelementy\/components-pro\/#primaryimage","url":"https:\/\/aquaforest.eu\/wp-content\/uploads\/2024\/06\/AF-Lab_Components-Pro.png","contentUrl":"https:\/\/aquaforest.eu\/wp-content\/uploads\/2024\/06\/AF-Lab_Components-Pro.png","width":551,"height":600},{"@type":"BreadcrumbList","@id":"https:\/\/aquaforest.eu\/pl\/produkty\/lab\/makroelementy\/components-pro\/#breadcrumb","itemListElement":[{"@type":"ListItem","position":1,"name":"Home","item":"https:\/\/aquaforest.eu\/pl\/"},{"@type":"ListItem","position":2,"name":"Produkty","item":"https:\/\/aquaforest.eu\/pl\/produkty\/"},{"@type":"ListItem","position":3,"name":"Components Pro"}]},{"@type":"WebSite","@id":"https:\/\/aquaforest.eu\/pl\/#website","url":"https:\/\/aquaforest.eu\/pl\/","name":"Aquaforest","description":"","publisher":{"@id":"https:\/\/aquaforest.eu\/pl\/#organization"},"potentialAction":[{"@type":"SearchAction","target":{"@type":"EntryPoint","urlTemplate":"https:\/\/aquaforest.eu\/pl\/?s={search_term_string}"},"query-input":{"@type":"PropertyValueSpecification","valueRequired":true,"valueName":"search_term_string"}}],"inLanguage":"pl-PL"},{"@type":"Organization","@id":"https:\/\/aquaforest.eu\/pl\/#organization","name":"Aquaforest","url":"https:\/\/aquaforest.eu\/pl\/","logo":{"@type":"ImageObject","inLanguage":"pl-PL","@id":"https:\/\/aquaforest.eu\/pl\/#\/schema\/logo\/image\/","url":"https:\/\/aquaforest.eu\/wp-content\/uploads\/2024\/05\/logotyp-aquaforest.svg","contentUrl":"https:\/\/aquaforest.eu\/wp-content\/uploads\/2024\/05\/logotyp-aquaforest.svg","width":170,"height":22,"caption":"Aquaforest"},"image":{"@id":"https:\/\/aquaforest.eu\/pl\/#\/schema\/logo\/image\/"},"sameAs":["https:\/\/www.facebook.com\/Aquaforest\/","https:\/\/www.instagram.com\/aquaforest.eu\/"]}]}},"_links":{"self":[{"href":"https:\/\/aquaforest.eu\/pl\/wp-json\/wp\/v2\/product\/11996","targetHints":{"allow":["GET"]}}],"collection":[{"href":"https:\/\/aquaforest.eu\/pl\/wp-json\/wp\/v2\/product"}],"about":[{"href":"https:\/\/aquaforest.eu\/pl\/wp-json\/wp\/v2\/types\/product"}],"version-history":[{"count":0,"href":"https:\/\/aquaforest.eu\/pl\/wp-json\/wp\/v2\/product\/11996\/revisions"}],"wp:featuredmedia":[{"embeddable":true,"href":"https:\/\/aquaforest.eu\/pl\/wp-json\/wp\/v2\/media\/13801"}],"wp:attachment":[{"href":"https:\/\/aquaforest.eu\/pl\/wp-json\/wp\/v2\/media?parent=11996"}],"wp:term":[{"taxonomy":"product_brand","embeddable":true,"href":"https:\/\/aquaforest.eu\/pl\/wp-json\/wp\/v2\/product_brand?post=11996"},{"taxonomy":"product_cat","embeddable":true,"href":"https:\/\/aquaforest.eu\/pl\/wp-json\/wp\/v2\/product_cat?post=11996"},{"taxonomy":"product_tag","embeddable":true,"href":"https:\/\/aquaforest.eu\/pl\/wp-json\/wp\/v2\/product_tag?post=11996"}],"curies":[{"name":"wp","href":"https:\/\/api.w.org\/{rel}","templated":true}]}}