{"id":12002,"date":"2024-06-24T16:19:50","date_gmt":"2024-06-24T14:19:50","guid":{"rendered":"https:\/\/aquaforest.eu\/products\/bez-kategorii\/mg-plus-2\/"},"modified":"2024-11-21T15:16:50","modified_gmt":"2024-11-21T14:16:50","slug":"mg-plus_","status":"publish","type":"product","link":"https:\/\/aquaforest.eu\/pl\/produkty\/lab\/makroelementy\/mg-plus_\/","title":{"rendered":"Mg Plus"},"content":{"rendered":"<p>Wysoko skoncentrowany roztw\u00f3r podnosz\u0105cy poziom magnezu w akwariach morskich. Mg Plus zosta\u0142 stworzony z my\u015bl\u0105 o wyr\u00f3wnaniu nag\u0142ych spadk\u00f3w i niedobor\u00f3w tego pierwiastka. Magnez jest niezb\u0119dny do prawid\u0142owego rozwoju koralowc\u00f3w. Odpowiedni poziom magnezu w wodzie zapewnia skuteczniejsze przyswajanie wapnia przez koralowce. Obni\u017cony poziom magnezu mo\u017ce powodowa\u0107 niezdolno\u015b\u0107 do zachowania prawid\u0142owego poziomu wapnia i zbyt niskie pH. Zalecany poziom magnezu w akwariach rafowych wynosi 1180 \u2013 1460 mg\/l (ppm).<\/p>\n<p>&nbsp;<\/p>\n<hr \/>\n<p>&nbsp;<\/p>\n<p><strong>Dozowanie<\/strong><\/p>\n<p>10 ml roztworu podnosi poziom Mg o 10 mg\/l (ppm) w 100 l wody. Dawkowanie nale\u017cy ustali\u0107 na podstawie test\u00f3w wody i dziennej konsumpcji koralowc\u00f3w. Pami\u0119taj, \u017ce maksymalna bezpieczna dawka dzienna wynosi 100 ml na 100 litr\u00f3w wody. Je\u017celi wymagana jest wi\u0119ksza dawka, rozbij j\u0105 na kilka dni. Przed u\u017cyciem preparatu zalecane jest zmierzenie st\u0119\u017cenia magnezu w wodzie. Nie zalecamy podnoszenia poziomu magnezu o wi\u0119cej ni\u017c 100 ppm na dob\u0119. Przed pr\u00f3b\u0105 podniesienia lub skorygowania poziomu wapnia i zasadowo\u015bci, zalecamy upewni\u0107 si\u0119, \u017ce poziom magnezu mie\u015bci si\u0119 w zalecanym zakresie.<\/p>\n","protected":false},"excerpt":{"rendered":"<p>\u015arodek podnosz\u0105cy poziom magnezu. Przeznaczony do leczenia niedobor\u00f3w i nag\u0142ych spadk\u00f3w magnezu.<\/p>\n","protected":false},"featured_media":29923,"template":"","meta":{"_acf_changed":false,"content-type":""},"product_brand":[],"product_cat":[1145],"product_tag":[969,1123,1422],"class_list":{"0":"post-12002","1":"product","2":"type-product","3":"status-publish","4":"has-post-thumbnail","6":"product_cat-makroelementy","7":"product_tag-aquaforest-lab-pl","8":"product_tag-makroelementy","9":"product_tag-variable-pl","11":"first","12":"instock","13":"taxable","14":"shipping-taxable","15":"product-type-variable","16":"has-default-attributes"},"acf":[],"yoast_head":"<!-- This site is optimized with the Yoast SEO plugin v27.1.1 - https:\/\/yoast.com\/product\/yoast-seo-wordpress\/ -->\n<title>Mg Plus - Aquaforest<\/title>\n<meta name=\"description\" content=\"Mg Plus: Skoncentrowany suplement magnezu stabilizuj\u0105cy parametry wody. Niezawodna formu\u0142a dla zdrowia i prawid\u0142owego wzrostu koralowc\u00f3w.\" \/>\n<meta name=\"robots\" content=\"index, follow, max-snippet:-1, max-image-preview:large, max-video-preview:-1\" \/>\n<link rel=\"canonical\" href=\"https:\/\/aquaforest.eu\/pl\/produkty\/lab\/makroelementy\/mg-plus_\/\" \/>\n<meta property=\"og:locale\" content=\"pl_PL\" \/>\n<meta property=\"og:type\" content=\"article\" \/>\n<meta property=\"og:title\" content=\"Mg Plus - Aquaforest\" \/>\n<meta property=\"og:description\" content=\"Mg Plus: Skoncentrowany suplement magnezu stabilizuj\u0105cy parametry wody. Niezawodna formu\u0142a dla zdrowia i prawid\u0142owego wzrostu koralowc\u00f3w.\" \/>\n<meta property=\"og:url\" content=\"https:\/\/aquaforest.eu\/pl\/produkty\/lab\/makroelementy\/mg-plus_\/\" \/>\n<meta property=\"og:site_name\" content=\"Aquaforest\" \/>\n<meta property=\"article:publisher\" content=\"https:\/\/www.facebook.com\/Aquaforest\/\" \/>\n<meta property=\"article:modified_time\" content=\"2024-11-21T14:16:50+00:00\" \/>\n<meta property=\"og:image\" content=\"https:\/\/aquaforest.eu\/wp-content\/uploads\/2024\/12\/AF_Lab_Mg-Plus-1000-ml-e1736494388485.png\" \/>\n\t<meta property=\"og:image:width\" content=\"1800\" \/>\n\t<meta property=\"og:image:height\" content=\"1800\" \/>\n\t<meta property=\"og:image:type\" content=\"image\/png\" \/>\n<meta name=\"twitter:card\" content=\"summary_large_image\" \/>\n<meta name=\"twitter:label1\" content=\"Szacowany czas czytania\" \/>\n\t<meta name=\"twitter:data1\" content=\"1 minuta\" \/>\n<script type=\"application\/ld+json\" class=\"yoast-schema-graph\">{\"@context\":\"https:\/\/schema.org\",\"@graph\":[{\"@type\":\"WebPage\",\"@id\":\"https:\/\/aquaforest.eu\/pl\/produkty\/lab\/makroelementy\/mg-plus_\/\",\"url\":\"https:\/\/aquaforest.eu\/pl\/produkty\/lab\/makroelementy\/mg-plus_\/\",\"name\":\"Mg Plus - Aquaforest\",\"isPartOf\":{\"@id\":\"https:\/\/aquaforest.eu\/pl\/#website\"},\"primaryImageOfPage\":{\"@id\":\"https:\/\/aquaforest.eu\/pl\/produkty\/lab\/makroelementy\/mg-plus_\/#primaryimage\"},\"image\":{\"@id\":\"https:\/\/aquaforest.eu\/pl\/produkty\/lab\/makroelementy\/mg-plus_\/#primaryimage\"},\"thumbnailUrl\":\"https:\/\/aquaforest.eu\/wp-content\/uploads\/2024\/06\/mg-plus-1000-1.png\",\"datePublished\":\"2024-06-24T14:19:50+00:00\",\"dateModified\":\"2024-11-21T14:16:50+00:00\",\"description\":\"Mg Plus: Skoncentrowany suplement magnezu stabilizuj\u0105cy parametry wody. Niezawodna formu\u0142a dla zdrowia i prawid\u0142owego wzrostu koralowc\u00f3w.\",\"breadcrumb\":{\"@id\":\"https:\/\/aquaforest.eu\/pl\/produkty\/lab\/makroelementy\/mg-plus_\/#breadcrumb\"},\"inLanguage\":\"pl-PL\",\"potentialAction\":[{\"@type\":\"ReadAction\",\"target\":[\"https:\/\/aquaforest.eu\/pl\/produkty\/lab\/makroelementy\/mg-plus_\/\"]}]},{\"@type\":\"ImageObject\",\"inLanguage\":\"pl-PL\",\"@id\":\"https:\/\/aquaforest.eu\/pl\/produkty\/lab\/makroelementy\/mg-plus_\/#primaryimage\",\"url\":\"https:\/\/aquaforest.eu\/wp-content\/uploads\/2024\/06\/mg-plus-1000-1.png\",\"contentUrl\":\"https:\/\/aquaforest.eu\/wp-content\/uploads\/2024\/06\/mg-plus-1000-1.png\",\"width\":519,\"height\":600},{\"@type\":\"BreadcrumbList\",\"@id\":\"https:\/\/aquaforest.eu\/pl\/produkty\/lab\/makroelementy\/mg-plus_\/#breadcrumb\",\"itemListElement\":[{\"@type\":\"ListItem\",\"position\":1,\"name\":\"Home\",\"item\":\"https:\/\/aquaforest.eu\/pl\/\"},{\"@type\":\"ListItem\",\"position\":2,\"name\":\"Produkty\",\"item\":\"https:\/\/aquaforest.eu\/pl\/produkty\/\"},{\"@type\":\"ListItem\",\"position\":3,\"name\":\"Mg Plus\"}]},{\"@type\":\"WebSite\",\"@id\":\"https:\/\/aquaforest.eu\/pl\/#website\",\"url\":\"https:\/\/aquaforest.eu\/pl\/\",\"name\":\"Aquaforest\",\"description\":\"\",\"publisher\":{\"@id\":\"https:\/\/aquaforest.eu\/pl\/#organization\"},\"potentialAction\":[{\"@type\":\"SearchAction\",\"target\":{\"@type\":\"EntryPoint\",\"urlTemplate\":\"https:\/\/aquaforest.eu\/pl\/?s={search_term_string}\"},\"query-input\":{\"@type\":\"PropertyValueSpecification\",\"valueRequired\":true,\"valueName\":\"search_term_string\"}}],\"inLanguage\":\"pl-PL\"},{\"@type\":\"Organization\",\"@id\":\"https:\/\/aquaforest.eu\/pl\/#organization\",\"name\":\"Aquaforest\",\"url\":\"https:\/\/aquaforest.eu\/pl\/\",\"logo\":{\"@type\":\"ImageObject\",\"inLanguage\":\"pl-PL\",\"@id\":\"https:\/\/aquaforest.eu\/pl\/#\/schema\/logo\/image\/\",\"url\":\"https:\/\/aquaforest.eu\/wp-content\/uploads\/2024\/05\/logotyp-aquaforest.svg\",\"contentUrl\":\"https:\/\/aquaforest.eu\/wp-content\/uploads\/2024\/05\/logotyp-aquaforest.svg\",\"width\":170,\"height\":22,\"caption\":\"Aquaforest\"},\"image\":{\"@id\":\"https:\/\/aquaforest.eu\/pl\/#\/schema\/logo\/image\/\"},\"sameAs\":[\"https:\/\/www.facebook.com\/Aquaforest\/\",\"https:\/\/www.instagram.com\/aquaforest.eu\/\"]}]}<\/script>\n<!-- \/ Yoast SEO plugin. -->","yoast_head_json":{"title":"Mg Plus - Aquaforest","description":"Mg Plus: Skoncentrowany suplement magnezu stabilizuj\u0105cy parametry wody. Niezawodna formu\u0142a dla zdrowia i prawid\u0142owego wzrostu koralowc\u00f3w.","robots":{"index":"index","follow":"follow","max-snippet":"max-snippet:-1","max-image-preview":"max-image-preview:large","max-video-preview":"max-video-preview:-1"},"canonical":"https:\/\/aquaforest.eu\/pl\/produkty\/lab\/makroelementy\/mg-plus_\/","og_locale":"pl_PL","og_type":"article","og_title":"Mg Plus - Aquaforest","og_description":"Mg Plus: Skoncentrowany suplement magnezu stabilizuj\u0105cy parametry wody. Niezawodna formu\u0142a dla zdrowia i prawid\u0142owego wzrostu koralowc\u00f3w.","og_url":"https:\/\/aquaforest.eu\/pl\/produkty\/lab\/makroelementy\/mg-plus_\/","og_site_name":"Aquaforest","article_publisher":"https:\/\/www.facebook.com\/Aquaforest\/","article_modified_time":"2024-11-21T14:16:50+00:00","og_image":[{"width":1800,"height":1800,"url":"https:\/\/aquaforest.eu\/wp-content\/uploads\/2024\/12\/AF_Lab_Mg-Plus-1000-ml-e1736494388485.png","type":"image\/png"}],"twitter_card":"summary_large_image","twitter_misc":{"Szacowany czas czytania":"1 minuta"},"schema":{"@context":"https:\/\/schema.org","@graph":[{"@type":"WebPage","@id":"https:\/\/aquaforest.eu\/pl\/produkty\/lab\/makroelementy\/mg-plus_\/","url":"https:\/\/aquaforest.eu\/pl\/produkty\/lab\/makroelementy\/mg-plus_\/","name":"Mg Plus - Aquaforest","isPartOf":{"@id":"https:\/\/aquaforest.eu\/pl\/#website"},"primaryImageOfPage":{"@id":"https:\/\/aquaforest.eu\/pl\/produkty\/lab\/makroelementy\/mg-plus_\/#primaryimage"},"image":{"@id":"https:\/\/aquaforest.eu\/pl\/produkty\/lab\/makroelementy\/mg-plus_\/#primaryimage"},"thumbnailUrl":"https:\/\/aquaforest.eu\/wp-content\/uploads\/2024\/06\/mg-plus-1000-1.png","datePublished":"2024-06-24T14:19:50+00:00","dateModified":"2024-11-21T14:16:50+00:00","description":"Mg Plus: Skoncentrowany suplement magnezu stabilizuj\u0105cy parametry wody. Niezawodna formu\u0142a dla zdrowia i prawid\u0142owego wzrostu koralowc\u00f3w.","breadcrumb":{"@id":"https:\/\/aquaforest.eu\/pl\/produkty\/lab\/makroelementy\/mg-plus_\/#breadcrumb"},"inLanguage":"pl-PL","potentialAction":[{"@type":"ReadAction","target":["https:\/\/aquaforest.eu\/pl\/produkty\/lab\/makroelementy\/mg-plus_\/"]}]},{"@type":"ImageObject","inLanguage":"pl-PL","@id":"https:\/\/aquaforest.eu\/pl\/produkty\/lab\/makroelementy\/mg-plus_\/#primaryimage","url":"https:\/\/aquaforest.eu\/wp-content\/uploads\/2024\/06\/mg-plus-1000-1.png","contentUrl":"https:\/\/aquaforest.eu\/wp-content\/uploads\/2024\/06\/mg-plus-1000-1.png","width":519,"height":600},{"@type":"BreadcrumbList","@id":"https:\/\/aquaforest.eu\/pl\/produkty\/lab\/makroelementy\/mg-plus_\/#breadcrumb","itemListElement":[{"@type":"ListItem","position":1,"name":"Home","item":"https:\/\/aquaforest.eu\/pl\/"},{"@type":"ListItem","position":2,"name":"Produkty","item":"https:\/\/aquaforest.eu\/pl\/produkty\/"},{"@type":"ListItem","position":3,"name":"Mg Plus"}]},{"@type":"WebSite","@id":"https:\/\/aquaforest.eu\/pl\/#website","url":"https:\/\/aquaforest.eu\/pl\/","name":"Aquaforest","description":"","publisher":{"@id":"https:\/\/aquaforest.eu\/pl\/#organization"},"potentialAction":[{"@type":"SearchAction","target":{"@type":"EntryPoint","urlTemplate":"https:\/\/aquaforest.eu\/pl\/?s={search_term_string}"},"query-input":{"@type":"PropertyValueSpecification","valueRequired":true,"valueName":"search_term_string"}}],"inLanguage":"pl-PL"},{"@type":"Organization","@id":"https:\/\/aquaforest.eu\/pl\/#organization","name":"Aquaforest","url":"https:\/\/aquaforest.eu\/pl\/","logo":{"@type":"ImageObject","inLanguage":"pl-PL","@id":"https:\/\/aquaforest.eu\/pl\/#\/schema\/logo\/image\/","url":"https:\/\/aquaforest.eu\/wp-content\/uploads\/2024\/05\/logotyp-aquaforest.svg","contentUrl":"https:\/\/aquaforest.eu\/wp-content\/uploads\/2024\/05\/logotyp-aquaforest.svg","width":170,"height":22,"caption":"Aquaforest"},"image":{"@id":"https:\/\/aquaforest.eu\/pl\/#\/schema\/logo\/image\/"},"sameAs":["https:\/\/www.facebook.com\/Aquaforest\/","https:\/\/www.instagram.com\/aquaforest.eu\/"]}]}},"_links":{"self":[{"href":"https:\/\/aquaforest.eu\/pl\/wp-json\/wp\/v2\/product\/12002","targetHints":{"allow":["GET"]}}],"collection":[{"href":"https:\/\/aquaforest.eu\/pl\/wp-json\/wp\/v2\/product"}],"about":[{"href":"https:\/\/aquaforest.eu\/pl\/wp-json\/wp\/v2\/types\/product"}],"version-history":[{"count":0,"href":"https:\/\/aquaforest.eu\/pl\/wp-json\/wp\/v2\/product\/12002\/revisions"}],"wp:featuredmedia":[{"embeddable":true,"href":"https:\/\/aquaforest.eu\/pl\/wp-json\/wp\/v2\/media\/29923"}],"wp:attachment":[{"href":"https:\/\/aquaforest.eu\/pl\/wp-json\/wp\/v2\/media?parent=12002"}],"wp:term":[{"taxonomy":"product_brand","embeddable":true,"href":"https:\/\/aquaforest.eu\/pl\/wp-json\/wp\/v2\/product_brand?post=12002"},{"taxonomy":"product_cat","embeddable":true,"href":"https:\/\/aquaforest.eu\/pl\/wp-json\/wp\/v2\/product_cat?post=12002"},{"taxonomy":"product_tag","embeddable":true,"href":"https:\/\/aquaforest.eu\/pl\/wp-json\/wp\/v2\/product_tag?post=12002"}],"curies":[{"name":"wp","href":"https:\/\/api.w.org\/{rel}","templated":true}]}}