{"id":12341,"date":"2024-08-11T01:32:50","date_gmt":"2024-08-10T23:32:50","guid":{"rendered":"https:\/\/aquaforest.eu\/products\/bez-kategorii\/af-starterpack-freshwater\/"},"modified":"2024-11-25T12:23:51","modified_gmt":"2024-11-25T11:23:51","slug":"af-starterpack-freshwater","status":"publish","type":"product","link":"https:\/\/aquaforest.eu\/pl\/produkty\/freshwater\/suplementy-i-nawozy\/af-starterpack-freshwater\/","title":{"rendered":"AF StarterPack Freshwater"},"content":{"rendered":"<p><span style=\"font-weight: 400; color: #000000;\">Starter Pack to kompletny zestaw produkt\u00f3w u\u0142atwiaj\u0105cych rozpocz\u0119cie przygody z akwarystyk\u0105 s\u0142odkowodn\u0105! Wsp\u00f3lnie z do\u015bwiadczonymi akwarystami przeanalizowali\u015bmy wyzwania, jakie mo\u017cna napotka\u0107 na pocz\u0105tku hodowli akwarium i w pierwszych miesi\u0105cach jego istnienia. Dzi\u0119ki tej wsp\u00f3\u0142pracy dobrali\u015bmy produkty w taki spos\u00f3b, aby obejmowa\u0142y wszystko, czego akwarysta potrzebuje na samym pocz\u0105tku tej fascynuj\u0105cej podr\u00f3\u017cy. Ten zestaw produkt\u00f3w to gotowe rozwi\u0105zanie, kt\u00f3re gwarantuje: <\/span><\/p>\n<ul>\n<li style=\"font-weight: 400;\" aria-level=\"1\"><span style=\"color: #000000;\"><b>Przyspieszenie dojrzewania akwarium<\/b><\/span><\/li>\n<li style=\"font-weight: 400;\" aria-level=\"1\"><span style=\"color: #000000;\"><b>Usuwanie szkodliwych zwi\u0105zk\u00f3w organicznych<\/b><\/span><\/li>\n<li style=\"font-weight: 400;\" aria-level=\"1\"><span style=\"color: #000000;\"><b>Kondycja wody<\/b><\/span><\/li>\n<li style=\"font-weight: 400;\" aria-level=\"1\"><span style=\"color: #000000;\"><b>Utrzymanie zdrowia ryb<\/b><\/span><\/li>\n<li style=\"font-weight: 400;\" aria-level=\"1\"><span style=\"color: #000000;\"><b>Zapewnienie niezb\u0119dnych mikro- i makroelement\u00f3w<\/b><\/span><\/li>\n<li style=\"font-weight: 400;\" aria-level=\"1\"><span style=\"color: #000000;\"><b>Przyspieszenie wzrostu ro\u015blin<\/b><\/span><\/li>\n<li style=\"font-weight: 400;\" aria-level=\"1\"><span style=\"color: #000000;\"><b>Redukcja poziomu azotan\u00f3w<\/b><\/span><\/li>\n<\/ul>\n<p><span style=\"color: #000000;\"><span style=\"font-weight: 400;\">Dzi\u0119ki temu zestawowi ka\u017cdy akwarysta mo\u017ce mie\u0107 pewno\u015b\u0107, \u017ce jego akwarium b\u0119dzie pod dobr\u0105 opiek\u0105 ju\u017c od pierwszego dnia.<\/span><\/span><\/p>\n<p>&nbsp;<\/p>\n<hr \/>\n<p>&nbsp;<\/p>\n<p><span style=\"color: #000000;\"><b>Zestaw zawiera nast\u0119puj\u0105ce produkty:<\/b><\/span><\/p>\n<ul>\n<li><span style=\"color: #000000;\"><a style=\"color: #000000;\" href=\"https:\/\/newaquaforest.stronazen.pl\/en\/products\/freshwater\/water-treatment-freshwater\/af-life-essence\/\"><b>AF Life Essence<\/b><\/a><span style=\"font-weight: 400;\"> &#8211; to wysokiej jako\u015bci produkt pe\u0142en bakterii nitryfikacyjnych, kt\u00f3ry przyspiesza dojrzewanie akwarium. Zalecany do nowo za\u0142o\u017conych akwari\u00f3w, jest r\u00f3wnie\u017c idealny do podmian wody, uzupe\u0142niaj\u0105c flor\u0119 bakteryjn\u0105. <\/span><\/span><\/li>\n<li><span style=\"color: #000000;\"><a style=\"color: #000000;\" href=\"https:\/\/newaquaforest.stronazen.pl\/en\/products\/freshwater\/water-treatment-freshwater\/af-water-conditioner\/\"><b>AF Water Conditioner<\/b><\/a><span style=\"font-weight: 400;\"> &#8211; AF Water Conditioner redukuje chlor i neutralizuje metale ci\u0119\u017ckie. Wzmacnia uk\u0142ad odporno\u015bciowy ryb i wspomaga regeneracj\u0119 ich sk\u00f3ry. <\/span><\/span><\/li>\n<li><span style=\"color: #000000;\"><a style=\"color: #000000;\" href=\"https:\/\/newaquaforest.stronazen.pl\/en\/products\/freshwater\/supplements-and-fertilizers\/af-micro\/\"><b>AF Micro<\/b><\/a><span style=\"font-weight: 400;\"> &#8211; wysoce skoncentrowany naw\u00f3z podstawowy pe\u0142en mikroelement\u00f3w niezb\u0119dnych do zdrowego wzrostu ro\u015blin. Unikalna formu\u0142a zapewnia intensywny kolor i przyspiesza wzrost ro\u015blin akwariowych. <\/span><\/span><\/li>\n<li><span style=\"color: #000000;\"><a style=\"color: #000000;\" href=\"https:\/\/newaquaforest.stronazen.pl\/en\/products\/freshwater\/supplements-and-fertilizers\/af-macro\/\"><b>AF Macro<\/b><\/a><span style=\"font-weight: 400;\"> &#8211; zestaw makroelement\u00f3w niezb\u0119dnych dla zdrowego wzrostu ro\u015blin. Unikalna formu\u0142a zapewnia szybki rozw\u00f3j ro\u015blin i ich \u017cywe wybarwienie. <\/span><\/span><\/li>\n<li><span style=\"color: #000000;\"><a style=\"color: #000000;\" href=\"https:\/\/newaquaforest.stronazen.pl\/en\/products\/freshwater\/water-treatment-freshwater\/af-purifying-resin\/\"><b>AF Purifying Resin<\/b><\/a><span style=\"font-weight: 400;\"> &#8211; to specjalistyczna \u017cywica jonowymienna przeznaczona do akwari\u00f3w zmagaj\u0105cych si\u0119 z wysokim poziomem azotan\u00f3w. Azotany s\u0105 skutecznie usuwane bez wp\u0142ywu na st\u0119\u017cenie minera\u0142\u00f3w. <\/span><\/span><\/li>\n<li><span style=\"color: #000000;\"><a style=\"color: #000000;\" href=\"https:\/\/newaquaforest.stronazen.pl\/en\/products\/freshwater\/water-treatment-freshwater\/af-carbon\/\"><b>AF Carbon<\/b><\/a><span style=\"font-weight: 400;\"> &#8211; W\u0119giel aktywowany par\u0105 wodn\u0105, skutecznie usuwa niepo\u017c\u0105dane substancje chemiczne, poprawiaj\u0105c klarowno\u015b\u0107 wody. Zalecany podczas dojrzewania akwarium oraz jako \u015brodek usuwaj\u0105cy pozosta\u0142o\u015bci lek\u00f3w po leczeniu ryb. <\/span><\/span><\/li>\n<li><span style=\"color: #000000;\"><a style=\"color: #000000;\" href=\"https:\/\/newaquaforest.stronazen.pl\/en\/products\/freshwater\/supplements-and-fertilizers\/af-carbon-boost\/\"><b>AF Carbon Boost <\/b><\/a><span style=\"font-weight: 400;\">&#8211; wysoce skuteczny suplement zawieraj\u0105cy \u0142atwo przyswajalny w\u0119giel, przeznaczony do wspomagania rozwoju ro\u015blin. Regularne stosowanie pozwala utrzyma\u0107 zbiornik w doskona\u0142ej kondycji i pozby\u0107 si\u0119 glon\u00f3w. <\/span><\/span><\/li>\n<\/ul>\n","protected":false},"excerpt":{"rendered":"<p>Kompletny zestaw produkt\u00f3w u\u0142atwiaj\u0105cy rozpocz\u0119cie przygody z akwarystyk\u0105 s\u0142odkowodn\u0105.<\/p>\n","protected":false},"featured_media":7034,"template":"","meta":{"_acf_changed":false,"content-type":""},"product_brand":[],"product_cat":[1137,1139],"product_tag":[1121,967,1096,1421],"class_list":{"0":"post-12341","1":"product","2":"type-product","3":"status-publish","4":"has-post-thumbnail","6":"product_cat-suplementy-i-nawozy","7":"product_cat-utrzymanie-parametrow-wody","8":"product_tag-akwarystyka-slodkowodna","9":"product_tag-aquaforest-pl","10":"product_tag-chemia-wody","11":"product_tag-simple-pl","13":"first","14":"instock","15":"taxable","16":"shipping-taxable","17":"purchasable","18":"product-type-simple"},"acf":[],"yoast_head":"<!-- This site is optimized with the Yoast SEO plugin v27.1.1 - https:\/\/yoast.com\/product\/yoast-seo-wordpress\/ -->\n<title>AF StarterPack Freshwater - Aquaforest<\/title>\n<meta name=\"description\" content=\"Starter Pack to kompletny zestaw produkt\u00f3w u\u0142atwiaj\u0105cy rozpocz\u0119cie przygody z akwarystyk\u0105 s\u0142odkowodn\u0105!\" \/>\n<meta name=\"robots\" content=\"index, follow, max-snippet:-1, max-image-preview:large, max-video-preview:-1\" \/>\n<link rel=\"canonical\" href=\"https:\/\/aquaforest.eu\/pl\/produkty\/freshwater\/suplementy-i-nawozy\/af-starterpack-freshwater\/\" \/>\n<meta property=\"og:locale\" content=\"pl_PL\" \/>\n<meta property=\"og:type\" content=\"article\" \/>\n<meta property=\"og:title\" content=\"AF StarterPack Freshwater - Aquaforest\" \/>\n<meta property=\"og:description\" content=\"Starter Pack to kompletny zestaw produkt\u00f3w u\u0142atwiaj\u0105cy rozpocz\u0119cie przygody z akwarystyk\u0105 s\u0142odkowodn\u0105!\" \/>\n<meta property=\"og:url\" content=\"https:\/\/aquaforest.eu\/pl\/produkty\/freshwater\/suplementy-i-nawozy\/af-starterpack-freshwater\/\" \/>\n<meta property=\"og:site_name\" content=\"Aquaforest\" \/>\n<meta property=\"article:publisher\" content=\"https:\/\/www.facebook.com\/Aquaforest\/\" \/>\n<meta property=\"article:modified_time\" content=\"2024-11-25T11:23:51+00:00\" \/>\n<meta property=\"og:image\" content=\"https:\/\/aquaforest.eu\/wp-content\/uploads\/2024\/07\/Zestaw-startowy-akwarium-slodkowodnego-1-1.png\" \/>\n\t<meta property=\"og:image:width\" content=\"650\" \/>\n\t<meta property=\"og:image:height\" content=\"650\" \/>\n\t<meta property=\"og:image:type\" content=\"image\/png\" \/>\n<meta name=\"twitter:card\" content=\"summary_large_image\" \/>\n<meta name=\"twitter:label1\" content=\"Szacowany czas czytania\" \/>\n\t<meta name=\"twitter:data1\" content=\"2 minuty\" \/>\n<script type=\"application\/ld+json\" class=\"yoast-schema-graph\">{\"@context\":\"https:\/\/schema.org\",\"@graph\":[{\"@type\":\"WebPage\",\"@id\":\"https:\/\/aquaforest.eu\/pl\/produkty\/freshwater\/suplementy-i-nawozy\/af-starterpack-freshwater\/\",\"url\":\"https:\/\/aquaforest.eu\/pl\/produkty\/freshwater\/suplementy-i-nawozy\/af-starterpack-freshwater\/\",\"name\":\"AF StarterPack Freshwater - Aquaforest\",\"isPartOf\":{\"@id\":\"https:\/\/aquaforest.eu\/pl\/#website\"},\"primaryImageOfPage\":{\"@id\":\"https:\/\/aquaforest.eu\/pl\/produkty\/freshwater\/suplementy-i-nawozy\/af-starterpack-freshwater\/#primaryimage\"},\"image\":{\"@id\":\"https:\/\/aquaforest.eu\/pl\/produkty\/freshwater\/suplementy-i-nawozy\/af-starterpack-freshwater\/#primaryimage\"},\"thumbnailUrl\":\"https:\/\/aquaforest.eu\/wp-content\/uploads\/2024\/07\/Zestaw-startowy-akwarium-slodkowodnego-1-1.png\",\"datePublished\":\"2024-08-10T23:32:50+00:00\",\"dateModified\":\"2024-11-25T11:23:51+00:00\",\"description\":\"Starter Pack to kompletny zestaw produkt\u00f3w u\u0142atwiaj\u0105cy rozpocz\u0119cie przygody z akwarystyk\u0105 s\u0142odkowodn\u0105!\",\"breadcrumb\":{\"@id\":\"https:\/\/aquaforest.eu\/pl\/produkty\/freshwater\/suplementy-i-nawozy\/af-starterpack-freshwater\/#breadcrumb\"},\"inLanguage\":\"pl-PL\",\"potentialAction\":[{\"@type\":\"ReadAction\",\"target\":[\"https:\/\/aquaforest.eu\/pl\/produkty\/freshwater\/suplementy-i-nawozy\/af-starterpack-freshwater\/\"]}]},{\"@type\":\"ImageObject\",\"inLanguage\":\"pl-PL\",\"@id\":\"https:\/\/aquaforest.eu\/pl\/produkty\/freshwater\/suplementy-i-nawozy\/af-starterpack-freshwater\/#primaryimage\",\"url\":\"https:\/\/aquaforest.eu\/wp-content\/uploads\/2024\/07\/Zestaw-startowy-akwarium-slodkowodnego-1-1.png\",\"contentUrl\":\"https:\/\/aquaforest.eu\/wp-content\/uploads\/2024\/07\/Zestaw-startowy-akwarium-slodkowodnego-1-1.png\",\"width\":650,\"height\":650},{\"@type\":\"BreadcrumbList\",\"@id\":\"https:\/\/aquaforest.eu\/pl\/produkty\/freshwater\/suplementy-i-nawozy\/af-starterpack-freshwater\/#breadcrumb\",\"itemListElement\":[{\"@type\":\"ListItem\",\"position\":1,\"name\":\"Home\",\"item\":\"https:\/\/aquaforest.eu\/pl\/\"},{\"@type\":\"ListItem\",\"position\":2,\"name\":\"Produkty\",\"item\":\"https:\/\/aquaforest.eu\/pl\/produkty\/\"},{\"@type\":\"ListItem\",\"position\":3,\"name\":\"AF StarterPack Freshwater\"}]},{\"@type\":\"WebSite\",\"@id\":\"https:\/\/aquaforest.eu\/pl\/#website\",\"url\":\"https:\/\/aquaforest.eu\/pl\/\",\"name\":\"Aquaforest\",\"description\":\"\",\"publisher\":{\"@id\":\"https:\/\/aquaforest.eu\/pl\/#organization\"},\"potentialAction\":[{\"@type\":\"SearchAction\",\"target\":{\"@type\":\"EntryPoint\",\"urlTemplate\":\"https:\/\/aquaforest.eu\/pl\/?s={search_term_string}\"},\"query-input\":{\"@type\":\"PropertyValueSpecification\",\"valueRequired\":true,\"valueName\":\"search_term_string\"}}],\"inLanguage\":\"pl-PL\"},{\"@type\":\"Organization\",\"@id\":\"https:\/\/aquaforest.eu\/pl\/#organization\",\"name\":\"Aquaforest\",\"url\":\"https:\/\/aquaforest.eu\/pl\/\",\"logo\":{\"@type\":\"ImageObject\",\"inLanguage\":\"pl-PL\",\"@id\":\"https:\/\/aquaforest.eu\/pl\/#\/schema\/logo\/image\/\",\"url\":\"https:\/\/aquaforest.eu\/wp-content\/uploads\/2024\/05\/logotyp-aquaforest.svg\",\"contentUrl\":\"https:\/\/aquaforest.eu\/wp-content\/uploads\/2024\/05\/logotyp-aquaforest.svg\",\"width\":170,\"height\":22,\"caption\":\"Aquaforest\"},\"image\":{\"@id\":\"https:\/\/aquaforest.eu\/pl\/#\/schema\/logo\/image\/\"},\"sameAs\":[\"https:\/\/www.facebook.com\/Aquaforest\/\",\"https:\/\/www.instagram.com\/aquaforest.eu\/\"]}]}<\/script>\n<!-- \/ Yoast SEO plugin. -->","yoast_head_json":{"title":"AF StarterPack Freshwater - Aquaforest","description":"Starter Pack to kompletny zestaw produkt\u00f3w u\u0142atwiaj\u0105cy rozpocz\u0119cie przygody z akwarystyk\u0105 s\u0142odkowodn\u0105!","robots":{"index":"index","follow":"follow","max-snippet":"max-snippet:-1","max-image-preview":"max-image-preview:large","max-video-preview":"max-video-preview:-1"},"canonical":"https:\/\/aquaforest.eu\/pl\/produkty\/freshwater\/suplementy-i-nawozy\/af-starterpack-freshwater\/","og_locale":"pl_PL","og_type":"article","og_title":"AF StarterPack Freshwater - Aquaforest","og_description":"Starter Pack to kompletny zestaw produkt\u00f3w u\u0142atwiaj\u0105cy rozpocz\u0119cie przygody z akwarystyk\u0105 s\u0142odkowodn\u0105!","og_url":"https:\/\/aquaforest.eu\/pl\/produkty\/freshwater\/suplementy-i-nawozy\/af-starterpack-freshwater\/","og_site_name":"Aquaforest","article_publisher":"https:\/\/www.facebook.com\/Aquaforest\/","article_modified_time":"2024-11-25T11:23:51+00:00","og_image":[{"width":650,"height":650,"url":"https:\/\/aquaforest.eu\/wp-content\/uploads\/2024\/07\/Zestaw-startowy-akwarium-slodkowodnego-1-1.png","type":"image\/png"}],"twitter_card":"summary_large_image","twitter_misc":{"Szacowany czas czytania":"2 minuty"},"schema":{"@context":"https:\/\/schema.org","@graph":[{"@type":"WebPage","@id":"https:\/\/aquaforest.eu\/pl\/produkty\/freshwater\/suplementy-i-nawozy\/af-starterpack-freshwater\/","url":"https:\/\/aquaforest.eu\/pl\/produkty\/freshwater\/suplementy-i-nawozy\/af-starterpack-freshwater\/","name":"AF StarterPack Freshwater - Aquaforest","isPartOf":{"@id":"https:\/\/aquaforest.eu\/pl\/#website"},"primaryImageOfPage":{"@id":"https:\/\/aquaforest.eu\/pl\/produkty\/freshwater\/suplementy-i-nawozy\/af-starterpack-freshwater\/#primaryimage"},"image":{"@id":"https:\/\/aquaforest.eu\/pl\/produkty\/freshwater\/suplementy-i-nawozy\/af-starterpack-freshwater\/#primaryimage"},"thumbnailUrl":"https:\/\/aquaforest.eu\/wp-content\/uploads\/2024\/07\/Zestaw-startowy-akwarium-slodkowodnego-1-1.png","datePublished":"2024-08-10T23:32:50+00:00","dateModified":"2024-11-25T11:23:51+00:00","description":"Starter Pack to kompletny zestaw produkt\u00f3w u\u0142atwiaj\u0105cy rozpocz\u0119cie przygody z akwarystyk\u0105 s\u0142odkowodn\u0105!","breadcrumb":{"@id":"https:\/\/aquaforest.eu\/pl\/produkty\/freshwater\/suplementy-i-nawozy\/af-starterpack-freshwater\/#breadcrumb"},"inLanguage":"pl-PL","potentialAction":[{"@type":"ReadAction","target":["https:\/\/aquaforest.eu\/pl\/produkty\/freshwater\/suplementy-i-nawozy\/af-starterpack-freshwater\/"]}]},{"@type":"ImageObject","inLanguage":"pl-PL","@id":"https:\/\/aquaforest.eu\/pl\/produkty\/freshwater\/suplementy-i-nawozy\/af-starterpack-freshwater\/#primaryimage","url":"https:\/\/aquaforest.eu\/wp-content\/uploads\/2024\/07\/Zestaw-startowy-akwarium-slodkowodnego-1-1.png","contentUrl":"https:\/\/aquaforest.eu\/wp-content\/uploads\/2024\/07\/Zestaw-startowy-akwarium-slodkowodnego-1-1.png","width":650,"height":650},{"@type":"BreadcrumbList","@id":"https:\/\/aquaforest.eu\/pl\/produkty\/freshwater\/suplementy-i-nawozy\/af-starterpack-freshwater\/#breadcrumb","itemListElement":[{"@type":"ListItem","position":1,"name":"Home","item":"https:\/\/aquaforest.eu\/pl\/"},{"@type":"ListItem","position":2,"name":"Produkty","item":"https:\/\/aquaforest.eu\/pl\/produkty\/"},{"@type":"ListItem","position":3,"name":"AF StarterPack Freshwater"}]},{"@type":"WebSite","@id":"https:\/\/aquaforest.eu\/pl\/#website","url":"https:\/\/aquaforest.eu\/pl\/","name":"Aquaforest","description":"","publisher":{"@id":"https:\/\/aquaforest.eu\/pl\/#organization"},"potentialAction":[{"@type":"SearchAction","target":{"@type":"EntryPoint","urlTemplate":"https:\/\/aquaforest.eu\/pl\/?s={search_term_string}"},"query-input":{"@type":"PropertyValueSpecification","valueRequired":true,"valueName":"search_term_string"}}],"inLanguage":"pl-PL"},{"@type":"Organization","@id":"https:\/\/aquaforest.eu\/pl\/#organization","name":"Aquaforest","url":"https:\/\/aquaforest.eu\/pl\/","logo":{"@type":"ImageObject","inLanguage":"pl-PL","@id":"https:\/\/aquaforest.eu\/pl\/#\/schema\/logo\/image\/","url":"https:\/\/aquaforest.eu\/wp-content\/uploads\/2024\/05\/logotyp-aquaforest.svg","contentUrl":"https:\/\/aquaforest.eu\/wp-content\/uploads\/2024\/05\/logotyp-aquaforest.svg","width":170,"height":22,"caption":"Aquaforest"},"image":{"@id":"https:\/\/aquaforest.eu\/pl\/#\/schema\/logo\/image\/"},"sameAs":["https:\/\/www.facebook.com\/Aquaforest\/","https:\/\/www.instagram.com\/aquaforest.eu\/"]}]}},"_links":{"self":[{"href":"https:\/\/aquaforest.eu\/pl\/wp-json\/wp\/v2\/product\/12341","targetHints":{"allow":["GET"]}}],"collection":[{"href":"https:\/\/aquaforest.eu\/pl\/wp-json\/wp\/v2\/product"}],"about":[{"href":"https:\/\/aquaforest.eu\/pl\/wp-json\/wp\/v2\/types\/product"}],"version-history":[{"count":0,"href":"https:\/\/aquaforest.eu\/pl\/wp-json\/wp\/v2\/product\/12341\/revisions"}],"wp:featuredmedia":[{"embeddable":true,"href":"https:\/\/aquaforest.eu\/pl\/wp-json\/wp\/v2\/media\/7034"}],"wp:attachment":[{"href":"https:\/\/aquaforest.eu\/pl\/wp-json\/wp\/v2\/media?parent=12341"}],"wp:term":[{"taxonomy":"product_brand","embeddable":true,"href":"https:\/\/aquaforest.eu\/pl\/wp-json\/wp\/v2\/product_brand?post=12341"},{"taxonomy":"product_cat","embeddable":true,"href":"https:\/\/aquaforest.eu\/pl\/wp-json\/wp\/v2\/product_cat?post=12341"},{"taxonomy":"product_tag","embeddable":true,"href":"https:\/\/aquaforest.eu\/pl\/wp-json\/wp\/v2\/product_tag?post=12341"}],"curies":[{"name":"wp","href":"https:\/\/api.w.org\/{rel}","templated":true}]}}