{"id":12470,"date":"2024-07-02T01:30:27","date_gmt":"2024-07-01T23:30:27","guid":{"rendered":"https:\/\/aquaforest.eu\/products\/bez-kategorii\/af-oceanguard-435\/"},"modified":"2025-03-19T12:26:54","modified_gmt":"2025-03-19T11:26:54","slug":"af-oceanguard-435","status":"publish","type":"product","link":"https:\/\/aquaforest.eu\/pl\/produkty\/oceanguard\/af-oceanguard-435\/","title":{"rendered":"Akwarium AF OceanGuard 435"},"content":{"rendered":"<div data-desktop-col=\"one\" data-tablet-col=\"tablet-one\" data-mobile-col=\"mobile-one\">\n<div>\n<div>\n<div>\n<h3>kluczowe parametry techniczne akwarium AF OceanGuard 435<\/h3>\n<\/div>\n<\/div>\n<\/div>\n<\/div>\n<div data-desktop-col=\"one-second\" data-tablet-col=\"tablet-one-second\" data-mobile-col=\"mobile-one\">\n<div>\n<div>\n<div>\n<div>\n<h4>AF OceanGuard 435: najwy\u017cszej klasy rozwi\u0105zanie do refowania i najwy\u017csza jako\u015b\u0107<\/h4>\n<p>Nowoczesne technologie w po\u0142\u0105czeniu z wieloletnim do\u015bwiadczeniem akwarystycznym pozwoli\u0142y nam stworzy\u0107 AF Aquariums. Najwy\u017csza gwarancja jako\u015bci i szczelno\u015bci. Wysokie walory estetyczne. To efekt wsp\u00f3\u0142pracy najlepszych in\u017cynier\u00f3w i akwaryst\u00f3w, z kt\u00f3rymi stworzyli\u015bmy najlepsze rozwi\u0105zania dla raf koralowych.<br \/>\nZdecydowali\u015bmy si\u0119 na zastosowanie szk\u0142a Optiwhite\u2122 i czarnego silikonu, opracowanych specjalnie na potrzeby akwari\u00f3w morskich i gwarantuj\u0105cych najwy\u017csz\u0105 wodoszczelno\u015b\u0107.<br \/>\nKrystalicznie przejrzyste szk\u0142o nie zniekszta\u0142ca kolor\u00f3w, jest \u0142atwe w czyszczeniu i ma zwi\u0119kszon\u0105 odporno\u015b\u0107 na zarysowania.<br \/>\nPilkington Optiwhite\u2122 to super przejrzyste szk\u0142o o niskiej zawarto\u015bci \u017celaza, bez zielonkawego odcienia, co jest niezwykle wa\u017cne zw\u0142aszcza w akwariach morskich z grubym szk\u0142em.<br \/>\nUltra r\u00f3wna powierzchnia jest gwarantowana przez najwy\u017cszej jako\u015bci proces produkcyjny i zapewnia brak zniekszta\u0142ce\u0144, zapewniaj\u0105c idealne warunki do obserwacji koralowc\u00f3w.<br \/>\nCzarna skrzynka przelewowa, dno i tylna szyba gwarantuj\u0105 wysok\u0105 estetyk\u0119.<br \/>\nZdejmowany grzebie\u0144 jazu jest \u0142atwy w czyszczeniu, a dzi\u0119ki pokrywie t\u0142umi\u0105cej ha\u0142as przep\u0142yw wody jest prawie nies\u0142yszalny.<br \/>\nProfesjonalna pianka zapewnia bezpiecze\u0144stwo i umo\u017cliwia \u0142atwy monta\u017c akwarium na szafce.<br \/>\nOdpowiednia grubo\u015b\u0107 szk\u0142a pozwoli\u0142a nam stworzy\u0107 akwarium bezramkowe przy zachowaniu doskona\u0142ej przepuszczalno\u015bci \u015bwiat\u0142a i pe\u0142nego bezpiecze\u0144stwa zestawu.<\/p>\n<\/div>\n<div>\n<p>&nbsp;<\/p>\n<hr \/>\n<h4><\/h4>\n<h4>CO CZYNI NAS WYJ\u0104TKOWYMI?<\/h4>\n<h6>GWARANTOWANE BEZPIECZE\u0143STWO<\/h6>\n<ul>\n<li>Bez kompromis\u00f3w w zakresie jako\u015bci &#8211; zastosowana technologia jacht\u00f3w morskich<\/li>\n<li>prawid\u0142owa instalacja i dok\u0142adne testy &#8211; konstrukcja ze sklejki li\u015bciastej dostarczana w stanie zmontowanym<\/li>\n<li>wysokowytrzyma\u0142e z\u0142\u0105cza, po\u0142\u0105czenia, \u015bruby i zawiasy<\/li>\n<li>Tylko materia\u0142y wodoodporne &#8211; brak odkszta\u0142ce\u0144 i ugi\u0119\u0107<\/li>\n<li>odpowiednia grubo\u015b\u0107 szk\u0142a i silikon stworzony do cel\u00f3w refowania<\/li>\n<li>10 razy wi\u0119ksza wytrzyma\u0142o\u015b\u0107!<\/li>\n<li>4 lata gwarancji<\/li>\n<\/ul>\n<p>&nbsp;<\/p>\n<hr \/>\n<h6><\/h6>\n<h6>ROZWI\u0104ZANIA OPARTE NA DO\u015aWIADCZENIU, KT\u00d3RE SPRAWI\u0104, \u017bE TWOJE KORALOWCE B\u0118D\u0104 SI\u0118 DOBRZE ROZWIJA\u0106<\/h6>\n<ul>\n<li>Zaprojektowany przez najlepszych akwaryst\u00f3w skupionych na dzieleniu si\u0119 swoimi sukcesami z innymi<\/li>\n<li>wiemy, co jest wa\u017cne &#8211; wydajna filtracja gwarantowana przez rury o odpowiedniej \u015brednicy<\/li>\n<li>Wysokiej jako\u015bci zasuwa do precyzyjnej regulacji poziomu wody<\/li>\n<li>rozwi\u0105zania opracowane w celu zapewnienia najbardziej wymagaj\u0105cym koralowcom optymalnego siedliska<\/li>\n<li>\u0141atwe czyszczenie i konserwacja<\/li>\n<li>Inteligentnie zaprojektowane komory kaskadowe wspomagaj\u0105ce proces filtracji<\/li>\n<li>zawsze b\u0105d\u017a przygotowany &#8211; w przypadku zaniku zasilania zaw\u00f3r zwrotny zapobiega przedostawaniu si\u0119 wody do studzienki<\/li>\n<\/ul>\n<p>&nbsp;<\/p>\n<hr \/>\n<h6><\/h6>\n<h6>ULTRA CICHA PRACA DLA MAKSYMALNEGO KOMFORTU<\/h6>\n<ul>\n<li>Pianka antywibracyjna na misce olejowej i wy\u015bwietlaczu<\/li>\n<li>samopoziomuj\u0105cy przep\u0142yw w d\u00f3\u0142 z pokryw\u0105 wyciszaj\u0105c\u0105 na przelewie<\/li>\n<li>Inteligentnie zaprojektowane komory wychwytowe redukuj\u0105ce szumy przep\u0142ywu wody<\/li>\n<li>Precyzyjna regulacja poziomu wody i redukcja szum\u00f3w za pomoc\u0105 zasuwy<\/li>\n<\/ul>\n<p><a href=\"https:\/\/aquaforest.eu\/wp-content\/uploads\/2024\/07\/AF43590_UNBOXING-MANUAL_DRUK_230321_zmiany.pdf\">Instrukcja &#8211; AF OceanGuard 435 &#8211; Pobierz<\/a><\/p>\n<\/div>\n<\/div>\n<\/div>\n<\/div>\n<\/div>\n","protected":false},"excerpt":{"rendered":"<p>System akwariowy 435 L | 115 US GAL. Bardzo niska zawarto\u015b\u0107 \u017celaza, krystalicznie czyste szk\u0142o i wydajna filtracja.<\/p>\n","protected":false},"featured_media":15580,"template":"","meta":{"_acf_changed":false,"content-type":""},"product_brand":[],"product_cat":[1129],"product_tag":[1021],"class_list":{"0":"post-12470","1":"product","2":"type-product","3":"status-publish","4":"has-post-thumbnail","6":"product_cat-oceanguard","7":"product_tag-oceanguard-pl","9":"first","10":"outofstock","11":"taxable","12":"shipping-taxable","13":"purchasable","14":"product-type-simple"},"acf":[],"yoast_head":"<!-- This site is optimized with the Yoast SEO plugin v27.1.1 - https:\/\/yoast.com\/product\/yoast-seo-wordpress\/ -->\n<title>Akwarium AF OceanGuard 435 - Aquaforest<\/title>\n<meta name=\"description\" content=\"Zestaw akwariowy AF435 ze szk\u0142em o bardzo niskiej zawarto\u015bci \u017celaza. Wysoce wydajny system filtracji.\" \/>\n<meta name=\"robots\" content=\"index, follow, max-snippet:-1, max-image-preview:large, max-video-preview:-1\" \/>\n<link rel=\"canonical\" href=\"https:\/\/aquaforest.eu\/pl\/produkty\/oceanguard\/af-oceanguard-435\/\" \/>\n<meta property=\"og:locale\" content=\"pl_PL\" \/>\n<meta property=\"og:type\" content=\"article\" \/>\n<meta property=\"og:title\" content=\"Akwarium AF OceanGuard 435 - Aquaforest\" \/>\n<meta property=\"og:description\" content=\"Zestaw akwariowy AF435 ze szk\u0142em o bardzo niskiej zawarto\u015bci \u017celaza. Wysoce wydajny system filtracji.\" \/>\n<meta property=\"og:url\" content=\"https:\/\/aquaforest.eu\/pl\/produkty\/oceanguard\/af-oceanguard-435\/\" \/>\n<meta property=\"og:site_name\" content=\"Aquaforest\" \/>\n<meta property=\"article:publisher\" content=\"https:\/\/www.facebook.com\/Aquaforest\/\" \/>\n<meta property=\"article:modified_time\" content=\"2025-03-19T11:26:54+00:00\" \/>\n<meta property=\"og:image\" content=\"https:\/\/aquaforest.eu\/wp-content\/uploads\/2024\/07\/OceanGuard-4351.jpg\" \/>\n\t<meta property=\"og:image:width\" content=\"1322\" \/>\n\t<meta property=\"og:image:height\" content=\"1322\" \/>\n\t<meta property=\"og:image:type\" content=\"image\/jpeg\" \/>\n<meta name=\"twitter:card\" content=\"summary_large_image\" \/>\n<meta name=\"twitter:label1\" content=\"Szacowany czas czytania\" \/>\n\t<meta name=\"twitter:data1\" content=\"2 minuty\" \/>\n<script type=\"application\/ld+json\" class=\"yoast-schema-graph\">{\"@context\":\"https:\/\/schema.org\",\"@graph\":[{\"@type\":\"WebPage\",\"@id\":\"https:\/\/aquaforest.eu\/pl\/produkty\/oceanguard\/af-oceanguard-435\/\",\"url\":\"https:\/\/aquaforest.eu\/pl\/produkty\/oceanguard\/af-oceanguard-435\/\",\"name\":\"Akwarium AF OceanGuard 435 - Aquaforest\",\"isPartOf\":{\"@id\":\"https:\/\/aquaforest.eu\/pl\/#website\"},\"primaryImageOfPage\":{\"@id\":\"https:\/\/aquaforest.eu\/pl\/produkty\/oceanguard\/af-oceanguard-435\/#primaryimage\"},\"image\":{\"@id\":\"https:\/\/aquaforest.eu\/pl\/produkty\/oceanguard\/af-oceanguard-435\/#primaryimage\"},\"thumbnailUrl\":\"https:\/\/aquaforest.eu\/wp-content\/uploads\/2024\/07\/OceanGuard-4351.jpg\",\"datePublished\":\"2024-07-01T23:30:27+00:00\",\"dateModified\":\"2025-03-19T11:26:54+00:00\",\"description\":\"Zestaw akwariowy AF435 ze szk\u0142em o bardzo niskiej zawarto\u015bci \u017celaza. Wysoce wydajny system filtracji.\",\"breadcrumb\":{\"@id\":\"https:\/\/aquaforest.eu\/pl\/produkty\/oceanguard\/af-oceanguard-435\/#breadcrumb\"},\"inLanguage\":\"pl-PL\",\"potentialAction\":[{\"@type\":\"ReadAction\",\"target\":[\"https:\/\/aquaforest.eu\/pl\/produkty\/oceanguard\/af-oceanguard-435\/\"]}]},{\"@type\":\"ImageObject\",\"inLanguage\":\"pl-PL\",\"@id\":\"https:\/\/aquaforest.eu\/pl\/produkty\/oceanguard\/af-oceanguard-435\/#primaryimage\",\"url\":\"https:\/\/aquaforest.eu\/wp-content\/uploads\/2024\/07\/OceanGuard-4351.jpg\",\"contentUrl\":\"https:\/\/aquaforest.eu\/wp-content\/uploads\/2024\/07\/OceanGuard-4351.jpg\",\"width\":1322,\"height\":1322},{\"@type\":\"BreadcrumbList\",\"@id\":\"https:\/\/aquaforest.eu\/pl\/produkty\/oceanguard\/af-oceanguard-435\/#breadcrumb\",\"itemListElement\":[{\"@type\":\"ListItem\",\"position\":1,\"name\":\"Home\",\"item\":\"https:\/\/aquaforest.eu\/pl\/\"},{\"@type\":\"ListItem\",\"position\":2,\"name\":\"Produkty\",\"item\":\"https:\/\/aquaforest.eu\/pl\/produkty\/\"},{\"@type\":\"ListItem\",\"position\":3,\"name\":\"Akwarium AF OceanGuard 435\"}]},{\"@type\":\"WebSite\",\"@id\":\"https:\/\/aquaforest.eu\/pl\/#website\",\"url\":\"https:\/\/aquaforest.eu\/pl\/\",\"name\":\"Aquaforest\",\"description\":\"\",\"publisher\":{\"@id\":\"https:\/\/aquaforest.eu\/pl\/#organization\"},\"potentialAction\":[{\"@type\":\"SearchAction\",\"target\":{\"@type\":\"EntryPoint\",\"urlTemplate\":\"https:\/\/aquaforest.eu\/pl\/?s={search_term_string}\"},\"query-input\":{\"@type\":\"PropertyValueSpecification\",\"valueRequired\":true,\"valueName\":\"search_term_string\"}}],\"inLanguage\":\"pl-PL\"},{\"@type\":\"Organization\",\"@id\":\"https:\/\/aquaforest.eu\/pl\/#organization\",\"name\":\"Aquaforest\",\"url\":\"https:\/\/aquaforest.eu\/pl\/\",\"logo\":{\"@type\":\"ImageObject\",\"inLanguage\":\"pl-PL\",\"@id\":\"https:\/\/aquaforest.eu\/pl\/#\/schema\/logo\/image\/\",\"url\":\"https:\/\/aquaforest.eu\/wp-content\/uploads\/2024\/05\/logotyp-aquaforest.svg\",\"contentUrl\":\"https:\/\/aquaforest.eu\/wp-content\/uploads\/2024\/05\/logotyp-aquaforest.svg\",\"width\":170,\"height\":22,\"caption\":\"Aquaforest\"},\"image\":{\"@id\":\"https:\/\/aquaforest.eu\/pl\/#\/schema\/logo\/image\/\"},\"sameAs\":[\"https:\/\/www.facebook.com\/Aquaforest\/\",\"https:\/\/www.instagram.com\/aquaforest.eu\/\"]}]}<\/script>\n<!-- \/ Yoast SEO plugin. -->","yoast_head_json":{"title":"Akwarium AF OceanGuard 435 - Aquaforest","description":"Zestaw akwariowy AF435 ze szk\u0142em o bardzo niskiej zawarto\u015bci \u017celaza. Wysoce wydajny system filtracji.","robots":{"index":"index","follow":"follow","max-snippet":"max-snippet:-1","max-image-preview":"max-image-preview:large","max-video-preview":"max-video-preview:-1"},"canonical":"https:\/\/aquaforest.eu\/pl\/produkty\/oceanguard\/af-oceanguard-435\/","og_locale":"pl_PL","og_type":"article","og_title":"Akwarium AF OceanGuard 435 - Aquaforest","og_description":"Zestaw akwariowy AF435 ze szk\u0142em o bardzo niskiej zawarto\u015bci \u017celaza. Wysoce wydajny system filtracji.","og_url":"https:\/\/aquaforest.eu\/pl\/produkty\/oceanguard\/af-oceanguard-435\/","og_site_name":"Aquaforest","article_publisher":"https:\/\/www.facebook.com\/Aquaforest\/","article_modified_time":"2025-03-19T11:26:54+00:00","og_image":[{"width":1322,"height":1322,"url":"https:\/\/aquaforest.eu\/wp-content\/uploads\/2024\/07\/OceanGuard-4351.jpg","type":"image\/jpeg"}],"twitter_card":"summary_large_image","twitter_misc":{"Szacowany czas czytania":"2 minuty"},"schema":{"@context":"https:\/\/schema.org","@graph":[{"@type":"WebPage","@id":"https:\/\/aquaforest.eu\/pl\/produkty\/oceanguard\/af-oceanguard-435\/","url":"https:\/\/aquaforest.eu\/pl\/produkty\/oceanguard\/af-oceanguard-435\/","name":"Akwarium AF OceanGuard 435 - Aquaforest","isPartOf":{"@id":"https:\/\/aquaforest.eu\/pl\/#website"},"primaryImageOfPage":{"@id":"https:\/\/aquaforest.eu\/pl\/produkty\/oceanguard\/af-oceanguard-435\/#primaryimage"},"image":{"@id":"https:\/\/aquaforest.eu\/pl\/produkty\/oceanguard\/af-oceanguard-435\/#primaryimage"},"thumbnailUrl":"https:\/\/aquaforest.eu\/wp-content\/uploads\/2024\/07\/OceanGuard-4351.jpg","datePublished":"2024-07-01T23:30:27+00:00","dateModified":"2025-03-19T11:26:54+00:00","description":"Zestaw akwariowy AF435 ze szk\u0142em o bardzo niskiej zawarto\u015bci \u017celaza. Wysoce wydajny system filtracji.","breadcrumb":{"@id":"https:\/\/aquaforest.eu\/pl\/produkty\/oceanguard\/af-oceanguard-435\/#breadcrumb"},"inLanguage":"pl-PL","potentialAction":[{"@type":"ReadAction","target":["https:\/\/aquaforest.eu\/pl\/produkty\/oceanguard\/af-oceanguard-435\/"]}]},{"@type":"ImageObject","inLanguage":"pl-PL","@id":"https:\/\/aquaforest.eu\/pl\/produkty\/oceanguard\/af-oceanguard-435\/#primaryimage","url":"https:\/\/aquaforest.eu\/wp-content\/uploads\/2024\/07\/OceanGuard-4351.jpg","contentUrl":"https:\/\/aquaforest.eu\/wp-content\/uploads\/2024\/07\/OceanGuard-4351.jpg","width":1322,"height":1322},{"@type":"BreadcrumbList","@id":"https:\/\/aquaforest.eu\/pl\/produkty\/oceanguard\/af-oceanguard-435\/#breadcrumb","itemListElement":[{"@type":"ListItem","position":1,"name":"Home","item":"https:\/\/aquaforest.eu\/pl\/"},{"@type":"ListItem","position":2,"name":"Produkty","item":"https:\/\/aquaforest.eu\/pl\/produkty\/"},{"@type":"ListItem","position":3,"name":"Akwarium AF OceanGuard 435"}]},{"@type":"WebSite","@id":"https:\/\/aquaforest.eu\/pl\/#website","url":"https:\/\/aquaforest.eu\/pl\/","name":"Aquaforest","description":"","publisher":{"@id":"https:\/\/aquaforest.eu\/pl\/#organization"},"potentialAction":[{"@type":"SearchAction","target":{"@type":"EntryPoint","urlTemplate":"https:\/\/aquaforest.eu\/pl\/?s={search_term_string}"},"query-input":{"@type":"PropertyValueSpecification","valueRequired":true,"valueName":"search_term_string"}}],"inLanguage":"pl-PL"},{"@type":"Organization","@id":"https:\/\/aquaforest.eu\/pl\/#organization","name":"Aquaforest","url":"https:\/\/aquaforest.eu\/pl\/","logo":{"@type":"ImageObject","inLanguage":"pl-PL","@id":"https:\/\/aquaforest.eu\/pl\/#\/schema\/logo\/image\/","url":"https:\/\/aquaforest.eu\/wp-content\/uploads\/2024\/05\/logotyp-aquaforest.svg","contentUrl":"https:\/\/aquaforest.eu\/wp-content\/uploads\/2024\/05\/logotyp-aquaforest.svg","width":170,"height":22,"caption":"Aquaforest"},"image":{"@id":"https:\/\/aquaforest.eu\/pl\/#\/schema\/logo\/image\/"},"sameAs":["https:\/\/www.facebook.com\/Aquaforest\/","https:\/\/www.instagram.com\/aquaforest.eu\/"]}]}},"_links":{"self":[{"href":"https:\/\/aquaforest.eu\/pl\/wp-json\/wp\/v2\/product\/12470","targetHints":{"allow":["GET"]}}],"collection":[{"href":"https:\/\/aquaforest.eu\/pl\/wp-json\/wp\/v2\/product"}],"about":[{"href":"https:\/\/aquaforest.eu\/pl\/wp-json\/wp\/v2\/types\/product"}],"version-history":[{"count":3,"href":"https:\/\/aquaforest.eu\/pl\/wp-json\/wp\/v2\/product\/12470\/revisions"}],"predecessor-version":[{"id":21893,"href":"https:\/\/aquaforest.eu\/pl\/wp-json\/wp\/v2\/product\/12470\/revisions\/21893"}],"wp:featuredmedia":[{"embeddable":true,"href":"https:\/\/aquaforest.eu\/pl\/wp-json\/wp\/v2\/media\/15580"}],"wp:attachment":[{"href":"https:\/\/aquaforest.eu\/pl\/wp-json\/wp\/v2\/media?parent=12470"}],"wp:term":[{"taxonomy":"product_brand","embeddable":true,"href":"https:\/\/aquaforest.eu\/pl\/wp-json\/wp\/v2\/product_brand?post=12470"},{"taxonomy":"product_cat","embeddable":true,"href":"https:\/\/aquaforest.eu\/pl\/wp-json\/wp\/v2\/product_cat?post=12470"},{"taxonomy":"product_tag","embeddable":true,"href":"https:\/\/aquaforest.eu\/pl\/wp-json\/wp\/v2\/product_tag?post=12470"}],"curies":[{"name":"wp","href":"https:\/\/api.w.org\/{rel}","templated":true}]}}