{"id":16179,"date":"2024-09-27T16:05:26","date_gmt":"2024-09-27T14:05:26","guid":{"rendered":"https:\/\/aquaforest.eu\/products\/bez-kategorii\/af-marine-flakes\/"},"modified":"2026-04-30T13:02:04","modified_gmt":"2026-04-30T11:02:04","slug":"af-marine-flakes","status":"publish","type":"product","link":"https:\/\/aquaforest.eu\/pl\/produkty\/seawater\/pokarmy-i-suplementacja\/af-marine-flakes\/","title":{"rendered":"AF Marine Flakes"},"content":{"rendered":"<p>Pokarm stworzony specjalnie dla ryb ro\u015blino\u017cernych i wszystko\u017cernych, w najpopularniejszej i wygodnej formie \u2013 p\u0142atk\u00f3w, z unikalnym dodatkiem alg nori!<br \/>\nAlgi nori s\u0105 bogate w witaminy, minera\u0142y i bia\u0142ka, kt\u00f3re maj\u0105 kluczowy wp\u0142yw na prawid\u0142owy rozw\u00f3j i funkcjonowanie ryb. Algi te s\u0105 podstawowym pokarmem dla wielu gatunk\u00f3w \u017cyj\u0105cych na wolno\u015bci. Spirulina, kt\u00f3ra tak\u017ce jest sk\u0142adnikiem naszej karmy, zalicza si\u0119 do grupy produkt\u00f3w typu \u201csuperfoods\u201d. Znana jest z wysokiej zawarto\u015bci sk\u0142adnik\u00f3w od\u017cywczych, dzi\u0119ki temu wspomaga naturalne procesy trawienne ryb oraz wzmacnia uk\u0142ad odporno\u015bciowy przyczyniaj\u0105c si\u0119 do utrzymania ich zdrowia i witalno\u015bci.<br \/>\nRegularnie stosowane wzmacnia wybarwienie ryb dzi\u0119ki zawartych w spirulinie karotenoid\u00f3w.<\/p>\n<hr \/>\n<h3><strong>Co sprawia, \u017ce produkt ten jest wyj\u0105tkowy:<\/strong><\/h3>\n<ul>\n<li class=\"ewa-rteLine\">p\u0142atki, najbardziej popularna forma pokarmu,<\/li>\n<li class=\"ewa-rteLine\">wspiera prawid\u0142owy rozw\u00f3j i funkcjonowanie,<\/li>\n<li class=\"ewa-rteLine\">wspomaga naturalne procesy trawienne,<\/li>\n<li class=\"ewa-rteLine\">przyczynia si\u0119 do utrzymania zdrowia i witalno\u015bci,<\/li>\n<li class=\"ewa-rteLine\">stymuluj\u0105 wzrost i rozw\u00f3j,<\/li>\n<li class=\"ewa-rteLine\">wspiera system odporno\u015bciowy,<\/li>\n<li class=\"ewa-rteLine\">korzystnie wp\u0142ywa na intensywno\u015b\u0107 wybarwienia.<\/li>\n<\/ul>\n<hr \/>\n<h3><strong>Sk\u0142ad:<\/strong><\/h3>\n<p>spirulina, produkty zbo\u017cowe, bia\u0142ka ro\u015blinne, ryby i produkty rybne, mi\u0119czaki i skorupiaki, algi nori (5%), olej rybi , dro\u017cd\u017ce.<\/p>\n<hr \/>\n<h3><strong>Dodatki: <\/strong><\/h3>\n<p>wit. A 30000 IU\/kg, wit. C 50 mg\/kg, wit E 150 mg\/kg, wit. D3 2000 IU\/kg.<\/p>\n<hr \/>\n<h3><strong>Sk\u0142adniki analityczne:<\/strong><\/h3>\n<p>bia\u0142ko surowe: 34.5%, t\u0142uszcz surowy: 4%, w\u0142\u00f3kno surowe: 3.5%, popi\u00f3\u0142: 6.5%, wilgotno\u015b\u0107: 3%.<\/p>\n<hr \/>\n<h3><strong>Dawkowanie:<\/strong><\/h3>\n<p>Zalecamy karmienie ryb 1-2 razy dziennie, podaj\u0105c im ilo\u015b\u0107 karmy, kt\u00f3r\u0105 zdo\u0142aj\u0105 zje\u015b\u0107 w ci\u0105gu kilku minut. To zapewni im odpowiedni\u0105 dawk\u0119 sk\u0142adnik\u00f3w od\u017cywczych, nie powoduj\u0105c nadmierne zu\u017cycia ani marnowania karmy.<\/p>\n","protected":false},"excerpt":{"rendered":"<p>Pokarm stworzony specjalnie dla ryb ro\u015blino\u017cernych i wszystko\u017cernych, w najpopularniejszej i wygodnej formie \u2013 p\u0142atk\u00f3w, z unikalnym dodatkiem alg nori!<\/p>\n","protected":false},"featured_media":16163,"template":"","meta":{"_acf_changed":false,"content-type":""},"product_brand":[],"product_cat":[1151],"product_tag":[1569,1568,1421],"class_list":{"0":"post-16179","1":"product","2":"type-product","3":"status-publish","4":"has-post-thumbnail","6":"product_cat-pokarmy-i-suplementacja","7":"product_tag-foods-and-supplementation-pl","8":"product_tag-seawater-aquatic-pl","9":"product_tag-simple-pl","11":"first","12":"instock","13":"taxable","14":"shipping-taxable","15":"purchasable","16":"product-type-simple"},"acf":[],"yoast_head":"<!-- This site is optimized with the Yoast SEO plugin v27.1.1 - https:\/\/yoast.com\/product\/yoast-seo-wordpress\/ -->\n<title>AF Marine Flakes - Aquaforest<\/title>\n<meta name=\"description\" content=\"Pokarm stworzony specjalnie dla ryb ro\u015blino\u017cernych i wszystko\u017cernych, w najpopularniejszej i wygodnej formie \u2013 p\u0142atk\u00f3w, z unikalnym dodatkiem alg nori!\" \/>\n<meta name=\"robots\" content=\"index, follow, max-snippet:-1, max-image-preview:large, max-video-preview:-1\" \/>\n<link rel=\"canonical\" href=\"https:\/\/aquaforest.eu\/pl\/produkty\/seawater\/pokarmy-i-suplementacja\/af-marine-flakes\/\" \/>\n<meta property=\"og:locale\" content=\"pl_PL\" \/>\n<meta property=\"og:type\" content=\"article\" \/>\n<meta property=\"og:title\" content=\"AF Marine Flakes - Aquaforest\" \/>\n<meta property=\"og:description\" content=\"Pokarm stworzony specjalnie dla ryb ro\u015blino\u017cernych i wszystko\u017cernych, w najpopularniejszej i wygodnej formie \u2013 p\u0142atk\u00f3w, z unikalnym dodatkiem alg nori!\" \/>\n<meta property=\"og:url\" content=\"https:\/\/aquaforest.eu\/pl\/produkty\/seawater\/pokarmy-i-suplementacja\/af-marine-flakes\/\" \/>\n<meta property=\"og:site_name\" content=\"Aquaforest\" \/>\n<meta property=\"article:publisher\" content=\"https:\/\/www.facebook.com\/Aquaforest\/\" \/>\n<meta property=\"article:modified_time\" content=\"2026-04-30T11:02:04+00:00\" \/>\n<meta property=\"og:image\" content=\"https:\/\/aquaforest.eu\/wp-content\/uploads\/2024\/09\/Marine_flakes_25g_mockup-1-1024x1024.png\" \/>\n\t<meta property=\"og:image:width\" content=\"1024\" \/>\n\t<meta property=\"og:image:height\" content=\"1024\" \/>\n\t<meta property=\"og:image:type\" content=\"image\/png\" \/>\n<meta name=\"twitter:card\" content=\"summary_large_image\" \/>\n<meta name=\"twitter:label1\" content=\"Szacowany czas czytania\" \/>\n\t<meta name=\"twitter:data1\" content=\"2 minuty\" \/>\n<script type=\"application\/ld+json\" class=\"yoast-schema-graph\">{\"@context\":\"https:\/\/schema.org\",\"@graph\":[{\"@type\":\"WebPage\",\"@id\":\"https:\/\/aquaforest.eu\/pl\/produkty\/seawater\/pokarmy-i-suplementacja\/af-marine-flakes\/\",\"url\":\"https:\/\/aquaforest.eu\/pl\/produkty\/seawater\/pokarmy-i-suplementacja\/af-marine-flakes\/\",\"name\":\"AF Marine Flakes - Aquaforest\",\"isPartOf\":{\"@id\":\"https:\/\/aquaforest.eu\/pl\/#website\"},\"primaryImageOfPage\":{\"@id\":\"https:\/\/aquaforest.eu\/pl\/produkty\/seawater\/pokarmy-i-suplementacja\/af-marine-flakes\/#primaryimage\"},\"image\":{\"@id\":\"https:\/\/aquaforest.eu\/pl\/produkty\/seawater\/pokarmy-i-suplementacja\/af-marine-flakes\/#primaryimage\"},\"thumbnailUrl\":\"https:\/\/aquaforest.eu\/wp-content\/uploads\/2024\/09\/Marine_flakes_25g_mockup-1.png\",\"datePublished\":\"2024-09-27T14:05:26+00:00\",\"dateModified\":\"2026-04-30T11:02:04+00:00\",\"description\":\"Pokarm stworzony specjalnie dla ryb ro\u015blino\u017cernych i wszystko\u017cernych, w najpopularniejszej i wygodnej formie \u2013 p\u0142atk\u00f3w, z unikalnym dodatkiem alg nori!\",\"breadcrumb\":{\"@id\":\"https:\/\/aquaforest.eu\/pl\/produkty\/seawater\/pokarmy-i-suplementacja\/af-marine-flakes\/#breadcrumb\"},\"inLanguage\":\"pl-PL\",\"potentialAction\":[{\"@type\":\"ReadAction\",\"target\":[\"https:\/\/aquaforest.eu\/pl\/produkty\/seawater\/pokarmy-i-suplementacja\/af-marine-flakes\/\"]}]},{\"@type\":\"ImageObject\",\"inLanguage\":\"pl-PL\",\"@id\":\"https:\/\/aquaforest.eu\/pl\/produkty\/seawater\/pokarmy-i-suplementacja\/af-marine-flakes\/#primaryimage\",\"url\":\"https:\/\/aquaforest.eu\/wp-content\/uploads\/2024\/09\/Marine_flakes_25g_mockup-1.png\",\"contentUrl\":\"https:\/\/aquaforest.eu\/wp-content\/uploads\/2024\/09\/Marine_flakes_25g_mockup-1.png\",\"width\":5000,\"height\":5000},{\"@type\":\"BreadcrumbList\",\"@id\":\"https:\/\/aquaforest.eu\/pl\/produkty\/seawater\/pokarmy-i-suplementacja\/af-marine-flakes\/#breadcrumb\",\"itemListElement\":[{\"@type\":\"ListItem\",\"position\":1,\"name\":\"Home\",\"item\":\"https:\/\/aquaforest.eu\/pl\/\"},{\"@type\":\"ListItem\",\"position\":2,\"name\":\"Produkty\",\"item\":\"https:\/\/aquaforest.eu\/pl\/produkty\/\"},{\"@type\":\"ListItem\",\"position\":3,\"name\":\"AF Marine Flakes\"}]},{\"@type\":\"WebSite\",\"@id\":\"https:\/\/aquaforest.eu\/pl\/#website\",\"url\":\"https:\/\/aquaforest.eu\/pl\/\",\"name\":\"Aquaforest\",\"description\":\"\",\"publisher\":{\"@id\":\"https:\/\/aquaforest.eu\/pl\/#organization\"},\"potentialAction\":[{\"@type\":\"SearchAction\",\"target\":{\"@type\":\"EntryPoint\",\"urlTemplate\":\"https:\/\/aquaforest.eu\/pl\/?s={search_term_string}\"},\"query-input\":{\"@type\":\"PropertyValueSpecification\",\"valueRequired\":true,\"valueName\":\"search_term_string\"}}],\"inLanguage\":\"pl-PL\"},{\"@type\":\"Organization\",\"@id\":\"https:\/\/aquaforest.eu\/pl\/#organization\",\"name\":\"Aquaforest\",\"url\":\"https:\/\/aquaforest.eu\/pl\/\",\"logo\":{\"@type\":\"ImageObject\",\"inLanguage\":\"pl-PL\",\"@id\":\"https:\/\/aquaforest.eu\/pl\/#\/schema\/logo\/image\/\",\"url\":\"https:\/\/aquaforest.eu\/wp-content\/uploads\/2024\/05\/logotyp-aquaforest.svg\",\"contentUrl\":\"https:\/\/aquaforest.eu\/wp-content\/uploads\/2024\/05\/logotyp-aquaforest.svg\",\"width\":170,\"height\":22,\"caption\":\"Aquaforest\"},\"image\":{\"@id\":\"https:\/\/aquaforest.eu\/pl\/#\/schema\/logo\/image\/\"},\"sameAs\":[\"https:\/\/www.facebook.com\/Aquaforest\/\",\"https:\/\/www.instagram.com\/aquaforest.eu\/\"]}]}<\/script>\n<!-- \/ Yoast SEO plugin. -->","yoast_head_json":{"title":"AF Marine Flakes - Aquaforest","description":"Pokarm stworzony specjalnie dla ryb ro\u015blino\u017cernych i wszystko\u017cernych, w najpopularniejszej i wygodnej formie \u2013 p\u0142atk\u00f3w, z unikalnym dodatkiem alg nori!","robots":{"index":"index","follow":"follow","max-snippet":"max-snippet:-1","max-image-preview":"max-image-preview:large","max-video-preview":"max-video-preview:-1"},"canonical":"https:\/\/aquaforest.eu\/pl\/produkty\/seawater\/pokarmy-i-suplementacja\/af-marine-flakes\/","og_locale":"pl_PL","og_type":"article","og_title":"AF Marine Flakes - Aquaforest","og_description":"Pokarm stworzony specjalnie dla ryb ro\u015blino\u017cernych i wszystko\u017cernych, w najpopularniejszej i wygodnej formie \u2013 p\u0142atk\u00f3w, z unikalnym dodatkiem alg nori!","og_url":"https:\/\/aquaforest.eu\/pl\/produkty\/seawater\/pokarmy-i-suplementacja\/af-marine-flakes\/","og_site_name":"Aquaforest","article_publisher":"https:\/\/www.facebook.com\/Aquaforest\/","article_modified_time":"2026-04-30T11:02:04+00:00","og_image":[{"width":1024,"height":1024,"url":"https:\/\/aquaforest.eu\/wp-content\/uploads\/2024\/09\/Marine_flakes_25g_mockup-1-1024x1024.png","type":"image\/png"}],"twitter_card":"summary_large_image","twitter_misc":{"Szacowany czas czytania":"2 minuty"},"schema":{"@context":"https:\/\/schema.org","@graph":[{"@type":"WebPage","@id":"https:\/\/aquaforest.eu\/pl\/produkty\/seawater\/pokarmy-i-suplementacja\/af-marine-flakes\/","url":"https:\/\/aquaforest.eu\/pl\/produkty\/seawater\/pokarmy-i-suplementacja\/af-marine-flakes\/","name":"AF Marine Flakes - Aquaforest","isPartOf":{"@id":"https:\/\/aquaforest.eu\/pl\/#website"},"primaryImageOfPage":{"@id":"https:\/\/aquaforest.eu\/pl\/produkty\/seawater\/pokarmy-i-suplementacja\/af-marine-flakes\/#primaryimage"},"image":{"@id":"https:\/\/aquaforest.eu\/pl\/produkty\/seawater\/pokarmy-i-suplementacja\/af-marine-flakes\/#primaryimage"},"thumbnailUrl":"https:\/\/aquaforest.eu\/wp-content\/uploads\/2024\/09\/Marine_flakes_25g_mockup-1.png","datePublished":"2024-09-27T14:05:26+00:00","dateModified":"2026-04-30T11:02:04+00:00","description":"Pokarm stworzony specjalnie dla ryb ro\u015blino\u017cernych i wszystko\u017cernych, w najpopularniejszej i wygodnej formie \u2013 p\u0142atk\u00f3w, z unikalnym dodatkiem alg nori!","breadcrumb":{"@id":"https:\/\/aquaforest.eu\/pl\/produkty\/seawater\/pokarmy-i-suplementacja\/af-marine-flakes\/#breadcrumb"},"inLanguage":"pl-PL","potentialAction":[{"@type":"ReadAction","target":["https:\/\/aquaforest.eu\/pl\/produkty\/seawater\/pokarmy-i-suplementacja\/af-marine-flakes\/"]}]},{"@type":"ImageObject","inLanguage":"pl-PL","@id":"https:\/\/aquaforest.eu\/pl\/produkty\/seawater\/pokarmy-i-suplementacja\/af-marine-flakes\/#primaryimage","url":"https:\/\/aquaforest.eu\/wp-content\/uploads\/2024\/09\/Marine_flakes_25g_mockup-1.png","contentUrl":"https:\/\/aquaforest.eu\/wp-content\/uploads\/2024\/09\/Marine_flakes_25g_mockup-1.png","width":5000,"height":5000},{"@type":"BreadcrumbList","@id":"https:\/\/aquaforest.eu\/pl\/produkty\/seawater\/pokarmy-i-suplementacja\/af-marine-flakes\/#breadcrumb","itemListElement":[{"@type":"ListItem","position":1,"name":"Home","item":"https:\/\/aquaforest.eu\/pl\/"},{"@type":"ListItem","position":2,"name":"Produkty","item":"https:\/\/aquaforest.eu\/pl\/produkty\/"},{"@type":"ListItem","position":3,"name":"AF Marine Flakes"}]},{"@type":"WebSite","@id":"https:\/\/aquaforest.eu\/pl\/#website","url":"https:\/\/aquaforest.eu\/pl\/","name":"Aquaforest","description":"","publisher":{"@id":"https:\/\/aquaforest.eu\/pl\/#organization"},"potentialAction":[{"@type":"SearchAction","target":{"@type":"EntryPoint","urlTemplate":"https:\/\/aquaforest.eu\/pl\/?s={search_term_string}"},"query-input":{"@type":"PropertyValueSpecification","valueRequired":true,"valueName":"search_term_string"}}],"inLanguage":"pl-PL"},{"@type":"Organization","@id":"https:\/\/aquaforest.eu\/pl\/#organization","name":"Aquaforest","url":"https:\/\/aquaforest.eu\/pl\/","logo":{"@type":"ImageObject","inLanguage":"pl-PL","@id":"https:\/\/aquaforest.eu\/pl\/#\/schema\/logo\/image\/","url":"https:\/\/aquaforest.eu\/wp-content\/uploads\/2024\/05\/logotyp-aquaforest.svg","contentUrl":"https:\/\/aquaforest.eu\/wp-content\/uploads\/2024\/05\/logotyp-aquaforest.svg","width":170,"height":22,"caption":"Aquaforest"},"image":{"@id":"https:\/\/aquaforest.eu\/pl\/#\/schema\/logo\/image\/"},"sameAs":["https:\/\/www.facebook.com\/Aquaforest\/","https:\/\/www.instagram.com\/aquaforest.eu\/"]}]}},"_links":{"self":[{"href":"https:\/\/aquaforest.eu\/pl\/wp-json\/wp\/v2\/product\/16179","targetHints":{"allow":["GET"]}}],"collection":[{"href":"https:\/\/aquaforest.eu\/pl\/wp-json\/wp\/v2\/product"}],"about":[{"href":"https:\/\/aquaforest.eu\/pl\/wp-json\/wp\/v2\/types\/product"}],"version-history":[{"count":3,"href":"https:\/\/aquaforest.eu\/pl\/wp-json\/wp\/v2\/product\/16179\/revisions"}],"predecessor-version":[{"id":31284,"href":"https:\/\/aquaforest.eu\/pl\/wp-json\/wp\/v2\/product\/16179\/revisions\/31284"}],"wp:featuredmedia":[{"embeddable":true,"href":"https:\/\/aquaforest.eu\/pl\/wp-json\/wp\/v2\/media\/16163"}],"wp:attachment":[{"href":"https:\/\/aquaforest.eu\/pl\/wp-json\/wp\/v2\/media?parent=16179"}],"wp:term":[{"taxonomy":"product_brand","embeddable":true,"href":"https:\/\/aquaforest.eu\/pl\/wp-json\/wp\/v2\/product_brand?post=16179"},{"taxonomy":"product_cat","embeddable":true,"href":"https:\/\/aquaforest.eu\/pl\/wp-json\/wp\/v2\/product_cat?post=16179"},{"taxonomy":"product_tag","embeddable":true,"href":"https:\/\/aquaforest.eu\/pl\/wp-json\/wp\/v2\/product_tag?post=16179"}],"curies":[{"name":"wp","href":"https:\/\/api.w.org\/{rel}","templated":true}]}}