{"id":17274,"date":"2024-09-01T16:55:45","date_gmt":"2024-09-01T14:55:45","guid":{"rendered":"https:\/\/aquaforest.eu\/products\/bez-kategorii\/component-3-in-1\/"},"modified":"2025-04-24T11:04:03","modified_gmt":"2025-04-24T09:04:03","slug":"component-3-in-1","status":"publish","type":"product","link":"https:\/\/aquaforest.eu\/pl\/produkty\/seawater\/parametry-wody\/component-3-in-1\/","title":{"rendered":"Component 3 in 1"},"content":{"rendered":"<p><span style=\"font-weight: 400;\">Component 3 in 1<\/span> <b>to kompleksowy produkt zawieraj\u0105cy zestaw makro i mikroelement\u00f3w<\/b> <span style=\"font-weight: 400;\">do akwari\u00f3w morskich,<\/span> <b>stworzony na podstawie metody Ballinga.<\/b><span style=\"font-weight: 400;\">Formu\u0142a zawiera skoncentrowany wap\u0144, magnez i KH<\/span> <b>w proporcjach idealnie odpowiadaj\u0105cym na potrzeby koralowc\u00f3w.<\/b> <span style=\"font-weight: 400;\">Component 3 in 1 zawiera organiczne sole wapnia, dzi\u0119ki czemu jest r\u00f3wnie\u017c \u017ar\u00f3d\u0142em w\u0119gla dla akwarium morskiego.<\/span><\/p>\n<p><span style=\"font-weight: 400;\">Formu\u0142a zawiera idealnie zbilansowane kluczowe sk\u0142adniki niezb\u0119dne do utrzymania zdrowia i dobrej kondycji koralowc\u00f3w.<\/span><\/p>\n<p><span style=\"font-weight: 400;\">Component 3 in 1 dostarcza podstawowych makroelement\u00f3w w formie \u0142atwo przyswajalnej dla organizm\u00f3w morskich, ale r\u00f3wnie\u017c zawiera niezb\u0119dne pierwiastki \u015bladowe. <\/span><b>Odgrywaj\u0105 one kluczow\u0105 rol\u0119 w procesach metabolicznych, wzro\u015bcie koralowc\u00f3w i utrzymaniu ich intensywnego wybarwienia.<\/b><\/p>\n<p><span style=\"font-weight: 400;\">Dzi\u0119ki formule 3 w 1,<\/span><b> dozowanie produktu jest bardzo szybkie i \u0142atwe.<\/b><span style=\"font-weight: 400;\"> Ponadto, <\/span><b>eliminuje mo\u017cliwo\u015b\u0107 wyboru niew\u0142a\u015bciwych proporcji.<\/b><\/p>\n<p>Component 3 in 1 to organiczna formu\u0142a opracowana z my\u015bl\u0105 o stabilizacji ekosystemu w Twoim akwarium rafowym. Produkt pe\u0142ni funkcj\u0119 \u017ar\u00f3d\u0142a w\u0119gla organicznego, dlatego jego stosowanie mo\u017cna traktowa\u0107 jako alternatywn\u0105 form\u0119 dozowania w\u0119gla \u2013 wspieraj\u0105c rozw\u00f3j po\u017cytecznych mikroorganizm\u00f3w. Mo\u017ce r\u00f3wnie\u017c po\u015brednio przyczyni\u0107 si\u0119 do obni\u017cenia poziomu nutrient\u00f3w (NO3 i PO4), dlatego zalecamy regularne monitorowanie tych parametr\u00f3w, by zachowa\u0107 pe\u0142n\u0105 kontrol\u0119 nad jako\u015bci\u0105 wody.<\/p>\n<p><span style=\"font-weight: 400;\">1 litr produktu zawiera 40000 mg (Ca), 1900 mg (Mg), 5800\u00b0 (KH) i pierwiastki \u015bladowe.<\/span><\/p>\n<p>&nbsp;<\/p>\n<hr \/>\n<p>&nbsp;<\/p>\n<p><b>Co sprawia, \u017ce produkt ten jest wyj\u0105tkowy?<\/b><\/p>\n<ul>\n<li style=\"font-weight: 400;\" aria-level=\"1\"><span style=\"font-weight: 400;\">Kluczowy udzia\u0142 we wzro\u015bcie koralowc\u00f3w<\/span><\/li>\n<li style=\"font-weight: 400;\" aria-level=\"1\"><span style=\"font-weight: 400;\">Poprawa i utrzymanie wybarwienia koralowc\u00f3w<\/span><\/li>\n<li style=\"font-weight: 400;\" aria-level=\"1\"><span style=\"font-weight: 400;\">Szybko\u015b\u0107 i prostota w dozowaniu produktu<\/span><\/li>\n<li style=\"font-weight: 400;\" aria-level=\"1\"><span style=\"font-weight: 400;\">Idealny balans pomi\u0119dzy wszystkimi makroelementami i pierwiastkami \u015bladowymi<\/span><\/li>\n<\/ul>\n<p>&nbsp;<\/p>\n<hr \/>\n<p>&nbsp;<\/p>\n<p><b>Zalecane dawkowanie: <\/b><span style=\"font-weight: 400;\">5 ml na 100 l wody akwariowej dziennie. Dawkowanie nale\u017cy dostosowa\u0107 do potrzeb akwarium. Nale\u017cy monitorowa\u0107 poziom KH i w razie potrzeby zwi\u0119kszy\u0107 dawk\u0119. Maksymalna dzienna dawka wynosi 25 ml na 100 litr\u00f3w. <\/span><\/p>\n<p>&nbsp;<\/p>\n<hr \/>\n<p>&nbsp;<\/p>\n<p><b>Warto wiedzie\u0107:<\/b><span style=\"font-weight: 400;\"> Produkt zawiera mr\u00f3wczan wapnia. Powoduje powa\u017cne uszkodzenie oczu. W razie konieczno\u015bci zasi\u0119gni\u0119cia porady lekarza nale\u017cy pokaza\u0107 pojemnik lub etykiet\u0119. Chroni\u0107 przed dzie\u0107mi. Stosowa\u0107 r\u0119kawice ochronne \/ ochron\u0119 oczu. <\/span><b> W PRZYPADKU DOSTANIA SI\u0118 DO OCZU:<\/b><span style=\"font-weight: 400;\"> Ostro\u017cnie p\u0142uka\u0107 wod\u0105 przez kilka minut. Wyj\u0105\u0107 soczewki kontaktowe je\u017celi s\u0105 i mo\u017cna je \u0142atwo usun\u0105\u0107. Nadal p\u0142uka\u0107. Natychmiast skontaktowa\u0107 si\u0119 z lekarzem. <\/span><span style=\"font-weight: 400;\">Produkt przeznaczony wy\u0142\u0105cznie do u\u017cytku w akwariach. <\/span><\/p>\n","protected":false},"excerpt":{"rendered":"<p data-fontsize=\"22\" data-lineheight=\"27.5px\">Mieszanka mikro- i makroelement\u00f3w w 1 butelce. \u0141atwa w u\u017cyciu i zajmuj\u0105ca niewiele miejsca formu\u0142a.<\/p>\n","protected":false},"featured_media":21641,"template":"","meta":{"_acf_changed":false,"content-type":""},"product_brand":[],"product_cat":[1157],"product_tag":[967,1096,1568,1422],"class_list":{"0":"post-17274","1":"product","2":"type-product","3":"status-publish","4":"has-post-thumbnail","6":"product_cat-parametry-wody","7":"product_tag-aquaforest-pl","8":"product_tag-chemia-wody","9":"product_tag-seawater-aquatic-pl","10":"product_tag-variable-pl","12":"first","13":"instock","14":"taxable","15":"shipping-taxable","16":"product-type-variable","17":"has-default-attributes"},"acf":[],"yoast_head":"<!-- This site is optimized with the Yoast SEO plugin v27.1.1 - https:\/\/yoast.com\/product\/yoast-seo-wordpress\/ -->\n<title>Component 3 in 1 - Aquaforest<\/title>\n<meta name=\"description\" content=\"Component 3in1 to kompleksowy produkt zawieraj\u0105cy makro i mikroelementy, dedykowany do akwari\u00f3w morskich, stworzony w oparciu o metod\u0119 Ballinga.\" \/>\n<meta name=\"robots\" content=\"index, follow, max-snippet:-1, max-image-preview:large, max-video-preview:-1\" \/>\n<link rel=\"canonical\" href=\"https:\/\/aquaforest.eu\/pl\/produkty\/seawater\/parametry-wody\/component-3-in-1\/\" \/>\n<meta property=\"og:locale\" content=\"pl_PL\" \/>\n<meta property=\"og:type\" content=\"article\" \/>\n<meta property=\"og:title\" content=\"Component 3 in 1 - Aquaforest\" \/>\n<meta property=\"og:description\" content=\"Component 3in1 to kompleksowy produkt zawieraj\u0105cy makro i mikroelementy, dedykowany do akwari\u00f3w morskich, stworzony w oparciu o metod\u0119 Ballinga.\" \/>\n<meta property=\"og:url\" content=\"https:\/\/aquaforest.eu\/pl\/produkty\/seawater\/parametry-wody\/component-3-in-1\/\" \/>\n<meta property=\"og:site_name\" content=\"Aquaforest\" \/>\n<meta property=\"article:publisher\" content=\"https:\/\/www.facebook.com\/Aquaforest\/\" \/>\n<meta property=\"article:modified_time\" content=\"2025-04-24T09:04:03+00:00\" \/>\n<meta property=\"og:image\" content=\"https:\/\/aquaforest.eu\/wp-content\/uploads\/2024\/09\/component-3in1-1-1.png\" \/>\n\t<meta property=\"og:image:width\" content=\"1800\" \/>\n\t<meta property=\"og:image:height\" content=\"1800\" \/>\n\t<meta property=\"og:image:type\" content=\"image\/png\" \/>\n<meta name=\"twitter:card\" content=\"summary_large_image\" \/>\n<meta name=\"twitter:label1\" content=\"Szacowany czas czytania\" \/>\n\t<meta name=\"twitter:data1\" content=\"2 minuty\" \/>\n<script type=\"application\/ld+json\" class=\"yoast-schema-graph\">{\"@context\":\"https:\/\/schema.org\",\"@graph\":[{\"@type\":\"WebPage\",\"@id\":\"https:\/\/aquaforest.eu\/pl\/produkty\/seawater\/parametry-wody\/component-3-in-1\/\",\"url\":\"https:\/\/aquaforest.eu\/pl\/produkty\/seawater\/parametry-wody\/component-3-in-1\/\",\"name\":\"Component 3 in 1 - Aquaforest\",\"isPartOf\":{\"@id\":\"https:\/\/aquaforest.eu\/pl\/#website\"},\"primaryImageOfPage\":{\"@id\":\"https:\/\/aquaforest.eu\/pl\/produkty\/seawater\/parametry-wody\/component-3-in-1\/#primaryimage\"},\"image\":{\"@id\":\"https:\/\/aquaforest.eu\/pl\/produkty\/seawater\/parametry-wody\/component-3-in-1\/#primaryimage\"},\"thumbnailUrl\":\"https:\/\/aquaforest.eu\/wp-content\/uploads\/2024\/09\/component-3in1-1-1.png\",\"datePublished\":\"2024-09-01T14:55:45+00:00\",\"dateModified\":\"2025-04-24T09:04:03+00:00\",\"description\":\"Component 3in1 to kompleksowy produkt zawieraj\u0105cy makro i mikroelementy, dedykowany do akwari\u00f3w morskich, stworzony w oparciu o metod\u0119 Ballinga.\",\"breadcrumb\":{\"@id\":\"https:\/\/aquaforest.eu\/pl\/produkty\/seawater\/parametry-wody\/component-3-in-1\/#breadcrumb\"},\"inLanguage\":\"pl-PL\",\"potentialAction\":[{\"@type\":\"ReadAction\",\"target\":[\"https:\/\/aquaforest.eu\/pl\/produkty\/seawater\/parametry-wody\/component-3-in-1\/\"]}]},{\"@type\":\"ImageObject\",\"inLanguage\":\"pl-PL\",\"@id\":\"https:\/\/aquaforest.eu\/pl\/produkty\/seawater\/parametry-wody\/component-3-in-1\/#primaryimage\",\"url\":\"https:\/\/aquaforest.eu\/wp-content\/uploads\/2024\/09\/component-3in1-1-1.png\",\"contentUrl\":\"https:\/\/aquaforest.eu\/wp-content\/uploads\/2024\/09\/component-3in1-1-1.png\",\"width\":1800,\"height\":1800},{\"@type\":\"BreadcrumbList\",\"@id\":\"https:\/\/aquaforest.eu\/pl\/produkty\/seawater\/parametry-wody\/component-3-in-1\/#breadcrumb\",\"itemListElement\":[{\"@type\":\"ListItem\",\"position\":1,\"name\":\"Home\",\"item\":\"https:\/\/aquaforest.eu\/pl\/\"},{\"@type\":\"ListItem\",\"position\":2,\"name\":\"Produkty\",\"item\":\"https:\/\/aquaforest.eu\/pl\/produkty\/\"},{\"@type\":\"ListItem\",\"position\":3,\"name\":\"Component 3 in 1\"}]},{\"@type\":\"WebSite\",\"@id\":\"https:\/\/aquaforest.eu\/pl\/#website\",\"url\":\"https:\/\/aquaforest.eu\/pl\/\",\"name\":\"Aquaforest\",\"description\":\"\",\"publisher\":{\"@id\":\"https:\/\/aquaforest.eu\/pl\/#organization\"},\"potentialAction\":[{\"@type\":\"SearchAction\",\"target\":{\"@type\":\"EntryPoint\",\"urlTemplate\":\"https:\/\/aquaforest.eu\/pl\/?s={search_term_string}\"},\"query-input\":{\"@type\":\"PropertyValueSpecification\",\"valueRequired\":true,\"valueName\":\"search_term_string\"}}],\"inLanguage\":\"pl-PL\"},{\"@type\":\"Organization\",\"@id\":\"https:\/\/aquaforest.eu\/pl\/#organization\",\"name\":\"Aquaforest\",\"url\":\"https:\/\/aquaforest.eu\/pl\/\",\"logo\":{\"@type\":\"ImageObject\",\"inLanguage\":\"pl-PL\",\"@id\":\"https:\/\/aquaforest.eu\/pl\/#\/schema\/logo\/image\/\",\"url\":\"https:\/\/aquaforest.eu\/wp-content\/uploads\/2024\/05\/logotyp-aquaforest.svg\",\"contentUrl\":\"https:\/\/aquaforest.eu\/wp-content\/uploads\/2024\/05\/logotyp-aquaforest.svg\",\"width\":170,\"height\":22,\"caption\":\"Aquaforest\"},\"image\":{\"@id\":\"https:\/\/aquaforest.eu\/pl\/#\/schema\/logo\/image\/\"},\"sameAs\":[\"https:\/\/www.facebook.com\/Aquaforest\/\",\"https:\/\/www.instagram.com\/aquaforest.eu\/\"]}]}<\/script>\n<!-- \/ Yoast SEO plugin. -->","yoast_head_json":{"title":"Component 3 in 1 - Aquaforest","description":"Component 3in1 to kompleksowy produkt zawieraj\u0105cy makro i mikroelementy, dedykowany do akwari\u00f3w morskich, stworzony w oparciu o metod\u0119 Ballinga.","robots":{"index":"index","follow":"follow","max-snippet":"max-snippet:-1","max-image-preview":"max-image-preview:large","max-video-preview":"max-video-preview:-1"},"canonical":"https:\/\/aquaforest.eu\/pl\/produkty\/seawater\/parametry-wody\/component-3-in-1\/","og_locale":"pl_PL","og_type":"article","og_title":"Component 3 in 1 - Aquaforest","og_description":"Component 3in1 to kompleksowy produkt zawieraj\u0105cy makro i mikroelementy, dedykowany do akwari\u00f3w morskich, stworzony w oparciu o metod\u0119 Ballinga.","og_url":"https:\/\/aquaforest.eu\/pl\/produkty\/seawater\/parametry-wody\/component-3-in-1\/","og_site_name":"Aquaforest","article_publisher":"https:\/\/www.facebook.com\/Aquaforest\/","article_modified_time":"2025-04-24T09:04:03+00:00","og_image":[{"width":1800,"height":1800,"url":"https:\/\/aquaforest.eu\/wp-content\/uploads\/2024\/09\/component-3in1-1-1.png","type":"image\/png"}],"twitter_card":"summary_large_image","twitter_misc":{"Szacowany czas czytania":"2 minuty"},"schema":{"@context":"https:\/\/schema.org","@graph":[{"@type":"WebPage","@id":"https:\/\/aquaforest.eu\/pl\/produkty\/seawater\/parametry-wody\/component-3-in-1\/","url":"https:\/\/aquaforest.eu\/pl\/produkty\/seawater\/parametry-wody\/component-3-in-1\/","name":"Component 3 in 1 - Aquaforest","isPartOf":{"@id":"https:\/\/aquaforest.eu\/pl\/#website"},"primaryImageOfPage":{"@id":"https:\/\/aquaforest.eu\/pl\/produkty\/seawater\/parametry-wody\/component-3-in-1\/#primaryimage"},"image":{"@id":"https:\/\/aquaforest.eu\/pl\/produkty\/seawater\/parametry-wody\/component-3-in-1\/#primaryimage"},"thumbnailUrl":"https:\/\/aquaforest.eu\/wp-content\/uploads\/2024\/09\/component-3in1-1-1.png","datePublished":"2024-09-01T14:55:45+00:00","dateModified":"2025-04-24T09:04:03+00:00","description":"Component 3in1 to kompleksowy produkt zawieraj\u0105cy makro i mikroelementy, dedykowany do akwari\u00f3w morskich, stworzony w oparciu o metod\u0119 Ballinga.","breadcrumb":{"@id":"https:\/\/aquaforest.eu\/pl\/produkty\/seawater\/parametry-wody\/component-3-in-1\/#breadcrumb"},"inLanguage":"pl-PL","potentialAction":[{"@type":"ReadAction","target":["https:\/\/aquaforest.eu\/pl\/produkty\/seawater\/parametry-wody\/component-3-in-1\/"]}]},{"@type":"ImageObject","inLanguage":"pl-PL","@id":"https:\/\/aquaforest.eu\/pl\/produkty\/seawater\/parametry-wody\/component-3-in-1\/#primaryimage","url":"https:\/\/aquaforest.eu\/wp-content\/uploads\/2024\/09\/component-3in1-1-1.png","contentUrl":"https:\/\/aquaforest.eu\/wp-content\/uploads\/2024\/09\/component-3in1-1-1.png","width":1800,"height":1800},{"@type":"BreadcrumbList","@id":"https:\/\/aquaforest.eu\/pl\/produkty\/seawater\/parametry-wody\/component-3-in-1\/#breadcrumb","itemListElement":[{"@type":"ListItem","position":1,"name":"Home","item":"https:\/\/aquaforest.eu\/pl\/"},{"@type":"ListItem","position":2,"name":"Produkty","item":"https:\/\/aquaforest.eu\/pl\/produkty\/"},{"@type":"ListItem","position":3,"name":"Component 3 in 1"}]},{"@type":"WebSite","@id":"https:\/\/aquaforest.eu\/pl\/#website","url":"https:\/\/aquaforest.eu\/pl\/","name":"Aquaforest","description":"","publisher":{"@id":"https:\/\/aquaforest.eu\/pl\/#organization"},"potentialAction":[{"@type":"SearchAction","target":{"@type":"EntryPoint","urlTemplate":"https:\/\/aquaforest.eu\/pl\/?s={search_term_string}"},"query-input":{"@type":"PropertyValueSpecification","valueRequired":true,"valueName":"search_term_string"}}],"inLanguage":"pl-PL"},{"@type":"Organization","@id":"https:\/\/aquaforest.eu\/pl\/#organization","name":"Aquaforest","url":"https:\/\/aquaforest.eu\/pl\/","logo":{"@type":"ImageObject","inLanguage":"pl-PL","@id":"https:\/\/aquaforest.eu\/pl\/#\/schema\/logo\/image\/","url":"https:\/\/aquaforest.eu\/wp-content\/uploads\/2024\/05\/logotyp-aquaforest.svg","contentUrl":"https:\/\/aquaforest.eu\/wp-content\/uploads\/2024\/05\/logotyp-aquaforest.svg","width":170,"height":22,"caption":"Aquaforest"},"image":{"@id":"https:\/\/aquaforest.eu\/pl\/#\/schema\/logo\/image\/"},"sameAs":["https:\/\/www.facebook.com\/Aquaforest\/","https:\/\/www.instagram.com\/aquaforest.eu\/"]}]}},"_links":{"self":[{"href":"https:\/\/aquaforest.eu\/pl\/wp-json\/wp\/v2\/product\/17274","targetHints":{"allow":["GET"]}}],"collection":[{"href":"https:\/\/aquaforest.eu\/pl\/wp-json\/wp\/v2\/product"}],"about":[{"href":"https:\/\/aquaforest.eu\/pl\/wp-json\/wp\/v2\/types\/product"}],"version-history":[{"count":2,"href":"https:\/\/aquaforest.eu\/pl\/wp-json\/wp\/v2\/product\/17274\/revisions"}],"predecessor-version":[{"id":22280,"href":"https:\/\/aquaforest.eu\/pl\/wp-json\/wp\/v2\/product\/17274\/revisions\/22280"}],"wp:featuredmedia":[{"embeddable":true,"href":"https:\/\/aquaforest.eu\/pl\/wp-json\/wp\/v2\/media\/21641"}],"wp:attachment":[{"href":"https:\/\/aquaforest.eu\/pl\/wp-json\/wp\/v2\/media?parent=17274"}],"wp:term":[{"taxonomy":"product_brand","embeddable":true,"href":"https:\/\/aquaforest.eu\/pl\/wp-json\/wp\/v2\/product_brand?post=17274"},{"taxonomy":"product_cat","embeddable":true,"href":"https:\/\/aquaforest.eu\/pl\/wp-json\/wp\/v2\/product_cat?post=17274"},{"taxonomy":"product_tag","embeddable":true,"href":"https:\/\/aquaforest.eu\/pl\/wp-json\/wp\/v2\/product_tag?post=17274"}],"curies":[{"name":"wp","href":"https:\/\/api.w.org\/{rel}","templated":true}]}}