{"id":18599,"date":"2024-11-04T10:07:15","date_gmt":"2024-11-04T09:07:15","guid":{"rendered":"https:\/\/aquaforest.eu\/?post_type=product&#038;p=18599"},"modified":"2025-02-03T01:50:13","modified_gmt":"2025-02-03T00:50:13","slug":"kh-pro","status":"publish","type":"product","link":"https:\/\/aquaforest.eu\/pl\/produkty\/seawater\/parametry-wody\/kh-pro\/","title":{"rendered":"KH Pro"},"content":{"rendered":"<p>Stworzyli\u015bmy wysoce skoncentrowany preparat KH Pro, aby \u0142atwo i skutecznie przywraca\u0107 prawid\u0142ow\u0105 twardo\u015b\u0107 w\u0119glanow\u0105 (KH) w akwariach morskich, daj\u0105c pewno\u015b\u0107, \u017ce akwarium jest w doskona\u0142ym stanie. KH Pro zosta\u0142 opracowany jako bardziej skoncentrowana, skuteczna wersja popularnego preparatu KH Plus Lab. KH Pro zapewnia jeszcze silniejsze dzia\u0142anie, oferuj\u0105c natychmiastow\u0105 popraw\u0119 parametr\u00f3w wody, co ma kluczowe znaczenie w sytuacjach awaryjnych, takich jak nag\u0142e zmiany sk\u0142adu chemicznego wody.  <\/p>\n<p>&nbsp;<\/p>\n<hr>\n<p>&nbsp;<\/p>\n<p>Dzi\u0119ki innowacyjnej formule, KH Pro nie tylko skutecznie podnosi poziom KH, ale tak\u017ce wzbogaca wod\u0119 w potas, niezb\u0119dny dla zdrowego wzrostu i rozwoju koralowc\u00f3w i innych organizm\u00f3w morskich. Ka\u017cde 10 ml produktu na 100 litr\u00f3w wody podnosi poziom potasu o 1 mg\/l, przyczyniaj\u0105c si\u0119 do utrzymania optymalnych warunk\u00f3w w akwarium i wspieraj\u0105c naturalne procesy biologiczne. <\/p>\n<p>&nbsp;<\/p>\n<hr>\n<p>&nbsp;<\/p>\n<p>KH Pro jest przeznaczony dla zaawansowanych akwaryst\u00f3w, kt\u00f3rzy potrzebuj\u0105 szybkich i skutecznych rozwi\u0105za\u0144 do zarz\u0105dzania parametrami wody w swoich zbiornikach. Produkt idealnie nadaje si\u0119 do stosowania zar\u00f3wno w du\u017cych zbiornikach, jak i mniejszych ekosystemach akwariowych, w kt\u00f3rych stabilno\u015b\u0107 parametr\u00f3w wody ma kluczowe znaczenie dla zdrowia i dobrego samopoczucia organizm\u00f3w morskich. Dodatkowo, ze wzgl\u0119du na wysokie st\u0119\u017cenie, pozwala na przechowywanie mniejszej liczby pojemnik\u00f3w, oszcz\u0119dzaj\u0105c miejsce wok\u00f3\u0142 akwarium.  <\/p>\n<p>&nbsp;<\/p>\n<hr>\n<p>&nbsp;<\/p>\n<p><strong>Korzy\u015bci z u\u017cywania KH Pro:  <\/strong><\/p>\n<ul>\n<li><strong>Szybkie dzia\u0142anie:<\/strong> Natychmiastowe uzupe\u0142nienie twardo\u015bci w\u0119glanowej w sytuacjach awaryjnych.<\/li>\n<li><strong>Wzbogacenie w potas:<\/strong> Dodatkowy potas wspiera zdrowy wzrost koralowc\u00f3w.<\/li>\n<li><strong>Precyzyjne dozowanie:<\/strong> 5 ml KH Pro na 100 litr\u00f3w wody zwi\u0119ksza KH o 0,5 dKH.<\/li>\n<li><strong>Bezpiecze\u0144stwo:<\/strong> Zalecane dozowanie minimalizuje ryzyko szoku dla organizm\u00f3w morskich.<\/li>\n<\/ul>\n<p><strong>Instrukcje dotycz\u0105ce dawkowania:<\/strong> Aby unikn\u0105\u0107 szoku dla organizm\u00f3w morskich, nie nale\u017cy zwi\u0119ksza\u0107 twardo\u015bci w\u0119glanowej o wi\u0119cej ni\u017c 0,5 dKH w ci\u0105gu 24 godzin.<\/p>\n","protected":false},"excerpt":{"rendered":"<p>Wysoce skoncentrowany preparat KH Pro szybko przywraca twardo\u015b\u0107 w\u0119glanow\u0105 w akwarium.<\/p>\n","protected":false},"featured_media":21635,"template":"","meta":{"_acf_changed":false,"content-type":""},"product_brand":[],"product_cat":[1157],"product_tag":[1422],"class_list":{"0":"post-18599","1":"product","2":"type-product","3":"status-publish","4":"has-post-thumbnail","6":"product_cat-parametry-wody","7":"product_tag-variable-pl","9":"first","10":"instock","11":"taxable","12":"shipping-taxable","13":"purchasable","14":"product-type-variable","15":"has-default-attributes"},"acf":[],"yoast_head":"<!-- This site is optimized with the Yoast SEO plugin v27.1.1 - https:\/\/yoast.com\/product\/yoast-seo-wordpress\/ -->\n<title>KH Pro - Aquaforest<\/title>\n<meta name=\"robots\" content=\"index, follow, max-snippet:-1, max-image-preview:large, max-video-preview:-1\" \/>\n<link rel=\"canonical\" href=\"https:\/\/aquaforest.eu\/pl\/produkty\/seawater\/parametry-wody\/kh-pro\/\" \/>\n<meta property=\"og:locale\" content=\"pl_PL\" \/>\n<meta property=\"og:type\" content=\"article\" \/>\n<meta property=\"og:title\" content=\"KH Pro - Aquaforest\" \/>\n<meta property=\"og:description\" content=\"Wysoce skoncentrowany preparat KH Pro szybko przywraca twardo\u015b\u0107 w\u0119glanow\u0105 w akwarium.\" \/>\n<meta property=\"og:url\" content=\"https:\/\/aquaforest.eu\/pl\/produkty\/seawater\/parametry-wody\/kh-pro\/\" \/>\n<meta property=\"og:site_name\" content=\"Aquaforest\" \/>\n<meta property=\"article:publisher\" content=\"https:\/\/www.facebook.com\/Aquaforest\/\" \/>\n<meta property=\"article:modified_time\" content=\"2025-02-03T00:50:13+00:00\" \/>\n<meta property=\"og:image\" content=\"https:\/\/aquaforest.eu\/wp-content\/uploads\/2024\/11\/kh-pro-mockup-1.png\" \/>\n\t<meta property=\"og:image:width\" content=\"1800\" \/>\n\t<meta property=\"og:image:height\" content=\"1800\" \/>\n\t<meta property=\"og:image:type\" content=\"image\/png\" \/>\n<meta name=\"twitter:card\" content=\"summary_large_image\" \/>\n<meta name=\"twitter:label1\" content=\"Szacowany czas czytania\" \/>\n\t<meta name=\"twitter:data1\" content=\"2 minuty\" \/>\n<script type=\"application\/ld+json\" class=\"yoast-schema-graph\">{\"@context\":\"https:\/\/schema.org\",\"@graph\":[{\"@type\":\"WebPage\",\"@id\":\"https:\/\/aquaforest.eu\/pl\/produkty\/seawater\/parametry-wody\/kh-pro\/\",\"url\":\"https:\/\/aquaforest.eu\/pl\/produkty\/seawater\/parametry-wody\/kh-pro\/\",\"name\":\"KH Pro - Aquaforest\",\"isPartOf\":{\"@id\":\"https:\/\/aquaforest.eu\/pl\/#website\"},\"primaryImageOfPage\":{\"@id\":\"https:\/\/aquaforest.eu\/pl\/produkty\/seawater\/parametry-wody\/kh-pro\/#primaryimage\"},\"image\":{\"@id\":\"https:\/\/aquaforest.eu\/pl\/produkty\/seawater\/parametry-wody\/kh-pro\/#primaryimage\"},\"thumbnailUrl\":\"https:\/\/aquaforest.eu\/wp-content\/uploads\/2024\/11\/kh-pro-mockup-1.png\",\"datePublished\":\"2024-11-04T09:07:15+00:00\",\"dateModified\":\"2025-02-03T00:50:13+00:00\",\"breadcrumb\":{\"@id\":\"https:\/\/aquaforest.eu\/pl\/produkty\/seawater\/parametry-wody\/kh-pro\/#breadcrumb\"},\"inLanguage\":\"pl-PL\",\"potentialAction\":[{\"@type\":\"ReadAction\",\"target\":[\"https:\/\/aquaforest.eu\/pl\/produkty\/seawater\/parametry-wody\/kh-pro\/\"]}]},{\"@type\":\"ImageObject\",\"inLanguage\":\"pl-PL\",\"@id\":\"https:\/\/aquaforest.eu\/pl\/produkty\/seawater\/parametry-wody\/kh-pro\/#primaryimage\",\"url\":\"https:\/\/aquaforest.eu\/wp-content\/uploads\/2024\/11\/kh-pro-mockup-1.png\",\"contentUrl\":\"https:\/\/aquaforest.eu\/wp-content\/uploads\/2024\/11\/kh-pro-mockup-1.png\",\"width\":1800,\"height\":1800},{\"@type\":\"BreadcrumbList\",\"@id\":\"https:\/\/aquaforest.eu\/pl\/produkty\/seawater\/parametry-wody\/kh-pro\/#breadcrumb\",\"itemListElement\":[{\"@type\":\"ListItem\",\"position\":1,\"name\":\"Home\",\"item\":\"https:\/\/aquaforest.eu\/pl\/\"},{\"@type\":\"ListItem\",\"position\":2,\"name\":\"Produkty\",\"item\":\"https:\/\/aquaforest.eu\/pl\/produkty\/\"},{\"@type\":\"ListItem\",\"position\":3,\"name\":\"KH Pro\"}]},{\"@type\":\"WebSite\",\"@id\":\"https:\/\/aquaforest.eu\/pl\/#website\",\"url\":\"https:\/\/aquaforest.eu\/pl\/\",\"name\":\"Aquaforest\",\"description\":\"\",\"publisher\":{\"@id\":\"https:\/\/aquaforest.eu\/pl\/#organization\"},\"potentialAction\":[{\"@type\":\"SearchAction\",\"target\":{\"@type\":\"EntryPoint\",\"urlTemplate\":\"https:\/\/aquaforest.eu\/pl\/?s={search_term_string}\"},\"query-input\":{\"@type\":\"PropertyValueSpecification\",\"valueRequired\":true,\"valueName\":\"search_term_string\"}}],\"inLanguage\":\"pl-PL\"},{\"@type\":\"Organization\",\"@id\":\"https:\/\/aquaforest.eu\/pl\/#organization\",\"name\":\"Aquaforest\",\"url\":\"https:\/\/aquaforest.eu\/pl\/\",\"logo\":{\"@type\":\"ImageObject\",\"inLanguage\":\"pl-PL\",\"@id\":\"https:\/\/aquaforest.eu\/pl\/#\/schema\/logo\/image\/\",\"url\":\"https:\/\/aquaforest.eu\/wp-content\/uploads\/2024\/05\/logotyp-aquaforest.svg\",\"contentUrl\":\"https:\/\/aquaforest.eu\/wp-content\/uploads\/2024\/05\/logotyp-aquaforest.svg\",\"width\":170,\"height\":22,\"caption\":\"Aquaforest\"},\"image\":{\"@id\":\"https:\/\/aquaforest.eu\/pl\/#\/schema\/logo\/image\/\"},\"sameAs\":[\"https:\/\/www.facebook.com\/Aquaforest\/\",\"https:\/\/www.instagram.com\/aquaforest.eu\/\"]}]}<\/script>\n<!-- \/ Yoast SEO plugin. -->","yoast_head_json":{"title":"KH Pro - Aquaforest","robots":{"index":"index","follow":"follow","max-snippet":"max-snippet:-1","max-image-preview":"max-image-preview:large","max-video-preview":"max-video-preview:-1"},"canonical":"https:\/\/aquaforest.eu\/pl\/produkty\/seawater\/parametry-wody\/kh-pro\/","og_locale":"pl_PL","og_type":"article","og_title":"KH Pro - Aquaforest","og_description":"Wysoce skoncentrowany preparat KH Pro szybko przywraca twardo\u015b\u0107 w\u0119glanow\u0105 w akwarium.","og_url":"https:\/\/aquaforest.eu\/pl\/produkty\/seawater\/parametry-wody\/kh-pro\/","og_site_name":"Aquaforest","article_publisher":"https:\/\/www.facebook.com\/Aquaforest\/","article_modified_time":"2025-02-03T00:50:13+00:00","og_image":[{"width":1800,"height":1800,"url":"https:\/\/aquaforest.eu\/wp-content\/uploads\/2024\/11\/kh-pro-mockup-1.png","type":"image\/png"}],"twitter_card":"summary_large_image","twitter_misc":{"Szacowany czas czytania":"2 minuty"},"schema":{"@context":"https:\/\/schema.org","@graph":[{"@type":"WebPage","@id":"https:\/\/aquaforest.eu\/pl\/produkty\/seawater\/parametry-wody\/kh-pro\/","url":"https:\/\/aquaforest.eu\/pl\/produkty\/seawater\/parametry-wody\/kh-pro\/","name":"KH Pro - Aquaforest","isPartOf":{"@id":"https:\/\/aquaforest.eu\/pl\/#website"},"primaryImageOfPage":{"@id":"https:\/\/aquaforest.eu\/pl\/produkty\/seawater\/parametry-wody\/kh-pro\/#primaryimage"},"image":{"@id":"https:\/\/aquaforest.eu\/pl\/produkty\/seawater\/parametry-wody\/kh-pro\/#primaryimage"},"thumbnailUrl":"https:\/\/aquaforest.eu\/wp-content\/uploads\/2024\/11\/kh-pro-mockup-1.png","datePublished":"2024-11-04T09:07:15+00:00","dateModified":"2025-02-03T00:50:13+00:00","breadcrumb":{"@id":"https:\/\/aquaforest.eu\/pl\/produkty\/seawater\/parametry-wody\/kh-pro\/#breadcrumb"},"inLanguage":"pl-PL","potentialAction":[{"@type":"ReadAction","target":["https:\/\/aquaforest.eu\/pl\/produkty\/seawater\/parametry-wody\/kh-pro\/"]}]},{"@type":"ImageObject","inLanguage":"pl-PL","@id":"https:\/\/aquaforest.eu\/pl\/produkty\/seawater\/parametry-wody\/kh-pro\/#primaryimage","url":"https:\/\/aquaforest.eu\/wp-content\/uploads\/2024\/11\/kh-pro-mockup-1.png","contentUrl":"https:\/\/aquaforest.eu\/wp-content\/uploads\/2024\/11\/kh-pro-mockup-1.png","width":1800,"height":1800},{"@type":"BreadcrumbList","@id":"https:\/\/aquaforest.eu\/pl\/produkty\/seawater\/parametry-wody\/kh-pro\/#breadcrumb","itemListElement":[{"@type":"ListItem","position":1,"name":"Home","item":"https:\/\/aquaforest.eu\/pl\/"},{"@type":"ListItem","position":2,"name":"Produkty","item":"https:\/\/aquaforest.eu\/pl\/produkty\/"},{"@type":"ListItem","position":3,"name":"KH Pro"}]},{"@type":"WebSite","@id":"https:\/\/aquaforest.eu\/pl\/#website","url":"https:\/\/aquaforest.eu\/pl\/","name":"Aquaforest","description":"","publisher":{"@id":"https:\/\/aquaforest.eu\/pl\/#organization"},"potentialAction":[{"@type":"SearchAction","target":{"@type":"EntryPoint","urlTemplate":"https:\/\/aquaforest.eu\/pl\/?s={search_term_string}"},"query-input":{"@type":"PropertyValueSpecification","valueRequired":true,"valueName":"search_term_string"}}],"inLanguage":"pl-PL"},{"@type":"Organization","@id":"https:\/\/aquaforest.eu\/pl\/#organization","name":"Aquaforest","url":"https:\/\/aquaforest.eu\/pl\/","logo":{"@type":"ImageObject","inLanguage":"pl-PL","@id":"https:\/\/aquaforest.eu\/pl\/#\/schema\/logo\/image\/","url":"https:\/\/aquaforest.eu\/wp-content\/uploads\/2024\/05\/logotyp-aquaforest.svg","contentUrl":"https:\/\/aquaforest.eu\/wp-content\/uploads\/2024\/05\/logotyp-aquaforest.svg","width":170,"height":22,"caption":"Aquaforest"},"image":{"@id":"https:\/\/aquaforest.eu\/pl\/#\/schema\/logo\/image\/"},"sameAs":["https:\/\/www.facebook.com\/Aquaforest\/","https:\/\/www.instagram.com\/aquaforest.eu\/"]}]}},"_links":{"self":[{"href":"https:\/\/aquaforest.eu\/pl\/wp-json\/wp\/v2\/product\/18599","targetHints":{"allow":["GET"]}}],"collection":[{"href":"https:\/\/aquaforest.eu\/pl\/wp-json\/wp\/v2\/product"}],"about":[{"href":"https:\/\/aquaforest.eu\/pl\/wp-json\/wp\/v2\/types\/product"}],"version-history":[{"count":1,"href":"https:\/\/aquaforest.eu\/pl\/wp-json\/wp\/v2\/product\/18599\/revisions"}],"predecessor-version":[{"id":20259,"href":"https:\/\/aquaforest.eu\/pl\/wp-json\/wp\/v2\/product\/18599\/revisions\/20259"}],"wp:featuredmedia":[{"embeddable":true,"href":"https:\/\/aquaforest.eu\/pl\/wp-json\/wp\/v2\/media\/21635"}],"wp:attachment":[{"href":"https:\/\/aquaforest.eu\/pl\/wp-json\/wp\/v2\/media?parent=18599"}],"wp:term":[{"taxonomy":"product_brand","embeddable":true,"href":"https:\/\/aquaforest.eu\/pl\/wp-json\/wp\/v2\/product_brand?post=18599"},{"taxonomy":"product_cat","embeddable":true,"href":"https:\/\/aquaforest.eu\/pl\/wp-json\/wp\/v2\/product_cat?post=18599"},{"taxonomy":"product_tag","embeddable":true,"href":"https:\/\/aquaforest.eu\/pl\/wp-json\/wp\/v2\/product_tag?post=18599"}],"curies":[{"name":"wp","href":"https:\/\/api.w.org\/{rel}","templated":true}]}}