{"id":20832,"date":"2025-02-04T09:38:53","date_gmt":"2025-02-04T08:38:53","guid":{"rendered":"https:\/\/aquaforest.eu\/?post_type=product&#038;p=20832"},"modified":"2025-02-04T09:57:16","modified_gmt":"2025-02-04T08:57:16","slug":"aiptasia-shot","status":"publish","type":"product","link":"https:\/\/aquaforest.eu\/pl\/produkty\/seawater\/parametry-wody\/aiptasia-shot\/","title":{"rendered":"Aiptasia Shot"},"content":{"rendered":"<h1>Aiptasia Shot &#8211; produkt do kontrolowania populacji aiptasii w akwariach morskich<\/h1>\n<p>Aiptasia Shot to preparat stworzony specjalnie do kontrolowania populacji uci\u0105\u017cliwych ukwia\u0142\u00f3w z rodzaju Aiptasia i Manjano. Aiptasie s\u0105 znane ze swojej zdolno\u015bci do szybkiego rozprzestrzeniania si\u0119, a ich mechaniczne usuni\u0119cie jest niezwykle trudne. Stanowi\u0105 one zagro\u017cenie dla delikatnych koralowc\u00f3w i innych wra\u017cliwych organizm\u00f3w morskich, dlatego wa\u017cne jest, aby dzia\u0142a\u0107 szybko, zanim ich populacja wymknie si\u0119 spod kontroli.<\/p>\n<p>Zaawansowana formu\u0142a produktu pozwala na szybkie, \u0142atwe i skuteczne usuni\u0119cie nieproszonych go\u015bci. Aiptasia Shot dzia\u0142a ju\u017c kilka minut po aplikacji, nie wp\u0142ywaj\u0105c przy tym na parametry i jako\u015b\u0107 wody w akwarium.<\/p>\n<p>Z Aiptasia Shot szybko i skutecznie przywr\u00f3cisz r\u00f3wnowag\u0119 w swoim akwarium morskim, eliminuj\u0105c uci\u0105\u017cliwe Aiptasie i chroni\u0105c cenne koralowce.<\/p>\n<p>Po zako\u0144czonej kuracji stosowanie dodatkowych czynno\u015bci, podmian wody lub filtracji w celu usuni\u0119cia resztek ukwia\u0142\u00f3w nie jest konieczne.<\/p>\n<p>&nbsp;<\/p>\n<hr \/>\n<p>&nbsp;<\/p>\n<p><strong>Co sprawia, \u017ce produkt ten jest wyj\u0105tkowy?<\/strong><\/p>\n<ul>\n<li>Dzia\u0142a w klika minut<\/li>\n<li>Nie wp\u0142ywa negatywnie na warunki w akwarium<\/li>\n<li>\u0141atwo\u015b\u0107 w dozowaniu preparatu<\/li>\n<\/ul>\n<p>&nbsp;<\/p>\n<hr \/>\n<p>&nbsp;<\/p>\n<p><strong>Spos\u00f3b u\u017cycia:<\/strong><\/p>\n<ul>\n<li>Wstrz\u0105\u015bnij przed u\u017cyciem.<\/li>\n<li>Za pomoc\u0105 do\u0142\u0105czonej strzykawki pobierz odpowiedni\u0105 ilo\u015b\u0107 p\u0142ynu.<\/li>\n<li>Delikatnie dozuj preparat bezpo\u015brednio w otw\u00f3r g\u0119bowy Aiptasi.<\/li>\n<li>Po zako\u0144czonym zabiegu strzykawk\u0119 i ko\u0144c\u00f3wk\u0119 p\u0142uka\u0107 wod\u0105 RO.<\/li>\n<li>W razie konieczno\u015bci, powt\u00f3rz zabieg po 48 godzinach.<\/li>\n<\/ul>\n<p>&nbsp;<\/p>\n<hr \/>\n<p>&nbsp;<\/p>\n<p><strong>Dodatkowe uwagi:<\/strong><\/p>\n<ul>\n<li>Dla optymalnych efekt\u00f3w zaleca si\u0119 wy\u0142\u0105czenie cyrkulator\u00f3w na czas aplikacji. Ok. 15 minut po aplikacji mo\u017cna ponownie uruchomi\u0107 cyrkulatory.<\/li>\n<li>Unikaj kontaktu preparatu z koralowcami.<\/li>\n<li>Po ka\u017cdym zabiegu zalecamy dok\u0142adne przep\u0142ukanie strzykawki i ko\u0144c\u00f3wki wod\u0105 RO.<\/li>\n<\/ul>\n<p>&nbsp;<\/p>\n<hr \/>\n<p>&nbsp;<\/p>\n<p><strong>Ostrze\u017cenia:<\/strong><\/p>\n<ul>\n<li>Produkt przeznaczony wy\u0142\u0105cznie do akwarystyki morskiej.<\/li>\n<li>Nie nadaje si\u0119 do spo\u017cycia.<\/li>\n<li>Trzyma\u0107 poza zasi\u0119giem dzieci.<\/li>\n<\/ul>\n","protected":false},"excerpt":{"rendered":"<p>Gotowy do u\u017cycia, szybko dzia\u0142aj\u0105cy i skuteczny produkt do zwalczania populacji Aiptasii w akwariach morskich.<\/p>\n","protected":false},"featured_media":21628,"template":"","meta":{"_acf_changed":false,"content-type":""},"product_brand":[],"product_cat":[1157],"product_tag":[1096,1568,1421],"class_list":{"0":"post-20832","1":"product","2":"type-product","3":"status-publish","4":"has-post-thumbnail","6":"product_cat-parametry-wody","7":"product_tag-chemia-wody","8":"product_tag-seawater-aquatic-pl","9":"product_tag-simple-pl","11":"first","12":"instock","13":"taxable","14":"shipping-taxable","15":"purchasable","16":"product-type-simple"},"acf":[],"yoast_head":"<!-- This site is optimized with the Yoast SEO plugin v27.1.1 - https:\/\/yoast.com\/product\/yoast-seo-wordpress\/ -->\n<title>Aiptasia Shot - kontroluj populacj\u0119 Aiptasii | Aquaforest<\/title>\n<meta name=\"description\" content=\"Aiptasia Shot to gotowy do u\u017cycia, szybko dzia\u0142aj\u0105cy i skuteczny preparat do kontrolowania populacji ukwia\u0142\u00f3w z rodzaju Aiptasia.\" \/>\n<meta name=\"robots\" content=\"index, follow, max-snippet:-1, max-image-preview:large, max-video-preview:-1\" \/>\n<link rel=\"canonical\" href=\"https:\/\/aquaforest.eu\/pl\/produkty\/seawater\/parametry-wody\/aiptasia-shot\/\" \/>\n<meta property=\"og:locale\" content=\"pl_PL\" \/>\n<meta property=\"og:type\" content=\"article\" \/>\n<meta property=\"og:title\" content=\"Aiptasia Shot - kontroluj populacj\u0119 Aiptasii | Aquaforest\" \/>\n<meta property=\"og:description\" content=\"Aiptasia Shot to gotowy do u\u017cycia, szybko dzia\u0142aj\u0105cy i skuteczny preparat do kontrolowania populacji ukwia\u0142\u00f3w z rodzaju Aiptasia.\" \/>\n<meta property=\"og:url\" content=\"https:\/\/aquaforest.eu\/pl\/produkty\/seawater\/parametry-wody\/aiptasia-shot\/\" \/>\n<meta property=\"og:site_name\" content=\"Aquaforest\" \/>\n<meta property=\"article:publisher\" content=\"https:\/\/www.facebook.com\/Aquaforest\/\" \/>\n<meta property=\"article:modified_time\" content=\"2025-02-04T08:57:16+00:00\" \/>\n<meta property=\"og:image\" content=\"https:\/\/aquaforest.eu\/wp-content\/uploads\/2025\/02\/aiptasia-shot-1.png\" \/>\n\t<meta property=\"og:image:width\" content=\"1800\" \/>\n\t<meta property=\"og:image:height\" content=\"1800\" \/>\n\t<meta property=\"og:image:type\" content=\"image\/png\" \/>\n<meta name=\"twitter:card\" content=\"summary_large_image\" \/>\n<meta name=\"twitter:label1\" content=\"Szacowany czas czytania\" \/>\n\t<meta name=\"twitter:data1\" content=\"2 minuty\" \/>\n<script type=\"application\/ld+json\" class=\"yoast-schema-graph\">{\"@context\":\"https:\/\/schema.org\",\"@graph\":[{\"@type\":\"WebPage\",\"@id\":\"https:\/\/aquaforest.eu\/pl\/produkty\/seawater\/parametry-wody\/aiptasia-shot\/\",\"url\":\"https:\/\/aquaforest.eu\/pl\/produkty\/seawater\/parametry-wody\/aiptasia-shot\/\",\"name\":\"Aiptasia Shot - kontroluj populacj\u0119 Aiptasii | Aquaforest\",\"isPartOf\":{\"@id\":\"https:\/\/aquaforest.eu\/pl\/#website\"},\"primaryImageOfPage\":{\"@id\":\"https:\/\/aquaforest.eu\/pl\/produkty\/seawater\/parametry-wody\/aiptasia-shot\/#primaryimage\"},\"image\":{\"@id\":\"https:\/\/aquaforest.eu\/pl\/produkty\/seawater\/parametry-wody\/aiptasia-shot\/#primaryimage\"},\"thumbnailUrl\":\"https:\/\/aquaforest.eu\/wp-content\/uploads\/2025\/02\/aiptasia-shot-1.png\",\"datePublished\":\"2025-02-04T08:38:53+00:00\",\"dateModified\":\"2025-02-04T08:57:16+00:00\",\"description\":\"Aiptasia Shot to gotowy do u\u017cycia, szybko dzia\u0142aj\u0105cy i skuteczny preparat do kontrolowania populacji ukwia\u0142\u00f3w z rodzaju Aiptasia.\",\"breadcrumb\":{\"@id\":\"https:\/\/aquaforest.eu\/pl\/produkty\/seawater\/parametry-wody\/aiptasia-shot\/#breadcrumb\"},\"inLanguage\":\"pl-PL\",\"potentialAction\":[{\"@type\":\"ReadAction\",\"target\":[\"https:\/\/aquaforest.eu\/pl\/produkty\/seawater\/parametry-wody\/aiptasia-shot\/\"]}]},{\"@type\":\"ImageObject\",\"inLanguage\":\"pl-PL\",\"@id\":\"https:\/\/aquaforest.eu\/pl\/produkty\/seawater\/parametry-wody\/aiptasia-shot\/#primaryimage\",\"url\":\"https:\/\/aquaforest.eu\/wp-content\/uploads\/2025\/02\/aiptasia-shot-1.png\",\"contentUrl\":\"https:\/\/aquaforest.eu\/wp-content\/uploads\/2025\/02\/aiptasia-shot-1.png\",\"width\":1800,\"height\":1800},{\"@type\":\"BreadcrumbList\",\"@id\":\"https:\/\/aquaforest.eu\/pl\/produkty\/seawater\/parametry-wody\/aiptasia-shot\/#breadcrumb\",\"itemListElement\":[{\"@type\":\"ListItem\",\"position\":1,\"name\":\"Home\",\"item\":\"https:\/\/aquaforest.eu\/pl\/\"},{\"@type\":\"ListItem\",\"position\":2,\"name\":\"Produkty\",\"item\":\"https:\/\/aquaforest.eu\/pl\/produkty\/\"},{\"@type\":\"ListItem\",\"position\":3,\"name\":\"Aiptasia Shot\"}]},{\"@type\":\"WebSite\",\"@id\":\"https:\/\/aquaforest.eu\/pl\/#website\",\"url\":\"https:\/\/aquaforest.eu\/pl\/\",\"name\":\"Aquaforest\",\"description\":\"\",\"publisher\":{\"@id\":\"https:\/\/aquaforest.eu\/pl\/#organization\"},\"potentialAction\":[{\"@type\":\"SearchAction\",\"target\":{\"@type\":\"EntryPoint\",\"urlTemplate\":\"https:\/\/aquaforest.eu\/pl\/?s={search_term_string}\"},\"query-input\":{\"@type\":\"PropertyValueSpecification\",\"valueRequired\":true,\"valueName\":\"search_term_string\"}}],\"inLanguage\":\"pl-PL\"},{\"@type\":\"Organization\",\"@id\":\"https:\/\/aquaforest.eu\/pl\/#organization\",\"name\":\"Aquaforest\",\"url\":\"https:\/\/aquaforest.eu\/pl\/\",\"logo\":{\"@type\":\"ImageObject\",\"inLanguage\":\"pl-PL\",\"@id\":\"https:\/\/aquaforest.eu\/pl\/#\/schema\/logo\/image\/\",\"url\":\"https:\/\/aquaforest.eu\/wp-content\/uploads\/2024\/05\/logotyp-aquaforest.svg\",\"contentUrl\":\"https:\/\/aquaforest.eu\/wp-content\/uploads\/2024\/05\/logotyp-aquaforest.svg\",\"width\":170,\"height\":22,\"caption\":\"Aquaforest\"},\"image\":{\"@id\":\"https:\/\/aquaforest.eu\/pl\/#\/schema\/logo\/image\/\"},\"sameAs\":[\"https:\/\/www.facebook.com\/Aquaforest\/\",\"https:\/\/www.instagram.com\/aquaforest.eu\/\"]}]}<\/script>\n<!-- \/ Yoast SEO plugin. -->","yoast_head_json":{"title":"Aiptasia Shot - kontroluj populacj\u0119 Aiptasii | Aquaforest","description":"Aiptasia Shot to gotowy do u\u017cycia, szybko dzia\u0142aj\u0105cy i skuteczny preparat do kontrolowania populacji ukwia\u0142\u00f3w z rodzaju Aiptasia.","robots":{"index":"index","follow":"follow","max-snippet":"max-snippet:-1","max-image-preview":"max-image-preview:large","max-video-preview":"max-video-preview:-1"},"canonical":"https:\/\/aquaforest.eu\/pl\/produkty\/seawater\/parametry-wody\/aiptasia-shot\/","og_locale":"pl_PL","og_type":"article","og_title":"Aiptasia Shot - kontroluj populacj\u0119 Aiptasii | Aquaforest","og_description":"Aiptasia Shot to gotowy do u\u017cycia, szybko dzia\u0142aj\u0105cy i skuteczny preparat do kontrolowania populacji ukwia\u0142\u00f3w z rodzaju Aiptasia.","og_url":"https:\/\/aquaforest.eu\/pl\/produkty\/seawater\/parametry-wody\/aiptasia-shot\/","og_site_name":"Aquaforest","article_publisher":"https:\/\/www.facebook.com\/Aquaforest\/","article_modified_time":"2025-02-04T08:57:16+00:00","og_image":[{"width":1800,"height":1800,"url":"https:\/\/aquaforest.eu\/wp-content\/uploads\/2025\/02\/aiptasia-shot-1.png","type":"image\/png"}],"twitter_card":"summary_large_image","twitter_misc":{"Szacowany czas czytania":"2 minuty"},"schema":{"@context":"https:\/\/schema.org","@graph":[{"@type":"WebPage","@id":"https:\/\/aquaforest.eu\/pl\/produkty\/seawater\/parametry-wody\/aiptasia-shot\/","url":"https:\/\/aquaforest.eu\/pl\/produkty\/seawater\/parametry-wody\/aiptasia-shot\/","name":"Aiptasia Shot - kontroluj populacj\u0119 Aiptasii | Aquaforest","isPartOf":{"@id":"https:\/\/aquaforest.eu\/pl\/#website"},"primaryImageOfPage":{"@id":"https:\/\/aquaforest.eu\/pl\/produkty\/seawater\/parametry-wody\/aiptasia-shot\/#primaryimage"},"image":{"@id":"https:\/\/aquaforest.eu\/pl\/produkty\/seawater\/parametry-wody\/aiptasia-shot\/#primaryimage"},"thumbnailUrl":"https:\/\/aquaforest.eu\/wp-content\/uploads\/2025\/02\/aiptasia-shot-1.png","datePublished":"2025-02-04T08:38:53+00:00","dateModified":"2025-02-04T08:57:16+00:00","description":"Aiptasia Shot to gotowy do u\u017cycia, szybko dzia\u0142aj\u0105cy i skuteczny preparat do kontrolowania populacji ukwia\u0142\u00f3w z rodzaju Aiptasia.","breadcrumb":{"@id":"https:\/\/aquaforest.eu\/pl\/produkty\/seawater\/parametry-wody\/aiptasia-shot\/#breadcrumb"},"inLanguage":"pl-PL","potentialAction":[{"@type":"ReadAction","target":["https:\/\/aquaforest.eu\/pl\/produkty\/seawater\/parametry-wody\/aiptasia-shot\/"]}]},{"@type":"ImageObject","inLanguage":"pl-PL","@id":"https:\/\/aquaforest.eu\/pl\/produkty\/seawater\/parametry-wody\/aiptasia-shot\/#primaryimage","url":"https:\/\/aquaforest.eu\/wp-content\/uploads\/2025\/02\/aiptasia-shot-1.png","contentUrl":"https:\/\/aquaforest.eu\/wp-content\/uploads\/2025\/02\/aiptasia-shot-1.png","width":1800,"height":1800},{"@type":"BreadcrumbList","@id":"https:\/\/aquaforest.eu\/pl\/produkty\/seawater\/parametry-wody\/aiptasia-shot\/#breadcrumb","itemListElement":[{"@type":"ListItem","position":1,"name":"Home","item":"https:\/\/aquaforest.eu\/pl\/"},{"@type":"ListItem","position":2,"name":"Produkty","item":"https:\/\/aquaforest.eu\/pl\/produkty\/"},{"@type":"ListItem","position":3,"name":"Aiptasia Shot"}]},{"@type":"WebSite","@id":"https:\/\/aquaforest.eu\/pl\/#website","url":"https:\/\/aquaforest.eu\/pl\/","name":"Aquaforest","description":"","publisher":{"@id":"https:\/\/aquaforest.eu\/pl\/#organization"},"potentialAction":[{"@type":"SearchAction","target":{"@type":"EntryPoint","urlTemplate":"https:\/\/aquaforest.eu\/pl\/?s={search_term_string}"},"query-input":{"@type":"PropertyValueSpecification","valueRequired":true,"valueName":"search_term_string"}}],"inLanguage":"pl-PL"},{"@type":"Organization","@id":"https:\/\/aquaforest.eu\/pl\/#organization","name":"Aquaforest","url":"https:\/\/aquaforest.eu\/pl\/","logo":{"@type":"ImageObject","inLanguage":"pl-PL","@id":"https:\/\/aquaforest.eu\/pl\/#\/schema\/logo\/image\/","url":"https:\/\/aquaforest.eu\/wp-content\/uploads\/2024\/05\/logotyp-aquaforest.svg","contentUrl":"https:\/\/aquaforest.eu\/wp-content\/uploads\/2024\/05\/logotyp-aquaforest.svg","width":170,"height":22,"caption":"Aquaforest"},"image":{"@id":"https:\/\/aquaforest.eu\/pl\/#\/schema\/logo\/image\/"},"sameAs":["https:\/\/www.facebook.com\/Aquaforest\/","https:\/\/www.instagram.com\/aquaforest.eu\/"]}]}},"_links":{"self":[{"href":"https:\/\/aquaforest.eu\/pl\/wp-json\/wp\/v2\/product\/20832","targetHints":{"allow":["GET"]}}],"collection":[{"href":"https:\/\/aquaforest.eu\/pl\/wp-json\/wp\/v2\/product"}],"about":[{"href":"https:\/\/aquaforest.eu\/pl\/wp-json\/wp\/v2\/types\/product"}],"version-history":[{"count":2,"href":"https:\/\/aquaforest.eu\/pl\/wp-json\/wp\/v2\/product\/20832\/revisions"}],"predecessor-version":[{"id":20836,"href":"https:\/\/aquaforest.eu\/pl\/wp-json\/wp\/v2\/product\/20832\/revisions\/20836"}],"wp:featuredmedia":[{"embeddable":true,"href":"https:\/\/aquaforest.eu\/pl\/wp-json\/wp\/v2\/media\/21628"}],"wp:attachment":[{"href":"https:\/\/aquaforest.eu\/pl\/wp-json\/wp\/v2\/media?parent=20832"}],"wp:term":[{"taxonomy":"product_brand","embeddable":true,"href":"https:\/\/aquaforest.eu\/pl\/wp-json\/wp\/v2\/product_brand?post=20832"},{"taxonomy":"product_cat","embeddable":true,"href":"https:\/\/aquaforest.eu\/pl\/wp-json\/wp\/v2\/product_cat?post=20832"},{"taxonomy":"product_tag","embeddable":true,"href":"https:\/\/aquaforest.eu\/pl\/wp-json\/wp\/v2\/product_tag?post=20832"}],"curies":[{"name":"wp","href":"https:\/\/api.w.org\/{rel}","templated":true}]}}