{"id":21116,"date":"2025-02-05T11:53:07","date_gmt":"2025-02-05T10:53:07","guid":{"rendered":"https:\/\/aquaforest.eu\/?post_type=product&#038;p=21116"},"modified":"2026-04-30T14:43:26","modified_gmt":"2026-04-30T12:43:26","slug":"af-easy-gloss-3","status":"publish","type":"product","link":"https:\/\/aquaforest.eu\/pl\/produkty\/freshwater\/_aquascaping\/af-easy-gloss-3\/","title":{"rendered":"AF Easy Gloss"},"content":{"rendered":"<h3><strong><span style=\"color: #000000;\">AF Easy Gloss \u2013 skuteczny \u015brodek pozwalaj\u0105cy na \u0142atwe i bezpieczne czyszczenie akwari\u00f3w s\u0142odkowodnych<\/span><\/strong><\/h3>\n<p><span style=\"color: #000000;\">AF Easy Gloss to p\u0142yn rewelacyjnie, kt\u00f3ry radzi sobie nawet z najbardziej uporczywymi zabrudzeniami pojawiaj\u0105cymi si\u0119 na szybach zbiornika. W akwarium s\u0142odkowodnym usunie uporczywy, kamienny osad. Pozwoli na perfekcyjne oczyszczenie szyb bez pozostawiania smug. Produkt, poza wysok\u0105 skuteczno\u015bci\u0105, przede wszystkim cechuje bezpiecze\u0144stwo, tak wa\u017cne w przypadku pracy przy akwariach. Zosta\u0142 stworzony ze sprawdzonych sk\u0142adnik\u00f3w, kt\u00f3re nie wp\u0142ywaj\u0105 negatywnie na kondycj\u0119 i zdrowie ro\u015blin oraz ryb. Unikalna formu\u0142a zosta\u0142a przetestowana laboratoryjnie tak, aby uzyska\u0107 najwy\u017cszej klasy skuteczno\u015b\u0107 przy jednoczesnym zachowaniu odpowiedniego bezpiecze\u0144stwa \u015brodka czyszcz\u0105cego. Dzi\u0119ki temu produktu mo\u017cemy u\u017cywa\u0107 bez obaw o to, \u017ce jakiekolwiek, szkodliwe substancje dostan\u0105 si\u0119 do komory odpieniacza.<\/span><br \/>\n<span style=\"color: #000000;\">Produkt o przyjemnym zapachu bergamotki w wygodnej butelce ze spryskiwaczem.<\/span><\/p>\n<hr \/>\n<h3><span style=\"color: #000000;\"><strong>Kluczowe cechy:<\/strong><\/span><\/h3>\n<ul>\n<li><span style=\"color: #000000;\">Sk\u0142ad w 100% bezpieczny dla ryb i ro\u015blin<\/span><\/li>\n<li><span style=\"color: #000000;\">Mo\u017ce zosta\u0107 bezpiecznie u\u017cyty w ka\u017cdym typie akwari\u00f3w<\/span><\/li>\n<li><span style=\"color: #000000;\">Wydajny i efektywny<\/span><\/li>\n<li><span style=\"color: #000000;\">Skutecznie usuwa t\u0142uste zacieki z powierzchni szk\u0142a<\/span><\/li>\n<li><span style=\"color: #000000;\">Usuwa kamie\u0144<\/span><\/li>\n<li><span style=\"color: #000000;\">Nie pozostawia smug<\/span><\/li>\n<li><span style=\"color: #000000;\">Przyjemny zapach bergamotki<\/span><\/li>\n<\/ul>\n<hr \/>\n<h3><span style=\"color: #000000;\"><strong>Spos\u00f3b u\u017cycia:<\/strong><\/span><\/h3>\n<p><span style=\"color: #000000;\">Z pomoc\u0105 AF Easy Gloss spryskaj r\u0119cznik papierowy, po czym przyst\u0105p do czyszczenia akwarium. Po sko\u0144czonej pracy wypoleruj akwarium jeszcze raz, tym razem suchym r\u0119cznikiem.<\/span><\/p>\n<p><span style=\"color: #000000;\">Przechowywa\u0107 w ch\u0142odnym miejscu z daleka od dzieci.<\/span><\/p>\n","protected":false},"excerpt":{"rendered":"<p>Nietoksyczny i skuteczny \u015brodek do czyszczenia szk\u0142a. Usuwa plamy pozostawione po wodzie w akwarium s\u0142odkowodnym. Produkt o przyjemnym zapachu bergamotki w wygodnej butelce z rozpylaczem.<\/p>\n","protected":false},"featured_media":21109,"template":"","meta":{"_acf_changed":false,"content-type":""},"product_brand":[],"product_cat":[1135],"product_tag":[1121,1421],"class_list":{"0":"post-21116","1":"product","2":"type-product","3":"status-publish","4":"has-post-thumbnail","6":"product_cat-_aquascaping","7":"product_tag-akwarystyka-slodkowodna","8":"product_tag-simple-pl","10":"first","11":"instock","12":"taxable","13":"shipping-taxable","14":"purchasable","15":"product-type-simple"},"acf":[],"yoast_head":"<!-- This site is optimized with the Yoast SEO plugin v27.1.1 - https:\/\/yoast.com\/product\/yoast-seo-wordpress\/ -->\n<title>AF Easy Gloss - \u015brodek do czyszczenia akwarium s\u0142odkowodnego<\/title>\n<meta name=\"description\" content=\"AF Easy Gloss to innowacyjny preparat do akwari\u00f3w s\u0142odkowodnych, kt\u00f3ry zapewnia doskona\u0142y po\u0142ysk, czysto\u015b\u0107 szyb oraz pi\u0119kny zapach bergamotki.\" \/>\n<meta name=\"robots\" content=\"index, follow, max-snippet:-1, max-image-preview:large, max-video-preview:-1\" \/>\n<link rel=\"canonical\" href=\"https:\/\/aquaforest.eu\/pl\/produkty\/freshwater\/_aquascaping\/af-easy-gloss-3\/\" \/>\n<meta property=\"og:locale\" content=\"pl_PL\" \/>\n<meta property=\"og:type\" content=\"article\" \/>\n<meta property=\"og:title\" content=\"AF Easy Gloss - \u015brodek do czyszczenia akwarium s\u0142odkowodnego\" \/>\n<meta property=\"og:description\" content=\"AF Easy Gloss to innowacyjny preparat do akwari\u00f3w s\u0142odkowodnych, kt\u00f3ry zapewnia doskona\u0142y po\u0142ysk, czysto\u015b\u0107 szyb oraz pi\u0119kny zapach bergamotki.\" \/>\n<meta property=\"og:url\" content=\"https:\/\/aquaforest.eu\/pl\/produkty\/freshwater\/_aquascaping\/af-easy-gloss-3\/\" \/>\n<meta property=\"og:site_name\" content=\"Aquaforest\" \/>\n<meta property=\"article:publisher\" content=\"https:\/\/www.facebook.com\/Aquaforest\/\" \/>\n<meta property=\"article:modified_time\" content=\"2026-04-30T12:43:26+00:00\" \/>\n<meta property=\"og:image\" content=\"https:\/\/aquaforest.eu\/wp-content\/uploads\/2025\/02\/AF-Easy-Gloss-1024x1024.png\" \/>\n\t<meta property=\"og:image:width\" content=\"1024\" \/>\n\t<meta property=\"og:image:height\" content=\"1024\" \/>\n\t<meta property=\"og:image:type\" content=\"image\/png\" \/>\n<meta name=\"twitter:card\" content=\"summary_large_image\" \/>\n<meta name=\"twitter:label1\" content=\"Szacowany czas czytania\" \/>\n\t<meta name=\"twitter:data1\" content=\"2 minuty\" \/>\n<script type=\"application\/ld+json\" class=\"yoast-schema-graph\">{\"@context\":\"https:\/\/schema.org\",\"@graph\":[{\"@type\":\"WebPage\",\"@id\":\"https:\/\/aquaforest.eu\/pl\/produkty\/freshwater\/_aquascaping\/af-easy-gloss-3\/\",\"url\":\"https:\/\/aquaforest.eu\/pl\/produkty\/freshwater\/_aquascaping\/af-easy-gloss-3\/\",\"name\":\"AF Easy Gloss - \u015brodek do czyszczenia akwarium s\u0142odkowodnego\",\"isPartOf\":{\"@id\":\"https:\/\/aquaforest.eu\/pl\/#website\"},\"primaryImageOfPage\":{\"@id\":\"https:\/\/aquaforest.eu\/pl\/produkty\/freshwater\/_aquascaping\/af-easy-gloss-3\/#primaryimage\"},\"image\":{\"@id\":\"https:\/\/aquaforest.eu\/pl\/produkty\/freshwater\/_aquascaping\/af-easy-gloss-3\/#primaryimage\"},\"thumbnailUrl\":\"https:\/\/aquaforest.eu\/wp-content\/uploads\/2025\/02\/AF-Easy-Gloss-e1738753106877.png\",\"datePublished\":\"2025-02-05T10:53:07+00:00\",\"dateModified\":\"2026-04-30T12:43:26+00:00\",\"description\":\"AF Easy Gloss to innowacyjny preparat do akwari\u00f3w s\u0142odkowodnych, kt\u00f3ry zapewnia doskona\u0142y po\u0142ysk, czysto\u015b\u0107 szyb oraz pi\u0119kny zapach bergamotki.\",\"breadcrumb\":{\"@id\":\"https:\/\/aquaforest.eu\/pl\/produkty\/freshwater\/_aquascaping\/af-easy-gloss-3\/#breadcrumb\"},\"inLanguage\":\"pl-PL\",\"potentialAction\":[{\"@type\":\"ReadAction\",\"target\":[\"https:\/\/aquaforest.eu\/pl\/produkty\/freshwater\/_aquascaping\/af-easy-gloss-3\/\"]}]},{\"@type\":\"ImageObject\",\"inLanguage\":\"pl-PL\",\"@id\":\"https:\/\/aquaforest.eu\/pl\/produkty\/freshwater\/_aquascaping\/af-easy-gloss-3\/#primaryimage\",\"url\":\"https:\/\/aquaforest.eu\/wp-content\/uploads\/2025\/02\/AF-Easy-Gloss-e1738753106877.png\",\"contentUrl\":\"https:\/\/aquaforest.eu\/wp-content\/uploads\/2025\/02\/AF-Easy-Gloss-e1738753106877.png\",\"width\":5000,\"height\":5000,\"caption\":\"AF Easy Gloss to preparat s\u0142u\u017c\u0105cy do czyszczenia szyby w akwarium s\u0142odkowodnym\"},{\"@type\":\"BreadcrumbList\",\"@id\":\"https:\/\/aquaforest.eu\/pl\/produkty\/freshwater\/_aquascaping\/af-easy-gloss-3\/#breadcrumb\",\"itemListElement\":[{\"@type\":\"ListItem\",\"position\":1,\"name\":\"Home\",\"item\":\"https:\/\/aquaforest.eu\/pl\/\"},{\"@type\":\"ListItem\",\"position\":2,\"name\":\"Produkty\",\"item\":\"https:\/\/aquaforest.eu\/pl\/produkty\/\"},{\"@type\":\"ListItem\",\"position\":3,\"name\":\"AF Easy Gloss\"}]},{\"@type\":\"WebSite\",\"@id\":\"https:\/\/aquaforest.eu\/pl\/#website\",\"url\":\"https:\/\/aquaforest.eu\/pl\/\",\"name\":\"Aquaforest\",\"description\":\"\",\"publisher\":{\"@id\":\"https:\/\/aquaforest.eu\/pl\/#organization\"},\"potentialAction\":[{\"@type\":\"SearchAction\",\"target\":{\"@type\":\"EntryPoint\",\"urlTemplate\":\"https:\/\/aquaforest.eu\/pl\/?s={search_term_string}\"},\"query-input\":{\"@type\":\"PropertyValueSpecification\",\"valueRequired\":true,\"valueName\":\"search_term_string\"}}],\"inLanguage\":\"pl-PL\"},{\"@type\":\"Organization\",\"@id\":\"https:\/\/aquaforest.eu\/pl\/#organization\",\"name\":\"Aquaforest\",\"url\":\"https:\/\/aquaforest.eu\/pl\/\",\"logo\":{\"@type\":\"ImageObject\",\"inLanguage\":\"pl-PL\",\"@id\":\"https:\/\/aquaforest.eu\/pl\/#\/schema\/logo\/image\/\",\"url\":\"https:\/\/aquaforest.eu\/wp-content\/uploads\/2024\/05\/logotyp-aquaforest.svg\",\"contentUrl\":\"https:\/\/aquaforest.eu\/wp-content\/uploads\/2024\/05\/logotyp-aquaforest.svg\",\"width\":170,\"height\":22,\"caption\":\"Aquaforest\"},\"image\":{\"@id\":\"https:\/\/aquaforest.eu\/pl\/#\/schema\/logo\/image\/\"},\"sameAs\":[\"https:\/\/www.facebook.com\/Aquaforest\/\",\"https:\/\/www.instagram.com\/aquaforest.eu\/\"]}]}<\/script>\n<!-- \/ Yoast SEO plugin. -->","yoast_head_json":{"title":"AF Easy Gloss - \u015brodek do czyszczenia akwarium s\u0142odkowodnego","description":"AF Easy Gloss to innowacyjny preparat do akwari\u00f3w s\u0142odkowodnych, kt\u00f3ry zapewnia doskona\u0142y po\u0142ysk, czysto\u015b\u0107 szyb oraz pi\u0119kny zapach bergamotki.","robots":{"index":"index","follow":"follow","max-snippet":"max-snippet:-1","max-image-preview":"max-image-preview:large","max-video-preview":"max-video-preview:-1"},"canonical":"https:\/\/aquaforest.eu\/pl\/produkty\/freshwater\/_aquascaping\/af-easy-gloss-3\/","og_locale":"pl_PL","og_type":"article","og_title":"AF Easy Gloss - \u015brodek do czyszczenia akwarium s\u0142odkowodnego","og_description":"AF Easy Gloss to innowacyjny preparat do akwari\u00f3w s\u0142odkowodnych, kt\u00f3ry zapewnia doskona\u0142y po\u0142ysk, czysto\u015b\u0107 szyb oraz pi\u0119kny zapach bergamotki.","og_url":"https:\/\/aquaforest.eu\/pl\/produkty\/freshwater\/_aquascaping\/af-easy-gloss-3\/","og_site_name":"Aquaforest","article_publisher":"https:\/\/www.facebook.com\/Aquaforest\/","article_modified_time":"2026-04-30T12:43:26+00:00","og_image":[{"width":1024,"height":1024,"url":"https:\/\/aquaforest.eu\/wp-content\/uploads\/2025\/02\/AF-Easy-Gloss-1024x1024.png","type":"image\/png"}],"twitter_card":"summary_large_image","twitter_misc":{"Szacowany czas czytania":"2 minuty"},"schema":{"@context":"https:\/\/schema.org","@graph":[{"@type":"WebPage","@id":"https:\/\/aquaforest.eu\/pl\/produkty\/freshwater\/_aquascaping\/af-easy-gloss-3\/","url":"https:\/\/aquaforest.eu\/pl\/produkty\/freshwater\/_aquascaping\/af-easy-gloss-3\/","name":"AF Easy Gloss - \u015brodek do czyszczenia akwarium s\u0142odkowodnego","isPartOf":{"@id":"https:\/\/aquaforest.eu\/pl\/#website"},"primaryImageOfPage":{"@id":"https:\/\/aquaforest.eu\/pl\/produkty\/freshwater\/_aquascaping\/af-easy-gloss-3\/#primaryimage"},"image":{"@id":"https:\/\/aquaforest.eu\/pl\/produkty\/freshwater\/_aquascaping\/af-easy-gloss-3\/#primaryimage"},"thumbnailUrl":"https:\/\/aquaforest.eu\/wp-content\/uploads\/2025\/02\/AF-Easy-Gloss-e1738753106877.png","datePublished":"2025-02-05T10:53:07+00:00","dateModified":"2026-04-30T12:43:26+00:00","description":"AF Easy Gloss to innowacyjny preparat do akwari\u00f3w s\u0142odkowodnych, kt\u00f3ry zapewnia doskona\u0142y po\u0142ysk, czysto\u015b\u0107 szyb oraz pi\u0119kny zapach bergamotki.","breadcrumb":{"@id":"https:\/\/aquaforest.eu\/pl\/produkty\/freshwater\/_aquascaping\/af-easy-gloss-3\/#breadcrumb"},"inLanguage":"pl-PL","potentialAction":[{"@type":"ReadAction","target":["https:\/\/aquaforest.eu\/pl\/produkty\/freshwater\/_aquascaping\/af-easy-gloss-3\/"]}]},{"@type":"ImageObject","inLanguage":"pl-PL","@id":"https:\/\/aquaforest.eu\/pl\/produkty\/freshwater\/_aquascaping\/af-easy-gloss-3\/#primaryimage","url":"https:\/\/aquaforest.eu\/wp-content\/uploads\/2025\/02\/AF-Easy-Gloss-e1738753106877.png","contentUrl":"https:\/\/aquaforest.eu\/wp-content\/uploads\/2025\/02\/AF-Easy-Gloss-e1738753106877.png","width":5000,"height":5000,"caption":"AF Easy Gloss to preparat s\u0142u\u017c\u0105cy do czyszczenia szyby w akwarium s\u0142odkowodnym"},{"@type":"BreadcrumbList","@id":"https:\/\/aquaforest.eu\/pl\/produkty\/freshwater\/_aquascaping\/af-easy-gloss-3\/#breadcrumb","itemListElement":[{"@type":"ListItem","position":1,"name":"Home","item":"https:\/\/aquaforest.eu\/pl\/"},{"@type":"ListItem","position":2,"name":"Produkty","item":"https:\/\/aquaforest.eu\/pl\/produkty\/"},{"@type":"ListItem","position":3,"name":"AF Easy Gloss"}]},{"@type":"WebSite","@id":"https:\/\/aquaforest.eu\/pl\/#website","url":"https:\/\/aquaforest.eu\/pl\/","name":"Aquaforest","description":"","publisher":{"@id":"https:\/\/aquaforest.eu\/pl\/#organization"},"potentialAction":[{"@type":"SearchAction","target":{"@type":"EntryPoint","urlTemplate":"https:\/\/aquaforest.eu\/pl\/?s={search_term_string}"},"query-input":{"@type":"PropertyValueSpecification","valueRequired":true,"valueName":"search_term_string"}}],"inLanguage":"pl-PL"},{"@type":"Organization","@id":"https:\/\/aquaforest.eu\/pl\/#organization","name":"Aquaforest","url":"https:\/\/aquaforest.eu\/pl\/","logo":{"@type":"ImageObject","inLanguage":"pl-PL","@id":"https:\/\/aquaforest.eu\/pl\/#\/schema\/logo\/image\/","url":"https:\/\/aquaforest.eu\/wp-content\/uploads\/2024\/05\/logotyp-aquaforest.svg","contentUrl":"https:\/\/aquaforest.eu\/wp-content\/uploads\/2024\/05\/logotyp-aquaforest.svg","width":170,"height":22,"caption":"Aquaforest"},"image":{"@id":"https:\/\/aquaforest.eu\/pl\/#\/schema\/logo\/image\/"},"sameAs":["https:\/\/www.facebook.com\/Aquaforest\/","https:\/\/www.instagram.com\/aquaforest.eu\/"]}]}},"_links":{"self":[{"href":"https:\/\/aquaforest.eu\/pl\/wp-json\/wp\/v2\/product\/21116","targetHints":{"allow":["GET"]}}],"collection":[{"href":"https:\/\/aquaforest.eu\/pl\/wp-json\/wp\/v2\/product"}],"about":[{"href":"https:\/\/aquaforest.eu\/pl\/wp-json\/wp\/v2\/types\/product"}],"version-history":[{"count":4,"href":"https:\/\/aquaforest.eu\/pl\/wp-json\/wp\/v2\/product\/21116\/revisions"}],"predecessor-version":[{"id":31390,"href":"https:\/\/aquaforest.eu\/pl\/wp-json\/wp\/v2\/product\/21116\/revisions\/31390"}],"wp:featuredmedia":[{"embeddable":true,"href":"https:\/\/aquaforest.eu\/pl\/wp-json\/wp\/v2\/media\/21109"}],"wp:attachment":[{"href":"https:\/\/aquaforest.eu\/pl\/wp-json\/wp\/v2\/media?parent=21116"}],"wp:term":[{"taxonomy":"product_brand","embeddable":true,"href":"https:\/\/aquaforest.eu\/pl\/wp-json\/wp\/v2\/product_brand?post=21116"},{"taxonomy":"product_cat","embeddable":true,"href":"https:\/\/aquaforest.eu\/pl\/wp-json\/wp\/v2\/product_cat?post=21116"},{"taxonomy":"product_tag","embeddable":true,"href":"https:\/\/aquaforest.eu\/pl\/wp-json\/wp\/v2\/product_tag?post=21116"}],"curies":[{"name":"wp","href":"https:\/\/api.w.org\/{rel}","templated":true}]}}