{"id":22635,"date":"2025-06-05T11:18:00","date_gmt":"2025-06-05T09:18:00","guid":{"rendered":"https:\/\/aquaforest.eu\/?post_type=product&#038;p=22635"},"modified":"2025-10-29T10:22:08","modified_gmt":"2025-10-29T09:22:08","slug":"component-123-concentrate","status":"publish","type":"product","link":"https:\/\/aquaforest.eu\/pl\/produkty\/seawater\/parametry-wody\/component-123-concentrate\/","title":{"rendered":"Component 1+2+3+ Concentrate"},"content":{"rendered":"<p><span style=\"color: #000000;\"><strong>Component 1+2+3+ Concentrate<\/strong>\u00a0\u00a0to nowoczesne i wygodne rozwi\u0105zanie dla akwaryst\u00f3w morskich. Oparte na sprawdzonej metodzie Ballinga. Produkt pozwala na \u0142atwe przygotowanie trzech pe\u0142nowarto\u015bciowych roztwor\u00f3w Component 1+ 2+ 3+, niezb\u0119dnych do prawid\u0142owego utrzymania r\u00f3wnowagi chemicznej w akwarium morskim. Dzi\u0119ki skoncentrowanej formule, produkt pozwala na przechowywanie mniejszych i l\u017cejszych pojemnik\u00f3w. Dzi\u0119ki temu zaoszcz\u0119dzisz miejsce w swoim pokoju akwarystycznym.<\/span><\/p>\n<p><span style=\"color: #000000;\">Koncentraty o pojemno\u015bci 1 litra pozwalaj\u0105 na przygotowanie 5 litr\u00f3w ka\u017cdego z roztwor\u00f3w.<\/span><\/p>\n<h2><span style=\"color: #000000;\"><strong>Co sprawia, \u017ce produkt ten jest wyj\u0105tkowy?<\/strong><\/span><\/h2>\n<ul>\n<li><span style=\"color: #000000;\">Kompaktowa forma: Ma\u0142e i lekkie pojemniki pozwalaj\u0105 na zaoszcz\u0119dzenie miejsca w pokoju akwarystycznym oraz podczas transportu.<\/span><\/li>\n<li><span style=\"color: #000000;\">\u0141atwo\u015b\u0107 przygotowania: Ka\u017cdy koncentrat \u0142atwo rozpu\u015bcisz w wodzie osmotycznej, uzyskuj\u0105c 5 litr\u00f3w gotowego roztworu Component 1+, 2+ lub 3+.<\/span><\/li>\n<li><span style=\"color: #000000;\">Idealny balans mikro i makroelement\u00f3w: Produkt ten zapewnia wszystkie mikro i makroelementy potrzebne koralowcom do zdrowego rozwoju i pi\u0119knych barw.<\/span><\/li>\n<\/ul>\n<h3><span style=\"color: #000000;\"><strong>Przygotowanie:\u00a0<\/strong><\/span><\/h3>\n<h4><span style=\"color: #000000;\"><strong>Concentrate 1 +<\/strong><\/span><\/h4>\n<p><span style=\"color: #000000;\"><strong>Aby przygotowa\u0107 5l Component 1+ nale\u017cy:\u00a0<\/strong><\/span><\/p>\n<p><span style=\"color: #000000;\">1. Mocno wstrz\u0105sn\u0105\u0107 i wla\u0107 roztw\u00f3r\u00a0Concentrate 1 +\u00a0do czystego kanistra 5-litrowego z odpowiedni\u0105 podzia\u0142k\u0105 na 5l.<\/span><\/p>\n<p><span style=\"color: #000000;\">2. Pojemnik po koncentracie uzupe\u0142ni\u0107 wod\u0105 osmotyczn\u0105 do 1\/3 obj\u0119to\u015bci, zakr\u0119ci\u0107 zakr\u0119tk\u0119 i dok\u0142adnie wymiesza\u0107.<\/span><\/p>\n<p><span style=\"color: #000000;\">3. Wla\u0107 do kanistra 5-litrowego.<\/span><\/p>\n<p><span style=\"color: #000000;\">4. Je\u017celi w pojemniku po koncentracie pozosta\u0142y jakie\u015b ilo\u015bci koncentratu nale\u017cy powt\u00f3rzy\u0107 czynno\u015bci z pkt 2 i 3.<\/span><\/p>\n<p><span style=\"color: #000000;\">5. Uzupe\u0142ni\u0107 kanister 5-litrowy wod\u0105 osmotyczn\u0105 do poziomu oznaczonego na podzia\u0142ce jako 5 litr\u00f3w. Dok\u0142adnie wymiesza\u0107, aby uzyska\u0107 jednolity roztw\u00f3r.<\/span><\/p>\n<h4><span style=\"color: #000000;\"><strong>Concentrate 2 +<\/strong><\/span><\/h4>\n<p><span style=\"color: #000000;\"><strong>Aby przygotowa\u0107 5l Component 2+ nale\u017cy:\u00a0<\/strong><\/span><\/p>\n<p><span style=\"color: #000000;\">1. Mocno wstrz\u0105sn\u0105\u0107 i wla\u0107 roztw\u00f3r\u00a0<strong>Concentrate 2 +<\/strong>\u00a0do czystego kanistra 5l z odpowiedni\u0105 podzia\u0142k\u0105 na 5l.<\/span><\/p>\n<p><span style=\"color: #000000;\">2. Pojemnik po koncentracie uzupe\u0142ni\u0107 ciep\u0142\u0105 wod\u0105 osmotyczn\u0105 (idealna temperatura wody to 40\u00b0C) do 1\/3 obj\u0119to\u015bci, zakr\u0119ci\u0107 zakr\u0119tk\u0119 i dok\u0142adnie wymiesza\u0107.<\/span><\/p>\n<p><span style=\"color: #000000;\">3. Wla\u0107 do kanistra 5l<\/span><\/p>\n<p><span style=\"color: #000000;\">4. Je\u017celi w pojemniku po koncentracie pozosta\u0142y jakie\u015b ilo\u015bci koncentratu lub kryszta\u0142ki soli nale\u017cy powt\u00f3rzy\u0107 czynno\u015bci z pkt 2 i 3.<\/span><\/p>\n<p><span style=\"color: #000000;\">5. Uzupe\u0142ni\u0107 kanister 5-litrowy ciep\u0142\u0105 wod\u0105 osmotyczn\u0105 do poziomu oznaczonego na podzia\u0142ce jako 5l. Dobrze wymiesza\u0107 do rozpuszczenia wszystkich ewentualnych kryszta\u0142k\u00f3w soli i uzyskania jednolitego roztworu. Pozostawi\u0107 do ca\u0142kowitego wystudzenia ok 1h. W\u00a0 produkcie mog\u0105 wyst\u0119powa\u0107 osady lub doj\u015b\u0107 do krystalizacji, jest to zjawisko normalne i nie wp\u0142ywa na jako\u015b\u0107 produktu. Wynika to z wysokiego st\u0119\u017cenia substancji w nim zawartej.<\/span><\/p>\n<h4><span style=\"color: #000000;\"><strong>Concentrate 3 +<\/strong><\/span><\/h4>\n<p><span style=\"color: #000000;\"><strong>Aby przygotowa\u0107 5l Component 3+ nale\u017cy:\u00a0<\/strong><\/span><\/p>\n<p><span style=\"color: #000000;\">1. Mocno wstrz\u0105sn\u0105\u0107 i wla\u0107 roztw\u00f3<strong>r\u00a0<\/strong><strong>Concentrate 3 +<\/strong><strong>\u00a0<\/strong>do czystego kanistra 5 -litrowego z odpowiedni\u0105 podzia\u0142k\u0105 na 5l.<\/span><\/p>\n<p><span style=\"color: #000000;\">2. Pojemnik po koncentracie uzupe\u0142ni\u0107 wod\u0105 osmotyczn\u0105 do 1\/3 obj\u0119to\u015bci, zakr\u0119ci\u0107 zakr\u0119tk\u0119 i dok\u0142adnie wymiesza\u0107.<\/span><\/p>\n<p><span style=\"color: #000000;\">3. Wla\u0107 do kanistra 5-litrowego<\/span><\/p>\n<p><span style=\"color: #000000;\">4. Je\u017celi w pojemniku po koncentracie pozosta\u0142y jakie\u015b ilo\u015bci koncentratu nale\u017cy powt\u00f3rzy\u0107 czynno\u015bci z pkt 2 i 3.<\/span><\/p>\n<p><span style=\"color: #000000;\">5. Uzupe\u0142ni\u0107 kanister 5-litrowy wod\u0105 osmotyczn\u0105 do poziomu oznaczonego na podzia\u0142ce jako 5 litr\u00f3w. Dok\u0142adnie wymiesza\u0107, aby uzyska\u0107 jednolity roztw\u00f3r.<\/span><\/p>\n<p>&nbsp;<\/p>\n<h4><span style=\"color: #000000;\"><strong>Dozowanie:<\/strong><strong>\u00a0<\/strong><\/span><\/h4>\n<p><span style=\"color: #000000;\">Rekomendujemy dozowanie wszystkich p\u0142yn\u00f3w w r\u00f3wnych dawkach, kt\u00f3re powinny by\u0107 ustalane i korygowane na podstawie konsumpcji koralowc\u00f3w. Zalecamy testowanie podstawowych parametr\u00f3w wody: wapnia, magnezu oraz twardo\u015bci w\u0119glanowej (KH). Je\u017celi konsumpcja kt\u00f3rego\u015b elementu jest wi\u0119ksza zalecamy rozpuszczenie dodatkowego roztworu (Calcium, Magnesium lub KH Buffer, do uzupe\u0142nienia brak\u00f3w \u015bwietnie si\u0119 sprawdz\u0105 tak\u017ce\u00a0KH Plus, Ca Plus, Mg Plus) i dozowanie tego roztworu osobno do momentu wyr\u00f3wnania parametr\u00f3w.<\/span><\/p>\n<p><span style=\"color: #000000;\">Przy \u015brednio obsadzonym koralowcami twardymi zbiorniku, dawka to ok. 25 ml dziennie na 100 litr\u00f3w wody. W celu utrzymania stabilnych parametr\u00f3w zalecamy podzielenie dawki dziennej na tak wiele ma\u0142ych dawek, jak to mo\u017cliwe.<\/span><\/p>\n<p>&nbsp;<\/p>\n<p><span style=\"color: #000000;\">Produkt ten mo\u017cna dozowa\u0107 bez wcze\u015bniejszego rozcie\u0144czania, ale nale\u017cy pami\u0119ta\u0107, \u017ce jest on 5 krotnie bardziej skoncentrowany ni\u017c Component 1+2+3+. Zalecamy szczeg\u00f3ln\u0105 ostro\u017cno\u015b\u0107 przy doborze dawki. Nag\u0142e zmiany parametr\u00f3w mog\u0105 by\u0107 niekorzystne dla zbiornika.<\/span><\/p>\n<p><span style=\"color: #000000;\">5 ml produktu na 100l podnosi:<\/span><\/p>\n<p><span style=\"color: #000000;\">Component 1+ Concentrate &#8211; 5 ml 4.5 ppm\/100l (Ca)<\/span><\/p>\n<p><span style=\"color: #000000;\">Component 2+ Concentrate &#8211; 5 ml 0.65 dKH\/100l (KH)<\/span><\/p>\n<p><span style=\"color: #000000;\">Component 3+ Concentrate &#8211; 5 ml 0.38 ppm\/100l (Mg)<\/span><\/p>\n<p>&nbsp;<\/p>\n<p><span style=\"color: #000000;\">W przypadku stosowania produktu bez rozcie\u0144czania\u00a0Concentrate 2 po kontakcie z wod\u0105 mo\u017ce powodowa\u0107 bia\u0142y, galaretowaty osad. Jest to ca\u0142kowicie naturalne i bezpieczne dla organizm\u00f3w wodnych. Aby u\u0142atwi\u0107 jego rozpuszczanie, wylot pompy dozuj\u0105cej\u00a0Concentrate 2 powinien by\u0107 umieszczony w miejscu o du\u017cym przep\u0142ywie wody.<\/span><\/p>\n<p>&nbsp;<\/p>\n<p><span style=\"color: #000000;\"><strong>Warto wiedzie\u0107:<\/strong><strong>\u00a0<\/strong>Produkt przeznaczony do akwarystyki. Nie nadaje si\u0119 do spo\u017cycia. Trzyma\u0107 poza zasi\u0119giem dzieci. Ze wzgl\u0119du na wysok\u0105 koncentracj\u0119 produktu zalecamy regularn\u0105 konserwacj\u0119 przewod\u00f3w dozuj\u0105cych.<\/span><\/p>\n","protected":false},"excerpt":{"rendered":"<p>Kompletny zestaw do utrzymania r\u00f3wnowagi chemicznej w akwarium morskim. \u0141atwa aplikacja, mikro- i makroelementy dla zdrowych koralowc\u00f3w.<\/p>\n","protected":false},"featured_media":22618,"template":"","meta":{"_acf_changed":false,"content-type":""},"product_brand":[],"product_cat":[1157],"product_tag":[1096,1568,1421],"class_list":{"0":"post-22635","1":"product","2":"type-product","3":"status-publish","4":"has-post-thumbnail","6":"product_cat-parametry-wody","7":"product_tag-chemia-wody","8":"product_tag-seawater-aquatic-pl","9":"product_tag-simple-pl","11":"first","12":"instock","13":"taxable","14":"shipping-taxable","15":"purchasable","16":"product-type-simple"},"acf":[],"yoast_head":"<!-- This site is optimized with the Yoast SEO plugin v27.1.1 - https:\/\/yoast.com\/product\/yoast-seo-wordpress\/ -->\n<title>Component 1+2+3+ Concentrate - Aquaforest<\/title>\n<meta name=\"robots\" content=\"index, follow, max-snippet:-1, max-image-preview:large, max-video-preview:-1\" \/>\n<link rel=\"canonical\" href=\"https:\/\/aquaforest.eu\/pl\/produkty\/seawater\/parametry-wody\/component-123-concentrate\/\" \/>\n<meta property=\"og:locale\" content=\"pl_PL\" \/>\n<meta property=\"og:type\" content=\"article\" \/>\n<meta property=\"og:title\" content=\"Component 1+2+3+ Concentrate - Aquaforest\" \/>\n<meta property=\"og:description\" content=\"Kompletny zestaw do utrzymania r\u00f3wnowagi chemicznej w akwarium morskim. \u0141atwa aplikacja, mikro- i makroelementy dla zdrowych koralowc\u00f3w.\" \/>\n<meta property=\"og:url\" content=\"https:\/\/aquaforest.eu\/pl\/produkty\/seawater\/parametry-wody\/component-123-concentrate\/\" \/>\n<meta property=\"og:site_name\" content=\"Aquaforest\" \/>\n<meta property=\"article:publisher\" content=\"https:\/\/www.facebook.com\/Aquaforest\/\" \/>\n<meta property=\"article:modified_time\" content=\"2025-10-29T09:22:08+00:00\" \/>\n<meta property=\"og:image\" content=\"https:\/\/aquaforest.eu\/wp-content\/uploads\/2025\/03\/Component-Concentrate-karton-2.png\" \/>\n\t<meta property=\"og:image:width\" content=\"1800\" \/>\n\t<meta property=\"og:image:height\" content=\"1350\" \/>\n\t<meta property=\"og:image:type\" content=\"image\/png\" \/>\n<meta name=\"twitter:card\" content=\"summary_large_image\" \/>\n<meta name=\"twitter:label1\" content=\"Szacowany czas czytania\" \/>\n\t<meta name=\"twitter:data1\" content=\"4 minuty\" \/>\n<script type=\"application\/ld+json\" class=\"yoast-schema-graph\">{\"@context\":\"https:\/\/schema.org\",\"@graph\":[{\"@type\":\"WebPage\",\"@id\":\"https:\/\/aquaforest.eu\/pl\/produkty\/seawater\/parametry-wody\/component-123-concentrate\/\",\"url\":\"https:\/\/aquaforest.eu\/pl\/produkty\/seawater\/parametry-wody\/component-123-concentrate\/\",\"name\":\"Component 1+2+3+ Concentrate - Aquaforest\",\"isPartOf\":{\"@id\":\"https:\/\/aquaforest.eu\/pl\/#website\"},\"primaryImageOfPage\":{\"@id\":\"https:\/\/aquaforest.eu\/pl\/produkty\/seawater\/parametry-wody\/component-123-concentrate\/#primaryimage\"},\"image\":{\"@id\":\"https:\/\/aquaforest.eu\/pl\/produkty\/seawater\/parametry-wody\/component-123-concentrate\/#primaryimage\"},\"thumbnailUrl\":\"https:\/\/aquaforest.eu\/wp-content\/uploads\/2025\/03\/Component-Concentrate-karton-2.png\",\"datePublished\":\"2025-06-05T09:18:00+00:00\",\"dateModified\":\"2025-10-29T09:22:08+00:00\",\"breadcrumb\":{\"@id\":\"https:\/\/aquaforest.eu\/pl\/produkty\/seawater\/parametry-wody\/component-123-concentrate\/#breadcrumb\"},\"inLanguage\":\"pl-PL\",\"potentialAction\":[{\"@type\":\"ReadAction\",\"target\":[\"https:\/\/aquaforest.eu\/pl\/produkty\/seawater\/parametry-wody\/component-123-concentrate\/\"]}]},{\"@type\":\"ImageObject\",\"inLanguage\":\"pl-PL\",\"@id\":\"https:\/\/aquaforest.eu\/pl\/produkty\/seawater\/parametry-wody\/component-123-concentrate\/#primaryimage\",\"url\":\"https:\/\/aquaforest.eu\/wp-content\/uploads\/2025\/03\/Component-Concentrate-karton-2.png\",\"contentUrl\":\"https:\/\/aquaforest.eu\/wp-content\/uploads\/2025\/03\/Component-Concentrate-karton-2.png\",\"width\":1800,\"height\":1350,\"caption\":\"Zdj\u0119cie produktu Component 1+2+3+ Concentrate\"},{\"@type\":\"BreadcrumbList\",\"@id\":\"https:\/\/aquaforest.eu\/pl\/produkty\/seawater\/parametry-wody\/component-123-concentrate\/#breadcrumb\",\"itemListElement\":[{\"@type\":\"ListItem\",\"position\":1,\"name\":\"Home\",\"item\":\"https:\/\/aquaforest.eu\/pl\/\"},{\"@type\":\"ListItem\",\"position\":2,\"name\":\"Produkty\",\"item\":\"https:\/\/aquaforest.eu\/pl\/produkty\/\"},{\"@type\":\"ListItem\",\"position\":3,\"name\":\"Component 1+2+3+ Concentrate\"}]},{\"@type\":\"WebSite\",\"@id\":\"https:\/\/aquaforest.eu\/pl\/#website\",\"url\":\"https:\/\/aquaforest.eu\/pl\/\",\"name\":\"Aquaforest\",\"description\":\"\",\"publisher\":{\"@id\":\"https:\/\/aquaforest.eu\/pl\/#organization\"},\"potentialAction\":[{\"@type\":\"SearchAction\",\"target\":{\"@type\":\"EntryPoint\",\"urlTemplate\":\"https:\/\/aquaforest.eu\/pl\/?s={search_term_string}\"},\"query-input\":{\"@type\":\"PropertyValueSpecification\",\"valueRequired\":true,\"valueName\":\"search_term_string\"}}],\"inLanguage\":\"pl-PL\"},{\"@type\":\"Organization\",\"@id\":\"https:\/\/aquaforest.eu\/pl\/#organization\",\"name\":\"Aquaforest\",\"url\":\"https:\/\/aquaforest.eu\/pl\/\",\"logo\":{\"@type\":\"ImageObject\",\"inLanguage\":\"pl-PL\",\"@id\":\"https:\/\/aquaforest.eu\/pl\/#\/schema\/logo\/image\/\",\"url\":\"https:\/\/aquaforest.eu\/wp-content\/uploads\/2024\/05\/logotyp-aquaforest.svg\",\"contentUrl\":\"https:\/\/aquaforest.eu\/wp-content\/uploads\/2024\/05\/logotyp-aquaforest.svg\",\"width\":170,\"height\":22,\"caption\":\"Aquaforest\"},\"image\":{\"@id\":\"https:\/\/aquaforest.eu\/pl\/#\/schema\/logo\/image\/\"},\"sameAs\":[\"https:\/\/www.facebook.com\/Aquaforest\/\",\"https:\/\/www.instagram.com\/aquaforest.eu\/\"]}]}<\/script>\n<!-- \/ Yoast SEO plugin. -->","yoast_head_json":{"title":"Component 1+2+3+ Concentrate - Aquaforest","robots":{"index":"index","follow":"follow","max-snippet":"max-snippet:-1","max-image-preview":"max-image-preview:large","max-video-preview":"max-video-preview:-1"},"canonical":"https:\/\/aquaforest.eu\/pl\/produkty\/seawater\/parametry-wody\/component-123-concentrate\/","og_locale":"pl_PL","og_type":"article","og_title":"Component 1+2+3+ Concentrate - Aquaforest","og_description":"Kompletny zestaw do utrzymania r\u00f3wnowagi chemicznej w akwarium morskim. \u0141atwa aplikacja, mikro- i makroelementy dla zdrowych koralowc\u00f3w.","og_url":"https:\/\/aquaforest.eu\/pl\/produkty\/seawater\/parametry-wody\/component-123-concentrate\/","og_site_name":"Aquaforest","article_publisher":"https:\/\/www.facebook.com\/Aquaforest\/","article_modified_time":"2025-10-29T09:22:08+00:00","og_image":[{"width":1800,"height":1350,"url":"https:\/\/aquaforest.eu\/wp-content\/uploads\/2025\/03\/Component-Concentrate-karton-2.png","type":"image\/png"}],"twitter_card":"summary_large_image","twitter_misc":{"Szacowany czas czytania":"4 minuty"},"schema":{"@context":"https:\/\/schema.org","@graph":[{"@type":"WebPage","@id":"https:\/\/aquaforest.eu\/pl\/produkty\/seawater\/parametry-wody\/component-123-concentrate\/","url":"https:\/\/aquaforest.eu\/pl\/produkty\/seawater\/parametry-wody\/component-123-concentrate\/","name":"Component 1+2+3+ Concentrate - Aquaforest","isPartOf":{"@id":"https:\/\/aquaforest.eu\/pl\/#website"},"primaryImageOfPage":{"@id":"https:\/\/aquaforest.eu\/pl\/produkty\/seawater\/parametry-wody\/component-123-concentrate\/#primaryimage"},"image":{"@id":"https:\/\/aquaforest.eu\/pl\/produkty\/seawater\/parametry-wody\/component-123-concentrate\/#primaryimage"},"thumbnailUrl":"https:\/\/aquaforest.eu\/wp-content\/uploads\/2025\/03\/Component-Concentrate-karton-2.png","datePublished":"2025-06-05T09:18:00+00:00","dateModified":"2025-10-29T09:22:08+00:00","breadcrumb":{"@id":"https:\/\/aquaforest.eu\/pl\/produkty\/seawater\/parametry-wody\/component-123-concentrate\/#breadcrumb"},"inLanguage":"pl-PL","potentialAction":[{"@type":"ReadAction","target":["https:\/\/aquaforest.eu\/pl\/produkty\/seawater\/parametry-wody\/component-123-concentrate\/"]}]},{"@type":"ImageObject","inLanguage":"pl-PL","@id":"https:\/\/aquaforest.eu\/pl\/produkty\/seawater\/parametry-wody\/component-123-concentrate\/#primaryimage","url":"https:\/\/aquaforest.eu\/wp-content\/uploads\/2025\/03\/Component-Concentrate-karton-2.png","contentUrl":"https:\/\/aquaforest.eu\/wp-content\/uploads\/2025\/03\/Component-Concentrate-karton-2.png","width":1800,"height":1350,"caption":"Zdj\u0119cie produktu Component 1+2+3+ Concentrate"},{"@type":"BreadcrumbList","@id":"https:\/\/aquaforest.eu\/pl\/produkty\/seawater\/parametry-wody\/component-123-concentrate\/#breadcrumb","itemListElement":[{"@type":"ListItem","position":1,"name":"Home","item":"https:\/\/aquaforest.eu\/pl\/"},{"@type":"ListItem","position":2,"name":"Produkty","item":"https:\/\/aquaforest.eu\/pl\/produkty\/"},{"@type":"ListItem","position":3,"name":"Component 1+2+3+ Concentrate"}]},{"@type":"WebSite","@id":"https:\/\/aquaforest.eu\/pl\/#website","url":"https:\/\/aquaforest.eu\/pl\/","name":"Aquaforest","description":"","publisher":{"@id":"https:\/\/aquaforest.eu\/pl\/#organization"},"potentialAction":[{"@type":"SearchAction","target":{"@type":"EntryPoint","urlTemplate":"https:\/\/aquaforest.eu\/pl\/?s={search_term_string}"},"query-input":{"@type":"PropertyValueSpecification","valueRequired":true,"valueName":"search_term_string"}}],"inLanguage":"pl-PL"},{"@type":"Organization","@id":"https:\/\/aquaforest.eu\/pl\/#organization","name":"Aquaforest","url":"https:\/\/aquaforest.eu\/pl\/","logo":{"@type":"ImageObject","inLanguage":"pl-PL","@id":"https:\/\/aquaforest.eu\/pl\/#\/schema\/logo\/image\/","url":"https:\/\/aquaforest.eu\/wp-content\/uploads\/2024\/05\/logotyp-aquaforest.svg","contentUrl":"https:\/\/aquaforest.eu\/wp-content\/uploads\/2024\/05\/logotyp-aquaforest.svg","width":170,"height":22,"caption":"Aquaforest"},"image":{"@id":"https:\/\/aquaforest.eu\/pl\/#\/schema\/logo\/image\/"},"sameAs":["https:\/\/www.facebook.com\/Aquaforest\/","https:\/\/www.instagram.com\/aquaforest.eu\/"]}]}},"_links":{"self":[{"href":"https:\/\/aquaforest.eu\/pl\/wp-json\/wp\/v2\/product\/22635","targetHints":{"allow":["GET"]}}],"collection":[{"href":"https:\/\/aquaforest.eu\/pl\/wp-json\/wp\/v2\/product"}],"about":[{"href":"https:\/\/aquaforest.eu\/pl\/wp-json\/wp\/v2\/types\/product"}],"version-history":[{"count":6,"href":"https:\/\/aquaforest.eu\/pl\/wp-json\/wp\/v2\/product\/22635\/revisions"}],"predecessor-version":[{"id":26590,"href":"https:\/\/aquaforest.eu\/pl\/wp-json\/wp\/v2\/product\/22635\/revisions\/26590"}],"wp:featuredmedia":[{"embeddable":true,"href":"https:\/\/aquaforest.eu\/pl\/wp-json\/wp\/v2\/media\/22618"}],"wp:attachment":[{"href":"https:\/\/aquaforest.eu\/pl\/wp-json\/wp\/v2\/media?parent=22635"}],"wp:term":[{"taxonomy":"product_brand","embeddable":true,"href":"https:\/\/aquaforest.eu\/pl\/wp-json\/wp\/v2\/product_brand?post=22635"},{"taxonomy":"product_cat","embeddable":true,"href":"https:\/\/aquaforest.eu\/pl\/wp-json\/wp\/v2\/product_cat?post=22635"},{"taxonomy":"product_tag","embeddable":true,"href":"https:\/\/aquaforest.eu\/pl\/wp-json\/wp\/v2\/product_tag?post=22635"}],"curies":[{"name":"wp","href":"https:\/\/api.w.org\/{rel}","templated":true}]}}