{"id":25859,"date":"2025-10-02T13:10:40","date_gmt":"2025-10-02T11:10:40","guid":{"rendered":"https:\/\/aquaforest.eu\/?post_type=product&#038;p=25859"},"modified":"2025-10-02T13:11:47","modified_gmt":"2025-10-02T11:11:47","slug":"icp-test-freshwater","status":"publish","type":"product","link":"https:\/\/aquaforest.eu\/pl\/produkty\/freshwater\/utrzymanie-parametrow-wody\/icp-test-freshwater\/","title":{"rendered":"ICP Test Freshwater"},"content":{"rendered":"<p>Zaawansowany test ICP-OES dla akwaryst\u00f3w s\u0142odkowodnych. Precyzyjna analiza a\u017c\u00a0<strong>23 parametr\u00f3w<\/strong>, w tym makro- i mikroelement\u00f3w, twardo\u015bci wody oraz potencjalnie szkodliwych metali ci\u0119\u017ckich.<\/p>\n<p><strong>Zakres badania obejmuje m.in.:<\/strong><br \/>\nN, P, K, Ca, Mg, Na, Fe, Mn, B, S, Si, Mo, Ni, Co, Zn, Cu, NO\u2083\u207b, PO\u2084\u00b3\u207b, SO\u2084\u00b2\u207b, KH, GH, stosunek NO\u2083:PO\u2084, wsp\u00f3\u0142czynnik Redfielda<\/p>\n<p>&nbsp;<\/p>\n<ul>\n<li>Idealny dla akwari\u00f3w ro\u015blinnych, hodowc\u00f3w paletek, akwari\u00f3w krewetkowych i biotopowych<\/li>\n<li>wi\u0119ksza precyzja ni\u017c testy domowe<\/li>\n<li>\u00a0Pomaga w diagnozowaniu problem\u00f3w i optymalizacji nawo\u017cenia<\/li>\n<li>Wspiera\u00a0<strong>dobrostan ryb, krewetek i ro\u015blin<\/strong>, zapewniaj\u0105c im stabilne i bezpieczne warunki \u017cycia<\/li>\n<li>Wyniki dost\u0119pne online<\/li>\n<\/ul>\n<p>&nbsp;<\/p>\n<p>Wyniki analizy pozwalaj\u0105 precyzyjnie dostosowa\u0107 parametry wody do potrzeb Twojego akwarium \u2013 zanim pojawi\u0105 si\u0119 pierwsze objawy problem\u00f3w.<\/p>\n","protected":false},"excerpt":{"rendered":"<p>Zaawansowany test ICP-OES do akwarystyki s\u0142odkowodnej. Analizuje 23 kluczowe parametry, w tym makro- i mikroelementy oraz metale ci\u0119\u017ckie, zapewniaj\u0105c precyzyjn\u0105 kontrol\u0119 jako\u015bci wody.<\/p>\n","protected":false},"featured_media":25856,"template":"","meta":{"_acf_changed":false,"content-type":""},"product_brand":[],"product_cat":[1139],"product_tag":[1121],"class_list":{"0":"post-25859","1":"product","2":"type-product","3":"status-publish","4":"has-post-thumbnail","6":"product_cat-utrzymanie-parametrow-wody","7":"product_tag-akwarystyka-slodkowodna","9":"first","10":"outofstock","11":"taxable","12":"shipping-taxable","13":"purchasable","14":"product-type-simple"},"acf":[],"yoast_head":"<!-- This site is optimized with the Yoast SEO plugin v27.1.1 - https:\/\/yoast.com\/product\/yoast-seo-wordpress\/ -->\n<title>ICP Test Freshwater - Aquaforest<\/title>\n<meta name=\"robots\" content=\"index, follow, max-snippet:-1, max-image-preview:large, max-video-preview:-1\" \/>\n<link rel=\"canonical\" href=\"https:\/\/aquaforest.eu\/pl\/produkty\/freshwater\/utrzymanie-parametrow-wody\/icp-test-freshwater\/\" \/>\n<meta property=\"og:locale\" content=\"pl_PL\" \/>\n<meta property=\"og:type\" content=\"article\" \/>\n<meta property=\"og:title\" content=\"ICP Test Freshwater - Aquaforest\" \/>\n<meta property=\"og:description\" content=\"Zaawansowany test ICP-OES do akwarystyki s\u0142odkowodnej. Analizuje 23 kluczowe parametry, w tym makro- i mikroelementy oraz metale ci\u0119\u017ckie, zapewniaj\u0105c precyzyjn\u0105 kontrol\u0119 jako\u015bci wody.\" \/>\n<meta property=\"og:url\" content=\"https:\/\/aquaforest.eu\/pl\/produkty\/freshwater\/utrzymanie-parametrow-wody\/icp-test-freshwater\/\" \/>\n<meta property=\"og:site_name\" content=\"Aquaforest\" \/>\n<meta property=\"article:publisher\" content=\"https:\/\/www.facebook.com\/Aquaforest\/\" \/>\n<meta property=\"article:modified_time\" content=\"2025-10-02T11:11:47+00:00\" \/>\n<meta name=\"twitter:card\" content=\"summary_large_image\" \/>\n<meta name=\"twitter:image\" content=\"https:\/\/aquaforest.eu\/wp-content\/uploads\/2025\/10\/ICP-Freshwater-1-1-scaled.png\" \/>\n<meta name=\"twitter:label1\" content=\"Szacowany czas czytania\" \/>\n\t<meta name=\"twitter:data1\" content=\"1 minuta\" \/>\n<script type=\"application\/ld+json\" class=\"yoast-schema-graph\">{\"@context\":\"https:\/\/schema.org\",\"@graph\":[{\"@type\":\"WebPage\",\"@id\":\"https:\/\/aquaforest.eu\/pl\/produkty\/freshwater\/utrzymanie-parametrow-wody\/icp-test-freshwater\/\",\"url\":\"https:\/\/aquaforest.eu\/pl\/produkty\/freshwater\/utrzymanie-parametrow-wody\/icp-test-freshwater\/\",\"name\":\"ICP Test Freshwater - Aquaforest\",\"isPartOf\":{\"@id\":\"https:\/\/aquaforest.eu\/pl\/#website\"},\"primaryImageOfPage\":{\"@id\":\"https:\/\/aquaforest.eu\/pl\/produkty\/freshwater\/utrzymanie-parametrow-wody\/icp-test-freshwater\/#primaryimage\"},\"image\":{\"@id\":\"https:\/\/aquaforest.eu\/pl\/produkty\/freshwater\/utrzymanie-parametrow-wody\/icp-test-freshwater\/#primaryimage\"},\"thumbnailUrl\":\"https:\/\/aquaforest.eu\/wp-content\/uploads\/2025\/10\/ICP-Freshwater-1-1-scaled.png\",\"datePublished\":\"2025-10-02T11:10:40+00:00\",\"dateModified\":\"2025-10-02T11:11:47+00:00\",\"breadcrumb\":{\"@id\":\"https:\/\/aquaforest.eu\/pl\/produkty\/freshwater\/utrzymanie-parametrow-wody\/icp-test-freshwater\/#breadcrumb\"},\"inLanguage\":\"pl-PL\",\"potentialAction\":[{\"@type\":\"ReadAction\",\"target\":[\"https:\/\/aquaforest.eu\/pl\/produkty\/freshwater\/utrzymanie-parametrow-wody\/icp-test-freshwater\/\"]}]},{\"@type\":\"ImageObject\",\"inLanguage\":\"pl-PL\",\"@id\":\"https:\/\/aquaforest.eu\/pl\/produkty\/freshwater\/utrzymanie-parametrow-wody\/icp-test-freshwater\/#primaryimage\",\"url\":\"https:\/\/aquaforest.eu\/wp-content\/uploads\/2025\/10\/ICP-Freshwater-1-1-scaled.png\",\"contentUrl\":\"https:\/\/aquaforest.eu\/wp-content\/uploads\/2025\/10\/ICP-Freshwater-1-1-scaled.png\",\"width\":2560,\"height\":2560,\"caption\":\"ICP Test for Freshwater aquariums\"},{\"@type\":\"BreadcrumbList\",\"@id\":\"https:\/\/aquaforest.eu\/pl\/produkty\/freshwater\/utrzymanie-parametrow-wody\/icp-test-freshwater\/#breadcrumb\",\"itemListElement\":[{\"@type\":\"ListItem\",\"position\":1,\"name\":\"Home\",\"item\":\"https:\/\/aquaforest.eu\/pl\/\"},{\"@type\":\"ListItem\",\"position\":2,\"name\":\"Produkty\",\"item\":\"https:\/\/aquaforest.eu\/pl\/produkty\/\"},{\"@type\":\"ListItem\",\"position\":3,\"name\":\"ICP Test Freshwater\"}]},{\"@type\":\"WebSite\",\"@id\":\"https:\/\/aquaforest.eu\/pl\/#website\",\"url\":\"https:\/\/aquaforest.eu\/pl\/\",\"name\":\"Aquaforest\",\"description\":\"\",\"publisher\":{\"@id\":\"https:\/\/aquaforest.eu\/pl\/#organization\"},\"potentialAction\":[{\"@type\":\"SearchAction\",\"target\":{\"@type\":\"EntryPoint\",\"urlTemplate\":\"https:\/\/aquaforest.eu\/pl\/?s={search_term_string}\"},\"query-input\":{\"@type\":\"PropertyValueSpecification\",\"valueRequired\":true,\"valueName\":\"search_term_string\"}}],\"inLanguage\":\"pl-PL\"},{\"@type\":\"Organization\",\"@id\":\"https:\/\/aquaforest.eu\/pl\/#organization\",\"name\":\"Aquaforest\",\"url\":\"https:\/\/aquaforest.eu\/pl\/\",\"logo\":{\"@type\":\"ImageObject\",\"inLanguage\":\"pl-PL\",\"@id\":\"https:\/\/aquaforest.eu\/pl\/#\/schema\/logo\/image\/\",\"url\":\"https:\/\/aquaforest.eu\/wp-content\/uploads\/2024\/05\/logotyp-aquaforest.svg\",\"contentUrl\":\"https:\/\/aquaforest.eu\/wp-content\/uploads\/2024\/05\/logotyp-aquaforest.svg\",\"width\":170,\"height\":22,\"caption\":\"Aquaforest\"},\"image\":{\"@id\":\"https:\/\/aquaforest.eu\/pl\/#\/schema\/logo\/image\/\"},\"sameAs\":[\"https:\/\/www.facebook.com\/Aquaforest\/\",\"https:\/\/www.instagram.com\/aquaforest.eu\/\"]}]}<\/script>\n<!-- \/ Yoast SEO plugin. -->","yoast_head_json":{"title":"ICP Test Freshwater - Aquaforest","robots":{"index":"index","follow":"follow","max-snippet":"max-snippet:-1","max-image-preview":"max-image-preview:large","max-video-preview":"max-video-preview:-1"},"canonical":"https:\/\/aquaforest.eu\/pl\/produkty\/freshwater\/utrzymanie-parametrow-wody\/icp-test-freshwater\/","og_locale":"pl_PL","og_type":"article","og_title":"ICP Test Freshwater - Aquaforest","og_description":"Zaawansowany test ICP-OES do akwarystyki s\u0142odkowodnej. Analizuje 23 kluczowe parametry, w tym makro- i mikroelementy oraz metale ci\u0119\u017ckie, zapewniaj\u0105c precyzyjn\u0105 kontrol\u0119 jako\u015bci wody.","og_url":"https:\/\/aquaforest.eu\/pl\/produkty\/freshwater\/utrzymanie-parametrow-wody\/icp-test-freshwater\/","og_site_name":"Aquaforest","article_publisher":"https:\/\/www.facebook.com\/Aquaforest\/","article_modified_time":"2025-10-02T11:11:47+00:00","twitter_card":"summary_large_image","twitter_image":"https:\/\/aquaforest.eu\/wp-content\/uploads\/2025\/10\/ICP-Freshwater-1-1-scaled.png","twitter_misc":{"Szacowany czas czytania":"1 minuta"},"schema":{"@context":"https:\/\/schema.org","@graph":[{"@type":"WebPage","@id":"https:\/\/aquaforest.eu\/pl\/produkty\/freshwater\/utrzymanie-parametrow-wody\/icp-test-freshwater\/","url":"https:\/\/aquaforest.eu\/pl\/produkty\/freshwater\/utrzymanie-parametrow-wody\/icp-test-freshwater\/","name":"ICP Test Freshwater - Aquaforest","isPartOf":{"@id":"https:\/\/aquaforest.eu\/pl\/#website"},"primaryImageOfPage":{"@id":"https:\/\/aquaforest.eu\/pl\/produkty\/freshwater\/utrzymanie-parametrow-wody\/icp-test-freshwater\/#primaryimage"},"image":{"@id":"https:\/\/aquaforest.eu\/pl\/produkty\/freshwater\/utrzymanie-parametrow-wody\/icp-test-freshwater\/#primaryimage"},"thumbnailUrl":"https:\/\/aquaforest.eu\/wp-content\/uploads\/2025\/10\/ICP-Freshwater-1-1-scaled.png","datePublished":"2025-10-02T11:10:40+00:00","dateModified":"2025-10-02T11:11:47+00:00","breadcrumb":{"@id":"https:\/\/aquaforest.eu\/pl\/produkty\/freshwater\/utrzymanie-parametrow-wody\/icp-test-freshwater\/#breadcrumb"},"inLanguage":"pl-PL","potentialAction":[{"@type":"ReadAction","target":["https:\/\/aquaforest.eu\/pl\/produkty\/freshwater\/utrzymanie-parametrow-wody\/icp-test-freshwater\/"]}]},{"@type":"ImageObject","inLanguage":"pl-PL","@id":"https:\/\/aquaforest.eu\/pl\/produkty\/freshwater\/utrzymanie-parametrow-wody\/icp-test-freshwater\/#primaryimage","url":"https:\/\/aquaforest.eu\/wp-content\/uploads\/2025\/10\/ICP-Freshwater-1-1-scaled.png","contentUrl":"https:\/\/aquaforest.eu\/wp-content\/uploads\/2025\/10\/ICP-Freshwater-1-1-scaled.png","width":2560,"height":2560,"caption":"ICP Test for Freshwater aquariums"},{"@type":"BreadcrumbList","@id":"https:\/\/aquaforest.eu\/pl\/produkty\/freshwater\/utrzymanie-parametrow-wody\/icp-test-freshwater\/#breadcrumb","itemListElement":[{"@type":"ListItem","position":1,"name":"Home","item":"https:\/\/aquaforest.eu\/pl\/"},{"@type":"ListItem","position":2,"name":"Produkty","item":"https:\/\/aquaforest.eu\/pl\/produkty\/"},{"@type":"ListItem","position":3,"name":"ICP Test Freshwater"}]},{"@type":"WebSite","@id":"https:\/\/aquaforest.eu\/pl\/#website","url":"https:\/\/aquaforest.eu\/pl\/","name":"Aquaforest","description":"","publisher":{"@id":"https:\/\/aquaforest.eu\/pl\/#organization"},"potentialAction":[{"@type":"SearchAction","target":{"@type":"EntryPoint","urlTemplate":"https:\/\/aquaforest.eu\/pl\/?s={search_term_string}"},"query-input":{"@type":"PropertyValueSpecification","valueRequired":true,"valueName":"search_term_string"}}],"inLanguage":"pl-PL"},{"@type":"Organization","@id":"https:\/\/aquaforest.eu\/pl\/#organization","name":"Aquaforest","url":"https:\/\/aquaforest.eu\/pl\/","logo":{"@type":"ImageObject","inLanguage":"pl-PL","@id":"https:\/\/aquaforest.eu\/pl\/#\/schema\/logo\/image\/","url":"https:\/\/aquaforest.eu\/wp-content\/uploads\/2024\/05\/logotyp-aquaforest.svg","contentUrl":"https:\/\/aquaforest.eu\/wp-content\/uploads\/2024\/05\/logotyp-aquaforest.svg","width":170,"height":22,"caption":"Aquaforest"},"image":{"@id":"https:\/\/aquaforest.eu\/pl\/#\/schema\/logo\/image\/"},"sameAs":["https:\/\/www.facebook.com\/Aquaforest\/","https:\/\/www.instagram.com\/aquaforest.eu\/"]}]}},"_links":{"self":[{"href":"https:\/\/aquaforest.eu\/pl\/wp-json\/wp\/v2\/product\/25859","targetHints":{"allow":["GET"]}}],"collection":[{"href":"https:\/\/aquaforest.eu\/pl\/wp-json\/wp\/v2\/product"}],"about":[{"href":"https:\/\/aquaforest.eu\/pl\/wp-json\/wp\/v2\/types\/product"}],"version-history":[{"count":1,"href":"https:\/\/aquaforest.eu\/pl\/wp-json\/wp\/v2\/product\/25859\/revisions"}],"predecessor-version":[{"id":25860,"href":"https:\/\/aquaforest.eu\/pl\/wp-json\/wp\/v2\/product\/25859\/revisions\/25860"}],"wp:featuredmedia":[{"embeddable":true,"href":"https:\/\/aquaforest.eu\/pl\/wp-json\/wp\/v2\/media\/25856"}],"wp:attachment":[{"href":"https:\/\/aquaforest.eu\/pl\/wp-json\/wp\/v2\/media?parent=25859"}],"wp:term":[{"taxonomy":"product_brand","embeddable":true,"href":"https:\/\/aquaforest.eu\/pl\/wp-json\/wp\/v2\/product_brand?post=25859"},{"taxonomy":"product_cat","embeddable":true,"href":"https:\/\/aquaforest.eu\/pl\/wp-json\/wp\/v2\/product_cat?post=25859"},{"taxonomy":"product_tag","embeddable":true,"href":"https:\/\/aquaforest.eu\/pl\/wp-json\/wp\/v2\/product_tag?post=25859"}],"curies":[{"name":"wp","href":"https:\/\/api.w.org\/{rel}","templated":true}]}}