{"id":28873,"date":"2026-04-07T13:03:42","date_gmt":"2026-04-07T11:03:42","guid":{"rendered":"https:\/\/aquaforest.eu\/?post_type=product&#038;p=28873"},"modified":"2026-04-07T13:03:43","modified_gmt":"2026-04-07T11:03:43","slug":"new-no3","status":"publish","type":"product","link":"https:\/\/aquaforest.eu\/pl\/produkty\/lab\/mikroelementy\/new-no3\/","title":{"rendered":"NEW NO3"},"content":{"rendered":"<p>W zamkni\u0119tym systemie akwariowym cz\u0119sto dochodzi do zachwiania parametr\u00f3w. Wydajny system filtracji lub przedawkowanie \u015brodk\u00f3w obni\u017caj\u0105cych nutrienty mo\u017ce powodowa\u0107 drastyczn\u0105 redukcj\u0119 poziomu azotan\u00f3w. Ich zbyt niskie st\u0119\u017cenie w wodzie morskiej mo\u017ce spowodowa\u0107 spowolniony wzrost koralowc\u00f3w.<br \/>\nAF NO3+ to produkt podnosz\u0105cy poziom azotan\u00f3w w akwariach morskich. Problem zbyt niskiego NO3 najcz\u0119\u015bciej dotyka akwari\u00f3w z du\u017c\u0105 liczb\u0105 koralowc\u00f3w, przy jednoczesnej niewielkiej liczbie ryb. AF NO3+ to \u017ar\u00f3d\u0142o czystych azotan\u00f3w, kt\u00f3rych odpowiedni poziom jest niezb\u0119dny do prawid\u0142owego wzrostu koralowc\u00f3w. St\u0119\u017cenie azotan\u00f3w jest mocno uzale\u017cnione od poziomu fosforan\u00f3w w wodzie. Przed przyst\u0105pieniem do podniesienia poziomu NO3 w akwarium, nale\u017cy sprawdzi\u0107 st\u0119\u017cenie PO4. W akwarium morskim stosunek azotu do fosforu powinien wynosi\u0107 16:1. Utrzymanie go w takich proporcjach, pozwala na zachowanie odpowiedniej r\u00f3wnowagi chemicznej w zbiorniku i uchronienie go przed wzmo\u017conym rozwojem glon\u00f3w.<br \/>\nAF NO3+ to produkt linii Aquaforest Lab stworzonej dla akwaryst\u00f3w, kt\u00f3rzy chc\u0105 mie\u0107 pe\u0142n\u0105 kontrol\u0119 nad parametrami panuj\u0105cymi w ich zbiorniku. Przed zastosowaniem zalecamy zbadanie zar\u00f3wno poziomu NO3, jak i PO4 oraz stopniowe dozowanie a\u017c do uzyskania po\u017c\u0105danego poziomu azotan\u00f3w.<br \/>\nProdukt w wygodnym i bezpiecznym opakowaniu, do zastosowania w akwarium morskim.<\/p>\n<p>&nbsp;<\/p>\n<hr \/>\n<p>&nbsp;<\/p>\n<p><strong>Dozowanie:<\/strong><\/p>\n<ul>\n<li>1 ml AF NO3+ dodany do 100 l wody w akwarium podnosi poziom azotan\u00f3w o 1 mg\/l.<\/li>\n<li>Maksymalna zalecana dawka dzienna wynosi:1 ml\/100 l wody<\/li>\n<li>Optymalna warto\u015b\u0107 NO3 w akwarium morskim wynosi 1-4 mg\/l (ppm)<\/li>\n<li>Sprawdzaj cz\u0119sto poziom azotan\u00f3w i dozuj AF NO3+ tylko, kiedy jest zbyt niski<\/li>\n<li>Upewnij si\u0119, \u017ce poziom fosforan\u00f3w jest w\u0142a\u015bciwy i u\u017cywasz dok\u0142adnego testu<\/li>\n<\/ul>\n","protected":false},"excerpt":{"rendered":"<p>\u0179r\u00f3d\u0142o czystych azotan\u00f3w, kt\u00f3rych odpowiedni poziom jest niezb\u0119dny do prawid\u0142owego wzrostu koralowc\u00f3w.<\/p>\n","protected":false},"featured_media":29779,"template":"","meta":{"_acf_changed":false,"content-type":""},"product_brand":[],"product_cat":[1132,1143],"product_tag":[],"class_list":{"0":"post-28873","1":"product","2":"type-product","3":"status-publish","4":"has-post-thumbnail","6":"product_cat-lab","7":"product_cat-mikroelementy","9":"first","10":"instock","11":"taxable","12":"shipping-taxable","13":"purchasable","14":"product-type-variable","15":"has-default-attributes"},"acf":[],"yoast_head":"<!-- This site is optimized with the Yoast SEO plugin v27.1.1 - https:\/\/yoast.com\/product\/yoast-seo-wordpress\/ -->\n<title>NEW NO3 - Aquaforest<\/title>\n<meta name=\"robots\" content=\"index, follow, max-snippet:-1, max-image-preview:large, max-video-preview:-1\" \/>\n<link rel=\"canonical\" href=\"https:\/\/aquaforest.eu\/pl\/produkty\/lab\/mikroelementy\/new-no3\/\" \/>\n<meta property=\"og:locale\" content=\"pl_PL\" \/>\n<meta property=\"og:type\" content=\"article\" \/>\n<meta property=\"og:title\" content=\"NEW NO3 - Aquaforest\" \/>\n<meta property=\"og:description\" content=\"\u0179r\u00f3d\u0142o czystych azotan\u00f3w, kt\u00f3rych odpowiedni poziom jest niezb\u0119dny do prawid\u0142owego wzrostu koralowc\u00f3w.\" \/>\n<meta property=\"og:url\" content=\"https:\/\/aquaforest.eu\/pl\/produkty\/lab\/mikroelementy\/new-no3\/\" \/>\n<meta property=\"og:site_name\" content=\"Aquaforest\" \/>\n<meta property=\"article:publisher\" content=\"https:\/\/www.facebook.com\/Aquaforest\/\" \/>\n<meta property=\"article:modified_time\" content=\"2026-04-07T11:03:43+00:00\" \/>\n<meta property=\"og:image\" content=\"https:\/\/aquaforest.eu\/wp-content\/uploads\/2026\/03\/nitrate-200.png\" \/>\n\t<meta property=\"og:image:width\" content=\"269\" \/>\n\t<meta property=\"og:image:height\" content=\"600\" \/>\n\t<meta property=\"og:image:type\" content=\"image\/png\" \/>\n<meta name=\"twitter:card\" content=\"summary_large_image\" \/>\n<meta name=\"twitter:label1\" content=\"Szacowany czas czytania\" \/>\n\t<meta name=\"twitter:data1\" content=\"2 minuty\" \/>\n<script type=\"application\/ld+json\" class=\"yoast-schema-graph\">{\"@context\":\"https:\/\/schema.org\",\"@graph\":[{\"@type\":\"WebPage\",\"@id\":\"https:\/\/aquaforest.eu\/pl\/produkty\/lab\/mikroelementy\/new-no3\/\",\"url\":\"https:\/\/aquaforest.eu\/pl\/produkty\/lab\/mikroelementy\/new-no3\/\",\"name\":\"NEW NO3 - Aquaforest\",\"isPartOf\":{\"@id\":\"https:\/\/aquaforest.eu\/pl\/#website\"},\"primaryImageOfPage\":{\"@id\":\"https:\/\/aquaforest.eu\/pl\/produkty\/lab\/mikroelementy\/new-no3\/#primaryimage\"},\"image\":{\"@id\":\"https:\/\/aquaforest.eu\/pl\/produkty\/lab\/mikroelementy\/new-no3\/#primaryimage\"},\"thumbnailUrl\":\"https:\/\/aquaforest.eu\/wp-content\/uploads\/2026\/03\/nitrate-200.png\",\"datePublished\":\"2026-04-07T11:03:42+00:00\",\"dateModified\":\"2026-04-07T11:03:43+00:00\",\"breadcrumb\":{\"@id\":\"https:\/\/aquaforest.eu\/pl\/produkty\/lab\/mikroelementy\/new-no3\/#breadcrumb\"},\"inLanguage\":\"pl-PL\",\"potentialAction\":[{\"@type\":\"ReadAction\",\"target\":[\"https:\/\/aquaforest.eu\/pl\/produkty\/lab\/mikroelementy\/new-no3\/\"]}]},{\"@type\":\"ImageObject\",\"inLanguage\":\"pl-PL\",\"@id\":\"https:\/\/aquaforest.eu\/pl\/produkty\/lab\/mikroelementy\/new-no3\/#primaryimage\",\"url\":\"https:\/\/aquaforest.eu\/wp-content\/uploads\/2026\/03\/nitrate-200.png\",\"contentUrl\":\"https:\/\/aquaforest.eu\/wp-content\/uploads\/2026\/03\/nitrate-200.png\",\"width\":269,\"height\":600},{\"@type\":\"BreadcrumbList\",\"@id\":\"https:\/\/aquaforest.eu\/pl\/produkty\/lab\/mikroelementy\/new-no3\/#breadcrumb\",\"itemListElement\":[{\"@type\":\"ListItem\",\"position\":1,\"name\":\"Home\",\"item\":\"https:\/\/aquaforest.eu\/pl\/\"},{\"@type\":\"ListItem\",\"position\":2,\"name\":\"Produkty\",\"item\":\"https:\/\/aquaforest.eu\/pl\/produkty\/\"},{\"@type\":\"ListItem\",\"position\":3,\"name\":\"NEW NO3\"}]},{\"@type\":\"WebSite\",\"@id\":\"https:\/\/aquaforest.eu\/pl\/#website\",\"url\":\"https:\/\/aquaforest.eu\/pl\/\",\"name\":\"Aquaforest\",\"description\":\"\",\"publisher\":{\"@id\":\"https:\/\/aquaforest.eu\/pl\/#organization\"},\"potentialAction\":[{\"@type\":\"SearchAction\",\"target\":{\"@type\":\"EntryPoint\",\"urlTemplate\":\"https:\/\/aquaforest.eu\/pl\/?s={search_term_string}\"},\"query-input\":{\"@type\":\"PropertyValueSpecification\",\"valueRequired\":true,\"valueName\":\"search_term_string\"}}],\"inLanguage\":\"pl-PL\"},{\"@type\":\"Organization\",\"@id\":\"https:\/\/aquaforest.eu\/pl\/#organization\",\"name\":\"Aquaforest\",\"url\":\"https:\/\/aquaforest.eu\/pl\/\",\"logo\":{\"@type\":\"ImageObject\",\"inLanguage\":\"pl-PL\",\"@id\":\"https:\/\/aquaforest.eu\/pl\/#\/schema\/logo\/image\/\",\"url\":\"https:\/\/aquaforest.eu\/wp-content\/uploads\/2024\/05\/logotyp-aquaforest.svg\",\"contentUrl\":\"https:\/\/aquaforest.eu\/wp-content\/uploads\/2024\/05\/logotyp-aquaforest.svg\",\"width\":170,\"height\":22,\"caption\":\"Aquaforest\"},\"image\":{\"@id\":\"https:\/\/aquaforest.eu\/pl\/#\/schema\/logo\/image\/\"},\"sameAs\":[\"https:\/\/www.facebook.com\/Aquaforest\/\",\"https:\/\/www.instagram.com\/aquaforest.eu\/\"]}]}<\/script>\n<!-- \/ Yoast SEO plugin. -->","yoast_head_json":{"title":"NEW NO3 - Aquaforest","robots":{"index":"index","follow":"follow","max-snippet":"max-snippet:-1","max-image-preview":"max-image-preview:large","max-video-preview":"max-video-preview:-1"},"canonical":"https:\/\/aquaforest.eu\/pl\/produkty\/lab\/mikroelementy\/new-no3\/","og_locale":"pl_PL","og_type":"article","og_title":"NEW NO3 - Aquaforest","og_description":"\u0179r\u00f3d\u0142o czystych azotan\u00f3w, kt\u00f3rych odpowiedni poziom jest niezb\u0119dny do prawid\u0142owego wzrostu koralowc\u00f3w.","og_url":"https:\/\/aquaforest.eu\/pl\/produkty\/lab\/mikroelementy\/new-no3\/","og_site_name":"Aquaforest","article_publisher":"https:\/\/www.facebook.com\/Aquaforest\/","article_modified_time":"2026-04-07T11:03:43+00:00","og_image":[{"width":269,"height":600,"url":"https:\/\/aquaforest.eu\/wp-content\/uploads\/2026\/03\/nitrate-200.png","type":"image\/png"}],"twitter_card":"summary_large_image","twitter_misc":{"Szacowany czas czytania":"2 minuty"},"schema":{"@context":"https:\/\/schema.org","@graph":[{"@type":"WebPage","@id":"https:\/\/aquaforest.eu\/pl\/produkty\/lab\/mikroelementy\/new-no3\/","url":"https:\/\/aquaforest.eu\/pl\/produkty\/lab\/mikroelementy\/new-no3\/","name":"NEW NO3 - Aquaforest","isPartOf":{"@id":"https:\/\/aquaforest.eu\/pl\/#website"},"primaryImageOfPage":{"@id":"https:\/\/aquaforest.eu\/pl\/produkty\/lab\/mikroelementy\/new-no3\/#primaryimage"},"image":{"@id":"https:\/\/aquaforest.eu\/pl\/produkty\/lab\/mikroelementy\/new-no3\/#primaryimage"},"thumbnailUrl":"https:\/\/aquaforest.eu\/wp-content\/uploads\/2026\/03\/nitrate-200.png","datePublished":"2026-04-07T11:03:42+00:00","dateModified":"2026-04-07T11:03:43+00:00","breadcrumb":{"@id":"https:\/\/aquaforest.eu\/pl\/produkty\/lab\/mikroelementy\/new-no3\/#breadcrumb"},"inLanguage":"pl-PL","potentialAction":[{"@type":"ReadAction","target":["https:\/\/aquaforest.eu\/pl\/produkty\/lab\/mikroelementy\/new-no3\/"]}]},{"@type":"ImageObject","inLanguage":"pl-PL","@id":"https:\/\/aquaforest.eu\/pl\/produkty\/lab\/mikroelementy\/new-no3\/#primaryimage","url":"https:\/\/aquaforest.eu\/wp-content\/uploads\/2026\/03\/nitrate-200.png","contentUrl":"https:\/\/aquaforest.eu\/wp-content\/uploads\/2026\/03\/nitrate-200.png","width":269,"height":600},{"@type":"BreadcrumbList","@id":"https:\/\/aquaforest.eu\/pl\/produkty\/lab\/mikroelementy\/new-no3\/#breadcrumb","itemListElement":[{"@type":"ListItem","position":1,"name":"Home","item":"https:\/\/aquaforest.eu\/pl\/"},{"@type":"ListItem","position":2,"name":"Produkty","item":"https:\/\/aquaforest.eu\/pl\/produkty\/"},{"@type":"ListItem","position":3,"name":"NEW NO3"}]},{"@type":"WebSite","@id":"https:\/\/aquaforest.eu\/pl\/#website","url":"https:\/\/aquaforest.eu\/pl\/","name":"Aquaforest","description":"","publisher":{"@id":"https:\/\/aquaforest.eu\/pl\/#organization"},"potentialAction":[{"@type":"SearchAction","target":{"@type":"EntryPoint","urlTemplate":"https:\/\/aquaforest.eu\/pl\/?s={search_term_string}"},"query-input":{"@type":"PropertyValueSpecification","valueRequired":true,"valueName":"search_term_string"}}],"inLanguage":"pl-PL"},{"@type":"Organization","@id":"https:\/\/aquaforest.eu\/pl\/#organization","name":"Aquaforest","url":"https:\/\/aquaforest.eu\/pl\/","logo":{"@type":"ImageObject","inLanguage":"pl-PL","@id":"https:\/\/aquaforest.eu\/pl\/#\/schema\/logo\/image\/","url":"https:\/\/aquaforest.eu\/wp-content\/uploads\/2024\/05\/logotyp-aquaforest.svg","contentUrl":"https:\/\/aquaforest.eu\/wp-content\/uploads\/2024\/05\/logotyp-aquaforest.svg","width":170,"height":22,"caption":"Aquaforest"},"image":{"@id":"https:\/\/aquaforest.eu\/pl\/#\/schema\/logo\/image\/"},"sameAs":["https:\/\/www.facebook.com\/Aquaforest\/","https:\/\/www.instagram.com\/aquaforest.eu\/"]}]}},"_links":{"self":[{"href":"https:\/\/aquaforest.eu\/pl\/wp-json\/wp\/v2\/product\/28873","targetHints":{"allow":["GET"]}}],"collection":[{"href":"https:\/\/aquaforest.eu\/pl\/wp-json\/wp\/v2\/product"}],"about":[{"href":"https:\/\/aquaforest.eu\/pl\/wp-json\/wp\/v2\/types\/product"}],"version-history":[{"count":2,"href":"https:\/\/aquaforest.eu\/pl\/wp-json\/wp\/v2\/product\/28873\/revisions"}],"predecessor-version":[{"id":29378,"href":"https:\/\/aquaforest.eu\/pl\/wp-json\/wp\/v2\/product\/28873\/revisions\/29378"}],"wp:featuredmedia":[{"embeddable":true,"href":"https:\/\/aquaforest.eu\/pl\/wp-json\/wp\/v2\/media\/29779"}],"wp:attachment":[{"href":"https:\/\/aquaforest.eu\/pl\/wp-json\/wp\/v2\/media?parent=28873"}],"wp:term":[{"taxonomy":"product_brand","embeddable":true,"href":"https:\/\/aquaforest.eu\/pl\/wp-json\/wp\/v2\/product_brand?post=28873"},{"taxonomy":"product_cat","embeddable":true,"href":"https:\/\/aquaforest.eu\/pl\/wp-json\/wp\/v2\/product_cat?post=28873"},{"taxonomy":"product_tag","embeddable":true,"href":"https:\/\/aquaforest.eu\/pl\/wp-json\/wp\/v2\/product_tag?post=28873"}],"curies":[{"name":"wp","href":"https:\/\/api.w.org\/{rel}","templated":true}]}}