{"id":29248,"date":"2026-03-24T12:36:50","date_gmt":"2026-03-24T11:36:50","guid":{"rendered":"https:\/\/aquaforest.eu\/?post_type=product&#038;p=29248"},"modified":"2026-04-30T01:15:01","modified_gmt":"2026-04-29T23:15:01","slug":"all-in-skim-150","status":"publish","type":"product","link":"https:\/\/aquaforest.eu\/pl\/produkty\/seawater\/wyposazenie-akwarium\/all-in-skim-150\/","title":{"rendered":"All-in Skim 150"},"content":{"rendered":"<h3><strong>Nowy poziom filtracji<\/strong><\/h3>\n<p>All-in Skim \u2013 pierwszy na rynku system filtracji, kt\u00f3re \u0142\u0105czy wysokowydajny odpieniacz bia\u0142ek z wbudowan\u0105 filtracj\u0105 CO\u2082. Idealne do akwari\u00f3w morskich, upraszcza konfiguracj\u0119 sprz\u0119tu, oszcz\u0119dza miejsce i rozwi\u0105zuje wiele problem\u00f3w w jednym inteligentnym, kompaktowym urz\u0105dzeniu.<\/p>\n<p>All-in Skim to innowacyjne urz\u0105dzenie 4 w 1, kt\u00f3re \u0142\u0105czy w sobie funkcje odpieniacza, filtra powietrza, filtra CO\u2082 oraz filtra biologicznego w jednej, kompaktowej konstrukcji.<\/p>\n<p>Odpieniacz bia\u0142ek w akwarium morskim to urz\u0105dzenie, kt\u00f3re produkuje g\u0119st\u0105 pian\u0119. Piana ta usuwa z wody zanieczyszczenia organiczne, takie jak bia\u0142ka, resztki pokarmu czy odchody ryb. Dzi\u0119ki temu jako\u015b\u0107 wody pozostaje na odpowiednim poziomie, zapewniaj\u0105c mieszka\u0144com akwarium zdrowe \u015brodowisko. All-in Skim w przeciwie\u0144stwie do odpieniaczy dost\u0119pnych na rynku \u0142\u0105czy w sobie tak\u017ce szereg innych zalet. Dzi\u0119ki rezygnacji z tradycyjnego dyfuzora, nasz odpieniacz d\u0105\u017cy do wytworzenia turbulentnego przep\u0142ywu wody, co znacz\u0105co podnosi jego wydajno\u015b\u0107 w stosunku do standardowych odpieniaczy.<\/p>\n<h3><b>Stabilizacja pH i poprawa komfortu \u017cycia organizm\u00f3w<\/b><\/h3>\n<p>Dzi\u0119ki zastosowaniu wbudowanych filtr\u00f3w powietrza oraz filtr\u00f3w CO\u2082 urz\u0105dzenie aktywnie stabilizuje odczyn pH, ograniczaj\u0105c dost\u0119p szkodliwego dwutlenku w\u0119gla i poprawiaj\u0105c komfort \u017cycia organizm\u00f3w morskich. Mo\u017cliwo\u015b\u0107 pracy w trybie p\u00f3\u0142otwartym i zamkni\u0119tym dodatkowo zwi\u0119ksza efektywno\u015b\u0107 filtracji i wyd\u0142u\u017ca \u017cywotno\u015b\u0107 medi\u00f3w filtracyjnych.<\/p>\n<h3><b>Zwi\u0119kszona skuteczno\u015b\u0107 oczyszczania powietrza<\/b><\/h3>\n<p>Zastosowana z\u0142\u0105czka Venturiego z wieloma przy\u0142\u0105czami umo\u017cliwia r\u00f3wnoleg\u0142e pod\u0142\u0105czenie kilku filtr\u00f3w CO\u2082, co pozwala zwi\u0119kszy\u0107 skuteczno\u015b\u0107 oczyszczania powietrza zasysanego do uk\u0142adu. Dzi\u0119ki temu do akwarium trafia lepiej przefiltrowane powietrze, co wp\u0142ywa na stabilno\u015b\u0107 ekosystemu i ogranicza stres u zwierz\u0105t.<\/p>\n<h3><b>Zaawansowana filtracja biologiczna<\/b><\/h3>\n<p>Urz\u0105dzenie zosta\u0142o wyposa\u017cone r\u00f3wnie\u017c w komor\u0119 biologiczn\u0105, umo\u017cliwiaj\u0105c\u0105 rozw\u00f3j bakterii nitryfikacyjnych odpowiedzialnych za rozk\u0142ad szkodliwych zwi\u0105zk\u00f3w azotu i fosforu. Wyd\u0142u\u017cony czas kontaktu wody ze z\u0142o\u017cem biologicznym sprzyja skuteczniejszej filtracji biologicznej i poprawie jako\u015bci wody.<\/p>\n<h3><b>Ograniczenie emisji nieprzyjemnych zapach\u00f3w<\/b><\/h3>\n<p>Dodatkowy filtr powietrza z aktywnym w\u0119glem umieszczony nad kubkiem odpieniacza pozwala ograniczy\u0107 emisj\u0119 nieprzyjemnych zapach\u00f3w, co znacz\u0105co poprawia komfort u\u017cytkowania akwarium w warunkach domowych.<\/p>\n<h3><b>Elastyczna i wydajna konstrukcja pompy<\/b><\/h3>\n<p>Energooszcz\u0119dna pompa charakteryzuje si\u0119 wysok\u0105 wydajno\u015bci\u0105, precyzyjn\u0105 regulacj\u0105, \u00a0 oraz mo\u017cliwo\u015bci\u0105 pod\u0142\u0105czenia zewn\u0119trznego sterownika i czujnik\u00f3w p\u0142ywakowych, co u\u0142atwia obs\u0142ug\u0119 i automatyzacj\u0119 dzia\u0142ania. Dodatkowo, pompa pracuje wyj\u0105tkowo cicho, dzi\u0119ki czemu nie zak\u0142\u00f3ca spokoju w pomieszczeniu, w kt\u00f3rym znajduje si\u0119 akwarium.<\/p>\n<h3><b>Kompleksowe wsparcie dla stabilnych warunk\u00f3w w akwarium<\/b><\/h3>\n<p>Dzi\u0119ki po\u0142\u0105czeniu funkcjonalno\u015bci odpieniacza, filtracji mechanicznej, chemicznej i biologicznej, a tak\u017ce kontroli CO\u2082 i zapach\u00f3w, urz\u0105dzenie stanowi kompleksowe narz\u0119dzie wspomagaj\u0105ce utrzymanie stabilnych warunk\u00f3w w akwarium morskim.<\/p>\n<h3 data-start=\"0\" data-end=\"28\"><strong data-start=\"0\" data-end=\"26\">Pompa i sterownik<\/strong><\/h3>\n<ul data-start=\"29\" data-end=\"835\">\n<li data-section-id=\"64hz9c\" data-start=\"29\" data-end=\"172\"><strong data-start=\"31\" data-end=\"64\">Precyzyjna kontrola przep\u0142ywu<\/strong> \u2013 regulacja mocy z dok\u0142adno\u015bci\u0105 do 1%; zapewnia stabilne warunki biologiczne i zdrowsze \u017cycie w akwarium.<\/li>\n<li data-section-id=\"12olnqi\" data-start=\"173\" data-end=\"395\"><strong data-start=\"175\" data-end=\"206\">Automatyka i bezpiecze\u0144stwo<\/strong> \u2013 kompatybilno\u015b\u0107 z zewn\u0119trznymi sterownikami i zaworami p\u0142ywakowymi; wbudowane czujniki chroni\u0105 przed prac\u0105 na sucho, przegrzaniem i awariami, a kody b\u0142\u0119d\u00f3w u\u0142atwiaj\u0105 szybk\u0105 diagnostyk\u0119.<\/li>\n<li data-section-id=\"fvu9ro\" data-start=\"396\" data-end=\"533\"><strong data-start=\"398\" data-end=\"431\">Cicha i energooszcz\u0119dna praca<\/strong> \u2013 niski pob\u00f3r mocy i bardzo cicha praca; komfort zar\u00f3wno dla akwarysty, jak i mieszka\u0144c\u00f3w akwarium.<\/li>\n<li data-section-id=\"1d6jq1k\" data-start=\"534\" data-end=\"704\"><strong data-start=\"536\" data-end=\"554\">Tryb karmienia<\/strong> \u2013 mo\u017cliwo\u015b\u0107 zaprogramowania do 3 cykli karmienia; tymczasowo ogranicza wydajno\u015b\u0107 odpieniacza, aby zachowa\u0107 sk\u0142adniki od\u017cywcze i zapobiec przelaniu.<\/li>\n<li data-section-id=\"17zjs3i\" data-start=\"705\" data-end=\"835\"><strong data-start=\"707\" data-end=\"728\">\u0141atwa konserwacja<\/strong> \u2013 uproszczone czyszczenie i serwis; wi\u0119cej czasu na cieszenie si\u0119 akwarium, mniej na obs\u0142ug\u0119 techniczn\u0105.<\/li>\n<\/ul>\n<hr data-start=\"837\" data-end=\"840\" \/>\n<h3 data-start=\"842\" data-end=\"875\"><strong data-start=\"842\" data-end=\"873\">Co znajduje si\u0119 w zestawie?<\/strong><\/h3>\n<ul data-start=\"876\" data-end=\"1091\">\n<li data-section-id=\"1iuyhzy\" data-start=\"876\" data-end=\"908\">System filtracji All-in Skim<\/li>\n<li data-section-id=\"140y9io\" data-start=\"909\" data-end=\"947\">Pompa Reeflow 2300 ze sterownikiem<\/li>\n<li data-section-id=\"1npji81\" data-start=\"948\" data-end=\"989\">Zestaw elastycznych w\u0119\u017cy silikonowych<\/li>\n<li data-section-id=\"s195q3\" data-start=\"990\" data-end=\"1015\">5 g\u0105bek filtracyjnych<\/li>\n<li data-section-id=\"12k391\" data-start=\"1016\" data-end=\"1041\">Scrubber Media 800 ml<\/li>\n<li data-section-id=\"1p6ciqb\" data-start=\"1042\" data-end=\"1067\">Carbon 400 ml<\/li>\n<li data-section-id=\"486bng\" data-start=\"1068\" data-end=\"1091\">Life Bio Fil 400 ml<\/li>\n<\/ul>\n<hr data-start=\"1093\" data-end=\"1096\" \/>\n<h3 data-start=\"1098\" data-end=\"1114\"><strong data-start=\"1098\" data-end=\"1114\">Specyfikacja<\/strong><\/h3>\n<div class=\"TyagGW_tableContainer\">\n<div class=\"group TyagGW_tableWrapper flex flex-col-reverse w-fit\" tabindex=\"-1\">\n<table class=\"w-fit min-w-(--thread-content-width)\" data-start=\"1116\" data-end=\"1758\">\n<thead data-start=\"1116\" data-end=\"1153\">\n<tr data-start=\"1116\" data-end=\"1153\">\n<th class=\"\" data-start=\"1116\" data-end=\"1127\" data-col-size=\"sm\">Parametr<\/th>\n<th class=\"\" data-start=\"1127\" data-end=\"1139\" data-col-size=\"sm\">Metryczne<\/th>\n<th class=\"\" data-start=\"1139\" data-end=\"1153\" data-col-size=\"sm\">Imperialne<\/th>\n<\/tr>\n<\/thead>\n<tbody data-start=\"1191\" data-end=\"1758\">\n<tr data-start=\"1191\" data-end=\"1222\">\n<td data-start=\"1191\" data-end=\"1199\" data-col-size=\"sm\">Model<\/td>\n<td data-start=\"1199\" data-end=\"1217\" data-col-size=\"sm\">All in Skim 150<\/td>\n<td data-col-size=\"sm\" data-start=\"1217\" data-end=\"1222\">\u2013<\/td>\n<\/tr>\n<tr data-start=\"1223\" data-end=\"1275\">\n<td data-start=\"1223\" data-end=\"1242\" data-col-size=\"sm\">Wymiary podstawy<\/td>\n<td data-col-size=\"sm\" data-start=\"1242\" data-end=\"1257\">186 \u00d7 182 mm<\/td>\n<td data-col-size=\"sm\" data-start=\"1257\" data-end=\"1275\">7.32 \u00d7 7.17 in<\/td>\n<\/tr>\n<tr data-start=\"1276\" data-end=\"1325\">\n<td data-start=\"1276\" data-end=\"1305\" data-col-size=\"sm\">\u015arednica komory reakcyjnej<\/td>\n<td data-col-size=\"sm\" data-start=\"1305\" data-end=\"1314\">150 mm<\/td>\n<td data-col-size=\"sm\" data-start=\"1314\" data-end=\"1325\">5.91 in<\/td>\n<\/tr>\n<tr data-start=\"1326\" data-end=\"1354\">\n<td data-start=\"1326\" data-end=\"1334\" data-col-size=\"sm\">Pompa<\/td>\n<td data-col-size=\"sm\" data-start=\"1334\" data-end=\"1349\">Reeflow 2300<\/td>\n<td data-col-size=\"sm\" data-start=\"1349\" data-end=\"1354\">\u2013<\/td>\n<\/tr>\n<tr data-start=\"1355\" data-end=\"1390\">\n<td data-start=\"1355\" data-end=\"1372\" data-col-size=\"sm\">Napowietrzanie<\/td>\n<td data-col-size=\"sm\" data-start=\"1372\" data-end=\"1385\">do 620 l\/h<\/td>\n<td data-col-size=\"sm\" data-start=\"1385\" data-end=\"1390\">\u2013<\/td>\n<\/tr>\n<tr data-start=\"1391\" data-end=\"1419\">\n<td data-start=\"1391\" data-end=\"1404\" data-col-size=\"sm\">Pob\u00f3r mocy<\/td>\n<td data-col-size=\"sm\" data-start=\"1404\" data-end=\"1414\">do 28 W<\/td>\n<td data-col-size=\"sm\" data-start=\"1414\" data-end=\"1419\">\u2013<\/td>\n<\/tr>\n<tr data-start=\"1420\" data-end=\"1483\">\n<td data-start=\"1420\" data-end=\"1459\" data-col-size=\"sm\">Pojemno\u015b\u0107 akwarium \u2013 du\u017ce obci\u0105\u017cenie<\/td>\n<td data-col-size=\"sm\" data-start=\"1459\" data-end=\"1470\">do 300 L<\/td>\n<td data-col-size=\"sm\" data-start=\"1470\" data-end=\"1483\">do 80 gal<\/td>\n<\/tr>\n<tr data-start=\"1484\" data-end=\"1551\">\n<td data-start=\"1484\" data-end=\"1526\" data-col-size=\"sm\">Pojemno\u015b\u0107 akwarium \u2013 \u015brednie obci\u0105\u017cenie<\/td>\n<td data-col-size=\"sm\" data-start=\"1526\" data-end=\"1537\">do 500 L<\/td>\n<td data-col-size=\"sm\" data-start=\"1537\" data-end=\"1551\">do 130 gal<\/td>\n<\/tr>\n<tr data-start=\"1552\" data-end=\"1616\">\n<td data-start=\"1552\" data-end=\"1591\" data-col-size=\"sm\">Pojemno\u015b\u0107 akwarium \u2013 ma\u0142e obci\u0105\u017cenie<\/td>\n<td data-col-size=\"sm\" data-start=\"1591\" data-end=\"1602\">do 750 L<\/td>\n<td data-col-size=\"sm\" data-start=\"1602\" data-end=\"1616\">do 185 gal<\/td>\n<\/tr>\n<tr data-start=\"1617\" data-end=\"1662\">\n<td data-start=\"1617\" data-end=\"1641\" data-col-size=\"sm\">Poziom wody \u2013 minimum<\/td>\n<td data-col-size=\"sm\" data-start=\"1641\" data-end=\"1650\">160 mm<\/td>\n<td data-col-size=\"sm\" data-start=\"1650\" data-end=\"1662\">6 1\/3 in<\/td>\n<\/tr>\n<tr data-start=\"1663\" data-end=\"1709\">\n<td data-start=\"1663\" data-end=\"1688\" data-col-size=\"sm\">Poziom wody \u2013 maksimum<\/td>\n<td data-col-size=\"sm\" data-start=\"1688\" data-end=\"1697\">210 mm<\/td>\n<td data-col-size=\"sm\" data-start=\"1697\" data-end=\"1709\">8 1\/4 in<\/td>\n<\/tr>\n<tr data-start=\"1710\" data-end=\"1758\">\n<td data-start=\"1710\" data-end=\"1735\" data-col-size=\"sm\">Poziom wody \u2013 zalecany<\/td>\n<td data-col-size=\"sm\" data-start=\"1735\" data-end=\"1744\">185 mm<\/td>\n<td data-col-size=\"sm\" data-start=\"1744\" data-end=\"1758\">7 1\/4 in<\/td>\n<\/tr>\n<\/tbody>\n<\/table>\n<\/div>\n<\/div>\n","protected":false},"excerpt":{"rendered":"<p>Nowy poziom filtracji All-in Skim \u2013 pierwszy na rynku system filtracji, kt\u00f3re \u0142\u0105czy wysokowydajny odpieniacz bia\u0142ek z wbudowan\u0105 filtracj\u0105 CO\u2082. Idealne do akwari\u00f3w morskich, upraszcza konfiguracj\u0119 sprz\u0119tu, oszcz\u0119dza miejsce i rozwi\u0105zuje wiele problem\u00f3w w jednym inteligentnym, kompaktowym urz\u0105dzeniu. All-in Skim to innowacyjne urz\u0105dzenie 4 w 1, kt\u00f3re \u0142\u0105czy w sobie funkcje odpieniacza, filtra powietrza, filtra [&hellip;]<\/p>\n","protected":false},"featured_media":31117,"template":"","meta":{"_acf_changed":false,"content-type":""},"product_brand":[],"product_cat":[1127,1147],"product_tag":[],"class_list":{"0":"post-29248","1":"product","2":"type-product","3":"status-publish","4":"has-post-thumbnail","6":"product_cat-seawater","7":"product_cat-wyposazenie-akwarium","9":"first","10":"instock","11":"taxable","12":"shipping-taxable","13":"purchasable","14":"product-type-variable"},"acf":[],"yoast_head":"<!-- This site is optimized with the Yoast SEO plugin v27.1.1 - https:\/\/yoast.com\/product\/yoast-seo-wordpress\/ -->\n<title>All-in Skim 150 - Aquaforest<\/title>\n<meta name=\"robots\" content=\"index, follow, max-snippet:-1, max-image-preview:large, max-video-preview:-1\" \/>\n<link rel=\"canonical\" href=\"https:\/\/aquaforest.eu\/pl\/produkty\/seawater\/wyposazenie-akwarium\/all-in-skim-150\/\" \/>\n<meta property=\"og:locale\" content=\"pl_PL\" \/>\n<meta property=\"og:type\" content=\"article\" \/>\n<meta property=\"og:title\" content=\"All-in Skim 150 - Aquaforest\" \/>\n<meta property=\"og:description\" content=\"Nowy poziom filtracji All-in Skim \u2013 pierwszy na rynku system filtracji, kt\u00f3re \u0142\u0105czy wysokowydajny odpieniacz bia\u0142ek z wbudowan\u0105 filtracj\u0105 CO\u2082. Idealne do akwari\u00f3w morskich, upraszcza konfiguracj\u0119 sprz\u0119tu, oszcz\u0119dza miejsce i rozwi\u0105zuje wiele problem\u00f3w w jednym inteligentnym, kompaktowym urz\u0105dzeniu. All-in Skim to innowacyjne urz\u0105dzenie 4 w 1, kt\u00f3re \u0142\u0105czy w sobie funkcje odpieniacza, filtra powietrza, filtra [&hellip;]\" \/>\n<meta property=\"og:url\" content=\"https:\/\/aquaforest.eu\/pl\/produkty\/seawater\/wyposazenie-akwarium\/all-in-skim-150\/\" \/>\n<meta property=\"og:site_name\" content=\"Aquaforest\" \/>\n<meta property=\"article:publisher\" content=\"https:\/\/www.facebook.com\/Aquaforest\/\" \/>\n<meta property=\"article:modified_time\" content=\"2026-04-29T23:15:01+00:00\" \/>\n<meta property=\"og:image\" content=\"https:\/\/aquaforest.eu\/wp-content\/uploads\/2026\/03\/All-in-skim-1.png\" \/>\n\t<meta property=\"og:image:width\" content=\"2110\" \/>\n\t<meta property=\"og:image:height\" content=\"1584\" \/>\n\t<meta property=\"og:image:type\" content=\"image\/png\" \/>\n<meta name=\"twitter:card\" content=\"summary_large_image\" \/>\n<meta name=\"twitter:label1\" content=\"Szacowany czas czytania\" \/>\n\t<meta name=\"twitter:data1\" content=\"3 minuty\" \/>\n<script type=\"application\/ld+json\" class=\"yoast-schema-graph\">{\"@context\":\"https:\/\/schema.org\",\"@graph\":[{\"@type\":\"WebPage\",\"@id\":\"https:\/\/aquaforest.eu\/pl\/produkty\/seawater\/wyposazenie-akwarium\/all-in-skim-150\/\",\"url\":\"https:\/\/aquaforest.eu\/pl\/produkty\/seawater\/wyposazenie-akwarium\/all-in-skim-150\/\",\"name\":\"All-in Skim 150 - Aquaforest\",\"isPartOf\":{\"@id\":\"https:\/\/aquaforest.eu\/pl\/#website\"},\"primaryImageOfPage\":{\"@id\":\"https:\/\/aquaforest.eu\/pl\/produkty\/seawater\/wyposazenie-akwarium\/all-in-skim-150\/#primaryimage\"},\"image\":{\"@id\":\"https:\/\/aquaforest.eu\/pl\/produkty\/seawater\/wyposazenie-akwarium\/all-in-skim-150\/#primaryimage\"},\"thumbnailUrl\":\"https:\/\/aquaforest.eu\/wp-content\/uploads\/2026\/03\/All-in-skim-1.png\",\"datePublished\":\"2026-03-24T11:36:50+00:00\",\"dateModified\":\"2026-04-29T23:15:01+00:00\",\"breadcrumb\":{\"@id\":\"https:\/\/aquaforest.eu\/pl\/produkty\/seawater\/wyposazenie-akwarium\/all-in-skim-150\/#breadcrumb\"},\"inLanguage\":\"pl-PL\",\"potentialAction\":[{\"@type\":\"ReadAction\",\"target\":[\"https:\/\/aquaforest.eu\/pl\/produkty\/seawater\/wyposazenie-akwarium\/all-in-skim-150\/\"]}]},{\"@type\":\"ImageObject\",\"inLanguage\":\"pl-PL\",\"@id\":\"https:\/\/aquaforest.eu\/pl\/produkty\/seawater\/wyposazenie-akwarium\/all-in-skim-150\/#primaryimage\",\"url\":\"https:\/\/aquaforest.eu\/wp-content\/uploads\/2026\/03\/All-in-skim-1.png\",\"contentUrl\":\"https:\/\/aquaforest.eu\/wp-content\/uploads\/2026\/03\/All-in-skim-1.png\",\"width\":2110,\"height\":1584},{\"@type\":\"BreadcrumbList\",\"@id\":\"https:\/\/aquaforest.eu\/pl\/produkty\/seawater\/wyposazenie-akwarium\/all-in-skim-150\/#breadcrumb\",\"itemListElement\":[{\"@type\":\"ListItem\",\"position\":1,\"name\":\"Home\",\"item\":\"https:\/\/aquaforest.eu\/pl\/\"},{\"@type\":\"ListItem\",\"position\":2,\"name\":\"Produkty\",\"item\":\"https:\/\/aquaforest.eu\/pl\/produkty\/\"},{\"@type\":\"ListItem\",\"position\":3,\"name\":\"All-in Skim 150\"}]},{\"@type\":\"WebSite\",\"@id\":\"https:\/\/aquaforest.eu\/pl\/#website\",\"url\":\"https:\/\/aquaforest.eu\/pl\/\",\"name\":\"Aquaforest\",\"description\":\"\",\"publisher\":{\"@id\":\"https:\/\/aquaforest.eu\/pl\/#organization\"},\"potentialAction\":[{\"@type\":\"SearchAction\",\"target\":{\"@type\":\"EntryPoint\",\"urlTemplate\":\"https:\/\/aquaforest.eu\/pl\/?s={search_term_string}\"},\"query-input\":{\"@type\":\"PropertyValueSpecification\",\"valueRequired\":true,\"valueName\":\"search_term_string\"}}],\"inLanguage\":\"pl-PL\"},{\"@type\":\"Organization\",\"@id\":\"https:\/\/aquaforest.eu\/pl\/#organization\",\"name\":\"Aquaforest\",\"url\":\"https:\/\/aquaforest.eu\/pl\/\",\"logo\":{\"@type\":\"ImageObject\",\"inLanguage\":\"pl-PL\",\"@id\":\"https:\/\/aquaforest.eu\/pl\/#\/schema\/logo\/image\/\",\"url\":\"https:\/\/aquaforest.eu\/wp-content\/uploads\/2024\/05\/logotyp-aquaforest.svg\",\"contentUrl\":\"https:\/\/aquaforest.eu\/wp-content\/uploads\/2024\/05\/logotyp-aquaforest.svg\",\"width\":170,\"height\":22,\"caption\":\"Aquaforest\"},\"image\":{\"@id\":\"https:\/\/aquaforest.eu\/pl\/#\/schema\/logo\/image\/\"},\"sameAs\":[\"https:\/\/www.facebook.com\/Aquaforest\/\",\"https:\/\/www.instagram.com\/aquaforest.eu\/\"]}]}<\/script>\n<!-- \/ Yoast SEO plugin. -->","yoast_head_json":{"title":"All-in Skim 150 - Aquaforest","robots":{"index":"index","follow":"follow","max-snippet":"max-snippet:-1","max-image-preview":"max-image-preview:large","max-video-preview":"max-video-preview:-1"},"canonical":"https:\/\/aquaforest.eu\/pl\/produkty\/seawater\/wyposazenie-akwarium\/all-in-skim-150\/","og_locale":"pl_PL","og_type":"article","og_title":"All-in Skim 150 - Aquaforest","og_description":"Nowy poziom filtracji All-in Skim \u2013 pierwszy na rynku system filtracji, kt\u00f3re \u0142\u0105czy wysokowydajny odpieniacz bia\u0142ek z wbudowan\u0105 filtracj\u0105 CO\u2082. Idealne do akwari\u00f3w morskich, upraszcza konfiguracj\u0119 sprz\u0119tu, oszcz\u0119dza miejsce i rozwi\u0105zuje wiele problem\u00f3w w jednym inteligentnym, kompaktowym urz\u0105dzeniu. All-in Skim to innowacyjne urz\u0105dzenie 4 w 1, kt\u00f3re \u0142\u0105czy w sobie funkcje odpieniacza, filtra powietrza, filtra [&hellip;]","og_url":"https:\/\/aquaforest.eu\/pl\/produkty\/seawater\/wyposazenie-akwarium\/all-in-skim-150\/","og_site_name":"Aquaforest","article_publisher":"https:\/\/www.facebook.com\/Aquaforest\/","article_modified_time":"2026-04-29T23:15:01+00:00","og_image":[{"width":2110,"height":1584,"url":"https:\/\/aquaforest.eu\/wp-content\/uploads\/2026\/03\/All-in-skim-1.png","type":"image\/png"}],"twitter_card":"summary_large_image","twitter_misc":{"Szacowany czas czytania":"3 minuty"},"schema":{"@context":"https:\/\/schema.org","@graph":[{"@type":"WebPage","@id":"https:\/\/aquaforest.eu\/pl\/produkty\/seawater\/wyposazenie-akwarium\/all-in-skim-150\/","url":"https:\/\/aquaforest.eu\/pl\/produkty\/seawater\/wyposazenie-akwarium\/all-in-skim-150\/","name":"All-in Skim 150 - Aquaforest","isPartOf":{"@id":"https:\/\/aquaforest.eu\/pl\/#website"},"primaryImageOfPage":{"@id":"https:\/\/aquaforest.eu\/pl\/produkty\/seawater\/wyposazenie-akwarium\/all-in-skim-150\/#primaryimage"},"image":{"@id":"https:\/\/aquaforest.eu\/pl\/produkty\/seawater\/wyposazenie-akwarium\/all-in-skim-150\/#primaryimage"},"thumbnailUrl":"https:\/\/aquaforest.eu\/wp-content\/uploads\/2026\/03\/All-in-skim-1.png","datePublished":"2026-03-24T11:36:50+00:00","dateModified":"2026-04-29T23:15:01+00:00","breadcrumb":{"@id":"https:\/\/aquaforest.eu\/pl\/produkty\/seawater\/wyposazenie-akwarium\/all-in-skim-150\/#breadcrumb"},"inLanguage":"pl-PL","potentialAction":[{"@type":"ReadAction","target":["https:\/\/aquaforest.eu\/pl\/produkty\/seawater\/wyposazenie-akwarium\/all-in-skim-150\/"]}]},{"@type":"ImageObject","inLanguage":"pl-PL","@id":"https:\/\/aquaforest.eu\/pl\/produkty\/seawater\/wyposazenie-akwarium\/all-in-skim-150\/#primaryimage","url":"https:\/\/aquaforest.eu\/wp-content\/uploads\/2026\/03\/All-in-skim-1.png","contentUrl":"https:\/\/aquaforest.eu\/wp-content\/uploads\/2026\/03\/All-in-skim-1.png","width":2110,"height":1584},{"@type":"BreadcrumbList","@id":"https:\/\/aquaforest.eu\/pl\/produkty\/seawater\/wyposazenie-akwarium\/all-in-skim-150\/#breadcrumb","itemListElement":[{"@type":"ListItem","position":1,"name":"Home","item":"https:\/\/aquaforest.eu\/pl\/"},{"@type":"ListItem","position":2,"name":"Produkty","item":"https:\/\/aquaforest.eu\/pl\/produkty\/"},{"@type":"ListItem","position":3,"name":"All-in Skim 150"}]},{"@type":"WebSite","@id":"https:\/\/aquaforest.eu\/pl\/#website","url":"https:\/\/aquaforest.eu\/pl\/","name":"Aquaforest","description":"","publisher":{"@id":"https:\/\/aquaforest.eu\/pl\/#organization"},"potentialAction":[{"@type":"SearchAction","target":{"@type":"EntryPoint","urlTemplate":"https:\/\/aquaforest.eu\/pl\/?s={search_term_string}"},"query-input":{"@type":"PropertyValueSpecification","valueRequired":true,"valueName":"search_term_string"}}],"inLanguage":"pl-PL"},{"@type":"Organization","@id":"https:\/\/aquaforest.eu\/pl\/#organization","name":"Aquaforest","url":"https:\/\/aquaforest.eu\/pl\/","logo":{"@type":"ImageObject","inLanguage":"pl-PL","@id":"https:\/\/aquaforest.eu\/pl\/#\/schema\/logo\/image\/","url":"https:\/\/aquaforest.eu\/wp-content\/uploads\/2024\/05\/logotyp-aquaforest.svg","contentUrl":"https:\/\/aquaforest.eu\/wp-content\/uploads\/2024\/05\/logotyp-aquaforest.svg","width":170,"height":22,"caption":"Aquaforest"},"image":{"@id":"https:\/\/aquaforest.eu\/pl\/#\/schema\/logo\/image\/"},"sameAs":["https:\/\/www.facebook.com\/Aquaforest\/","https:\/\/www.instagram.com\/aquaforest.eu\/"]}]}},"_links":{"self":[{"href":"https:\/\/aquaforest.eu\/pl\/wp-json\/wp\/v2\/product\/29248","targetHints":{"allow":["GET"]}}],"collection":[{"href":"https:\/\/aquaforest.eu\/pl\/wp-json\/wp\/v2\/product"}],"about":[{"href":"https:\/\/aquaforest.eu\/pl\/wp-json\/wp\/v2\/types\/product"}],"version-history":[{"count":3,"href":"https:\/\/aquaforest.eu\/pl\/wp-json\/wp\/v2\/product\/29248\/revisions"}],"predecessor-version":[{"id":31217,"href":"https:\/\/aquaforest.eu\/pl\/wp-json\/wp\/v2\/product\/29248\/revisions\/31217"}],"wp:featuredmedia":[{"embeddable":true,"href":"https:\/\/aquaforest.eu\/pl\/wp-json\/wp\/v2\/media\/31117"}],"wp:attachment":[{"href":"https:\/\/aquaforest.eu\/pl\/wp-json\/wp\/v2\/media?parent=29248"}],"wp:term":[{"taxonomy":"product_brand","embeddable":true,"href":"https:\/\/aquaforest.eu\/pl\/wp-json\/wp\/v2\/product_brand?post=29248"},{"taxonomy":"product_cat","embeddable":true,"href":"https:\/\/aquaforest.eu\/pl\/wp-json\/wp\/v2\/product_cat?post=29248"},{"taxonomy":"product_tag","embeddable":true,"href":"https:\/\/aquaforest.eu\/pl\/wp-json\/wp\/v2\/product_tag?post=29248"}],"curies":[{"name":"wp","href":"https:\/\/api.w.org\/{rel}","templated":true}]}}