{"id":29292,"date":"2026-03-30T14:33:18","date_gmt":"2026-03-30T12:33:18","guid":{"rendered":"https:\/\/aquaforest.eu\/?post_type=product&#038;p=29292"},"modified":"2026-03-31T13:27:19","modified_gmt":"2026-03-31T11:27:19","slug":"quick-clear","status":"publish","type":"product","link":"https:\/\/aquaforest.eu\/pl\/produkty\/pond\/rozwiazania-problemow\/quick-clear\/","title":{"rendered":"Quick Clear"},"content":{"rendered":"<p style=\"font-weight: 400;\">AF Clear Pond to specjalistyczny preparat stworzony do oczyszczania wody w oczkach wodnych. Dzia\u0142a w oparciu o naturalny proces koagulacji \u2013 drobne cz\u0105stki zawiesiny \u0142\u0105cz\u0105 si\u0119 w wi\u0119ksze skupiska, kt\u00f3re s\u0105 \u0142atwo wychwytywane przez filtracj\u0119 mechaniczn\u0105.<\/p>\n<p style=\"font-weight: 400;\">Dzi\u0119ki temu ju\u017c w kilka godzin od zastosowania woda staje si\u0119 wyra\u017anie klarowniejsza i przejrzysta.<\/p>\n<p style=\"font-weight: 400;\">Podczas dzia\u0142ania preparatu mo\u017ce pojawi\u0107 si\u0119 kr\u00f3tkotrwa\u0142e, bia\u0142e zm\u0119tnienie wody \u2013 to naturalny etap procesu, kt\u00f3ry potwierdza, \u017ce AF Clear Pond skutecznie wi\u0105\u017ce cz\u0105steczki zanieczyszcze\u0144.<\/p>\n<p style=\"font-weight: 400;\">Co sprawia, \u017ce produkt ten jest wyj\u0105tkowy?<\/p>\n<ul>\n<li>Szybkie dzia\u0142anie \u2013 wyra\u017ana poprawa przejrzysto\u015bci wody widoczna ju\u017c w kilka godzin po zastosowaniu.<\/li>\n<li>Redukuje efekt zielonej i m\u0119tnej wody, przywracaj\u0105c naturaln\u0105 klarowno\u015b\u0107 oczka.<\/li>\n<li>Wi\u0105\u017ce drobne zanieczyszczenia w wi\u0119ksze cz\u0105stki, dzi\u0119ki czemu mog\u0105 zosta\u0107 \u0142atwo usuni\u0119te przez filtracj\u0119 mechaniczn\u0105.<\/li>\n<li>Bezpieczny dla ekosystemu oczka \u2013 nie zaburza parametr\u00f3w wody i mo\u017ce by\u0107 stosowany w zbiornikach z rybami oraz ro\u015blinami wodnymi.<\/li>\n<\/ul>\n<p style=\"font-weight: 400;\">Dawkowanie:<br \/>\n500 ml na 10 000 l wody. Po zako\u0144czeniu procesu klarowania zaleca si\u0119 wyczyszczenie wk\u0142ad\u00f3w filtra mechanicznego.<\/p>\n<p style=\"font-weight: 400;\">Wa\u017cne informacje:<\/p>\n<p style=\"font-weight: 400;\">Po u\u017cyciu produktu zaleca si\u0119 sprawdzenie filtr\u00f3w mechanicznych i w razie potrzeby ich oczyszczenie. Produkt przeznaczony do oczek wodnych. Nie nadaje si\u0119 do spo\u017cycia. Trzyma\u0107 poza zasi\u0119giem dzieci. Przechowywa\u0107 w ch\u0142odnym miejscu.<\/p>\n<p style=\"font-weight: 400;\">\n","protected":false},"excerpt":{"rendered":"<p>Preparat do szybkiego i bezpiecznego klarowania wody w oczkach wodnych.<\/p>\n","protected":false},"featured_media":29259,"template":"","meta":{"_acf_changed":false,"content-type":""},"product_brand":[],"product_cat":[2048,2065],"product_tag":[1422],"class_list":{"0":"post-29292","1":"product","2":"type-product","3":"status-publish","4":"has-post-thumbnail","6":"product_cat-pond","7":"product_cat-rozwiazania-problemow","8":"product_tag-variable-pl","10":"first","11":"instock","12":"taxable","13":"shipping-taxable","14":"purchasable","15":"product-type-variable","16":"has-default-attributes"},"acf":[],"yoast_head":"<!-- This site is optimized with the Yoast SEO plugin v27.1.1 - https:\/\/yoast.com\/product\/yoast-seo-wordpress\/ -->\n<title>Quick Clear - Aquaforest<\/title>\n<meta name=\"robots\" content=\"index, follow, max-snippet:-1, max-image-preview:large, max-video-preview:-1\" \/>\n<link rel=\"canonical\" href=\"https:\/\/aquaforest.eu\/pl\/produkty\/pond\/rozwiazania-problemow\/quick-clear\/\" \/>\n<meta property=\"og:locale\" content=\"pl_PL\" \/>\n<meta property=\"og:type\" content=\"article\" \/>\n<meta property=\"og:title\" content=\"Quick Clear - Aquaforest\" \/>\n<meta property=\"og:description\" content=\"Preparat do szybkiego i bezpiecznego klarowania wody w oczkach wodnych.\" \/>\n<meta property=\"og:url\" content=\"https:\/\/aquaforest.eu\/pl\/produkty\/pond\/rozwiazania-problemow\/quick-clear\/\" \/>\n<meta property=\"og:site_name\" content=\"Aquaforest\" \/>\n<meta property=\"article:publisher\" content=\"https:\/\/www.facebook.com\/Aquaforest\/\" \/>\n<meta property=\"article:modified_time\" content=\"2026-03-31T11:27:19+00:00\" \/>\n<meta property=\"og:image\" content=\"https:\/\/aquaforest.eu\/wp-content\/uploads\/2026\/03\/QuickClear-1L-scaled.png\" \/>\n\t<meta property=\"og:image:width\" content=\"2560\" \/>\n\t<meta property=\"og:image:height\" content=\"2560\" \/>\n\t<meta property=\"og:image:type\" content=\"image\/png\" \/>\n<meta name=\"twitter:card\" content=\"summary_large_image\" \/>\n<meta name=\"twitter:label1\" content=\"Szacowany czas czytania\" \/>\n\t<meta name=\"twitter:data1\" content=\"2 minuty\" \/>\n<script type=\"application\/ld+json\" class=\"yoast-schema-graph\">{\"@context\":\"https:\/\/schema.org\",\"@graph\":[{\"@type\":\"WebPage\",\"@id\":\"https:\/\/aquaforest.eu\/pl\/produkty\/pond\/rozwiazania-problemow\/quick-clear\/\",\"url\":\"https:\/\/aquaforest.eu\/pl\/produkty\/pond\/rozwiazania-problemow\/quick-clear\/\",\"name\":\"Quick Clear - Aquaforest\",\"isPartOf\":{\"@id\":\"https:\/\/aquaforest.eu\/pl\/#website\"},\"primaryImageOfPage\":{\"@id\":\"https:\/\/aquaforest.eu\/pl\/produkty\/pond\/rozwiazania-problemow\/quick-clear\/#primaryimage\"},\"image\":{\"@id\":\"https:\/\/aquaforest.eu\/pl\/produkty\/pond\/rozwiazania-problemow\/quick-clear\/#primaryimage\"},\"thumbnailUrl\":\"https:\/\/aquaforest.eu\/wp-content\/uploads\/2026\/03\/QuickClear-1L-scaled.png\",\"datePublished\":\"2026-03-30T12:33:18+00:00\",\"dateModified\":\"2026-03-31T11:27:19+00:00\",\"breadcrumb\":{\"@id\":\"https:\/\/aquaforest.eu\/pl\/produkty\/pond\/rozwiazania-problemow\/quick-clear\/#breadcrumb\"},\"inLanguage\":\"pl-PL\",\"potentialAction\":[{\"@type\":\"ReadAction\",\"target\":[\"https:\/\/aquaforest.eu\/pl\/produkty\/pond\/rozwiazania-problemow\/quick-clear\/\"]}]},{\"@type\":\"ImageObject\",\"inLanguage\":\"pl-PL\",\"@id\":\"https:\/\/aquaforest.eu\/pl\/produkty\/pond\/rozwiazania-problemow\/quick-clear\/#primaryimage\",\"url\":\"https:\/\/aquaforest.eu\/wp-content\/uploads\/2026\/03\/QuickClear-1L-scaled.png\",\"contentUrl\":\"https:\/\/aquaforest.eu\/wp-content\/uploads\/2026\/03\/QuickClear-1L-scaled.png\",\"width\":2560,\"height\":2560},{\"@type\":\"BreadcrumbList\",\"@id\":\"https:\/\/aquaforest.eu\/pl\/produkty\/pond\/rozwiazania-problemow\/quick-clear\/#breadcrumb\",\"itemListElement\":[{\"@type\":\"ListItem\",\"position\":1,\"name\":\"Home\",\"item\":\"https:\/\/aquaforest.eu\/pl\/\"},{\"@type\":\"ListItem\",\"position\":2,\"name\":\"Produkty\",\"item\":\"https:\/\/aquaforest.eu\/pl\/produkty\/\"},{\"@type\":\"ListItem\",\"position\":3,\"name\":\"Quick Clear\"}]},{\"@type\":\"WebSite\",\"@id\":\"https:\/\/aquaforest.eu\/pl\/#website\",\"url\":\"https:\/\/aquaforest.eu\/pl\/\",\"name\":\"Aquaforest\",\"description\":\"\",\"publisher\":{\"@id\":\"https:\/\/aquaforest.eu\/pl\/#organization\"},\"potentialAction\":[{\"@type\":\"SearchAction\",\"target\":{\"@type\":\"EntryPoint\",\"urlTemplate\":\"https:\/\/aquaforest.eu\/pl\/?s={search_term_string}\"},\"query-input\":{\"@type\":\"PropertyValueSpecification\",\"valueRequired\":true,\"valueName\":\"search_term_string\"}}],\"inLanguage\":\"pl-PL\"},{\"@type\":\"Organization\",\"@id\":\"https:\/\/aquaforest.eu\/pl\/#organization\",\"name\":\"Aquaforest\",\"url\":\"https:\/\/aquaforest.eu\/pl\/\",\"logo\":{\"@type\":\"ImageObject\",\"inLanguage\":\"pl-PL\",\"@id\":\"https:\/\/aquaforest.eu\/pl\/#\/schema\/logo\/image\/\",\"url\":\"https:\/\/aquaforest.eu\/wp-content\/uploads\/2024\/05\/logotyp-aquaforest.svg\",\"contentUrl\":\"https:\/\/aquaforest.eu\/wp-content\/uploads\/2024\/05\/logotyp-aquaforest.svg\",\"width\":170,\"height\":22,\"caption\":\"Aquaforest\"},\"image\":{\"@id\":\"https:\/\/aquaforest.eu\/pl\/#\/schema\/logo\/image\/\"},\"sameAs\":[\"https:\/\/www.facebook.com\/Aquaforest\/\",\"https:\/\/www.instagram.com\/aquaforest.eu\/\"]}]}<\/script>\n<!-- \/ Yoast SEO plugin. -->","yoast_head_json":{"title":"Quick Clear - Aquaforest","robots":{"index":"index","follow":"follow","max-snippet":"max-snippet:-1","max-image-preview":"max-image-preview:large","max-video-preview":"max-video-preview:-1"},"canonical":"https:\/\/aquaforest.eu\/pl\/produkty\/pond\/rozwiazania-problemow\/quick-clear\/","og_locale":"pl_PL","og_type":"article","og_title":"Quick Clear - Aquaforest","og_description":"Preparat do szybkiego i bezpiecznego klarowania wody w oczkach wodnych.","og_url":"https:\/\/aquaforest.eu\/pl\/produkty\/pond\/rozwiazania-problemow\/quick-clear\/","og_site_name":"Aquaforest","article_publisher":"https:\/\/www.facebook.com\/Aquaforest\/","article_modified_time":"2026-03-31T11:27:19+00:00","og_image":[{"width":2560,"height":2560,"url":"https:\/\/aquaforest.eu\/wp-content\/uploads\/2026\/03\/QuickClear-1L-scaled.png","type":"image\/png"}],"twitter_card":"summary_large_image","twitter_misc":{"Szacowany czas czytania":"2 minuty"},"schema":{"@context":"https:\/\/schema.org","@graph":[{"@type":"WebPage","@id":"https:\/\/aquaforest.eu\/pl\/produkty\/pond\/rozwiazania-problemow\/quick-clear\/","url":"https:\/\/aquaforest.eu\/pl\/produkty\/pond\/rozwiazania-problemow\/quick-clear\/","name":"Quick Clear - Aquaforest","isPartOf":{"@id":"https:\/\/aquaforest.eu\/pl\/#website"},"primaryImageOfPage":{"@id":"https:\/\/aquaforest.eu\/pl\/produkty\/pond\/rozwiazania-problemow\/quick-clear\/#primaryimage"},"image":{"@id":"https:\/\/aquaforest.eu\/pl\/produkty\/pond\/rozwiazania-problemow\/quick-clear\/#primaryimage"},"thumbnailUrl":"https:\/\/aquaforest.eu\/wp-content\/uploads\/2026\/03\/QuickClear-1L-scaled.png","datePublished":"2026-03-30T12:33:18+00:00","dateModified":"2026-03-31T11:27:19+00:00","breadcrumb":{"@id":"https:\/\/aquaforest.eu\/pl\/produkty\/pond\/rozwiazania-problemow\/quick-clear\/#breadcrumb"},"inLanguage":"pl-PL","potentialAction":[{"@type":"ReadAction","target":["https:\/\/aquaforest.eu\/pl\/produkty\/pond\/rozwiazania-problemow\/quick-clear\/"]}]},{"@type":"ImageObject","inLanguage":"pl-PL","@id":"https:\/\/aquaforest.eu\/pl\/produkty\/pond\/rozwiazania-problemow\/quick-clear\/#primaryimage","url":"https:\/\/aquaforest.eu\/wp-content\/uploads\/2026\/03\/QuickClear-1L-scaled.png","contentUrl":"https:\/\/aquaforest.eu\/wp-content\/uploads\/2026\/03\/QuickClear-1L-scaled.png","width":2560,"height":2560},{"@type":"BreadcrumbList","@id":"https:\/\/aquaforest.eu\/pl\/produkty\/pond\/rozwiazania-problemow\/quick-clear\/#breadcrumb","itemListElement":[{"@type":"ListItem","position":1,"name":"Home","item":"https:\/\/aquaforest.eu\/pl\/"},{"@type":"ListItem","position":2,"name":"Produkty","item":"https:\/\/aquaforest.eu\/pl\/produkty\/"},{"@type":"ListItem","position":3,"name":"Quick Clear"}]},{"@type":"WebSite","@id":"https:\/\/aquaforest.eu\/pl\/#website","url":"https:\/\/aquaforest.eu\/pl\/","name":"Aquaforest","description":"","publisher":{"@id":"https:\/\/aquaforest.eu\/pl\/#organization"},"potentialAction":[{"@type":"SearchAction","target":{"@type":"EntryPoint","urlTemplate":"https:\/\/aquaforest.eu\/pl\/?s={search_term_string}"},"query-input":{"@type":"PropertyValueSpecification","valueRequired":true,"valueName":"search_term_string"}}],"inLanguage":"pl-PL"},{"@type":"Organization","@id":"https:\/\/aquaforest.eu\/pl\/#organization","name":"Aquaforest","url":"https:\/\/aquaforest.eu\/pl\/","logo":{"@type":"ImageObject","inLanguage":"pl-PL","@id":"https:\/\/aquaforest.eu\/pl\/#\/schema\/logo\/image\/","url":"https:\/\/aquaforest.eu\/wp-content\/uploads\/2024\/05\/logotyp-aquaforest.svg","contentUrl":"https:\/\/aquaforest.eu\/wp-content\/uploads\/2024\/05\/logotyp-aquaforest.svg","width":170,"height":22,"caption":"Aquaforest"},"image":{"@id":"https:\/\/aquaforest.eu\/pl\/#\/schema\/logo\/image\/"},"sameAs":["https:\/\/www.facebook.com\/Aquaforest\/","https:\/\/www.instagram.com\/aquaforest.eu\/"]}]}},"_links":{"self":[{"href":"https:\/\/aquaforest.eu\/pl\/wp-json\/wp\/v2\/product\/29292","targetHints":{"allow":["GET"]}}],"collection":[{"href":"https:\/\/aquaforest.eu\/pl\/wp-json\/wp\/v2\/product"}],"about":[{"href":"https:\/\/aquaforest.eu\/pl\/wp-json\/wp\/v2\/types\/product"}],"version-history":[{"count":3,"href":"https:\/\/aquaforest.eu\/pl\/wp-json\/wp\/v2\/product\/29292\/revisions"}],"predecessor-version":[{"id":30018,"href":"https:\/\/aquaforest.eu\/pl\/wp-json\/wp\/v2\/product\/29292\/revisions\/30018"}],"wp:featuredmedia":[{"embeddable":true,"href":"https:\/\/aquaforest.eu\/pl\/wp-json\/wp\/v2\/media\/29259"}],"wp:attachment":[{"href":"https:\/\/aquaforest.eu\/pl\/wp-json\/wp\/v2\/media?parent=29292"}],"wp:term":[{"taxonomy":"product_brand","embeddable":true,"href":"https:\/\/aquaforest.eu\/pl\/wp-json\/wp\/v2\/product_brand?post=29292"},{"taxonomy":"product_cat","embeddable":true,"href":"https:\/\/aquaforest.eu\/pl\/wp-json\/wp\/v2\/product_cat?post=29292"},{"taxonomy":"product_tag","embeddable":true,"href":"https:\/\/aquaforest.eu\/pl\/wp-json\/wp\/v2\/product_tag?post=29292"}],"curies":[{"name":"wp","href":"https:\/\/api.w.org\/{rel}","templated":true}]}}