{"id":29374,"date":"2026-03-30T14:28:47","date_gmt":"2026-03-30T12:28:47","guid":{"rendered":"https:\/\/aquaforest.eu\/?post_type=product&#038;p=29374"},"modified":"2026-03-31T15:08:44","modified_gmt":"2026-03-31T13:08:44","slug":"zeolith","status":"publish","type":"product","link":"https:\/\/aquaforest.eu\/pl\/produkty\/pond\/filtracja\/zeolith\/","title":{"rendered":"Zeolith"},"content":{"rendered":"<p style=\"font-weight: 400;\">AF Zeolith Pond to starannie dobrana mieszanka naturalnych zeolit\u00f3w \u2013 minera\u0142\u00f3w o wyj\u0105tkowych w\u0142a\u015bciwo\u015bciach filtracyjnych, kt\u00f3re dzia\u0142aj\u0105 w pe\u0142nej harmonii z przyrod\u0105. To nie tylko tradycyjny filtr, ale inteligentny system oczyszczania, kt\u00f3ry pracuje nieprzerwanie 24\/7, tworz\u0105c idealne warunki w oczku wodnym.<\/p>\n<p style=\"font-weight: 400;\"><strong>Dlaczego warto wybra\u0107 AF Zeolith Pond?<\/strong><\/p>\n<ul>\n<li><strong>Naturalna filtracja oparta na zeolitach<\/strong> \u2013 minera\u0142y o wysokiej zdolno\u015bci adsorpcyjnej skutecznie wi\u0105\u017c\u0105 zanieczyszczenia z wody.<\/li>\n<li><strong>Usuwa amoniak oraz metale ci\u0119\u017ckie<\/strong>, pomagaj\u0105c chroni\u0107 ryby przed szkodliwymi substancjami.<\/li>\n<li><strong>D\u0142ugotrwale poprawia klarowno\u015b\u0107 wody<\/strong>, wspieraj\u0105c naturalne procesy oczyszczania w oczku.<\/li>\n<li><strong>Ogranicza nieprzyjemne zapachy<\/strong>, poprawiaj\u0105c og\u00f3ln\u0105 jako\u015b\u0107 wody w zbiorniku.<\/li>\n<li><strong>Wspiera filtracj\u0119 biologiczn\u0105 i stabilno\u015b\u0107 ekosystemu<\/strong>, tworz\u0105c korzystne warunki dla ryb i ro\u015blin wodnych.<\/li>\n<li><strong>Dzia\u0142a w spos\u00f3b ci\u0105g\u0142y<\/strong> \u2013 po umieszczeniu w filtrze lub w miejscu o dobrej cyrkulacji wody wspomaga oczyszczanie zbiornika przez ca\u0142\u0105 dob\u0119.<\/li>\n<\/ul>\n<p>&nbsp;<\/p>\n<p style=\"font-weight: 400;\"><strong>Spos\u00f3b u\u017cycia:<\/strong><br \/>\nUmie\u015bci\u0107 odpowiedni\u0105 ilo\u015b\u0107 preparatu w koszu filtra lub w woreczku filtracyjnym w miejscu o dobrej cyrkulacji wody.<\/p>\n<p style=\"font-weight: 400;\"><strong>Dawkowanie:<\/strong><br \/>\n25 kg na 10 000 litr\u00f3w wody.<\/p>\n<p>&nbsp;<\/p>\n<p><strong>Wa\u017cne informacje:<\/strong><span style=\"font-weight: 400;\"><br \/>\n<\/span><span style=\"font-weight: 400;\">Ze wzgl\u0119du na wysok\u0105 zdolno\u015b\u0107 adsorpcyjn\u0105 preparatu zalecamy jego ostro\u017cne stosowanie i obserwacj\u0119 parametr\u00f3w wody.\u00a0 Nadmiar zeolit\u00f3w mo\u017ce wyja\u0142owi\u0107 wod\u0119 z pierwiastk\u00f3w od\u017cywczych, co zwi\u0119ksza zapotrzebowanie ro\u015blin na nawozy. Produkt przeznaczony wy\u0142\u0105cznie do oczek wodnych. Nie spo\u017cywa\u0107. Przechowywa\u0107 w ch\u0142odnym miejscu, poza zasi\u0119giem dzieci<\/span><\/p>\n","protected":false},"excerpt":{"rendered":"<p data-start=\"0\" data-end=\"85\">Naturalne medium filtracyjne poprawiaj\u0105ce jako\u015b\u0107 wody w oczku wodnym.<\/p>\n","protected":false},"featured_media":29320,"template":"","meta":{"_acf_changed":false,"content-type":""},"product_brand":[],"product_cat":[2061,2048],"product_tag":[1422],"class_list":{"0":"post-29374","1":"product","2":"type-product","3":"status-publish","4":"has-post-thumbnail","6":"product_cat-filtracja","7":"product_cat-pond","8":"product_tag-variable-pl","10":"first","11":"instock","12":"taxable","13":"shipping-taxable","14":"purchasable","15":"product-type-variable","16":"has-default-attributes"},"acf":[],"yoast_head":"<!-- This site is optimized with the Yoast SEO plugin v27.1.1 - https:\/\/yoast.com\/product\/yoast-seo-wordpress\/ -->\n<title>Zeolith - Aquaforest<\/title>\n<meta name=\"robots\" content=\"index, follow, max-snippet:-1, max-image-preview:large, max-video-preview:-1\" \/>\n<link rel=\"canonical\" href=\"https:\/\/aquaforest.eu\/pl\/produkty\/pond\/filtracja\/zeolith\/\" \/>\n<meta property=\"og:locale\" content=\"pl_PL\" \/>\n<meta property=\"og:type\" content=\"article\" \/>\n<meta property=\"og:title\" content=\"Zeolith - Aquaforest\" \/>\n<meta property=\"og:description\" content=\"Naturalne medium filtracyjne poprawiaj\u0105ce jako\u015b\u0107 wody w oczku wodnym.\" \/>\n<meta property=\"og:url\" content=\"https:\/\/aquaforest.eu\/pl\/produkty\/pond\/filtracja\/zeolith\/\" \/>\n<meta property=\"og:site_name\" content=\"Aquaforest\" \/>\n<meta property=\"article:publisher\" content=\"https:\/\/www.facebook.com\/Aquaforest\/\" \/>\n<meta property=\"article:modified_time\" content=\"2026-03-31T13:08:44+00:00\" \/>\n<meta property=\"og:image\" content=\"https:\/\/aquaforest.eu\/wp-content\/uploads\/2026\/03\/Zeolith-5L.png\" \/>\n\t<meta property=\"og:image:width\" content=\"2336\" \/>\n\t<meta property=\"og:image:height\" content=\"2336\" \/>\n\t<meta property=\"og:image:type\" content=\"image\/png\" \/>\n<meta name=\"twitter:card\" content=\"summary_large_image\" \/>\n<meta name=\"twitter:label1\" content=\"Szacowany czas czytania\" \/>\n\t<meta name=\"twitter:data1\" content=\"2 minuty\" \/>\n<script type=\"application\/ld+json\" class=\"yoast-schema-graph\">{\"@context\":\"https:\/\/schema.org\",\"@graph\":[{\"@type\":\"WebPage\",\"@id\":\"https:\/\/aquaforest.eu\/pl\/produkty\/pond\/filtracja\/zeolith\/\",\"url\":\"https:\/\/aquaforest.eu\/pl\/produkty\/pond\/filtracja\/zeolith\/\",\"name\":\"Zeolith - Aquaforest\",\"isPartOf\":{\"@id\":\"https:\/\/aquaforest.eu\/pl\/#website\"},\"primaryImageOfPage\":{\"@id\":\"https:\/\/aquaforest.eu\/pl\/produkty\/pond\/filtracja\/zeolith\/#primaryimage\"},\"image\":{\"@id\":\"https:\/\/aquaforest.eu\/pl\/produkty\/pond\/filtracja\/zeolith\/#primaryimage\"},\"thumbnailUrl\":\"https:\/\/aquaforest.eu\/wp-content\/uploads\/2026\/03\/Zeolith-5L.png\",\"datePublished\":\"2026-03-30T12:28:47+00:00\",\"dateModified\":\"2026-03-31T13:08:44+00:00\",\"breadcrumb\":{\"@id\":\"https:\/\/aquaforest.eu\/pl\/produkty\/pond\/filtracja\/zeolith\/#breadcrumb\"},\"inLanguage\":\"pl-PL\",\"potentialAction\":[{\"@type\":\"ReadAction\",\"target\":[\"https:\/\/aquaforest.eu\/pl\/produkty\/pond\/filtracja\/zeolith\/\"]}]},{\"@type\":\"ImageObject\",\"inLanguage\":\"pl-PL\",\"@id\":\"https:\/\/aquaforest.eu\/pl\/produkty\/pond\/filtracja\/zeolith\/#primaryimage\",\"url\":\"https:\/\/aquaforest.eu\/wp-content\/uploads\/2026\/03\/Zeolith-5L.png\",\"contentUrl\":\"https:\/\/aquaforest.eu\/wp-content\/uploads\/2026\/03\/Zeolith-5L.png\",\"width\":2336,\"height\":2336},{\"@type\":\"BreadcrumbList\",\"@id\":\"https:\/\/aquaforest.eu\/pl\/produkty\/pond\/filtracja\/zeolith\/#breadcrumb\",\"itemListElement\":[{\"@type\":\"ListItem\",\"position\":1,\"name\":\"Home\",\"item\":\"https:\/\/aquaforest.eu\/pl\/\"},{\"@type\":\"ListItem\",\"position\":2,\"name\":\"Produkty\",\"item\":\"https:\/\/aquaforest.eu\/pl\/produkty\/\"},{\"@type\":\"ListItem\",\"position\":3,\"name\":\"Zeolith\"}]},{\"@type\":\"WebSite\",\"@id\":\"https:\/\/aquaforest.eu\/pl\/#website\",\"url\":\"https:\/\/aquaforest.eu\/pl\/\",\"name\":\"Aquaforest\",\"description\":\"\",\"publisher\":{\"@id\":\"https:\/\/aquaforest.eu\/pl\/#organization\"},\"potentialAction\":[{\"@type\":\"SearchAction\",\"target\":{\"@type\":\"EntryPoint\",\"urlTemplate\":\"https:\/\/aquaforest.eu\/pl\/?s={search_term_string}\"},\"query-input\":{\"@type\":\"PropertyValueSpecification\",\"valueRequired\":true,\"valueName\":\"search_term_string\"}}],\"inLanguage\":\"pl-PL\"},{\"@type\":\"Organization\",\"@id\":\"https:\/\/aquaforest.eu\/pl\/#organization\",\"name\":\"Aquaforest\",\"url\":\"https:\/\/aquaforest.eu\/pl\/\",\"logo\":{\"@type\":\"ImageObject\",\"inLanguage\":\"pl-PL\",\"@id\":\"https:\/\/aquaforest.eu\/pl\/#\/schema\/logo\/image\/\",\"url\":\"https:\/\/aquaforest.eu\/wp-content\/uploads\/2024\/05\/logotyp-aquaforest.svg\",\"contentUrl\":\"https:\/\/aquaforest.eu\/wp-content\/uploads\/2024\/05\/logotyp-aquaforest.svg\",\"width\":170,\"height\":22,\"caption\":\"Aquaforest\"},\"image\":{\"@id\":\"https:\/\/aquaforest.eu\/pl\/#\/schema\/logo\/image\/\"},\"sameAs\":[\"https:\/\/www.facebook.com\/Aquaforest\/\",\"https:\/\/www.instagram.com\/aquaforest.eu\/\"]}]}<\/script>\n<!-- \/ Yoast SEO plugin. -->","yoast_head_json":{"title":"Zeolith - Aquaforest","robots":{"index":"index","follow":"follow","max-snippet":"max-snippet:-1","max-image-preview":"max-image-preview:large","max-video-preview":"max-video-preview:-1"},"canonical":"https:\/\/aquaforest.eu\/pl\/produkty\/pond\/filtracja\/zeolith\/","og_locale":"pl_PL","og_type":"article","og_title":"Zeolith - Aquaforest","og_description":"Naturalne medium filtracyjne poprawiaj\u0105ce jako\u015b\u0107 wody w oczku wodnym.","og_url":"https:\/\/aquaforest.eu\/pl\/produkty\/pond\/filtracja\/zeolith\/","og_site_name":"Aquaforest","article_publisher":"https:\/\/www.facebook.com\/Aquaforest\/","article_modified_time":"2026-03-31T13:08:44+00:00","og_image":[{"width":2336,"height":2336,"url":"https:\/\/aquaforest.eu\/wp-content\/uploads\/2026\/03\/Zeolith-5L.png","type":"image\/png"}],"twitter_card":"summary_large_image","twitter_misc":{"Szacowany czas czytania":"2 minuty"},"schema":{"@context":"https:\/\/schema.org","@graph":[{"@type":"WebPage","@id":"https:\/\/aquaforest.eu\/pl\/produkty\/pond\/filtracja\/zeolith\/","url":"https:\/\/aquaforest.eu\/pl\/produkty\/pond\/filtracja\/zeolith\/","name":"Zeolith - Aquaforest","isPartOf":{"@id":"https:\/\/aquaforest.eu\/pl\/#website"},"primaryImageOfPage":{"@id":"https:\/\/aquaforest.eu\/pl\/produkty\/pond\/filtracja\/zeolith\/#primaryimage"},"image":{"@id":"https:\/\/aquaforest.eu\/pl\/produkty\/pond\/filtracja\/zeolith\/#primaryimage"},"thumbnailUrl":"https:\/\/aquaforest.eu\/wp-content\/uploads\/2026\/03\/Zeolith-5L.png","datePublished":"2026-03-30T12:28:47+00:00","dateModified":"2026-03-31T13:08:44+00:00","breadcrumb":{"@id":"https:\/\/aquaforest.eu\/pl\/produkty\/pond\/filtracja\/zeolith\/#breadcrumb"},"inLanguage":"pl-PL","potentialAction":[{"@type":"ReadAction","target":["https:\/\/aquaforest.eu\/pl\/produkty\/pond\/filtracja\/zeolith\/"]}]},{"@type":"ImageObject","inLanguage":"pl-PL","@id":"https:\/\/aquaforest.eu\/pl\/produkty\/pond\/filtracja\/zeolith\/#primaryimage","url":"https:\/\/aquaforest.eu\/wp-content\/uploads\/2026\/03\/Zeolith-5L.png","contentUrl":"https:\/\/aquaforest.eu\/wp-content\/uploads\/2026\/03\/Zeolith-5L.png","width":2336,"height":2336},{"@type":"BreadcrumbList","@id":"https:\/\/aquaforest.eu\/pl\/produkty\/pond\/filtracja\/zeolith\/#breadcrumb","itemListElement":[{"@type":"ListItem","position":1,"name":"Home","item":"https:\/\/aquaforest.eu\/pl\/"},{"@type":"ListItem","position":2,"name":"Produkty","item":"https:\/\/aquaforest.eu\/pl\/produkty\/"},{"@type":"ListItem","position":3,"name":"Zeolith"}]},{"@type":"WebSite","@id":"https:\/\/aquaforest.eu\/pl\/#website","url":"https:\/\/aquaforest.eu\/pl\/","name":"Aquaforest","description":"","publisher":{"@id":"https:\/\/aquaforest.eu\/pl\/#organization"},"potentialAction":[{"@type":"SearchAction","target":{"@type":"EntryPoint","urlTemplate":"https:\/\/aquaforest.eu\/pl\/?s={search_term_string}"},"query-input":{"@type":"PropertyValueSpecification","valueRequired":true,"valueName":"search_term_string"}}],"inLanguage":"pl-PL"},{"@type":"Organization","@id":"https:\/\/aquaforest.eu\/pl\/#organization","name":"Aquaforest","url":"https:\/\/aquaforest.eu\/pl\/","logo":{"@type":"ImageObject","inLanguage":"pl-PL","@id":"https:\/\/aquaforest.eu\/pl\/#\/schema\/logo\/image\/","url":"https:\/\/aquaforest.eu\/wp-content\/uploads\/2024\/05\/logotyp-aquaforest.svg","contentUrl":"https:\/\/aquaforest.eu\/wp-content\/uploads\/2024\/05\/logotyp-aquaforest.svg","width":170,"height":22,"caption":"Aquaforest"},"image":{"@id":"https:\/\/aquaforest.eu\/pl\/#\/schema\/logo\/image\/"},"sameAs":["https:\/\/www.facebook.com\/Aquaforest\/","https:\/\/www.instagram.com\/aquaforest.eu\/"]}]}},"_links":{"self":[{"href":"https:\/\/aquaforest.eu\/pl\/wp-json\/wp\/v2\/product\/29374","targetHints":{"allow":["GET"]}}],"collection":[{"href":"https:\/\/aquaforest.eu\/pl\/wp-json\/wp\/v2\/product"}],"about":[{"href":"https:\/\/aquaforest.eu\/pl\/wp-json\/wp\/v2\/types\/product"}],"version-history":[{"count":4,"href":"https:\/\/aquaforest.eu\/pl\/wp-json\/wp\/v2\/product\/29374\/revisions"}],"predecessor-version":[{"id":30068,"href":"https:\/\/aquaforest.eu\/pl\/wp-json\/wp\/v2\/product\/29374\/revisions\/30068"}],"wp:featuredmedia":[{"embeddable":true,"href":"https:\/\/aquaforest.eu\/pl\/wp-json\/wp\/v2\/media\/29320"}],"wp:attachment":[{"href":"https:\/\/aquaforest.eu\/pl\/wp-json\/wp\/v2\/media?parent=29374"}],"wp:term":[{"taxonomy":"product_brand","embeddable":true,"href":"https:\/\/aquaforest.eu\/pl\/wp-json\/wp\/v2\/product_brand?post=29374"},{"taxonomy":"product_cat","embeddable":true,"href":"https:\/\/aquaforest.eu\/pl\/wp-json\/wp\/v2\/product_cat?post=29374"},{"taxonomy":"product_tag","embeddable":true,"href":"https:\/\/aquaforest.eu\/pl\/wp-json\/wp\/v2\/product_tag?post=29374"}],"curies":[{"name":"wp","href":"https:\/\/api.w.org\/{rel}","templated":true}]}}