{"id":29398,"date":"2026-03-30T14:31:35","date_gmt":"2026-03-30T12:31:35","guid":{"rendered":"https:\/\/aquaforest.eu\/?post_type=product&#038;p=29398"},"modified":"2026-03-31T14:54:47","modified_gmt":"2026-03-31T12:54:47","slug":"algae-strike","status":"publish","type":"product","link":"https:\/\/aquaforest.eu\/pl\/produkty\/pond\/rozwiazania-problemow\/algae-strike\/","title":{"rendered":"Algae Strike"},"content":{"rendered":"<p style=\"font-weight: 400;\">Naturalny kondycjoner do wody &#8211; ogranicza ryzyko zakwitu wszystkich rodzaj\u00f3w glon\u00f3w poprzez popraw\u0119 jako\u015bci \u015brodowiska wodnego.<\/p>\n<p style=\"font-weight: 400;\">Unikalne po\u0142\u0105czenie p\u0142ynu Liquid Strike i proszku Powder Strike wspiera naturalne procesy oczyszczania wody, poprawia natlenienie i sprzyja r\u00f3wnowadze biologicznej w oczku. Bezpieczny dla ryb, krewetek i \u015blimak\u00f3w.<\/p>\n<ul>\n<li style=\"font-weight: 400;\"><strong>Liquid Strike (p\u0142yn)<\/strong> \u2013 dzia\u0142a bezpo\u015brednio na glony, hamuje ich rozw\u00f3j i zapobiega ponownemu namna\u017caniu. Jest bezpieczny dla ryb, \u015blimak\u00f3w i krewetek.<\/li>\n<li style=\"font-weight: 400;\"><strong>Powder Strike (proszek<\/strong>) \u2013 w kontakcie z wod\u0105 uwalnia aktywny tlen, kt\u00f3ry rozk\u0142ada martwe glony i wypycha je na powierzchni\u0119. Dzi\u0119ki temu mo\u017cna je \u0142atwo usun\u0105\u0107, a woda w oczku staje si\u0119 lepiej natleniona i klarowna.<\/li>\n<\/ul>\n<p style=\"font-weight: 400;\"><strong>Dlaczego warto wybra\u0107 <\/strong>\u00a0\u00a0\u00a0<strong>Algae Strike<\/strong><strong>?<\/strong><\/p>\n<ul>\n<li><strong>Dwufazowa formu\u0142a (Liquid Strike + Powder Strike)<\/strong> zapewnia kompleksowe dzia\u0142anie \u2013 hamuje rozw\u00f3j glon\u00f3w i wspiera usuwanie ich pozosta\u0142o\u015bci.<\/li>\n<li><strong>Ogranicza rozw\u00f3j glon\u00f3w i pomaga utrzyma\u0107 czyst\u0105, klarown\u0105 wod\u0119<\/strong> w oczku.<\/li>\n<li><strong>Poprawia natlenienie wody i wspiera r\u00f3wnowag\u0119 biologiczn\u0105<\/strong> w zbiorniku.<\/li>\n<li><strong>Wspiera naturalne procesy oczyszczania wody<\/strong>, pomagaj\u0105c przywr\u00f3ci\u0107 stabilny ekosystem.<\/li>\n<li><strong>Bezpieczny dla ryb i innych organizm\u00f3w wodnych<\/strong> \u2013 nie zawiera metali ci\u0119\u017ckich ani biocyd\u00f3w.<\/li>\n<li><strong>\u0141atwy w stosowaniu system kuracji<\/strong>, kt\u00f3ry przynosi szybkie i widoczne efekty.<\/li>\n<\/ul>\n<p style=\"font-weight: 400;\"><strong>Spos\u00f3b u\u017cycia:<\/strong><br \/>\n<strong>Krok 1 \u2013 P\u0142yn Liquid Strike:<\/strong><\/p>\n<ol>\n<li style=\"font-weight: 400;\">Odmierz 8 ml p\u0142ynu na ka\u017cde 100 l wody.<\/li>\n<li style=\"font-weight: 400;\">Wlej r\u00f3wnomiernie do oczka wodnego, szczeg\u00f3lnie w miejscach z du\u017c\u0105 ilo\u015bci\u0105 glon\u00f3w.<\/li>\n<li style=\"font-weight: 400;\">Utrzymuj dzia\u0142anie filtra i intensywne napowietrzanie.<\/li>\n<li style=\"font-weight: 400;\">Pozostaw wod\u0119 na 3 dni, by preparat zadzia\u0142a\u0142.<\/li>\n<\/ol>\n<p style=\"font-weight: 400;\"><strong>Krok 2 \u2013 Proszek Powder Strike:<\/strong><\/p>\n<ol>\n<li style=\"font-weight: 400;\">Po 3 dniach dodaj 4 g proszku na ka\u017cde 100 l wody.<\/li>\n<li style=\"font-weight: 400;\">Rozsyp proszek r\u00f3wnomiernie po powierzchni zbiornika.<\/li>\n<\/ol>\n<p style=\"font-weight: 400;\"><strong>Kontynuacja kuracji:<\/strong><\/p>\n<p style=\"font-weight: 400;\">Stosuj naprzemiennie p\u0142yn i proszek co 3 dni, a\u017c do ca\u0142kowitego ust\u0105pienia glon\u00f3w.<\/p>\n<p style=\"font-weight: 400;\"><strong>Wa\u017cne informacje:<\/strong><\/p>\n<ul>\n<li style=\"font-weight: 400;\">Podczas kuracji wy\u0142\u0105cz lampy UV oraz nie stosuj w\u0119gla aktywnego.<\/li>\n<li style=\"font-weight: 400;\">Po zako\u0144czeniu zabiegu oczy\u015b\u0107 filtr z resztek martwych glon\u00f3w<\/li>\n<li style=\"font-weight: 400;\">Po zako\u0144czeniu kuracji zastosuj AF Carbon Pond w celu oczyszczenia wody z pozosta\u0142o\u015bci chemicznych<\/li>\n<li style=\"font-weight: 400;\">Podczas korzystania z preparat\u00f3w obserwuj zachowanie ryb &#8211; w razie oznak stresu zmniejsz dawk\u0119 p\u0142ynu.<\/li>\n<li style=\"font-weight: 400;\">Nie \u0142\u0105cz z innymi preparatami chemicznymi o podobnym dzia\u0142aniu.<\/li>\n<li style=\"font-weight: 400;\">Po zako\u0144czeniu kuracji mo\u017cesz zastosowa\u0107 Bakterie startowe do oczka.<\/li>\n<\/ul>\n<p style=\"font-weight: 400;\"><strong>Wydajno\u015b\u0107 zestawu:<\/strong><\/p>\n<p style=\"font-weight: 400;\">2 l Liquid Strike + 1 kg Powder Strike wystarcza na 25 000 l wody (25 m\u00b3).<\/p>\n<p style=\"font-weight: 400;\"><strong>Dodatkowe informacje:<\/strong><\/p>\n<p style=\"font-weight: 400;\">Produkt przeznaczony do oczka wodnego. Nie spo\u017cywa\u0107. Trzyma\u0107 poza zasi\u0119giem dzieci i przechowywa\u0107 w ch\u0142odnym miejscu.<\/p>\n<p style=\"font-weight: 400;\">\n","protected":false},"excerpt":{"rendered":"<p>Kompleksowy preparat do zwalczania glon\u00f3w i przywracania r\u00f3wnowagi biologicznej w oczku wodnym.<\/p>\n","protected":false},"featured_media":29385,"template":"","meta":{"_acf_changed":false,"content-type":""},"product_brand":[],"product_cat":[2048,2065],"product_tag":[],"class_list":{"0":"post-29398","1":"product","2":"type-product","3":"status-publish","4":"has-post-thumbnail","6":"product_cat-pond","7":"product_cat-rozwiazania-problemow","9":"first","10":"instock","11":"taxable","12":"shipping-taxable","13":"purchasable","14":"product-type-variable"},"acf":[],"yoast_head":"<!-- This site is optimized with the Yoast SEO plugin v27.1.1 - https:\/\/yoast.com\/product\/yoast-seo-wordpress\/ -->\n<title>Algae Strike - Aquaforest<\/title>\n<meta name=\"robots\" content=\"index, follow, max-snippet:-1, max-image-preview:large, max-video-preview:-1\" \/>\n<link rel=\"canonical\" href=\"https:\/\/aquaforest.eu\/pl\/produkty\/pond\/rozwiazania-problemow\/algae-strike\/\" \/>\n<meta property=\"og:locale\" content=\"pl_PL\" \/>\n<meta property=\"og:type\" content=\"article\" \/>\n<meta property=\"og:title\" content=\"Algae Strike - Aquaforest\" \/>\n<meta property=\"og:description\" content=\"Kompleksowy preparat do zwalczania glon\u00f3w i przywracania r\u00f3wnowagi biologicznej w oczku wodnym.\" \/>\n<meta property=\"og:url\" content=\"https:\/\/aquaforest.eu\/pl\/produkty\/pond\/rozwiazania-problemow\/algae-strike\/\" \/>\n<meta property=\"og:site_name\" content=\"Aquaforest\" \/>\n<meta property=\"article:publisher\" content=\"https:\/\/www.facebook.com\/Aquaforest\/\" \/>\n<meta property=\"article:modified_time\" content=\"2026-03-31T12:54:47+00:00\" \/>\n<meta property=\"og:image\" content=\"https:\/\/aquaforest.eu\/wp-content\/uploads\/2026\/03\/Algae-strike.png\" \/>\n\t<meta property=\"og:image:width\" content=\"1800\" \/>\n\t<meta property=\"og:image:height\" content=\"1350\" \/>\n\t<meta property=\"og:image:type\" content=\"image\/png\" \/>\n<meta name=\"twitter:card\" content=\"summary_large_image\" \/>\n<meta name=\"twitter:label1\" content=\"Szacowany czas czytania\" \/>\n\t<meta name=\"twitter:data1\" content=\"2 minuty\" \/>\n<script type=\"application\/ld+json\" class=\"yoast-schema-graph\">{\"@context\":\"https:\/\/schema.org\",\"@graph\":[{\"@type\":\"WebPage\",\"@id\":\"https:\/\/aquaforest.eu\/pl\/produkty\/pond\/rozwiazania-problemow\/algae-strike\/\",\"url\":\"https:\/\/aquaforest.eu\/pl\/produkty\/pond\/rozwiazania-problemow\/algae-strike\/\",\"name\":\"Algae Strike - Aquaforest\",\"isPartOf\":{\"@id\":\"https:\/\/aquaforest.eu\/pl\/#website\"},\"primaryImageOfPage\":{\"@id\":\"https:\/\/aquaforest.eu\/pl\/produkty\/pond\/rozwiazania-problemow\/algae-strike\/#primaryimage\"},\"image\":{\"@id\":\"https:\/\/aquaforest.eu\/pl\/produkty\/pond\/rozwiazania-problemow\/algae-strike\/#primaryimage\"},\"thumbnailUrl\":\"https:\/\/aquaforest.eu\/wp-content\/uploads\/2026\/03\/Algae-strike.png\",\"datePublished\":\"2026-03-30T12:31:35+00:00\",\"dateModified\":\"2026-03-31T12:54:47+00:00\",\"breadcrumb\":{\"@id\":\"https:\/\/aquaforest.eu\/pl\/produkty\/pond\/rozwiazania-problemow\/algae-strike\/#breadcrumb\"},\"inLanguage\":\"pl-PL\",\"potentialAction\":[{\"@type\":\"ReadAction\",\"target\":[\"https:\/\/aquaforest.eu\/pl\/produkty\/pond\/rozwiazania-problemow\/algae-strike\/\"]}]},{\"@type\":\"ImageObject\",\"inLanguage\":\"pl-PL\",\"@id\":\"https:\/\/aquaforest.eu\/pl\/produkty\/pond\/rozwiazania-problemow\/algae-strike\/#primaryimage\",\"url\":\"https:\/\/aquaforest.eu\/wp-content\/uploads\/2026\/03\/Algae-strike.png\",\"contentUrl\":\"https:\/\/aquaforest.eu\/wp-content\/uploads\/2026\/03\/Algae-strike.png\",\"width\":1800,\"height\":1350},{\"@type\":\"BreadcrumbList\",\"@id\":\"https:\/\/aquaforest.eu\/pl\/produkty\/pond\/rozwiazania-problemow\/algae-strike\/#breadcrumb\",\"itemListElement\":[{\"@type\":\"ListItem\",\"position\":1,\"name\":\"Home\",\"item\":\"https:\/\/aquaforest.eu\/pl\/\"},{\"@type\":\"ListItem\",\"position\":2,\"name\":\"Produkty\",\"item\":\"https:\/\/aquaforest.eu\/pl\/produkty\/\"},{\"@type\":\"ListItem\",\"position\":3,\"name\":\"Algae Strike\"}]},{\"@type\":\"WebSite\",\"@id\":\"https:\/\/aquaforest.eu\/pl\/#website\",\"url\":\"https:\/\/aquaforest.eu\/pl\/\",\"name\":\"Aquaforest\",\"description\":\"\",\"publisher\":{\"@id\":\"https:\/\/aquaforest.eu\/pl\/#organization\"},\"potentialAction\":[{\"@type\":\"SearchAction\",\"target\":{\"@type\":\"EntryPoint\",\"urlTemplate\":\"https:\/\/aquaforest.eu\/pl\/?s={search_term_string}\"},\"query-input\":{\"@type\":\"PropertyValueSpecification\",\"valueRequired\":true,\"valueName\":\"search_term_string\"}}],\"inLanguage\":\"pl-PL\"},{\"@type\":\"Organization\",\"@id\":\"https:\/\/aquaforest.eu\/pl\/#organization\",\"name\":\"Aquaforest\",\"url\":\"https:\/\/aquaforest.eu\/pl\/\",\"logo\":{\"@type\":\"ImageObject\",\"inLanguage\":\"pl-PL\",\"@id\":\"https:\/\/aquaforest.eu\/pl\/#\/schema\/logo\/image\/\",\"url\":\"https:\/\/aquaforest.eu\/wp-content\/uploads\/2024\/05\/logotyp-aquaforest.svg\",\"contentUrl\":\"https:\/\/aquaforest.eu\/wp-content\/uploads\/2024\/05\/logotyp-aquaforest.svg\",\"width\":170,\"height\":22,\"caption\":\"Aquaforest\"},\"image\":{\"@id\":\"https:\/\/aquaforest.eu\/pl\/#\/schema\/logo\/image\/\"},\"sameAs\":[\"https:\/\/www.facebook.com\/Aquaforest\/\",\"https:\/\/www.instagram.com\/aquaforest.eu\/\"]}]}<\/script>\n<!-- \/ Yoast SEO plugin. -->","yoast_head_json":{"title":"Algae Strike - Aquaforest","robots":{"index":"index","follow":"follow","max-snippet":"max-snippet:-1","max-image-preview":"max-image-preview:large","max-video-preview":"max-video-preview:-1"},"canonical":"https:\/\/aquaforest.eu\/pl\/produkty\/pond\/rozwiazania-problemow\/algae-strike\/","og_locale":"pl_PL","og_type":"article","og_title":"Algae Strike - Aquaforest","og_description":"Kompleksowy preparat do zwalczania glon\u00f3w i przywracania r\u00f3wnowagi biologicznej w oczku wodnym.","og_url":"https:\/\/aquaforest.eu\/pl\/produkty\/pond\/rozwiazania-problemow\/algae-strike\/","og_site_name":"Aquaforest","article_publisher":"https:\/\/www.facebook.com\/Aquaforest\/","article_modified_time":"2026-03-31T12:54:47+00:00","og_image":[{"width":1800,"height":1350,"url":"https:\/\/aquaforest.eu\/wp-content\/uploads\/2026\/03\/Algae-strike.png","type":"image\/png"}],"twitter_card":"summary_large_image","twitter_misc":{"Szacowany czas czytania":"2 minuty"},"schema":{"@context":"https:\/\/schema.org","@graph":[{"@type":"WebPage","@id":"https:\/\/aquaforest.eu\/pl\/produkty\/pond\/rozwiazania-problemow\/algae-strike\/","url":"https:\/\/aquaforest.eu\/pl\/produkty\/pond\/rozwiazania-problemow\/algae-strike\/","name":"Algae Strike - Aquaforest","isPartOf":{"@id":"https:\/\/aquaforest.eu\/pl\/#website"},"primaryImageOfPage":{"@id":"https:\/\/aquaforest.eu\/pl\/produkty\/pond\/rozwiazania-problemow\/algae-strike\/#primaryimage"},"image":{"@id":"https:\/\/aquaforest.eu\/pl\/produkty\/pond\/rozwiazania-problemow\/algae-strike\/#primaryimage"},"thumbnailUrl":"https:\/\/aquaforest.eu\/wp-content\/uploads\/2026\/03\/Algae-strike.png","datePublished":"2026-03-30T12:31:35+00:00","dateModified":"2026-03-31T12:54:47+00:00","breadcrumb":{"@id":"https:\/\/aquaforest.eu\/pl\/produkty\/pond\/rozwiazania-problemow\/algae-strike\/#breadcrumb"},"inLanguage":"pl-PL","potentialAction":[{"@type":"ReadAction","target":["https:\/\/aquaforest.eu\/pl\/produkty\/pond\/rozwiazania-problemow\/algae-strike\/"]}]},{"@type":"ImageObject","inLanguage":"pl-PL","@id":"https:\/\/aquaforest.eu\/pl\/produkty\/pond\/rozwiazania-problemow\/algae-strike\/#primaryimage","url":"https:\/\/aquaforest.eu\/wp-content\/uploads\/2026\/03\/Algae-strike.png","contentUrl":"https:\/\/aquaforest.eu\/wp-content\/uploads\/2026\/03\/Algae-strike.png","width":1800,"height":1350},{"@type":"BreadcrumbList","@id":"https:\/\/aquaforest.eu\/pl\/produkty\/pond\/rozwiazania-problemow\/algae-strike\/#breadcrumb","itemListElement":[{"@type":"ListItem","position":1,"name":"Home","item":"https:\/\/aquaforest.eu\/pl\/"},{"@type":"ListItem","position":2,"name":"Produkty","item":"https:\/\/aquaforest.eu\/pl\/produkty\/"},{"@type":"ListItem","position":3,"name":"Algae Strike"}]},{"@type":"WebSite","@id":"https:\/\/aquaforest.eu\/pl\/#website","url":"https:\/\/aquaforest.eu\/pl\/","name":"Aquaforest","description":"","publisher":{"@id":"https:\/\/aquaforest.eu\/pl\/#organization"},"potentialAction":[{"@type":"SearchAction","target":{"@type":"EntryPoint","urlTemplate":"https:\/\/aquaforest.eu\/pl\/?s={search_term_string}"},"query-input":{"@type":"PropertyValueSpecification","valueRequired":true,"valueName":"search_term_string"}}],"inLanguage":"pl-PL"},{"@type":"Organization","@id":"https:\/\/aquaforest.eu\/pl\/#organization","name":"Aquaforest","url":"https:\/\/aquaforest.eu\/pl\/","logo":{"@type":"ImageObject","inLanguage":"pl-PL","@id":"https:\/\/aquaforest.eu\/pl\/#\/schema\/logo\/image\/","url":"https:\/\/aquaforest.eu\/wp-content\/uploads\/2024\/05\/logotyp-aquaforest.svg","contentUrl":"https:\/\/aquaforest.eu\/wp-content\/uploads\/2024\/05\/logotyp-aquaforest.svg","width":170,"height":22,"caption":"Aquaforest"},"image":{"@id":"https:\/\/aquaforest.eu\/pl\/#\/schema\/logo\/image\/"},"sameAs":["https:\/\/www.facebook.com\/Aquaforest\/","https:\/\/www.instagram.com\/aquaforest.eu\/"]}]}},"_links":{"self":[{"href":"https:\/\/aquaforest.eu\/pl\/wp-json\/wp\/v2\/product\/29398","targetHints":{"allow":["GET"]}}],"collection":[{"href":"https:\/\/aquaforest.eu\/pl\/wp-json\/wp\/v2\/product"}],"about":[{"href":"https:\/\/aquaforest.eu\/pl\/wp-json\/wp\/v2\/types\/product"}],"version-history":[{"count":4,"href":"https:\/\/aquaforest.eu\/pl\/wp-json\/wp\/v2\/product\/29398\/revisions"}],"predecessor-version":[{"id":30062,"href":"https:\/\/aquaforest.eu\/pl\/wp-json\/wp\/v2\/product\/29398\/revisions\/30062"}],"wp:featuredmedia":[{"embeddable":true,"href":"https:\/\/aquaforest.eu\/pl\/wp-json\/wp\/v2\/media\/29385"}],"wp:attachment":[{"href":"https:\/\/aquaforest.eu\/pl\/wp-json\/wp\/v2\/media?parent=29398"}],"wp:term":[{"taxonomy":"product_brand","embeddable":true,"href":"https:\/\/aquaforest.eu\/pl\/wp-json\/wp\/v2\/product_brand?post=29398"},{"taxonomy":"product_cat","embeddable":true,"href":"https:\/\/aquaforest.eu\/pl\/wp-json\/wp\/v2\/product_cat?post=29398"},{"taxonomy":"product_tag","embeddable":true,"href":"https:\/\/aquaforest.eu\/pl\/wp-json\/wp\/v2\/product_tag?post=29398"}],"curies":[{"name":"wp","href":"https:\/\/api.w.org\/{rel}","templated":true}]}}