{"id":29518,"date":"2026-03-30T14:33:10","date_gmt":"2026-03-30T12:33:10","guid":{"rendered":"https:\/\/aquaforest.eu\/?post_type=product&#038;p=29518"},"modified":"2026-03-31T13:39:37","modified_gmt":"2026-03-31T11:39:37","slug":"carbon-2","status":"publish","type":"product","link":"https:\/\/aquaforest.eu\/pl\/produkty\/pond\/filtracja\/carbon-2\/","title":{"rendered":"Carbon"},"content":{"rendered":"<p style=\"font-weight: 400;\">Carbon Pond to wysokiej jako\u015bci aktywowany parowo w\u0119giel w formie granulatu, stworzony do skutecznego oczyszczania wody w oczkach wodnych.<\/p>\n<p style=\"font-weight: 400;\">Dzi\u0119ki wyj\u0105tkowej porowato\u015bci i du\u017cej powierzchni absorpcyjnej wi\u0105\u017ce oraz usuwa szerokie spektrum zanieczyszcze\u0144 chemicznych, metali ci\u0119\u017ckich, barwnik\u00f3w i pozosta\u0142o\u015bci lek\u00f3w.<\/p>\n<p style=\"font-weight: 400;\">Stosowanie Carbon Pond sprawia, \u017ce woda staje si\u0119 klarowna, pozbawiona nieprzyjemnych zapach\u00f3w i m\u0119tno\u015bci. Preparat dodatkowo redukuje zwi\u0105zki organiczne, ograniczaj\u0105c ryzyko zakwit\u00f3w wody, a jednocze\u015bnie wspomaga dzia\u0142anie filtracji biologicznej.<\/p>\n<p style=\"font-weight: 400;\"><strong>Co sprawia, \u017ce AF Carbon Pond jest wyj\u0105tkowy?<\/strong><\/p>\n<ul>\n<li><strong>Skutecznie usuwa toksyny, metale ci\u0119\u017ckie i zanieczyszczenia chemiczne<\/strong>, poprawiaj\u0105c jako\u015b\u0107 wody w oczku.<\/li>\n<li><strong>Eliminuje pozosta\u0142o\u015bci lek\u00f3w i chemii po kuracjach<\/strong>, pomagaj\u0105c przywr\u00f3ci\u0107 bezpieczne \u015brodowisko dla ryb.<\/li>\n<li><strong>Poprawia przejrzysto\u015b\u0107 wody i redukuje nieprzyjemne zapachy<\/strong>, dzi\u0119ki czemu zbiornik odzyskuje naturaln\u0105 klarowno\u015b\u0107.<\/li>\n<li><strong>Wysokiej jako\u015bci w\u0119giel aktywowany parowo<\/strong> o du\u017cej powierzchni absorpcyjnej zapewnia wysok\u0105 skuteczno\u015b\u0107 filtracji.<\/li>\n<li><strong>Nie uwalnia fosforan\u00f3w do wody<\/strong>, dzi\u0119ki czemu nie sprzyja rozwojowi glon\u00f3w.<\/li>\n<\/ul>\n<p style=\"font-weight: 400;\"><strong>Dawkowanie:<\/strong><br \/>\n5 kg produktu Carbon Pond na 10 000 l wody.<\/p>\n<p style=\"font-weight: 400;\"><strong>Spos\u00f3b u\u017cycia:<\/strong><\/p>\n<p style=\"font-weight: 400;\">Produkt umie\u015b\u0107 w koszu filtra, komorze filtra lub w woreczku filtracyjnym na 72 godziny. Carbon Pond mo\u017ce usuwa\u0107 z wody niezb\u0119dne sk\u0142adniki \u2013 nie zaleca si\u0119 d\u0142ugotrwa\u0142ego stosowania produktu.<\/p>\n","protected":false},"excerpt":{"rendered":"<p>Wysokiej jako\u015bci w\u0119giel aktywny do skutecznego oczyszczania wody w oczkach wodnych.<\/p>\n","protected":false},"featured_media":29498,"template":"","meta":{"_acf_changed":false,"content-type":""},"product_brand":[],"product_cat":[2061,2048],"product_tag":[1422],"class_list":{"0":"post-29518","1":"product","2":"type-product","3":"status-publish","4":"has-post-thumbnail","6":"product_cat-filtracja","7":"product_cat-pond","8":"product_tag-variable-pl","10":"first","11":"instock","12":"taxable","13":"shipping-taxable","14":"purchasable","15":"product-type-variable","16":"has-default-attributes"},"acf":[],"yoast_head":"<!-- This site is optimized with the Yoast SEO plugin v27.1.1 - https:\/\/yoast.com\/product\/yoast-seo-wordpress\/ -->\n<title>Carbon - Aquaforest<\/title>\n<meta name=\"robots\" content=\"index, follow, max-snippet:-1, max-image-preview:large, max-video-preview:-1\" \/>\n<link rel=\"canonical\" href=\"https:\/\/aquaforest.eu\/pl\/produkty\/pond\/filtracja\/carbon-2\/\" \/>\n<meta property=\"og:locale\" content=\"pl_PL\" \/>\n<meta property=\"og:type\" content=\"article\" \/>\n<meta property=\"og:title\" content=\"Carbon - Aquaforest\" \/>\n<meta property=\"og:description\" content=\"Wysokiej jako\u015bci w\u0119giel aktywny do skutecznego oczyszczania wody w oczkach wodnych.\" \/>\n<meta property=\"og:url\" content=\"https:\/\/aquaforest.eu\/pl\/produkty\/pond\/filtracja\/carbon-2\/\" \/>\n<meta property=\"og:site_name\" content=\"Aquaforest\" \/>\n<meta property=\"article:publisher\" content=\"https:\/\/www.facebook.com\/Aquaforest\/\" \/>\n<meta property=\"article:modified_time\" content=\"2026-03-31T11:39:37+00:00\" \/>\n<meta property=\"og:image\" content=\"https:\/\/aquaforest.eu\/wp-content\/uploads\/2026\/03\/Carbon-5L-1.png\" \/>\n\t<meta property=\"og:image:width\" content=\"2336\" \/>\n\t<meta property=\"og:image:height\" content=\"2336\" \/>\n\t<meta property=\"og:image:type\" content=\"image\/png\" \/>\n<meta name=\"twitter:card\" content=\"summary_large_image\" \/>\n<meta name=\"twitter:label1\" content=\"Szacowany czas czytania\" \/>\n\t<meta name=\"twitter:data1\" content=\"1 minuta\" \/>\n<script type=\"application\/ld+json\" class=\"yoast-schema-graph\">{\"@context\":\"https:\/\/schema.org\",\"@graph\":[{\"@type\":\"WebPage\",\"@id\":\"https:\/\/aquaforest.eu\/pl\/produkty\/pond\/filtracja\/carbon-2\/\",\"url\":\"https:\/\/aquaforest.eu\/pl\/produkty\/pond\/filtracja\/carbon-2\/\",\"name\":\"Carbon - Aquaforest\",\"isPartOf\":{\"@id\":\"https:\/\/aquaforest.eu\/pl\/#website\"},\"primaryImageOfPage\":{\"@id\":\"https:\/\/aquaforest.eu\/pl\/produkty\/pond\/filtracja\/carbon-2\/#primaryimage\"},\"image\":{\"@id\":\"https:\/\/aquaforest.eu\/pl\/produkty\/pond\/filtracja\/carbon-2\/#primaryimage\"},\"thumbnailUrl\":\"https:\/\/aquaforest.eu\/wp-content\/uploads\/2026\/03\/Carbon-5L-1.png\",\"datePublished\":\"2026-03-30T12:33:10+00:00\",\"dateModified\":\"2026-03-31T11:39:37+00:00\",\"breadcrumb\":{\"@id\":\"https:\/\/aquaforest.eu\/pl\/produkty\/pond\/filtracja\/carbon-2\/#breadcrumb\"},\"inLanguage\":\"pl-PL\",\"potentialAction\":[{\"@type\":\"ReadAction\",\"target\":[\"https:\/\/aquaforest.eu\/pl\/produkty\/pond\/filtracja\/carbon-2\/\"]}]},{\"@type\":\"ImageObject\",\"inLanguage\":\"pl-PL\",\"@id\":\"https:\/\/aquaforest.eu\/pl\/produkty\/pond\/filtracja\/carbon-2\/#primaryimage\",\"url\":\"https:\/\/aquaforest.eu\/wp-content\/uploads\/2026\/03\/Carbon-5L-1.png\",\"contentUrl\":\"https:\/\/aquaforest.eu\/wp-content\/uploads\/2026\/03\/Carbon-5L-1.png\",\"width\":2336,\"height\":2336},{\"@type\":\"BreadcrumbList\",\"@id\":\"https:\/\/aquaforest.eu\/pl\/produkty\/pond\/filtracja\/carbon-2\/#breadcrumb\",\"itemListElement\":[{\"@type\":\"ListItem\",\"position\":1,\"name\":\"Home\",\"item\":\"https:\/\/aquaforest.eu\/pl\/\"},{\"@type\":\"ListItem\",\"position\":2,\"name\":\"Produkty\",\"item\":\"https:\/\/aquaforest.eu\/pl\/produkty\/\"},{\"@type\":\"ListItem\",\"position\":3,\"name\":\"Carbon\"}]},{\"@type\":\"WebSite\",\"@id\":\"https:\/\/aquaforest.eu\/pl\/#website\",\"url\":\"https:\/\/aquaforest.eu\/pl\/\",\"name\":\"Aquaforest\",\"description\":\"\",\"publisher\":{\"@id\":\"https:\/\/aquaforest.eu\/pl\/#organization\"},\"potentialAction\":[{\"@type\":\"SearchAction\",\"target\":{\"@type\":\"EntryPoint\",\"urlTemplate\":\"https:\/\/aquaforest.eu\/pl\/?s={search_term_string}\"},\"query-input\":{\"@type\":\"PropertyValueSpecification\",\"valueRequired\":true,\"valueName\":\"search_term_string\"}}],\"inLanguage\":\"pl-PL\"},{\"@type\":\"Organization\",\"@id\":\"https:\/\/aquaforest.eu\/pl\/#organization\",\"name\":\"Aquaforest\",\"url\":\"https:\/\/aquaforest.eu\/pl\/\",\"logo\":{\"@type\":\"ImageObject\",\"inLanguage\":\"pl-PL\",\"@id\":\"https:\/\/aquaforest.eu\/pl\/#\/schema\/logo\/image\/\",\"url\":\"https:\/\/aquaforest.eu\/wp-content\/uploads\/2024\/05\/logotyp-aquaforest.svg\",\"contentUrl\":\"https:\/\/aquaforest.eu\/wp-content\/uploads\/2024\/05\/logotyp-aquaforest.svg\",\"width\":170,\"height\":22,\"caption\":\"Aquaforest\"},\"image\":{\"@id\":\"https:\/\/aquaforest.eu\/pl\/#\/schema\/logo\/image\/\"},\"sameAs\":[\"https:\/\/www.facebook.com\/Aquaforest\/\",\"https:\/\/www.instagram.com\/aquaforest.eu\/\"]}]}<\/script>\n<!-- \/ Yoast SEO plugin. -->","yoast_head_json":{"title":"Carbon - Aquaforest","robots":{"index":"index","follow":"follow","max-snippet":"max-snippet:-1","max-image-preview":"max-image-preview:large","max-video-preview":"max-video-preview:-1"},"canonical":"https:\/\/aquaforest.eu\/pl\/produkty\/pond\/filtracja\/carbon-2\/","og_locale":"pl_PL","og_type":"article","og_title":"Carbon - Aquaforest","og_description":"Wysokiej jako\u015bci w\u0119giel aktywny do skutecznego oczyszczania wody w oczkach wodnych.","og_url":"https:\/\/aquaforest.eu\/pl\/produkty\/pond\/filtracja\/carbon-2\/","og_site_name":"Aquaforest","article_publisher":"https:\/\/www.facebook.com\/Aquaforest\/","article_modified_time":"2026-03-31T11:39:37+00:00","og_image":[{"width":2336,"height":2336,"url":"https:\/\/aquaforest.eu\/wp-content\/uploads\/2026\/03\/Carbon-5L-1.png","type":"image\/png"}],"twitter_card":"summary_large_image","twitter_misc":{"Szacowany czas czytania":"1 minuta"},"schema":{"@context":"https:\/\/schema.org","@graph":[{"@type":"WebPage","@id":"https:\/\/aquaforest.eu\/pl\/produkty\/pond\/filtracja\/carbon-2\/","url":"https:\/\/aquaforest.eu\/pl\/produkty\/pond\/filtracja\/carbon-2\/","name":"Carbon - Aquaforest","isPartOf":{"@id":"https:\/\/aquaforest.eu\/pl\/#website"},"primaryImageOfPage":{"@id":"https:\/\/aquaforest.eu\/pl\/produkty\/pond\/filtracja\/carbon-2\/#primaryimage"},"image":{"@id":"https:\/\/aquaforest.eu\/pl\/produkty\/pond\/filtracja\/carbon-2\/#primaryimage"},"thumbnailUrl":"https:\/\/aquaforest.eu\/wp-content\/uploads\/2026\/03\/Carbon-5L-1.png","datePublished":"2026-03-30T12:33:10+00:00","dateModified":"2026-03-31T11:39:37+00:00","breadcrumb":{"@id":"https:\/\/aquaforest.eu\/pl\/produkty\/pond\/filtracja\/carbon-2\/#breadcrumb"},"inLanguage":"pl-PL","potentialAction":[{"@type":"ReadAction","target":["https:\/\/aquaforest.eu\/pl\/produkty\/pond\/filtracja\/carbon-2\/"]}]},{"@type":"ImageObject","inLanguage":"pl-PL","@id":"https:\/\/aquaforest.eu\/pl\/produkty\/pond\/filtracja\/carbon-2\/#primaryimage","url":"https:\/\/aquaforest.eu\/wp-content\/uploads\/2026\/03\/Carbon-5L-1.png","contentUrl":"https:\/\/aquaforest.eu\/wp-content\/uploads\/2026\/03\/Carbon-5L-1.png","width":2336,"height":2336},{"@type":"BreadcrumbList","@id":"https:\/\/aquaforest.eu\/pl\/produkty\/pond\/filtracja\/carbon-2\/#breadcrumb","itemListElement":[{"@type":"ListItem","position":1,"name":"Home","item":"https:\/\/aquaforest.eu\/pl\/"},{"@type":"ListItem","position":2,"name":"Produkty","item":"https:\/\/aquaforest.eu\/pl\/produkty\/"},{"@type":"ListItem","position":3,"name":"Carbon"}]},{"@type":"WebSite","@id":"https:\/\/aquaforest.eu\/pl\/#website","url":"https:\/\/aquaforest.eu\/pl\/","name":"Aquaforest","description":"","publisher":{"@id":"https:\/\/aquaforest.eu\/pl\/#organization"},"potentialAction":[{"@type":"SearchAction","target":{"@type":"EntryPoint","urlTemplate":"https:\/\/aquaforest.eu\/pl\/?s={search_term_string}"},"query-input":{"@type":"PropertyValueSpecification","valueRequired":true,"valueName":"search_term_string"}}],"inLanguage":"pl-PL"},{"@type":"Organization","@id":"https:\/\/aquaforest.eu\/pl\/#organization","name":"Aquaforest","url":"https:\/\/aquaforest.eu\/pl\/","logo":{"@type":"ImageObject","inLanguage":"pl-PL","@id":"https:\/\/aquaforest.eu\/pl\/#\/schema\/logo\/image\/","url":"https:\/\/aquaforest.eu\/wp-content\/uploads\/2024\/05\/logotyp-aquaforest.svg","contentUrl":"https:\/\/aquaforest.eu\/wp-content\/uploads\/2024\/05\/logotyp-aquaforest.svg","width":170,"height":22,"caption":"Aquaforest"},"image":{"@id":"https:\/\/aquaforest.eu\/pl\/#\/schema\/logo\/image\/"},"sameAs":["https:\/\/www.facebook.com\/Aquaforest\/","https:\/\/www.instagram.com\/aquaforest.eu\/"]}]}},"_links":{"self":[{"href":"https:\/\/aquaforest.eu\/pl\/wp-json\/wp\/v2\/product\/29518","targetHints":{"allow":["GET"]}}],"collection":[{"href":"https:\/\/aquaforest.eu\/pl\/wp-json\/wp\/v2\/product"}],"about":[{"href":"https:\/\/aquaforest.eu\/pl\/wp-json\/wp\/v2\/types\/product"}],"version-history":[{"count":3,"href":"https:\/\/aquaforest.eu\/pl\/wp-json\/wp\/v2\/product\/29518\/revisions"}],"predecessor-version":[{"id":30024,"href":"https:\/\/aquaforest.eu\/pl\/wp-json\/wp\/v2\/product\/29518\/revisions\/30024"}],"wp:featuredmedia":[{"embeddable":true,"href":"https:\/\/aquaforest.eu\/pl\/wp-json\/wp\/v2\/media\/29498"}],"wp:attachment":[{"href":"https:\/\/aquaforest.eu\/pl\/wp-json\/wp\/v2\/media?parent=29518"}],"wp:term":[{"taxonomy":"product_brand","embeddable":true,"href":"https:\/\/aquaforest.eu\/pl\/wp-json\/wp\/v2\/product_brand?post=29518"},{"taxonomy":"product_cat","embeddable":true,"href":"https:\/\/aquaforest.eu\/pl\/wp-json\/wp\/v2\/product_cat?post=29518"},{"taxonomy":"product_tag","embeddable":true,"href":"https:\/\/aquaforest.eu\/pl\/wp-json\/wp\/v2\/product_tag?post=29518"}],"curies":[{"name":"wp","href":"https:\/\/api.w.org\/{rel}","templated":true}]}}