{"id":29647,"date":"2026-03-30T14:32:53","date_gmt":"2026-03-30T12:32:53","guid":{"rendered":"https:\/\/aquaforest.eu\/?post_type=product&#038;p=29647"},"modified":"2026-03-31T14:35:10","modified_gmt":"2026-03-31T12:35:10","slug":"purify-pond","status":"publish","type":"product","link":"https:\/\/aquaforest.eu\/pl\/produkty\/pond\/rozwiazania-problemow\/purify-pond\/","title":{"rendered":"Purify Pond"},"content":{"rendered":"<p style=\"font-weight: 400;\">Ospa rybia to jedna z najcz\u0119stszych chor\u00f3b wyst\u0119puj\u0105cych u ryb stawowych. Nasz specjalistyczny preparat zosta\u0142 opracowany, aby skutecznie wspiera\u0107 ryby w walce z kulorz\u0119skiem \u2013 paso\u017cytem wywo\u0142uj\u0105cym osp\u0119 rybi\u0105.<\/p>\n<p style=\"font-weight: 400;\">Produkt doskonale sprawdza si\u0119 r\u00f3wnie\u017c w okresie rekonwalescencji po ple\u015bniawce i innych infekcjach sk\u00f3rnych, przyspieszaj\u0105c proces gojenia i wspomagaj\u0105c odporno\u015b\u0107.<\/p>\n<p style=\"font-weight: 400;\">Dzi\u0119ki starannie dobranym zwi\u0105zkom preparat poprawia apetyt ryb i wspiera ich naturalne mechanizmy regeneracyjne. Regularne stosowanie pozwala szybciej przywr\u00f3ci\u0107 zdrowie, si\u0142y witalne oraz atrakcyjny wygl\u0105d ryb.<\/p>\n<p style=\"font-weight: 400;\"><strong>Co sprawia, \u017ce produkt ten jest wyj\u0105tkowy?<\/strong><\/p>\n<ul>\n<li><strong>Wspiera ryby w walce z infekcjami sk\u00f3ry<\/strong>, w tym z osp\u0105 rybi\u0105 wywo\u0142ywan\u0105 przez kulorz\u0119ska.<\/li>\n<li><strong>Wspomaga odporno\u015b\u0107, regeneracj\u0119 i powr\u00f3t do dobrej kondycji<\/strong> po infekcjach bakteryjnych, grzybiczych i paso\u017cytniczych.<\/li>\n<li><strong>Poprawia apetyt, witalno\u015b\u0107 i og\u00f3ln\u0105 kondycj\u0119 ryb<\/strong>, pomagaj\u0105c szybciej odzyska\u0107 zdrowy wygl\u0105d.<\/li>\n<li><strong>Pomaga ograniczy\u0107 stres zwi\u0105zany z chorob\u0105 i rekonwalescencj\u0105<\/strong>, wspieraj\u0105c naturalne mechanizmy regeneracyjne organizmu.<\/li>\n<li><strong>Mo\u017ce by\u0107 stosowany zar\u00f3wno w zbiorniku kwarantannowym, jak i bezpo\u015brednio w oczku<\/strong>, w ma\u0142ych i du\u017cych zbiornikach.<\/li>\n<li><strong>Bezpieczny dla \u015brodowiska oczka wodnego<\/strong> przy prawid\u0142owym stosowaniu<\/li>\n<\/ul>\n<p style=\"font-weight: 400;\"><strong>Dawkowanie:<\/strong><br \/>\nJe\u017celi jest taka mo\u017cliwo\u015b\u0107 zalecamy odizolowa\u0107 chore ryby w osobnym zbiorniku kwarantannowym. Rozwi\u0105zanie to znacznie u\u0142atwia leczenie choroby oraz zapobiega rozprzestrzenianiu si\u0119 jej na inne ryby.<\/p>\n<ul>\n<li style=\"font-weight: 400;\">Zbiornik kwarantannowy (zalecane):<\/li>\n<\/ul>\n<p style=\"font-weight: 400;\">o\u00a0\u00a0 1 ml \/ 10 l wody przez 7\u201314 dni.<\/p>\n<p style=\"font-weight: 400;\">o\u00a0\u00a0 Po 3 dniach wymieni\u0107 20% wody i uzupe\u0142ni\u0107 dawk\u0119 \u2013 0,5 ml \/ 10 l.<\/p>\n<p style=\"font-weight: 400;\">o\u00a0\u00a0 Powt\u00f3rzy\u0107 cykl jeszcze 2 razy.<\/p>\n<p style=\"font-weight: 400;\">o\u00a0\u00a0 Zalecana temperatura: 27\u201330\u00b0C.<\/p>\n<ul>\n<li style=\"font-weight: 400;\">Bez kwarantanny: 500 ml \/ 10 000 l wody.<\/li>\n<\/ul>\n<p style=\"font-weight: 400;\">Podczas stosowania produktu wa\u017cne jest napowietrzanie wody. Nie miesza\u0107 z chlorem lub tlenem.<\/p>\n<p style=\"font-weight: 400;\"><strong>Wa\u017cne informacje:<\/strong><\/p>\n<p style=\"font-weight: 400;\">Produkt przeznaczony do oczek wodnych. Nie nadaje si\u0119 do spo\u017cycia. Przechowywa\u0107 w ch\u0142odnym miejscu, poza zasi\u0119giem dzieci. Mo\u017ce barwi\u0107 dekoracje, \u017cwir i elementy wyposa\u017cenia oczka.<\/p>\n","protected":false},"excerpt":{"rendered":"<p>Preparat wspieraj\u0105cy ryby w walce z osp\u0105 rybi\u0105 oraz infekcjami sk\u00f3ry.<\/p>\n","protected":false},"featured_media":29304,"template":"","meta":{"_acf_changed":false,"content-type":""},"product_brand":[],"product_cat":[2048,2065],"product_tag":[],"class_list":{"0":"post-29647","1":"product","2":"type-product","3":"status-publish","4":"has-post-thumbnail","6":"product_cat-pond","7":"product_cat-rozwiazania-problemow","9":"first","10":"instock","11":"taxable","12":"shipping-taxable","13":"purchasable","14":"product-type-variable"},"acf":[],"yoast_head":"<!-- This site is optimized with the Yoast SEO plugin v27.1.1 - https:\/\/yoast.com\/product\/yoast-seo-wordpress\/ -->\n<title>Purify Pond - Aquaforest<\/title>\n<meta name=\"robots\" content=\"index, follow, max-snippet:-1, max-image-preview:large, max-video-preview:-1\" \/>\n<link rel=\"canonical\" href=\"https:\/\/aquaforest.eu\/pl\/produkty\/pond\/rozwiazania-problemow\/purify-pond\/\" \/>\n<meta property=\"og:locale\" content=\"pl_PL\" \/>\n<meta property=\"og:type\" content=\"article\" \/>\n<meta property=\"og:title\" content=\"Purify Pond - Aquaforest\" \/>\n<meta property=\"og:description\" content=\"Preparat wspieraj\u0105cy ryby w walce z osp\u0105 rybi\u0105 oraz infekcjami sk\u00f3ry.\" \/>\n<meta property=\"og:url\" content=\"https:\/\/aquaforest.eu\/pl\/produkty\/pond\/rozwiazania-problemow\/purify-pond\/\" \/>\n<meta property=\"og:site_name\" content=\"Aquaforest\" \/>\n<meta property=\"article:publisher\" content=\"https:\/\/www.facebook.com\/Aquaforest\/\" \/>\n<meta property=\"article:modified_time\" content=\"2026-03-31T12:35:10+00:00\" \/>\n<meta property=\"og:image\" content=\"https:\/\/aquaforest.eu\/wp-content\/uploads\/2026\/03\/Purify-Pond-500ml-scaled.png\" \/>\n\t<meta property=\"og:image:width\" content=\"1920\" \/>\n\t<meta property=\"og:image:height\" content=\"2560\" \/>\n\t<meta property=\"og:image:type\" content=\"image\/png\" \/>\n<meta name=\"twitter:card\" content=\"summary_large_image\" \/>\n<meta name=\"twitter:label1\" content=\"Szacowany czas czytania\" \/>\n\t<meta name=\"twitter:data1\" content=\"2 minuty\" \/>\n<script type=\"application\/ld+json\" class=\"yoast-schema-graph\">{\"@context\":\"https:\/\/schema.org\",\"@graph\":[{\"@type\":\"WebPage\",\"@id\":\"https:\/\/aquaforest.eu\/pl\/produkty\/pond\/rozwiazania-problemow\/purify-pond\/\",\"url\":\"https:\/\/aquaforest.eu\/pl\/produkty\/pond\/rozwiazania-problemow\/purify-pond\/\",\"name\":\"Purify Pond - Aquaforest\",\"isPartOf\":{\"@id\":\"https:\/\/aquaforest.eu\/pl\/#website\"},\"primaryImageOfPage\":{\"@id\":\"https:\/\/aquaforest.eu\/pl\/produkty\/pond\/rozwiazania-problemow\/purify-pond\/#primaryimage\"},\"image\":{\"@id\":\"https:\/\/aquaforest.eu\/pl\/produkty\/pond\/rozwiazania-problemow\/purify-pond\/#primaryimage\"},\"thumbnailUrl\":\"https:\/\/aquaforest.eu\/wp-content\/uploads\/2026\/03\/Purify-Pond-500ml-scaled.png\",\"datePublished\":\"2026-03-30T12:32:53+00:00\",\"dateModified\":\"2026-03-31T12:35:10+00:00\",\"breadcrumb\":{\"@id\":\"https:\/\/aquaforest.eu\/pl\/produkty\/pond\/rozwiazania-problemow\/purify-pond\/#breadcrumb\"},\"inLanguage\":\"pl-PL\",\"potentialAction\":[{\"@type\":\"ReadAction\",\"target\":[\"https:\/\/aquaforest.eu\/pl\/produkty\/pond\/rozwiazania-problemow\/purify-pond\/\"]}]},{\"@type\":\"ImageObject\",\"inLanguage\":\"pl-PL\",\"@id\":\"https:\/\/aquaforest.eu\/pl\/produkty\/pond\/rozwiazania-problemow\/purify-pond\/#primaryimage\",\"url\":\"https:\/\/aquaforest.eu\/wp-content\/uploads\/2026\/03\/Purify-Pond-500ml-scaled.png\",\"contentUrl\":\"https:\/\/aquaforest.eu\/wp-content\/uploads\/2026\/03\/Purify-Pond-500ml-scaled.png\",\"width\":1920,\"height\":2560},{\"@type\":\"BreadcrumbList\",\"@id\":\"https:\/\/aquaforest.eu\/pl\/produkty\/pond\/rozwiazania-problemow\/purify-pond\/#breadcrumb\",\"itemListElement\":[{\"@type\":\"ListItem\",\"position\":1,\"name\":\"Home\",\"item\":\"https:\/\/aquaforest.eu\/pl\/\"},{\"@type\":\"ListItem\",\"position\":2,\"name\":\"Produkty\",\"item\":\"https:\/\/aquaforest.eu\/pl\/produkty\/\"},{\"@type\":\"ListItem\",\"position\":3,\"name\":\"Purify Pond\"}]},{\"@type\":\"WebSite\",\"@id\":\"https:\/\/aquaforest.eu\/pl\/#website\",\"url\":\"https:\/\/aquaforest.eu\/pl\/\",\"name\":\"Aquaforest\",\"description\":\"\",\"publisher\":{\"@id\":\"https:\/\/aquaforest.eu\/pl\/#organization\"},\"potentialAction\":[{\"@type\":\"SearchAction\",\"target\":{\"@type\":\"EntryPoint\",\"urlTemplate\":\"https:\/\/aquaforest.eu\/pl\/?s={search_term_string}\"},\"query-input\":{\"@type\":\"PropertyValueSpecification\",\"valueRequired\":true,\"valueName\":\"search_term_string\"}}],\"inLanguage\":\"pl-PL\"},{\"@type\":\"Organization\",\"@id\":\"https:\/\/aquaforest.eu\/pl\/#organization\",\"name\":\"Aquaforest\",\"url\":\"https:\/\/aquaforest.eu\/pl\/\",\"logo\":{\"@type\":\"ImageObject\",\"inLanguage\":\"pl-PL\",\"@id\":\"https:\/\/aquaforest.eu\/pl\/#\/schema\/logo\/image\/\",\"url\":\"https:\/\/aquaforest.eu\/wp-content\/uploads\/2024\/05\/logotyp-aquaforest.svg\",\"contentUrl\":\"https:\/\/aquaforest.eu\/wp-content\/uploads\/2024\/05\/logotyp-aquaforest.svg\",\"width\":170,\"height\":22,\"caption\":\"Aquaforest\"},\"image\":{\"@id\":\"https:\/\/aquaforest.eu\/pl\/#\/schema\/logo\/image\/\"},\"sameAs\":[\"https:\/\/www.facebook.com\/Aquaforest\/\",\"https:\/\/www.instagram.com\/aquaforest.eu\/\"]}]}<\/script>\n<!-- \/ Yoast SEO plugin. -->","yoast_head_json":{"title":"Purify Pond - Aquaforest","robots":{"index":"index","follow":"follow","max-snippet":"max-snippet:-1","max-image-preview":"max-image-preview:large","max-video-preview":"max-video-preview:-1"},"canonical":"https:\/\/aquaforest.eu\/pl\/produkty\/pond\/rozwiazania-problemow\/purify-pond\/","og_locale":"pl_PL","og_type":"article","og_title":"Purify Pond - Aquaforest","og_description":"Preparat wspieraj\u0105cy ryby w walce z osp\u0105 rybi\u0105 oraz infekcjami sk\u00f3ry.","og_url":"https:\/\/aquaforest.eu\/pl\/produkty\/pond\/rozwiazania-problemow\/purify-pond\/","og_site_name":"Aquaforest","article_publisher":"https:\/\/www.facebook.com\/Aquaforest\/","article_modified_time":"2026-03-31T12:35:10+00:00","og_image":[{"width":1920,"height":2560,"url":"https:\/\/aquaforest.eu\/wp-content\/uploads\/2026\/03\/Purify-Pond-500ml-scaled.png","type":"image\/png"}],"twitter_card":"summary_large_image","twitter_misc":{"Szacowany czas czytania":"2 minuty"},"schema":{"@context":"https:\/\/schema.org","@graph":[{"@type":"WebPage","@id":"https:\/\/aquaforest.eu\/pl\/produkty\/pond\/rozwiazania-problemow\/purify-pond\/","url":"https:\/\/aquaforest.eu\/pl\/produkty\/pond\/rozwiazania-problemow\/purify-pond\/","name":"Purify Pond - Aquaforest","isPartOf":{"@id":"https:\/\/aquaforest.eu\/pl\/#website"},"primaryImageOfPage":{"@id":"https:\/\/aquaforest.eu\/pl\/produkty\/pond\/rozwiazania-problemow\/purify-pond\/#primaryimage"},"image":{"@id":"https:\/\/aquaforest.eu\/pl\/produkty\/pond\/rozwiazania-problemow\/purify-pond\/#primaryimage"},"thumbnailUrl":"https:\/\/aquaforest.eu\/wp-content\/uploads\/2026\/03\/Purify-Pond-500ml-scaled.png","datePublished":"2026-03-30T12:32:53+00:00","dateModified":"2026-03-31T12:35:10+00:00","breadcrumb":{"@id":"https:\/\/aquaforest.eu\/pl\/produkty\/pond\/rozwiazania-problemow\/purify-pond\/#breadcrumb"},"inLanguage":"pl-PL","potentialAction":[{"@type":"ReadAction","target":["https:\/\/aquaforest.eu\/pl\/produkty\/pond\/rozwiazania-problemow\/purify-pond\/"]}]},{"@type":"ImageObject","inLanguage":"pl-PL","@id":"https:\/\/aquaforest.eu\/pl\/produkty\/pond\/rozwiazania-problemow\/purify-pond\/#primaryimage","url":"https:\/\/aquaforest.eu\/wp-content\/uploads\/2026\/03\/Purify-Pond-500ml-scaled.png","contentUrl":"https:\/\/aquaforest.eu\/wp-content\/uploads\/2026\/03\/Purify-Pond-500ml-scaled.png","width":1920,"height":2560},{"@type":"BreadcrumbList","@id":"https:\/\/aquaforest.eu\/pl\/produkty\/pond\/rozwiazania-problemow\/purify-pond\/#breadcrumb","itemListElement":[{"@type":"ListItem","position":1,"name":"Home","item":"https:\/\/aquaforest.eu\/pl\/"},{"@type":"ListItem","position":2,"name":"Produkty","item":"https:\/\/aquaforest.eu\/pl\/produkty\/"},{"@type":"ListItem","position":3,"name":"Purify Pond"}]},{"@type":"WebSite","@id":"https:\/\/aquaforest.eu\/pl\/#website","url":"https:\/\/aquaforest.eu\/pl\/","name":"Aquaforest","description":"","publisher":{"@id":"https:\/\/aquaforest.eu\/pl\/#organization"},"potentialAction":[{"@type":"SearchAction","target":{"@type":"EntryPoint","urlTemplate":"https:\/\/aquaforest.eu\/pl\/?s={search_term_string}"},"query-input":{"@type":"PropertyValueSpecification","valueRequired":true,"valueName":"search_term_string"}}],"inLanguage":"pl-PL"},{"@type":"Organization","@id":"https:\/\/aquaforest.eu\/pl\/#organization","name":"Aquaforest","url":"https:\/\/aquaforest.eu\/pl\/","logo":{"@type":"ImageObject","inLanguage":"pl-PL","@id":"https:\/\/aquaforest.eu\/pl\/#\/schema\/logo\/image\/","url":"https:\/\/aquaforest.eu\/wp-content\/uploads\/2024\/05\/logotyp-aquaforest.svg","contentUrl":"https:\/\/aquaforest.eu\/wp-content\/uploads\/2024\/05\/logotyp-aquaforest.svg","width":170,"height":22,"caption":"Aquaforest"},"image":{"@id":"https:\/\/aquaforest.eu\/pl\/#\/schema\/logo\/image\/"},"sameAs":["https:\/\/www.facebook.com\/Aquaforest\/","https:\/\/www.instagram.com\/aquaforest.eu\/"]}]}},"_links":{"self":[{"href":"https:\/\/aquaforest.eu\/pl\/wp-json\/wp\/v2\/product\/29647","targetHints":{"allow":["GET"]}}],"collection":[{"href":"https:\/\/aquaforest.eu\/pl\/wp-json\/wp\/v2\/product"}],"about":[{"href":"https:\/\/aquaforest.eu\/pl\/wp-json\/wp\/v2\/types\/product"}],"version-history":[{"count":3,"href":"https:\/\/aquaforest.eu\/pl\/wp-json\/wp\/v2\/product\/29647\/revisions"}],"predecessor-version":[{"id":30034,"href":"https:\/\/aquaforest.eu\/pl\/wp-json\/wp\/v2\/product\/29647\/revisions\/30034"}],"wp:featuredmedia":[{"embeddable":true,"href":"https:\/\/aquaforest.eu\/pl\/wp-json\/wp\/v2\/media\/29304"}],"wp:attachment":[{"href":"https:\/\/aquaforest.eu\/pl\/wp-json\/wp\/v2\/media?parent=29647"}],"wp:term":[{"taxonomy":"product_brand","embeddable":true,"href":"https:\/\/aquaforest.eu\/pl\/wp-json\/wp\/v2\/product_brand?post=29647"},{"taxonomy":"product_cat","embeddable":true,"href":"https:\/\/aquaforest.eu\/pl\/wp-json\/wp\/v2\/product_cat?post=29647"},{"taxonomy":"product_tag","embeddable":true,"href":"https:\/\/aquaforest.eu\/pl\/wp-json\/wp\/v2\/product_tag?post=29647"}],"curies":[{"name":"wp","href":"https:\/\/api.w.org\/{rel}","templated":true}]}}