{"id":23029,"date":"2025-07-01T15:07:49","date_gmt":"2025-07-01T13:07:49","guid":{"rendered":"https:\/\/aquaforest.eu\/products\/sem%20categoria\/af-starter-pack\/"},"modified":"2025-08-25T16:42:34","modified_gmt":"2025-08-25T14:42:34","slug":"af-starter-pack","status":"publish","type":"product","link":"https:\/\/aquaforest.eu\/pt\/products\/seawater-pt\/water-treatment-pt\/af-starter-pack\/","title":{"rendered":"AF Starter Pack"},"content":{"rendered":"<h1><b>Kit Inicial para Aqu\u00e1rio Marinho<\/b><\/h1>\n<p><span style=\"font-weight: 400;\">O AF Starter Pack \u00e9 um conjunto de produtos desenvolvido para permitir a montagem f\u00e1cil e sem complica\u00e7\u00f5es de um novo aqu\u00e1rio marinho. Com este kit, voc\u00ea pode preparar um aqu\u00e1rio de at\u00e9 250 litros, proporcionando condi\u00e7\u00f5es ideais para o crescimento dos corais e r\u00e1pida estabiliza\u00e7\u00e3o biol\u00f3gica do tanque. <\/span><\/p>\n<p><span style=\"font-weight: 400;\">O AF Starter Pack \u00e9 um conjunto completo de produtos para ajudar voc\u00ea a come\u00e7ar sua jornada no aquarismo marinho! Juntamente com aquaristas marinhos experientes, analisamos os desafios enfrentados durante a montagem inicial e os primeiros meses de manuten\u00e7\u00e3o do aqu\u00e1rio marinho. Gra\u00e7as a essa colabora\u00e7\u00e3o, selecionamos produtos que cobrem tudo o que um aquarista marinho precisa no come\u00e7o dessa fascinante aventura. O conjunto inclui os seguintes produtos:   <\/span><\/p>\n<ul>\n<li style=\"font-weight: 400;\" aria-level=\"1\"><span style=\"color: #f1005d;\"><span style=\"color: #f1005d;\"><a style=\"color: #f1005d;\" href=\"https:\/\/aquaforest.eu\/pt\/products\/seawater-pt\/marine-salts-pt\/reef-salt\/\"><span style=\"font-weight: 400;\">Reef Salt<\/span><\/a><\/span><\/span><\/li>\n<li style=\"font-weight: 400;\" aria-level=\"1\"><span style=\"color: #f1005d;\"><span style=\"color: #f1005d;\"><a style=\"color: #f1005d;\" href=\"https:\/\/aquaforest.eu\/pt\/products\/seawater-pt\/water-treatment-pt\/life-bio-fil\/\"><span style=\"font-weight: 400;\">Life Bio Fil<\/span><\/a><\/span><\/span><\/li>\n<li style=\"font-weight: 400;\" aria-level=\"1\"><span style=\"color: #f1005d;\"><span style=\"color: #f1005d;\"><a style=\"color: #f1005d;\" href=\"https:\/\/aquaforest.eu\/pt\/products\/seawater-pt\/probiotic-method-pt\/bio-s\/\"><span style=\"font-weight: 400;\">Bio S<\/span><\/a><\/span><\/span><\/li>\n<li style=\"font-weight: 400;\" aria-level=\"1\"><span style=\"color: #f1005d;\"><span style=\"color: #f1005d;\"><a style=\"color: #f1005d;\" href=\"https:\/\/aquaforest.eu\/pt\/products\/seawater-pt\/water-treatment-pt\/phosphate-minus\/\"><span style=\"font-weight: 400;\">Phosphate Minus<\/span><\/a><\/span><\/span><\/li>\n<li style=\"font-weight: 400;\" aria-level=\"1\"><span style=\"color: #f1005d;\"><span style=\"color: #f1005d;\"><a style=\"color: #f1005d;\" href=\"https:\/\/aquaforest.eu\/pt\/products\/seawater-pt\/foods-and-supplementation-pt\/fish-v\/\"><span style=\"font-weight: 400;\">Fish V<\/span><\/a><\/span><\/span><\/li>\n<li style=\"font-weight: 400;\" aria-level=\"1\"><span style=\"color: #f1005d;\"><span style=\"color: #f1005d;\"><a style=\"color: #f1005d;\" href=\"https:\/\/aquaforest.eu\/pt\/products\/seawater-pt\/water-treatment-pt\/carbon\/\"><span style=\"font-weight: 400;\">Carbon<\/span><\/a><\/span><\/span><\/li>\n<li style=\"font-weight: 400;\" aria-level=\"1\"><span style=\"color: #f1005d;\"><span style=\"color: #f1005d;\"><a style=\"color: #f1005d;\" href=\"https:\/\/aquaforest.eu\/pt\/products\/seawater-pt\/water-tests-pt\/nitrate-test-kit\/\"><span style=\"font-weight: 400;\">Nitrate Test Kit<\/span><\/a><\/span><\/span><\/li>\n<li style=\"font-weight: 400;\" aria-level=\"1\"><span style=\"color: #f1005d;\"><span style=\"color: #f1005d;\"><a style=\"color: #f1005d;\" href=\"https:\/\/aquaforest.eu\/pt\/products\/seawater-pt\/water-tests-pt\/alkanity-test-kit\/\"><span style=\"font-weight: 400;\">Alkalinity Test Kit<\/span><\/a><\/span><\/span><\/li>\n<li style=\"font-weight: 400;\" aria-level=\"1\"><span style=\"color: #f1005d;\"><span style=\"color: #f1005d;\"><a style=\"color: #f1005d;\" href=\"https:\/\/aquaforest.eu\/pt\/products\/seawater-pt\/water-treatment-pt\/component-a\/\"><span style=\"font-weight: 400;\">Component A<\/span><\/a><\/span><\/span><\/li>\n<li style=\"font-weight: 400;\" aria-level=\"1\"><span style=\"color: #f1005d;\"><span style=\"color: #f1005d;\"><a style=\"color: #f1005d;\" href=\"https:\/\/aquaforest.eu\/pt\/products\/seawater-pt\/water-treatment-pt\/component-b\/\"><span style=\"font-weight: 400;\">Component B<\/span><\/a><\/span><\/span><\/li>\n<li style=\"font-weight: 400;\" aria-level=\"1\"><span style=\"color: #f1005d;\"><span style=\"color: #f1005d;\"><a style=\"color: #f1005d;\" href=\"https:\/\/aquaforest.eu\/pt\/products\/seawater-pt\/water-treatment-pt\/component-c\/\"><span style=\"font-weight: 400;\">Component C<\/span><\/a><\/span><\/span><\/li>\n<li style=\"font-weight: 400;\" aria-level=\"1\"><span style=\"color: #f1005d;\"><a style=\"color: #f1005d;\" href=\"https:\/\/aquaforest.eu\/pt\/products\/seawater-pt\/water-treatment-pt\/kh-plus-2\/\"><span style=\"font-weight: 400;\">KH Plus<\/span><\/a><\/span><\/li>\n<\/ul>\n<p><b>Reef Salt \u2013 sal sint\u00e9tico para aqu\u00e1rios marinhos<\/b><b><br \/>\n<\/b><span style=\"font-weight: 400;\">Reef Salt \u00e9 um sal marinho de alta qualidade especialmente desenvolvido para cultivo de corais. Sua composi\u00e7\u00e3o oferece condi\u00e7\u00f5es qu\u00edmicas e minerais ideais para o desenvolvimento correto dos animais marinhos. <\/span><\/p>\n<p><b>Life Bio Fil \u2013 meio biol\u00f3gico natural<\/b><b><br \/>\n<\/b><span style=\"font-weight: 400;\">Life Bio Fil \u00e9 um meio filtrante natural contendo bact\u00e9rias nitrificantes ativas. Isso garante que o processo de nitrifica\u00e7\u00e3o comece quase imediatamente ap\u00f3s o uso, acelerando significativamente a matura\u00e7\u00e3o do aqu\u00e1rio. O produto deve ser colocado no sump, em uma \u00e1rea com bom fluxo de \u00e1gua.  <\/span><\/p>\n<p><b>Bio S \u2013 cepas bacterianas especializadas<\/b><b><br \/>\n<\/b><span style=\"font-weight: 400;\">Bio S cont\u00e9m cepas bacterianas cuidadosamente selecionadas que criam um ambiente favor\u00e1vel ao crescimento de bact\u00e9rias respons\u00e1veis pelo ciclo do nitrog\u00eanio, incluindo Nitrospirae e Nitrobacteraceae. Isso ajuda seu aqu\u00e1rio a alcan\u00e7ar rapidamente um equil\u00edbrio biol\u00f3gico est\u00e1vel. <\/span><\/p>\n<p><b>Phosphate Minus \u2013 redu\u00e7\u00e3o eficaz de fosfatos<\/b><b><br \/>\n<\/b><span style=\"font-weight: 400;\">Phosphate Minus \u00e9 um meio para filtros de leito fluidizado que reduz efetivamente fosfatos e silicatos em aqu\u00e1rios marinhos. Manter n\u00edveis baixos desses compostos ajuda a conservar a \u00e1gua limpa e os corais saud\u00e1veis. <\/span><\/p>\n<p><b>Fish V \u2013 prepara\u00e7\u00e3o multivitam\u00ednica para peixes<\/b><b><br \/>\n<\/b><span style=\"font-weight: 400;\">Fish V \u00e9 uma prepara\u00e7\u00e3o vitam\u00ednica para peixes ornamentais marinhos e de \u00e1gua doce. Cont\u00e9m um complexo de vitaminas (A, B1, B2, B6, B12, C, D3, E, K3), al\u00e9m de amino\u00e1cidos e outros componentes que suportam a sa\u00fade e a imunidade dos peixes. <\/span><\/p>\n<p><b>Carbon \u2013 carv\u00e3o ativado de alta qualidade<\/b><b><br \/>\n<\/b><span style=\"font-weight: 400;\">Carbon \u00e9 um carv\u00e3o ativado granular, ativado a vapor e livre de fosfatos. Limpa efetivamente a \u00e1gua de impurezas org\u00e2nicas, melhorando sua clareza sem risco de aumentar os n\u00edveis de fosfato. <\/span><\/p>\n<p><b>Nitrate Test Kit e Alkalinity Test Kit \u2013 controle dos par\u00e2metros do aqu\u00e1rio<\/b><b><br \/>\n<\/b><span style=\"font-weight: 400;\">O kit TestPro Nitrate permite a medi\u00e7\u00e3o precisa dos n\u00edveis de nitrato (faixa ideal 2-5 mg\/l), enquanto o kit TestPro Alkalinity mede a dureza de carbonato (KH) na faixa de 6,5\u20138,5 dKH. Ambos os testes s\u00e3o eficientes e ajudam a manter os par\u00e2metros do aqu\u00e1rio est\u00e1veis. <\/span><\/p>\n<p><b>Component ABC \u2013 elementos tra\u00e7o para aqu\u00e1rios marinhos<\/b><b><br \/>\n<\/b><span style=\"font-weight: 400;\">Component ABC \u00e9 um conjunto de prepara\u00e7\u00f5es que suplementam defici\u00eancias menores de elementos tra\u00e7o essenciais para o funcionamento e desenvolvimento adequado dos organismos marinhos no aqu\u00e1rio.<\/span><\/p>\n<p><b>KH Plus \u2013 intensificador de dureza de carbonato<\/b><b><br \/>\n<\/b><span style=\"font-weight: 400;\">KH Plus \u00e9 uma solu\u00e7\u00e3o usada para aumentar a dureza de carbonato (KH) em aqu\u00e1rios marinhos, ajudando na estabilidade do pH e no crescimento adequado dos corais e outros organismos.<\/span><\/p>\n","protected":false},"excerpt":{"rendered":"<p>Kit inicial para aqu\u00e1rio marinho para montagem f\u00e1cil.<\/p>\n","protected":false},"featured_media":23030,"template":"","meta":{"_acf_changed":false,"content-type":""},"product_brand":[],"product_cat":[1651],"product_tag":[1652,1653],"class_list":{"0":"post-23029","1":"product","2":"type-product","3":"status-publish","4":"has-post-thumbnail","6":"product_cat-water-treatment-pt","7":"product_tag-seawater-aquatic-pt","8":"product_tag-simple-pt","10":"first","11":"instock","12":"taxable","13":"shipping-taxable","14":"purchasable","15":"product-type-simple"},"acf":[],"yoast_head":"<!-- This site is optimized with the Yoast SEO plugin v27.1.1 - https:\/\/yoast.com\/product\/yoast-seo-wordpress\/ -->\n<title>AF Starter Pack - Aquaforest<\/title>\n<meta name=\"robots\" content=\"index, follow, max-snippet:-1, max-image-preview:large, max-video-preview:-1\" \/>\n<link rel=\"canonical\" href=\"https:\/\/aquaforest.eu\/pt\/products\/seawater-pt\/water-treatment-pt\/af-starter-pack\/\" \/>\n<meta property=\"og:locale\" content=\"pt_PT\" \/>\n<meta property=\"og:type\" content=\"article\" \/>\n<meta property=\"og:title\" content=\"AF Starter Pack - Aquaforest\" \/>\n<meta property=\"og:description\" content=\"Kit inicial para aqu\u00e1rio marinho para montagem f\u00e1cil.\" \/>\n<meta property=\"og:url\" content=\"https:\/\/aquaforest.eu\/pt\/products\/seawater-pt\/water-treatment-pt\/af-starter-pack\/\" \/>\n<meta property=\"og:site_name\" content=\"Aquaforest\" \/>\n<meta property=\"article:publisher\" content=\"https:\/\/www.facebook.com\/Aquaforest\/\" \/>\n<meta property=\"article:modified_time\" content=\"2025-08-25T14:42:34+00:00\" \/>\n<meta property=\"og:image\" content=\"https:\/\/aquaforest.eu\/wp-content\/uploads\/2025\/07\/AF_Starter-Pack_mockup.png\" \/>\n\t<meta property=\"og:image:width\" content=\"1\" \/>\n\t<meta property=\"og:image:height\" content=\"1\" \/>\n\t<meta property=\"og:image:type\" content=\"image\/png\" \/>\n<meta name=\"twitter:card\" content=\"summary_large_image\" \/>\n<meta name=\"twitter:label1\" content=\"Tempo estimado de leitura\" \/>\n\t<meta name=\"twitter:data1\" content=\"3 minutos\" \/>\n<script type=\"application\/ld+json\" class=\"yoast-schema-graph\">{\"@context\":\"https:\/\/schema.org\",\"@graph\":[{\"@type\":\"WebPage\",\"@id\":\"https:\/\/aquaforest.eu\/pt\/products\/seawater-pt\/water-treatment-pt\/af-starter-pack\/\",\"url\":\"https:\/\/aquaforest.eu\/pt\/products\/seawater-pt\/water-treatment-pt\/af-starter-pack\/\",\"name\":\"AF Starter Pack - Aquaforest\",\"isPartOf\":{\"@id\":\"https:\/\/aquaforest.eu\/pt\/#website\"},\"primaryImageOfPage\":{\"@id\":\"https:\/\/aquaforest.eu\/pt\/products\/seawater-pt\/water-treatment-pt\/af-starter-pack\/#primaryimage\"},\"image\":{\"@id\":\"https:\/\/aquaforest.eu\/pt\/products\/seawater-pt\/water-treatment-pt\/af-starter-pack\/#primaryimage\"},\"thumbnailUrl\":\"https:\/\/aquaforest.eu\/wp-content\/uploads\/2025\/07\/AF_Starter-Pack_mockup.png\",\"datePublished\":\"2025-07-01T13:07:49+00:00\",\"dateModified\":\"2025-08-25T14:42:34+00:00\",\"breadcrumb\":{\"@id\":\"https:\/\/aquaforest.eu\/pt\/products\/seawater-pt\/water-treatment-pt\/af-starter-pack\/#breadcrumb\"},\"inLanguage\":\"pt-PT\",\"potentialAction\":[{\"@type\":\"ReadAction\",\"target\":[\"https:\/\/aquaforest.eu\/pt\/products\/seawater-pt\/water-treatment-pt\/af-starter-pack\/\"]}]},{\"@type\":\"ImageObject\",\"inLanguage\":\"pt-PT\",\"@id\":\"https:\/\/aquaforest.eu\/pt\/products\/seawater-pt\/water-treatment-pt\/af-starter-pack\/#primaryimage\",\"url\":\"https:\/\/aquaforest.eu\/wp-content\/uploads\/2025\/07\/AF_Starter-Pack_mockup.png\",\"contentUrl\":\"https:\/\/aquaforest.eu\/wp-content\/uploads\/2025\/07\/AF_Starter-Pack_mockup.png\"},{\"@type\":\"BreadcrumbList\",\"@id\":\"https:\/\/aquaforest.eu\/pt\/products\/seawater-pt\/water-treatment-pt\/af-starter-pack\/#breadcrumb\",\"itemListElement\":[{\"@type\":\"ListItem\",\"position\":1,\"name\":\"Home\",\"item\":\"https:\/\/aquaforest.eu\/pt\/\"},{\"@type\":\"ListItem\",\"position\":2,\"name\":\"Produtos\",\"item\":\"https:\/\/aquaforest.eu\/pt\/produtos\/\"},{\"@type\":\"ListItem\",\"position\":3,\"name\":\"AF Starter Pack\"}]},{\"@type\":\"WebSite\",\"@id\":\"https:\/\/aquaforest.eu\/pt\/#website\",\"url\":\"https:\/\/aquaforest.eu\/pt\/\",\"name\":\"Aquaforest\",\"description\":\"\",\"publisher\":{\"@id\":\"https:\/\/aquaforest.eu\/pt\/#organization\"},\"potentialAction\":[{\"@type\":\"SearchAction\",\"target\":{\"@type\":\"EntryPoint\",\"urlTemplate\":\"https:\/\/aquaforest.eu\/pt\/?s={search_term_string}\"},\"query-input\":{\"@type\":\"PropertyValueSpecification\",\"valueRequired\":true,\"valueName\":\"search_term_string\"}}],\"inLanguage\":\"pt-PT\"},{\"@type\":\"Organization\",\"@id\":\"https:\/\/aquaforest.eu\/pt\/#organization\",\"name\":\"Aquaforest\",\"url\":\"https:\/\/aquaforest.eu\/pt\/\",\"logo\":{\"@type\":\"ImageObject\",\"inLanguage\":\"pt-PT\",\"@id\":\"https:\/\/aquaforest.eu\/pt\/#\/schema\/logo\/image\/\",\"url\":\"https:\/\/aquaforest.eu\/wp-content\/uploads\/2024\/05\/logotyp-aquaforest.svg\",\"contentUrl\":\"https:\/\/aquaforest.eu\/wp-content\/uploads\/2024\/05\/logotyp-aquaforest.svg\",\"width\":170,\"height\":22,\"caption\":\"Aquaforest\"},\"image\":{\"@id\":\"https:\/\/aquaforest.eu\/pt\/#\/schema\/logo\/image\/\"},\"sameAs\":[\"https:\/\/www.facebook.com\/Aquaforest\/\",\"https:\/\/www.instagram.com\/aquaforest.eu\/\"]}]}<\/script>\n<!-- \/ Yoast SEO plugin. -->","yoast_head_json":{"title":"AF Starter Pack - Aquaforest","robots":{"index":"index","follow":"follow","max-snippet":"max-snippet:-1","max-image-preview":"max-image-preview:large","max-video-preview":"max-video-preview:-1"},"canonical":"https:\/\/aquaforest.eu\/pt\/products\/seawater-pt\/water-treatment-pt\/af-starter-pack\/","og_locale":"pt_PT","og_type":"article","og_title":"AF Starter Pack - Aquaforest","og_description":"Kit inicial para aqu\u00e1rio marinho para montagem f\u00e1cil.","og_url":"https:\/\/aquaforest.eu\/pt\/products\/seawater-pt\/water-treatment-pt\/af-starter-pack\/","og_site_name":"Aquaforest","article_publisher":"https:\/\/www.facebook.com\/Aquaforest\/","article_modified_time":"2025-08-25T14:42:34+00:00","og_image":[{"url":"https:\/\/aquaforest.eu\/wp-content\/uploads\/2025\/07\/AF_Starter-Pack_mockup.png","width":1,"height":1,"type":"image\/png"}],"twitter_card":"summary_large_image","twitter_misc":{"Tempo estimado de leitura":"3 minutos"},"schema":{"@context":"https:\/\/schema.org","@graph":[{"@type":"WebPage","@id":"https:\/\/aquaforest.eu\/pt\/products\/seawater-pt\/water-treatment-pt\/af-starter-pack\/","url":"https:\/\/aquaforest.eu\/pt\/products\/seawater-pt\/water-treatment-pt\/af-starter-pack\/","name":"AF Starter Pack - Aquaforest","isPartOf":{"@id":"https:\/\/aquaforest.eu\/pt\/#website"},"primaryImageOfPage":{"@id":"https:\/\/aquaforest.eu\/pt\/products\/seawater-pt\/water-treatment-pt\/af-starter-pack\/#primaryimage"},"image":{"@id":"https:\/\/aquaforest.eu\/pt\/products\/seawater-pt\/water-treatment-pt\/af-starter-pack\/#primaryimage"},"thumbnailUrl":"https:\/\/aquaforest.eu\/wp-content\/uploads\/2025\/07\/AF_Starter-Pack_mockup.png","datePublished":"2025-07-01T13:07:49+00:00","dateModified":"2025-08-25T14:42:34+00:00","breadcrumb":{"@id":"https:\/\/aquaforest.eu\/pt\/products\/seawater-pt\/water-treatment-pt\/af-starter-pack\/#breadcrumb"},"inLanguage":"pt-PT","potentialAction":[{"@type":"ReadAction","target":["https:\/\/aquaforest.eu\/pt\/products\/seawater-pt\/water-treatment-pt\/af-starter-pack\/"]}]},{"@type":"ImageObject","inLanguage":"pt-PT","@id":"https:\/\/aquaforest.eu\/pt\/products\/seawater-pt\/water-treatment-pt\/af-starter-pack\/#primaryimage","url":"https:\/\/aquaforest.eu\/wp-content\/uploads\/2025\/07\/AF_Starter-Pack_mockup.png","contentUrl":"https:\/\/aquaforest.eu\/wp-content\/uploads\/2025\/07\/AF_Starter-Pack_mockup.png"},{"@type":"BreadcrumbList","@id":"https:\/\/aquaforest.eu\/pt\/products\/seawater-pt\/water-treatment-pt\/af-starter-pack\/#breadcrumb","itemListElement":[{"@type":"ListItem","position":1,"name":"Home","item":"https:\/\/aquaforest.eu\/pt\/"},{"@type":"ListItem","position":2,"name":"Produtos","item":"https:\/\/aquaforest.eu\/pt\/produtos\/"},{"@type":"ListItem","position":3,"name":"AF Starter Pack"}]},{"@type":"WebSite","@id":"https:\/\/aquaforest.eu\/pt\/#website","url":"https:\/\/aquaforest.eu\/pt\/","name":"Aquaforest","description":"","publisher":{"@id":"https:\/\/aquaforest.eu\/pt\/#organization"},"potentialAction":[{"@type":"SearchAction","target":{"@type":"EntryPoint","urlTemplate":"https:\/\/aquaforest.eu\/pt\/?s={search_term_string}"},"query-input":{"@type":"PropertyValueSpecification","valueRequired":true,"valueName":"search_term_string"}}],"inLanguage":"pt-PT"},{"@type":"Organization","@id":"https:\/\/aquaforest.eu\/pt\/#organization","name":"Aquaforest","url":"https:\/\/aquaforest.eu\/pt\/","logo":{"@type":"ImageObject","inLanguage":"pt-PT","@id":"https:\/\/aquaforest.eu\/pt\/#\/schema\/logo\/image\/","url":"https:\/\/aquaforest.eu\/wp-content\/uploads\/2024\/05\/logotyp-aquaforest.svg","contentUrl":"https:\/\/aquaforest.eu\/wp-content\/uploads\/2024\/05\/logotyp-aquaforest.svg","width":170,"height":22,"caption":"Aquaforest"},"image":{"@id":"https:\/\/aquaforest.eu\/pt\/#\/schema\/logo\/image\/"},"sameAs":["https:\/\/www.facebook.com\/Aquaforest\/","https:\/\/www.instagram.com\/aquaforest.eu\/"]}]}},"_links":{"self":[{"href":"https:\/\/aquaforest.eu\/pt\/wp-json\/wp\/v2\/product\/23029","targetHints":{"allow":["GET"]}}],"collection":[{"href":"https:\/\/aquaforest.eu\/pt\/wp-json\/wp\/v2\/product"}],"about":[{"href":"https:\/\/aquaforest.eu\/pt\/wp-json\/wp\/v2\/types\/product"}],"version-history":[{"count":1,"href":"https:\/\/aquaforest.eu\/pt\/wp-json\/wp\/v2\/product\/23029\/revisions"}],"predecessor-version":[{"id":24857,"href":"https:\/\/aquaforest.eu\/pt\/wp-json\/wp\/v2\/product\/23029\/revisions\/24857"}],"wp:featuredmedia":[{"embeddable":true,"href":"https:\/\/aquaforest.eu\/pt\/wp-json\/wp\/v2\/media\/23030"}],"wp:attachment":[{"href":"https:\/\/aquaforest.eu\/pt\/wp-json\/wp\/v2\/media?parent=23029"}],"wp:term":[{"taxonomy":"product_brand","embeddable":true,"href":"https:\/\/aquaforest.eu\/pt\/wp-json\/wp\/v2\/product_brand?post=23029"},{"taxonomy":"product_cat","embeddable":true,"href":"https:\/\/aquaforest.eu\/pt\/wp-json\/wp\/v2\/product_cat?post=23029"},{"taxonomy":"product_tag","embeddable":true,"href":"https:\/\/aquaforest.eu\/pt\/wp-json\/wp\/v2\/product_tag?post=23029"}],"curies":[{"name":"wp","href":"https:\/\/api.w.org\/{rel}","templated":true}]}}