{"id":23044,"date":"2025-01-30T11:50:35","date_gmt":"2025-01-30T10:50:35","guid":{"rendered":"https:\/\/aquaforest.eu\/products\/sem%20categoria\/kalkmedia\/"},"modified":"2025-07-14T14:54:29","modified_gmt":"2025-07-14T12:54:29","slug":"kalkmedia","status":"publish","type":"product","link":"https:\/\/aquaforest.eu\/pt\/products\/seawater-pt\/water-treatment-pt\/kalkmedia\/","title":{"rendered":"KalkMedia"},"content":{"rendered":"<p><b>KalkMedia \u2013 M\u00eddia para reator de c\u00e1lcio de alta qualidade para aqu\u00e1rios marinhos<\/b><\/p>\n<p><span style=\"font-weight: 400;\">KalkMedia \u00e9 uma m\u00eddia premium para reatores de c\u00e1lcio, desenvolvida especialmente para aqu\u00e1rios marinhos. Com granula\u00e7\u00e3o cuidadosamente selecionada de 5\u201312 mm, KalkMedia garante a libera\u00e7\u00e3o eficiente de c\u00e1lcio e carbonatos, evitando o entupimento do reator e assegurando um desempenho est\u00e1vel e duradouro do equipamento. Este produto favorece o crescimento saud\u00e1vel de corais e outros organismos marinhos ao manter n\u00edveis ideais de c\u00e1lcio, dureza e alcalinidade da \u00e1gua.<\/span><\/p>\n<p>&nbsp;<\/p>\n<hr \/>\n<h3><\/h3>\n<h3><b>F\u00f3rmula pronta para uso<\/b><\/h3>\n<p><span style=\"font-weight: 400;\">KalkMedia est\u00e1 pronto para uso e cont\u00e9m n\u00e3o apenas c\u00e1lcio e carbonatos, mas tamb\u00e9m oligoelementos essenciais necess\u00e1rios para manter um ambiente aqu\u00e1tico saud\u00e1vel.<\/span><\/p>\n<p>&nbsp;<\/p>\n<hr \/>\n<h3><\/h3>\n<h3><b>O que torna o KalkMedia \u00fanico?<\/b><\/h3>\n<ul>\n<li style=\"font-weight: 400;\" aria-level=\"1\"><b>Rico em oligoelementos <\/b><span style=\"font-weight: 400;\"> \u2013 Al\u00e9m de c\u00e1lcio e carbonatos, fornece microelementos essenciais \u00e0 sa\u00fade e ao crescimento dos corais.<\/span><\/li>\n<li style=\"font-weight: 400;\" aria-level=\"1\"><b>Estabiliza\u00e7\u00e3o dos par\u00e2metros da \u00e1gua<\/b><span style=\"font-weight: 400;\"> \u2013 O uso regular ajuda a manter pH e dureza ideais, criando condi\u00e7\u00f5es melhores para os organismos marinhos.<br \/>\n<\/span><\/li>\n<li style=\"font-weight: 400;\" aria-level=\"1\"><b>Granula\u00e7\u00e3o de 5\u201312 mm<\/b><span style=\"font-weight: 400;\"><span style=\"font-weight: 400;\"> \u2013 Garante fluxo cont\u00ednuo de \u00e1gua e evita entupimentos do reator, mesmo em sistemas exigentes.<br \/>\n\/span><\/span>&nbsp;<\/li>\n<\/ul>\n<hr \/>\n<h3><b><br \/>\nModo de uso:<\/b><\/h3>\n<ol>\n<li style=\"font-weight: 400;\" aria-level=\"1\"><b>Enx\u00e1gue<\/b><span style=\"font-weight: 400;\">a m\u00eddia em \u00e1gua de osmose reversa (RO) antes do uso.<\/span><\/li>\n<li style=\"font-weight: 400;\" aria-level=\"1\"><b>Encha<\/b><span style=\"font-weight: 400;\"> o reator de c\u00e1lcio com KalkMedia conforme as instru\u00e7\u00f5es do fabricante.<\/span><\/li>\n<li style=\"font-weight: 400;\" aria-level=\"1\"><b>Conecte<\/b><span style=\"font-weight: 400;\">o reator e verifique se todas as mangueiras est\u00e3o corretamente instaladas.<\/span><\/li>\n<li style=\"font-weight: 400;\" aria-level=\"1\"><b>Monitore<\/b><span style=\"font-weight: 400;\"> os n\u00edveis de CO\u2082 para garantir a dissolu\u00e7\u00e3o adequada de c\u00e1lcio e estabilidade qu\u00edmica da \u00e1gua.<\/span><\/li>\n<li style=\"font-weight: 400;\" aria-level=\"1\"><span style=\"font-weight: 400;\">Mantenha o  <\/span><b> pH do reator entre 6,2 e 6,5<\/b><span style=\"font-weight: 400;\"><span style=\"font-weight: 400;\"> para libera\u00e7\u00e3o eficaz de c\u00e1lcio e carbonatos.<br \/>\n<\/span><\/span>&nbsp;<\/li>\n<\/ol>\n<hr \/>\n<h3><b><br \/>\nPor que escolher o Aquaforest KalkMedia?<\/b><\/h3>\n<p><span style=\"font-weight: 400;\">KalkMedia foi desenvolvido para os aquaristas marinhos mais exigentes. Gra\u00e7as \u00e0 sele\u00e7\u00e3o criteriosa das mat\u00e9rias-primas e \u00e0 granula\u00e7\u00e3o precisa, garante desempenho ideal em qualquer tipo de reator de c\u00e1lcio. \u00c9 uma solu\u00e7\u00e3o confi\u00e1vel para assegurar o crescimento saud\u00e1vel e est\u00e1vel de corais e outros organismos marinhos.<br \/>\n<\/span><\/p>\n<p><b>Uso exclusivo em aqu\u00e1rios. Manter fora do alcance de crian\u00e7as.<br \/>\n<\/b><\/p>\n","protected":false},"excerpt":{"rendered":"<p><span style=\"font-weight: 400;\">KalkMedia \u2013 M\u00eddia de alta qualidade para reatores de c\u00e1lcio em aqu\u00e1rios marinhos<\/span><\/p>\n","protected":false},"featured_media":23045,"template":"","meta":{"_acf_changed":false,"content-type":""},"product_brand":[],"product_cat":[1651],"product_tag":[1652,1653,1657],"class_list":{"0":"post-23044","1":"product","2":"type-product","3":"status-publish","4":"has-post-thumbnail","6":"product_cat-water-treatment-pt","7":"product_tag-seawater-aquatic-pt","8":"product_tag-simple-pt","9":"product_tag-water-treatment-pt","11":"first","12":"instock","13":"taxable","14":"shipping-taxable","15":"purchasable","16":"product-type-simple"},"acf":[],"yoast_head":"<!-- This site is optimized with the Yoast SEO plugin v27.1.1 - https:\/\/yoast.com\/product\/yoast-seo-wordpress\/ -->\n<title>KalkMedia - Aquaforest<\/title>\n<meta name=\"robots\" content=\"index, follow, max-snippet:-1, max-image-preview:large, max-video-preview:-1\" \/>\n<link rel=\"canonical\" href=\"https:\/\/aquaforest.eu\/pt\/products\/seawater-pt\/water-treatment-pt\/kalkmedia\/\" \/>\n<meta property=\"og:locale\" content=\"pt_PT\" \/>\n<meta property=\"og:type\" content=\"article\" \/>\n<meta property=\"og:title\" content=\"KalkMedia - Aquaforest\" \/>\n<meta property=\"og:description\" content=\"KalkMedia \u2013 M\u00eddia de alta qualidade para reatores de c\u00e1lcio em aqu\u00e1rios marinhos\" \/>\n<meta property=\"og:url\" content=\"https:\/\/aquaforest.eu\/pt\/products\/seawater-pt\/water-treatment-pt\/kalkmedia\/\" \/>\n<meta property=\"og:site_name\" content=\"Aquaforest\" \/>\n<meta property=\"article:publisher\" content=\"https:\/\/www.facebook.com\/Aquaforest\/\" \/>\n<meta property=\"article:modified_time\" content=\"2025-07-14T12:54:29+00:00\" \/>\n<meta property=\"og:image\" content=\"https:\/\/aquaforest.eu\/wp-content\/uploads\/2025\/01\/KalkMedia-1.png\" \/>\n\t<meta property=\"og:image:width\" content=\"1800\" \/>\n\t<meta property=\"og:image:height\" content=\"1800\" \/>\n\t<meta property=\"og:image:type\" content=\"image\/png\" \/>\n<meta name=\"twitter:card\" content=\"summary_large_image\" \/>\n<meta name=\"twitter:label1\" content=\"Tempo estimado de leitura\" \/>\n\t<meta name=\"twitter:data1\" content=\"2 minutos\" \/>\n<script type=\"application\/ld+json\" class=\"yoast-schema-graph\">{\"@context\":\"https:\/\/schema.org\",\"@graph\":[{\"@type\":\"WebPage\",\"@id\":\"https:\/\/aquaforest.eu\/pt\/products\/seawater-pt\/water-treatment-pt\/kalkmedia\/\",\"url\":\"https:\/\/aquaforest.eu\/pt\/products\/seawater-pt\/water-treatment-pt\/kalkmedia\/\",\"name\":\"KalkMedia - Aquaforest\",\"isPartOf\":{\"@id\":\"https:\/\/aquaforest.eu\/pt\/#website\"},\"primaryImageOfPage\":{\"@id\":\"https:\/\/aquaforest.eu\/pt\/products\/seawater-pt\/water-treatment-pt\/kalkmedia\/#primaryimage\"},\"image\":{\"@id\":\"https:\/\/aquaforest.eu\/pt\/products\/seawater-pt\/water-treatment-pt\/kalkmedia\/#primaryimage\"},\"thumbnailUrl\":\"https:\/\/aquaforest.eu\/wp-content\/uploads\/2025\/01\/KalkMedia-1.png\",\"datePublished\":\"2025-01-30T10:50:35+00:00\",\"dateModified\":\"2025-07-14T12:54:29+00:00\",\"breadcrumb\":{\"@id\":\"https:\/\/aquaforest.eu\/pt\/products\/seawater-pt\/water-treatment-pt\/kalkmedia\/#breadcrumb\"},\"inLanguage\":\"pt-PT\",\"potentialAction\":[{\"@type\":\"ReadAction\",\"target\":[\"https:\/\/aquaforest.eu\/pt\/products\/seawater-pt\/water-treatment-pt\/kalkmedia\/\"]}]},{\"@type\":\"ImageObject\",\"inLanguage\":\"pt-PT\",\"@id\":\"https:\/\/aquaforest.eu\/pt\/products\/seawater-pt\/water-treatment-pt\/kalkmedia\/#primaryimage\",\"url\":\"https:\/\/aquaforest.eu\/wp-content\/uploads\/2025\/01\/KalkMedia-1.png\",\"contentUrl\":\"https:\/\/aquaforest.eu\/wp-content\/uploads\/2025\/01\/KalkMedia-1.png\",\"width\":1800,\"height\":1800},{\"@type\":\"BreadcrumbList\",\"@id\":\"https:\/\/aquaforest.eu\/pt\/products\/seawater-pt\/water-treatment-pt\/kalkmedia\/#breadcrumb\",\"itemListElement\":[{\"@type\":\"ListItem\",\"position\":1,\"name\":\"Home\",\"item\":\"https:\/\/aquaforest.eu\/pt\/\"},{\"@type\":\"ListItem\",\"position\":2,\"name\":\"Produtos\",\"item\":\"https:\/\/aquaforest.eu\/pt\/produtos\/\"},{\"@type\":\"ListItem\",\"position\":3,\"name\":\"KalkMedia\"}]},{\"@type\":\"WebSite\",\"@id\":\"https:\/\/aquaforest.eu\/pt\/#website\",\"url\":\"https:\/\/aquaforest.eu\/pt\/\",\"name\":\"Aquaforest\",\"description\":\"\",\"publisher\":{\"@id\":\"https:\/\/aquaforest.eu\/pt\/#organization\"},\"potentialAction\":[{\"@type\":\"SearchAction\",\"target\":{\"@type\":\"EntryPoint\",\"urlTemplate\":\"https:\/\/aquaforest.eu\/pt\/?s={search_term_string}\"},\"query-input\":{\"@type\":\"PropertyValueSpecification\",\"valueRequired\":true,\"valueName\":\"search_term_string\"}}],\"inLanguage\":\"pt-PT\"},{\"@type\":\"Organization\",\"@id\":\"https:\/\/aquaforest.eu\/pt\/#organization\",\"name\":\"Aquaforest\",\"url\":\"https:\/\/aquaforest.eu\/pt\/\",\"logo\":{\"@type\":\"ImageObject\",\"inLanguage\":\"pt-PT\",\"@id\":\"https:\/\/aquaforest.eu\/pt\/#\/schema\/logo\/image\/\",\"url\":\"https:\/\/aquaforest.eu\/wp-content\/uploads\/2024\/05\/logotyp-aquaforest.svg\",\"contentUrl\":\"https:\/\/aquaforest.eu\/wp-content\/uploads\/2024\/05\/logotyp-aquaforest.svg\",\"width\":170,\"height\":22,\"caption\":\"Aquaforest\"},\"image\":{\"@id\":\"https:\/\/aquaforest.eu\/pt\/#\/schema\/logo\/image\/\"},\"sameAs\":[\"https:\/\/www.facebook.com\/Aquaforest\/\",\"https:\/\/www.instagram.com\/aquaforest.eu\/\"]}]}<\/script>\n<!-- \/ Yoast SEO plugin. -->","yoast_head_json":{"title":"KalkMedia - Aquaforest","robots":{"index":"index","follow":"follow","max-snippet":"max-snippet:-1","max-image-preview":"max-image-preview:large","max-video-preview":"max-video-preview:-1"},"canonical":"https:\/\/aquaforest.eu\/pt\/products\/seawater-pt\/water-treatment-pt\/kalkmedia\/","og_locale":"pt_PT","og_type":"article","og_title":"KalkMedia - Aquaforest","og_description":"KalkMedia \u2013 M\u00eddia de alta qualidade para reatores de c\u00e1lcio em aqu\u00e1rios marinhos","og_url":"https:\/\/aquaforest.eu\/pt\/products\/seawater-pt\/water-treatment-pt\/kalkmedia\/","og_site_name":"Aquaforest","article_publisher":"https:\/\/www.facebook.com\/Aquaforest\/","article_modified_time":"2025-07-14T12:54:29+00:00","og_image":[{"width":1800,"height":1800,"url":"https:\/\/aquaforest.eu\/wp-content\/uploads\/2025\/01\/KalkMedia-1.png","type":"image\/png"}],"twitter_card":"summary_large_image","twitter_misc":{"Tempo estimado de leitura":"2 minutos"},"schema":{"@context":"https:\/\/schema.org","@graph":[{"@type":"WebPage","@id":"https:\/\/aquaforest.eu\/pt\/products\/seawater-pt\/water-treatment-pt\/kalkmedia\/","url":"https:\/\/aquaforest.eu\/pt\/products\/seawater-pt\/water-treatment-pt\/kalkmedia\/","name":"KalkMedia - Aquaforest","isPartOf":{"@id":"https:\/\/aquaforest.eu\/pt\/#website"},"primaryImageOfPage":{"@id":"https:\/\/aquaforest.eu\/pt\/products\/seawater-pt\/water-treatment-pt\/kalkmedia\/#primaryimage"},"image":{"@id":"https:\/\/aquaforest.eu\/pt\/products\/seawater-pt\/water-treatment-pt\/kalkmedia\/#primaryimage"},"thumbnailUrl":"https:\/\/aquaforest.eu\/wp-content\/uploads\/2025\/01\/KalkMedia-1.png","datePublished":"2025-01-30T10:50:35+00:00","dateModified":"2025-07-14T12:54:29+00:00","breadcrumb":{"@id":"https:\/\/aquaforest.eu\/pt\/products\/seawater-pt\/water-treatment-pt\/kalkmedia\/#breadcrumb"},"inLanguage":"pt-PT","potentialAction":[{"@type":"ReadAction","target":["https:\/\/aquaforest.eu\/pt\/products\/seawater-pt\/water-treatment-pt\/kalkmedia\/"]}]},{"@type":"ImageObject","inLanguage":"pt-PT","@id":"https:\/\/aquaforest.eu\/pt\/products\/seawater-pt\/water-treatment-pt\/kalkmedia\/#primaryimage","url":"https:\/\/aquaforest.eu\/wp-content\/uploads\/2025\/01\/KalkMedia-1.png","contentUrl":"https:\/\/aquaforest.eu\/wp-content\/uploads\/2025\/01\/KalkMedia-1.png","width":1800,"height":1800},{"@type":"BreadcrumbList","@id":"https:\/\/aquaforest.eu\/pt\/products\/seawater-pt\/water-treatment-pt\/kalkmedia\/#breadcrumb","itemListElement":[{"@type":"ListItem","position":1,"name":"Home","item":"https:\/\/aquaforest.eu\/pt\/"},{"@type":"ListItem","position":2,"name":"Produtos","item":"https:\/\/aquaforest.eu\/pt\/produtos\/"},{"@type":"ListItem","position":3,"name":"KalkMedia"}]},{"@type":"WebSite","@id":"https:\/\/aquaforest.eu\/pt\/#website","url":"https:\/\/aquaforest.eu\/pt\/","name":"Aquaforest","description":"","publisher":{"@id":"https:\/\/aquaforest.eu\/pt\/#organization"},"potentialAction":[{"@type":"SearchAction","target":{"@type":"EntryPoint","urlTemplate":"https:\/\/aquaforest.eu\/pt\/?s={search_term_string}"},"query-input":{"@type":"PropertyValueSpecification","valueRequired":true,"valueName":"search_term_string"}}],"inLanguage":"pt-PT"},{"@type":"Organization","@id":"https:\/\/aquaforest.eu\/pt\/#organization","name":"Aquaforest","url":"https:\/\/aquaforest.eu\/pt\/","logo":{"@type":"ImageObject","inLanguage":"pt-PT","@id":"https:\/\/aquaforest.eu\/pt\/#\/schema\/logo\/image\/","url":"https:\/\/aquaforest.eu\/wp-content\/uploads\/2024\/05\/logotyp-aquaforest.svg","contentUrl":"https:\/\/aquaforest.eu\/wp-content\/uploads\/2024\/05\/logotyp-aquaforest.svg","width":170,"height":22,"caption":"Aquaforest"},"image":{"@id":"https:\/\/aquaforest.eu\/pt\/#\/schema\/logo\/image\/"},"sameAs":["https:\/\/www.facebook.com\/Aquaforest\/","https:\/\/www.instagram.com\/aquaforest.eu\/"]}]}},"_links":{"self":[{"href":"https:\/\/aquaforest.eu\/pt\/wp-json\/wp\/v2\/product\/23044","targetHints":{"allow":["GET"]}}],"collection":[{"href":"https:\/\/aquaforest.eu\/pt\/wp-json\/wp\/v2\/product"}],"about":[{"href":"https:\/\/aquaforest.eu\/pt\/wp-json\/wp\/v2\/types\/product"}],"version-history":[{"count":2,"href":"https:\/\/aquaforest.eu\/pt\/wp-json\/wp\/v2\/product\/23044\/revisions"}],"predecessor-version":[{"id":24020,"href":"https:\/\/aquaforest.eu\/pt\/wp-json\/wp\/v2\/product\/23044\/revisions\/24020"}],"wp:featuredmedia":[{"embeddable":true,"href":"https:\/\/aquaforest.eu\/pt\/wp-json\/wp\/v2\/media\/23045"}],"wp:attachment":[{"href":"https:\/\/aquaforest.eu\/pt\/wp-json\/wp\/v2\/media?parent=23044"}],"wp:term":[{"taxonomy":"product_brand","embeddable":true,"href":"https:\/\/aquaforest.eu\/pt\/wp-json\/wp\/v2\/product_brand?post=23044"},{"taxonomy":"product_cat","embeddable":true,"href":"https:\/\/aquaforest.eu\/pt\/wp-json\/wp\/v2\/product_cat?post=23044"},{"taxonomy":"product_tag","embeddable":true,"href":"https:\/\/aquaforest.eu\/pt\/wp-json\/wp\/v2\/product_tag?post=23044"}],"curies":[{"name":"wp","href":"https:\/\/api.w.org\/{rel}","templated":true}]}}