{"id":23053,"date":"2024-09-01T16:55:45","date_gmt":"2024-09-01T14:55:45","guid":{"rendered":"https:\/\/aquaforest.eu\/products\/sem%20categoria\/component-3-in-1\/"},"modified":"2025-07-14T14:30:10","modified_gmt":"2025-07-14T12:30:10","slug":"component-3-in-1","status":"publish","type":"product","link":"https:\/\/aquaforest.eu\/pt\/products\/seawater-pt\/water-treatment-pt\/component-3-in-1\/","title":{"rendered":"Component 3 in 1"},"content":{"rendered":"<p><span style=\"font-weight: 400;\">Component 3in1 \u00e9 um produto completo de macro e microelementos, desenvolvido para aqu\u00e1rios marinhos, com base no m\u00e9todo Balling. Sua f\u00f3rmula cont\u00e9m c\u00e1lcio, magn\u00e9sio e KH altamente concentrados, em propor\u00e7\u00f5es perfeitamente ajustadas \u00e0s necessidades dos corais. O produto tamb\u00e9m cont\u00e9m sais org\u00e2nicos de c\u00e1lcio, funcionando como fonte de carbono org\u00e2nico que auxilia no crescimento de microrganismos ben\u00e9ficos.<\/span><\/p>\n<p><span style=\"font-weight: 400;\">Os principais ingredientes para manter a sa\u00fade e o bem-estar dos corais est\u00e3o presentes em propor\u00e7\u00f5es ideais: c\u00e1lcio, magn\u00e9sio, KH e oligoelementos essenciais que influenciam diretamente o metabolismo, crescimento e colora\u00e7\u00e3o dos corais.<\/b><\/p>\n<p><span style=\"font-weight: 400;\">Com sua f\u00f3rmula 3 em 1, a dosagem se torna muito mais simples, r\u00e1pida e sem erros de propor\u00e7\u00e3o.<br \/>\n<\/b><\/p>\n<p><span style=\"font-weight: 400;\">Component 3in1 ajuda a estabilizar o ecossistema do aqu\u00e1rio e pode atuar como substituto da dosagem de carbono, reduzindo indiretamente os n\u00edveis de nitrato (NO\u2083) e fosfato (PO\u2084). \u00c9 recomend\u00e1vel monitorar regularmente esses par\u00e2metros.\u00a0<\/span><\/p>\n<p><span style=\"font-weight: 400;\">Composi\u00e7\u00e3o por litro:40000 mg (Ca), 1900 mg (Mg), 5800\u00b0 (KH), Oligoelementos.<\/span><\/p>\n<p>&nbsp;<\/p>\n<hr \/>\n<p>&nbsp;<\/p>\n<p><b>Destaques do produto:<\/b><\/p>\n<ul>\n<li style=\"font-weight: 400;\" aria-level=\"1\"><span style=\"font-weight: 400;\">Essencial para o crescimento dos corais<\/span><\/li>\n<li style=\"font-weight: 400;\" aria-level=\"1\"><span style=\"font-weight: 400;\">Real\u00e7a e mant\u00e9m a colora\u00e7\u00e3o<\/span><\/li>\n<li style=\"font-weight: 400;\" aria-level=\"1\"><span style=\"font-weight: 400;\">Dosagem simples e pr\u00e1tica<\/span><\/li>\n<li style=\"font-weight: 400;\" aria-level=\"1\"><span style=\"font-weight: 400;\">Propor\u00e7\u00f5es equilibradas de macro e microelementos<\/span><\/li>\n<\/ul>\n<p>&nbsp;<\/p>\n<hr \/>\n<p>&nbsp;<\/p>\n<p><b>Dosagem recomendada: <\/b><span style=\"font-weight: 400;\"> 5 ml por 100 litros de \u00e1gua do aqu\u00e1rio por dia. Ajuste conforme a necessidade. Monitore o n\u00edvel de KH e aumente a dosagem se necess\u00e1rio. Dose m\u00e1xima: 25 ml\/100 litros por dia.<\/span><\/p>\n<p>&nbsp;<\/p>\n<hr \/>\n<p>&nbsp;<\/p>\n<p><b>Importante:<\/b><span>  Cont\u00e9m diformato de c\u00e1lcio. Provoca danos graves aos olhos. Mantenha fora do alcance de crian\u00e7as. Utilize luvas e prote\u00e7\u00e3o ocular.<br \/>\n Em caso de contato com os olhos: enx\u00e1gue cuidadosamente com \u00e1gua por v\u00e1rios minutos. Remova lentes de contato se houver, e continue enxaguando. Procure assist\u00eancia m\u00e9dica imediatamente.<br \/>\n Produto de uso exclusivo para aqu\u00e1rios.<br \/>\n\u00a0<\/span><\/p>\n","protected":false},"excerpt":{"rendered":"<p data-fontsize=\"22\" data-lineheight=\"27.5px\">Mistura de micro e macroelementos em 1 frasco. F\u00f3rmula f\u00e1cil de usar e que economiza espa\u00e7o.<\/p>\n","protected":false},"featured_media":23055,"template":"","meta":{"_acf_changed":false,"content-type":""},"product_brand":[],"product_cat":[1651],"product_tag":[1671,1652,1658,1657],"class_list":{"0":"post-23053","1":"product","2":"type-product","3":"status-publish","4":"has-post-thumbnail","6":"product_cat-water-treatment-pt","7":"product_tag-aquaforest-pt","8":"product_tag-seawater-aquatic-pt","9":"product_tag-variable-pt","10":"product_tag-water-treatment-pt","12":"first","13":"instock","14":"taxable","15":"shipping-taxable","16":"purchasable","17":"product-type-variable","18":"has-default-attributes"},"acf":[],"yoast_head":"<!-- This site is optimized with the Yoast SEO plugin v27.1.1 - https:\/\/yoast.com\/product\/yoast-seo-wordpress\/ -->\n<title>Component 3 in 1 - Aquaforest<\/title>\n<meta name=\"description\" content=\"Component 3in1 is a comprehensive product of macro and micro elements, dedicated to marine aquariums, created based on the Balling method.\" \/>\n<meta name=\"robots\" content=\"index, follow, max-snippet:-1, max-image-preview:large, max-video-preview:-1\" \/>\n<link rel=\"canonical\" href=\"https:\/\/aquaforest.eu\/pt\/products\/seawater-pt\/water-treatment-pt\/component-3-in-1\/\" \/>\n<meta property=\"og:locale\" content=\"pt_PT\" \/>\n<meta property=\"og:type\" content=\"article\" \/>\n<meta property=\"og:title\" content=\"Component 3 in 1 - Aquaforest\" \/>\n<meta property=\"og:description\" content=\"Component 3in1 is a comprehensive product of macro and micro elements, dedicated to marine aquariums, created based on the Balling method.\" \/>\n<meta property=\"og:url\" content=\"https:\/\/aquaforest.eu\/pt\/products\/seawater-pt\/water-treatment-pt\/component-3-in-1\/\" \/>\n<meta property=\"og:site_name\" content=\"Aquaforest\" \/>\n<meta property=\"article:publisher\" content=\"https:\/\/www.facebook.com\/Aquaforest\/\" \/>\n<meta property=\"article:modified_time\" content=\"2025-07-14T12:30:10+00:00\" \/>\n<meta property=\"og:image\" content=\"https:\/\/aquaforest.eu\/wp-content\/uploads\/2024\/09\/component-3in1-1-1.png\" \/>\n\t<meta property=\"og:image:width\" content=\"1800\" \/>\n\t<meta property=\"og:image:height\" content=\"1800\" \/>\n\t<meta property=\"og:image:type\" content=\"image\/png\" \/>\n<meta name=\"twitter:card\" content=\"summary_large_image\" \/>\n<meta name=\"twitter:label1\" content=\"Tempo estimado de leitura\" \/>\n\t<meta name=\"twitter:data1\" content=\"2 minutos\" \/>\n<script type=\"application\/ld+json\" class=\"yoast-schema-graph\">{\"@context\":\"https:\/\/schema.org\",\"@graph\":[{\"@type\":\"WebPage\",\"@id\":\"https:\/\/aquaforest.eu\/pt\/products\/seawater-pt\/water-treatment-pt\/component-3-in-1\/\",\"url\":\"https:\/\/aquaforest.eu\/pt\/products\/seawater-pt\/water-treatment-pt\/component-3-in-1\/\",\"name\":\"Component 3 in 1 - Aquaforest\",\"isPartOf\":{\"@id\":\"https:\/\/aquaforest.eu\/pt\/#website\"},\"primaryImageOfPage\":{\"@id\":\"https:\/\/aquaforest.eu\/pt\/products\/seawater-pt\/water-treatment-pt\/component-3-in-1\/#primaryimage\"},\"image\":{\"@id\":\"https:\/\/aquaforest.eu\/pt\/products\/seawater-pt\/water-treatment-pt\/component-3-in-1\/#primaryimage\"},\"thumbnailUrl\":\"https:\/\/aquaforest.eu\/wp-content\/uploads\/2024\/09\/component-3in1-1-1.png\",\"datePublished\":\"2024-09-01T14:55:45+00:00\",\"dateModified\":\"2025-07-14T12:30:10+00:00\",\"description\":\"Component 3in1 is a comprehensive product of macro and micro elements, dedicated to marine aquariums, created based on the Balling method.\",\"breadcrumb\":{\"@id\":\"https:\/\/aquaforest.eu\/pt\/products\/seawater-pt\/water-treatment-pt\/component-3-in-1\/#breadcrumb\"},\"inLanguage\":\"pt-PT\",\"potentialAction\":[{\"@type\":\"ReadAction\",\"target\":[\"https:\/\/aquaforest.eu\/pt\/products\/seawater-pt\/water-treatment-pt\/component-3-in-1\/\"]}]},{\"@type\":\"ImageObject\",\"inLanguage\":\"pt-PT\",\"@id\":\"https:\/\/aquaforest.eu\/pt\/products\/seawater-pt\/water-treatment-pt\/component-3-in-1\/#primaryimage\",\"url\":\"https:\/\/aquaforest.eu\/wp-content\/uploads\/2024\/09\/component-3in1-1-1.png\",\"contentUrl\":\"https:\/\/aquaforest.eu\/wp-content\/uploads\/2024\/09\/component-3in1-1-1.png\",\"width\":1800,\"height\":1800},{\"@type\":\"BreadcrumbList\",\"@id\":\"https:\/\/aquaforest.eu\/pt\/products\/seawater-pt\/water-treatment-pt\/component-3-in-1\/#breadcrumb\",\"itemListElement\":[{\"@type\":\"ListItem\",\"position\":1,\"name\":\"Home\",\"item\":\"https:\/\/aquaforest.eu\/pt\/\"},{\"@type\":\"ListItem\",\"position\":2,\"name\":\"Produtos\",\"item\":\"https:\/\/aquaforest.eu\/pt\/produtos\/\"},{\"@type\":\"ListItem\",\"position\":3,\"name\":\"Component 3 in 1\"}]},{\"@type\":\"WebSite\",\"@id\":\"https:\/\/aquaforest.eu\/pt\/#website\",\"url\":\"https:\/\/aquaforest.eu\/pt\/\",\"name\":\"Aquaforest\",\"description\":\"\",\"publisher\":{\"@id\":\"https:\/\/aquaforest.eu\/pt\/#organization\"},\"potentialAction\":[{\"@type\":\"SearchAction\",\"target\":{\"@type\":\"EntryPoint\",\"urlTemplate\":\"https:\/\/aquaforest.eu\/pt\/?s={search_term_string}\"},\"query-input\":{\"@type\":\"PropertyValueSpecification\",\"valueRequired\":true,\"valueName\":\"search_term_string\"}}],\"inLanguage\":\"pt-PT\"},{\"@type\":\"Organization\",\"@id\":\"https:\/\/aquaforest.eu\/pt\/#organization\",\"name\":\"Aquaforest\",\"url\":\"https:\/\/aquaforest.eu\/pt\/\",\"logo\":{\"@type\":\"ImageObject\",\"inLanguage\":\"pt-PT\",\"@id\":\"https:\/\/aquaforest.eu\/pt\/#\/schema\/logo\/image\/\",\"url\":\"https:\/\/aquaforest.eu\/wp-content\/uploads\/2024\/05\/logotyp-aquaforest.svg\",\"contentUrl\":\"https:\/\/aquaforest.eu\/wp-content\/uploads\/2024\/05\/logotyp-aquaforest.svg\",\"width\":170,\"height\":22,\"caption\":\"Aquaforest\"},\"image\":{\"@id\":\"https:\/\/aquaforest.eu\/pt\/#\/schema\/logo\/image\/\"},\"sameAs\":[\"https:\/\/www.facebook.com\/Aquaforest\/\",\"https:\/\/www.instagram.com\/aquaforest.eu\/\"]}]}<\/script>\n<!-- \/ Yoast SEO plugin. -->","yoast_head_json":{"title":"Component 3 in 1 - Aquaforest","description":"Component 3in1 is a comprehensive product of macro and micro elements, dedicated to marine aquariums, created based on the Balling method.","robots":{"index":"index","follow":"follow","max-snippet":"max-snippet:-1","max-image-preview":"max-image-preview:large","max-video-preview":"max-video-preview:-1"},"canonical":"https:\/\/aquaforest.eu\/pt\/products\/seawater-pt\/water-treatment-pt\/component-3-in-1\/","og_locale":"pt_PT","og_type":"article","og_title":"Component 3 in 1 - Aquaforest","og_description":"Component 3in1 is a comprehensive product of macro and micro elements, dedicated to marine aquariums, created based on the Balling method.","og_url":"https:\/\/aquaforest.eu\/pt\/products\/seawater-pt\/water-treatment-pt\/component-3-in-1\/","og_site_name":"Aquaforest","article_publisher":"https:\/\/www.facebook.com\/Aquaforest\/","article_modified_time":"2025-07-14T12:30:10+00:00","og_image":[{"width":1800,"height":1800,"url":"https:\/\/aquaforest.eu\/wp-content\/uploads\/2024\/09\/component-3in1-1-1.png","type":"image\/png"}],"twitter_card":"summary_large_image","twitter_misc":{"Tempo estimado de leitura":"2 minutos"},"schema":{"@context":"https:\/\/schema.org","@graph":[{"@type":"WebPage","@id":"https:\/\/aquaforest.eu\/pt\/products\/seawater-pt\/water-treatment-pt\/component-3-in-1\/","url":"https:\/\/aquaforest.eu\/pt\/products\/seawater-pt\/water-treatment-pt\/component-3-in-1\/","name":"Component 3 in 1 - Aquaforest","isPartOf":{"@id":"https:\/\/aquaforest.eu\/pt\/#website"},"primaryImageOfPage":{"@id":"https:\/\/aquaforest.eu\/pt\/products\/seawater-pt\/water-treatment-pt\/component-3-in-1\/#primaryimage"},"image":{"@id":"https:\/\/aquaforest.eu\/pt\/products\/seawater-pt\/water-treatment-pt\/component-3-in-1\/#primaryimage"},"thumbnailUrl":"https:\/\/aquaforest.eu\/wp-content\/uploads\/2024\/09\/component-3in1-1-1.png","datePublished":"2024-09-01T14:55:45+00:00","dateModified":"2025-07-14T12:30:10+00:00","description":"Component 3in1 is a comprehensive product of macro and micro elements, dedicated to marine aquariums, created based on the Balling method.","breadcrumb":{"@id":"https:\/\/aquaforest.eu\/pt\/products\/seawater-pt\/water-treatment-pt\/component-3-in-1\/#breadcrumb"},"inLanguage":"pt-PT","potentialAction":[{"@type":"ReadAction","target":["https:\/\/aquaforest.eu\/pt\/products\/seawater-pt\/water-treatment-pt\/component-3-in-1\/"]}]},{"@type":"ImageObject","inLanguage":"pt-PT","@id":"https:\/\/aquaforest.eu\/pt\/products\/seawater-pt\/water-treatment-pt\/component-3-in-1\/#primaryimage","url":"https:\/\/aquaforest.eu\/wp-content\/uploads\/2024\/09\/component-3in1-1-1.png","contentUrl":"https:\/\/aquaforest.eu\/wp-content\/uploads\/2024\/09\/component-3in1-1-1.png","width":1800,"height":1800},{"@type":"BreadcrumbList","@id":"https:\/\/aquaforest.eu\/pt\/products\/seawater-pt\/water-treatment-pt\/component-3-in-1\/#breadcrumb","itemListElement":[{"@type":"ListItem","position":1,"name":"Home","item":"https:\/\/aquaforest.eu\/pt\/"},{"@type":"ListItem","position":2,"name":"Produtos","item":"https:\/\/aquaforest.eu\/pt\/produtos\/"},{"@type":"ListItem","position":3,"name":"Component 3 in 1"}]},{"@type":"WebSite","@id":"https:\/\/aquaforest.eu\/pt\/#website","url":"https:\/\/aquaforest.eu\/pt\/","name":"Aquaforest","description":"","publisher":{"@id":"https:\/\/aquaforest.eu\/pt\/#organization"},"potentialAction":[{"@type":"SearchAction","target":{"@type":"EntryPoint","urlTemplate":"https:\/\/aquaforest.eu\/pt\/?s={search_term_string}"},"query-input":{"@type":"PropertyValueSpecification","valueRequired":true,"valueName":"search_term_string"}}],"inLanguage":"pt-PT"},{"@type":"Organization","@id":"https:\/\/aquaforest.eu\/pt\/#organization","name":"Aquaforest","url":"https:\/\/aquaforest.eu\/pt\/","logo":{"@type":"ImageObject","inLanguage":"pt-PT","@id":"https:\/\/aquaforest.eu\/pt\/#\/schema\/logo\/image\/","url":"https:\/\/aquaforest.eu\/wp-content\/uploads\/2024\/05\/logotyp-aquaforest.svg","contentUrl":"https:\/\/aquaforest.eu\/wp-content\/uploads\/2024\/05\/logotyp-aquaforest.svg","width":170,"height":22,"caption":"Aquaforest"},"image":{"@id":"https:\/\/aquaforest.eu\/pt\/#\/schema\/logo\/image\/"},"sameAs":["https:\/\/www.facebook.com\/Aquaforest\/","https:\/\/www.instagram.com\/aquaforest.eu\/"]}]}},"_links":{"self":[{"href":"https:\/\/aquaforest.eu\/pt\/wp-json\/wp\/v2\/product\/23053","targetHints":{"allow":["GET"]}}],"collection":[{"href":"https:\/\/aquaforest.eu\/pt\/wp-json\/wp\/v2\/product"}],"about":[{"href":"https:\/\/aquaforest.eu\/pt\/wp-json\/wp\/v2\/types\/product"}],"version-history":[{"count":1,"href":"https:\/\/aquaforest.eu\/pt\/wp-json\/wp\/v2\/product\/23053\/revisions"}],"predecessor-version":[{"id":23963,"href":"https:\/\/aquaforest.eu\/pt\/wp-json\/wp\/v2\/product\/23053\/revisions\/23963"}],"wp:featuredmedia":[{"embeddable":true,"href":"https:\/\/aquaforest.eu\/pt\/wp-json\/wp\/v2\/media\/23055"}],"wp:attachment":[{"href":"https:\/\/aquaforest.eu\/pt\/wp-json\/wp\/v2\/media?parent=23053"}],"wp:term":[{"taxonomy":"product_brand","embeddable":true,"href":"https:\/\/aquaforest.eu\/pt\/wp-json\/wp\/v2\/product_brand?post=23053"},{"taxonomy":"product_cat","embeddable":true,"href":"https:\/\/aquaforest.eu\/pt\/wp-json\/wp\/v2\/product_cat?post=23053"},{"taxonomy":"product_tag","embeddable":true,"href":"https:\/\/aquaforest.eu\/pt\/wp-json\/wp\/v2\/product_tag?post=23053"}],"curies":[{"name":"wp","href":"https:\/\/api.w.org\/{rel}","templated":true}]}}