{"id":23072,"date":"2024-08-11T01:32:50","date_gmt":"2024-08-10T23:32:50","guid":{"rendered":"https:\/\/aquaforest.eu\/products\/sem%20categoria\/af-starterpack-freshwater\/"},"modified":"2025-07-14T13:40:14","modified_gmt":"2025-07-14T11:40:14","slug":"af-starterpack-freshwater","status":"publish","type":"product","link":"https:\/\/aquaforest.eu\/pt\/products\/freshwater-pt\/watertreatment-pt\/af-starterpack-freshwater\/","title":{"rendered":"AF StarterPack Freshwater"},"content":{"rendered":"<p style=\"text-align: left;\"><span style=\"font-weight: 400; color: #000000;\">O Starter Pack \u00e9 um conjunto completo de produtos que facilita o in\u00edcio da jornada no aquarismo de \u00e1gua doce. Junto com aquaristas experientes, analisamos os desafios mais comuns enfrentados por quem est\u00e1 come\u00e7ando e durante os primeiros meses do aqu\u00e1rio. A partir dessa experi\u00eancia, selecionamos produtos que cobrem todas as necessidades iniciais. Este kit \u00e9 uma solu\u00e7\u00e3o pronta que garante:<\/span><\/p>\n<ul style=\"text-align: left;\">\n<li style=\"font-weight: 400;\" aria-level=\"1\"><span style=\"color: #000000;\"><b>Acelera\u00e7\u00e3o da matura\u00e7\u00e3o do aqu\u00e1rio<\/b><\/span><\/li>\n<li style=\"font-weight: 400;\" aria-level=\"1\"><span style=\"color: #000000;\"><b>Remo\u00e7\u00e3o de compostos org\u00e2nicos prejudiciais<\/b><\/span><\/li>\n<li style=\"font-weight: 400;\" aria-level=\"1\"><span style=\"color: #000000;\"><b>Condicionamento da \u00e1gua<br \/>\n<\/b><\/span><\/li>\n<li style=\"font-weight: 400;\" aria-level=\"1\"><span style=\"color: #000000;\"><b>Manuten\u00e7\u00e3o da sa\u00fade dos peixes<\/b><\/span><\/li>\n<li style=\"font-weight: 400;\" aria-level=\"1\"><span style=\"color: #000000;\"><b>Fornecimento de micro e macroelementos essenciais<\/b><\/span><\/li>\n<li style=\"font-weight: 400;\" aria-level=\"1\"><span style=\"color: #000000;\"><b>Est\u00edmulo ao crescimento das plantas<\/b><\/span><\/li>\n<li style=\"font-weight: 400;\" aria-level=\"1\"><span style=\"color: #000000;\"><b>Redu\u00e7\u00e3o dos n\u00edveis de nitrato<br \/>\n<\/b><\/span><\/li>\n<\/ul>\n<p style=\"text-align: left;\"><span style=\"font-weight: 400; color: #000000;\">Com esse kit, qualquer aquarista pode ficar tranquilo sabendo que seu aqu\u00e1rio estar\u00e1 bem cuidado desde o primeiro dia.<\/span><\/p>\n<p>&nbsp;<\/p>\n<hr \/>\n<p>&nbsp;<\/p>\n<p style=\"text-align: left;\"><span style=\"color: #000000;\"><b>O pacote inclui os seguintes produtos:<\/b><\/span><\/p>\n<ul>\n<li style=\"text-align: left;\"><span style=\"color: #000000;\"><a style=\"color: #000000;\" href=\"https:\/\/aquaforest.eu\/pt\/products\/freshwater-pt\/watertreatment-pt\/af-life-essence\/\"><b>AF Life Essence<\/b><\/a><span style=\"font-weight: 400;\"> &#8211; produto premium com bact\u00e9rias nitrificantes que aceleram a matura\u00e7\u00e3o do aqu\u00e1rio. Recomendado para aqu\u00e1rios rec\u00e9m-montados e em trocas de \u00e1gua, restaurando a flora bacteriana.<\/span><\/span><\/li>\n<li style=\"text-align: left;\"><span style=\"color: #000000;\"><a style=\"color: #000000;\" href=\"https:\/\/aquaforest.eu\/pt\/products\/freshwater-pt\/watertreatment-pt\/af-water-conditioner\/\"><b>AF Water Conditioner<\/b><\/a><span style=\"font-weight: 400;\"> &#8211; condicionador que purifica a \u00e1gua da torneira para uso imediato no aqu\u00e1rio. Reduz o cloro e neutraliza metais pesados. Refor\u00e7a o sistema imunol\u00f3gico dos peixes e auxilia na regenera\u00e7\u00e3o da pele.<\/span><\/span><\/li>\n<li style=\"text-align: left;\"><span style=\"color: #000000;\"><a style=\"color: #000000;\" href=\"https:\/\/aquaforest.eu\/pt\/products\/freshwater-pt\/supplements-and-fertilizers-pt\/af-micro\/\"><b>AF Micro<\/b><\/a><span style=\"font-weight: 400;\"> &#8211; fertilizante b\u00e1sico super concentrado com micronutrientes essenciais para o crescimento saud\u00e1vel das plantas. Promove colora\u00e7\u00e3o intensa e crescimento acelerado.<br \/>\n<\/span><\/span><\/li>\n<li style=\"text-align: left;\"><span style=\"color: #000000;\"><a style=\"color: #000000;\" href=\"https:\/\/aquaforest.eu\/pt\/products\/freshwater-pt\/supplements-and-fertilizers-pt\/af-macro\/\"><b>AF Macro<\/b><\/a><span style=\"font-weight: 400;\"> &#8211; f\u00f3rmula rica em macronutrientes essenciais para plantas aqu\u00e1ticas. Garante crescimento vigoroso e cores vivas.<\/span><\/span><\/li>\n<li style=\"text-align: left;\"><span style=\"color: #000000;\"><a style=\"color: #000000;\" href=\"https:\/\/aquaforest.eu\/pt\/products\/freshwater-pt\/watertreatment-pt\/af-purifying-resin\/\"><b>AF Purifying Resin<\/b><\/a><span style=\"font-weight: 400;\"> resina de troca i\u00f4nica espec\u00edfica para remo\u00e7\u00e3o eficaz de nitratos em aqu\u00e1rios com n\u00edveis elevados. Atua sem alterar os minerais presentes na \u00e1gua.<br \/>\n<\/span><\/span><\/li>\n<li style=\"text-align: left;\"><span style=\"color: #000000;\"><a style=\"color: #000000;\" href=\"https:\/\/aquaforest.eu\/pt\/products\/freshwater-pt\/watertreatment-pt\/af-carbon\/\"><b>AF Carbon<\/b><\/a><span style=\"font-weight: 400;\"> &#8211; carv\u00e3o ativado a vapor que remove subst\u00e2ncias qu\u00edmicas indesejadas e melhora a transpar\u00eancia da \u00e1gua. Recomendado na matura\u00e7\u00e3o do aqu\u00e1rio e ap\u00f3s tratamentos com medicamentos.<\/span><\/span><\/li>\n<li style=\"text-align: left;\"><span style=\"color: #000000;\"><a style=\"color: #000000;\" href=\"https:\/\/aquaforest.eu\/pt\/products\/freshwater-pt\/supplements-and-fertilizers-pt\/af-carbon-boost\/\"><b>AF Carbon Boost <\/b><\/a><span style=\"font-weight: 400;\">&#8211; suplemento altamente eficaz com carbono de f\u00e1cil absor\u00e7\u00e3o, desenvolvido para estimular o crescimento das plantas. O uso cont\u00ednuo mant\u00e9m o aqu\u00e1rio saud\u00e1vel e previne algas..<\/span><\/span><\/li>\n<\/ul>\n","protected":false},"excerpt":{"rendered":"<p>Conjunto completo de produtos que facilita o in\u00edcio no aquarismo de \u00e1gua doce<\/p>\n","protected":false},"featured_media":23073,"template":"","meta":{"_acf_changed":false,"content-type":""},"product_brand":[],"product_cat":[1676,1673],"product_tag":[1671,1663,1653,1657],"class_list":{"0":"post-23072","1":"product","2":"type-product","3":"status-publish","4":"has-post-thumbnail","6":"product_cat-supplements-and-fertilizers-pt","7":"product_cat-watertreatment-pt","8":"product_tag-aquaforest-pt","9":"product_tag-freshwater-aquatics-pt","10":"product_tag-simple-pt","11":"product_tag-water-treatment-pt","13":"first","14":"instock","15":"taxable","16":"shipping-taxable","17":"purchasable","18":"product-type-simple"},"acf":[],"yoast_head":"<!-- This site is optimized with the Yoast SEO plugin v27.1.1 - https:\/\/yoast.com\/product\/yoast-seo-wordpress\/ -->\n<title>AF StarterPack Freshwater - Aquaforest<\/title>\n<meta name=\"description\" content=\"Starter Pack is a complete set of products that facilitates the beginning of a freshwater aquarium adventure!\" \/>\n<meta name=\"robots\" content=\"index, follow, max-snippet:-1, max-image-preview:large, max-video-preview:-1\" \/>\n<link rel=\"canonical\" href=\"https:\/\/aquaforest.eu\/pt\/products\/freshwater-pt\/watertreatment-pt\/af-starterpack-freshwater\/\" \/>\n<meta property=\"og:locale\" content=\"pt_PT\" \/>\n<meta property=\"og:type\" content=\"article\" \/>\n<meta property=\"og:title\" content=\"AF StarterPack Freshwater - Aquaforest\" \/>\n<meta property=\"og:description\" content=\"Starter Pack is a complete set of products that facilitates the beginning of a freshwater aquarium adventure!\" \/>\n<meta property=\"og:url\" content=\"https:\/\/aquaforest.eu\/pt\/products\/freshwater-pt\/watertreatment-pt\/af-starterpack-freshwater\/\" \/>\n<meta property=\"og:site_name\" content=\"Aquaforest\" \/>\n<meta property=\"article:publisher\" content=\"https:\/\/www.facebook.com\/Aquaforest\/\" \/>\n<meta property=\"article:modified_time\" content=\"2025-07-14T11:40:14+00:00\" \/>\n<meta property=\"og:image\" content=\"https:\/\/aquaforest.eu\/wp-content\/uploads\/2024\/07\/Zestaw-startowy-akwarium-slodkowodnego-1-1.png\" \/>\n\t<meta property=\"og:image:width\" content=\"650\" \/>\n\t<meta property=\"og:image:height\" content=\"650\" \/>\n\t<meta property=\"og:image:type\" content=\"image\/png\" \/>\n<meta name=\"twitter:card\" content=\"summary_large_image\" \/>\n<meta name=\"twitter:label1\" content=\"Tempo estimado de leitura\" \/>\n\t<meta name=\"twitter:data1\" content=\"2 minutos\" \/>\n<script type=\"application\/ld+json\" class=\"yoast-schema-graph\">{\"@context\":\"https:\/\/schema.org\",\"@graph\":[{\"@type\":\"WebPage\",\"@id\":\"https:\/\/aquaforest.eu\/pt\/products\/freshwater-pt\/watertreatment-pt\/af-starterpack-freshwater\/\",\"url\":\"https:\/\/aquaforest.eu\/pt\/products\/freshwater-pt\/watertreatment-pt\/af-starterpack-freshwater\/\",\"name\":\"AF StarterPack Freshwater - Aquaforest\",\"isPartOf\":{\"@id\":\"https:\/\/aquaforest.eu\/pt\/#website\"},\"primaryImageOfPage\":{\"@id\":\"https:\/\/aquaforest.eu\/pt\/products\/freshwater-pt\/watertreatment-pt\/af-starterpack-freshwater\/#primaryimage\"},\"image\":{\"@id\":\"https:\/\/aquaforest.eu\/pt\/products\/freshwater-pt\/watertreatment-pt\/af-starterpack-freshwater\/#primaryimage\"},\"thumbnailUrl\":\"https:\/\/aquaforest.eu\/wp-content\/uploads\/2024\/07\/Zestaw-startowy-akwarium-slodkowodnego-1-1.png\",\"datePublished\":\"2024-08-10T23:32:50+00:00\",\"dateModified\":\"2025-07-14T11:40:14+00:00\",\"description\":\"Starter Pack is a complete set of products that facilitates the beginning of a freshwater aquarium adventure!\",\"breadcrumb\":{\"@id\":\"https:\/\/aquaforest.eu\/pt\/products\/freshwater-pt\/watertreatment-pt\/af-starterpack-freshwater\/#breadcrumb\"},\"inLanguage\":\"pt-PT\",\"potentialAction\":[{\"@type\":\"ReadAction\",\"target\":[\"https:\/\/aquaforest.eu\/pt\/products\/freshwater-pt\/watertreatment-pt\/af-starterpack-freshwater\/\"]}]},{\"@type\":\"ImageObject\",\"inLanguage\":\"pt-PT\",\"@id\":\"https:\/\/aquaforest.eu\/pt\/products\/freshwater-pt\/watertreatment-pt\/af-starterpack-freshwater\/#primaryimage\",\"url\":\"https:\/\/aquaforest.eu\/wp-content\/uploads\/2024\/07\/Zestaw-startowy-akwarium-slodkowodnego-1-1.png\",\"contentUrl\":\"https:\/\/aquaforest.eu\/wp-content\/uploads\/2024\/07\/Zestaw-startowy-akwarium-slodkowodnego-1-1.png\",\"width\":650,\"height\":650},{\"@type\":\"BreadcrumbList\",\"@id\":\"https:\/\/aquaforest.eu\/pt\/products\/freshwater-pt\/watertreatment-pt\/af-starterpack-freshwater\/#breadcrumb\",\"itemListElement\":[{\"@type\":\"ListItem\",\"position\":1,\"name\":\"Home\",\"item\":\"https:\/\/aquaforest.eu\/pt\/\"},{\"@type\":\"ListItem\",\"position\":2,\"name\":\"Produtos\",\"item\":\"https:\/\/aquaforest.eu\/pt\/produtos\/\"},{\"@type\":\"ListItem\",\"position\":3,\"name\":\"AF StarterPack Freshwater\"}]},{\"@type\":\"WebSite\",\"@id\":\"https:\/\/aquaforest.eu\/pt\/#website\",\"url\":\"https:\/\/aquaforest.eu\/pt\/\",\"name\":\"Aquaforest\",\"description\":\"\",\"publisher\":{\"@id\":\"https:\/\/aquaforest.eu\/pt\/#organization\"},\"potentialAction\":[{\"@type\":\"SearchAction\",\"target\":{\"@type\":\"EntryPoint\",\"urlTemplate\":\"https:\/\/aquaforest.eu\/pt\/?s={search_term_string}\"},\"query-input\":{\"@type\":\"PropertyValueSpecification\",\"valueRequired\":true,\"valueName\":\"search_term_string\"}}],\"inLanguage\":\"pt-PT\"},{\"@type\":\"Organization\",\"@id\":\"https:\/\/aquaforest.eu\/pt\/#organization\",\"name\":\"Aquaforest\",\"url\":\"https:\/\/aquaforest.eu\/pt\/\",\"logo\":{\"@type\":\"ImageObject\",\"inLanguage\":\"pt-PT\",\"@id\":\"https:\/\/aquaforest.eu\/pt\/#\/schema\/logo\/image\/\",\"url\":\"https:\/\/aquaforest.eu\/wp-content\/uploads\/2024\/05\/logotyp-aquaforest.svg\",\"contentUrl\":\"https:\/\/aquaforest.eu\/wp-content\/uploads\/2024\/05\/logotyp-aquaforest.svg\",\"width\":170,\"height\":22,\"caption\":\"Aquaforest\"},\"image\":{\"@id\":\"https:\/\/aquaforest.eu\/pt\/#\/schema\/logo\/image\/\"},\"sameAs\":[\"https:\/\/www.facebook.com\/Aquaforest\/\",\"https:\/\/www.instagram.com\/aquaforest.eu\/\"]}]}<\/script>\n<!-- \/ Yoast SEO plugin. -->","yoast_head_json":{"title":"AF StarterPack Freshwater - Aquaforest","description":"Starter Pack is a complete set of products that facilitates the beginning of a freshwater aquarium adventure!","robots":{"index":"index","follow":"follow","max-snippet":"max-snippet:-1","max-image-preview":"max-image-preview:large","max-video-preview":"max-video-preview:-1"},"canonical":"https:\/\/aquaforest.eu\/pt\/products\/freshwater-pt\/watertreatment-pt\/af-starterpack-freshwater\/","og_locale":"pt_PT","og_type":"article","og_title":"AF StarterPack Freshwater - Aquaforest","og_description":"Starter Pack is a complete set of products that facilitates the beginning of a freshwater aquarium adventure!","og_url":"https:\/\/aquaforest.eu\/pt\/products\/freshwater-pt\/watertreatment-pt\/af-starterpack-freshwater\/","og_site_name":"Aquaforest","article_publisher":"https:\/\/www.facebook.com\/Aquaforest\/","article_modified_time":"2025-07-14T11:40:14+00:00","og_image":[{"width":650,"height":650,"url":"https:\/\/aquaforest.eu\/wp-content\/uploads\/2024\/07\/Zestaw-startowy-akwarium-slodkowodnego-1-1.png","type":"image\/png"}],"twitter_card":"summary_large_image","twitter_misc":{"Tempo estimado de leitura":"2 minutos"},"schema":{"@context":"https:\/\/schema.org","@graph":[{"@type":"WebPage","@id":"https:\/\/aquaforest.eu\/pt\/products\/freshwater-pt\/watertreatment-pt\/af-starterpack-freshwater\/","url":"https:\/\/aquaforest.eu\/pt\/products\/freshwater-pt\/watertreatment-pt\/af-starterpack-freshwater\/","name":"AF StarterPack Freshwater - Aquaforest","isPartOf":{"@id":"https:\/\/aquaforest.eu\/pt\/#website"},"primaryImageOfPage":{"@id":"https:\/\/aquaforest.eu\/pt\/products\/freshwater-pt\/watertreatment-pt\/af-starterpack-freshwater\/#primaryimage"},"image":{"@id":"https:\/\/aquaforest.eu\/pt\/products\/freshwater-pt\/watertreatment-pt\/af-starterpack-freshwater\/#primaryimage"},"thumbnailUrl":"https:\/\/aquaforest.eu\/wp-content\/uploads\/2024\/07\/Zestaw-startowy-akwarium-slodkowodnego-1-1.png","datePublished":"2024-08-10T23:32:50+00:00","dateModified":"2025-07-14T11:40:14+00:00","description":"Starter Pack is a complete set of products that facilitates the beginning of a freshwater aquarium adventure!","breadcrumb":{"@id":"https:\/\/aquaforest.eu\/pt\/products\/freshwater-pt\/watertreatment-pt\/af-starterpack-freshwater\/#breadcrumb"},"inLanguage":"pt-PT","potentialAction":[{"@type":"ReadAction","target":["https:\/\/aquaforest.eu\/pt\/products\/freshwater-pt\/watertreatment-pt\/af-starterpack-freshwater\/"]}]},{"@type":"ImageObject","inLanguage":"pt-PT","@id":"https:\/\/aquaforest.eu\/pt\/products\/freshwater-pt\/watertreatment-pt\/af-starterpack-freshwater\/#primaryimage","url":"https:\/\/aquaforest.eu\/wp-content\/uploads\/2024\/07\/Zestaw-startowy-akwarium-slodkowodnego-1-1.png","contentUrl":"https:\/\/aquaforest.eu\/wp-content\/uploads\/2024\/07\/Zestaw-startowy-akwarium-slodkowodnego-1-1.png","width":650,"height":650},{"@type":"BreadcrumbList","@id":"https:\/\/aquaforest.eu\/pt\/products\/freshwater-pt\/watertreatment-pt\/af-starterpack-freshwater\/#breadcrumb","itemListElement":[{"@type":"ListItem","position":1,"name":"Home","item":"https:\/\/aquaforest.eu\/pt\/"},{"@type":"ListItem","position":2,"name":"Produtos","item":"https:\/\/aquaforest.eu\/pt\/produtos\/"},{"@type":"ListItem","position":3,"name":"AF StarterPack Freshwater"}]},{"@type":"WebSite","@id":"https:\/\/aquaforest.eu\/pt\/#website","url":"https:\/\/aquaforest.eu\/pt\/","name":"Aquaforest","description":"","publisher":{"@id":"https:\/\/aquaforest.eu\/pt\/#organization"},"potentialAction":[{"@type":"SearchAction","target":{"@type":"EntryPoint","urlTemplate":"https:\/\/aquaforest.eu\/pt\/?s={search_term_string}"},"query-input":{"@type":"PropertyValueSpecification","valueRequired":true,"valueName":"search_term_string"}}],"inLanguage":"pt-PT"},{"@type":"Organization","@id":"https:\/\/aquaforest.eu\/pt\/#organization","name":"Aquaforest","url":"https:\/\/aquaforest.eu\/pt\/","logo":{"@type":"ImageObject","inLanguage":"pt-PT","@id":"https:\/\/aquaforest.eu\/pt\/#\/schema\/logo\/image\/","url":"https:\/\/aquaforest.eu\/wp-content\/uploads\/2024\/05\/logotyp-aquaforest.svg","contentUrl":"https:\/\/aquaforest.eu\/wp-content\/uploads\/2024\/05\/logotyp-aquaforest.svg","width":170,"height":22,"caption":"Aquaforest"},"image":{"@id":"https:\/\/aquaforest.eu\/pt\/#\/schema\/logo\/image\/"},"sameAs":["https:\/\/www.facebook.com\/Aquaforest\/","https:\/\/www.instagram.com\/aquaforest.eu\/"]}]}},"_links":{"self":[{"href":"https:\/\/aquaforest.eu\/pt\/wp-json\/wp\/v2\/product\/23072","targetHints":{"allow":["GET"]}}],"collection":[{"href":"https:\/\/aquaforest.eu\/pt\/wp-json\/wp\/v2\/product"}],"about":[{"href":"https:\/\/aquaforest.eu\/pt\/wp-json\/wp\/v2\/types\/product"}],"version-history":[{"count":1,"href":"https:\/\/aquaforest.eu\/pt\/wp-json\/wp\/v2\/product\/23072\/revisions"}],"predecessor-version":[{"id":23872,"href":"https:\/\/aquaforest.eu\/pt\/wp-json\/wp\/v2\/product\/23072\/revisions\/23872"}],"wp:featuredmedia":[{"embeddable":true,"href":"https:\/\/aquaforest.eu\/pt\/wp-json\/wp\/v2\/media\/23073"}],"wp:attachment":[{"href":"https:\/\/aquaforest.eu\/pt\/wp-json\/wp\/v2\/media?parent=23072"}],"wp:term":[{"taxonomy":"product_brand","embeddable":true,"href":"https:\/\/aquaforest.eu\/pt\/wp-json\/wp\/v2\/product_brand?post=23072"},{"taxonomy":"product_cat","embeddable":true,"href":"https:\/\/aquaforest.eu\/pt\/wp-json\/wp\/v2\/product_cat?post=23072"},{"taxonomy":"product_tag","embeddable":true,"href":"https:\/\/aquaforest.eu\/pt\/wp-json\/wp\/v2\/product_tag?post=23072"}],"curies":[{"name":"wp","href":"https:\/\/api.w.org\/{rel}","templated":true}]}}