{"id":23074,"date":"2024-07-02T01:52:09","date_gmt":"2024-07-01T23:52:09","guid":{"rendered":"https:\/\/aquaforest.eu\/products\/sem%20categoria\/af-oceanguard-980\/"},"modified":"2025-07-14T13:16:05","modified_gmt":"2025-07-14T11:16:05","slug":"af-oceanguard-980","status":"publish","type":"product","link":"https:\/\/aquaforest.eu\/pt\/products\/oceanguard-pt\/af-oceanguard-980\/","title":{"rendered":"AF OceanGuard 980 Aquarium"},"content":{"rendered":"<div data-desktop-col=\"one\" data-tablet-col=\"tablet-one\" data-mobile-col=\"mobile-one\">\n<div>\n<div>\n<div>\n<h3>ESPECIFICA\u00c7\u00d5ES PRINCIPAIS DO AQU\u00c1RIO AF OceanGuard 980<\/h3>\n<\/div>\n<\/div>\n<\/div>\n<\/div>\n<div data-desktop-col=\"one-second\" data-tablet-col=\"tablet-one-second\" data-mobile-col=\"mobile-one\">\n<div>\n<div>\n<div>\n<div>\n<p>Tecnologias modernas aliadas a anos de experi\u00eancia em aquarismo nos permitiram criar os aqu\u00e1rios AF. Cada elemento deste conjunto foi cuidadosamente projetado para atender aos mais altos padr\u00f5es de qualidade. \u00c9 o resultado da colabora\u00e7\u00e3o entre os melhores engenheiros e aquaristas, com quem desenvolvemos solu\u00e7\u00f5es de ponta para recifes.<\/p>\n<p>Optamos pelo vidro Optiwhite\u2122 e silicone preto, especialmente desenvolvidos para aqu\u00e1rios marinhos e que garantem total veda\u00e7\u00e3o. O vidro cristalino n\u00e3o distorce as cores, \u00e9 f\u00e1cil de limpar e altamente resistente a riscos. O Pilkington Optiwhite\u2122 \u00e9 um vidro super claro com baixo teor de ferro e sem tonalidade esverdeada, ideal para aqu\u00e1rios com vidro espesso. A superf\u00edcie lisa e uniforme, obtida com um processo de fabrica\u00e7\u00e3o de excel\u00eancia, assegura uma visualiza\u00e7\u00e3o perfeita dos corais, sem distor\u00e7\u00f5es.<br \/>\nA caixa de overflow, o fundo e o vidro traseiro pretos garantem est\u00e9tica sofisticada. O pente do overflow \u00e9 remov\u00edvel e f\u00e1cil de limpar, e a tampa silenciadora torna o fluxo de \u00e1gua quase impercept\u00edvel. A espuma profissional proporciona seguran\u00e7a e facilita a instala\u00e7\u00e3o do aqu\u00e1rio sobre o m\u00f3vel. A espessura ideal do vidro permite um design sem bordas, com excelente transmiss\u00e3o de luz e total seguran\u00e7a.<\/p>\n<p>&nbsp;<\/p>\n<hr \/>\n<h4><\/h4>\n<h4>O QUE NOS TORNA \u00daNICOS?<\/h4>\n<h6>SEGURAN\u00c7A GARANTIDA<\/h6>\n<ul>\n<li>Sem comprometer a qualidade \u2013 tecnologia n\u00e1utica aplicada<\/li>\n<li>Instala\u00e7\u00e3o correta e testes rigorosos \u2013 estrutura em compensado naval entregue montada<\/li>\n<li>Conex\u00f5es, parafusos e dobradi\u00e7as altamente resistentes<\/li>\n<li>Apenas materiais imperme\u00e1veis \u2013 sem deforma\u00e7\u00f5es<\/li>\n<li>Vidro e silicone desenvolvidos especificamente para recifes<\/li>\n<li>10 vezes mais dur\u00e1vel!<\/li>\n<li>Garantia de 4 anos<\/li>\n<\/ul>\n<p>&nbsp;<\/p>\n<hr \/>\n<h6><\/h6>\n<h6>SOLU\u00c7\u00d5ES BASEADAS NA EXPERI\u00caNCIA PARA SEUS CORAIS CRESCEREM<\/h6>\n<ul>\n<li>Projetado por aquaristas especialistas que compartilham sua experi\u00eancia<\/li>\n<li>Filtragem eficiente garantida por di\u00e2metros de tubula\u00e7\u00e3o adequados<\/li>\n<li>V\u00e1lvula de gaveta de precis\u00e3o para ajuste do n\u00edvel da \u00e1gua<\/li>\n<li>Solu\u00e7\u00f5es desenvolvidas para oferecer o melhor habitat mesmo para corais sens\u00edveis<\/li>\n<li>F\u00e1cil de limpar e manter<\/li>\n<li>C\u00e2maras em cascata otimizam o processo de filtragem<\/li>\n<li>V\u00e1lvula de reten\u00e7\u00e3o evita retorno de \u00e1gua ao sump em caso de queda de energia<\/li>\n<\/ul>\n<p>&nbsp;<\/p>\n<hr \/>\n<h6><\/h6>\n<h6>ULTRASSILENCIOSO PARA O M\u00c1XIMO CONFORTO<\/h6>\n<ul>\n<li>Espuma antivibra\u00e7\u00e3o no display e no sump<\/li>\n<li>Fluxo descendente autonivelante com tampa silenciadora<\/li>\n<li>C\u00e2maras do sump desenhadas para reduzir ru\u00eddos<\/li>\n<li>Ajuste preciso do n\u00edvel da \u00e1gua e redu\u00e7\u00e3o de ru\u00eddo com v\u00e1lvula de gaveta<\/li>\n<\/ul>\n<p><a href=\"https:\/\/aquaforest.eu\/wp-content\/uploads\/2024\/07\/AF980180_UNBOXING-MANUAL_DRUK_230321_zmiany-1.pdf\">Manual &#8211; AF OceanGuard 980 &#8211; Download<\/a><\/p>\n<\/div>\n<\/div>\n<\/div>\n<\/div>\n<\/div>\n","protected":false},"excerpt":{"rendered":"<p>980 L | 259 GAL EUA \u2013 Sistema de aqu\u00e1rio. Vidro ultra claro com baixo teor de ferro e filtragem eficiente.<\/p>\n","protected":false},"featured_media":23078,"template":"","meta":{"_acf_changed":false,"content-type":""},"product_brand":[],"product_cat":[1677],"product_tag":[1678],"class_list":{"0":"post-23074","1":"product","2":"type-product","3":"status-publish","4":"has-post-thumbnail","6":"product_cat-oceanguard-pt","7":"product_tag-oceanguard-pt","9":"first","10":"outofstock","11":"taxable","12":"shipping-taxable","13":"purchasable","14":"product-type-simple"},"acf":[],"yoast_head":"<!-- This site is optimized with the Yoast SEO plugin v27.1.1 - https:\/\/yoast.com\/product\/yoast-seo-wordpress\/ -->\n<title>AF OceanGuard 980 Aquarium - Aquaforest<\/title>\n<meta name=\"description\" content=\"AF980 aquarium set with ultra low-iron glass. Highly efficient filtration system.\" \/>\n<meta name=\"robots\" content=\"index, follow, max-snippet:-1, max-image-preview:large, max-video-preview:-1\" \/>\n<link rel=\"canonical\" href=\"https:\/\/aquaforest.eu\/pt\/products\/oceanguard-pt\/af-oceanguard-980\/\" \/>\n<meta property=\"og:locale\" content=\"pt_PT\" \/>\n<meta property=\"og:type\" content=\"article\" \/>\n<meta property=\"og:title\" content=\"AF OceanGuard 980 Aquarium - Aquaforest\" \/>\n<meta property=\"og:description\" content=\"AF980 aquarium set with ultra low-iron glass. Highly efficient filtration system.\" \/>\n<meta property=\"og:url\" content=\"https:\/\/aquaforest.eu\/pt\/products\/oceanguard-pt\/af-oceanguard-980\/\" \/>\n<meta property=\"og:site_name\" content=\"Aquaforest\" \/>\n<meta property=\"article:publisher\" content=\"https:\/\/www.facebook.com\/Aquaforest\/\" \/>\n<meta property=\"article:modified_time\" content=\"2025-07-14T11:16:05+00:00\" \/>\n<meta property=\"og:image\" content=\"https:\/\/aquaforest.eu\/wp-content\/uploads\/2024\/07\/OceanGuard-9801.jpg\" \/>\n\t<meta property=\"og:image:width\" content=\"1322\" \/>\n\t<meta property=\"og:image:height\" content=\"1322\" \/>\n\t<meta property=\"og:image:type\" content=\"image\/jpeg\" \/>\n<meta name=\"twitter:card\" content=\"summary_large_image\" \/>\n<meta name=\"twitter:label1\" content=\"Tempo estimado de leitura\" \/>\n\t<meta name=\"twitter:data1\" content=\"2 minutos\" \/>\n<script type=\"application\/ld+json\" class=\"yoast-schema-graph\">{\"@context\":\"https:\/\/schema.org\",\"@graph\":[{\"@type\":\"WebPage\",\"@id\":\"https:\/\/aquaforest.eu\/pt\/products\/oceanguard-pt\/af-oceanguard-980\/\",\"url\":\"https:\/\/aquaforest.eu\/pt\/products\/oceanguard-pt\/af-oceanguard-980\/\",\"name\":\"AF OceanGuard 980 Aquarium - Aquaforest\",\"isPartOf\":{\"@id\":\"https:\/\/aquaforest.eu\/pt\/#website\"},\"primaryImageOfPage\":{\"@id\":\"https:\/\/aquaforest.eu\/pt\/products\/oceanguard-pt\/af-oceanguard-980\/#primaryimage\"},\"image\":{\"@id\":\"https:\/\/aquaforest.eu\/pt\/products\/oceanguard-pt\/af-oceanguard-980\/#primaryimage\"},\"thumbnailUrl\":\"https:\/\/aquaforest.eu\/wp-content\/uploads\/2024\/07\/OceanGuard-9801.jpg\",\"datePublished\":\"2024-07-01T23:52:09+00:00\",\"dateModified\":\"2025-07-14T11:16:05+00:00\",\"description\":\"AF980 aquarium set with ultra low-iron glass. Highly efficient filtration system.\",\"breadcrumb\":{\"@id\":\"https:\/\/aquaforest.eu\/pt\/products\/oceanguard-pt\/af-oceanguard-980\/#breadcrumb\"},\"inLanguage\":\"pt-PT\",\"potentialAction\":[{\"@type\":\"ReadAction\",\"target\":[\"https:\/\/aquaforest.eu\/pt\/products\/oceanguard-pt\/af-oceanguard-980\/\"]}]},{\"@type\":\"ImageObject\",\"inLanguage\":\"pt-PT\",\"@id\":\"https:\/\/aquaforest.eu\/pt\/products\/oceanguard-pt\/af-oceanguard-980\/#primaryimage\",\"url\":\"https:\/\/aquaforest.eu\/wp-content\/uploads\/2024\/07\/OceanGuard-9801.jpg\",\"contentUrl\":\"https:\/\/aquaforest.eu\/wp-content\/uploads\/2024\/07\/OceanGuard-9801.jpg\",\"width\":1322,\"height\":1322},{\"@type\":\"BreadcrumbList\",\"@id\":\"https:\/\/aquaforest.eu\/pt\/products\/oceanguard-pt\/af-oceanguard-980\/#breadcrumb\",\"itemListElement\":[{\"@type\":\"ListItem\",\"position\":1,\"name\":\"Home\",\"item\":\"https:\/\/aquaforest.eu\/pt\/\"},{\"@type\":\"ListItem\",\"position\":2,\"name\":\"Produtos\",\"item\":\"https:\/\/aquaforest.eu\/pt\/produtos\/\"},{\"@type\":\"ListItem\",\"position\":3,\"name\":\"AF OceanGuard 980 Aquarium\"}]},{\"@type\":\"WebSite\",\"@id\":\"https:\/\/aquaforest.eu\/pt\/#website\",\"url\":\"https:\/\/aquaforest.eu\/pt\/\",\"name\":\"Aquaforest\",\"description\":\"\",\"publisher\":{\"@id\":\"https:\/\/aquaforest.eu\/pt\/#organization\"},\"potentialAction\":[{\"@type\":\"SearchAction\",\"target\":{\"@type\":\"EntryPoint\",\"urlTemplate\":\"https:\/\/aquaforest.eu\/pt\/?s={search_term_string}\"},\"query-input\":{\"@type\":\"PropertyValueSpecification\",\"valueRequired\":true,\"valueName\":\"search_term_string\"}}],\"inLanguage\":\"pt-PT\"},{\"@type\":\"Organization\",\"@id\":\"https:\/\/aquaforest.eu\/pt\/#organization\",\"name\":\"Aquaforest\",\"url\":\"https:\/\/aquaforest.eu\/pt\/\",\"logo\":{\"@type\":\"ImageObject\",\"inLanguage\":\"pt-PT\",\"@id\":\"https:\/\/aquaforest.eu\/pt\/#\/schema\/logo\/image\/\",\"url\":\"https:\/\/aquaforest.eu\/wp-content\/uploads\/2024\/05\/logotyp-aquaforest.svg\",\"contentUrl\":\"https:\/\/aquaforest.eu\/wp-content\/uploads\/2024\/05\/logotyp-aquaforest.svg\",\"width\":170,\"height\":22,\"caption\":\"Aquaforest\"},\"image\":{\"@id\":\"https:\/\/aquaforest.eu\/pt\/#\/schema\/logo\/image\/\"},\"sameAs\":[\"https:\/\/www.facebook.com\/Aquaforest\/\",\"https:\/\/www.instagram.com\/aquaforest.eu\/\"]}]}<\/script>\n<!-- \/ Yoast SEO plugin. -->","yoast_head_json":{"title":"AF OceanGuard 980 Aquarium - Aquaforest","description":"AF980 aquarium set with ultra low-iron glass. Highly efficient filtration system.","robots":{"index":"index","follow":"follow","max-snippet":"max-snippet:-1","max-image-preview":"max-image-preview:large","max-video-preview":"max-video-preview:-1"},"canonical":"https:\/\/aquaforest.eu\/pt\/products\/oceanguard-pt\/af-oceanguard-980\/","og_locale":"pt_PT","og_type":"article","og_title":"AF OceanGuard 980 Aquarium - Aquaforest","og_description":"AF980 aquarium set with ultra low-iron glass. Highly efficient filtration system.","og_url":"https:\/\/aquaforest.eu\/pt\/products\/oceanguard-pt\/af-oceanguard-980\/","og_site_name":"Aquaforest","article_publisher":"https:\/\/www.facebook.com\/Aquaforest\/","article_modified_time":"2025-07-14T11:16:05+00:00","og_image":[{"width":1322,"height":1322,"url":"https:\/\/aquaforest.eu\/wp-content\/uploads\/2024\/07\/OceanGuard-9801.jpg","type":"image\/jpeg"}],"twitter_card":"summary_large_image","twitter_misc":{"Tempo estimado de leitura":"2 minutos"},"schema":{"@context":"https:\/\/schema.org","@graph":[{"@type":"WebPage","@id":"https:\/\/aquaforest.eu\/pt\/products\/oceanguard-pt\/af-oceanguard-980\/","url":"https:\/\/aquaforest.eu\/pt\/products\/oceanguard-pt\/af-oceanguard-980\/","name":"AF OceanGuard 980 Aquarium - Aquaforest","isPartOf":{"@id":"https:\/\/aquaforest.eu\/pt\/#website"},"primaryImageOfPage":{"@id":"https:\/\/aquaforest.eu\/pt\/products\/oceanguard-pt\/af-oceanguard-980\/#primaryimage"},"image":{"@id":"https:\/\/aquaforest.eu\/pt\/products\/oceanguard-pt\/af-oceanguard-980\/#primaryimage"},"thumbnailUrl":"https:\/\/aquaforest.eu\/wp-content\/uploads\/2024\/07\/OceanGuard-9801.jpg","datePublished":"2024-07-01T23:52:09+00:00","dateModified":"2025-07-14T11:16:05+00:00","description":"AF980 aquarium set with ultra low-iron glass. Highly efficient filtration system.","breadcrumb":{"@id":"https:\/\/aquaforest.eu\/pt\/products\/oceanguard-pt\/af-oceanguard-980\/#breadcrumb"},"inLanguage":"pt-PT","potentialAction":[{"@type":"ReadAction","target":["https:\/\/aquaforest.eu\/pt\/products\/oceanguard-pt\/af-oceanguard-980\/"]}]},{"@type":"ImageObject","inLanguage":"pt-PT","@id":"https:\/\/aquaforest.eu\/pt\/products\/oceanguard-pt\/af-oceanguard-980\/#primaryimage","url":"https:\/\/aquaforest.eu\/wp-content\/uploads\/2024\/07\/OceanGuard-9801.jpg","contentUrl":"https:\/\/aquaforest.eu\/wp-content\/uploads\/2024\/07\/OceanGuard-9801.jpg","width":1322,"height":1322},{"@type":"BreadcrumbList","@id":"https:\/\/aquaforest.eu\/pt\/products\/oceanguard-pt\/af-oceanguard-980\/#breadcrumb","itemListElement":[{"@type":"ListItem","position":1,"name":"Home","item":"https:\/\/aquaforest.eu\/pt\/"},{"@type":"ListItem","position":2,"name":"Produtos","item":"https:\/\/aquaforest.eu\/pt\/produtos\/"},{"@type":"ListItem","position":3,"name":"AF OceanGuard 980 Aquarium"}]},{"@type":"WebSite","@id":"https:\/\/aquaforest.eu\/pt\/#website","url":"https:\/\/aquaforest.eu\/pt\/","name":"Aquaforest","description":"","publisher":{"@id":"https:\/\/aquaforest.eu\/pt\/#organization"},"potentialAction":[{"@type":"SearchAction","target":{"@type":"EntryPoint","urlTemplate":"https:\/\/aquaforest.eu\/pt\/?s={search_term_string}"},"query-input":{"@type":"PropertyValueSpecification","valueRequired":true,"valueName":"search_term_string"}}],"inLanguage":"pt-PT"},{"@type":"Organization","@id":"https:\/\/aquaforest.eu\/pt\/#organization","name":"Aquaforest","url":"https:\/\/aquaforest.eu\/pt\/","logo":{"@type":"ImageObject","inLanguage":"pt-PT","@id":"https:\/\/aquaforest.eu\/pt\/#\/schema\/logo\/image\/","url":"https:\/\/aquaforest.eu\/wp-content\/uploads\/2024\/05\/logotyp-aquaforest.svg","contentUrl":"https:\/\/aquaforest.eu\/wp-content\/uploads\/2024\/05\/logotyp-aquaforest.svg","width":170,"height":22,"caption":"Aquaforest"},"image":{"@id":"https:\/\/aquaforest.eu\/pt\/#\/schema\/logo\/image\/"},"sameAs":["https:\/\/www.facebook.com\/Aquaforest\/","https:\/\/www.instagram.com\/aquaforest.eu\/"]}]}},"_links":{"self":[{"href":"https:\/\/aquaforest.eu\/pt\/wp-json\/wp\/v2\/product\/23074","targetHints":{"allow":["GET"]}}],"collection":[{"href":"https:\/\/aquaforest.eu\/pt\/wp-json\/wp\/v2\/product"}],"about":[{"href":"https:\/\/aquaforest.eu\/pt\/wp-json\/wp\/v2\/types\/product"}],"version-history":[{"count":1,"href":"https:\/\/aquaforest.eu\/pt\/wp-json\/wp\/v2\/product\/23074\/revisions"}],"predecessor-version":[{"id":23822,"href":"https:\/\/aquaforest.eu\/pt\/wp-json\/wp\/v2\/product\/23074\/revisions\/23822"}],"wp:featuredmedia":[{"embeddable":true,"href":"https:\/\/aquaforest.eu\/pt\/wp-json\/wp\/v2\/media\/23078"}],"wp:attachment":[{"href":"https:\/\/aquaforest.eu\/pt\/wp-json\/wp\/v2\/media?parent=23074"}],"wp:term":[{"taxonomy":"product_brand","embeddable":true,"href":"https:\/\/aquaforest.eu\/pt\/wp-json\/wp\/v2\/product_brand?post=23074"},{"taxonomy":"product_cat","embeddable":true,"href":"https:\/\/aquaforest.eu\/pt\/wp-json\/wp\/v2\/product_cat?post=23074"},{"taxonomy":"product_tag","embeddable":true,"href":"https:\/\/aquaforest.eu\/pt\/wp-json\/wp\/v2\/product_tag?post=23074"}],"curies":[{"name":"wp","href":"https:\/\/api.w.org\/{rel}","templated":true}]}}