{"id":23084,"date":"2024-07-02T01:34:44","date_gmt":"2024-07-01T23:34:44","guid":{"rendered":"https:\/\/aquaforest.eu\/products\/sem%20categoria\/af-oceanguard-605\/"},"modified":"2025-07-14T13:14:26","modified_gmt":"2025-07-14T11:14:26","slug":"af-oceanguard-605","status":"publish","type":"product","link":"https:\/\/aquaforest.eu\/pt\/products\/oceanguard-pt\/af-oceanguard-605\/","title":{"rendered":"AF OceanGuard 605 Aquarium"},"content":{"rendered":"<div data-desktop-col=\"one\" data-tablet-col=\"tablet-one\" data-mobile-col=\"mobile-one\">\n<div>\n<div>\n<div>\n<h3>ESPECIFICA\u00c7\u00d5ES PRINCIPAIS DO AQU\u00c1RIO AF OceanGuard 605<\/h3>\n<\/div>\n<\/div>\n<\/div>\n<\/div>\n<div data-desktop-col=\"one-second\" data-tablet-col=\"tablet-one-second\" data-mobile-col=\"mobile-one\">\n<div>\n<div>\n<div>\n<div>\n<p>Tecnologias modernas combinadas com anos de experi\u00eancia em aquarismo permitiram a cria\u00e7\u00e3o dos aqu\u00e1rios AF. Cada elemento deste conjunto foi cuidadosamente planejado para atender aos mais altos padr\u00f5es de qualidade. \u00c9 o resultado da colabora\u00e7\u00e3o entre os melhores engenheiros e aquaristas para oferecer solu\u00e7\u00f5es perfeitas para recifes.<br \/>\nUtilizamos vidro Optiwhite\u2122 e silicone preto, desenvolvidos especialmente para aqu\u00e1rios marinhos, garantindo total veda\u00e7\u00e3o. O vidro cristalino n\u00e3o distorce as cores, \u00e9 f\u00e1cil de limpar e possui maior resist\u00eancia a riscos. O Pilkington Optiwhite\u2122 \u00e9 um vidro super claro com baixo teor de ferro, sem colora\u00e7\u00e3o esverdeada \u2013 ideal para aqu\u00e1rios com vidro espesso. A superf\u00edcie ultra lisa garante visibilidade perfeita dos corais, sem distor\u00e7\u00f5es.<br \/>\nO box de overflow, o fundo e o painel traseiro em preto oferecem um visual sofisticado. O pente do overflow \u00e9 remov\u00edvel e f\u00e1cil de limpar, e a tampa silenciadora reduz o ru\u00eddo do fluxo de \u00e1gua. A espuma profissional garante seguran\u00e7a na instala\u00e7\u00e3o sobre o m\u00f3vel. A espessura do vidro permite um design sem bordas, com excelente transmiss\u00e3o de luz e total seguran\u00e7a.<\/p>\n<\/div>\n<\/div>\n<\/div>\n<div>\n<div>\n<div>\n<hr \/>\n<h4><\/h4>\n<h4>O QUE NOS TORNA \u00daNICOS?<\/h4>\n<h6>SEGURAN\u00c7A GARANTIDA<\/h6>\n<ul>\n<li>Sem comprometer a qualidade \u2013 tecnologia n\u00e1utica aplicada<\/li>\n<li>Instala\u00e7\u00e3o adequada e testes rigorosos \u2013 estrutura de madeira maci\u00e7a pr\u00e9-montada<\/li>\n<li>Conex\u00f5es, parafusos e dobradi\u00e7as de alta resist\u00eancia<\/li>\n<li>Apenas materiais \u00e0 prova d\u2019\u00e1gua \u2013 sem deforma\u00e7\u00f5es ou empenamento<\/li>\n<li>Vidro e silicone pr\u00f3prios para aqu\u00e1rios de recife<\/li>\n<li>10 vezes mais dur\u00e1vel!<\/li>\n<li>Garantia de 4 anos<\/li>\n<\/ul>\n<p>&nbsp;<\/p>\n<hr \/>\n<h6><\/h6>\n<h6>SOLU\u00c7\u00d5ES BASEADAS EM EXPERI\u00caNCIA PARA FAZER SEUS CORAIS PROSPERAREM<\/h6>\n<ul>\n<li>Projetado por aquaristas especializados que compartilham seus conhecimentos<\/li>\n<li>Filtragem eficiente com di\u00e2metros de tubos adequados<\/li>\n<li>V\u00e1lvula de gaveta de alta precis\u00e3o para ajuste do n\u00edvel de \u00e1gua<\/li>\n<li>Desenvolvido para atender at\u00e9 os corais mais exigentes<\/li>\n<li>F\u00e1cil de limpar e manter<\/li>\n<li>C\u00e2maras em cascata otimizam o processo de filtragem<\/li>\n<li>Sempre prontos: v\u00e1lvula de reten\u00e7\u00e3o evita o retorno de \u00e1gua ao sump durante quedas de energia<\/li>\n<\/ul>\n<p>&nbsp;<\/p>\n<hr \/>\n<h6><\/h6>\n<h6>ULTRASSILENCIOSO PARA SEU CONFORTO<\/h6>\n<ul>\n<li>Espuma anti-vibra\u00e7\u00e3o no sump e no display<\/li>\n<li>Descarga autonivelante com tampa silenciadora no overflow<\/li>\n<li>C\u00e2maras do sump projetadas para reduzir o ru\u00eddo do fluxo<\/li>\n<li>Ajuste preciso do n\u00edvel da \u00e1gua com v\u00e1lvula de gaveta e supress\u00e3o de ru\u00eddos<\/li>\n<\/ul>\n<p><a href=\"https:\/\/aquaforest.eu\/wp-content\/uploads\/2024\/07\/AF605120_UNBOXING-MANUAL_DRUK_230321_ZMIANY.pdf\">Manual &#8211; AF OceanGuard 605 &#8211; Download<\/a><\/p>\n<\/div>\n<\/div>\n<\/div>\n<\/div>\n<\/div>\n","protected":false},"excerpt":{"rendered":"<p>605 L | 160 GAL EUA \u2013 Sistema de aqu\u00e1rio. Vidro ultra transparente com baixo teor de ferro e filtragem eficiente.<\/p>\n","protected":false},"featured_media":23088,"template":"","meta":{"_acf_changed":false,"content-type":""},"product_brand":[],"product_cat":[1677],"product_tag":[1678],"class_list":{"0":"post-23084","1":"product","2":"type-product","3":"status-publish","4":"has-post-thumbnail","6":"product_cat-oceanguard-pt","7":"product_tag-oceanguard-pt","9":"first","10":"outofstock","11":"taxable","12":"shipping-taxable","13":"purchasable","14":"product-type-simple"},"acf":[],"yoast_head":"<!-- This site is optimized with the Yoast SEO plugin v27.1.1 - https:\/\/yoast.com\/product\/yoast-seo-wordpress\/ -->\n<title>AF OceanGuard 605 Aquarium - Aquaforest<\/title>\n<meta name=\"description\" content=\"AF605 aquarium set with ultra low-iron glass. Highly efficient filtration system.\" \/>\n<meta name=\"robots\" content=\"index, follow, max-snippet:-1, max-image-preview:large, max-video-preview:-1\" \/>\n<link rel=\"canonical\" href=\"https:\/\/aquaforest.eu\/pt\/products\/oceanguard-pt\/af-oceanguard-605\/\" \/>\n<meta property=\"og:locale\" content=\"pt_PT\" \/>\n<meta property=\"og:type\" content=\"article\" \/>\n<meta property=\"og:title\" content=\"AF OceanGuard 605 Aquarium - Aquaforest\" \/>\n<meta property=\"og:description\" content=\"AF605 aquarium set with ultra low-iron glass. Highly efficient filtration system.\" \/>\n<meta property=\"og:url\" content=\"https:\/\/aquaforest.eu\/pt\/products\/oceanguard-pt\/af-oceanguard-605\/\" \/>\n<meta property=\"og:site_name\" content=\"Aquaforest\" \/>\n<meta property=\"article:publisher\" content=\"https:\/\/www.facebook.com\/Aquaforest\/\" \/>\n<meta property=\"article:modified_time\" content=\"2025-07-14T11:14:26+00:00\" \/>\n<meta property=\"og:image\" content=\"https:\/\/aquaforest.eu\/wp-content\/uploads\/2024\/07\/OceanGuard-6051.jpg\" \/>\n\t<meta property=\"og:image:width\" content=\"1322\" \/>\n\t<meta property=\"og:image:height\" content=\"1322\" \/>\n\t<meta property=\"og:image:type\" content=\"image\/jpeg\" \/>\n<meta name=\"twitter:card\" content=\"summary_large_image\" \/>\n<meta name=\"twitter:label1\" content=\"Tempo estimado de leitura\" \/>\n\t<meta name=\"twitter:data1\" content=\"2 minutos\" \/>\n<script type=\"application\/ld+json\" class=\"yoast-schema-graph\">{\"@context\":\"https:\/\/schema.org\",\"@graph\":[{\"@type\":\"WebPage\",\"@id\":\"https:\/\/aquaforest.eu\/pt\/products\/oceanguard-pt\/af-oceanguard-605\/\",\"url\":\"https:\/\/aquaforest.eu\/pt\/products\/oceanguard-pt\/af-oceanguard-605\/\",\"name\":\"AF OceanGuard 605 Aquarium - Aquaforest\",\"isPartOf\":{\"@id\":\"https:\/\/aquaforest.eu\/pt\/#website\"},\"primaryImageOfPage\":{\"@id\":\"https:\/\/aquaforest.eu\/pt\/products\/oceanguard-pt\/af-oceanguard-605\/#primaryimage\"},\"image\":{\"@id\":\"https:\/\/aquaforest.eu\/pt\/products\/oceanguard-pt\/af-oceanguard-605\/#primaryimage\"},\"thumbnailUrl\":\"https:\/\/aquaforest.eu\/wp-content\/uploads\/2024\/07\/OceanGuard-6051.jpg\",\"datePublished\":\"2024-07-01T23:34:44+00:00\",\"dateModified\":\"2025-07-14T11:14:26+00:00\",\"description\":\"AF605 aquarium set with ultra low-iron glass. Highly efficient filtration system.\",\"breadcrumb\":{\"@id\":\"https:\/\/aquaforest.eu\/pt\/products\/oceanguard-pt\/af-oceanguard-605\/#breadcrumb\"},\"inLanguage\":\"pt-PT\",\"potentialAction\":[{\"@type\":\"ReadAction\",\"target\":[\"https:\/\/aquaforest.eu\/pt\/products\/oceanguard-pt\/af-oceanguard-605\/\"]}]},{\"@type\":\"ImageObject\",\"inLanguage\":\"pt-PT\",\"@id\":\"https:\/\/aquaforest.eu\/pt\/products\/oceanguard-pt\/af-oceanguard-605\/#primaryimage\",\"url\":\"https:\/\/aquaforest.eu\/wp-content\/uploads\/2024\/07\/OceanGuard-6051.jpg\",\"contentUrl\":\"https:\/\/aquaforest.eu\/wp-content\/uploads\/2024\/07\/OceanGuard-6051.jpg\",\"width\":1322,\"height\":1322},{\"@type\":\"BreadcrumbList\",\"@id\":\"https:\/\/aquaforest.eu\/pt\/products\/oceanguard-pt\/af-oceanguard-605\/#breadcrumb\",\"itemListElement\":[{\"@type\":\"ListItem\",\"position\":1,\"name\":\"Home\",\"item\":\"https:\/\/aquaforest.eu\/pt\/\"},{\"@type\":\"ListItem\",\"position\":2,\"name\":\"Produtos\",\"item\":\"https:\/\/aquaforest.eu\/pt\/produtos\/\"},{\"@type\":\"ListItem\",\"position\":3,\"name\":\"AF OceanGuard 605 Aquarium\"}]},{\"@type\":\"WebSite\",\"@id\":\"https:\/\/aquaforest.eu\/pt\/#website\",\"url\":\"https:\/\/aquaforest.eu\/pt\/\",\"name\":\"Aquaforest\",\"description\":\"\",\"publisher\":{\"@id\":\"https:\/\/aquaforest.eu\/pt\/#organization\"},\"potentialAction\":[{\"@type\":\"SearchAction\",\"target\":{\"@type\":\"EntryPoint\",\"urlTemplate\":\"https:\/\/aquaforest.eu\/pt\/?s={search_term_string}\"},\"query-input\":{\"@type\":\"PropertyValueSpecification\",\"valueRequired\":true,\"valueName\":\"search_term_string\"}}],\"inLanguage\":\"pt-PT\"},{\"@type\":\"Organization\",\"@id\":\"https:\/\/aquaforest.eu\/pt\/#organization\",\"name\":\"Aquaforest\",\"url\":\"https:\/\/aquaforest.eu\/pt\/\",\"logo\":{\"@type\":\"ImageObject\",\"inLanguage\":\"pt-PT\",\"@id\":\"https:\/\/aquaforest.eu\/pt\/#\/schema\/logo\/image\/\",\"url\":\"https:\/\/aquaforest.eu\/wp-content\/uploads\/2024\/05\/logotyp-aquaforest.svg\",\"contentUrl\":\"https:\/\/aquaforest.eu\/wp-content\/uploads\/2024\/05\/logotyp-aquaforest.svg\",\"width\":170,\"height\":22,\"caption\":\"Aquaforest\"},\"image\":{\"@id\":\"https:\/\/aquaforest.eu\/pt\/#\/schema\/logo\/image\/\"},\"sameAs\":[\"https:\/\/www.facebook.com\/Aquaforest\/\",\"https:\/\/www.instagram.com\/aquaforest.eu\/\"]}]}<\/script>\n<!-- \/ Yoast SEO plugin. -->","yoast_head_json":{"title":"AF OceanGuard 605 Aquarium - Aquaforest","description":"AF605 aquarium set with ultra low-iron glass. Highly efficient filtration system.","robots":{"index":"index","follow":"follow","max-snippet":"max-snippet:-1","max-image-preview":"max-image-preview:large","max-video-preview":"max-video-preview:-1"},"canonical":"https:\/\/aquaforest.eu\/pt\/products\/oceanguard-pt\/af-oceanguard-605\/","og_locale":"pt_PT","og_type":"article","og_title":"AF OceanGuard 605 Aquarium - Aquaforest","og_description":"AF605 aquarium set with ultra low-iron glass. Highly efficient filtration system.","og_url":"https:\/\/aquaforest.eu\/pt\/products\/oceanguard-pt\/af-oceanguard-605\/","og_site_name":"Aquaforest","article_publisher":"https:\/\/www.facebook.com\/Aquaforest\/","article_modified_time":"2025-07-14T11:14:26+00:00","og_image":[{"width":1322,"height":1322,"url":"https:\/\/aquaforest.eu\/wp-content\/uploads\/2024\/07\/OceanGuard-6051.jpg","type":"image\/jpeg"}],"twitter_card":"summary_large_image","twitter_misc":{"Tempo estimado de leitura":"2 minutos"},"schema":{"@context":"https:\/\/schema.org","@graph":[{"@type":"WebPage","@id":"https:\/\/aquaforest.eu\/pt\/products\/oceanguard-pt\/af-oceanguard-605\/","url":"https:\/\/aquaforest.eu\/pt\/products\/oceanguard-pt\/af-oceanguard-605\/","name":"AF OceanGuard 605 Aquarium - Aquaforest","isPartOf":{"@id":"https:\/\/aquaforest.eu\/pt\/#website"},"primaryImageOfPage":{"@id":"https:\/\/aquaforest.eu\/pt\/products\/oceanguard-pt\/af-oceanguard-605\/#primaryimage"},"image":{"@id":"https:\/\/aquaforest.eu\/pt\/products\/oceanguard-pt\/af-oceanguard-605\/#primaryimage"},"thumbnailUrl":"https:\/\/aquaforest.eu\/wp-content\/uploads\/2024\/07\/OceanGuard-6051.jpg","datePublished":"2024-07-01T23:34:44+00:00","dateModified":"2025-07-14T11:14:26+00:00","description":"AF605 aquarium set with ultra low-iron glass. Highly efficient filtration system.","breadcrumb":{"@id":"https:\/\/aquaforest.eu\/pt\/products\/oceanguard-pt\/af-oceanguard-605\/#breadcrumb"},"inLanguage":"pt-PT","potentialAction":[{"@type":"ReadAction","target":["https:\/\/aquaforest.eu\/pt\/products\/oceanguard-pt\/af-oceanguard-605\/"]}]},{"@type":"ImageObject","inLanguage":"pt-PT","@id":"https:\/\/aquaforest.eu\/pt\/products\/oceanguard-pt\/af-oceanguard-605\/#primaryimage","url":"https:\/\/aquaforest.eu\/wp-content\/uploads\/2024\/07\/OceanGuard-6051.jpg","contentUrl":"https:\/\/aquaforest.eu\/wp-content\/uploads\/2024\/07\/OceanGuard-6051.jpg","width":1322,"height":1322},{"@type":"BreadcrumbList","@id":"https:\/\/aquaforest.eu\/pt\/products\/oceanguard-pt\/af-oceanguard-605\/#breadcrumb","itemListElement":[{"@type":"ListItem","position":1,"name":"Home","item":"https:\/\/aquaforest.eu\/pt\/"},{"@type":"ListItem","position":2,"name":"Produtos","item":"https:\/\/aquaforest.eu\/pt\/produtos\/"},{"@type":"ListItem","position":3,"name":"AF OceanGuard 605 Aquarium"}]},{"@type":"WebSite","@id":"https:\/\/aquaforest.eu\/pt\/#website","url":"https:\/\/aquaforest.eu\/pt\/","name":"Aquaforest","description":"","publisher":{"@id":"https:\/\/aquaforest.eu\/pt\/#organization"},"potentialAction":[{"@type":"SearchAction","target":{"@type":"EntryPoint","urlTemplate":"https:\/\/aquaforest.eu\/pt\/?s={search_term_string}"},"query-input":{"@type":"PropertyValueSpecification","valueRequired":true,"valueName":"search_term_string"}}],"inLanguage":"pt-PT"},{"@type":"Organization","@id":"https:\/\/aquaforest.eu\/pt\/#organization","name":"Aquaforest","url":"https:\/\/aquaforest.eu\/pt\/","logo":{"@type":"ImageObject","inLanguage":"pt-PT","@id":"https:\/\/aquaforest.eu\/pt\/#\/schema\/logo\/image\/","url":"https:\/\/aquaforest.eu\/wp-content\/uploads\/2024\/05\/logotyp-aquaforest.svg","contentUrl":"https:\/\/aquaforest.eu\/wp-content\/uploads\/2024\/05\/logotyp-aquaforest.svg","width":170,"height":22,"caption":"Aquaforest"},"image":{"@id":"https:\/\/aquaforest.eu\/pt\/#\/schema\/logo\/image\/"},"sameAs":["https:\/\/www.facebook.com\/Aquaforest\/","https:\/\/www.instagram.com\/aquaforest.eu\/"]}]}},"_links":{"self":[{"href":"https:\/\/aquaforest.eu\/pt\/wp-json\/wp\/v2\/product\/23084","targetHints":{"allow":["GET"]}}],"collection":[{"href":"https:\/\/aquaforest.eu\/pt\/wp-json\/wp\/v2\/product"}],"about":[{"href":"https:\/\/aquaforest.eu\/pt\/wp-json\/wp\/v2\/types\/product"}],"version-history":[{"count":1,"href":"https:\/\/aquaforest.eu\/pt\/wp-json\/wp\/v2\/product\/23084\/revisions"}],"predecessor-version":[{"id":23799,"href":"https:\/\/aquaforest.eu\/pt\/wp-json\/wp\/v2\/product\/23084\/revisions\/23799"}],"wp:featuredmedia":[{"embeddable":true,"href":"https:\/\/aquaforest.eu\/pt\/wp-json\/wp\/v2\/media\/23088"}],"wp:attachment":[{"href":"https:\/\/aquaforest.eu\/pt\/wp-json\/wp\/v2\/media?parent=23084"}],"wp:term":[{"taxonomy":"product_brand","embeddable":true,"href":"https:\/\/aquaforest.eu\/pt\/wp-json\/wp\/v2\/product_brand?post=23084"},{"taxonomy":"product_cat","embeddable":true,"href":"https:\/\/aquaforest.eu\/pt\/wp-json\/wp\/v2\/product_cat?post=23084"},{"taxonomy":"product_tag","embeddable":true,"href":"https:\/\/aquaforest.eu\/pt\/wp-json\/wp\/v2\/product_tag?post=23084"}],"curies":[{"name":"wp","href":"https:\/\/api.w.org\/{rel}","templated":true}]}}