{"id":23094,"date":"2024-07-02T01:29:07","date_gmt":"2024-07-01T23:29:07","guid":{"rendered":"https:\/\/aquaforest.eu\/products\/sem%20categoria\/af-oceanguard-275\/"},"modified":"2025-07-14T13:12:49","modified_gmt":"2025-07-14T11:12:49","slug":"af-oceanguard-275","status":"publish","type":"product","link":"https:\/\/aquaforest.eu\/pt\/products\/oceanguard-pt\/af-oceanguard-275\/","title":{"rendered":"AF OceanGuard 275 Aquarium"},"content":{"rendered":"<div data-desktop-col=\"one\" data-tablet-col=\"tablet-one\" data-mobile-col=\"mobile-one\">\n<div>\n<div>\n<div>\n<h3>ESPECIFICA\u00c7\u00d5ES PRINCIPAIS DO AQU\u00c1RIO AF OceanGuard 275<\/h3>\n<\/div>\n<\/div>\n<\/div>\n<\/div>\n<div data-desktop-col=\"one-second\" data-tablet-col=\"tablet-one-second\" data-mobile-col=\"mobile-one\">\n<div>\n<div>\n<div>\n<div>\n<p>Tecnologia moderna combinada com anos de experi\u00eancia em aquarismo nos permitiu criar os Aqu\u00e1rios AF. Cada elemento desse conjunto foi cuidadosamente projetado para atender aos mais altos padr\u00f5es de qualidade. \u00c9 o resultado da colabora\u00e7\u00e3o entre os melhores engenheiros e aquaristas, com quem desenvolvemos solu\u00e7\u00f5es ideais para aqu\u00e1rios de recife.<\/p>\n<p>Optamos por usar vidro Optiwhite\u2122 e silicone preto, especialmente desenvolvidos para aqu\u00e1rios marinhos, garantindo a m\u00e1xima estanqueidade. O vidro super claro n\u00e3o distorce as cores, \u00e9 f\u00e1cil de limpar e mais resistente a riscos. O Pilkington Optiwhite\u2122 \u00e9 um vidro de alta transpar\u00eancia com baixo teor de ferro e sem tonalidade esverdeada \u2013 o que \u00e9 essencial em aqu\u00e1rios marinhos com vidro espesso. Sua superf\u00edcie ultra uniforme garante nenhuma distor\u00e7\u00e3o e permite uma observa\u00e7\u00e3o perfeita dos corais. A caixa de overflow, o fundo e a parte traseira em vidro preto garantem uma est\u00e9tica impec\u00e1vel. O pente de overflow remov\u00edvel \u00e9 f\u00e1cil de limpar e, gra\u00e7as \u00e0 tampa com abafador de ru\u00eddos, o fluxo de \u00e1gua \u00e9 praticamente silencioso. A espuma de prote\u00e7\u00e3o profissional garante seguran\u00e7a e facilita a instala\u00e7\u00e3o sobre o m\u00f3vel. A espessura adequada do vidro permite o design sem bordas, mantendo excelente transmiss\u00e3o de luz e seguran\u00e7a total do conjunto.<\/p>\n<\/div>\n<\/div>\n<div>\n<div>\n<hr \/>\n<h4>O QUE NOS TORNA \u00daNICOS?<\/h4>\n<h6>SEGURAN\u00c7A GARANTIDA<\/h6>\n<ul>\n<li>Sem comprometer a qualidade \u2013 tecnologia de constru\u00e7\u00e3o naval aplicada<\/li>\n<li>Instala\u00e7\u00e3o correta e testes rigorosos \u2013 estrutura de madeira entregue montada<\/li>\n<li>Juntas, conex\u00f5es, parafusos e dobradi\u00e7as de alta resist\u00eancia<\/li>\n<li>Somente materiais \u00e0 prova d\u2019\u00e1gua \u2013 sem deforma\u00e7\u00f5es ou empenamento<\/li>\n<li>Espessura do vidro e silicone espec\u00edficos para recifes<\/li>\n<li>10 vezes mais dur\u00e1vel!<\/li>\n<li>4 anos de garantia<\/li>\n<\/ul>\n<p>&nbsp;<\/p>\n<hr \/>\n<h6>SOLU\u00c7\u00d5ES BASEADAS NA EXPERI\u00caNCIA PARA SEUS CORAIS PROSPERAREM<\/h6>\n<ul>\n<li>Projetado por aquaristas especializados que compartilham seu sucesso<\/li>\n<li>Filtra\u00e7\u00e3o eficiente garantida por di\u00e2metros de canos adequados<\/li>\n<li>V\u00e1lvula de gaveta de qualidade para ajuste preciso do n\u00edvel da \u00e1gua<\/li>\n<li>Solu\u00e7\u00f5es criadas para oferecer um habitat ideal mesmo para corais exigentes<\/li>\n<li>F\u00e1cil de limpar e manter<\/li>\n<li>C\u00e2maras em cascata para auxiliar o processo de filtra\u00e7\u00e3o<\/li>\n<li>Sempre pronto \u2013 v\u00e1lvula de reten\u00e7\u00e3o impede o retorno da \u00e1gua ao sump em caso de queda de energia<\/li>\n<\/ul>\n<p>&nbsp;<\/p>\n<hr \/>\n<h6><\/h6>\n<h6>ULTRASSILENCIOSO PARA SEU M\u00c1XIMO CONFORTO<\/h6>\n<ul>\n<li>Espuma antirru\u00eddo no sump e no display<\/li>\n<li>Fluxo com tampa silenciadora no overflow<\/li>\n<li>C\u00e2maras do sump projetadas para reduzir o ru\u00eddo da \u00e1gua<\/li>\n<li>Ajuste preciso do n\u00edvel de \u00e1gua e cancelamento de ru\u00eddo com v\u00e1lvula de gaveta<\/li>\n<\/ul>\n<\/div>\n<\/div>\n<p><a href=\"https:\/\/aquaforest.eu\/wp-content\/uploads\/2024\/07\/AF27560_UNBOXING-MANUAL_DRUK_230321_zmiany-2.pdf\">Manual AF OceanGuard 275 &#8211; Download<\/a><\/p>\n<\/div>\n<\/div>\n<\/div>\n","protected":false},"excerpt":{"rendered":"<p>275 L | 75 GAL EUA \u2013 Sistema de aqu\u00e1rio. Vidro ultra claro com baixo teor de ferro e filtra\u00e7\u00e3o eficiente.<\/p>\n","protected":false},"featured_media":23098,"template":"","meta":{"_acf_changed":false,"content-type":""},"product_brand":[],"product_cat":[1677],"product_tag":[1678],"class_list":{"0":"post-23094","1":"product","2":"type-product","3":"status-publish","4":"has-post-thumbnail","6":"product_cat-oceanguard-pt","7":"product_tag-oceanguard-pt","9":"first","10":"outofstock","11":"taxable","12":"shipping-taxable","13":"purchasable","14":"product-type-simple"},"acf":[],"yoast_head":"<!-- This site is optimized with the Yoast SEO plugin v27.1.1 - https:\/\/yoast.com\/product\/yoast-seo-wordpress\/ -->\n<title>AF OceanGuard 275 Aquarium - Aquaforest<\/title>\n<meta name=\"description\" content=\"AF275 aquarium set with ultra low-iron glass. Highly efficient filtration system.\" \/>\n<meta name=\"robots\" content=\"index, follow, max-snippet:-1, max-image-preview:large, max-video-preview:-1\" \/>\n<link rel=\"canonical\" href=\"https:\/\/aquaforest.eu\/pt\/products\/oceanguard-pt\/af-oceanguard-275\/\" \/>\n<meta property=\"og:locale\" content=\"pt_PT\" \/>\n<meta property=\"og:type\" content=\"article\" \/>\n<meta property=\"og:title\" content=\"AF OceanGuard 275 Aquarium - Aquaforest\" \/>\n<meta property=\"og:description\" content=\"AF275 aquarium set with ultra low-iron glass. Highly efficient filtration system.\" \/>\n<meta property=\"og:url\" content=\"https:\/\/aquaforest.eu\/pt\/products\/oceanguard-pt\/af-oceanguard-275\/\" \/>\n<meta property=\"og:site_name\" content=\"Aquaforest\" \/>\n<meta property=\"article:publisher\" content=\"https:\/\/www.facebook.com\/Aquaforest\/\" \/>\n<meta property=\"article:modified_time\" content=\"2025-07-14T11:12:49+00:00\" \/>\n<meta property=\"og:image\" content=\"https:\/\/aquaforest.eu\/wp-content\/uploads\/2024\/07\/OceanGuard-2751.jpg\" \/>\n\t<meta property=\"og:image:width\" content=\"1322\" \/>\n\t<meta property=\"og:image:height\" content=\"1322\" \/>\n\t<meta property=\"og:image:type\" content=\"image\/jpeg\" \/>\n<meta name=\"twitter:card\" content=\"summary_large_image\" \/>\n<meta name=\"twitter:label1\" content=\"Tempo estimado de leitura\" \/>\n\t<meta name=\"twitter:data1\" content=\"2 minutos\" \/>\n<script type=\"application\/ld+json\" class=\"yoast-schema-graph\">{\"@context\":\"https:\/\/schema.org\",\"@graph\":[{\"@type\":\"WebPage\",\"@id\":\"https:\/\/aquaforest.eu\/pt\/products\/oceanguard-pt\/af-oceanguard-275\/\",\"url\":\"https:\/\/aquaforest.eu\/pt\/products\/oceanguard-pt\/af-oceanguard-275\/\",\"name\":\"AF OceanGuard 275 Aquarium - Aquaforest\",\"isPartOf\":{\"@id\":\"https:\/\/aquaforest.eu\/pt\/#website\"},\"primaryImageOfPage\":{\"@id\":\"https:\/\/aquaforest.eu\/pt\/products\/oceanguard-pt\/af-oceanguard-275\/#primaryimage\"},\"image\":{\"@id\":\"https:\/\/aquaforest.eu\/pt\/products\/oceanguard-pt\/af-oceanguard-275\/#primaryimage\"},\"thumbnailUrl\":\"https:\/\/aquaforest.eu\/wp-content\/uploads\/2024\/07\/OceanGuard-2751.jpg\",\"datePublished\":\"2024-07-01T23:29:07+00:00\",\"dateModified\":\"2025-07-14T11:12:49+00:00\",\"description\":\"AF275 aquarium set with ultra low-iron glass. Highly efficient filtration system.\",\"breadcrumb\":{\"@id\":\"https:\/\/aquaforest.eu\/pt\/products\/oceanguard-pt\/af-oceanguard-275\/#breadcrumb\"},\"inLanguage\":\"pt-PT\",\"potentialAction\":[{\"@type\":\"ReadAction\",\"target\":[\"https:\/\/aquaforest.eu\/pt\/products\/oceanguard-pt\/af-oceanguard-275\/\"]}]},{\"@type\":\"ImageObject\",\"inLanguage\":\"pt-PT\",\"@id\":\"https:\/\/aquaforest.eu\/pt\/products\/oceanguard-pt\/af-oceanguard-275\/#primaryimage\",\"url\":\"https:\/\/aquaforest.eu\/wp-content\/uploads\/2024\/07\/OceanGuard-2751.jpg\",\"contentUrl\":\"https:\/\/aquaforest.eu\/wp-content\/uploads\/2024\/07\/OceanGuard-2751.jpg\",\"width\":1322,\"height\":1322},{\"@type\":\"BreadcrumbList\",\"@id\":\"https:\/\/aquaforest.eu\/pt\/products\/oceanguard-pt\/af-oceanguard-275\/#breadcrumb\",\"itemListElement\":[{\"@type\":\"ListItem\",\"position\":1,\"name\":\"Home\",\"item\":\"https:\/\/aquaforest.eu\/pt\/\"},{\"@type\":\"ListItem\",\"position\":2,\"name\":\"Produtos\",\"item\":\"https:\/\/aquaforest.eu\/pt\/produtos\/\"},{\"@type\":\"ListItem\",\"position\":3,\"name\":\"AF OceanGuard 275 Aquarium\"}]},{\"@type\":\"WebSite\",\"@id\":\"https:\/\/aquaforest.eu\/pt\/#website\",\"url\":\"https:\/\/aquaforest.eu\/pt\/\",\"name\":\"Aquaforest\",\"description\":\"\",\"publisher\":{\"@id\":\"https:\/\/aquaforest.eu\/pt\/#organization\"},\"potentialAction\":[{\"@type\":\"SearchAction\",\"target\":{\"@type\":\"EntryPoint\",\"urlTemplate\":\"https:\/\/aquaforest.eu\/pt\/?s={search_term_string}\"},\"query-input\":{\"@type\":\"PropertyValueSpecification\",\"valueRequired\":true,\"valueName\":\"search_term_string\"}}],\"inLanguage\":\"pt-PT\"},{\"@type\":\"Organization\",\"@id\":\"https:\/\/aquaforest.eu\/pt\/#organization\",\"name\":\"Aquaforest\",\"url\":\"https:\/\/aquaforest.eu\/pt\/\",\"logo\":{\"@type\":\"ImageObject\",\"inLanguage\":\"pt-PT\",\"@id\":\"https:\/\/aquaforest.eu\/pt\/#\/schema\/logo\/image\/\",\"url\":\"https:\/\/aquaforest.eu\/wp-content\/uploads\/2024\/05\/logotyp-aquaforest.svg\",\"contentUrl\":\"https:\/\/aquaforest.eu\/wp-content\/uploads\/2024\/05\/logotyp-aquaforest.svg\",\"width\":170,\"height\":22,\"caption\":\"Aquaforest\"},\"image\":{\"@id\":\"https:\/\/aquaforest.eu\/pt\/#\/schema\/logo\/image\/\"},\"sameAs\":[\"https:\/\/www.facebook.com\/Aquaforest\/\",\"https:\/\/www.instagram.com\/aquaforest.eu\/\"]}]}<\/script>\n<!-- \/ Yoast SEO plugin. -->","yoast_head_json":{"title":"AF OceanGuard 275 Aquarium - Aquaforest","description":"AF275 aquarium set with ultra low-iron glass. Highly efficient filtration system.","robots":{"index":"index","follow":"follow","max-snippet":"max-snippet:-1","max-image-preview":"max-image-preview:large","max-video-preview":"max-video-preview:-1"},"canonical":"https:\/\/aquaforest.eu\/pt\/products\/oceanguard-pt\/af-oceanguard-275\/","og_locale":"pt_PT","og_type":"article","og_title":"AF OceanGuard 275 Aquarium - Aquaforest","og_description":"AF275 aquarium set with ultra low-iron glass. Highly efficient filtration system.","og_url":"https:\/\/aquaforest.eu\/pt\/products\/oceanguard-pt\/af-oceanguard-275\/","og_site_name":"Aquaforest","article_publisher":"https:\/\/www.facebook.com\/Aquaforest\/","article_modified_time":"2025-07-14T11:12:49+00:00","og_image":[{"width":1322,"height":1322,"url":"https:\/\/aquaforest.eu\/wp-content\/uploads\/2024\/07\/OceanGuard-2751.jpg","type":"image\/jpeg"}],"twitter_card":"summary_large_image","twitter_misc":{"Tempo estimado de leitura":"2 minutos"},"schema":{"@context":"https:\/\/schema.org","@graph":[{"@type":"WebPage","@id":"https:\/\/aquaforest.eu\/pt\/products\/oceanguard-pt\/af-oceanguard-275\/","url":"https:\/\/aquaforest.eu\/pt\/products\/oceanguard-pt\/af-oceanguard-275\/","name":"AF OceanGuard 275 Aquarium - Aquaforest","isPartOf":{"@id":"https:\/\/aquaforest.eu\/pt\/#website"},"primaryImageOfPage":{"@id":"https:\/\/aquaforest.eu\/pt\/products\/oceanguard-pt\/af-oceanguard-275\/#primaryimage"},"image":{"@id":"https:\/\/aquaforest.eu\/pt\/products\/oceanguard-pt\/af-oceanguard-275\/#primaryimage"},"thumbnailUrl":"https:\/\/aquaforest.eu\/wp-content\/uploads\/2024\/07\/OceanGuard-2751.jpg","datePublished":"2024-07-01T23:29:07+00:00","dateModified":"2025-07-14T11:12:49+00:00","description":"AF275 aquarium set with ultra low-iron glass. Highly efficient filtration system.","breadcrumb":{"@id":"https:\/\/aquaforest.eu\/pt\/products\/oceanguard-pt\/af-oceanguard-275\/#breadcrumb"},"inLanguage":"pt-PT","potentialAction":[{"@type":"ReadAction","target":["https:\/\/aquaforest.eu\/pt\/products\/oceanguard-pt\/af-oceanguard-275\/"]}]},{"@type":"ImageObject","inLanguage":"pt-PT","@id":"https:\/\/aquaforest.eu\/pt\/products\/oceanguard-pt\/af-oceanguard-275\/#primaryimage","url":"https:\/\/aquaforest.eu\/wp-content\/uploads\/2024\/07\/OceanGuard-2751.jpg","contentUrl":"https:\/\/aquaforest.eu\/wp-content\/uploads\/2024\/07\/OceanGuard-2751.jpg","width":1322,"height":1322},{"@type":"BreadcrumbList","@id":"https:\/\/aquaforest.eu\/pt\/products\/oceanguard-pt\/af-oceanguard-275\/#breadcrumb","itemListElement":[{"@type":"ListItem","position":1,"name":"Home","item":"https:\/\/aquaforest.eu\/pt\/"},{"@type":"ListItem","position":2,"name":"Produtos","item":"https:\/\/aquaforest.eu\/pt\/produtos\/"},{"@type":"ListItem","position":3,"name":"AF OceanGuard 275 Aquarium"}]},{"@type":"WebSite","@id":"https:\/\/aquaforest.eu\/pt\/#website","url":"https:\/\/aquaforest.eu\/pt\/","name":"Aquaforest","description":"","publisher":{"@id":"https:\/\/aquaforest.eu\/pt\/#organization"},"potentialAction":[{"@type":"SearchAction","target":{"@type":"EntryPoint","urlTemplate":"https:\/\/aquaforest.eu\/pt\/?s={search_term_string}"},"query-input":{"@type":"PropertyValueSpecification","valueRequired":true,"valueName":"search_term_string"}}],"inLanguage":"pt-PT"},{"@type":"Organization","@id":"https:\/\/aquaforest.eu\/pt\/#organization","name":"Aquaforest","url":"https:\/\/aquaforest.eu\/pt\/","logo":{"@type":"ImageObject","inLanguage":"pt-PT","@id":"https:\/\/aquaforest.eu\/pt\/#\/schema\/logo\/image\/","url":"https:\/\/aquaforest.eu\/wp-content\/uploads\/2024\/05\/logotyp-aquaforest.svg","contentUrl":"https:\/\/aquaforest.eu\/wp-content\/uploads\/2024\/05\/logotyp-aquaforest.svg","width":170,"height":22,"caption":"Aquaforest"},"image":{"@id":"https:\/\/aquaforest.eu\/pt\/#\/schema\/logo\/image\/"},"sameAs":["https:\/\/www.facebook.com\/Aquaforest\/","https:\/\/www.instagram.com\/aquaforest.eu\/"]}]}},"_links":{"self":[{"href":"https:\/\/aquaforest.eu\/pt\/wp-json\/wp\/v2\/product\/23094","targetHints":{"allow":["GET"]}}],"collection":[{"href":"https:\/\/aquaforest.eu\/pt\/wp-json\/wp\/v2\/product"}],"about":[{"href":"https:\/\/aquaforest.eu\/pt\/wp-json\/wp\/v2\/types\/product"}],"version-history":[{"count":2,"href":"https:\/\/aquaforest.eu\/pt\/wp-json\/wp\/v2\/product\/23094\/revisions"}],"predecessor-version":[{"id":23779,"href":"https:\/\/aquaforest.eu\/pt\/wp-json\/wp\/v2\/product\/23094\/revisions\/23779"}],"wp:featuredmedia":[{"embeddable":true,"href":"https:\/\/aquaforest.eu\/pt\/wp-json\/wp\/v2\/media\/23098"}],"wp:attachment":[{"href":"https:\/\/aquaforest.eu\/pt\/wp-json\/wp\/v2\/media?parent=23094"}],"wp:term":[{"taxonomy":"product_brand","embeddable":true,"href":"https:\/\/aquaforest.eu\/pt\/wp-json\/wp\/v2\/product_brand?post=23094"},{"taxonomy":"product_cat","embeddable":true,"href":"https:\/\/aquaforest.eu\/pt\/wp-json\/wp\/v2\/product_cat?post=23094"},{"taxonomy":"product_tag","embeddable":true,"href":"https:\/\/aquaforest.eu\/pt\/wp-json\/wp\/v2\/product_tag?post=23094"}],"curies":[{"name":"wp","href":"https:\/\/api.w.org\/{rel}","templated":true}]}}