{"id":23136,"date":"2024-06-27T03:14:22","date_gmt":"2024-06-27T01:14:22","guid":{"rendered":"https:\/\/aquaforest.eu\/products\/sem%20categoria\/af-vitality\/"},"modified":"2025-07-14T13:49:46","modified_gmt":"2025-07-14T11:49:46","slug":"af-vitality","status":"publish","type":"product","link":"https:\/\/aquaforest.eu\/pt\/products\/seawater-pt\/foods-and-supplementation-pt\/af-vitality\/","title":{"rendered":"AF Vitality"},"content":{"rendered":"<h4 class=\"fusion-responsive-typography-calculated\" data-fontsize=\"22\" data-lineheight=\"27.5px\"><span style=\"color: #000000;\">Mistura \u00fanica de vitaminas para seus corais<\/span><\/h4>\n<p><span style=\"color: #000000;\">AF Vitality \u00e9 um suplemento com uma mistura concentrada de vitaminas para corais. O uso de ozonizadores, carv\u00e3o ativado e skimmers potentes pode levar \u00e0 esteriliza\u00e7\u00e3o da \u00e1gua, causando defici\u00eancia de vitaminas. AF Vitality rep\u00f5e todas as vitaminas essenciais removidas pelo sistema de filtragem em aqu\u00e1rios fechados. Sua f\u00f3rmula exclusiva \u00e9 baseada em vitaminas do complexo B, essenciais para o desenvolvimento adequado dos corais.<br \/>\n<\/span><\/p>\n<p>&nbsp;<\/p>\n<hr \/>\n<h4 data-fontsize=\"22\" data-lineheight=\"27.5px\"><\/h4>\n<h4 class=\"fusion-responsive-typography-calculated\" data-fontsize=\"22\" data-lineheight=\"27.5px\"><span style=\"color: #000000;\">Realce a colora\u00e7\u00e3o e o crescimento dos corais<\/span><\/h4>\n<p><span style=\"color: #000000;\">AF Vitality \u00e9 um conjunto especial de vitaminas criado para garantir a melhor colora\u00e7\u00e3o dos corais. Intensifica as cores e proporciona acesso cont\u00ednuo a vitaminas que melhoram a condi\u00e7\u00e3o dos corais. Cont\u00e9m as vitaminas: A, B1, B2, B6, B12, C, D3, E e K3. Devido \u00e0 sua composi\u00e7\u00e3o especial, proporciona um ambiente est\u00e1vel com par\u00e2metros ideais, garantindo crescimento saud\u00e1vel e alta imunidade dos corais.<\/span><\/p>\n<p>&nbsp;<\/p>\n<hr \/>\n<h4 data-fontsize=\"22\" data-lineheight=\"27.5px\"><\/h4>\n<h4 class=\"fusion-responsive-typography-calculated\" data-fontsize=\"22\" data-lineheight=\"27.5px\"><span style=\"color: #000000;\">AF Vitality \u2013 suporte para o desenvolvimento saud\u00e1vel dos corais<\/span><\/h4>\n<p><span style=\"color: #000000;\"><strong>Dosagem:<\/strong>\u00a01 gota para cada 100 litros de \u00e1gua, em dias alternados, ap\u00f3s apagar a luz. N\u00e3o diluir. N\u00e3o misturar com outros produtos no mesmo recipiente. Pode ser dosado com bomba dosadora, desde que funcione com gotas. Ap\u00f3s aberto, armazenar na geladeira se a temperatura ultrapassar 24\u00b0C.<\/span><\/p>\n<p><span style=\"color: #000000;\"><strong>Vale saber:<\/strong>:A dosagem recomendada para todos os suplementos de coral \u00e9 de 1 gota por 100 litros de \u00e1gua. No entanto, como cada aqu\u00e1rio \u00e9 \u00fanico, recomenda-se iniciar com metade ou at\u00e9 \u00bc da dose e observar a rea\u00e7\u00e3o dos corais. Se n\u00e3o houver sinais de excesso, aumente at\u00e9 a dose total. Para melhor absor\u00e7\u00e3o, corais SPS e LPS devem ser alimentados ap\u00f3s apagar as luzes. Corais como Zoanthus, Ricordea e outros corais moles devem ser alimentados durante o dia. Durante a alimenta\u00e7\u00e3o, recomenda-se desligar o skimmer por cerca de uma hora. A forma\u00e7\u00e3o de sedimento \u00e9 natural e n\u00e3o afeta a qualidade do produto. Agite antes de usar.<\/span><\/p>\n","protected":false},"excerpt":{"rendered":"<p>Suplemento que apoia a sa\u00fade dos corais. Conjunto especial de vitaminas para obter a melhor colora\u00e7\u00e3o.<\/p>\n","protected":false},"featured_media":23137,"template":"","meta":{"_acf_changed":false,"content-type":""},"product_brand":[],"product_cat":[1668],"product_tag":[1671,1669,1652,1658],"class_list":{"0":"post-23136","1":"product","2":"type-product","3":"status-publish","4":"has-post-thumbnail","6":"product_cat-foods-and-supplementation-pt","7":"product_tag-aquaforest-pt","8":"product_tag-foods-and-supplementation-pt","9":"product_tag-seawater-aquatic-pt","10":"product_tag-variable-pt","12":"first","13":"instock","14":"taxable","15":"shipping-taxable","16":"purchasable","17":"product-type-variable","18":"has-default-attributes"},"acf":[],"yoast_head":"<!-- This site is optimized with the Yoast SEO plugin v27.1.1 - https:\/\/yoast.com\/product\/yoast-seo-wordpress\/ -->\n<title>AF Vitality - Aquaforest<\/title>\n<meta name=\"description\" content=\"AF Vitality by Aquaforest: comprehensive supplement supporting coral health. Reliable formula enriched with vitamins and minerals for optimal development and immunity.\" \/>\n<meta name=\"robots\" content=\"index, follow, max-snippet:-1, max-image-preview:large, max-video-preview:-1\" \/>\n<link rel=\"canonical\" href=\"https:\/\/aquaforest.eu\/pt\/products\/seawater-pt\/foods-and-supplementation-pt\/af-vitality\/\" \/>\n<meta property=\"og:locale\" content=\"pt_PT\" \/>\n<meta property=\"og:type\" content=\"article\" \/>\n<meta property=\"og:title\" content=\"AF Vitality - Aquaforest\" \/>\n<meta property=\"og:description\" content=\"AF Vitality by Aquaforest: comprehensive supplement supporting coral health. Reliable formula enriched with vitamins and minerals for optimal development and immunity.\" \/>\n<meta property=\"og:url\" content=\"https:\/\/aquaforest.eu\/pt\/products\/seawater-pt\/foods-and-supplementation-pt\/af-vitality\/\" \/>\n<meta property=\"og:site_name\" content=\"Aquaforest\" \/>\n<meta property=\"article:publisher\" content=\"https:\/\/www.facebook.com\/Aquaforest\/\" \/>\n<meta property=\"article:modified_time\" content=\"2025-07-14T11:49:46+00:00\" \/>\n<meta property=\"og:image\" content=\"https:\/\/aquaforest.eu\/wp-content\/uploads\/2024\/06\/AF-Vitality-10-ml.png\" \/>\n\t<meta property=\"og:image:width\" content=\"277\" \/>\n\t<meta property=\"og:image:height\" content=\"600\" \/>\n\t<meta property=\"og:image:type\" content=\"image\/png\" \/>\n<meta name=\"twitter:card\" content=\"summary_large_image\" \/>\n<meta name=\"twitter:label1\" content=\"Tempo estimado de leitura\" \/>\n\t<meta name=\"twitter:data1\" content=\"2 minutos\" \/>\n<script type=\"application\/ld+json\" class=\"yoast-schema-graph\">{\"@context\":\"https:\/\/schema.org\",\"@graph\":[{\"@type\":\"WebPage\",\"@id\":\"https:\/\/aquaforest.eu\/pt\/products\/seawater-pt\/foods-and-supplementation-pt\/af-vitality\/\",\"url\":\"https:\/\/aquaforest.eu\/pt\/products\/seawater-pt\/foods-and-supplementation-pt\/af-vitality\/\",\"name\":\"AF Vitality - Aquaforest\",\"isPartOf\":{\"@id\":\"https:\/\/aquaforest.eu\/pt\/#website\"},\"primaryImageOfPage\":{\"@id\":\"https:\/\/aquaforest.eu\/pt\/products\/seawater-pt\/foods-and-supplementation-pt\/af-vitality\/#primaryimage\"},\"image\":{\"@id\":\"https:\/\/aquaforest.eu\/pt\/products\/seawater-pt\/foods-and-supplementation-pt\/af-vitality\/#primaryimage\"},\"thumbnailUrl\":\"https:\/\/aquaforest.eu\/wp-content\/uploads\/2024\/06\/AF-Vitality-10-ml.png\",\"datePublished\":\"2024-06-27T01:14:22+00:00\",\"dateModified\":\"2025-07-14T11:49:46+00:00\",\"description\":\"AF Vitality by Aquaforest: comprehensive supplement supporting coral health. Reliable formula enriched with vitamins and minerals for optimal development and immunity.\",\"breadcrumb\":{\"@id\":\"https:\/\/aquaforest.eu\/pt\/products\/seawater-pt\/foods-and-supplementation-pt\/af-vitality\/#breadcrumb\"},\"inLanguage\":\"pt-PT\",\"potentialAction\":[{\"@type\":\"ReadAction\",\"target\":[\"https:\/\/aquaforest.eu\/pt\/products\/seawater-pt\/foods-and-supplementation-pt\/af-vitality\/\"]}]},{\"@type\":\"ImageObject\",\"inLanguage\":\"pt-PT\",\"@id\":\"https:\/\/aquaforest.eu\/pt\/products\/seawater-pt\/foods-and-supplementation-pt\/af-vitality\/#primaryimage\",\"url\":\"https:\/\/aquaforest.eu\/wp-content\/uploads\/2024\/06\/AF-Vitality-10-ml.png\",\"contentUrl\":\"https:\/\/aquaforest.eu\/wp-content\/uploads\/2024\/06\/AF-Vitality-10-ml.png\",\"width\":277,\"height\":600},{\"@type\":\"BreadcrumbList\",\"@id\":\"https:\/\/aquaforest.eu\/pt\/products\/seawater-pt\/foods-and-supplementation-pt\/af-vitality\/#breadcrumb\",\"itemListElement\":[{\"@type\":\"ListItem\",\"position\":1,\"name\":\"Home\",\"item\":\"https:\/\/aquaforest.eu\/pt\/\"},{\"@type\":\"ListItem\",\"position\":2,\"name\":\"Produtos\",\"item\":\"https:\/\/aquaforest.eu\/pt\/produtos\/\"},{\"@type\":\"ListItem\",\"position\":3,\"name\":\"AF Vitality\"}]},{\"@type\":\"WebSite\",\"@id\":\"https:\/\/aquaforest.eu\/pt\/#website\",\"url\":\"https:\/\/aquaforest.eu\/pt\/\",\"name\":\"Aquaforest\",\"description\":\"\",\"publisher\":{\"@id\":\"https:\/\/aquaforest.eu\/pt\/#organization\"},\"potentialAction\":[{\"@type\":\"SearchAction\",\"target\":{\"@type\":\"EntryPoint\",\"urlTemplate\":\"https:\/\/aquaforest.eu\/pt\/?s={search_term_string}\"},\"query-input\":{\"@type\":\"PropertyValueSpecification\",\"valueRequired\":true,\"valueName\":\"search_term_string\"}}],\"inLanguage\":\"pt-PT\"},{\"@type\":\"Organization\",\"@id\":\"https:\/\/aquaforest.eu\/pt\/#organization\",\"name\":\"Aquaforest\",\"url\":\"https:\/\/aquaforest.eu\/pt\/\",\"logo\":{\"@type\":\"ImageObject\",\"inLanguage\":\"pt-PT\",\"@id\":\"https:\/\/aquaforest.eu\/pt\/#\/schema\/logo\/image\/\",\"url\":\"https:\/\/aquaforest.eu\/wp-content\/uploads\/2024\/05\/logotyp-aquaforest.svg\",\"contentUrl\":\"https:\/\/aquaforest.eu\/wp-content\/uploads\/2024\/05\/logotyp-aquaforest.svg\",\"width\":170,\"height\":22,\"caption\":\"Aquaforest\"},\"image\":{\"@id\":\"https:\/\/aquaforest.eu\/pt\/#\/schema\/logo\/image\/\"},\"sameAs\":[\"https:\/\/www.facebook.com\/Aquaforest\/\",\"https:\/\/www.instagram.com\/aquaforest.eu\/\"]}]}<\/script>\n<!-- \/ Yoast SEO plugin. -->","yoast_head_json":{"title":"AF Vitality - Aquaforest","description":"AF Vitality by Aquaforest: comprehensive supplement supporting coral health. Reliable formula enriched with vitamins and minerals for optimal development and immunity.","robots":{"index":"index","follow":"follow","max-snippet":"max-snippet:-1","max-image-preview":"max-image-preview:large","max-video-preview":"max-video-preview:-1"},"canonical":"https:\/\/aquaforest.eu\/pt\/products\/seawater-pt\/foods-and-supplementation-pt\/af-vitality\/","og_locale":"pt_PT","og_type":"article","og_title":"AF Vitality - Aquaforest","og_description":"AF Vitality by Aquaforest: comprehensive supplement supporting coral health. Reliable formula enriched with vitamins and minerals for optimal development and immunity.","og_url":"https:\/\/aquaforest.eu\/pt\/products\/seawater-pt\/foods-and-supplementation-pt\/af-vitality\/","og_site_name":"Aquaforest","article_publisher":"https:\/\/www.facebook.com\/Aquaforest\/","article_modified_time":"2025-07-14T11:49:46+00:00","og_image":[{"width":277,"height":600,"url":"https:\/\/aquaforest.eu\/wp-content\/uploads\/2024\/06\/AF-Vitality-10-ml.png","type":"image\/png"}],"twitter_card":"summary_large_image","twitter_misc":{"Tempo estimado de leitura":"2 minutos"},"schema":{"@context":"https:\/\/schema.org","@graph":[{"@type":"WebPage","@id":"https:\/\/aquaforest.eu\/pt\/products\/seawater-pt\/foods-and-supplementation-pt\/af-vitality\/","url":"https:\/\/aquaforest.eu\/pt\/products\/seawater-pt\/foods-and-supplementation-pt\/af-vitality\/","name":"AF Vitality - Aquaforest","isPartOf":{"@id":"https:\/\/aquaforest.eu\/pt\/#website"},"primaryImageOfPage":{"@id":"https:\/\/aquaforest.eu\/pt\/products\/seawater-pt\/foods-and-supplementation-pt\/af-vitality\/#primaryimage"},"image":{"@id":"https:\/\/aquaforest.eu\/pt\/products\/seawater-pt\/foods-and-supplementation-pt\/af-vitality\/#primaryimage"},"thumbnailUrl":"https:\/\/aquaforest.eu\/wp-content\/uploads\/2024\/06\/AF-Vitality-10-ml.png","datePublished":"2024-06-27T01:14:22+00:00","dateModified":"2025-07-14T11:49:46+00:00","description":"AF Vitality by Aquaforest: comprehensive supplement supporting coral health. Reliable formula enriched with vitamins and minerals for optimal development and immunity.","breadcrumb":{"@id":"https:\/\/aquaforest.eu\/pt\/products\/seawater-pt\/foods-and-supplementation-pt\/af-vitality\/#breadcrumb"},"inLanguage":"pt-PT","potentialAction":[{"@type":"ReadAction","target":["https:\/\/aquaforest.eu\/pt\/products\/seawater-pt\/foods-and-supplementation-pt\/af-vitality\/"]}]},{"@type":"ImageObject","inLanguage":"pt-PT","@id":"https:\/\/aquaforest.eu\/pt\/products\/seawater-pt\/foods-and-supplementation-pt\/af-vitality\/#primaryimage","url":"https:\/\/aquaforest.eu\/wp-content\/uploads\/2024\/06\/AF-Vitality-10-ml.png","contentUrl":"https:\/\/aquaforest.eu\/wp-content\/uploads\/2024\/06\/AF-Vitality-10-ml.png","width":277,"height":600},{"@type":"BreadcrumbList","@id":"https:\/\/aquaforest.eu\/pt\/products\/seawater-pt\/foods-and-supplementation-pt\/af-vitality\/#breadcrumb","itemListElement":[{"@type":"ListItem","position":1,"name":"Home","item":"https:\/\/aquaforest.eu\/pt\/"},{"@type":"ListItem","position":2,"name":"Produtos","item":"https:\/\/aquaforest.eu\/pt\/produtos\/"},{"@type":"ListItem","position":3,"name":"AF Vitality"}]},{"@type":"WebSite","@id":"https:\/\/aquaforest.eu\/pt\/#website","url":"https:\/\/aquaforest.eu\/pt\/","name":"Aquaforest","description":"","publisher":{"@id":"https:\/\/aquaforest.eu\/pt\/#organization"},"potentialAction":[{"@type":"SearchAction","target":{"@type":"EntryPoint","urlTemplate":"https:\/\/aquaforest.eu\/pt\/?s={search_term_string}"},"query-input":{"@type":"PropertyValueSpecification","valueRequired":true,"valueName":"search_term_string"}}],"inLanguage":"pt-PT"},{"@type":"Organization","@id":"https:\/\/aquaforest.eu\/pt\/#organization","name":"Aquaforest","url":"https:\/\/aquaforest.eu\/pt\/","logo":{"@type":"ImageObject","inLanguage":"pt-PT","@id":"https:\/\/aquaforest.eu\/pt\/#\/schema\/logo\/image\/","url":"https:\/\/aquaforest.eu\/wp-content\/uploads\/2024\/05\/logotyp-aquaforest.svg","contentUrl":"https:\/\/aquaforest.eu\/wp-content\/uploads\/2024\/05\/logotyp-aquaforest.svg","width":170,"height":22,"caption":"Aquaforest"},"image":{"@id":"https:\/\/aquaforest.eu\/pt\/#\/schema\/logo\/image\/"},"sameAs":["https:\/\/www.facebook.com\/Aquaforest\/","https:\/\/www.instagram.com\/aquaforest.eu\/"]}]}},"_links":{"self":[{"href":"https:\/\/aquaforest.eu\/pt\/wp-json\/wp\/v2\/product\/23136","targetHints":{"allow":["GET"]}}],"collection":[{"href":"https:\/\/aquaforest.eu\/pt\/wp-json\/wp\/v2\/product"}],"about":[{"href":"https:\/\/aquaforest.eu\/pt\/wp-json\/wp\/v2\/types\/product"}],"version-history":[{"count":2,"href":"https:\/\/aquaforest.eu\/pt\/wp-json\/wp\/v2\/product\/23136\/revisions"}],"predecessor-version":[{"id":23885,"href":"https:\/\/aquaforest.eu\/pt\/wp-json\/wp\/v2\/product\/23136\/revisions\/23885"}],"wp:featuredmedia":[{"embeddable":true,"href":"https:\/\/aquaforest.eu\/pt\/wp-json\/wp\/v2\/media\/23137"}],"wp:attachment":[{"href":"https:\/\/aquaforest.eu\/pt\/wp-json\/wp\/v2\/media?parent=23136"}],"wp:term":[{"taxonomy":"product_brand","embeddable":true,"href":"https:\/\/aquaforest.eu\/pt\/wp-json\/wp\/v2\/product_brand?post=23136"},{"taxonomy":"product_cat","embeddable":true,"href":"https:\/\/aquaforest.eu\/pt\/wp-json\/wp\/v2\/product_cat?post=23136"},{"taxonomy":"product_tag","embeddable":true,"href":"https:\/\/aquaforest.eu\/pt\/wp-json\/wp\/v2\/product_tag?post=23136"}],"curies":[{"name":"wp","href":"https:\/\/api.w.org\/{rel}","templated":true}]}}